{"id":172302,"date":"2025-03-29T21:21:11","date_gmt":"2025-03-30T01:21:11","guid":{"rendered":"https:\/\/stgcsunitec.wpenginepowered.com\/garantia-y-registro-del-producto\/"},"modified":"2026-05-01T07:00:44","modified_gmt":"2026-05-01T11:00:44","slug":"garantia-y-registro-del-producto","status":"publish","type":"page","link":"https:\/\/csunitec.com\/es\/recursos\/garantia-y-registro-del-producto\/","title":{"rendered":"Garant\u00eda y registro del producto"},"content":{"rendered":"<div class=\"wpb-content-wrapper\"><p>[vc_row][vc_column][vc_column_text uncode_shortcode_id=\u00bb264169&#8243;]<\/p>\n<div class=\"panel-pane pane-page-title col-inner\"><\/div>\n<div class=\"panel-pane pane-node-content col-inner\">\n<div id=\"node-496\" class=\"node node-page node-promoted node-full clearfix\">\n<div class=\"node-content\">\n<div class=\"content-description\">\n<h2>CS Unitec, Inc. Garant\u00eda limitada de herramientas el\u00e9ctricas<\/h2>\n<p><span style=\"font-weight: 400;\">CS Unitec, Inc. (\u00abVendedor\u00bb) garantiza \u00fanicamente al comprador original que todas las herramientas el\u00e9ctricas port\u00e1tiles de CS Unitec estar\u00e1n libres de defectos de materiales o mano de obra durante un periodo de un a\u00f1o a partir de la fecha de compra, todas las herramientas neum\u00e1ticas e hidr\u00e1ulicas port\u00e1tiles durante un periodo de seis meses a partir de la fecha de compra y las herramientas dise\u00f1adas para uso subacu\u00e1tico durante un periodo de 30 d\u00edas a partir de la fecha de compra. LA \u00daNICA OBLIGACI\u00d3N DEL VENDEDOR Y SU RECURSO EXCLUSIVO en virtud de esta Garant\u00eda limitada y, en la medida en que lo permita la ley, cualquier garant\u00eda o condici\u00f3n impl\u00edcita por ley, ser\u00e1 la reparaci\u00f3n o sustituci\u00f3n de las piezas, sin cargo alguno, que presenten defectos de materiales o mano de obra y que no hayan sido objeto de un uso indebido, una manipulaci\u00f3n descuidada o una reparaci\u00f3n incorrecta por parte de personas ajenas al Vendedor o a un Centro de servicio autorizado. Para presentar una reclamaci\u00f3n en virtud de esta Garant\u00eda Limitada, debes devolver el producto herramienta el\u00e9ctrica port\u00e1til completo, con el transporte pagado, a CS Unitec, Inc. o a un Servicio T\u00e9cnico Autorizado para su evaluaci\u00f3n.<\/span> <a href=\"https:\/\/csunitec.com\/es\/recursos\/centros-de-servicio\/\">Consulta la lista de Centros de Servicio Autorizados CS Unitec, Inc. Estaciones de Servicio de Herramientas El\u00e9ctricas. <\/a><\/p>\n<p><span style=\"font-weight: 400;\">Las garant\u00edas limitadas de un a\u00f1o y seis meses no se aplican a las herramientas utilizadas bajo el agua. Las herramientas hidr\u00e1ulicas y neum\u00e1ticas dise\u00f1adas para uso subacu\u00e1tico est\u00e1n cubiertas por una garant\u00eda limitada de 30 d\u00edas contra defectos de materiales y mano de obra. La garant\u00eda no cubre el uso indebido ni el abuso. NOTA: Solo las herramientas designadas por escrito para su uso subacu\u00e1tico est\u00e1n cubiertas por esta garant\u00eda. Cualquier herramienta no designada para uso subacu\u00e1tico que se utilice bajo el agua anular\u00e1 la garant\u00eda.<\/span><\/p>\n<p>PRECAUCI\u00d3N: Por razones de seguridad, las herramientas el\u00e9ctricas nunca deben utilizarse bajo el agua.<\/p>\n<p><span style=\"font-weight: 400;\">Esta garant\u00eda limitada no se aplica a accesorios como hojas de sierra, brocas, bandas de lijado, muelas abrasivas y otros art\u00edculos relacionados.<\/span><\/p>\n<p><span style=\"font-weight: 400;\">Cualquier garant\u00eda impl\u00edcita estar\u00e1 limitada en duraci\u00f3n a un a\u00f1o a partir de la fecha de compra para las herramientas el\u00e9ctricas y a seis meses para las herramientas neum\u00e1ticas e hidr\u00e1ulicas (30 d\u00edas para las herramientas dise\u00f1adas para uso subacu\u00e1tico). Algunos estados de EE. UU. y algunas provincias canadienses no permiten limitaciones sobre la duraci\u00f3n de una garant\u00eda impl\u00edcita, por lo que es posible que la limitaci\u00f3n anterior no se aplique en su caso.<\/span><\/p>\n<p><span style=\"font-weight: 400;\">En ning\u00fan caso el vendedor ser\u00e1 responsable de ning\u00fan da\u00f1o incidental o consecuente (incluyendo, entre otros, la responsabilidad por p\u00e9rdida de beneficios) derivado de la venta o el uso de este producto. Algunos estados de EE. UU. y algunas provincias canadienses no permiten la exclusi\u00f3n o limitaci\u00f3n de da\u00f1os incidentales o consecuentes, por lo que es posible que la limitaci\u00f3n o exclusi\u00f3n anterior no se aplique en su caso.<\/span><\/p>\n<p><span style=\"font-weight: 400;\">Esta garant\u00eda limitada le otorga derechos legales espec\u00edficos, y usted tambi\u00e9n puede tener otros derechos, que var\u00edan de un estado a otro en EE. UU., de una provincia a otra en Canad\u00e1 y de un pa\u00eds a otro.<\/span><\/p>\n<p><span style=\"font-weight: 400;\">Esta garant\u00eda limitada se aplica \u00fanicamente a las herramientas port\u00e1tiles vendidas en los Estados Unidos de Am\u00e9rica, Canad\u00e1 y la Mancomunidad de Puerto Rico. Para obtener cobertura de garant\u00eda en otros pa\u00edses, p\u00f3ngase en contacto con su distribuidor o importador local de CS Unitec.<\/span><\/p>\n<p><span style=\"font-weight: 400;\">Al enviar <\/span><a href=\"https:\/\/old.csunitec.com\/sites\/default\/files\/asset\/document\/csu-201405-warranty_card.pdf\" target=\"_blank\" rel=\"noopener\" type=\"application\/pdf; length=181773\">la Tarjeta de registro de la garant\u00eda de<\/a> <span style=\"font-weight: 400;\">CS Unitec<\/span>(PDF) <span style=\"font-weight: 400;\">o cumplimentar el formulario de garant\u00eda, reconoces que has le\u00eddo y comprendido la Garant\u00eda limitada de herramientas el\u00e9ctricas de CS Unitec.<\/span><\/p>\n<h2>CS Unitec, Inc. Garant\u00eda de herramientas de seguridad<\/h2>\n<p><span style=\"font-weight: 400;\">Todas las herramientas de seguridad de CS Unitec est\u00e1n respaldadas por una garant\u00eda de por vida contra defectos de materiales y mano de obra. Si alguna herramienta de seguridad de CS Unitec se rompe o no funciona en condiciones normales de uso o servicio, ser\u00e1 reparada o sustituida sin cargo alguno. Cualquier uso indebido, abuso o desgaste normal por el uso no est\u00e1 cubierto por esta garant\u00eda.<\/span><\/p>\n<\/div>\n<\/div>\n<\/div>\n<\/div>\n<p>[\/vc_column_text][\/vc_column][\/vc_row]<\/p>\n<\/div>","protected":false},"excerpt":{"rendered":"<p>[vc_row][vc_column][vc_column_text uncode_shortcode_id=\u00bb264169&#8243;] CS Unitec, Inc. Garant\u00eda limitada de herramientas el\u00e9ctricas CS Unitec, Inc. (\u00abVendedor\u00bb) garantiza \u00fanicamente al comprador original que [&hellip;]<\/p>\n","protected":false},"author":2,"featured_media":0,"parent":172702,"menu_order":0,"comment_status":"closed","ping_status":"closed","template":"","meta":{"footnotes":""},"class_list":["post-172302","page","type-page","status-publish","hentry"],"yoast_head":"<!-- This site is optimized with the Yoast SEO plugin v27.5 - https:\/\/yoast.com\/product\/yoast-seo-wordpress\/ -->\n<title>Garant\u00eda y registro del producto - CS Unitec<\/title>\n<meta name=\"description\" content=\"Ver para acceder a los detalles sobre la Garant\u00eda de Producto y Registro de CS Unitec. Se aplican diferentes garant\u00edas en funci\u00f3n de la herramienta seleccionada.\" \/>\n<meta name=\"robots\" content=\"index, follow, max-snippet:-1, max-image-preview:large, max-video-preview:-1\" \/>\n<link rel=\"canonical\" href=\"https:\/\/csunitec.com\/es\/recursos\/garantia-y-registro-del-producto\/\" \/>\n<meta property=\"og:locale\" content=\"es_ES\" \/>\n<meta property=\"og:type\" content=\"article\" \/>\n<meta property=\"og:title\" content=\"Garant\u00eda y registro del producto - CS Unitec\" \/>\n<meta property=\"og:description\" content=\"Ver para acceder a los detalles sobre la Garant\u00eda de Producto y Registro de CS Unitec. Se aplican diferentes garant\u00edas en funci\u00f3n de la herramienta seleccionada.\" \/>\n<meta property=\"og:url\" content=\"https:\/\/csunitec.com\/es\/recursos\/garantia-y-registro-del-producto\/\" \/>\n<meta property=\"og:site_name\" content=\"CS Unitec\" \/>\n<meta property=\"article:modified_time\" content=\"2026-05-01T11:00:44+00:00\" \/>\n<meta property=\"og:image\" content=\"https:\/\/csunitec.com\/wp-content\/uploads\/2025\/04\/Metal-grinder.jpg\" \/>\n\t<meta property=\"og:image:width\" content=\"1000\" \/>\n\t<meta property=\"og:image:height\" content=\"1000\" \/>\n\t<meta property=\"og:image:type\" content=\"image\/jpeg\" \/>\n<meta name=\"twitter:card\" content=\"summary_large_image\" \/>\n<meta name=\"twitter:label1\" content=\"Tiempo de lectura\" \/>\n\t<meta name=\"twitter:data1\" content=\"4 minutos\" \/>\n<script type=\"application\/ld+json\" class=\"yoast-schema-graph\">{\"@context\":\"https:\\\/\\\/schema.org\",\"@graph\":[{\"@type\":\"WebPage\",\"@id\":\"https:\\\/\\\/csunitec.com\\\/es\\\/recursos\\\/garantia-y-registro-del-producto\\\/\",\"url\":\"https:\\\/\\\/csunitec.com\\\/es\\\/recursos\\\/garantia-y-registro-del-producto\\\/\",\"name\":\"Garant\u00eda y registro del producto - CS Unitec\",\"isPartOf\":{\"@id\":\"https:\\\/\\\/csunitec.com\\\/es\\\/#website\"},\"datePublished\":\"2025-03-30T01:21:11+00:00\",\"dateModified\":\"2026-05-01T11:00:44+00:00\",\"description\":\"Ver para acceder a los detalles sobre la Garant\u00eda de Producto y Registro de CS Unitec. Se aplican diferentes garant\u00edas en funci\u00f3n de la herramienta seleccionada.\",\"breadcrumb\":{\"@id\":\"https:\\\/\\\/csunitec.com\\\/es\\\/recursos\\\/garantia-y-registro-del-producto\\\/#breadcrumb\"},\"inLanguage\":\"es\",\"potentialAction\":[{\"@type\":\"ReadAction\",\"target\":[\"https:\\\/\\\/csunitec.com\\\/es\\\/recursos\\\/garantia-y-registro-del-producto\\\/\"]}]},{\"@type\":\"BreadcrumbList\",\"@id\":\"https:\\\/\\\/csunitec.com\\\/es\\\/recursos\\\/garantia-y-registro-del-producto\\\/#breadcrumb\",\"itemListElement\":[{\"@type\":\"ListItem\",\"position\":1,\"name\":\"Inicio\",\"item\":\"https:\\\/\\\/csunitec.com\\\/es\\\/\"},{\"@type\":\"ListItem\",\"position\":2,\"name\":\"Recursos\",\"item\":\"https:\\\/\\\/csunitec.com\\\/es\\\/recursos\\\/\"},{\"@type\":\"ListItem\",\"position\":3,\"name\":\"Garant\u00eda y registro del producto\"}]},{\"@type\":\"WebSite\",\"@id\":\"https:\\\/\\\/csunitec.com\\\/es\\\/#website\",\"url\":\"https:\\\/\\\/csunitec.com\\\/es\\\/\",\"name\":\"CS Unitec\",\"description\":\"\",\"potentialAction\":[{\"@type\":\"SearchAction\",\"target\":{\"@type\":\"EntryPoint\",\"urlTemplate\":\"https:\\\/\\\/csunitec.com\\\/es\\\/?s={search_term_string}\"},\"query-input\":{\"@type\":\"PropertyValueSpecification\",\"valueRequired\":true,\"valueName\":\"search_term_string\"}}],\"inLanguage\":\"es\"}]}<\/script>\n<!-- \/ Yoast SEO plugin. -->","yoast_head_json":{"title":"Garant\u00eda y registro del producto - CS Unitec","description":"Ver para acceder a los detalles sobre la Garant\u00eda de Producto y Registro de CS Unitec. Se aplican diferentes garant\u00edas en funci\u00f3n de la herramienta seleccionada.","robots":{"index":"index","follow":"follow","max-snippet":"max-snippet:-1","max-image-preview":"max-image-preview:large","max-video-preview":"max-video-preview:-1"},"canonical":"https:\/\/csunitec.com\/es\/recursos\/garantia-y-registro-del-producto\/","og_locale":"es_ES","og_type":"article","og_title":"Garant\u00eda y registro del producto - CS Unitec","og_description":"Ver para acceder a los detalles sobre la Garant\u00eda de Producto y Registro de CS Unitec. Se aplican diferentes garant\u00edas en funci\u00f3n de la herramienta seleccionada.","og_url":"https:\/\/csunitec.com\/es\/recursos\/garantia-y-registro-del-producto\/","og_site_name":"CS Unitec","article_modified_time":"2026-05-01T11:00:44+00:00","og_image":[{"width":1000,"height":1000,"url":"https:\/\/csunitec.com\/wp-content\/uploads\/2025\/04\/Metal-grinder.jpg","type":"image\/jpeg"}],"twitter_card":"summary_large_image","twitter_misc":{"Tiempo de lectura":"4 minutos"},"schema":{"@context":"https:\/\/schema.org","@graph":[{"@type":"WebPage","@id":"https:\/\/csunitec.com\/es\/recursos\/garantia-y-registro-del-producto\/","url":"https:\/\/csunitec.com\/es\/recursos\/garantia-y-registro-del-producto\/","name":"Garant\u00eda y registro del producto - CS Unitec","isPartOf":{"@id":"https:\/\/csunitec.com\/es\/#website"},"datePublished":"2025-03-30T01:21:11+00:00","dateModified":"2026-05-01T11:00:44+00:00","description":"Ver para acceder a los detalles sobre la Garant\u00eda de Producto y Registro de CS Unitec. Se aplican diferentes garant\u00edas en funci\u00f3n de la herramienta seleccionada.","breadcrumb":{"@id":"https:\/\/csunitec.com\/es\/recursos\/garantia-y-registro-del-producto\/#breadcrumb"},"inLanguage":"es","potentialAction":[{"@type":"ReadAction","target":["https:\/\/csunitec.com\/es\/recursos\/garantia-y-registro-del-producto\/"]}]},{"@type":"BreadcrumbList","@id":"https:\/\/csunitec.com\/es\/recursos\/garantia-y-registro-del-producto\/#breadcrumb","itemListElement":[{"@type":"ListItem","position":1,"name":"Inicio","item":"https:\/\/csunitec.com\/es\/"},{"@type":"ListItem","position":2,"name":"Recursos","item":"https:\/\/csunitec.com\/es\/recursos\/"},{"@type":"ListItem","position":3,"name":"Garant\u00eda y registro del producto"}]},{"@type":"WebSite","@id":"https:\/\/csunitec.com\/es\/#website","url":"https:\/\/csunitec.com\/es\/","name":"CS Unitec","description":"","potentialAction":[{"@type":"SearchAction","target":{"@type":"EntryPoint","urlTemplate":"https:\/\/csunitec.com\/es\/?s={search_term_string}"},"query-input":{"@type":"PropertyValueSpecification","valueRequired":true,"valueName":"search_term_string"}}],"inLanguage":"es"}]}},"_links":{"self":[{"href":"https:\/\/csunitec.com\/es\/wp-json\/wp\/v2\/pages\/172302","targetHints":{"allow":["GET"]}}],"collection":[{"href":"https:\/\/csunitec.com\/es\/wp-json\/wp\/v2\/pages"}],"about":[{"href":"https:\/\/csunitec.com\/es\/wp-json\/wp\/v2\/types\/page"}],"author":[{"embeddable":true,"href":"https:\/\/csunitec.com\/es\/wp-json\/wp\/v2\/users\/2"}],"replies":[{"embeddable":true,"href":"https:\/\/csunitec.com\/es\/wp-json\/wp\/v2\/comments?post=172302"}],"version-history":[{"count":0,"href":"https:\/\/csunitec.com\/es\/wp-json\/wp\/v2\/pages\/172302\/revisions"}],"up":[{"embeddable":true,"href":"https:\/\/csunitec.com\/es\/wp-json\/wp\/v2\/pages\/172702"}],"wp:attachment":[{"href":"https:\/\/csunitec.com\/es\/wp-json\/wp\/v2\/media?parent=172302"}],"curies":[{"name":"wp","href":"https:\/\/api.w.org\/{rel}","templated":true}]}}