{"id":172314,"date":"2025-09-08T23:36:40","date_gmt":"2025-09-09T03:36:40","guid":{"rendered":"https:\/\/stgcsunitec.wpenginepowered.com\/accionamientos-y-motores\/"},"modified":"2026-04-26T18:10:51","modified_gmt":"2026-04-26T22:10:51","slug":"accionamientos-y-motores","status":"publish","type":"page","link":"https:\/\/csunitec.com\/es\/productos\/accionamientos-y-motores\/","title":{"rendered":"Accionamientos y motores"},"content":{"rendered":"<div class=\"wpb-content-wrapper\"><p>[vc_row row_height_percent=\u00bb0&#8243; override_padding=\u00bbyes\u00bb h_padding=\u00bb2&#8243; top_padding=\u00bb3&#8243; bottom_padding=\u00bb2&#8243; overlay_alpha=\u00bb50&#8243; gutter_size=\u00bb3&#8243; column_width_percent=\u00bb100&#8243; shift_y=\u00bb0&#8243; z_index=\u00bb0&#8243; content_parallax=\u00bb0&#8243; uncode_shortcode_id=\u00bb944196&#8243;][vc_column column_width_percent=\u00bb100&#8243; gutter_size=\u00bb2&#8243; overlay_alpha=\u00bb50&#8243; shift_x=\u00bb0&#8243; shift_y=\u00bb0&#8243; shift_y_down=\u00bb0&#8243; z_index=\u00bb0&#8243; medium_width=\u00bb0&#8243; mobile_width=\u00bb0&#8243; width=\u00bb2\/3&#8243; uncode_shortcode_id=\u00bb286854&#8243;][vc_custom_heading text_color=\u00bbcolor-901489&#8243; heading_semantic=\u00bbh3&#8243; text_size=\u00bbh3&#8243; text_weight=\u00bb500&#8243; uncode_shortcode_id=\u00bb154974&#8243; text_color_type=\u00bbuncode-palette\u00bb]Accionamientos y motores el\u00e9ctricos, neum\u00e1ticos e hidr\u00e1ulicos de alta resistencia[\/vc_custom_heading][vc_custom_heading heading_semantic=\u00bbp\u00bb text_size=\u00bbcustom\u00bb text_weight=\u00bb400&#8243; uncode_shortcode_id=\u00bb747968&#8243; heading_custom_size=\u00bb16&#8243;]CS Unitec ofrece una amplia gama de taladros y motores de taladro de alto par dise\u00f1ados para aplicaciones industriales exigentes. Disponibles en potencia el\u00e9ctrica, neum\u00e1tica e hidr\u00e1ulica, nuestros motores proporcionan un par constante, un control preciso de la velocidad y una durabilidad excepcional en entornos dif\u00edciles. Dise\u00f1ados para aplicaciones industriales de metalurgia, fabricaci\u00f3n, mantenimiento y operaciones de producci\u00f3n. Certificados ATEX<img decoding=\"async\" class=\"\" style=\"height: 1em; vertical-align: middle; margin-right: 6px;\" src=\"https:\/\/csunitec.com\/wp-content\/uploads\/2026\/03\/ATEX-Logo-yellow.png\" alt=\"Logotipo ATEX\" loading=\"lazy\">en determinados modelos.[\/vc_custom_heading][vc_custom_heading heading_semantic=\u00bbdiv\u00bb text_size=\u00bbcustom\u00bb text_weight=\u00bb400&#8243; uncode_shortcode_id=\u00bb195091&#8243; heading_custom_size=\u00bb16&#8243;]<\/p>\n<ul>\n<li><strong>Ideales para taladrar, escariar, roscar y machihembrar acero<\/strong><\/li>\n<li><strong>Las aplicaciones de accionamiento OEM incluyen: fresado, mandrinado de barras, biselado de tubos, roscado de tubos y torneado de v\u00e1lvulas<\/strong><\/li>\n<li><strong>Perfectos para el laminado y la expansi\u00f3n de tubos en calderas de tubos de humo y de tubos de agua<\/strong><\/li>\n<li><strong>Portabrocas con engranaje y pernos c\u00f3nicos disponibles<\/strong><\/li>\n<li><strong>Embrague mec\u00e1nico de seguridad en herramientas seleccionadas para proteger al operario<\/strong><\/li>\n<li><strong>Motores reversibles y control electr\u00f3nico del par en modelos seleccionados<\/strong><\/li>\n<li><strong>Motores OEM especiales disponibles bajo pedido<\/strong><\/li>\n<\/ul>\n<p>[\/vc_custom_heading][\/vc_column][vc_column column_width_percent=\u00bb100&#8243; gutter_size=\u00bb3&#8243; overlay_alpha=\u00bb50&#8243; shift_x=\u00bb0&#8243; shift_y=\u00bb0&#8243; shift_y_down=\u00bb0&#8243; z_index=\u00bb0&#8243; medium_width=\u00bb0&#8243; mobile_visibility=\u00bbyes\u00bb mobile_width=\u00bb0&#8243; width=\u00bb1\/3&#8243; uncode_shortcode_id=\u00bb128064&#8243;][vc_single_image media=\u00bb177165&#8243; media_width_percent=\u00bb100&#8243; uncode_shortcode_id=\u00bb194073&#8243;][\/vc_column][\/vc_row][vc_row row_height_percent=\u00bb0&#8243; override_padding=\u00bbyes\u00bb h_padding=\u00bb2&#8243; top_padding=\u00bb2&#8243; bottom_padding=\u00bb2&#8243; overlay_alpha=\u00bb50&#8243; equal_height=\u00bbyes\u00bb gutter_size=\u00bb3&#8243; column_width_percent=\u00bb100&#8243; shift_y=\u00bb0&#8243; z_index=\u00bb0&#8243; content_parallax=\u00bb0&#8243; uncode_shortcode_id=\u00bb528198&#8243;][vc_column column_width_percent=\u00bb100&#8243; gutter_size=\u00bb2&#8243; overlay_alpha=\u00bb50&#8243; preserve_border=\u00bbyes\u00bb preserve_border_tablet=\u00bbyes\u00bb preserve_border_mobile=\u00bbyes\u00bb border_color=\u00bbcolor-uydo\u00bb border_style=\u00bbsolid\u00bb shift_x=\u00bb0&#8243; shift_y=\u00bb0&#8243; shift_y_down=\u00bb0&#8243; z_index=\u00bb0&#8243; medium_width=\u00bb0&#8243; mobile_width=\u00bb0&#8243; width=\u00bb1\/4&#8243; uncode_shortcode_id=\u00bb780377&#8243; css=\u00bb.vc_custom_1755448323336{border-top-width: 2px !important;border-right-width: 2px !important;border-bottom-width: 2px !important;border-left-width: 2px !important;padding-top: 0px !important;padding-right: 0px !important;padding-bottom: 0px !important;padding-left: 0px !important;}\u00bb border_color_type=\u00bbuncode-palette\u00bb][vc_single_image media=\u00bb172316&#8243; media_width_percent=\u00bb100&#8243; media_ratio=\u00bbone-one\u00bb uncode_shortcode_id=\u00bb394748&#8243; media_link=\u00bburl:https%3A%2F%2Fcsunitec.com%2Fproducts%2Fdrives-motors%2Felectric-drills-motors%2F\u00bb][vc_row_inner][vc_column_inner column_width_percent=\u00bb100&#8243; gutter_size=\u00bb2&#8243; overlay_alpha=\u00bb50&#8243; shift_x=\u00bb0&#8243; shift_y=\u00bb0&#8243; shift_y_down=\u00bb0&#8243; z_index=\u00bb0&#8243; medium_width=\u00bb0&#8243; mobile_width=\u00bb0&#8243; width=\u00bb1\/1&#8243; uncode_shortcode_id=\u00bb144780&#8243; css=\u00bb.vc_custom_1755448253988{padding-bottom: 10px !important;padding-left: 10px !important;}\u00bb][vc_custom_heading heading_semantic=\u00bbh4&#8243; text_size=\u00bbh4&#8243; uncode_shortcode_id=\u00bb285255&#8243;]<a href=\"https:\/\/csunitec.com\/es\/productos\/accionamientos-y-motores\/motores-para-taladros-electricos\/\">Motores para taladros el\u00e9ctricos<\/a>[\/vc_custom_heading][vc_custom_heading heading_semantic=\u00bbh5&#8243; text_size=\u00bbcustom\u00bb text_weight=\u00bb600&#8243; uncode_shortcode_id=\u00bb194983&#8243; heading_custom_size=\u00bb17&#8243;]Taladros el\u00e9ctricos, neum\u00e1ticos e hidr\u00e1ulicos de alto par y varias velocidades, y unidades de accionamiento para aplicaciones de precisi\u00f3n y de alta resistencia[\/vc_custom_heading][vc_custom_heading heading_semantic=\u00bbp\u00bb text_size=\u00bbcustom\u00bb text_weight=\u00bb400&#8243; uncode_shortcode_id=\u00bb931801&#8243; heading_custom_size=\u00bb15&#8243;]- Motores reversibles de velocidad variable con control de par mec\u00e1nico o electr\u00f3nico<br \/>&#8211; Ideal para aplicaciones de taladrado, escariado, roscado, laminado de tubos, torneado de v\u00e1lvulas y accionamiento OEM<br \/>&#8211; Disponibles motores de accionamiento reversible, de velocidad lenta y engranajes m\u00faltiples de alto par motor[\/vc_custom_heading][\/vc_column_inner][\/vc_row_inner][\/vc_column][vc_column column_width_percent=\u00bb100&#8243; gutter_size=\u00bb2&#8243; override_padding=\u00bbyes\u00bb column_padding=\u00bb2&#8243; overlay_alpha=\u00bb26&#8243; preserve_border=\u00bbyes\u00bb preserve_border_tablet=\u00bbyes\u00bb preserve_border_mobile=\u00bbyes\u00bb border_color=\u00bbcolor-uydo\u00bb border_style=\u00bbsolid\u00bb shift_x=\u00bb0&#8243; shift_y=\u00bb0&#8243; shift_y_down=\u00bb0&#8243; z_index=\u00bb0&#8243; medium_width=\u00bb0&#8243; mobile_width=\u00bb0&#8243; width=\u00bb1\/4&#8243; uncode_shortcode_id=\u00bb159649&#8243; border_color_type=\u00bbuncode-palette\u00bb css=\u00bb.vc_custom_1755448143300{border-top-width: 2px !important;border-right-width: 2px !important;border-bottom-width: 2px !important;border-left-width: 2px !important;padding-top: 0px !important;padding-right: 0px !important;padding-bottom: 6px !important;padding-left: 0px !important;}\u00bb][vc_single_image media=\u00bb172322&#8243; media_width_percent=\u00bb100&#8243; media_ratio=\u00bbone-one\u00bb uncode_shortcode_id=\u00bb194326&#8243; media_link=\u00bburl:https%3A%2F%2Fcsunitec.com%2Fproducts%2Fdrives-motors%2Fnut-runners%2F\u00bb][vc_row_inner][vc_column_inner column_width_percent=\u00bb100&#8243; gutter_size=\u00bb2&#8243; overlay_alpha=\u00bb50&#8243; shift_x=\u00bb0&#8243; shift_y=\u00bb0&#8243; shift_y_down=\u00bb0&#8243; z_index=\u00bb0&#8243; medium_width=\u00bb0&#8243; mobile_width=\u00bb0&#8243; width=\u00bb1\/1&#8243; uncode_shortcode_id=\u00bb144780&#8243; css=\u00bb.vc_custom_1755448253988{padding-bottom: 10px !important;padding-left: 10px !important;}\u00bb][vc_custom_heading heading_semantic=\u00bbh4&#8243; text_size=\u00bbh4&#8243; uncode_shortcode_id=\u00bb176876&#8243;]<a href=\"https:\/\/csunitec.com\/es\/productos\/accionamientos-y-motores\/atornilladores-de-tuercas\/\">Atornilladores de tuercas<\/a>[\/vc_custom_heading][vc_custom_heading heading_semantic=\u00bbh5&#8243; text_size=\u00bbcustom\u00bb text_weight=\u00bb600&#8243; uncode_shortcode_id=\u00bb160380&#8243; heading_custom_size=\u00bb17&#8243;]Atornilladores neum\u00e1ticos e hidr\u00e1ulicos de alto par para espacios reducidos y aplicaciones de alta resistencia[\/vc_custom_heading][vc_custom_heading heading_semantic=\u00bbp\u00bb text_size=\u00bbcustom\u00bb text_weight=\u00bb400&#8243; uncode_shortcode_id=\u00bb330488&#8243; heading_custom_size=\u00bb15&#8243;]- Proporciona hasta 405 pies-libra (neum\u00e1tica) o 369 pies-libra (hidr\u00e1ulica) de par de apriete<br \/>&#8211; Ligera, reversible y compacta para accesos estrechos<br \/>&#8211; Ideal para v\u00e1lvulas, biselado de tuber\u00edas, roscado, escariado y tareas de expansi\u00f3n<br \/>&#8211; Disponibles modelos con certificaci\u00f3n ATEX para entornos peligrosos[\/vc_custom_heading][\/vc_column_inner][\/vc_row_inner][\/vc_column][vc_column column_width_percent=\u00bb100&#8243; gutter_size=\u00bb2&#8243; expand_height=\u00bbyes\u00bb overlay_alpha=\u00bb50&#8243; preserve_border=\u00bbyes\u00bb preserve_border_tablet=\u00bbyes\u00bb preserve_border_mobile=\u00bbyes\u00bb border_color=\u00bbcolor-uydo\u00bb border_style=\u00bbsolid\u00bb shift_x=\u00bb0&#8243; shift_y=\u00bb0&#8243; shift_y_down=\u00bb0&#8243; z_index=\u00bb0&#8243; medium_width=\u00bb0&#8243; mobile_width=\u00bb0&#8243; width=\u00bb1\/4&#8243; uncode_shortcode_id=\u00bb186113&#8243; css=\u00bb.vc_custom_1755448332031{border-top-width: 2px !important;border-right-width: 2px !important;border-bottom-width: 2px !important;border-left-width: 2px !important;padding-top: 0px !important;padding-right: 0px !important;padding-bottom: 0px !important;padding-left: 0px !important;}\u00bb border_color_type=\u00bbuncode-palette\u00bb][vc_single_image media=\u00bb172321&#8243; media_width_percent=\u00bb100&#8243; media_ratio=\u00bbone-one\u00bb uncode_shortcode_id=\u00bb164055&#8243; media_link=\u00bburl:https%3A%2F%2Fcsunitec.com%2Fproducts%2Fdrives-motors%2Fimpact-wrenches%2F\u00bb][vc_row_inner][vc_column_inner column_width_percent=\u00bb100&#8243; gutter_size=\u00bb2&#8243; overlay_alpha=\u00bb50&#8243; shift_x=\u00bb0&#8243; shift_y=\u00bb0&#8243; shift_y_down=\u00bb0&#8243; z_index=\u00bb0&#8243; medium_width=\u00bb0&#8243; mobile_width=\u00bb0&#8243; width=\u00bb1\/1&#8243; uncode_shortcode_id=\u00bb144780&#8243; css=\u00bb.vc_custom_1755448253988{padding-bottom: 10px !important;padding-left: 10px !important;}\u00bb][vc_custom_heading heading_semantic=\u00bbh4&#8243; text_size=\u00bbh4&#8243; uncode_shortcode_id=\u00bb155634&#8243;]<a href=\"https:\/\/csunitec.com\/es\/productos\/accionamientos-y-motores\/llaves-de-impacto\/\">Llaves de impacto<\/a>[\/vc_custom_heading][vc_custom_heading heading_semantic=\u00bbh5&#8243; text_size=\u00bbcustom\u00bb text_weight=\u00bb600&#8243; uncode_shortcode_id=\u00bb130661&#8243; heading_custom_size=\u00bb17&#8243;]Llaves neum\u00e1ticas e hidr\u00e1ulicas dise\u00f1adas para aplicaciones industriales, mineras, de montaje y submarinas[\/vc_custom_heading][vc_custom_heading heading_semantic=\u00bbp\u00bb text_size=\u00bbcustom\u00bb text_weight=\u00bb400&#8243; uncode_shortcode_id=\u00bb199819&#8243; heading_custom_size=\u00bb15&#8243;]- Los modelos neum\u00e1ticos manejan pernos de hasta 2-1\/8&#8243;; los modelos hidr\u00e1ulicos, de hasta 1-3\/8&#8243;<br \/>&#8211; Excepcional relaci\u00f3n potencia-peso para tareas exigentes<br \/>&#8211; Disponibles modelos con certificaci\u00f3n ATEX y aptos para uso subacu\u00e1tico<br \/>&#8211; Ideal para apretar y aflojar pernos y tornillos en entornos confinados o peligrosos[\/vc_custom_heading][\/vc_column_inner][\/vc_row_inner][\/vc_column][\/vc_row]<\/p>\n<\/div>","protected":false},"excerpt":{"rendered":"<p>[vc_row row_height_percent=\u00bb0&#8243; override_padding=\u00bbyes\u00bb h_padding=\u00bb2&#8243; top_padding=\u00bb3&#8243; bottom_padding=\u00bb2&#8243; overlay_alpha=\u00bb50&#8243; gutter_size=\u00bb3&#8243; column_width_percent=\u00bb100&#8243; shift_y=\u00bb0&#8243; z_index=\u00bb0&#8243; content_parallax=\u00bb0&#8243; uncode_shortcode_id=\u00bb944196&#8243;][vc_column column_width_percent=\u00bb100&#8243; gutter_size=\u00bb2&#8243; overlay_alpha=\u00bb50&#8243; shift_x=\u00bb0&#8243; shift_y=\u00bb0&#8243; shift_y_down=\u00bb0&#8243; z_index=\u00bb0&#8243; [&hellip;]<\/p>\n","protected":false},"author":3,"featured_media":173054,"parent":172699,"menu_order":0,"comment_status":"closed","ping_status":"closed","template":"","meta":{"footnotes":""},"class_list":["post-172314","page","type-page","status-publish","has-post-thumbnail","hentry"],"yoast_head":"<!-- This site is optimized with the Yoast SEO plugin v27.5 - https:\/\/yoast.com\/product\/yoast-seo-wordpress\/ -->\n<title>Accionamientos y motores - CS Unitec<\/title>\n<meta name=\"description\" content=\"Accionamientos y motores ideales para taladrar, escariar, roscar y roscar acero. Disponibles con potencia el\u00e9ctrica, neum\u00e1tica e hidr\u00e1ulica.\" \/>\n<meta name=\"robots\" content=\"index, follow, max-snippet:-1, max-image-preview:large, max-video-preview:-1\" \/>\n<link rel=\"canonical\" href=\"https:\/\/csunitec.com\/es\/productos\/accionamientos-y-motores\/\" \/>\n<meta property=\"og:locale\" content=\"es_ES\" \/>\n<meta property=\"og:type\" content=\"article\" \/>\n<meta property=\"og:title\" content=\"Accionamientos y motores - CS Unitec\" \/>\n<meta property=\"og:description\" content=\"Accionamientos y motores ideales para taladrar, escariar, roscar y roscar acero. Disponibles con potencia el\u00e9ctrica, neum\u00e1tica e hidr\u00e1ulica.\" \/>\n<meta property=\"og:url\" content=\"https:\/\/csunitec.com\/es\/productos\/accionamientos-y-motores\/\" \/>\n<meta property=\"og:site_name\" content=\"CS Unitec\" \/>\n<meta property=\"article:modified_time\" content=\"2026-04-26T22:10:51+00:00\" \/>\n<meta property=\"og:image\" content=\"https:\/\/csunitec.com\/wp-content\/uploads\/2026\/03\/OEM-Drive-Motors-1.jpg\" \/>\n\t<meta property=\"og:image:width\" content=\"2000\" \/>\n\t<meta property=\"og:image:height\" content=\"500\" \/>\n\t<meta property=\"og:image:type\" content=\"image\/jpeg\" \/>\n<meta name=\"twitter:card\" content=\"summary_large_image\" \/>\n<meta name=\"twitter:label1\" content=\"Tiempo de lectura\" \/>\n\t<meta name=\"twitter:data1\" content=\"6 minutos\" \/>\n<script type=\"application\/ld+json\" class=\"yoast-schema-graph\">{\"@context\":\"https:\\\/\\\/schema.org\",\"@graph\":[{\"@type\":\"WebPage\",\"@id\":\"https:\\\/\\\/csunitec.com\\\/es\\\/productos\\\/accionamientos-y-motores\\\/\",\"url\":\"https:\\\/\\\/csunitec.com\\\/es\\\/productos\\\/accionamientos-y-motores\\\/\",\"name\":\"Accionamientos y motores - CS Unitec\",\"isPartOf\":{\"@id\":\"https:\\\/\\\/csunitec.com\\\/es\\\/#website\"},\"primaryImageOfPage\":{\"@id\":\"https:\\\/\\\/csunitec.com\\\/es\\\/productos\\\/accionamientos-y-motores\\\/#primaryimage\"},\"image\":{\"@id\":\"https:\\\/\\\/csunitec.com\\\/es\\\/productos\\\/accionamientos-y-motores\\\/#primaryimage\"},\"thumbnailUrl\":\"https:\\\/\\\/csunitec.com\\\/wp-content\\\/uploads\\\/2026\\\/03\\\/OEM-Drive-Motors-1.jpg\",\"datePublished\":\"2025-09-09T03:36:40+00:00\",\"dateModified\":\"2026-04-26T22:10:51+00:00\",\"description\":\"Accionamientos y motores ideales para taladrar, escariar, roscar y roscar acero. Disponibles con potencia el\u00e9ctrica, neum\u00e1tica e hidr\u00e1ulica.\",\"breadcrumb\":{\"@id\":\"https:\\\/\\\/csunitec.com\\\/es\\\/productos\\\/accionamientos-y-motores\\\/#breadcrumb\"},\"inLanguage\":\"es\",\"potentialAction\":[{\"@type\":\"ReadAction\",\"target\":[\"https:\\\/\\\/csunitec.com\\\/es\\\/productos\\\/accionamientos-y-motores\\\/\"]}]},{\"@type\":\"ImageObject\",\"inLanguage\":\"es\",\"@id\":\"https:\\\/\\\/csunitec.com\\\/es\\\/productos\\\/accionamientos-y-motores\\\/#primaryimage\",\"url\":\"https:\\\/\\\/csunitec.com\\\/wp-content\\\/uploads\\\/2026\\\/03\\\/OEM-Drive-Motors-1.jpg\",\"contentUrl\":\"https:\\\/\\\/csunitec.com\\\/wp-content\\\/uploads\\\/2026\\\/03\\\/OEM-Drive-Motors-1.jpg\",\"width\":2000,\"height\":500},{\"@type\":\"BreadcrumbList\",\"@id\":\"https:\\\/\\\/csunitec.com\\\/es\\\/productos\\\/accionamientos-y-motores\\\/#breadcrumb\",\"itemListElement\":[{\"@type\":\"ListItem\",\"position\":1,\"name\":\"Inicio\",\"item\":\"https:\\\/\\\/csunitec.com\\\/es\\\/\"},{\"@type\":\"ListItem\",\"position\":2,\"name\":\"Productos\",\"item\":\"https:\\\/\\\/csunitec.com\\\/es\\\/productos\\\/\"},{\"@type\":\"ListItem\",\"position\":3,\"name\":\"Accionamientos y motores\"}]},{\"@type\":\"WebSite\",\"@id\":\"https:\\\/\\\/csunitec.com\\\/es\\\/#website\",\"url\":\"https:\\\/\\\/csunitec.com\\\/es\\\/\",\"name\":\"CS Unitec\",\"description\":\"\",\"potentialAction\":[{\"@type\":\"SearchAction\",\"target\":{\"@type\":\"EntryPoint\",\"urlTemplate\":\"https:\\\/\\\/csunitec.com\\\/es\\\/?s={search_term_string}\"},\"query-input\":{\"@type\":\"PropertyValueSpecification\",\"valueRequired\":true,\"valueName\":\"search_term_string\"}}],\"inLanguage\":\"es\"}]}<\/script>\n<!-- \/ Yoast SEO plugin. -->","yoast_head_json":{"title":"Accionamientos y motores - CS Unitec","description":"Accionamientos y motores ideales para taladrar, escariar, roscar y roscar acero. Disponibles con potencia el\u00e9ctrica, neum\u00e1tica e hidr\u00e1ulica.","robots":{"index":"index","follow":"follow","max-snippet":"max-snippet:-1","max-image-preview":"max-image-preview:large","max-video-preview":"max-video-preview:-1"},"canonical":"https:\/\/csunitec.com\/es\/productos\/accionamientos-y-motores\/","og_locale":"es_ES","og_type":"article","og_title":"Accionamientos y motores - CS Unitec","og_description":"Accionamientos y motores ideales para taladrar, escariar, roscar y roscar acero. Disponibles con potencia el\u00e9ctrica, neum\u00e1tica e hidr\u00e1ulica.","og_url":"https:\/\/csunitec.com\/es\/productos\/accionamientos-y-motores\/","og_site_name":"CS Unitec","article_modified_time":"2026-04-26T22:10:51+00:00","og_image":[{"width":2000,"height":500,"url":"https:\/\/csunitec.com\/wp-content\/uploads\/2026\/03\/OEM-Drive-Motors-1.jpg","type":"image\/jpeg"}],"twitter_card":"summary_large_image","twitter_misc":{"Tiempo de lectura":"6 minutos"},"schema":{"@context":"https:\/\/schema.org","@graph":[{"@type":"WebPage","@id":"https:\/\/csunitec.com\/es\/productos\/accionamientos-y-motores\/","url":"https:\/\/csunitec.com\/es\/productos\/accionamientos-y-motores\/","name":"Accionamientos y motores - CS Unitec","isPartOf":{"@id":"https:\/\/csunitec.com\/es\/#website"},"primaryImageOfPage":{"@id":"https:\/\/csunitec.com\/es\/productos\/accionamientos-y-motores\/#primaryimage"},"image":{"@id":"https:\/\/csunitec.com\/es\/productos\/accionamientos-y-motores\/#primaryimage"},"thumbnailUrl":"https:\/\/csunitec.com\/wp-content\/uploads\/2026\/03\/OEM-Drive-Motors-1.jpg","datePublished":"2025-09-09T03:36:40+00:00","dateModified":"2026-04-26T22:10:51+00:00","description":"Accionamientos y motores ideales para taladrar, escariar, roscar y roscar acero. Disponibles con potencia el\u00e9ctrica, neum\u00e1tica e hidr\u00e1ulica.","breadcrumb":{"@id":"https:\/\/csunitec.com\/es\/productos\/accionamientos-y-motores\/#breadcrumb"},"inLanguage":"es","potentialAction":[{"@type":"ReadAction","target":["https:\/\/csunitec.com\/es\/productos\/accionamientos-y-motores\/"]}]},{"@type":"ImageObject","inLanguage":"es","@id":"https:\/\/csunitec.com\/es\/productos\/accionamientos-y-motores\/#primaryimage","url":"https:\/\/csunitec.com\/wp-content\/uploads\/2026\/03\/OEM-Drive-Motors-1.jpg","contentUrl":"https:\/\/csunitec.com\/wp-content\/uploads\/2026\/03\/OEM-Drive-Motors-1.jpg","width":2000,"height":500},{"@type":"BreadcrumbList","@id":"https:\/\/csunitec.com\/es\/productos\/accionamientos-y-motores\/#breadcrumb","itemListElement":[{"@type":"ListItem","position":1,"name":"Inicio","item":"https:\/\/csunitec.com\/es\/"},{"@type":"ListItem","position":2,"name":"Productos","item":"https:\/\/csunitec.com\/es\/productos\/"},{"@type":"ListItem","position":3,"name":"Accionamientos y motores"}]},{"@type":"WebSite","@id":"https:\/\/csunitec.com\/es\/#website","url":"https:\/\/csunitec.com\/es\/","name":"CS Unitec","description":"","potentialAction":[{"@type":"SearchAction","target":{"@type":"EntryPoint","urlTemplate":"https:\/\/csunitec.com\/es\/?s={search_term_string}"},"query-input":{"@type":"PropertyValueSpecification","valueRequired":true,"valueName":"search_term_string"}}],"inLanguage":"es"}]}},"_links":{"self":[{"href":"https:\/\/csunitec.com\/es\/wp-json\/wp\/v2\/pages\/172314","targetHints":{"allow":["GET"]}}],"collection":[{"href":"https:\/\/csunitec.com\/es\/wp-json\/wp\/v2\/pages"}],"about":[{"href":"https:\/\/csunitec.com\/es\/wp-json\/wp\/v2\/types\/page"}],"author":[{"embeddable":true,"href":"https:\/\/csunitec.com\/es\/wp-json\/wp\/v2\/users\/3"}],"replies":[{"embeddable":true,"href":"https:\/\/csunitec.com\/es\/wp-json\/wp\/v2\/comments?post=172314"}],"version-history":[{"count":0,"href":"https:\/\/csunitec.com\/es\/wp-json\/wp\/v2\/pages\/172314\/revisions"}],"up":[{"embeddable":true,"href":"https:\/\/csunitec.com\/es\/wp-json\/wp\/v2\/pages\/172699"}],"wp:featuredmedia":[{"embeddable":true,"href":"https:\/\/csunitec.com\/es\/wp-json\/wp\/v2\/media\/173054"}],"wp:attachment":[{"href":"https:\/\/csunitec.com\/es\/wp-json\/wp\/v2\/media?parent=172314"}],"curies":[{"name":"wp","href":"https:\/\/api.w.org\/{rel}","templated":true}]}}