{"id":172327,"date":"2025-09-03T02:38:14","date_gmt":"2025-09-03T02:38:14","guid":{"rendered":"https:\/\/stgcsunitec.wpenginepowered.com\/taladros-y-estaciones-de-mezclado\/"},"modified":"2026-04-26T18:10:50","modified_gmt":"2026-04-26T22:10:50","slug":"taladros-y-estaciones-de-mezclado","status":"publish","type":"page","link":"https:\/\/csunitec.com\/es\/productos\/taladros-y-estaciones-de-mezclado\/","title":{"rendered":"Taladros y estaciones de mezclado"},"content":{"rendered":"<div class=\"wpb-content-wrapper\"><p>[vc_row row_height_percent=\u00bb0&#8243; override_padding=\u00bbyes\u00bb h_padding=\u00bb2&#8243; top_padding=\u00bb3&#8243; bottom_padding=\u00bb2&#8243; overlay_alpha=\u00bb50&#8243; gutter_size=\u00bb3&#8243; column_width_percent=\u00bb100&#8243; shift_y=\u00bb0&#8243; z_index=\u00bb0&#8243; content_parallax=\u00bb0&#8243; uncode_shortcode_id=\u00bb683117&#8243;][vc_column column_width_percent=\u00bb100&#8243; gutter_size=\u00bb2&#8243; overlay_alpha=\u00bb50&#8243; shift_x=\u00bb0&#8243; shift_y=\u00bb0&#8243; shift_y_down=\u00bb0&#8243; z_index=\u00bb0&#8243; medium_width=\u00bb0&#8243; mobile_width=\u00bb0&#8243; width=\u00bb2\/3&#8243; uncode_shortcode_id=\u00bb286854&#8243;][vc_custom_heading text_color=\u00bbcolor-901489&#8243; heading_semantic=\u00bbh3&#8243; text_size=\u00bbh3&#8243; text_weight=\u00bb500&#8243; uncode_shortcode_id=\u00bb123641&#8243; text_color_type=\u00bbuncode-palette\u00bb]<\/p>\n<div class=\"panel-pane pane-page-title col-inner\">\n<p>Taladros y estaciones de mezclado<\/p>\n<\/div>\n<div class=\"panel-pane pane-entity-field pane-taxonomy-term-description-field product-category-description col-inner\"><\/div>\n<p>[\/vc_custom_heading][vc_custom_heading heading_semantic=\u00bbh4&#8243; text_size=\u00bbcustom\u00bb text_weight=\u00bb600&#8243; uncode_shortcode_id=\u00bb132859&#8243; heading_custom_size=\u00bb18&#8243;]Mezcladoras port\u00e1tiles de mano y estaciones de mezclado para un mezclado r\u00e1pido y eficiente.[\/vc_custom_heading][vc_custom_heading heading_semantic=\u00bbp\u00bb text_size=\u00bbcustom\u00bb text_weight=\u00bb400&#8243; uncode_shortcode_id=\u00bb710713&#8243; heading_custom_size=\u00bb16&#8243;]<\/p>\n<p>Las mezcladoras y estaciones de mezclado port\u00e1tiles de CS Unitec ofrecen un alto par motor y un rendimiento fiable para una mezcla r\u00e1pida y eficiente de materiales de construcci\u00f3n. Dise\u00f1adas con velocidades variables y disponibles en modelos el\u00e9ctricos o neum\u00e1ticos, estas mezcladoras ofrecen una durabilidad excepcional y comodidad para el operario con un esfuerzo f\u00edsico m\u00ednimo. <\/p>\n<p>&nbsp;<\/p>\n<p>Sus estaciones de mezclado port\u00e1tiles y mezcladoras de cemento\/hormig\u00f3n facilitan el mezclado, transporte y vertido de materiales en obras exigentes. Fabricadas para contratistas, alba\u00f1iles, yeseros y soladores, proporcionan soluciones fiables tanto para lotes peque\u00f1os como para grandes proyectos.<\/p>\n<p>[\/vc_custom_heading][vc_custom_heading heading_semantic=\u00bbp\u00bb text_size=\u00bbcustom\u00bb text_weight=\u00bb400&#8243; uncode_shortcode_id=\u00bb107076&#8243; heading_custom_size=\u00bb16&#8243;]<strong>Caracter\u00edsticas y beneficios:<\/strong><\/p>\n<ul>\n<li><strong>Versatilidad<\/strong><\/li>\n<li><strong>Componentes electr\u00f3nicos sellados contra la intemperie<\/strong><\/li>\n<li><strong>Arranque suave y velocidades variables<\/strong><\/li>\n<li><strong>Bastidor met\u00e1lico de dise\u00f1o ergon\u00f3mico con empu\u00f1aduras m\u00e1s grandes<\/strong><\/li>\n<li><strong>Carcasa exterior de fibra de vidrio<\/strong><\/li>\n<\/ul>\n<p>[\/vc_custom_heading][\/vc_column][vc_column column_width_percent=\u00bb100&#8243; gutter_size=\u00bb3&#8243; overlay_alpha=\u00bb50&#8243; shift_x=\u00bb0&#8243; shift_y=\u00bb0&#8243; shift_y_down=\u00bb0&#8243; z_index=\u00bb0&#8243; medium_width=\u00bb0&#8243; mobile_visibility=\u00bbyes\u00bb mobile_width=\u00bb0&#8243; width=\u00bb1\/3&#8243; uncode_shortcode_id=\u00bb128064&#8243;][vc_single_image media=\u00bb172329&#8243; media_width_percent=\u00bb100&#8243; uncode_shortcode_id=\u00bb717427&#8243;][\/vc_column][\/vc_row][vc_row row_height_percent=\u00bb0&#8243; override_padding=\u00bbyes\u00bb h_padding=\u00bb2&#8243; top_padding=\u00bb2&#8243; bottom_padding=\u00bb2&#8243; overlay_alpha=\u00bb50&#8243; equal_height=\u00bbyes\u00bb gutter_size=\u00bb3&#8243; column_width_percent=\u00bb100&#8243; shift_y=\u00bb0&#8243; z_index=\u00bb0&#8243; content_parallax=\u00bb0&#8243; uncode_shortcode_id=\u00bb524699&#8243;][vc_column column_width_percent=\u00bb100&#8243; gutter_size=\u00bb2&#8243; override_padding=\u00bbyes\u00bb column_padding=\u00bb2&#8243; overlay_alpha=\u00bb26&#8243; shift_x=\u00bb0&#8243; shift_y=\u00bb0&#8243; shift_y_down=\u00bb0&#8243; z_index=\u00bb0&#8243; medium_width=\u00bb0&#8243; mobile_width=\u00bb0&#8243; width=\u00bb2\/12&#8243; uncode_shortcode_id=\u00bb647012&#8243;][\/vc_column][vc_column column_width_percent=\u00bb100&#8243; gutter_size=\u00bb2&#8243; overlay_alpha=\u00bb50&#8243; preserve_border=\u00bbyes\u00bb preserve_border_tablet=\u00bbyes\u00bb preserve_border_mobile=\u00bbyes\u00bb border_color=\u00bbcolor-uydo\u00bb border_style=\u00bbsolid\u00bb shift_x=\u00bb0&#8243; shift_y=\u00bb0&#8243; shift_y_down=\u00bb0&#8243; z_index=\u00bb0&#8243; medium_width=\u00bb0&#8243; mobile_width=\u00bb0&#8243; width=\u00bb4\/12&#8243; uncode_shortcode_id=\u00bb438039&#8243; css=\u00bb.vc_custom_1769362632999{border-top-width: 2px !important;border-right-width: 2px !important;border-bottom-width: 2px !important;border-left-width: 2px !important;padding-top: 0px !important;padding-right: 0px !important;padding-bottom: 0px !important;padding-left: 0px !important;}\u00bb border_color_type=\u00bbuncode-palette\u00bb][vc_single_image media=\u00bb172333&#8243; media_width_percent=\u00bb100&#8243; alignment=\u00bbcenter\u00bb shadow=\u00bbyes\u00bb shadow_weight=\u00bbsm\u00bb uncode_shortcode_id=\u00bb343786&#8243; media_link=\u00bburl:https%3A%2F%2Fcsunitec.com%2Fproducts%2Fmixing-drills-stations%2Fmixing-drills%2F\u00bb][vc_row_inner][vc_column_inner column_width_percent=\u00bb100&#8243; gutter_size=\u00bb2&#8243; overlay_alpha=\u00bb50&#8243; shift_x=\u00bb0&#8243; shift_y=\u00bb0&#8243; shift_y_down=\u00bb0&#8243; z_index=\u00bb0&#8243; medium_width=\u00bb0&#8243; mobile_width=\u00bb0&#8243; width=\u00bb1\/1&#8243; uncode_shortcode_id=\u00bb144780&#8243; css=\u00bb.vc_custom_1755448253988{padding-bottom: 10px !important;padding-left: 10px !important;}\u00bb][vc_custom_heading heading_semantic=\u00bbh4&#8243; text_size=\u00bbh4&#8243; uncode_shortcode_id=\u00bb966783&#8243;]<a href=\"https:\/\/csunitec.com\/es\/productos\/taladros-y-estaciones-de-mezclado\/taladros-mezcladores\/\">Taladros mezcladores<\/a>[\/vc_custom_heading][vc_custom_heading heading_semantic=\u00bbh5&#8243; text_size=\u00bbcustom\u00bb text_weight=\u00bb600&#8243; uncode_shortcode_id=\u00bb897771&#8243; heading_custom_size=\u00bb17&#8243;]Mezcladoras manuales el\u00e9ctricas o neum\u00e1ticas para un mezclado preciso de lotes peque\u00f1os y medianos[\/vc_custom_heading][vc_custom_heading heading_semantic=\u00bbp\u00bb text_size=\u00bbcustom\u00bb text_weight=\u00bb400&#8243; uncode_shortcode_id=\u00bb107878&#8243; heading_custom_size=\u00bb15&#8243;]\u2022 Motores de alto par con varillas helicoidales para un mezclado uniforme y sin aire<br \/>\n\u2022 Velocidades variables y control de arranque suave para un mezclado espec\u00edfico seg\u00fan el material<br \/>\n\u2022 Dise\u00f1o compacto y ergon\u00f3mico para un manejo sencillo en espacios reducidos<br \/>\n\u2022 Accesorios disponibles para extensiones de varillas, adaptadores y abrazaderas[\/vc_custom_heading][\/vc_column_inner][\/vc_row_inner][\/vc_column][vc_column column_width_percent=\u00bb100&#8243; gutter_size=\u00bb2&#8243; overlay_alpha=\u00bb50&#8243; preserve_border=\u00bbyes\u00bb preserve_border_tablet=\u00bbyes\u00bb preserve_border_mobile=\u00bbyes\u00bb border_color=\u00bbcolor-uydo\u00bb border_style=\u00bbsolid\u00bb shift_x=\u00bb0&#8243; shift_y=\u00bb0&#8243; shift_y_down=\u00bb0&#8243; z_index=\u00bb0&#8243; medium_width=\u00bb0&#8243; mobile_width=\u00bb0&#8243; width=\u00bb4\/12&#8243; uncode_shortcode_id=\u00bb173083&#8243; css=\u00bb.vc_custom_1769362587998{border-top-width: 2px !important;border-right-width: 2px !important;border-bottom-width: 2px !important;border-left-width: 2px !important;padding-top: 0px !important;padding-right: 0px !important;padding-bottom: 6px !important;padding-left: 0px !important;}\u00bb border_color_type=\u00bbuncode-palette\u00bb][vc_single_image media=\u00bb172332&#8243; media_width_percent=\u00bb100&#8243; alignment=\u00bbcenter\u00bb shadow=\u00bbyes\u00bb shadow_weight=\u00bbsm\u00bb uncode_shortcode_id=\u00bb939244&#8243; media_link=\u00bburl:https%3A%2F%2Fcsunitec.com%2Fproducts%2Fmixing-drills-stations%2Fmixing-stations%2F\u00bb][vc_row_inner][vc_column_inner column_width_percent=\u00bb100&#8243; gutter_size=\u00bb2&#8243; overlay_alpha=\u00bb50&#8243; shift_x=\u00bb0&#8243; shift_y=\u00bb0&#8243; shift_y_down=\u00bb0&#8243; z_index=\u00bb0&#8243; medium_width=\u00bb0&#8243; mobile_width=\u00bb0&#8243; width=\u00bb1\/1&#8243; uncode_shortcode_id=\u00bb144780&#8243; css=\u00bb.vc_custom_1755448253988{padding-bottom: 10px !important;padding-left: 10px !important;}\u00bb][vc_custom_heading heading_semantic=\u00bbh4&#8243; text_size=\u00bbh4&#8243; uncode_shortcode_id=\u00bb110471&#8243;]<a href=\"https:\/\/csunitec.com\/es\/productos\/taladros-y-estaciones-de-mezclado\/estaciones-de-mezcla\/\">Estaciones de mezcla<\/a>[\/vc_custom_heading][vc_custom_heading heading_semantic=\u00bbh5&#8243; text_size=\u00bbcustom\u00bb text_weight=\u00bb600&#8243; uncode_shortcode_id=\u00bb169262&#8243; heading_custom_size=\u00bb17&#8243;]Estaciones port\u00e1tiles para el mezclado de materiales a gran escala, transporte y vertido en obra[\/vc_custom_heading][vc_custom_heading heading_semantic=\u00bbp\u00bb text_size=\u00bbcustom\u00bb text_weight=\u00bb400&#8243; uncode_shortcode_id=\u00bb201992&#8243; heading_custom_size=\u00bb15&#8243;]\u2022 Construcci\u00f3n robusta para uso continuo con cemento, hormig\u00f3n y otros materiales<br \/>\n\u2022 Capacidad de autonivelaci\u00f3n y alta viscosidad para resultados consistentes<br \/>\n\u2022 Soportes ergon\u00f3micos que reducen la fatiga y mejoran el flujo de trabajo<br \/>\n\u2022 Admite lotes m\u00e1s grandes y m\u00faltiples materiales con accesorios compatibles[\/vc_custom_heading][\/vc_column_inner][\/vc_row_inner][\/vc_column][vc_column width=\u00bb2\/12&#8243;][\/vc_column][\/vc_row]<\/p>\n<\/div>","protected":false},"excerpt":{"rendered":"<p>[vc_row row_height_percent=\u00bb0&#8243; override_padding=\u00bbyes\u00bb h_padding=\u00bb2&#8243; top_padding=\u00bb3&#8243; bottom_padding=\u00bb2&#8243; overlay_alpha=\u00bb50&#8243; gutter_size=\u00bb3&#8243; column_width_percent=\u00bb100&#8243; shift_y=\u00bb0&#8243; z_index=\u00bb0&#8243; content_parallax=\u00bb0&#8243; uncode_shortcode_id=\u00bb683117&#8243;][vc_column column_width_percent=\u00bb100&#8243; gutter_size=\u00bb2&#8243; overlay_alpha=\u00bb50&#8243; shift_x=\u00bb0&#8243; shift_y=\u00bb0&#8243; shift_y_down=\u00bb0&#8243; z_index=\u00bb0&#8243; [&hellip;]<\/p>\n","protected":false},"author":3,"featured_media":172334,"parent":172699,"menu_order":0,"comment_status":"closed","ping_status":"closed","template":"","meta":{"footnotes":""},"class_list":["post-172327","page","type-page","status-publish","has-post-thumbnail","hentry"],"yoast_head":"<!-- This site is optimized with the Yoast SEO plugin v27.5 - https:\/\/yoast.com\/product\/yoast-seo-wordpress\/ -->\n<title>Taladros y estaciones de mezclado - CS Unitec<\/title>\n<meta name=\"description\" content=\"Taladros y estaciones de mezcla dise\u00f1ados para ofrecer una gran fiabilidad con la potencia necesaria para mezclar de forma \u00f3ptima los materiales de construcci\u00f3n en la obra.\" \/>\n<meta name=\"robots\" content=\"index, follow, max-snippet:-1, max-image-preview:large, max-video-preview:-1\" \/>\n<link rel=\"canonical\" href=\"https:\/\/csunitec.com\/es\/productos\/taladros-y-estaciones-de-mezclado\/\" \/>\n<meta property=\"og:locale\" content=\"es_ES\" \/>\n<meta property=\"og:type\" content=\"article\" \/>\n<meta property=\"og:title\" content=\"Taladros y estaciones de mezclado - CS Unitec\" \/>\n<meta property=\"og:description\" content=\"Taladros y estaciones de mezcla dise\u00f1ados para ofrecer una gran fiabilidad con la potencia necesaria para mezclar de forma \u00f3ptima los materiales de construcci\u00f3n en la obra.\" \/>\n<meta property=\"og:url\" content=\"https:\/\/csunitec.com\/es\/productos\/taladros-y-estaciones-de-mezclado\/\" \/>\n<meta property=\"og:site_name\" content=\"CS Unitec\" \/>\n<meta property=\"article:modified_time\" content=\"2026-04-26T22:10:50+00:00\" \/>\n<meta property=\"og:image\" content=\"https:\/\/csunitec.com\/wp-content\/uploads\/2025\/07\/products-mixing-drills-stations.jpg\" \/>\n\t<meta property=\"og:image:width\" content=\"2000\" \/>\n\t<meta property=\"og:image:height\" content=\"500\" \/>\n\t<meta property=\"og:image:type\" content=\"image\/jpeg\" \/>\n<meta name=\"twitter:card\" content=\"summary_large_image\" \/>\n<meta name=\"twitter:label1\" content=\"Tiempo de lectura\" \/>\n\t<meta name=\"twitter:data1\" content=\"5 minutos\" \/>\n<script type=\"application\/ld+json\" class=\"yoast-schema-graph\">{\"@context\":\"https:\\\/\\\/schema.org\",\"@graph\":[{\"@type\":\"WebPage\",\"@id\":\"https:\\\/\\\/csunitec.com\\\/es\\\/productos\\\/taladros-y-estaciones-de-mezclado\\\/\",\"url\":\"https:\\\/\\\/csunitec.com\\\/es\\\/productos\\\/taladros-y-estaciones-de-mezclado\\\/\",\"name\":\"Taladros y estaciones de mezclado - CS Unitec\",\"isPartOf\":{\"@id\":\"https:\\\/\\\/csunitec.com\\\/es\\\/#website\"},\"primaryImageOfPage\":{\"@id\":\"https:\\\/\\\/csunitec.com\\\/es\\\/productos\\\/taladros-y-estaciones-de-mezclado\\\/#primaryimage\"},\"image\":{\"@id\":\"https:\\\/\\\/csunitec.com\\\/es\\\/productos\\\/taladros-y-estaciones-de-mezclado\\\/#primaryimage\"},\"thumbnailUrl\":\"https:\\\/\\\/csunitec.com\\\/wp-content\\\/uploads\\\/2025\\\/07\\\/products-mixing-drills-stations.jpg\",\"datePublished\":\"2025-09-03T02:38:14+00:00\",\"dateModified\":\"2026-04-26T22:10:50+00:00\",\"description\":\"Taladros y estaciones de mezcla dise\u00f1ados para ofrecer una gran fiabilidad con la potencia necesaria para mezclar de forma \u00f3ptima los materiales de construcci\u00f3n en la obra.\",\"breadcrumb\":{\"@id\":\"https:\\\/\\\/csunitec.com\\\/es\\\/productos\\\/taladros-y-estaciones-de-mezclado\\\/#breadcrumb\"},\"inLanguage\":\"es\",\"potentialAction\":[{\"@type\":\"ReadAction\",\"target\":[\"https:\\\/\\\/csunitec.com\\\/es\\\/productos\\\/taladros-y-estaciones-de-mezclado\\\/\"]}]},{\"@type\":\"ImageObject\",\"inLanguage\":\"es\",\"@id\":\"https:\\\/\\\/csunitec.com\\\/es\\\/productos\\\/taladros-y-estaciones-de-mezclado\\\/#primaryimage\",\"url\":\"https:\\\/\\\/csunitec.com\\\/wp-content\\\/uploads\\\/2025\\\/07\\\/products-mixing-drills-stations.jpg\",\"contentUrl\":\"https:\\\/\\\/csunitec.com\\\/wp-content\\\/uploads\\\/2025\\\/07\\\/products-mixing-drills-stations.jpg\",\"width\":2000,\"height\":500},{\"@type\":\"BreadcrumbList\",\"@id\":\"https:\\\/\\\/csunitec.com\\\/es\\\/productos\\\/taladros-y-estaciones-de-mezclado\\\/#breadcrumb\",\"itemListElement\":[{\"@type\":\"ListItem\",\"position\":1,\"name\":\"Inicio\",\"item\":\"https:\\\/\\\/csunitec.com\\\/es\\\/\"},{\"@type\":\"ListItem\",\"position\":2,\"name\":\"Productos\",\"item\":\"https:\\\/\\\/csunitec.com\\\/es\\\/productos\\\/\"},{\"@type\":\"ListItem\",\"position\":3,\"name\":\"Taladros y estaciones de mezclado\"}]},{\"@type\":\"WebSite\",\"@id\":\"https:\\\/\\\/csunitec.com\\\/es\\\/#website\",\"url\":\"https:\\\/\\\/csunitec.com\\\/es\\\/\",\"name\":\"CS Unitec\",\"description\":\"\",\"potentialAction\":[{\"@type\":\"SearchAction\",\"target\":{\"@type\":\"EntryPoint\",\"urlTemplate\":\"https:\\\/\\\/csunitec.com\\\/es\\\/?s={search_term_string}\"},\"query-input\":{\"@type\":\"PropertyValueSpecification\",\"valueRequired\":true,\"valueName\":\"search_term_string\"}}],\"inLanguage\":\"es\"}]}<\/script>\n<!-- \/ Yoast SEO plugin. -->","yoast_head_json":{"title":"Taladros y estaciones de mezclado - CS Unitec","description":"Taladros y estaciones de mezcla dise\u00f1ados para ofrecer una gran fiabilidad con la potencia necesaria para mezclar de forma \u00f3ptima los materiales de construcci\u00f3n en la obra.","robots":{"index":"index","follow":"follow","max-snippet":"max-snippet:-1","max-image-preview":"max-image-preview:large","max-video-preview":"max-video-preview:-1"},"canonical":"https:\/\/csunitec.com\/es\/productos\/taladros-y-estaciones-de-mezclado\/","og_locale":"es_ES","og_type":"article","og_title":"Taladros y estaciones de mezclado - CS Unitec","og_description":"Taladros y estaciones de mezcla dise\u00f1ados para ofrecer una gran fiabilidad con la potencia necesaria para mezclar de forma \u00f3ptima los materiales de construcci\u00f3n en la obra.","og_url":"https:\/\/csunitec.com\/es\/productos\/taladros-y-estaciones-de-mezclado\/","og_site_name":"CS Unitec","article_modified_time":"2026-04-26T22:10:50+00:00","og_image":[{"width":2000,"height":500,"url":"https:\/\/csunitec.com\/wp-content\/uploads\/2025\/07\/products-mixing-drills-stations.jpg","type":"image\/jpeg"}],"twitter_card":"summary_large_image","twitter_misc":{"Tiempo de lectura":"5 minutos"},"schema":{"@context":"https:\/\/schema.org","@graph":[{"@type":"WebPage","@id":"https:\/\/csunitec.com\/es\/productos\/taladros-y-estaciones-de-mezclado\/","url":"https:\/\/csunitec.com\/es\/productos\/taladros-y-estaciones-de-mezclado\/","name":"Taladros y estaciones de mezclado - CS Unitec","isPartOf":{"@id":"https:\/\/csunitec.com\/es\/#website"},"primaryImageOfPage":{"@id":"https:\/\/csunitec.com\/es\/productos\/taladros-y-estaciones-de-mezclado\/#primaryimage"},"image":{"@id":"https:\/\/csunitec.com\/es\/productos\/taladros-y-estaciones-de-mezclado\/#primaryimage"},"thumbnailUrl":"https:\/\/csunitec.com\/wp-content\/uploads\/2025\/07\/products-mixing-drills-stations.jpg","datePublished":"2025-09-03T02:38:14+00:00","dateModified":"2026-04-26T22:10:50+00:00","description":"Taladros y estaciones de mezcla dise\u00f1ados para ofrecer una gran fiabilidad con la potencia necesaria para mezclar de forma \u00f3ptima los materiales de construcci\u00f3n en la obra.","breadcrumb":{"@id":"https:\/\/csunitec.com\/es\/productos\/taladros-y-estaciones-de-mezclado\/#breadcrumb"},"inLanguage":"es","potentialAction":[{"@type":"ReadAction","target":["https:\/\/csunitec.com\/es\/productos\/taladros-y-estaciones-de-mezclado\/"]}]},{"@type":"ImageObject","inLanguage":"es","@id":"https:\/\/csunitec.com\/es\/productos\/taladros-y-estaciones-de-mezclado\/#primaryimage","url":"https:\/\/csunitec.com\/wp-content\/uploads\/2025\/07\/products-mixing-drills-stations.jpg","contentUrl":"https:\/\/csunitec.com\/wp-content\/uploads\/2025\/07\/products-mixing-drills-stations.jpg","width":2000,"height":500},{"@type":"BreadcrumbList","@id":"https:\/\/csunitec.com\/es\/productos\/taladros-y-estaciones-de-mezclado\/#breadcrumb","itemListElement":[{"@type":"ListItem","position":1,"name":"Inicio","item":"https:\/\/csunitec.com\/es\/"},{"@type":"ListItem","position":2,"name":"Productos","item":"https:\/\/csunitec.com\/es\/productos\/"},{"@type":"ListItem","position":3,"name":"Taladros y estaciones de mezclado"}]},{"@type":"WebSite","@id":"https:\/\/csunitec.com\/es\/#website","url":"https:\/\/csunitec.com\/es\/","name":"CS Unitec","description":"","potentialAction":[{"@type":"SearchAction","target":{"@type":"EntryPoint","urlTemplate":"https:\/\/csunitec.com\/es\/?s={search_term_string}"},"query-input":{"@type":"PropertyValueSpecification","valueRequired":true,"valueName":"search_term_string"}}],"inLanguage":"es"}]}},"_links":{"self":[{"href":"https:\/\/csunitec.com\/es\/wp-json\/wp\/v2\/pages\/172327","targetHints":{"allow":["GET"]}}],"collection":[{"href":"https:\/\/csunitec.com\/es\/wp-json\/wp\/v2\/pages"}],"about":[{"href":"https:\/\/csunitec.com\/es\/wp-json\/wp\/v2\/types\/page"}],"author":[{"embeddable":true,"href":"https:\/\/csunitec.com\/es\/wp-json\/wp\/v2\/users\/3"}],"replies":[{"embeddable":true,"href":"https:\/\/csunitec.com\/es\/wp-json\/wp\/v2\/comments?post=172327"}],"version-history":[{"count":0,"href":"https:\/\/csunitec.com\/es\/wp-json\/wp\/v2\/pages\/172327\/revisions"}],"up":[{"embeddable":true,"href":"https:\/\/csunitec.com\/es\/wp-json\/wp\/v2\/pages\/172699"}],"wp:featuredmedia":[{"embeddable":true,"href":"https:\/\/csunitec.com\/es\/wp-json\/wp\/v2\/media\/172334"}],"wp:attachment":[{"href":"https:\/\/csunitec.com\/es\/wp-json\/wp\/v2\/media?parent=172327"}],"curies":[{"name":"wp","href":"https:\/\/api.w.org\/{rel}","templated":true}]}}