{"id":172355,"date":"2025-03-29T21:24:24","date_gmt":"2025-03-29T21:24:24","guid":{"rendered":"https:\/\/stgcsunitec.wpenginepowered.com\/acerca-de-nosotros\/"},"modified":"2026-04-26T17:06:04","modified_gmt":"2026-04-26T21:06:04","slug":"acerca-de-nosotros","status":"publish","type":"page","link":"https:\/\/csunitec.com\/es\/recursos\/acerca-de-nosotros\/","title":{"rendered":"Acerca de nosotros"},"content":{"rendered":"<div class=\"wpb-content-wrapper\"><p>[vc_row unlock_row_content=\u00bbyes\u00bb row_height_percent=\u00bb0&#8243; override_padding=\u00bbyes\u00bb h_padding=\u00bb0&#8243; top_padding=\u00bb3&#8243; bottom_padding=\u00bb2&#8243; back_color=\u00bbcolor-xsdn\u00bb overlay_alpha=\u00bb50&#8243; equal_height=\u00bbyes\u00bb gutter_size=\u00bb0&#8243; column_width_percent=\u00bb100&#8243; shift_y=\u00bb0&#8243; z_index=\u00bb0&#8243; content_parallax=\u00bb0&#8243; uncode_shortcode_id=\u00bb914499&#8243; back_color_type=\u00bbuncode-palette\u00bb][vc_column column_width_percent=\u00bb100&#8243; gutter_size=\u00bb3&#8243; overlay_alpha=\u00bb50&#8243; shift_x=\u00bb0&#8243; shift_y=\u00bb0&#8243; shift_y_down=\u00bb0&#8243; z_index=\u00bb0&#8243; medium_width=\u00bb0&#8243; mobile_width=\u00bb0&#8243; width=\u00bb1\/1&#8243; uncode_shortcode_id=\u00bb111713&#8243; mobile_height=\u00bb400&#8243;][vc_custom_heading text_color=\u00bbcolor-901489&#8243; heading_semantic=\u00bbh3&#8243; text_size=\u00bbh3&#8243; text_weight=\u00bb500&#8243; uncode_shortcode_id=\u00bb125038&#8243; text_color_type=\u00bbuncode-palette\u00bb]<strong>CS Unitec, Inc.<\/strong>[\/vc_custom_heading][vc_column_text uncode_shortcode_id=\u00bb168083&#8243; css=\u00bb.vc_custom_1776427156717{margin-bottom: -5px !important;}\u00bb]<\/p>\n<h4 style=\"font-weight: 600; margin-botton: -5px;\">M\u00e1s de 35 a\u00f1os de Innovaci\u00f3n y Calidad en Herramientas El\u00e9ctricas Industriales<\/h4>\n<p>[\/vc_column_text][vc_column_text uncode_shortcode_id=\u00bb763921&#8243;]Desde 1990, CS Unitec lidera el desarrollo de herramientas el\u00e9ctricas y herramientas de seguridad antichispa profesionales de alta calidad. Nuestras herramientas neum\u00e1ticas, el\u00e9ctricas, hidr\u00e1ulicas y de seguridad est\u00e1n dise\u00f1adas para aplicaciones industriales muy exigentes. Ideales para la construcci\u00f3n, la petroqu\u00edmica, la miner\u00eda, la marina, la fabricaci\u00f3n y otras industrias.  <\/p>\n<p><span style=\"font-weight: 800;\">Sede mundial de CS Unitec<\/span><br \/>\n<span style=\"font-weight: 400; padding-bottom: 10 px;\">En 1991, CS Unitec desarroll\u00f3 la primera sierra de cinta neum\u00e1tica port\u00e1til (AirBand\u2122) y la primera sierra de cadena neum\u00e1tica para cortar hormig\u00f3n. En los m\u00e1s de 25 a\u00f1os siguientes, CS Unitec ha sido pionera en muchas otras innovaciones. Entre ellas est\u00e1n los taladros magn\u00e9ticos port\u00e1tiles m\u00e1s potentes con avance y retroceso, taladros sacan\u00facleos de diamante con embrague deslizante, mezcladoras port\u00e1tiles, herramientas de acabado de superficies met\u00e1licas, escarificadores de aguja de baja vibraci\u00f3n, herramientas el\u00e9ctricas submarinas, motores de accionamiento OEM y mucho m\u00e1s.  <\/span><\/p>\n<div style=\"background-color: #ededed; padding: 15px; vertical-align: middle !important; margin-top: 15px;\">Nuestro compromiso tanto con las herramientas que ofrecemos como con el servicio t\u00c3\u00a9cnico que prestamos est\u00c3\u00a1 impulsado por nuestra convicci\u00c3\u00b3n: <em>\u00abEl valor est\u00c3\u00a1 en la ingenier\u00c3a&#8230;la amortizaci\u00c3\u00b3n est\u00c3\u00a1 en el rendimiento\u00e2\u20ac\u2122<\/em> \u00ab.<\/div>\n<p><span style=\"font-weight: 800;\">El servicio al cliente es nuestra misi\u00f3n<\/span><br \/>\n<span style=\"font-weight: 400;\">En CS Unitec, vemos cada d\u00eda como una oportunidad de ofrecer soluciones para tus aplicaciones. Nuestros clientes son nuestros socios: aprendemos tanto de ellos como ellos de nosotros. Estamos orgullosos de nuestra experiencia t\u00e9cnica en ventas y de nuestra asistencia en aplicaciones, que nos permiten influir en la productividad, la seguridad y el \u00e9xito de cada cliente. Nuestro personal est\u00e1 siempre disponible para hablar de las caracter\u00edsticas de nuestras herramientas y de c\u00f3mo se adaptar\u00e1n a tu aplicaci\u00f3n.   <\/span><\/p>\n<p><span style=\"font-weight: 800;\">Acerca de nuestro fundador<\/span><br \/>\n<span style=\"font-weight: 400;\">Tom Carroll fund\u00f3 CS Unitec, Inc. en 1990. Reconoci\u00f3 la necesidad de innovaci\u00f3n y rendimiento de las herramientas el\u00e9ctricas de gran potencia dise\u00f1adas para la industria y la construcci\u00f3n. Empezando con el desarrollo de la primera sierra de cinta neum\u00e1tica port\u00e1til en 1991 -una herramienta de corte de tuber\u00edas m\u00e1s segura y eficaz para la industria del petr\u00f3leo y el gas-, ha dise\u00f1ado una l\u00ednea de herramientas especializadas para las industrias de tuber\u00edas de proceso, construcci\u00f3n comercial, fabricaci\u00f3n de metal e industrias pesadas.  <\/span>[\/vc_column_text][\/vc_column][\/vc_row]<\/p>\n<\/div>","protected":false},"excerpt":{"rendered":"<p>[vc_row unlock_row_content=\u00bbyes\u00bb row_height_percent=\u00bb0&#8243; override_padding=\u00bbyes\u00bb h_padding=\u00bb0&#8243; top_padding=\u00bb3&#8243; bottom_padding=\u00bb2&#8243; back_color=\u00bbcolor-xsdn\u00bb overlay_alpha=\u00bb50&#8243; equal_height=\u00bbyes\u00bb gutter_size=\u00bb0&#8243; column_width_percent=\u00bb100&#8243; shift_y=\u00bb0&#8243; z_index=\u00bb0&#8243; content_parallax=\u00bb0&#8243; uncode_shortcode_id=\u00bb914499&#8243; back_color_type=\u00bbuncode-palette\u00bb][vc_column column_width_percent=\u00bb100&#8243; gutter_size=\u00bb3&#8243; overlay_alpha=\u00bb50&#8243; [&hellip;]<\/p>\n","protected":false},"author":2,"featured_media":173962,"parent":172702,"menu_order":0,"comment_status":"closed","ping_status":"closed","template":"","meta":{"footnotes":""},"class_list":["post-172355","page","type-page","status-publish","has-post-thumbnail","hentry"],"yoast_head":"<!-- This site is optimized with the Yoast SEO plugin v27.5 - https:\/\/yoast.com\/product\/yoast-seo-wordpress\/ -->\n<title>Acerca de nosotros - CS Unitec<\/title>\n<meta name=\"description\" content=\"Sobre nosotros - Desde 1990, CS Unitec ha desarrollado una l\u00ednea de herramientas el\u00e9ctricas profesionales y herramientas de seguridad sin chispa de alta calidad.\" \/>\n<meta name=\"robots\" content=\"index, follow, max-snippet:-1, max-image-preview:large, max-video-preview:-1\" \/>\n<link rel=\"canonical\" href=\"https:\/\/csunitec.com\/es\/recursos\/acerca-de-nosotros\/\" \/>\n<meta property=\"og:locale\" content=\"es_ES\" \/>\n<meta property=\"og:type\" content=\"article\" \/>\n<meta property=\"og:title\" content=\"Acerca de nosotros - CS Unitec\" \/>\n<meta property=\"og:description\" content=\"Sobre nosotros - Desde 1990, CS Unitec ha desarrollado una l\u00ednea de herramientas el\u00e9ctricas profesionales y herramientas de seguridad sin chispa de alta calidad.\" \/>\n<meta property=\"og:url\" content=\"https:\/\/csunitec.com\/es\/recursos\/acerca-de-nosotros\/\" \/>\n<meta property=\"og:site_name\" content=\"CS Unitec\" \/>\n<meta property=\"article:modified_time\" content=\"2026-04-26T21:06:04+00:00\" \/>\n<meta property=\"og:image\" content=\"https:\/\/csunitec.com\/wp-content\/uploads\/2026\/04\/CSU-Slider-Revolution-Hero-Bevel.jpg\" \/>\n\t<meta property=\"og:image:width\" content=\"2000\" \/>\n\t<meta property=\"og:image:height\" content=\"500\" \/>\n\t<meta property=\"og:image:type\" content=\"image\/jpeg\" \/>\n<meta name=\"twitter:card\" content=\"summary_large_image\" \/>\n<meta name=\"twitter:label1\" content=\"Tiempo de lectura\" \/>\n\t<meta name=\"twitter:data1\" content=\"2 minutos\" \/>\n<script type=\"application\/ld+json\" class=\"yoast-schema-graph\">{\"@context\":\"https:\\\/\\\/schema.org\",\"@graph\":[{\"@type\":\"WebPage\",\"@id\":\"https:\\\/\\\/csunitec.com\\\/es\\\/recursos\\\/acerca-de-nosotros\\\/\",\"url\":\"https:\\\/\\\/csunitec.com\\\/es\\\/recursos\\\/acerca-de-nosotros\\\/\",\"name\":\"Acerca de nosotros - CS Unitec\",\"isPartOf\":{\"@id\":\"https:\\\/\\\/csunitec.com\\\/es\\\/#website\"},\"primaryImageOfPage\":{\"@id\":\"https:\\\/\\\/csunitec.com\\\/es\\\/recursos\\\/acerca-de-nosotros\\\/#primaryimage\"},\"image\":{\"@id\":\"https:\\\/\\\/csunitec.com\\\/es\\\/recursos\\\/acerca-de-nosotros\\\/#primaryimage\"},\"thumbnailUrl\":\"https:\\\/\\\/csunitec.com\\\/wp-content\\\/uploads\\\/2026\\\/04\\\/CSU-Slider-Revolution-Hero-Bevel.jpg\",\"datePublished\":\"2025-03-29T21:24:24+00:00\",\"dateModified\":\"2026-04-26T21:06:04+00:00\",\"description\":\"Sobre nosotros - Desde 1990, CS Unitec ha desarrollado una l\u00ednea de herramientas el\u00e9ctricas profesionales y herramientas de seguridad sin chispa de alta calidad.\",\"breadcrumb\":{\"@id\":\"https:\\\/\\\/csunitec.com\\\/es\\\/recursos\\\/acerca-de-nosotros\\\/#breadcrumb\"},\"inLanguage\":\"es\",\"potentialAction\":[{\"@type\":\"ReadAction\",\"target\":[\"https:\\\/\\\/csunitec.com\\\/es\\\/recursos\\\/acerca-de-nosotros\\\/\"]}]},{\"@type\":\"ImageObject\",\"inLanguage\":\"es\",\"@id\":\"https:\\\/\\\/csunitec.com\\\/es\\\/recursos\\\/acerca-de-nosotros\\\/#primaryimage\",\"url\":\"https:\\\/\\\/csunitec.com\\\/wp-content\\\/uploads\\\/2026\\\/04\\\/CSU-Slider-Revolution-Hero-Bevel.jpg\",\"contentUrl\":\"https:\\\/\\\/csunitec.com\\\/wp-content\\\/uploads\\\/2026\\\/04\\\/CSU-Slider-Revolution-Hero-Bevel.jpg\",\"width\":2000,\"height\":500},{\"@type\":\"BreadcrumbList\",\"@id\":\"https:\\\/\\\/csunitec.com\\\/es\\\/recursos\\\/acerca-de-nosotros\\\/#breadcrumb\",\"itemListElement\":[{\"@type\":\"ListItem\",\"position\":1,\"name\":\"Inicio\",\"item\":\"https:\\\/\\\/csunitec.com\\\/es\\\/\"},{\"@type\":\"ListItem\",\"position\":2,\"name\":\"Recursos\",\"item\":\"https:\\\/\\\/csunitec.com\\\/es\\\/recursos\\\/\"},{\"@type\":\"ListItem\",\"position\":3,\"name\":\"Acerca de nosotros\"}]},{\"@type\":\"WebSite\",\"@id\":\"https:\\\/\\\/csunitec.com\\\/es\\\/#website\",\"url\":\"https:\\\/\\\/csunitec.com\\\/es\\\/\",\"name\":\"CS Unitec\",\"description\":\"\",\"potentialAction\":[{\"@type\":\"SearchAction\",\"target\":{\"@type\":\"EntryPoint\",\"urlTemplate\":\"https:\\\/\\\/csunitec.com\\\/es\\\/?s={search_term_string}\"},\"query-input\":{\"@type\":\"PropertyValueSpecification\",\"valueRequired\":true,\"valueName\":\"search_term_string\"}}],\"inLanguage\":\"es\"}]}<\/script>\n<!-- \/ Yoast SEO plugin. -->","yoast_head_json":{"title":"Acerca de nosotros - CS Unitec","description":"Sobre nosotros - Desde 1990, CS Unitec ha desarrollado una l\u00ednea de herramientas el\u00e9ctricas profesionales y herramientas de seguridad sin chispa de alta calidad.","robots":{"index":"index","follow":"follow","max-snippet":"max-snippet:-1","max-image-preview":"max-image-preview:large","max-video-preview":"max-video-preview:-1"},"canonical":"https:\/\/csunitec.com\/es\/recursos\/acerca-de-nosotros\/","og_locale":"es_ES","og_type":"article","og_title":"Acerca de nosotros - CS Unitec","og_description":"Sobre nosotros - Desde 1990, CS Unitec ha desarrollado una l\u00ednea de herramientas el\u00e9ctricas profesionales y herramientas de seguridad sin chispa de alta calidad.","og_url":"https:\/\/csunitec.com\/es\/recursos\/acerca-de-nosotros\/","og_site_name":"CS Unitec","article_modified_time":"2026-04-26T21:06:04+00:00","og_image":[{"width":2000,"height":500,"url":"https:\/\/csunitec.com\/wp-content\/uploads\/2026\/04\/CSU-Slider-Revolution-Hero-Bevel.jpg","type":"image\/jpeg"}],"twitter_card":"summary_large_image","twitter_misc":{"Tiempo de lectura":"2 minutos"},"schema":{"@context":"https:\/\/schema.org","@graph":[{"@type":"WebPage","@id":"https:\/\/csunitec.com\/es\/recursos\/acerca-de-nosotros\/","url":"https:\/\/csunitec.com\/es\/recursos\/acerca-de-nosotros\/","name":"Acerca de nosotros - CS Unitec","isPartOf":{"@id":"https:\/\/csunitec.com\/es\/#website"},"primaryImageOfPage":{"@id":"https:\/\/csunitec.com\/es\/recursos\/acerca-de-nosotros\/#primaryimage"},"image":{"@id":"https:\/\/csunitec.com\/es\/recursos\/acerca-de-nosotros\/#primaryimage"},"thumbnailUrl":"https:\/\/csunitec.com\/wp-content\/uploads\/2026\/04\/CSU-Slider-Revolution-Hero-Bevel.jpg","datePublished":"2025-03-29T21:24:24+00:00","dateModified":"2026-04-26T21:06:04+00:00","description":"Sobre nosotros - Desde 1990, CS Unitec ha desarrollado una l\u00ednea de herramientas el\u00e9ctricas profesionales y herramientas de seguridad sin chispa de alta calidad.","breadcrumb":{"@id":"https:\/\/csunitec.com\/es\/recursos\/acerca-de-nosotros\/#breadcrumb"},"inLanguage":"es","potentialAction":[{"@type":"ReadAction","target":["https:\/\/csunitec.com\/es\/recursos\/acerca-de-nosotros\/"]}]},{"@type":"ImageObject","inLanguage":"es","@id":"https:\/\/csunitec.com\/es\/recursos\/acerca-de-nosotros\/#primaryimage","url":"https:\/\/csunitec.com\/wp-content\/uploads\/2026\/04\/CSU-Slider-Revolution-Hero-Bevel.jpg","contentUrl":"https:\/\/csunitec.com\/wp-content\/uploads\/2026\/04\/CSU-Slider-Revolution-Hero-Bevel.jpg","width":2000,"height":500},{"@type":"BreadcrumbList","@id":"https:\/\/csunitec.com\/es\/recursos\/acerca-de-nosotros\/#breadcrumb","itemListElement":[{"@type":"ListItem","position":1,"name":"Inicio","item":"https:\/\/csunitec.com\/es\/"},{"@type":"ListItem","position":2,"name":"Recursos","item":"https:\/\/csunitec.com\/es\/recursos\/"},{"@type":"ListItem","position":3,"name":"Acerca de nosotros"}]},{"@type":"WebSite","@id":"https:\/\/csunitec.com\/es\/#website","url":"https:\/\/csunitec.com\/es\/","name":"CS Unitec","description":"","potentialAction":[{"@type":"SearchAction","target":{"@type":"EntryPoint","urlTemplate":"https:\/\/csunitec.com\/es\/?s={search_term_string}"},"query-input":{"@type":"PropertyValueSpecification","valueRequired":true,"valueName":"search_term_string"}}],"inLanguage":"es"}]}},"_links":{"self":[{"href":"https:\/\/csunitec.com\/es\/wp-json\/wp\/v2\/pages\/172355","targetHints":{"allow":["GET"]}}],"collection":[{"href":"https:\/\/csunitec.com\/es\/wp-json\/wp\/v2\/pages"}],"about":[{"href":"https:\/\/csunitec.com\/es\/wp-json\/wp\/v2\/types\/page"}],"author":[{"embeddable":true,"href":"https:\/\/csunitec.com\/es\/wp-json\/wp\/v2\/users\/2"}],"replies":[{"embeddable":true,"href":"https:\/\/csunitec.com\/es\/wp-json\/wp\/v2\/comments?post=172355"}],"version-history":[{"count":0,"href":"https:\/\/csunitec.com\/es\/wp-json\/wp\/v2\/pages\/172355\/revisions"}],"up":[{"embeddable":true,"href":"https:\/\/csunitec.com\/es\/wp-json\/wp\/v2\/pages\/172702"}],"wp:featuredmedia":[{"embeddable":true,"href":"https:\/\/csunitec.com\/es\/wp-json\/wp\/v2\/media\/173962"}],"wp:attachment":[{"href":"https:\/\/csunitec.com\/es\/wp-json\/wp\/v2\/media?parent=172355"}],"curies":[{"name":"wp","href":"https:\/\/api.w.org\/{rel}","templated":true}]}}