{"id":172358,"date":"2025-09-03T02:53:12","date_gmt":"2025-09-03T06:53:12","guid":{"rendered":"https:\/\/stgcsunitec.wpenginepowered.com\/aspiracion-y-recogida-de-polvo\/"},"modified":"2026-04-26T18:10:51","modified_gmt":"2026-04-26T22:10:51","slug":"aspiracion-y-recogida-de-polvo","status":"publish","type":"page","link":"https:\/\/csunitec.com\/es\/productos\/aspiracion-y-recogida-de-polvo\/","title":{"rendered":"Aspiradores Industriales y Recogida de Polvo"},"content":{"rendered":"<div class=\"wpb-content-wrapper\"><p>[vc_row row_height_percent=\u00bb0&#8243; override_padding=\u00bbyes\u00bb h_padding=\u00bb2&#8243; top_padding=\u00bb3&#8243; bottom_padding=\u00bb2&#8243; overlay_alpha=\u00bb50&#8243; gutter_size=\u00bb3&#8243; column_width_percent=\u00bb100&#8243; shift_y=\u00bb0&#8243; z_index=\u00bb0&#8243; content_parallax=\u00bb0&#8243; uncode_shortcode_id=\u00bb553909&#8243;][vc_column column_width_percent=\u00bb100&#8243; gutter_size=\u00bb2&#8243; overlay_alpha=\u00bb50&#8243; shift_x=\u00bb0&#8243; shift_y=\u00bb0&#8243; shift_y_down=\u00bb0&#8243; z_index=\u00bb0&#8243; medium_width=\u00bb0&#8243; mobile_width=\u00bb0&#8243; width=\u00bb1\/2&#8243; uncode_shortcode_id=\u00bb286854&#8243;][vc_custom_heading text_color=\u00bbcolor-901489&#8243; heading_semantic=\u00bbh3&#8243; text_size=\u00bbh3&#8243; text_weight=\u00bb500&#8243; uncode_shortcode_id=\u00bb863892&#8243; text_color_type=\u00bbuncode-palette\u00bb]Aspiradores industriales HEPA El\u00e9ctricos y neum\u00e1ticos[\/vc_custom_heading][vc_custom_heading heading_semantic=\u00bbh4&#8243; text_size=\u00bbcustom\u00bb text_weight=\u00bb600&#8243; uncode_shortcode_id=\u00bb188477&#8243; heading_custom_size=\u00bb18&#8243;]Sistemas de recogida de polvo y aspiradores para herramientas el\u00e9ctricas[\/vc_custom_heading][vc_custom_heading heading_semantic=\u00bbp\u00bb text_size=\u00bbcustom\u00bb text_weight=\u00bb400&#8243; uncode_shortcode_id=\u00bb679307&#8243; heading_custom_size=\u00bb16&#8243;]La l\u00ednea de sistemas de recogida de polvo de CS Unitec con filtraci\u00f3n HEPA proporciona un trabajo libre de polvo cuando se combina con nuestras herramientas el\u00e9ctricas. Recoja polvo, polvo de hormig\u00f3n, polvo de paneles de yeso, revestimientos y m\u00e1s. El uso de nuestros aspiradores de recogida de polvo con nuestras herramientas el\u00e9ctricas ofrece una protecci\u00f3n adicional a los operarios. Un sistema de recogida de polvo ayudar\u00e1 a proteger a los trabajadores del polvo peligroso que se crea al taladrar, serrar y amolar hormig\u00f3n, mamposter\u00eda y metal. El polvo de s\u00edlice, las pinturas, los revestimientos y otros elementos pueden ser peligrosos para los operarios, y los usuarios de este equipo deben seguir todas las normativas de seguridad y de la OSHA.    <\/p>\n<p>&nbsp;<\/p>\n<p>Las mejores pr\u00e1cticas del sector, incluida la inversi\u00f3n en herramientas y equipos especializados en la recogida de polvo, pueden ayudar a los empleadores a proteger a los trabajadores y a mitigar los riesgos de seguridad.[\/vc_custom_heading][vc_custom_heading heading_semantic=\u00bbp\u00bb text_size=\u00bbcustom\u00bb text_weight=\u00bb600&#8243; uncode_shortcode_id=\u00bb515779&#8243; heading_custom_size=\u00bb16&#8243;]Control de la exposici\u00f3n a la s\u00edlice en la construcci\u00f3n con sistemas de recogida de polvo con filtraci\u00f3n HEPA[\/vc_custom_heading][\/vc_column][vc_column column_width_percent=\u00bb100&#8243; gutter_size=\u00bb3&#8243; overlay_alpha=\u00bb50&#8243; shift_x=\u00bb0&#8243; shift_y=\u00bb0&#8243; shift_y_down=\u00bb0&#8243; z_index=\u00bb0&#8243; medium_width=\u00bb0&#8243; mobile_visibility=\u00bbyes\u00bb mobile_width=\u00bb0&#8243; width=\u00bb1\/2&#8243; uncode_shortcode_id=\u00bb128064&#8243;][vc_single_image media=\u00bb172361&#8243; media_width_percent=\u00bb100&#8243; uncode_shortcode_id=\u00bb339872&#8243;][\/vc_column][\/vc_row][vc_row row_height_percent=\u00bb0&#8243; override_padding=\u00bbyes\u00bb h_padding=\u00bb2&#8243; top_padding=\u00bb2&#8243; bottom_padding=\u00bb2&#8243; overlay_alpha=\u00bb50&#8243; equal_height=\u00bbyes\u00bb gutter_size=\u00bb3&#8243; column_width_percent=\u00bb100&#8243; shift_y=\u00bb0&#8243; z_index=\u00bb0&#8243; content_parallax=\u00bb0&#8243; uncode_shortcode_id=\u00bb409690&#8243;][vc_column column_width_percent=\u00bb100&#8243; gutter_size=\u00bb2&#8243; expand_height=\u00bbyes\u00bb overlay_alpha=\u00bb50&#8243; preserve_border=\u00bbyes\u00bb preserve_border_tablet=\u00bbyes\u00bb preserve_border_mobile=\u00bbyes\u00bb border_color=\u00bbcolor-uydo\u00bb shift_x=\u00bb0&#8243; shift_y=\u00bb0&#8243; shift_y_down=\u00bb0&#8243; z_index=\u00bb0&#8243; medium_width=\u00bb0&#8243; mobile_width=\u00bb0&#8243; width=\u00bb2\/12&#8243; uncode_shortcode_id=\u00bb210947&#8243; css=\u00bb.vc_custom_1757375466955{border-top-width: 2px !important;border-right-width: 2px !important;border-bottom-width: 2px !important;border-left-width: 2px !important;padding-top: 0px !important;padding-right: 0px !important;padding-bottom: 0px !important;padding-left: 0px !important;}\u00bb border_color_type=\u00bbuncode-palette\u00bb][\/vc_column][vc_column column_width_percent=\u00bb100&#8243; gutter_size=\u00bb2&#8243; override_padding=\u00bbyes\u00bb column_padding=\u00bb2&#8243; overlay_alpha=\u00bb26&#8243; preserve_border=\u00bbyes\u00bb preserve_border_tablet=\u00bbyes\u00bb preserve_border_mobile=\u00bbyes\u00bb border_color=\u00bbcolor-uydo\u00bb border_style=\u00bbsolid\u00bb shift_x=\u00bb0&#8243; shift_y=\u00bb0&#8243; shift_y_down=\u00bb0&#8243; z_index=\u00bb0&#8243; medium_width=\u00bb0&#8243; mobile_width=\u00bb0&#8243; width=\u00bb4\/12&#8243; uncode_shortcode_id=\u00bb159649&#8243; border_color_type=\u00bbuncode-palette\u00bb css=\u00bb.vc_custom_1755448143300{border-top-width: 2px !important;border-right-width: 2px !important;border-bottom-width: 2px !important;border-left-width: 2px !important;padding-top: 0px !important;padding-right: 0px !important;padding-bottom: 6px !important;padding-left: 0px !important;}\u00bb][vc_single_image media=\u00bb172362&#8243; media_width_percent=\u00bb100&#8243; media_ratio=\u00bbone-one\u00bb uncode_shortcode_id=\u00bb638251&#8243; media_link=\u00bburl:https%3A%2F%2Fcsunitec.com%2Fproducts%2Fvacuum-dust-collection%2Felectric-vacuums%2F\u00bb][vc_row_inner][vc_column_inner column_width_percent=\u00bb100&#8243; gutter_size=\u00bb2&#8243; overlay_alpha=\u00bb50&#8243; shift_x=\u00bb0&#8243; shift_y=\u00bb0&#8243; shift_y_down=\u00bb0&#8243; z_index=\u00bb0&#8243; medium_width=\u00bb0&#8243; mobile_width=\u00bb0&#8243; width=\u00bb1\/1&#8243; uncode_shortcode_id=\u00bb144780&#8243; css=\u00bb.vc_custom_1755448253988{padding-bottom: 10px !important;padding-left: 10px !important;}\u00bb][vc_custom_heading heading_semantic=\u00bbh4&#8243; text_size=\u00bbh4&#8243; uncode_shortcode_id=\u00bb583981&#8243;]<a href=\"https:\/\/csunitec.com\/es\/productos\/aspiracion-y-recogida-de-polvo\/aspiradores-electricos\/\">Aspiradores el\u00e9ctricos<\/a>[\/vc_custom_heading][vc_custom_heading heading_semantic=\u00bbh5&#8243; text_size=\u00bbcustom\u00bb text_weight=\u00bb600&#8243; uncode_shortcode_id=\u00bb127403&#8243; heading_custom_size=\u00bb17&#8243;]Sistemas port\u00e1tiles de recogida de polvo en seco\/h\u00famedo para aplicaciones industriales y de construcci\u00f3n[\/vc_custom_heading][vc_custom_heading heading_semantic=\u00bbp\u00bb text_size=\u00bbcustom\u00bb text_weight=\u00bb400&#8243; uncode_shortcode_id=\u00bb398850&#8243; heading_custom_size=\u00bb15&#8243;]\u2022 Filtraci\u00f3n HEPA de alta eficiencia y est\u00e1ndar para la recogida de s\u00edlice y polvo general<br \/>\n\u2022 Limpieza autom\u00e1tica del filtro electromagn\u00e9tica o iPulse para un flujo de aire constante<br \/>\n\u2022 Compatible con amoladoras de hormig\u00f3n, sierras, rozadoras de muros, lijadoras y otras herramientas el\u00e9ctricas<br \/>\n\u2022 Modelos neum\u00e1ticos y con certificaci\u00f3n ATEX disponibles para entornos peligrosos<br \/>\n\u2022 Los accesorios incluyen mangueras, adaptadores, bolsas de filtro y kits de limpieza[\/vc_custom_heading][\/vc_column_inner][\/vc_row_inner][\/vc_column][vc_column column_width_percent=\u00bb100&#8243; gutter_size=\u00bb2&#8243; overlay_alpha=\u00bb50&#8243; preserve_border=\u00bbyes\u00bb preserve_border_tablet=\u00bbyes\u00bb preserve_border_mobile=\u00bbyes\u00bb border_color=\u00bbcolor-uydo\u00bb border_style=\u00bbsolid\u00bb shift_x=\u00bb0&#8243; shift_y=\u00bb0&#8243; shift_y_down=\u00bb0&#8243; z_index=\u00bb0&#8243; medium_width=\u00bb0&#8243; mobile_width=\u00bb0&#8243; width=\u00bb4\/12&#8243; uncode_shortcode_id=\u00bb780377&#8243; css=\u00bb.vc_custom_1755448323336{border-top-width: 2px !important;border-right-width: 2px !important;border-bottom-width: 2px !important;border-left-width: 2px !important;padding-top: 0px !important;padding-right: 0px !important;padding-bottom: 0px !important;padding-left: 0px !important;}\u00bb border_color_type=\u00bbuncode-palette\u00bb][vc_single_image media=\u00bb172360&#8243; media_width_percent=\u00bb100&#8243; media_ratio=\u00bbone-one\u00bb uncode_shortcode_id=\u00bb205598&#8243; media_link=\u00bburl:https%3A%2F%2Fcsunitec.com%2Fproducts%2Fvacuum-dust-collection%2Fair-vacuums%2F\u00bb][vc_row_inner][vc_column_inner column_width_percent=\u00bb100&#8243; gutter_size=\u00bb2&#8243; overlay_alpha=\u00bb50&#8243; shift_x=\u00bb0&#8243; shift_y=\u00bb0&#8243; shift_y_down=\u00bb0&#8243; z_index=\u00bb0&#8243; medium_width=\u00bb0&#8243; mobile_width=\u00bb0&#8243; width=\u00bb1\/1&#8243; uncode_shortcode_id=\u00bb144780&#8243; css=\u00bb.vc_custom_1755448253988{padding-bottom: 10px !important;padding-left: 10px !important;}\u00bb][vc_custom_heading heading_semantic=\u00bbh4&#8243; text_size=\u00bbh4&#8243; uncode_shortcode_id=\u00bb174747&#8243;]<a href=\"https:\/\/csunitec.com\/es\/productos\/aspiracion-y-recogida-de-polvo\/aspiradores-neumaticos\/\">Aspiradores neum\u00e1ticos<\/a>[\/vc_custom_heading][vc_custom_heading heading_semantic=\u00bbh5&#8243; text_size=\u00bbcustom\u00bb text_weight=\u00bb600&#8243; uncode_shortcode_id=\u00bb388181&#8243; heading_custom_size=\u00bb17&#8243;]Aspiradores neum\u00e1ticos y antiest\u00e1ticos de recogida de polvo para entornos peligrosos y zonas Ex[\/vc_custom_heading][vc_custom_heading heading_semantic=\u00bbp\u00bb text_size=\u00bbcustom\u00bb text_weight=\u00bb400&#8243; uncode_shortcode_id=\u00bb144212&#8243; heading_custom_size=\u00bb15&#8243;]\u2022 Recoge de forma segura polvo seco, residuos y l\u00edquidos no inflamables<br \/>\n\u2022 Certificaci\u00f3n ATEX para su uso en atm\u00f3sferas peligrosas<br \/>\n\u2022 Ideal para su uso con herramientas el\u00e9ctricas neum\u00e1ticas y equipos port\u00e1tiles<br \/>\n\u2022 Accesorios disponibles: mangueras, adaptadores, bolsas de filtro y kits de limpieza[\/vc_custom_heading][\/vc_column_inner][\/vc_row_inner][\/vc_column][vc_column column_width_percent=\u00bb100&#8243; gutter_size=\u00bb2&#8243; overlay_alpha=\u00bb50&#8243; preserve_border=\u00bbyes\u00bb preserve_border_tablet=\u00bbyes\u00bb preserve_border_mobile=\u00bbyes\u00bb border_color=\u00bbcolor-uydo\u00bb shift_x=\u00bb0&#8243; shift_y=\u00bb0&#8243; shift_y_down=\u00bb0&#8243; z_index=\u00bb0&#8243; medium_width=\u00bb0&#8243; mobile_width=\u00bb0&#8243; width=\u00bb2\/12&#8243; uncode_shortcode_id=\u00bb702898&#8243; css=\u00bb.vc_custom_1756868694891{border-top-width: 2px !important;border-right-width: 2px !important;border-bottom-width: 2px !important;border-left-width: 2px !important;padding-top: 0px !important;padding-right: 6px !important;padding-bottom: 0px !important;padding-left: 0px !important;}\u00bb border_color_type=\u00bbuncode-palette\u00bb][\/vc_column][\/vc_row][vc_row row_height_percent=\u00bb0&#8243; override_padding=\u00bbyes\u00bb h_padding=\u00bb0&#8243; top_padding=\u00bb2&#8243; bottom_padding=\u00bb2&#8243; overlay_alpha=\u00bb50&#8243; gutter_size=\u00bb3&#8243; column_width_percent=\u00bb100&#8243; shift_y=\u00bb0&#8243; z_index=\u00bb0&#8243; content_parallax=\u00bb0&#8243; uncode_shortcode_id=\u00bb865713&#8243;][vc_column width=\u00bb1\/1&#8243;][vc_custom_heading heading_semantic=\u00bbh4&#8243; text_size=\u00bbh4&#8243; uncode_shortcode_id=\u00bb170012&#8243;]<\/p>\n<div class=\"block-header-title\">Aviso de seguridad<\/div>\n<p>[\/vc_custom_heading][vc_custom_heading heading_semantic=\u00bbh5&#8243; text_size=\u00bbcustom\u00bb text_weight=\u00bb600&#8243; uncode_shortcode_id=\u00bb504406&#8243; heading_custom_size=\u00bb17&#8243;]<\/p>\n<div class=\"block-title\">\n<p>Declaraci\u00f3n de seguridad sobre el polvo de s\u00edlice<\/p>\n<\/div>\n<p>[\/vc_custom_heading][vc_custom_heading heading_semantic=\u00bbp\u00bb text_size=\u00bbcustom\u00bb text_weight=\u00bb400&#8243; uncode_shortcode_id=\u00bb607489&#8243; heading_custom_size=\u00bb15&#8243;]Es responsabilidad de cada empresa seguir todas las normativas de seguridad locales, estatales y de la OSHA, incluida la captura y supresi\u00f3n del polvo de s\u00edlice cristalina. Para obtener m\u00e1s informaci\u00f3n sobre las directrices y normativas de la OSHA relativas a la recogida de polvo de s\u00edlice, visite los siguientes enlaces: <\/p>\n<ul>\n<li><a href=\"http:\/\/www.osha.gov\/silica\/SilicaConstructionRegText.pdf\" target=\"_blank\" rel=\"noopener\">Normativas de construcci\u00f3n sobre la s\u00edlice<\/a><\/li>\n<li><a href=\"http:\/\/www.osha.gov\/silica\/\" target=\"_blank\" rel=\"noopener\">Normativas de la OSHA<\/a><\/li>\n<li><a href=\"http:\/\/www.silica-safe.org\/\" target=\"_blank\" rel=\"noopener\">Trabaje de forma segura con la s\u00edlice<\/a><\/li>\n<\/ul>\n<p>[\/vc_custom_heading][vc_custom_heading heading_semantic=\u00bbp\u00bb text_size=\u00bbcustom\u00bb text_weight=\u00bb400&#8243; uncode_shortcode_id=\u00bb182697&#8243; heading_custom_size=\u00bb15&#8243;]No dude en llamarnos si tiene alguna pregunta al 866-983-6427.[\/vc_custom_heading][\/vc_column][\/vc_row]<\/p>\n<\/div>","protected":false},"excerpt":{"rendered":"<p>[vc_row row_height_percent=\u00bb0&#8243; override_padding=\u00bbyes\u00bb h_padding=\u00bb2&#8243; top_padding=\u00bb3&#8243; bottom_padding=\u00bb2&#8243; overlay_alpha=\u00bb50&#8243; gutter_size=\u00bb3&#8243; column_width_percent=\u00bb100&#8243; shift_y=\u00bb0&#8243; z_index=\u00bb0&#8243; content_parallax=\u00bb0&#8243; uncode_shortcode_id=\u00bb553909&#8243;][vc_column column_width_percent=\u00bb100&#8243; gutter_size=\u00bb2&#8243; overlay_alpha=\u00bb50&#8243; shift_x=\u00bb0&#8243; shift_y=\u00bb0&#8243; shift_y_down=\u00bb0&#8243; z_index=\u00bb0&#8243; [&hellip;]<\/p>\n","protected":false},"author":3,"featured_media":172363,"parent":172699,"menu_order":0,"comment_status":"closed","ping_status":"closed","template":"","meta":{"footnotes":""},"class_list":["post-172358","page","type-page","status-publish","has-post-thumbnail","hentry"],"yoast_head":"<!-- This site is optimized with the Yoast SEO plugin v27.5 - https:\/\/yoast.com\/product\/yoast-seo-wordpress\/ -->\n<title>Aspiradores Industriales y Recogida de Polvo - CS Unitec<\/title>\n<meta name=\"description\" content=\"La aspiraci\u00f3n y la recogida de polvo proporcionan un trabajo sin polvo cuando se combinan con nuestras herramientas. Recoja polvo, polvo de hormig\u00f3n, polvo de yeso laminado, recubrimientos y m\u00e1s.\" \/>\n<meta name=\"robots\" content=\"index, follow, max-snippet:-1, max-image-preview:large, max-video-preview:-1\" \/>\n<link rel=\"canonical\" href=\"https:\/\/csunitec.com\/es\/productos\/aspiracion-y-recogida-de-polvo\/\" \/>\n<meta property=\"og:locale\" content=\"es_ES\" \/>\n<meta property=\"og:type\" content=\"article\" \/>\n<meta property=\"og:title\" content=\"Aspiradores Industriales y Recogida de Polvo - CS Unitec\" \/>\n<meta property=\"og:description\" content=\"La aspiraci\u00f3n y la recogida de polvo proporcionan un trabajo sin polvo cuando se combinan con nuestras herramientas. Recoja polvo, polvo de hormig\u00f3n, polvo de yeso laminado, recubrimientos y m\u00e1s.\" \/>\n<meta property=\"og:url\" content=\"https:\/\/csunitec.com\/es\/productos\/aspiracion-y-recogida-de-polvo\/\" \/>\n<meta property=\"og:site_name\" content=\"CS Unitec\" \/>\n<meta property=\"article:modified_time\" content=\"2026-04-26T22:10:51+00:00\" \/>\n<meta property=\"og:image\" content=\"https:\/\/csunitec.com\/wp-content\/uploads\/2025\/07\/products-vacuum-dust-collection.jpg\" \/>\n\t<meta property=\"og:image:width\" content=\"2000\" \/>\n\t<meta property=\"og:image:height\" content=\"500\" \/>\n\t<meta property=\"og:image:type\" content=\"image\/jpeg\" \/>\n<meta name=\"twitter:card\" content=\"summary_large_image\" \/>\n<meta name=\"twitter:label1\" content=\"Tiempo de lectura\" \/>\n\t<meta name=\"twitter:data1\" content=\"7 minutos\" \/>\n<script type=\"application\/ld+json\" class=\"yoast-schema-graph\">{\"@context\":\"https:\\\/\\\/schema.org\",\"@graph\":[{\"@type\":\"WebPage\",\"@id\":\"https:\\\/\\\/csunitec.com\\\/es\\\/productos\\\/aspiracion-y-recogida-de-polvo\\\/\",\"url\":\"https:\\\/\\\/csunitec.com\\\/es\\\/productos\\\/aspiracion-y-recogida-de-polvo\\\/\",\"name\":\"Aspiradores Industriales y Recogida de Polvo - CS Unitec\",\"isPartOf\":{\"@id\":\"https:\\\/\\\/csunitec.com\\\/es\\\/#website\"},\"primaryImageOfPage\":{\"@id\":\"https:\\\/\\\/csunitec.com\\\/es\\\/productos\\\/aspiracion-y-recogida-de-polvo\\\/#primaryimage\"},\"image\":{\"@id\":\"https:\\\/\\\/csunitec.com\\\/es\\\/productos\\\/aspiracion-y-recogida-de-polvo\\\/#primaryimage\"},\"thumbnailUrl\":\"https:\\\/\\\/csunitec.com\\\/wp-content\\\/uploads\\\/2025\\\/07\\\/products-vacuum-dust-collection.jpg\",\"datePublished\":\"2025-09-03T06:53:12+00:00\",\"dateModified\":\"2026-04-26T22:10:51+00:00\",\"description\":\"La aspiraci\u00f3n y la recogida de polvo proporcionan un trabajo sin polvo cuando se combinan con nuestras herramientas. Recoja polvo, polvo de hormig\u00f3n, polvo de yeso laminado, recubrimientos y m\u00e1s.\",\"breadcrumb\":{\"@id\":\"https:\\\/\\\/csunitec.com\\\/es\\\/productos\\\/aspiracion-y-recogida-de-polvo\\\/#breadcrumb\"},\"inLanguage\":\"es\",\"potentialAction\":[{\"@type\":\"ReadAction\",\"target\":[\"https:\\\/\\\/csunitec.com\\\/es\\\/productos\\\/aspiracion-y-recogida-de-polvo\\\/\"]}]},{\"@type\":\"ImageObject\",\"inLanguage\":\"es\",\"@id\":\"https:\\\/\\\/csunitec.com\\\/es\\\/productos\\\/aspiracion-y-recogida-de-polvo\\\/#primaryimage\",\"url\":\"https:\\\/\\\/csunitec.com\\\/wp-content\\\/uploads\\\/2025\\\/07\\\/products-vacuum-dust-collection.jpg\",\"contentUrl\":\"https:\\\/\\\/csunitec.com\\\/wp-content\\\/uploads\\\/2025\\\/07\\\/products-vacuum-dust-collection.jpg\",\"width\":2000,\"height\":500},{\"@type\":\"BreadcrumbList\",\"@id\":\"https:\\\/\\\/csunitec.com\\\/es\\\/productos\\\/aspiracion-y-recogida-de-polvo\\\/#breadcrumb\",\"itemListElement\":[{\"@type\":\"ListItem\",\"position\":1,\"name\":\"Inicio\",\"item\":\"https:\\\/\\\/csunitec.com\\\/es\\\/\"},{\"@type\":\"ListItem\",\"position\":2,\"name\":\"Productos\",\"item\":\"https:\\\/\\\/csunitec.com\\\/es\\\/productos\\\/\"},{\"@type\":\"ListItem\",\"position\":3,\"name\":\"Aspiradores Industriales y Recogida de Polvo\"}]},{\"@type\":\"WebSite\",\"@id\":\"https:\\\/\\\/csunitec.com\\\/es\\\/#website\",\"url\":\"https:\\\/\\\/csunitec.com\\\/es\\\/\",\"name\":\"CS Unitec\",\"description\":\"\",\"potentialAction\":[{\"@type\":\"SearchAction\",\"target\":{\"@type\":\"EntryPoint\",\"urlTemplate\":\"https:\\\/\\\/csunitec.com\\\/es\\\/?s={search_term_string}\"},\"query-input\":{\"@type\":\"PropertyValueSpecification\",\"valueRequired\":true,\"valueName\":\"search_term_string\"}}],\"inLanguage\":\"es\"}]}<\/script>\n<!-- \/ Yoast SEO plugin. -->","yoast_head_json":{"title":"Aspiradores Industriales y Recogida de Polvo - CS Unitec","description":"La aspiraci\u00f3n y la recogida de polvo proporcionan un trabajo sin polvo cuando se combinan con nuestras herramientas. Recoja polvo, polvo de hormig\u00f3n, polvo de yeso laminado, recubrimientos y m\u00e1s.","robots":{"index":"index","follow":"follow","max-snippet":"max-snippet:-1","max-image-preview":"max-image-preview:large","max-video-preview":"max-video-preview:-1"},"canonical":"https:\/\/csunitec.com\/es\/productos\/aspiracion-y-recogida-de-polvo\/","og_locale":"es_ES","og_type":"article","og_title":"Aspiradores Industriales y Recogida de Polvo - CS Unitec","og_description":"La aspiraci\u00f3n y la recogida de polvo proporcionan un trabajo sin polvo cuando se combinan con nuestras herramientas. Recoja polvo, polvo de hormig\u00f3n, polvo de yeso laminado, recubrimientos y m\u00e1s.","og_url":"https:\/\/csunitec.com\/es\/productos\/aspiracion-y-recogida-de-polvo\/","og_site_name":"CS Unitec","article_modified_time":"2026-04-26T22:10:51+00:00","og_image":[{"width":2000,"height":500,"url":"https:\/\/csunitec.com\/wp-content\/uploads\/2025\/07\/products-vacuum-dust-collection.jpg","type":"image\/jpeg"}],"twitter_card":"summary_large_image","twitter_misc":{"Tiempo de lectura":"7 minutos"},"schema":{"@context":"https:\/\/schema.org","@graph":[{"@type":"WebPage","@id":"https:\/\/csunitec.com\/es\/productos\/aspiracion-y-recogida-de-polvo\/","url":"https:\/\/csunitec.com\/es\/productos\/aspiracion-y-recogida-de-polvo\/","name":"Aspiradores Industriales y Recogida de Polvo - CS Unitec","isPartOf":{"@id":"https:\/\/csunitec.com\/es\/#website"},"primaryImageOfPage":{"@id":"https:\/\/csunitec.com\/es\/productos\/aspiracion-y-recogida-de-polvo\/#primaryimage"},"image":{"@id":"https:\/\/csunitec.com\/es\/productos\/aspiracion-y-recogida-de-polvo\/#primaryimage"},"thumbnailUrl":"https:\/\/csunitec.com\/wp-content\/uploads\/2025\/07\/products-vacuum-dust-collection.jpg","datePublished":"2025-09-03T06:53:12+00:00","dateModified":"2026-04-26T22:10:51+00:00","description":"La aspiraci\u00f3n y la recogida de polvo proporcionan un trabajo sin polvo cuando se combinan con nuestras herramientas. Recoja polvo, polvo de hormig\u00f3n, polvo de yeso laminado, recubrimientos y m\u00e1s.","breadcrumb":{"@id":"https:\/\/csunitec.com\/es\/productos\/aspiracion-y-recogida-de-polvo\/#breadcrumb"},"inLanguage":"es","potentialAction":[{"@type":"ReadAction","target":["https:\/\/csunitec.com\/es\/productos\/aspiracion-y-recogida-de-polvo\/"]}]},{"@type":"ImageObject","inLanguage":"es","@id":"https:\/\/csunitec.com\/es\/productos\/aspiracion-y-recogida-de-polvo\/#primaryimage","url":"https:\/\/csunitec.com\/wp-content\/uploads\/2025\/07\/products-vacuum-dust-collection.jpg","contentUrl":"https:\/\/csunitec.com\/wp-content\/uploads\/2025\/07\/products-vacuum-dust-collection.jpg","width":2000,"height":500},{"@type":"BreadcrumbList","@id":"https:\/\/csunitec.com\/es\/productos\/aspiracion-y-recogida-de-polvo\/#breadcrumb","itemListElement":[{"@type":"ListItem","position":1,"name":"Inicio","item":"https:\/\/csunitec.com\/es\/"},{"@type":"ListItem","position":2,"name":"Productos","item":"https:\/\/csunitec.com\/es\/productos\/"},{"@type":"ListItem","position":3,"name":"Aspiradores Industriales y Recogida de Polvo"}]},{"@type":"WebSite","@id":"https:\/\/csunitec.com\/es\/#website","url":"https:\/\/csunitec.com\/es\/","name":"CS Unitec","description":"","potentialAction":[{"@type":"SearchAction","target":{"@type":"EntryPoint","urlTemplate":"https:\/\/csunitec.com\/es\/?s={search_term_string}"},"query-input":{"@type":"PropertyValueSpecification","valueRequired":true,"valueName":"search_term_string"}}],"inLanguage":"es"}]}},"_links":{"self":[{"href":"https:\/\/csunitec.com\/es\/wp-json\/wp\/v2\/pages\/172358","targetHints":{"allow":["GET"]}}],"collection":[{"href":"https:\/\/csunitec.com\/es\/wp-json\/wp\/v2\/pages"}],"about":[{"href":"https:\/\/csunitec.com\/es\/wp-json\/wp\/v2\/types\/page"}],"author":[{"embeddable":true,"href":"https:\/\/csunitec.com\/es\/wp-json\/wp\/v2\/users\/3"}],"replies":[{"embeddable":true,"href":"https:\/\/csunitec.com\/es\/wp-json\/wp\/v2\/comments?post=172358"}],"version-history":[{"count":0,"href":"https:\/\/csunitec.com\/es\/wp-json\/wp\/v2\/pages\/172358\/revisions"}],"up":[{"embeddable":true,"href":"https:\/\/csunitec.com\/es\/wp-json\/wp\/v2\/pages\/172699"}],"wp:featuredmedia":[{"embeddable":true,"href":"https:\/\/csunitec.com\/es\/wp-json\/wp\/v2\/media\/172363"}],"wp:attachment":[{"href":"https:\/\/csunitec.com\/es\/wp-json\/wp\/v2\/media?parent=172358"}],"curies":[{"name":"wp","href":"https:\/\/api.w.org\/{rel}","templated":true}]}}