{"id":172522,"date":"2025-09-01T01:17:16","date_gmt":"2025-09-01T05:17:16","guid":{"rendered":"https:\/\/stgcsunitec.wpenginepowered.com\/herramientas-de-seguridad-antichispa\/kits-de-herramientas\/"},"modified":"2026-04-26T18:17:20","modified_gmt":"2026-04-26T22:17:20","slug":"kits-de-herramientas","status":"publish","type":"page","link":"https:\/\/csunitec.com\/es\/productos\/herramientas-de-seguridad-antichispa\/kits-de-herramientas\/","title":{"rendered":"Kits de herramientas"},"content":{"rendered":"<div class=\"facetwp-template\" data-name=\"products_safety_tools_tool_kits\"><div class=\"fwpl-layout el-8w2k4\"><div class=\"fwpl-result r1\"><div class=\"fwpl-row el-0feju4\"><div class=\"fwpl-col fwpl-col el-lj7vtd\"><div class=\"fwpl-item el-ldqjo74\"><a href=\"https:\/\/csunitec.com\/es\/producto\/kit-de-herramientas-de-11-piezas\/\"><img decoding=\"async\" width=\"300\" height=\"300\" data-src=\"https:\/\/csunitec.com\/wp-content\/uploads\/2025\/04\/11-Piece-Hazmat-Kit-2-2-1-300x300.png\" class=\"attachment-medium size-medium wp-post-image lazyload\" alt=\"tool kits\" data-srcset=\"https:\/\/csunitec.com\/wp-content\/uploads\/2025\/04\/11-Piece-Hazmat-Kit-2-2-1-300x300.png 300w, https:\/\/csunitec.com\/wp-content\/uploads\/2025\/04\/11-Piece-Hazmat-Kit-2-2-1-150x150.png 150w, https:\/\/csunitec.com\/wp-content\/uploads\/2025\/04\/11-Piece-Hazmat-Kit-2-2-1-768x768.png 768w, https:\/\/csunitec.com\/wp-content\/uploads\/2025\/04\/11-Piece-Hazmat-Kit-2-2-1-350x350.png 350w, https:\/\/csunitec.com\/wp-content\/uploads\/2025\/04\/11-Piece-Hazmat-Kit-2-2-1-348x348.png 348w, https:\/\/csunitec.com\/wp-content\/uploads\/2025\/04\/11-Piece-Hazmat-Kit-2-2-1-600x600.png 600w, https:\/\/csunitec.com\/wp-content\/uploads\/2025\/04\/11-Piece-Hazmat-Kit-2-2-1-100x100.png 100w, https:\/\/csunitec.com\/wp-content\/uploads\/2025\/04\/11-Piece-Hazmat-Kit-2-2-1-uai-720x720.png 720w, https:\/\/csunitec.com\/wp-content\/uploads\/2025\/04\/11-Piece-Hazmat-Kit-2-2-1-uai-900x900.png 900w, https:\/\/csunitec.com\/wp-content\/uploads\/2025\/04\/11-Piece-Hazmat-Kit-2-2-1.png 1000w\" data-sizes=\"(max-width: 300px) 100vw, 300px\" src=\"data:image\/svg+xml;base64,PHN2ZyB3aWR0aD0iMSIgaGVpZ2h0PSIxIiB4bWxucz0iaHR0cDovL3d3dy53My5vcmcvMjAwMC9zdmciPjwvc3ZnPg==\" style=\"--smush-placeholder-width: 300px; --smush-placeholder-aspect-ratio: 300\/300;\" \/><\/a><\/div><div class=\"fwpl-item el-qkky1a listing-cat is-empty\"><\/div><div class=\"fwpl-item el-fq3af listing-cat\"><span class=\"fwpl-term fwpl-term-kit fwpl-tax-hand_tool_type\">Kit<\/span><\/div><div class=\"fwpl-item el-xkm49v listing-cat is-empty\"><\/div><div class=\"fwpl-item el-e3dlag\"><a href=\"https:\/\/csunitec.com\/es\/producto\/kit-de-herramientas-de-11-piezas\/\">Kit de herramientas de 11 piezas<\/a><\/div><div class=\"fwpl-item el-ww0hp9\"><ul>\n \t<li>Sin chispas<\/li>\n \t<li>No magn\u00e9tico<\/li>\n \t<li>Resistente a la corrosi\u00f3n<\/li>\n<\/ul><\/div><\/div><\/div><\/div><div class=\"fwpl-result r2\"><div class=\"fwpl-row el-0feju4\"><div class=\"fwpl-col fwpl-col el-lj7vtd\"><div class=\"fwpl-item el-ldqjo74\"><a href=\"https:\/\/csunitec.com\/es\/producto\/kit-de-herramientas-de-24-piezas\/\"><img decoding=\"async\" width=\"300\" height=\"300\" data-src=\"https:\/\/csunitec.com\/wp-content\/uploads\/2025\/04\/11-Piece-Hazmat-Kit-2-2-1-300x300.png\" class=\"attachment-medium size-medium wp-post-image lazyload\" alt=\"tool kits\" data-srcset=\"https:\/\/csunitec.com\/wp-content\/uploads\/2025\/04\/11-Piece-Hazmat-Kit-2-2-1-300x300.png 300w, https:\/\/csunitec.com\/wp-content\/uploads\/2025\/04\/11-Piece-Hazmat-Kit-2-2-1-150x150.png 150w, https:\/\/csunitec.com\/wp-content\/uploads\/2025\/04\/11-Piece-Hazmat-Kit-2-2-1-768x768.png 768w, https:\/\/csunitec.com\/wp-content\/uploads\/2025\/04\/11-Piece-Hazmat-Kit-2-2-1-350x350.png 350w, https:\/\/csunitec.com\/wp-content\/uploads\/2025\/04\/11-Piece-Hazmat-Kit-2-2-1-348x348.png 348w, https:\/\/csunitec.com\/wp-content\/uploads\/2025\/04\/11-Piece-Hazmat-Kit-2-2-1-600x600.png 600w, https:\/\/csunitec.com\/wp-content\/uploads\/2025\/04\/11-Piece-Hazmat-Kit-2-2-1-100x100.png 100w, https:\/\/csunitec.com\/wp-content\/uploads\/2025\/04\/11-Piece-Hazmat-Kit-2-2-1-uai-720x720.png 720w, https:\/\/csunitec.com\/wp-content\/uploads\/2025\/04\/11-Piece-Hazmat-Kit-2-2-1-uai-900x900.png 900w, https:\/\/csunitec.com\/wp-content\/uploads\/2025\/04\/11-Piece-Hazmat-Kit-2-2-1.png 1000w\" data-sizes=\"(max-width: 300px) 100vw, 300px\" src=\"data:image\/svg+xml;base64,PHN2ZyB3aWR0aD0iMSIgaGVpZ2h0PSIxIiB4bWxucz0iaHR0cDovL3d3dy53My5vcmcvMjAwMC9zdmciPjwvc3ZnPg==\" style=\"--smush-placeholder-width: 300px; --smush-placeholder-aspect-ratio: 300\/300;\" \/><\/a><\/div><div class=\"fwpl-item el-qkky1a listing-cat is-empty\"><\/div><div class=\"fwpl-item el-fq3af listing-cat\"><span class=\"fwpl-term fwpl-term-kit fwpl-tax-hand_tool_type\">Kit<\/span><\/div><div class=\"fwpl-item el-xkm49v listing-cat is-empty\"><\/div><div class=\"fwpl-item el-e3dlag\"><a href=\"https:\/\/csunitec.com\/es\/producto\/kit-de-herramientas-de-24-piezas\/\">Kit de herramientas de 24 piezas<\/a><\/div><div class=\"fwpl-item el-ww0hp9\"><ul>\n \t<li>Sin chispas<\/li>\n \t<li>No magn\u00e9tico<\/li>\n \t<li>Resistente a la corrosi\u00f3n<\/li>\n<\/ul><\/div><\/div><\/div><\/div><\/div>\n<style>\n.fwpl-layout, .fwpl-row {\n    display: grid;\n}\n.fwpl-layout.el-8w2k4 {\n    grid-template-columns: repeat(3, 1fr);\n    grid-gap: 10px;\n}\n.fwpl-btn {\n    text-decoration: none;\n}\n.fwpl-row.el-0feju4 {\n    grid-template-columns: 1fr;\n    text-align: center;\n}\n.fwpl-col.el-lj7vtd {\n    text-align: center;\n}\n.fwpl-item.el-ldqjo74 {\n    text-align: center;\n}\n.fwpl-item.el-qkky1a {\n    font-size: 11px;\n    color: #028f00;\n}\n.fwpl-item.el-fq3af {\n    font-size: 11px;\n    color: #028f00;\n}\n.fwpl-item.el-xkm49v {\n    font-size: 11px;\n    color: #028f00;\n}\n.fwpl-item.el-e3dlag {\n    text-align: center;\n    font-size: 20px;\n}\n@media (max-width: 480px) { \n    body .facetwp-template .fwpl-layout,  \n    body .facetwp-template-static .fwpl-layout { grid-template-columns: 1fr; } \n} \n\n<\/style>\n<\/div>\n","protected":false},"excerpt":{"rendered":"<h3>Kits de herramientas antichispa y no magn\u00e9ticas<\/h3>\n<p><span style=\"font-weight:400;\">Para aplicaciones en las que se necesitan varias herramientas, CS Unitec ofrece una variedad de kits de herramientas antichispa y no magn\u00e9ticas. Adem\u00e1s de los kits que se muestran a continuaci\u00f3n, tambi\u00e9n podemos dise\u00f1ar un kit a medida para satisfacer sus requisitos espec\u00edficos. P\u00f3ngase en contacto con nosotros para obtener m\u00e1s informaci\u00f3n.<\/span><\/p>\n","protected":false},"author":2,"featured_media":171849,"parent":172388,"menu_order":0,"comment_status":"closed","ping_status":"closed","template":"","meta":{"footnotes":""},"class_list":["post-172522","page","type-page","status-publish","has-post-thumbnail","hentry"],"yoast_head":"<!-- This site is optimized with the Yoast SEO plugin v27.5 - https:\/\/yoast.com\/product\/yoast-seo-wordpress\/ -->\n<title>Kits de herramientas - CS Unitec<\/title>\n<meta name=\"robots\" content=\"index, follow, max-snippet:-1, max-image-preview:large, max-video-preview:-1\" \/>\n<link rel=\"canonical\" href=\"https:\/\/csunitec.com\/es\/productos\/herramientas-de-seguridad-antichispa\/kits-de-herramientas\/\" \/>\n<meta property=\"og:locale\" content=\"es_ES\" \/>\n<meta property=\"og:type\" content=\"article\" \/>\n<meta property=\"og:title\" content=\"Kits de herramientas - CS Unitec\" \/>\n<meta property=\"og:description\" content=\"Kits de herramientas antichispa y no magn\u00e9ticas Para aplicaciones en las que se necesitan varias herramientas, CS Unitec ofrece una variedad de kits de herramientas antichispa y no magn\u00e9ticas. Adem\u00e1s de los kits que se muestran a continuaci\u00f3n, tambi\u00e9n podemos dise\u00f1ar un kit a medida para satisfacer sus requisitos espec\u00edficos. P\u00f3ngase en contacto con nosotros para obtener m\u00e1s informaci\u00f3n.\" \/>\n<meta property=\"og:url\" content=\"https:\/\/csunitec.com\/es\/productos\/herramientas-de-seguridad-antichispa\/kits-de-herramientas\/\" \/>\n<meta property=\"og:site_name\" content=\"CS Unitec\" \/>\n<meta property=\"article:modified_time\" content=\"2026-04-26T22:17:20+00:00\" \/>\n<meta property=\"og:image\" content=\"https:\/\/csunitec.com\/wp-content\/uploads\/2026\/02\/SAFETY-KITS.jpg\" \/>\n\t<meta property=\"og:image:width\" content=\"2000\" \/>\n\t<meta property=\"og:image:height\" content=\"500\" \/>\n\t<meta property=\"og:image:type\" content=\"image\/jpeg\" \/>\n<meta name=\"twitter:card\" content=\"summary_large_image\" \/>\n<meta name=\"twitter:label1\" content=\"Tiempo de lectura\" \/>\n\t<meta name=\"twitter:data1\" content=\"1 minuto\" \/>\n<script type=\"application\/ld+json\" class=\"yoast-schema-graph\">{\"@context\":\"https:\\\/\\\/schema.org\",\"@graph\":[{\"@type\":\"WebPage\",\"@id\":\"https:\\\/\\\/csunitec.com\\\/es\\\/productos\\\/herramientas-de-seguridad-antichispa\\\/kits-de-herramientas\\\/\",\"url\":\"https:\\\/\\\/csunitec.com\\\/es\\\/productos\\\/herramientas-de-seguridad-antichispa\\\/kits-de-herramientas\\\/\",\"name\":\"Kits de herramientas - CS Unitec\",\"isPartOf\":{\"@id\":\"https:\\\/\\\/csunitec.com\\\/es\\\/#website\"},\"primaryImageOfPage\":{\"@id\":\"https:\\\/\\\/csunitec.com\\\/es\\\/productos\\\/herramientas-de-seguridad-antichispa\\\/kits-de-herramientas\\\/#primaryimage\"},\"image\":{\"@id\":\"https:\\\/\\\/csunitec.com\\\/es\\\/productos\\\/herramientas-de-seguridad-antichispa\\\/kits-de-herramientas\\\/#primaryimage\"},\"thumbnailUrl\":\"https:\\\/\\\/csunitec.com\\\/wp-content\\\/uploads\\\/2026\\\/02\\\/SAFETY-KITS.jpg\",\"datePublished\":\"2025-09-01T05:17:16+00:00\",\"dateModified\":\"2026-04-26T22:17:20+00:00\",\"breadcrumb\":{\"@id\":\"https:\\\/\\\/csunitec.com\\\/es\\\/productos\\\/herramientas-de-seguridad-antichispa\\\/kits-de-herramientas\\\/#breadcrumb\"},\"inLanguage\":\"es\",\"potentialAction\":[{\"@type\":\"ReadAction\",\"target\":[\"https:\\\/\\\/csunitec.com\\\/es\\\/productos\\\/herramientas-de-seguridad-antichispa\\\/kits-de-herramientas\\\/\"]}]},{\"@type\":\"ImageObject\",\"inLanguage\":\"es\",\"@id\":\"https:\\\/\\\/csunitec.com\\\/es\\\/productos\\\/herramientas-de-seguridad-antichispa\\\/kits-de-herramientas\\\/#primaryimage\",\"url\":\"https:\\\/\\\/csunitec.com\\\/wp-content\\\/uploads\\\/2026\\\/02\\\/SAFETY-KITS.jpg\",\"contentUrl\":\"https:\\\/\\\/csunitec.com\\\/wp-content\\\/uploads\\\/2026\\\/02\\\/SAFETY-KITS.jpg\",\"width\":2000,\"height\":500},{\"@type\":\"BreadcrumbList\",\"@id\":\"https:\\\/\\\/csunitec.com\\\/es\\\/productos\\\/herramientas-de-seguridad-antichispa\\\/kits-de-herramientas\\\/#breadcrumb\",\"itemListElement\":[{\"@type\":\"ListItem\",\"position\":1,\"name\":\"Inicio\",\"item\":\"https:\\\/\\\/csunitec.com\\\/es\\\/\"},{\"@type\":\"ListItem\",\"position\":2,\"name\":\"Productos\",\"item\":\"https:\\\/\\\/csunitec.com\\\/es\\\/productos\\\/\"},{\"@type\":\"ListItem\",\"position\":3,\"name\":\"Herramientas de seguridad antichispa\",\"item\":\"https:\\\/\\\/csunitec.com\\\/es\\\/productos\\\/herramientas-de-seguridad-antichispa\\\/\"},{\"@type\":\"ListItem\",\"position\":4,\"name\":\"Kits de herramientas\"}]},{\"@type\":\"WebSite\",\"@id\":\"https:\\\/\\\/csunitec.com\\\/es\\\/#website\",\"url\":\"https:\\\/\\\/csunitec.com\\\/es\\\/\",\"name\":\"CS Unitec\",\"description\":\"\",\"potentialAction\":[{\"@type\":\"SearchAction\",\"target\":{\"@type\":\"EntryPoint\",\"urlTemplate\":\"https:\\\/\\\/csunitec.com\\\/es\\\/?s={search_term_string}\"},\"query-input\":{\"@type\":\"PropertyValueSpecification\",\"valueRequired\":true,\"valueName\":\"search_term_string\"}}],\"inLanguage\":\"es\"}]}<\/script>\n<!-- \/ Yoast SEO plugin. -->","yoast_head_json":{"title":"Kits de herramientas - CS Unitec","robots":{"index":"index","follow":"follow","max-snippet":"max-snippet:-1","max-image-preview":"max-image-preview:large","max-video-preview":"max-video-preview:-1"},"canonical":"https:\/\/csunitec.com\/es\/productos\/herramientas-de-seguridad-antichispa\/kits-de-herramientas\/","og_locale":"es_ES","og_type":"article","og_title":"Kits de herramientas - CS Unitec","og_description":"Kits de herramientas antichispa y no magn\u00e9ticas Para aplicaciones en las que se necesitan varias herramientas, CS Unitec ofrece una variedad de kits de herramientas antichispa y no magn\u00e9ticas. Adem\u00e1s de los kits que se muestran a continuaci\u00f3n, tambi\u00e9n podemos dise\u00f1ar un kit a medida para satisfacer sus requisitos espec\u00edficos. P\u00f3ngase en contacto con nosotros para obtener m\u00e1s informaci\u00f3n.","og_url":"https:\/\/csunitec.com\/es\/productos\/herramientas-de-seguridad-antichispa\/kits-de-herramientas\/","og_site_name":"CS Unitec","article_modified_time":"2026-04-26T22:17:20+00:00","og_image":[{"width":2000,"height":500,"url":"https:\/\/csunitec.com\/wp-content\/uploads\/2026\/02\/SAFETY-KITS.jpg","type":"image\/jpeg"}],"twitter_card":"summary_large_image","twitter_misc":{"Tiempo de lectura":"1 minuto"},"schema":{"@context":"https:\/\/schema.org","@graph":[{"@type":"WebPage","@id":"https:\/\/csunitec.com\/es\/productos\/herramientas-de-seguridad-antichispa\/kits-de-herramientas\/","url":"https:\/\/csunitec.com\/es\/productos\/herramientas-de-seguridad-antichispa\/kits-de-herramientas\/","name":"Kits de herramientas - CS Unitec","isPartOf":{"@id":"https:\/\/csunitec.com\/es\/#website"},"primaryImageOfPage":{"@id":"https:\/\/csunitec.com\/es\/productos\/herramientas-de-seguridad-antichispa\/kits-de-herramientas\/#primaryimage"},"image":{"@id":"https:\/\/csunitec.com\/es\/productos\/herramientas-de-seguridad-antichispa\/kits-de-herramientas\/#primaryimage"},"thumbnailUrl":"https:\/\/csunitec.com\/wp-content\/uploads\/2026\/02\/SAFETY-KITS.jpg","datePublished":"2025-09-01T05:17:16+00:00","dateModified":"2026-04-26T22:17:20+00:00","breadcrumb":{"@id":"https:\/\/csunitec.com\/es\/productos\/herramientas-de-seguridad-antichispa\/kits-de-herramientas\/#breadcrumb"},"inLanguage":"es","potentialAction":[{"@type":"ReadAction","target":["https:\/\/csunitec.com\/es\/productos\/herramientas-de-seguridad-antichispa\/kits-de-herramientas\/"]}]},{"@type":"ImageObject","inLanguage":"es","@id":"https:\/\/csunitec.com\/es\/productos\/herramientas-de-seguridad-antichispa\/kits-de-herramientas\/#primaryimage","url":"https:\/\/csunitec.com\/wp-content\/uploads\/2026\/02\/SAFETY-KITS.jpg","contentUrl":"https:\/\/csunitec.com\/wp-content\/uploads\/2026\/02\/SAFETY-KITS.jpg","width":2000,"height":500},{"@type":"BreadcrumbList","@id":"https:\/\/csunitec.com\/es\/productos\/herramientas-de-seguridad-antichispa\/kits-de-herramientas\/#breadcrumb","itemListElement":[{"@type":"ListItem","position":1,"name":"Inicio","item":"https:\/\/csunitec.com\/es\/"},{"@type":"ListItem","position":2,"name":"Productos","item":"https:\/\/csunitec.com\/es\/productos\/"},{"@type":"ListItem","position":3,"name":"Herramientas de seguridad antichispa","item":"https:\/\/csunitec.com\/es\/productos\/herramientas-de-seguridad-antichispa\/"},{"@type":"ListItem","position":4,"name":"Kits de herramientas"}]},{"@type":"WebSite","@id":"https:\/\/csunitec.com\/es\/#website","url":"https:\/\/csunitec.com\/es\/","name":"CS Unitec","description":"","potentialAction":[{"@type":"SearchAction","target":{"@type":"EntryPoint","urlTemplate":"https:\/\/csunitec.com\/es\/?s={search_term_string}"},"query-input":{"@type":"PropertyValueSpecification","valueRequired":true,"valueName":"search_term_string"}}],"inLanguage":"es"}]}},"_links":{"self":[{"href":"https:\/\/csunitec.com\/es\/wp-json\/wp\/v2\/pages\/172522","targetHints":{"allow":["GET"]}}],"collection":[{"href":"https:\/\/csunitec.com\/es\/wp-json\/wp\/v2\/pages"}],"about":[{"href":"https:\/\/csunitec.com\/es\/wp-json\/wp\/v2\/types\/page"}],"author":[{"embeddable":true,"href":"https:\/\/csunitec.com\/es\/wp-json\/wp\/v2\/users\/2"}],"replies":[{"embeddable":true,"href":"https:\/\/csunitec.com\/es\/wp-json\/wp\/v2\/comments?post=172522"}],"version-history":[{"count":0,"href":"https:\/\/csunitec.com\/es\/wp-json\/wp\/v2\/pages\/172522\/revisions"}],"up":[{"embeddable":true,"href":"https:\/\/csunitec.com\/es\/wp-json\/wp\/v2\/pages\/172388"}],"wp:featuredmedia":[{"embeddable":true,"href":"https:\/\/csunitec.com\/es\/wp-json\/wp\/v2\/media\/171849"}],"wp:attachment":[{"href":"https:\/\/csunitec.com\/es\/wp-json\/wp\/v2\/media?parent=172522"}],"curies":[{"name":"wp","href":"https:\/\/api.w.org\/{rel}","templated":true}]}}