{"id":172531,"date":"2025-08-31T14:08:27","date_gmt":"2025-08-31T18:08:27","guid":{"rendered":"https:\/\/stgcsunitec.wpenginepowered.com\/sierras\/sierras-de-cinta-portatiles\/"},"modified":"2026-04-27T19:16:10","modified_gmt":"2026-04-27T23:16:10","slug":"sierras-de-cinta-portatiles","status":"publish","type":"page","link":"https:\/\/csunitec.com\/es\/productos\/sierras\/sierras-de-cinta-portatiles\/","title":{"rendered":"Sierras de cinta port\u00e1tiles"},"content":{"rendered":"<div class=\"facetwp-template\" data-name=\"products_saws_band_saws\"><div class=\"fwpl-layout el-8w2k4\"><div class=\"fwpl-result r1\"><div class=\"fwpl-row el-0feju4\"><div class=\"fwpl-col fwpl-col el-lj7vtd\"><div class=\"fwpl-item el-ldqjo74\"><a href=\"https:\/\/csunitec.com\/es\/producto\/sierras-de-cinta-hidraulicas\/\"><img decoding=\"async\" width=\"300\" height=\"300\" data-src=\"https:\/\/csunitec.com\/wp-content\/uploads\/2025\/04\/5-6043-0010-Band-Saw-1000-x-1000-1-2-1-300x300.png\" class=\"attachment-medium size-medium wp-post-image lazyload\" alt=\"\" data-srcset=\"https:\/\/csunitec.com\/wp-content\/uploads\/2025\/04\/5-6043-0010-Band-Saw-1000-x-1000-1-2-1-300x300.png 300w, https:\/\/csunitec.com\/wp-content\/uploads\/2025\/04\/5-6043-0010-Band-Saw-1000-x-1000-1-2-1-100x100.png 100w, https:\/\/csunitec.com\/wp-content\/uploads\/2025\/04\/5-6043-0010-Band-Saw-1000-x-1000-1-2-1-600x600.png 600w, https:\/\/csunitec.com\/wp-content\/uploads\/2025\/04\/5-6043-0010-Band-Saw-1000-x-1000-1-2-1-150x150.png 150w, https:\/\/csunitec.com\/wp-content\/uploads\/2025\/04\/5-6043-0010-Band-Saw-1000-x-1000-1-2-1-768x768.png 768w, https:\/\/csunitec.com\/wp-content\/uploads\/2025\/04\/5-6043-0010-Band-Saw-1000-x-1000-1-2-1-350x350.png 350w, https:\/\/csunitec.com\/wp-content\/uploads\/2025\/04\/5-6043-0010-Band-Saw-1000-x-1000-1-2-1-348x348.png 348w, https:\/\/csunitec.com\/wp-content\/uploads\/2025\/04\/5-6043-0010-Band-Saw-1000-x-1000-1-2-1-uai-720x720.png 720w, https:\/\/csunitec.com\/wp-content\/uploads\/2025\/04\/5-6043-0010-Band-Saw-1000-x-1000-1-2-1-uai-900x900.png 900w, https:\/\/csunitec.com\/wp-content\/uploads\/2025\/04\/5-6043-0010-Band-Saw-1000-x-1000-1-2-1.png 1000w\" data-sizes=\"(max-width: 300px) 100vw, 300px\" src=\"data:image\/svg+xml;base64,PHN2ZyB3aWR0aD0iMSIgaGVpZ2h0PSIxIiB4bWxucz0iaHR0cDovL3d3dy53My5vcmcvMjAwMC9zdmciPjwvc3ZnPg==\" style=\"--smush-placeholder-width: 300px; --smush-placeholder-aspect-ratio: 300\/300;\" \/><\/a><\/div><div class=\"fwpl-item el-qkky1a listing-cat\"><span class=\"fwpl-term fwpl-term-hidraulico fwpl-tax-power_type\">Hidr\u00e1ulico<\/span> Power<\/div><div class=\"fwpl-item el-fq3af listing-cat is-empty\"><\/div><div class=\"fwpl-item el-xkm49v listing-cat is-empty\"><\/div><div class=\"fwpl-item el-e3dlag\"><a href=\"https:\/\/csunitec.com\/es\/producto\/sierras-de-cinta-hidraulicas\/\">Sierras de cinta hidr\u00e1ulicas<\/a><\/div><div class=\"fwpl-item el-ww0hp9\"><ul class=\"alexcss\">\n \t<li>Capacidad de corte: Hasta 8\" (Redonda), 9 \"x8-1\/5\" (Rectangular)<\/li>\n \t<li>Velocidad de la cuchilla: 4,2 pies\/seg.<\/li>\n \t<li>Conexi\u00f3n: ACOPLAMIENTOS DE 1\/2\" FF (HTMA)<\/li>\n \t<li>Potencia del motor: 1,6 CV<\/li>\n \t<li>Caudal de aceite: 4 GPM @ 2000 PSI<\/li>\n \t<li>Mangueras flexibles y acoplamientos FF incluidos<\/li>\n \t<li>Certificado ATEX para Zonas EX<\/li>\n<\/ul><\/div><\/div><\/div><\/div><div class=\"fwpl-result r2\"><div class=\"fwpl-row el-0feju4\"><div class=\"fwpl-col fwpl-col el-lj7vtd\"><div class=\"fwpl-item el-ldqjo74\"><a href=\"https:\/\/csunitec.com\/es\/producto\/sierra-de-cinta-electrica\/\"><img decoding=\"async\" width=\"300\" height=\"300\" data-src=\"https:\/\/csunitec.com\/wp-content\/uploads\/2024\/09\/560790010_Bandsaege_Elektro_01-853x1024-1-300x300.jpg\" class=\"attachment-medium size-medium wp-post-image lazyload\" alt=\"\" data-srcset=\"https:\/\/csunitec.com\/wp-content\/uploads\/2024\/09\/560790010_Bandsaege_Elektro_01-853x1024-1-300x300.jpg 300w, https:\/\/csunitec.com\/wp-content\/uploads\/2024\/09\/560790010_Bandsaege_Elektro_01-853x1024-1-150x150.jpg 150w, https:\/\/csunitec.com\/wp-content\/uploads\/2024\/09\/560790010_Bandsaege_Elektro_01-853x1024-1-768x768.jpg 768w, https:\/\/csunitec.com\/wp-content\/uploads\/2024\/09\/560790010_Bandsaege_Elektro_01-853x1024-1-350x350.jpg 350w, https:\/\/csunitec.com\/wp-content\/uploads\/2024\/09\/560790010_Bandsaege_Elektro_01-853x1024-1-348x348.jpg 348w, https:\/\/csunitec.com\/wp-content\/uploads\/2024\/09\/560790010_Bandsaege_Elektro_01-853x1024-1-600x600.jpg 600w, https:\/\/csunitec.com\/wp-content\/uploads\/2024\/09\/560790010_Bandsaege_Elektro_01-853x1024-1-100x100.jpg 100w, https:\/\/csunitec.com\/wp-content\/uploads\/2024\/09\/560790010_Bandsaege_Elektro_01-853x1024-1-uai-900x900.jpg 900w, https:\/\/csunitec.com\/wp-content\/uploads\/2024\/09\/560790010_Bandsaege_Elektro_01-853x1024-1-uai-720x720.jpg 720w, https:\/\/csunitec.com\/wp-content\/uploads\/2024\/09\/560790010_Bandsaege_Elektro_01-853x1024-1.jpg 1024w\" data-sizes=\"(max-width: 300px) 100vw, 300px\" src=\"data:image\/svg+xml;base64,PHN2ZyB3aWR0aD0iMSIgaGVpZ2h0PSIxIiB4bWxucz0iaHR0cDovL3d3dy53My5vcmcvMjAwMC9zdmciPjwvc3ZnPg==\" style=\"--smush-placeholder-width: 300px; --smush-placeholder-aspect-ratio: 300\/300;\" \/><\/a><\/div><div class=\"fwpl-item el-qkky1a listing-cat\"><span class=\"fwpl-term fwpl-term-electrico fwpl-tax-power_type\">El\u00e9ctrico<\/span> Power<\/div><div class=\"fwpl-item el-fq3af listing-cat is-empty\"><\/div><div class=\"fwpl-item el-xkm49v listing-cat is-empty\"><\/div><div class=\"fwpl-item el-e3dlag\"><a href=\"https:\/\/csunitec.com\/es\/producto\/sierra-de-cinta-electrica\/\">Sierra de cinta el\u00e9ctrica<\/a><\/div><div class=\"fwpl-item el-ww0hp9\"><ul class=\"alexcss\">\n \t<li>Capacidad de corte: Hasta 8\" (Redonda), 9 \"x8-1\/5\" (Rectangular)<\/li>\n \t<li>Velocidad de la cuchilla: 2,0-4,9 ft\/s (Variable y 2 opciones de velocidad disponibles)<\/li>\n \t<li>Potencia del motor: 6 Amperios<\/li>\n<\/ul><\/div><\/div><\/div><\/div><div class=\"fwpl-result r3\"><div class=\"fwpl-row el-0feju4\"><div class=\"fwpl-col fwpl-col el-lj7vtd\"><div class=\"fwpl-item el-ldqjo74\"><a href=\"https:\/\/csunitec.com\/es\/producto\/mordaza-para-sierra-de-cinta\/\"><img decoding=\"async\" width=\"300\" height=\"300\" data-src=\"https:\/\/csunitec.com\/wp-content\/uploads\/2025\/04\/5-6030-9000-vice-clamp-band-saws-1000-x-1000-1-2-1-300x300.png\" class=\"attachment-medium size-medium wp-post-image lazyload\" alt=\"\" data-srcset=\"https:\/\/csunitec.com\/wp-content\/uploads\/2025\/04\/5-6030-9000-vice-clamp-band-saws-1000-x-1000-1-2-1-300x300.png 300w, https:\/\/csunitec.com\/wp-content\/uploads\/2025\/04\/5-6030-9000-vice-clamp-band-saws-1000-x-1000-1-2-1-150x150.png 150w, https:\/\/csunitec.com\/wp-content\/uploads\/2025\/04\/5-6030-9000-vice-clamp-band-saws-1000-x-1000-1-2-1-768x768.png 768w, https:\/\/csunitec.com\/wp-content\/uploads\/2025\/04\/5-6030-9000-vice-clamp-band-saws-1000-x-1000-1-2-1-350x350.png 350w, https:\/\/csunitec.com\/wp-content\/uploads\/2025\/04\/5-6030-9000-vice-clamp-band-saws-1000-x-1000-1-2-1-348x348.png 348w, https:\/\/csunitec.com\/wp-content\/uploads\/2025\/04\/5-6030-9000-vice-clamp-band-saws-1000-x-1000-1-2-1-600x600.png 600w, https:\/\/csunitec.com\/wp-content\/uploads\/2025\/04\/5-6030-9000-vice-clamp-band-saws-1000-x-1000-1-2-1-100x100.png 100w, https:\/\/csunitec.com\/wp-content\/uploads\/2025\/04\/5-6030-9000-vice-clamp-band-saws-1000-x-1000-1-2-1-uai-720x720.png 720w, https:\/\/csunitec.com\/wp-content\/uploads\/2025\/04\/5-6030-9000-vice-clamp-band-saws-1000-x-1000-1-2-1-uai-900x900.png 900w, https:\/\/csunitec.com\/wp-content\/uploads\/2025\/04\/5-6030-9000-vice-clamp-band-saws-1000-x-1000-1-2-1.png 1000w\" data-sizes=\"(max-width: 300px) 100vw, 300px\" src=\"data:image\/svg+xml;base64,PHN2ZyB3aWR0aD0iMSIgaGVpZ2h0PSIxIiB4bWxucz0iaHR0cDovL3d3dy53My5vcmcvMjAwMC9zdmciPjwvc3ZnPg==\" style=\"--smush-placeholder-width: 300px; --smush-placeholder-aspect-ratio: 300\/300;\" \/><\/a><\/div><div class=\"fwpl-item el-qkky1a listing-cat is-empty\"><\/div><div class=\"fwpl-item el-fq3af listing-cat is-empty\"><\/div><div class=\"fwpl-item el-xkm49v listing-cat\"><span class=\"fwpl-term fwpl-term-accesorio fwpl-tax-accessory_type\">Accesorio<\/span><\/div><div class=\"fwpl-item el-e3dlag\"><a href=\"https:\/\/csunitec.com\/es\/producto\/mordaza-para-sierra-de-cinta\/\">Mordaza para sierra de cinta<\/a><\/div><div class=\"fwpl-item el-ww0hp9\"><ul>\n \t<li>Mejora la seguridad y la eficacia<\/li>\n \t<li>Realiza cortes rectos de 90 grados<\/li>\n \t<li>Sujeta con seguridad materiales redondos, cuadrados y angulares para un corte recto<\/li>\n<\/ul><\/div><\/div><\/div><\/div><div class=\"fwpl-result r4\"><div class=\"fwpl-row el-0feju4\"><div class=\"fwpl-col fwpl-col el-lj7vtd\"><div class=\"fwpl-item el-ldqjo74\"><a href=\"https:\/\/csunitec.com\/es\/producto\/sierras-de-cinta-neumaticas\/\"><img decoding=\"async\" width=\"300\" height=\"300\" data-src=\"https:\/\/csunitec.com\/wp-content\/uploads\/2025\/04\/5-6003-0010-Band-Saw-1000-x-1000-5-1-300x300.png\" class=\"attachment-medium size-medium wp-post-image lazyload\" alt=\"\" data-srcset=\"https:\/\/csunitec.com\/wp-content\/uploads\/2025\/04\/5-6003-0010-Band-Saw-1000-x-1000-5-1-300x300.png 300w, https:\/\/csunitec.com\/wp-content\/uploads\/2025\/04\/5-6003-0010-Band-Saw-1000-x-1000-5-1-100x100.png 100w, https:\/\/csunitec.com\/wp-content\/uploads\/2025\/04\/5-6003-0010-Band-Saw-1000-x-1000-5-1-600x600.png 600w, https:\/\/csunitec.com\/wp-content\/uploads\/2025\/04\/5-6003-0010-Band-Saw-1000-x-1000-5-1-150x150.png 150w, https:\/\/csunitec.com\/wp-content\/uploads\/2025\/04\/5-6003-0010-Band-Saw-1000-x-1000-5-1-768x768.png 768w, https:\/\/csunitec.com\/wp-content\/uploads\/2025\/04\/5-6003-0010-Band-Saw-1000-x-1000-5-1-350x350.png 350w, https:\/\/csunitec.com\/wp-content\/uploads\/2025\/04\/5-6003-0010-Band-Saw-1000-x-1000-5-1-348x348.png 348w, https:\/\/csunitec.com\/wp-content\/uploads\/2025\/04\/5-6003-0010-Band-Saw-1000-x-1000-5-1-uai-720x720.png 720w, https:\/\/csunitec.com\/wp-content\/uploads\/2025\/04\/5-6003-0010-Band-Saw-1000-x-1000-5-1-uai-900x900.png 900w, https:\/\/csunitec.com\/wp-content\/uploads\/2025\/04\/5-6003-0010-Band-Saw-1000-x-1000-5-1.png 1000w\" data-sizes=\"(max-width: 300px) 100vw, 300px\" src=\"data:image\/svg+xml;base64,PHN2ZyB3aWR0aD0iMSIgaGVpZ2h0PSIxIiB4bWxucz0iaHR0cDovL3d3dy53My5vcmcvMjAwMC9zdmciPjwvc3ZnPg==\" style=\"--smush-placeholder-width: 300px; --smush-placeholder-aspect-ratio: 300\/300;\" \/><\/a><\/div><div class=\"fwpl-item el-qkky1a listing-cat\"><span class=\"fwpl-term fwpl-term-aire fwpl-tax-power_type\">Aire<\/span> Power<\/div><div class=\"fwpl-item el-fq3af listing-cat is-empty\"><\/div><div class=\"fwpl-item el-xkm49v listing-cat is-empty\"><\/div><div class=\"fwpl-item el-e3dlag\"><a href=\"https:\/\/csunitec.com\/es\/producto\/sierras-de-cinta-neumaticas\/\">Sierras de cinta neum\u00e1ticas<\/a><\/div><div class=\"fwpl-item el-ww0hp9\"><ul class=\"alexcss\">\n \t<li>Capacidad de corte: Hasta 8\" (Redonda), 9 \"x8-1\/5\" (Rectangular)<\/li>\n \t<li>Velocidad de la cuchilla: 2,2-5,75 pies\/s (disponibles las opciones de velocidad variable y velocidad \u00fanica)<\/li>\n \t<li>Conexi\u00f3n: R 1\/4\" hembra y 1\/2\" NPT (ID)<\/li>\n \t<li>Potencia del motor: 0,7-1,3 CV<\/li>\n \t<li>Consumo de aire: 19 CFM - 43 CFM<\/li>\n \t<li>Certificado ATEX para Zonas EX<\/li>\n<\/ul><\/div><\/div><\/div><\/div><div class=\"fwpl-result r5\"><div class=\"fwpl-row el-0feju4\"><div class=\"fwpl-col fwpl-col el-lj7vtd\"><div class=\"fwpl-item el-ldqjo74\"><a href=\"https:\/\/csunitec.com\/es\/producto\/hojas-de-sierra-de-cinta\/\"><img decoding=\"async\" width=\"300\" height=\"300\" data-src=\"https:\/\/csunitec.com\/wp-content\/uploads\/2025\/04\/Band-Saw-Blades-1000-x-1000-1-2-1-300x300.png\" class=\"attachment-medium size-medium wp-post-image lazyload\" alt=\"\" data-srcset=\"https:\/\/csunitec.com\/wp-content\/uploads\/2025\/04\/Band-Saw-Blades-1000-x-1000-1-2-1-300x300.png 300w, https:\/\/csunitec.com\/wp-content\/uploads\/2025\/04\/Band-Saw-Blades-1000-x-1000-1-2-1-150x150.png 150w, https:\/\/csunitec.com\/wp-content\/uploads\/2025\/04\/Band-Saw-Blades-1000-x-1000-1-2-1-768x768.png 768w, https:\/\/csunitec.com\/wp-content\/uploads\/2025\/04\/Band-Saw-Blades-1000-x-1000-1-2-1-350x350.png 350w, https:\/\/csunitec.com\/wp-content\/uploads\/2025\/04\/Band-Saw-Blades-1000-x-1000-1-2-1-348x348.png 348w, https:\/\/csunitec.com\/wp-content\/uploads\/2025\/04\/Band-Saw-Blades-1000-x-1000-1-2-1-600x600.png 600w, https:\/\/csunitec.com\/wp-content\/uploads\/2025\/04\/Band-Saw-Blades-1000-x-1000-1-2-1-100x100.png 100w, https:\/\/csunitec.com\/wp-content\/uploads\/2025\/04\/Band-Saw-Blades-1000-x-1000-1-2-1-uai-720x720.png 720w, https:\/\/csunitec.com\/wp-content\/uploads\/2025\/04\/Band-Saw-Blades-1000-x-1000-1-2-1-uai-900x900.png 900w, https:\/\/csunitec.com\/wp-content\/uploads\/2025\/04\/Band-Saw-Blades-1000-x-1000-1-2-1.png 1000w\" data-sizes=\"(max-width: 300px) 100vw, 300px\" src=\"data:image\/svg+xml;base64,PHN2ZyB3aWR0aD0iMSIgaGVpZ2h0PSIxIiB4bWxucz0iaHR0cDovL3d3dy53My5vcmcvMjAwMC9zdmciPjwvc3ZnPg==\" style=\"--smush-placeholder-width: 300px; --smush-placeholder-aspect-ratio: 300\/300;\" \/><\/a><\/div><div class=\"fwpl-item el-qkky1a listing-cat is-empty\"><\/div><div class=\"fwpl-item el-fq3af listing-cat is-empty\"><\/div><div class=\"fwpl-item el-xkm49v listing-cat\"><span class=\"fwpl-term fwpl-term-accesorio fwpl-tax-accessory_type\">Accesorio<\/span><\/div><div class=\"fwpl-item el-e3dlag\"><a href=\"https:\/\/csunitec.com\/es\/producto\/hojas-de-sierra-de-cinta\/\">Hojas de sierra de cinta<\/a><\/div><div class=\"fwpl-item el-ww0hp9\"><ul>\n \t<li>Las hojas de sierra SuperBand\u2122 tienen la mayor resistencia al calor, la mayor resistencia al desgaste y la mayor velocidad de corte<\/li>\n \t<li>Hojas de sierra de cinta para cortar metal, acero inoxidable, acero, Inconel, cromo, Hastelloy, aceros para herramientas, superaleaciones y otros metales f\u00e9rricos y no f\u00e9rricos<\/li>\n<\/ul><\/div><\/div><\/div><\/div><\/div>\n<style>\n.fwpl-layout, .fwpl-row {\n    display: grid;\n}\n.fwpl-layout.el-8w2k4 {\n    grid-template-columns: repeat(3, 1fr);\n    grid-gap: 10px;\n}\n.fwpl-btn {\n    text-decoration: none;\n}\n.fwpl-row.el-0feju4 {\n    grid-template-columns: 1fr;\n    text-align: center;\n}\n.fwpl-col.el-lj7vtd {\n    text-align: center;\n}\n.fwpl-item.el-ldqjo74 {\n    text-align: center;\n}\n.fwpl-item.el-qkky1a {\n    font-size: 11px;\n    color: #028f00;\n}\n.fwpl-item.el-fq3af {\n    font-size: 11px;\n    color: #028f00;\n}\n.fwpl-item.el-xkm49v {\n    font-size: 11px;\n    color: #028f00;\n}\n.fwpl-item.el-e3dlag {\n    text-align: center;\n    font-size: 20px;\n}\n@media (max-width: 480px) { \n    body .facetwp-template .fwpl-layout,  \n    body .facetwp-template-static .fwpl-layout { grid-template-columns: 1fr; } \n} \n\n<\/style>\n<\/div>\n","protected":false},"excerpt":{"rendered":"<h3>Neum\u00e1tica \u2022 El\u00e9ctrica \u2022 Hidr\u00e1ulica | Sierra de cinta cortando tuber\u00eda con abrazadera<\/h3>\n<p><span style=\"font-weight: 400;\">Dise\u00f1ados para ofrecer versatilidad y durabilidad, los sistemas de sierra de cinta port\u00e1til de CS Unitec proporcionan un corte estable y preciso en entornos de campo, taller y planta. Su alto par motor y capacidad de corte profundo los hacen adecuados para manejar tuber\u00eda de pared gruesa, aleaciones dif\u00edciles y los diversos materiales que se encuentran en el mantenimiento industrial.<br \/>\n<\/span><\/p>\n<p>Caracter\u00edsticas especiales y ventajas de las sierras de cinta port\u00e1tiles de CS Unitec:<\/p>\n<ul>\n<li>Sierras de cinta port\u00e1tiles para cortar metal, acero, acero inoxidable, inconel, cromo, hastelloy, aluminio, cobre, hierro, fibra de vidrio, pl\u00e1sticos, madera y m\u00e1s<\/li>\n<li>Sierra de cinta de corte profundo con capacidades de corte de hasta 9&#8243; de di\u00e1metro exterior<\/li>\n<li>Motor de velocidad variable para adaptar la velocidad de corte al material, maximizando el rendimiento de corte y la vida \u00fatil de la hoja<\/li>\n<li>Corte r\u00e1pido y profundo de tuber\u00eda, conducto, pernos, cable, hierro angular, acero estructural, cadena y m\u00e1s<\/li>\n<li><img decoding=\"async\" data-src=\"https:\/\/csunitec.com\/wp-content\/uploads\/2026\/03\/ATEX-Logo-yellow.png\" style=\"--smush-placeholder-width: 23px; --smush-placeholder-aspect-ratio: 23\/20;height: 1em; vertical-align: middle; margin-right: 6px;\" alt=\"Logotipo ATEX\" src=\"data:image\/svg+xml;base64,PHN2ZyB3aWR0aD0iMSIgaGVpZ2h0PSIxIiB4bWxucz0iaHR0cDovL3d3dy53My5vcmcvMjAwMC9zdmciPjwvc3ZnPg==\" class=\"lazyload\">  Certificado ATEX en determinados modelos<\/li>\n<ul>\n","protected":false},"author":2,"featured_media":172532,"parent":172367,"menu_order":0,"comment_status":"closed","ping_status":"closed","template":"","meta":{"footnotes":""},"class_list":["post-172531","page","type-page","status-publish","has-post-thumbnail","hentry"],"yoast_head":"<!-- This site is optimized with the Yoast SEO plugin v27.5 - https:\/\/yoast.com\/product\/yoast-seo-wordpress\/ -->\n<title>Sierras de cinta port\u00e1tiles - CS Unitec<\/title>\n<meta name=\"description\" content=\"Sierras de cinta port\u00e1tiles para corte r\u00e1pido y preciso de metal, tuber\u00eda, acero y perfiles en obra. Modelos el\u00e9ctricos y neum\u00e1ticos de servicio pesado.\" \/>\n<meta name=\"robots\" content=\"index, follow, max-snippet:-1, max-image-preview:large, max-video-preview:-1\" \/>\n<link rel=\"canonical\" href=\"https:\/\/csunitec.com\/es\/productos\/sierras\/sierras-de-cinta-portatiles\/\" \/>\n<meta property=\"og:locale\" content=\"es_ES\" \/>\n<meta property=\"og:type\" content=\"article\" \/>\n<meta property=\"og:title\" content=\"Sierras de cinta port\u00e1tiles - CS Unitec\" \/>\n<meta property=\"og:description\" content=\"Sierras de cinta port\u00e1tiles para corte r\u00e1pido y preciso de metal, tuber\u00eda, acero y perfiles en obra. Modelos el\u00e9ctricos y neum\u00e1ticos de servicio pesado.\" \/>\n<meta property=\"og:url\" content=\"https:\/\/csunitec.com\/es\/productos\/sierras\/sierras-de-cinta-portatiles\/\" \/>\n<meta property=\"og:site_name\" content=\"CS Unitec\" \/>\n<meta property=\"article:modified_time\" content=\"2026-04-27T23:16:10+00:00\" \/>\n<meta property=\"og:image\" content=\"https:\/\/csunitec.com\/wp-content\/uploads\/2026\/01\/SAWS-BAND.jpg\" \/>\n\t<meta property=\"og:image:width\" content=\"2000\" \/>\n\t<meta property=\"og:image:height\" content=\"500\" \/>\n\t<meta property=\"og:image:type\" content=\"image\/jpeg\" \/>\n<meta name=\"twitter:card\" content=\"summary_large_image\" \/>\n<meta name=\"twitter:label1\" content=\"Tiempo de lectura\" \/>\n\t<meta name=\"twitter:data1\" content=\"1 minuto\" \/>\n<script type=\"application\/ld+json\" class=\"yoast-schema-graph\">{\"@context\":\"https:\\\/\\\/schema.org\",\"@graph\":[{\"@type\":\"WebPage\",\"@id\":\"https:\\\/\\\/csunitec.com\\\/es\\\/productos\\\/sierras\\\/sierras-de-cinta-portatiles\\\/\",\"url\":\"https:\\\/\\\/csunitec.com\\\/es\\\/productos\\\/sierras\\\/sierras-de-cinta-portatiles\\\/\",\"name\":\"Sierras de cinta port\u00e1tiles - CS Unitec\",\"isPartOf\":{\"@id\":\"https:\\\/\\\/csunitec.com\\\/es\\\/#website\"},\"primaryImageOfPage\":{\"@id\":\"https:\\\/\\\/csunitec.com\\\/es\\\/productos\\\/sierras\\\/sierras-de-cinta-portatiles\\\/#primaryimage\"},\"image\":{\"@id\":\"https:\\\/\\\/csunitec.com\\\/es\\\/productos\\\/sierras\\\/sierras-de-cinta-portatiles\\\/#primaryimage\"},\"thumbnailUrl\":\"https:\\\/\\\/csunitec.com\\\/wp-content\\\/uploads\\\/2026\\\/01\\\/SAWS-BAND.jpg\",\"datePublished\":\"2025-08-31T18:08:27+00:00\",\"dateModified\":\"2026-04-27T23:16:10+00:00\",\"description\":\"Sierras de cinta port\u00e1tiles para corte r\u00e1pido y preciso de metal, tuber\u00eda, acero y perfiles en obra. Modelos el\u00e9ctricos y neum\u00e1ticos de servicio pesado.\",\"breadcrumb\":{\"@id\":\"https:\\\/\\\/csunitec.com\\\/es\\\/productos\\\/sierras\\\/sierras-de-cinta-portatiles\\\/#breadcrumb\"},\"inLanguage\":\"es\",\"potentialAction\":[{\"@type\":\"ReadAction\",\"target\":[\"https:\\\/\\\/csunitec.com\\\/es\\\/productos\\\/sierras\\\/sierras-de-cinta-portatiles\\\/\"]}]},{\"@type\":\"ImageObject\",\"inLanguage\":\"es\",\"@id\":\"https:\\\/\\\/csunitec.com\\\/es\\\/productos\\\/sierras\\\/sierras-de-cinta-portatiles\\\/#primaryimage\",\"url\":\"https:\\\/\\\/csunitec.com\\\/wp-content\\\/uploads\\\/2026\\\/01\\\/SAWS-BAND.jpg\",\"contentUrl\":\"https:\\\/\\\/csunitec.com\\\/wp-content\\\/uploads\\\/2026\\\/01\\\/SAWS-BAND.jpg\",\"width\":2000,\"height\":500},{\"@type\":\"BreadcrumbList\",\"@id\":\"https:\\\/\\\/csunitec.com\\\/es\\\/productos\\\/sierras\\\/sierras-de-cinta-portatiles\\\/#breadcrumb\",\"itemListElement\":[{\"@type\":\"ListItem\",\"position\":1,\"name\":\"Inicio\",\"item\":\"https:\\\/\\\/csunitec.com\\\/es\\\/\"},{\"@type\":\"ListItem\",\"position\":2,\"name\":\"Productos\",\"item\":\"https:\\\/\\\/csunitec.com\\\/es\\\/productos\\\/\"},{\"@type\":\"ListItem\",\"position\":3,\"name\":\"Sierras\",\"item\":\"https:\\\/\\\/csunitec.com\\\/es\\\/productos\\\/sierras\\\/\"},{\"@type\":\"ListItem\",\"position\":4,\"name\":\"Sierras de cinta port\u00e1tiles\"}]},{\"@type\":\"WebSite\",\"@id\":\"https:\\\/\\\/csunitec.com\\\/es\\\/#website\",\"url\":\"https:\\\/\\\/csunitec.com\\\/es\\\/\",\"name\":\"CS Unitec\",\"description\":\"\",\"potentialAction\":[{\"@type\":\"SearchAction\",\"target\":{\"@type\":\"EntryPoint\",\"urlTemplate\":\"https:\\\/\\\/csunitec.com\\\/es\\\/?s={search_term_string}\"},\"query-input\":{\"@type\":\"PropertyValueSpecification\",\"valueRequired\":true,\"valueName\":\"search_term_string\"}}],\"inLanguage\":\"es\"}]}<\/script>\n<!-- \/ Yoast SEO plugin. -->","yoast_head_json":{"title":"Sierras de cinta port\u00e1tiles - CS Unitec","description":"Sierras de cinta port\u00e1tiles para corte r\u00e1pido y preciso de metal, tuber\u00eda, acero y perfiles en obra. Modelos el\u00e9ctricos y neum\u00e1ticos de servicio pesado.","robots":{"index":"index","follow":"follow","max-snippet":"max-snippet:-1","max-image-preview":"max-image-preview:large","max-video-preview":"max-video-preview:-1"},"canonical":"https:\/\/csunitec.com\/es\/productos\/sierras\/sierras-de-cinta-portatiles\/","og_locale":"es_ES","og_type":"article","og_title":"Sierras de cinta port\u00e1tiles - CS Unitec","og_description":"Sierras de cinta port\u00e1tiles para corte r\u00e1pido y preciso de metal, tuber\u00eda, acero y perfiles en obra. Modelos el\u00e9ctricos y neum\u00e1ticos de servicio pesado.","og_url":"https:\/\/csunitec.com\/es\/productos\/sierras\/sierras-de-cinta-portatiles\/","og_site_name":"CS Unitec","article_modified_time":"2026-04-27T23:16:10+00:00","og_image":[{"width":2000,"height":500,"url":"https:\/\/csunitec.com\/wp-content\/uploads\/2026\/01\/SAWS-BAND.jpg","type":"image\/jpeg"}],"twitter_card":"summary_large_image","twitter_misc":{"Tiempo de lectura":"1 minuto"},"schema":{"@context":"https:\/\/schema.org","@graph":[{"@type":"WebPage","@id":"https:\/\/csunitec.com\/es\/productos\/sierras\/sierras-de-cinta-portatiles\/","url":"https:\/\/csunitec.com\/es\/productos\/sierras\/sierras-de-cinta-portatiles\/","name":"Sierras de cinta port\u00e1tiles - CS Unitec","isPartOf":{"@id":"https:\/\/csunitec.com\/es\/#website"},"primaryImageOfPage":{"@id":"https:\/\/csunitec.com\/es\/productos\/sierras\/sierras-de-cinta-portatiles\/#primaryimage"},"image":{"@id":"https:\/\/csunitec.com\/es\/productos\/sierras\/sierras-de-cinta-portatiles\/#primaryimage"},"thumbnailUrl":"https:\/\/csunitec.com\/wp-content\/uploads\/2026\/01\/SAWS-BAND.jpg","datePublished":"2025-08-31T18:08:27+00:00","dateModified":"2026-04-27T23:16:10+00:00","description":"Sierras de cinta port\u00e1tiles para corte r\u00e1pido y preciso de metal, tuber\u00eda, acero y perfiles en obra. Modelos el\u00e9ctricos y neum\u00e1ticos de servicio pesado.","breadcrumb":{"@id":"https:\/\/csunitec.com\/es\/productos\/sierras\/sierras-de-cinta-portatiles\/#breadcrumb"},"inLanguage":"es","potentialAction":[{"@type":"ReadAction","target":["https:\/\/csunitec.com\/es\/productos\/sierras\/sierras-de-cinta-portatiles\/"]}]},{"@type":"ImageObject","inLanguage":"es","@id":"https:\/\/csunitec.com\/es\/productos\/sierras\/sierras-de-cinta-portatiles\/#primaryimage","url":"https:\/\/csunitec.com\/wp-content\/uploads\/2026\/01\/SAWS-BAND.jpg","contentUrl":"https:\/\/csunitec.com\/wp-content\/uploads\/2026\/01\/SAWS-BAND.jpg","width":2000,"height":500},{"@type":"BreadcrumbList","@id":"https:\/\/csunitec.com\/es\/productos\/sierras\/sierras-de-cinta-portatiles\/#breadcrumb","itemListElement":[{"@type":"ListItem","position":1,"name":"Inicio","item":"https:\/\/csunitec.com\/es\/"},{"@type":"ListItem","position":2,"name":"Productos","item":"https:\/\/csunitec.com\/es\/productos\/"},{"@type":"ListItem","position":3,"name":"Sierras","item":"https:\/\/csunitec.com\/es\/productos\/sierras\/"},{"@type":"ListItem","position":4,"name":"Sierras de cinta port\u00e1tiles"}]},{"@type":"WebSite","@id":"https:\/\/csunitec.com\/es\/#website","url":"https:\/\/csunitec.com\/es\/","name":"CS Unitec","description":"","potentialAction":[{"@type":"SearchAction","target":{"@type":"EntryPoint","urlTemplate":"https:\/\/csunitec.com\/es\/?s={search_term_string}"},"query-input":{"@type":"PropertyValueSpecification","valueRequired":true,"valueName":"search_term_string"}}],"inLanguage":"es"}]}},"_links":{"self":[{"href":"https:\/\/csunitec.com\/es\/wp-json\/wp\/v2\/pages\/172531","targetHints":{"allow":["GET"]}}],"collection":[{"href":"https:\/\/csunitec.com\/es\/wp-json\/wp\/v2\/pages"}],"about":[{"href":"https:\/\/csunitec.com\/es\/wp-json\/wp\/v2\/types\/page"}],"author":[{"embeddable":true,"href":"https:\/\/csunitec.com\/es\/wp-json\/wp\/v2\/users\/2"}],"replies":[{"embeddable":true,"href":"https:\/\/csunitec.com\/es\/wp-json\/wp\/v2\/comments?post=172531"}],"version-history":[{"count":0,"href":"https:\/\/csunitec.com\/es\/wp-json\/wp\/v2\/pages\/172531\/revisions"}],"up":[{"embeddable":true,"href":"https:\/\/csunitec.com\/es\/wp-json\/wp\/v2\/pages\/172367"}],"wp:featuredmedia":[{"embeddable":true,"href":"https:\/\/csunitec.com\/es\/wp-json\/wp\/v2\/media\/172532"}],"wp:attachment":[{"href":"https:\/\/csunitec.com\/es\/wp-json\/wp\/v2\/media?parent=172531"}],"curies":[{"name":"wp","href":"https:\/\/api.w.org\/{rel}","templated":true}]}}