{"id":172540,"date":"2025-08-31T14:25:06","date_gmt":"2025-08-31T14:25:06","guid":{"rendered":"https:\/\/stgcsunitec.wpenginepowered.com\/taladros\/taladros-y-accionamientos-neumaticos\/"},"modified":"2026-04-26T17:07:02","modified_gmt":"2026-04-26T21:07:02","slug":"taladros-y-accionamientos-neumaticos","status":"publish","type":"page","link":"https:\/\/csunitec.com\/es\/productos\/taladros\/taladros-y-accionamientos-neumaticos\/","title":{"rendered":"Taladros y accionamientos neum\u00e1ticos"},"content":{"rendered":"<div class=\"facetwp-template\" data-name=\"products_saws_air_drills\"><div class=\"fwpl-layout el-8w2k4\"><div class=\"fwpl-result r1\"><div class=\"fwpl-row el-0feju4\"><div class=\"fwpl-col fwpl-col el-lj7vtd\"><div class=\"fwpl-item el-ldqjo74\"><a href=\"https:\/\/csunitec.com\/es\/producto\/taladros-neumaticos-de-pistola\/\"><img decoding=\"async\" width=\"300\" height=\"300\" data-src=\"https:\/\/csunitec.com\/wp-content\/uploads\/2025\/04\/Air-Pistol-Drill-1-2-1-300x300.png\" class=\"attachment-medium size-medium wp-post-image lazyload\" alt=\"\" data-srcset=\"https:\/\/csunitec.com\/wp-content\/uploads\/2025\/04\/Air-Pistol-Drill-1-2-1-300x300.png 300w, https:\/\/csunitec.com\/wp-content\/uploads\/2025\/04\/Air-Pistol-Drill-1-2-1-100x100.png 100w, https:\/\/csunitec.com\/wp-content\/uploads\/2025\/04\/Air-Pistol-Drill-1-2-1-600x600.png 600w, https:\/\/csunitec.com\/wp-content\/uploads\/2025\/04\/Air-Pistol-Drill-1-2-1-150x150.png 150w, https:\/\/csunitec.com\/wp-content\/uploads\/2025\/04\/Air-Pistol-Drill-1-2-1-768x768.png 768w, https:\/\/csunitec.com\/wp-content\/uploads\/2025\/04\/Air-Pistol-Drill-1-2-1-350x350.png 350w, https:\/\/csunitec.com\/wp-content\/uploads\/2025\/04\/Air-Pistol-Drill-1-2-1-348x348.png 348w, https:\/\/csunitec.com\/wp-content\/uploads\/2025\/04\/Air-Pistol-Drill-1-2-1-uai-720x720.png 720w, https:\/\/csunitec.com\/wp-content\/uploads\/2025\/04\/Air-Pistol-Drill-1-2-1-uai-900x900.png 900w, https:\/\/csunitec.com\/wp-content\/uploads\/2025\/04\/Air-Pistol-Drill-1-2-1.png 1000w\" data-sizes=\"(max-width: 300px) 100vw, 300px\" src=\"data:image\/svg+xml;base64,PHN2ZyB3aWR0aD0iMSIgaGVpZ2h0PSIxIiB4bWxucz0iaHR0cDovL3d3dy53My5vcmcvMjAwMC9zdmciPjwvc3ZnPg==\" style=\"--smush-placeholder-width: 300px; --smush-placeholder-aspect-ratio: 300\/300;\" \/><\/a><\/div><div class=\"fwpl-item el-qkky1a listing-cat\"><span class=\"fwpl-term fwpl-term-aire fwpl-tax-power_type\">Aire<\/span> Power<\/div><div class=\"fwpl-item el-fq3af listing-cat is-empty\"><\/div><div class=\"fwpl-item el-xkm49v listing-cat is-empty\"><\/div><div class=\"fwpl-item el-e3dlag\"><a href=\"https:\/\/csunitec.com\/es\/producto\/taladros-neumaticos-de-pistola\/\">Taladros neum\u00e1ticos de pistola<\/a><\/div><div class=\"fwpl-item el-ww0hp9\"><ul>\n \t<li>Capacidad de perforaci\u00f3n: Hasta 1\/2\" (acero)<\/li>\n \t<li>Velocidad de carga: Hasta 1550 RPM<\/li>\n \t<li>Potencia del motor: 0,7 CV<\/li>\n<\/ul><\/div><\/div><\/div><\/div><div class=\"fwpl-result r2\"><div class=\"fwpl-row el-0feju4\"><div class=\"fwpl-col fwpl-col el-lj7vtd\"><div class=\"fwpl-item el-ldqjo74\"><a href=\"https:\/\/csunitec.com\/es\/producto\/taladro-con-mango-en-d\/\"><img decoding=\"async\" width=\"300\" height=\"300\" data-src=\"https:\/\/csunitec.com\/wp-content\/uploads\/2025\/04\/D-Handle-Drill-1-2-1-300x300.png\" class=\"attachment-medium size-medium wp-post-image lazyload\" alt=\"\" data-srcset=\"https:\/\/csunitec.com\/wp-content\/uploads\/2025\/04\/D-Handle-Drill-1-2-1-300x300.png 300w, https:\/\/csunitec.com\/wp-content\/uploads\/2025\/04\/D-Handle-Drill-1-2-1-150x150.png 150w, https:\/\/csunitec.com\/wp-content\/uploads\/2025\/04\/D-Handle-Drill-1-2-1-768x768.png 768w, https:\/\/csunitec.com\/wp-content\/uploads\/2025\/04\/D-Handle-Drill-1-2-1-350x350.png 350w, https:\/\/csunitec.com\/wp-content\/uploads\/2025\/04\/D-Handle-Drill-1-2-1-348x348.png 348w, https:\/\/csunitec.com\/wp-content\/uploads\/2025\/04\/D-Handle-Drill-1-2-1-600x600.png 600w, https:\/\/csunitec.com\/wp-content\/uploads\/2025\/04\/D-Handle-Drill-1-2-1-100x100.png 100w, https:\/\/csunitec.com\/wp-content\/uploads\/2025\/04\/D-Handle-Drill-1-2-1-uai-720x720.png 720w, https:\/\/csunitec.com\/wp-content\/uploads\/2025\/04\/D-Handle-Drill-1-2-1-uai-900x900.png 900w, https:\/\/csunitec.com\/wp-content\/uploads\/2025\/04\/D-Handle-Drill-1-2-1.png 1000w\" data-sizes=\"(max-width: 300px) 100vw, 300px\" src=\"data:image\/svg+xml;base64,PHN2ZyB3aWR0aD0iMSIgaGVpZ2h0PSIxIiB4bWxucz0iaHR0cDovL3d3dy53My5vcmcvMjAwMC9zdmciPjwvc3ZnPg==\" style=\"--smush-placeholder-width: 300px; --smush-placeholder-aspect-ratio: 300\/300;\" \/><\/a><\/div><div class=\"fwpl-item el-qkky1a listing-cat\"><span class=\"fwpl-term fwpl-term-aire fwpl-tax-power_type\">Aire<\/span> Power<\/div><div class=\"fwpl-item el-fq3af listing-cat is-empty\"><\/div><div class=\"fwpl-item el-xkm49v listing-cat is-empty\"><\/div><div class=\"fwpl-item el-e3dlag\"><a href=\"https:\/\/csunitec.com\/es\/producto\/taladro-con-mango-en-d\/\">Taladro con mango en D<\/a><\/div><div class=\"fwpl-item el-ww0hp9\"><ul>\n \t<li>Capacidad de perforaci\u00f3n: Hasta 5\/8\" (acero)<\/li>\n \t<li>Velocidad de carga: Hasta 850 RPM<\/li>\n \t<li>Potencia del motor: 0,8 CV<\/li>\n<\/ul><\/div><\/div><\/div><\/div><div class=\"fwpl-result r3\"><div class=\"fwpl-row el-0feju4\"><div class=\"fwpl-col fwpl-col el-lj7vtd\"><div class=\"fwpl-item el-ldqjo74\"><a href=\"https:\/\/csunitec.com\/es\/producto\/unidad-de-accionamiento-neumatico\/\"><img decoding=\"async\" width=\"300\" height=\"300\" data-src=\"https:\/\/csunitec.com\/wp-content\/uploads\/2025\/04\/Air-Drive-Units-1-2-1-300x300.png\" class=\"attachment-medium size-medium wp-post-image lazyload\" alt=\"\" data-srcset=\"https:\/\/csunitec.com\/wp-content\/uploads\/2025\/04\/Air-Drive-Units-1-2-1-300x300.png 300w, https:\/\/csunitec.com\/wp-content\/uploads\/2025\/04\/Air-Drive-Units-1-2-1-150x150.png 150w, https:\/\/csunitec.com\/wp-content\/uploads\/2025\/04\/Air-Drive-Units-1-2-1-768x768.png 768w, https:\/\/csunitec.com\/wp-content\/uploads\/2025\/04\/Air-Drive-Units-1-2-1-350x350.png 350w, https:\/\/csunitec.com\/wp-content\/uploads\/2025\/04\/Air-Drive-Units-1-2-1-348x348.png 348w, https:\/\/csunitec.com\/wp-content\/uploads\/2025\/04\/Air-Drive-Units-1-2-1-600x600.png 600w, https:\/\/csunitec.com\/wp-content\/uploads\/2025\/04\/Air-Drive-Units-1-2-1-100x100.png 100w, https:\/\/csunitec.com\/wp-content\/uploads\/2025\/04\/Air-Drive-Units-1-2-1-uai-720x720.png 720w, https:\/\/csunitec.com\/wp-content\/uploads\/2025\/04\/Air-Drive-Units-1-2-1-uai-900x900.png 900w, https:\/\/csunitec.com\/wp-content\/uploads\/2025\/04\/Air-Drive-Units-1-2-1.png 1000w\" data-sizes=\"(max-width: 300px) 100vw, 300px\" src=\"data:image\/svg+xml;base64,PHN2ZyB3aWR0aD0iMSIgaGVpZ2h0PSIxIiB4bWxucz0iaHR0cDovL3d3dy53My5vcmcvMjAwMC9zdmciPjwvc3ZnPg==\" style=\"--smush-placeholder-width: 300px; --smush-placeholder-aspect-ratio: 300\/300;\" \/><\/a><\/div><div class=\"fwpl-item el-qkky1a listing-cat\"><span class=\"fwpl-term fwpl-term-aire fwpl-tax-power_type\">Aire<\/span> Power<\/div><div class=\"fwpl-item el-fq3af listing-cat is-empty\"><\/div><div class=\"fwpl-item el-xkm49v listing-cat is-empty\"><\/div><div class=\"fwpl-item el-e3dlag\"><a href=\"https:\/\/csunitec.com\/es\/producto\/unidad-de-accionamiento-neumatico\/\">Unidad de accionamiento neum\u00e1tico<\/a><\/div><div class=\"fwpl-item el-ww0hp9\"><ul>\n \t<li>Par de bloqueo: 1327 pies-libra. (a 90 PSI)<\/li>\n \t<li>Velocidad de carga: 20 RPM<\/li>\n \t<li>Potencia del motor: 5 CV<\/li>\n \t<li>Conexi\u00f3n de aire: 1\" NPT<\/li>\n \t<li>ID manguera: 1<\/li>\n<\/ul><\/div><\/div><\/div><\/div><div class=\"fwpl-result r4\"><div class=\"fwpl-row el-0feju4\"><div class=\"fwpl-col fwpl-col el-lj7vtd\"><div class=\"fwpl-item el-ldqjo74\"><a href=\"https:\/\/csunitec.com\/es\/producto\/taladro-neumatico-para-madera\/\"><img decoding=\"async\" width=\"300\" height=\"300\" data-src=\"https:\/\/csunitec.com\/wp-content\/uploads\/2025\/04\/Air-Woodboring-Drill-1-2-1-300x300.png\" class=\"attachment-medium size-medium wp-post-image lazyload\" alt=\"\" data-srcset=\"https:\/\/csunitec.com\/wp-content\/uploads\/2025\/04\/Air-Woodboring-Drill-1-2-1-300x300.png 300w, https:\/\/csunitec.com\/wp-content\/uploads\/2025\/04\/Air-Woodboring-Drill-1-2-1-100x100.png 100w, https:\/\/csunitec.com\/wp-content\/uploads\/2025\/04\/Air-Woodboring-Drill-1-2-1-600x600.png 600w, https:\/\/csunitec.com\/wp-content\/uploads\/2025\/04\/Air-Woodboring-Drill-1-2-1-150x150.png 150w, https:\/\/csunitec.com\/wp-content\/uploads\/2025\/04\/Air-Woodboring-Drill-1-2-1-768x768.png 768w, https:\/\/csunitec.com\/wp-content\/uploads\/2025\/04\/Air-Woodboring-Drill-1-2-1-350x350.png 350w, https:\/\/csunitec.com\/wp-content\/uploads\/2025\/04\/Air-Woodboring-Drill-1-2-1-348x348.png 348w, https:\/\/csunitec.com\/wp-content\/uploads\/2025\/04\/Air-Woodboring-Drill-1-2-1-uai-720x720.png 720w, https:\/\/csunitec.com\/wp-content\/uploads\/2025\/04\/Air-Woodboring-Drill-1-2-1-uai-900x900.png 900w, https:\/\/csunitec.com\/wp-content\/uploads\/2025\/04\/Air-Woodboring-Drill-1-2-1.png 1000w\" data-sizes=\"(max-width: 300px) 100vw, 300px\" src=\"data:image\/svg+xml;base64,PHN2ZyB3aWR0aD0iMSIgaGVpZ2h0PSIxIiB4bWxucz0iaHR0cDovL3d3dy53My5vcmcvMjAwMC9zdmciPjwvc3ZnPg==\" style=\"--smush-placeholder-width: 300px; --smush-placeholder-aspect-ratio: 300\/300;\" \/><\/a><\/div><div class=\"fwpl-item el-qkky1a listing-cat\"><span class=\"fwpl-term fwpl-term-aire fwpl-tax-power_type\">Aire<\/span> Power<\/div><div class=\"fwpl-item el-fq3af listing-cat is-empty\"><\/div><div class=\"fwpl-item el-xkm49v listing-cat is-empty\"><\/div><div class=\"fwpl-item el-e3dlag\"><a href=\"https:\/\/csunitec.com\/es\/producto\/taladro-neumatico-para-madera\/\">Taladro neum\u00e1tico para madera<\/a><\/div><div class=\"fwpl-item el-ww0hp9\"><ul>\n \t<li>Capacidad de perforaci\u00f3n: Hasta 3\" de di\u00e1metro (madera) <\/li>\n \t<li>Reversible: S\u00ed<\/li>\n \t<li>3 Modelos: 380 \/ 700 \/ 750 RPM<\/li>\n \t<li>Potencia del motor: 3 CV<\/li>\n \t<li>Mandriles de engranaje opcionales disponibles<\/li>\n \t<li>Adecuado para aplicaciones subacu\u00e1ticas<\/li>\n<\/ul><\/div><\/div><\/div><\/div><div class=\"fwpl-result r5\"><div class=\"fwpl-row el-0feju4\"><div class=\"fwpl-col fwpl-col el-lj7vtd\"><div class=\"fwpl-item el-ldqjo74\"><a href=\"https:\/\/csunitec.com\/es\/producto\/taladro-angular-neumatico-y-escariador-de-puente\/\"><img decoding=\"async\" width=\"300\" height=\"300\" data-src=\"https:\/\/csunitec.com\/wp-content\/uploads\/2025\/04\/Air-Corner-Drill-1-2-1-300x300.png\" class=\"attachment-medium size-medium wp-post-image lazyload\" alt=\"\" data-srcset=\"https:\/\/csunitec.com\/wp-content\/uploads\/2025\/04\/Air-Corner-Drill-1-2-1-300x300.png 300w, https:\/\/csunitec.com\/wp-content\/uploads\/2025\/04\/Air-Corner-Drill-1-2-1-100x100.png 100w, https:\/\/csunitec.com\/wp-content\/uploads\/2025\/04\/Air-Corner-Drill-1-2-1-600x600.png 600w, https:\/\/csunitec.com\/wp-content\/uploads\/2025\/04\/Air-Corner-Drill-1-2-1-150x150.png 150w, https:\/\/csunitec.com\/wp-content\/uploads\/2025\/04\/Air-Corner-Drill-1-2-1-768x768.png 768w, https:\/\/csunitec.com\/wp-content\/uploads\/2025\/04\/Air-Corner-Drill-1-2-1-350x350.png 350w, https:\/\/csunitec.com\/wp-content\/uploads\/2025\/04\/Air-Corner-Drill-1-2-1-348x348.png 348w, https:\/\/csunitec.com\/wp-content\/uploads\/2025\/04\/Air-Corner-Drill-1-2-1-uai-720x720.png 720w, https:\/\/csunitec.com\/wp-content\/uploads\/2025\/04\/Air-Corner-Drill-1-2-1-uai-900x900.png 900w, https:\/\/csunitec.com\/wp-content\/uploads\/2025\/04\/Air-Corner-Drill-1-2-1.png 1000w\" data-sizes=\"(max-width: 300px) 100vw, 300px\" src=\"data:image\/svg+xml;base64,PHN2ZyB3aWR0aD0iMSIgaGVpZ2h0PSIxIiB4bWxucz0iaHR0cDovL3d3dy53My5vcmcvMjAwMC9zdmciPjwvc3ZnPg==\" style=\"--smush-placeholder-width: 300px; --smush-placeholder-aspect-ratio: 300\/300;\" \/><\/a><\/div><div class=\"fwpl-item el-qkky1a listing-cat\"><span class=\"fwpl-term fwpl-term-aire fwpl-tax-power_type\">Aire<\/span> Power<\/div><div class=\"fwpl-item el-fq3af listing-cat is-empty\"><\/div><div class=\"fwpl-item el-xkm49v listing-cat is-empty\"><\/div><div class=\"fwpl-item el-e3dlag\"><a href=\"https:\/\/csunitec.com\/es\/producto\/taladro-angular-neumatico-y-escariador-de-puente\/\">Taladro angular neum\u00e1tico y escariador de puente<\/a><\/div><div class=\"fwpl-item el-ww0hp9\"><ul>\n \t<li>Capacidad de perforaci\u00f3n: Hasta 1-1\/4\" (acero)<\/li>\n \t<li>Capacidad de escariado: Hasta 1\" (acero)<\/li>\n \t<li>Potencia del motor: Hasta 2,6 CV<\/li>\n<\/ul><\/div><\/div><\/div><\/div><div class=\"fwpl-result r6\"><div class=\"fwpl-row el-0feju4\"><div class=\"fwpl-col fwpl-col el-lj7vtd\"><div class=\"fwpl-item el-ldqjo74\"><a href=\"https:\/\/csunitec.com\/es\/producto\/broca-conica-morse-con-husillo-de-avance\/\"><img decoding=\"async\" width=\"300\" height=\"300\" data-src=\"https:\/\/csunitec.com\/wp-content\/uploads\/2025\/04\/Morse-Taper-Drill-1-2-1-300x300.png\" class=\"attachment-medium size-medium wp-post-image lazyload\" alt=\"\" data-srcset=\"https:\/\/csunitec.com\/wp-content\/uploads\/2025\/04\/Morse-Taper-Drill-1-2-1-300x300.png 300w, https:\/\/csunitec.com\/wp-content\/uploads\/2025\/04\/Morse-Taper-Drill-1-2-1-150x150.png 150w, https:\/\/csunitec.com\/wp-content\/uploads\/2025\/04\/Morse-Taper-Drill-1-2-1-768x768.png 768w, https:\/\/csunitec.com\/wp-content\/uploads\/2025\/04\/Morse-Taper-Drill-1-2-1-350x350.png 350w, https:\/\/csunitec.com\/wp-content\/uploads\/2025\/04\/Morse-Taper-Drill-1-2-1-348x348.png 348w, https:\/\/csunitec.com\/wp-content\/uploads\/2025\/04\/Morse-Taper-Drill-1-2-1-600x600.png 600w, https:\/\/csunitec.com\/wp-content\/uploads\/2025\/04\/Morse-Taper-Drill-1-2-1-100x100.png 100w, https:\/\/csunitec.com\/wp-content\/uploads\/2025\/04\/Morse-Taper-Drill-1-2-1-uai-720x720.png 720w, https:\/\/csunitec.com\/wp-content\/uploads\/2025\/04\/Morse-Taper-Drill-1-2-1-uai-900x900.png 900w, https:\/\/csunitec.com\/wp-content\/uploads\/2025\/04\/Morse-Taper-Drill-1-2-1.png 1000w\" data-sizes=\"(max-width: 300px) 100vw, 300px\" src=\"data:image\/svg+xml;base64,PHN2ZyB3aWR0aD0iMSIgaGVpZ2h0PSIxIiB4bWxucz0iaHR0cDovL3d3dy53My5vcmcvMjAwMC9zdmciPjwvc3ZnPg==\" style=\"--smush-placeholder-width: 300px; --smush-placeholder-aspect-ratio: 300\/300;\" \/><\/a><\/div><div class=\"fwpl-item el-qkky1a listing-cat\"><span class=\"fwpl-term fwpl-term-aire fwpl-tax-power_type\">Aire<\/span> Power<\/div><div class=\"fwpl-item el-fq3af listing-cat is-empty\"><\/div><div class=\"fwpl-item el-xkm49v listing-cat is-empty\"><\/div><div class=\"fwpl-item el-e3dlag\"><a href=\"https:\/\/csunitec.com\/es\/producto\/broca-conica-morse-con-husillo-de-avance\/\">Broca c\u00f3nica Morse con husillo de avance<\/a><\/div><div class=\"fwpl-item el-ww0hp9\"><ul>\n \t<li>Capacidad de perforaci\u00f3n: Hasta 2\" (acero)<\/li>\n \t<li>Velocidad de carga: Hasta 250 RPM<\/li>\n \t<li>Potencia del motor: Hasta 2,5 CV<\/li>\n<\/ul><\/div><\/div><\/div><\/div><\/div>\n<style>\n.fwpl-layout, .fwpl-row {\n    display: grid;\n}\n.fwpl-layout.el-8w2k4 {\n    grid-template-columns: repeat(3, 1fr);\n    grid-gap: 10px;\n}\n.fwpl-btn {\n    text-decoration: none;\n}\n.fwpl-row.el-0feju4 {\n    grid-template-columns: 1fr;\n    text-align: center;\n}\n.fwpl-col.el-lj7vtd {\n    text-align: center;\n}\n.fwpl-item.el-ldqjo74 {\n    text-align: center;\n}\n.fwpl-item.el-qkky1a {\n    font-size: 11px;\n    color: #028f00;\n}\n.fwpl-item.el-fq3af {\n    font-size: 11px;\n    color: #028f00;\n}\n.fwpl-item.el-xkm49v {\n    font-size: 11px;\n    color: #028f00;\n}\n.fwpl-item.el-e3dlag {\n    text-align: center;\n    font-size: 20px;\n}\n@media (max-width: 480px) { \n    body .facetwp-template .fwpl-layout,  \n    body .facetwp-template-static .fwpl-layout { grid-template-columns: 1fr; } \n} \n\n<\/style>\n<\/div>\n","protected":false},"excerpt":{"rendered":"<h3>Taladros, accionamientos y herramientas de escariado neum\u00e1ticos<\/h3>\n<p><span style=\"font-weight:400;\">Dise\u00f1ados para entornos exigentes y un rendimiento de servicio continuo, nuestros taladros neum\u00e1ticos ofrecen una potencia fiable para perforaci\u00f3n, escariado, roscado, expansi\u00f3n de tubos y aplicaciones especializadas de metalurgia. Cada herramienta est\u00e1 dise\u00f1ada para un alto par, un funcionamiento suave y una larga vida \u00fatil en entornos de construcci\u00f3n, fabricaci\u00f3n, petroqu\u00edmica y mantenimiento.<br \/>\n<\/span><br \/>\n<span style=\"font-weight:400;\">Nuestra gama incluye una completa selecci\u00f3n de herramientas de perforaci\u00f3n neum\u00e1ticas: taladros de cono Morse con husillos de avance, taladros con empu\u00f1adura en D, taladros angulares, escariadores de puente y m\u00e1s. Las carcasas compactas, los controles ergon\u00f3micos y los componentes internos duraderos garantizan resultados consistentes en espacios reducidos, trabajos en altura u operaciones de alta producci\u00f3n. Tambi\u00e9n disponemos de modelos con certificaci\u00f3n ATEX y configuraciones OEM para aplicaciones peligrosas o personalizadas.<br \/>\n<\/span><br \/>\n<span style=\"font-weight:400;\">Ya sea que necesite un par m\u00e1ximo, un control de velocidad preciso o una durabilidad robusta en el lugar de trabajo, nuestras herramientas de perforaci\u00f3n neum\u00e1ticas est\u00e1n dise\u00f1adas para rendir en las condiciones m\u00e1s dif\u00edciles.<br \/>\n<\/span><\/p>\n","protected":false},"author":2,"featured_media":172542,"parent":172338,"menu_order":0,"comment_status":"closed","ping_status":"closed","template":"","meta":{"footnotes":""},"class_list":["post-172540","page","type-page","status-publish","has-post-thumbnail","hentry"],"yoast_head":"<!-- This site is optimized with the Yoast SEO plugin v27.5 - https:\/\/yoast.com\/product\/yoast-seo-wordpress\/ -->\n<title>Taladros y accionamientos neum\u00e1ticos - CS Unitec<\/title>\n<meta name=\"description\" content=\"Los taladros neum\u00e1ticos proporcionan una potencia fiable para taladrar, escariar, roscar, expandir tubos y aplicaciones metal\u00fargicas especializadas.\" \/>\n<meta name=\"robots\" content=\"index, follow, max-snippet:-1, max-image-preview:large, max-video-preview:-1\" \/>\n<link rel=\"canonical\" href=\"https:\/\/csunitec.com\/es\/productos\/taladros\/taladros-y-accionamientos-neumaticos\/\" \/>\n<meta property=\"og:locale\" content=\"es_ES\" \/>\n<meta property=\"og:type\" content=\"article\" \/>\n<meta property=\"og:title\" content=\"Taladros y accionamientos neum\u00e1ticos - CS Unitec\" \/>\n<meta property=\"og:description\" content=\"Los taladros neum\u00e1ticos proporcionan una potencia fiable para taladrar, escariar, roscar, expandir tubos y aplicaciones metal\u00fargicas especializadas.\" \/>\n<meta property=\"og:url\" content=\"https:\/\/csunitec.com\/es\/productos\/taladros\/taladros-y-accionamientos-neumaticos\/\" \/>\n<meta property=\"og:site_name\" content=\"CS Unitec\" \/>\n<meta property=\"article:modified_time\" content=\"2026-04-26T21:07:02+00:00\" \/>\n<meta property=\"og:image\" content=\"https:\/\/csunitec.com\/wp-content\/uploads\/2026\/01\/DRILLS-Air-drills.jpg\" \/>\n\t<meta property=\"og:image:width\" content=\"2000\" \/>\n\t<meta property=\"og:image:height\" content=\"500\" \/>\n\t<meta property=\"og:image:type\" content=\"image\/jpeg\" \/>\n<meta name=\"twitter:card\" content=\"summary_large_image\" \/>\n<script type=\"application\/ld+json\" class=\"yoast-schema-graph\">{\"@context\":\"https:\\\/\\\/schema.org\",\"@graph\":[{\"@type\":\"WebPage\",\"@id\":\"https:\\\/\\\/csunitec.com\\\/es\\\/productos\\\/taladros\\\/taladros-y-accionamientos-neumaticos\\\/\",\"url\":\"https:\\\/\\\/csunitec.com\\\/es\\\/productos\\\/taladros\\\/taladros-y-accionamientos-neumaticos\\\/\",\"name\":\"Taladros y accionamientos neum\u00e1ticos - CS Unitec\",\"isPartOf\":{\"@id\":\"https:\\\/\\\/csunitec.com\\\/es\\\/#website\"},\"primaryImageOfPage\":{\"@id\":\"https:\\\/\\\/csunitec.com\\\/es\\\/productos\\\/taladros\\\/taladros-y-accionamientos-neumaticos\\\/#primaryimage\"},\"image\":{\"@id\":\"https:\\\/\\\/csunitec.com\\\/es\\\/productos\\\/taladros\\\/taladros-y-accionamientos-neumaticos\\\/#primaryimage\"},\"thumbnailUrl\":\"https:\\\/\\\/csunitec.com\\\/wp-content\\\/uploads\\\/2026\\\/01\\\/DRILLS-Air-drills.jpg\",\"datePublished\":\"2025-08-31T14:25:06+00:00\",\"dateModified\":\"2026-04-26T21:07:02+00:00\",\"description\":\"Los taladros neum\u00e1ticos proporcionan una potencia fiable para taladrar, escariar, roscar, expandir tubos y aplicaciones metal\u00fargicas especializadas.\",\"breadcrumb\":{\"@id\":\"https:\\\/\\\/csunitec.com\\\/es\\\/productos\\\/taladros\\\/taladros-y-accionamientos-neumaticos\\\/#breadcrumb\"},\"inLanguage\":\"es\",\"potentialAction\":[{\"@type\":\"ReadAction\",\"target\":[\"https:\\\/\\\/csunitec.com\\\/es\\\/productos\\\/taladros\\\/taladros-y-accionamientos-neumaticos\\\/\"]}]},{\"@type\":\"ImageObject\",\"inLanguage\":\"es\",\"@id\":\"https:\\\/\\\/csunitec.com\\\/es\\\/productos\\\/taladros\\\/taladros-y-accionamientos-neumaticos\\\/#primaryimage\",\"url\":\"https:\\\/\\\/csunitec.com\\\/wp-content\\\/uploads\\\/2026\\\/01\\\/DRILLS-Air-drills.jpg\",\"contentUrl\":\"https:\\\/\\\/csunitec.com\\\/wp-content\\\/uploads\\\/2026\\\/01\\\/DRILLS-Air-drills.jpg\",\"width\":2000,\"height\":500},{\"@type\":\"BreadcrumbList\",\"@id\":\"https:\\\/\\\/csunitec.com\\\/es\\\/productos\\\/taladros\\\/taladros-y-accionamientos-neumaticos\\\/#breadcrumb\",\"itemListElement\":[{\"@type\":\"ListItem\",\"position\":1,\"name\":\"Inicio\",\"item\":\"https:\\\/\\\/csunitec.com\\\/es\\\/\"},{\"@type\":\"ListItem\",\"position\":2,\"name\":\"Productos\",\"item\":\"https:\\\/\\\/csunitec.com\\\/es\\\/productos\\\/\"},{\"@type\":\"ListItem\",\"position\":3,\"name\":\"Taladros\",\"item\":\"https:\\\/\\\/csunitec.com\\\/es\\\/productos\\\/taladros\\\/\"},{\"@type\":\"ListItem\",\"position\":4,\"name\":\"Taladros y accionamientos neum\u00e1ticos\"}]},{\"@type\":\"WebSite\",\"@id\":\"https:\\\/\\\/csunitec.com\\\/es\\\/#website\",\"url\":\"https:\\\/\\\/csunitec.com\\\/es\\\/\",\"name\":\"CS Unitec\",\"description\":\"\",\"potentialAction\":[{\"@type\":\"SearchAction\",\"target\":{\"@type\":\"EntryPoint\",\"urlTemplate\":\"https:\\\/\\\/csunitec.com\\\/es\\\/?s={search_term_string}\"},\"query-input\":{\"@type\":\"PropertyValueSpecification\",\"valueRequired\":true,\"valueName\":\"search_term_string\"}}],\"inLanguage\":\"es\"}]}<\/script>\n<!-- \/ Yoast SEO plugin. -->","yoast_head_json":{"title":"Taladros y accionamientos neum\u00e1ticos - CS Unitec","description":"Los taladros neum\u00e1ticos proporcionan una potencia fiable para taladrar, escariar, roscar, expandir tubos y aplicaciones metal\u00fargicas especializadas.","robots":{"index":"index","follow":"follow","max-snippet":"max-snippet:-1","max-image-preview":"max-image-preview:large","max-video-preview":"max-video-preview:-1"},"canonical":"https:\/\/csunitec.com\/es\/productos\/taladros\/taladros-y-accionamientos-neumaticos\/","og_locale":"es_ES","og_type":"article","og_title":"Taladros y accionamientos neum\u00e1ticos - CS Unitec","og_description":"Los taladros neum\u00e1ticos proporcionan una potencia fiable para taladrar, escariar, roscar, expandir tubos y aplicaciones metal\u00fargicas especializadas.","og_url":"https:\/\/csunitec.com\/es\/productos\/taladros\/taladros-y-accionamientos-neumaticos\/","og_site_name":"CS Unitec","article_modified_time":"2026-04-26T21:07:02+00:00","og_image":[{"width":2000,"height":500,"url":"https:\/\/csunitec.com\/wp-content\/uploads\/2026\/01\/DRILLS-Air-drills.jpg","type":"image\/jpeg"}],"twitter_card":"summary_large_image","schema":{"@context":"https:\/\/schema.org","@graph":[{"@type":"WebPage","@id":"https:\/\/csunitec.com\/es\/productos\/taladros\/taladros-y-accionamientos-neumaticos\/","url":"https:\/\/csunitec.com\/es\/productos\/taladros\/taladros-y-accionamientos-neumaticos\/","name":"Taladros y accionamientos neum\u00e1ticos - CS Unitec","isPartOf":{"@id":"https:\/\/csunitec.com\/es\/#website"},"primaryImageOfPage":{"@id":"https:\/\/csunitec.com\/es\/productos\/taladros\/taladros-y-accionamientos-neumaticos\/#primaryimage"},"image":{"@id":"https:\/\/csunitec.com\/es\/productos\/taladros\/taladros-y-accionamientos-neumaticos\/#primaryimage"},"thumbnailUrl":"https:\/\/csunitec.com\/wp-content\/uploads\/2026\/01\/DRILLS-Air-drills.jpg","datePublished":"2025-08-31T14:25:06+00:00","dateModified":"2026-04-26T21:07:02+00:00","description":"Los taladros neum\u00e1ticos proporcionan una potencia fiable para taladrar, escariar, roscar, expandir tubos y aplicaciones metal\u00fargicas especializadas.","breadcrumb":{"@id":"https:\/\/csunitec.com\/es\/productos\/taladros\/taladros-y-accionamientos-neumaticos\/#breadcrumb"},"inLanguage":"es","potentialAction":[{"@type":"ReadAction","target":["https:\/\/csunitec.com\/es\/productos\/taladros\/taladros-y-accionamientos-neumaticos\/"]}]},{"@type":"ImageObject","inLanguage":"es","@id":"https:\/\/csunitec.com\/es\/productos\/taladros\/taladros-y-accionamientos-neumaticos\/#primaryimage","url":"https:\/\/csunitec.com\/wp-content\/uploads\/2026\/01\/DRILLS-Air-drills.jpg","contentUrl":"https:\/\/csunitec.com\/wp-content\/uploads\/2026\/01\/DRILLS-Air-drills.jpg","width":2000,"height":500},{"@type":"BreadcrumbList","@id":"https:\/\/csunitec.com\/es\/productos\/taladros\/taladros-y-accionamientos-neumaticos\/#breadcrumb","itemListElement":[{"@type":"ListItem","position":1,"name":"Inicio","item":"https:\/\/csunitec.com\/es\/"},{"@type":"ListItem","position":2,"name":"Productos","item":"https:\/\/csunitec.com\/es\/productos\/"},{"@type":"ListItem","position":3,"name":"Taladros","item":"https:\/\/csunitec.com\/es\/productos\/taladros\/"},{"@type":"ListItem","position":4,"name":"Taladros y accionamientos neum\u00e1ticos"}]},{"@type":"WebSite","@id":"https:\/\/csunitec.com\/es\/#website","url":"https:\/\/csunitec.com\/es\/","name":"CS Unitec","description":"","potentialAction":[{"@type":"SearchAction","target":{"@type":"EntryPoint","urlTemplate":"https:\/\/csunitec.com\/es\/?s={search_term_string}"},"query-input":{"@type":"PropertyValueSpecification","valueRequired":true,"valueName":"search_term_string"}}],"inLanguage":"es"}]}},"_links":{"self":[{"href":"https:\/\/csunitec.com\/es\/wp-json\/wp\/v2\/pages\/172540","targetHints":{"allow":["GET"]}}],"collection":[{"href":"https:\/\/csunitec.com\/es\/wp-json\/wp\/v2\/pages"}],"about":[{"href":"https:\/\/csunitec.com\/es\/wp-json\/wp\/v2\/types\/page"}],"author":[{"embeddable":true,"href":"https:\/\/csunitec.com\/es\/wp-json\/wp\/v2\/users\/2"}],"replies":[{"embeddable":true,"href":"https:\/\/csunitec.com\/es\/wp-json\/wp\/v2\/comments?post=172540"}],"version-history":[{"count":0,"href":"https:\/\/csunitec.com\/es\/wp-json\/wp\/v2\/pages\/172540\/revisions"}],"up":[{"embeddable":true,"href":"https:\/\/csunitec.com\/es\/wp-json\/wp\/v2\/pages\/172338"}],"wp:featuredmedia":[{"embeddable":true,"href":"https:\/\/csunitec.com\/es\/wp-json\/wp\/v2\/media\/172542"}],"wp:attachment":[{"href":"https:\/\/csunitec.com\/es\/wp-json\/wp\/v2\/media?parent=172540"}],"curies":[{"name":"wp","href":"https:\/\/api.w.org\/{rel}","templated":true}]}}