{"id":172549,"date":"2025-08-31T14:11:03","date_gmt":"2025-08-31T18:11:03","guid":{"rendered":"https:\/\/stgcsunitec.wpenginepowered.com\/sierras\/roedoras\/"},"modified":"2026-04-27T19:16:05","modified_gmt":"2026-04-27T23:16:05","slug":"roedoras","status":"publish","type":"page","link":"https:\/\/csunitec.com\/es\/productos\/sierras\/roedoras\/","title":{"rendered":"Roedoras"},"content":{"rendered":"<div class=\"facetwp-template\" data-name=\"products_saws_nibblers\"><div class=\"fwpl-layout el-8w2k4\"><div class=\"fwpl-result r1\"><div class=\"fwpl-row el-0feju4\"><div class=\"fwpl-col fwpl-col el-lj7vtd\"><div class=\"fwpl-item el-ldqjo74\"><a href=\"https:\/\/csunitec.com\/es\/producto\/troqueles-para-mordazas-electricas\/\"><img decoding=\"async\" width=\"300\" height=\"300\" data-src=\"https:\/\/csunitec.com\/wp-content\/uploads\/2026\/04\/TruTool-N-1000-Matrize-7-Derivat-700-339-300x300.jpg\" class=\"attachment-medium size-medium wp-post-image lazyload\" alt=\"\" data-srcset=\"https:\/\/csunitec.com\/wp-content\/uploads\/2026\/04\/TruTool-N-1000-Matrize-7-Derivat-700-339-300x300.jpg 300w, https:\/\/csunitec.com\/wp-content\/uploads\/2026\/04\/TruTool-N-1000-Matrize-7-Derivat-700-339-150x150.jpg 150w, https:\/\/csunitec.com\/wp-content\/uploads\/2026\/04\/TruTool-N-1000-Matrize-7-Derivat-700-339-350x350.jpg 350w, https:\/\/csunitec.com\/wp-content\/uploads\/2026\/04\/TruTool-N-1000-Matrize-7-Derivat-700-339-348x348.jpg 348w, https:\/\/csunitec.com\/wp-content\/uploads\/2026\/04\/TruTool-N-1000-Matrize-7-Derivat-700-339-600x600.jpg 600w, https:\/\/csunitec.com\/wp-content\/uploads\/2026\/04\/TruTool-N-1000-Matrize-7-Derivat-700-339-100x100.jpg 100w, https:\/\/csunitec.com\/wp-content\/uploads\/2026\/04\/TruTool-N-1000-Matrize-7-Derivat-700-339.jpg 637w\" data-sizes=\"(max-width: 300px) 100vw, 300px\" src=\"data:image\/svg+xml;base64,PHN2ZyB3aWR0aD0iMSIgaGVpZ2h0PSIxIiB4bWxucz0iaHR0cDovL3d3dy53My5vcmcvMjAwMC9zdmciPjwvc3ZnPg==\" style=\"--smush-placeholder-width: 300px; --smush-placeholder-aspect-ratio: 300\/300;\" \/><\/a><\/div><div class=\"fwpl-item el-qkky1a listing-cat is-empty\"><\/div><div class=\"fwpl-item el-fq3af listing-cat is-empty\"><\/div><div class=\"fwpl-item el-xkm49v listing-cat\"><span class=\"fwpl-term fwpl-term-accesorio fwpl-tax-accessory_type\">Accesorio<\/span><\/div><div class=\"fwpl-item el-e3dlag\"><a href=\"https:\/\/csunitec.com\/es\/producto\/troqueles-para-mordazas-electricas\/\">Troqueles para Mordazas El\u00e9ctricas<\/a><\/div><div class=\"fwpl-item el-ww0hp9\"><ul>\n \t<li>Matrices para acero dulce y aluminio<\/li>\n \t<li>Matrices para acero inoxidable<\/li>\n \t<li>Para Mordedores El\u00e9ctricos<\/li>\n<\/ul><\/div><\/div><\/div><\/div><div class=\"fwpl-result r2\"><div class=\"fwpl-row el-0feju4\"><div class=\"fwpl-col fwpl-col el-lj7vtd\"><div class=\"fwpl-item el-ldqjo74\"><a href=\"https:\/\/csunitec.com\/es\/producto\/punzones-para-mordazas-electricas\/\"><img decoding=\"async\" width=\"300\" height=\"300\" data-src=\"https:\/\/csunitec.com\/wp-content\/uploads\/2026\/04\/TruTool-N-1000-Stempel-Standard-Derivat-700-339-300x300.jpg\" class=\"attachment-medium size-medium wp-post-image lazyload\" alt=\"\" data-srcset=\"https:\/\/csunitec.com\/wp-content\/uploads\/2026\/04\/TruTool-N-1000-Stempel-Standard-Derivat-700-339-300x300.jpg 300w, https:\/\/csunitec.com\/wp-content\/uploads\/2026\/04\/TruTool-N-1000-Stempel-Standard-Derivat-700-339-150x150.jpg 150w, https:\/\/csunitec.com\/wp-content\/uploads\/2026\/04\/TruTool-N-1000-Stempel-Standard-Derivat-700-339-350x350.jpg 350w, https:\/\/csunitec.com\/wp-content\/uploads\/2026\/04\/TruTool-N-1000-Stempel-Standard-Derivat-700-339-348x348.jpg 348w, https:\/\/csunitec.com\/wp-content\/uploads\/2026\/04\/TruTool-N-1000-Stempel-Standard-Derivat-700-339-600x600.jpg 600w, https:\/\/csunitec.com\/wp-content\/uploads\/2026\/04\/TruTool-N-1000-Stempel-Standard-Derivat-700-339-100x100.jpg 100w, https:\/\/csunitec.com\/wp-content\/uploads\/2026\/04\/TruTool-N-1000-Stempel-Standard-Derivat-700-339-uai-720x720.jpg 720w, https:\/\/csunitec.com\/wp-content\/uploads\/2026\/04\/TruTool-N-1000-Stempel-Standard-Derivat-700-339.jpg 739w\" data-sizes=\"(max-width: 300px) 100vw, 300px\" src=\"data:image\/svg+xml;base64,PHN2ZyB3aWR0aD0iMSIgaGVpZ2h0PSIxIiB4bWxucz0iaHR0cDovL3d3dy53My5vcmcvMjAwMC9zdmciPjwvc3ZnPg==\" style=\"--smush-placeholder-width: 300px; --smush-placeholder-aspect-ratio: 300\/300;\" \/><\/a><\/div><div class=\"fwpl-item el-qkky1a listing-cat is-empty\"><\/div><div class=\"fwpl-item el-fq3af listing-cat is-empty\"><\/div><div class=\"fwpl-item el-xkm49v listing-cat\"><span class=\"fwpl-term fwpl-term-accesorio fwpl-tax-accessory_type\">Accesorio<\/span><\/div><div class=\"fwpl-item el-e3dlag\"><a href=\"https:\/\/csunitec.com\/es\/producto\/punzones-para-mordazas-electricas\/\">Punzones para Mordazas El\u00e9ctricas<\/a><\/div><div class=\"fwpl-item el-ww0hp9\"><ul>\n \t<li>Punzones para acero dulce y aluminio<\/li>\n \t<li>Punzones para acero inoxidable<\/li>\n \t<li>Para Mordedores El\u00e9ctricos<\/li>\n<\/ul><\/div><\/div><\/div><\/div><div class=\"fwpl-result r3\"><div class=\"fwpl-row el-0feju4\"><div class=\"fwpl-col fwpl-col el-lj7vtd\"><div class=\"fwpl-item el-ldqjo74\"><a href=\"https:\/\/csunitec.com\/es\/producto\/mordedores-electricos\/\"><img decoding=\"async\" width=\"300\" height=\"300\" data-src=\"https:\/\/csunitec.com\/wp-content\/uploads\/2024\/09\/Nibblers-300x300.jpg\" class=\"attachment-medium size-medium wp-post-image lazyload\" alt=\"\" data-srcset=\"https:\/\/csunitec.com\/wp-content\/uploads\/2024\/09\/Nibblers-300x300.jpg 300w, https:\/\/csunitec.com\/wp-content\/uploads\/2024\/09\/Nibblers-1024x1024.jpg 1024w, https:\/\/csunitec.com\/wp-content\/uploads\/2024\/09\/Nibblers-150x150.jpg 150w, https:\/\/csunitec.com\/wp-content\/uploads\/2024\/09\/Nibblers-768x768.jpg 768w, https:\/\/csunitec.com\/wp-content\/uploads\/2024\/09\/Nibblers-1536x1536.jpg 1536w, https:\/\/csunitec.com\/wp-content\/uploads\/2024\/09\/Nibblers-350x350.jpg 350w, https:\/\/csunitec.com\/wp-content\/uploads\/2024\/09\/Nibblers-348x348.jpg 348w, https:\/\/csunitec.com\/wp-content\/uploads\/2024\/09\/Nibblers-600x600.jpg 600w, https:\/\/csunitec.com\/wp-content\/uploads\/2024\/09\/Nibblers-100x100.jpg 100w, https:\/\/csunitec.com\/wp-content\/uploads\/2024\/09\/Nibblers-uai-900x900.jpg 900w, https:\/\/csunitec.com\/wp-content\/uploads\/2024\/09\/Nibblers-uai-720x720.jpg 720w, https:\/\/csunitec.com\/wp-content\/uploads\/2024\/09\/Nibblers.jpg 2000w\" data-sizes=\"(max-width: 300px) 100vw, 300px\" src=\"data:image\/svg+xml;base64,PHN2ZyB3aWR0aD0iMSIgaGVpZ2h0PSIxIiB4bWxucz0iaHR0cDovL3d3dy53My5vcmcvMjAwMC9zdmciPjwvc3ZnPg==\" style=\"--smush-placeholder-width: 300px; --smush-placeholder-aspect-ratio: 300\/300;\" \/><\/a><\/div><div class=\"fwpl-item el-qkky1a listing-cat\"><span class=\"fwpl-term fwpl-term-electrico fwpl-tax-power_type\">El\u00e9ctrico<\/span> Power<\/div><div class=\"fwpl-item el-fq3af listing-cat is-empty\"><\/div><div class=\"fwpl-item el-xkm49v listing-cat is-empty\"><\/div><div class=\"fwpl-item el-e3dlag\"><a href=\"https:\/\/csunitec.com\/es\/producto\/mordedores-electricos\/\">Mordedores el\u00e9ctricos<\/a><\/div><div class=\"fwpl-item el-ww0hp9\"><ul class=\"alexcss\">\n \t<li>Capacidad de corte: Hasta 0,375\" en acero dulce y 0,276\" en acero inoxidable<\/li>\n \t<li>Carreras por minuto: Opciones de una y dos marchas disponibles<\/li>\n \t<li>Potencia: de 7 a 17 amperios<\/li>\n<\/ul><\/div><\/div><\/div><\/div><\/div>\n<style>\n.fwpl-layout, .fwpl-row {\n    display: grid;\n}\n.fwpl-layout.el-8w2k4 {\n    grid-template-columns: repeat(3, 1fr);\n    grid-gap: 10px;\n}\n.fwpl-btn {\n    text-decoration: none;\n}\n.fwpl-row.el-0feju4 {\n    grid-template-columns: 1fr;\n    text-align: center;\n}\n.fwpl-col.el-lj7vtd {\n    text-align: center;\n}\n.fwpl-item.el-ldqjo74 {\n    text-align: center;\n}\n.fwpl-item.el-qkky1a {\n    font-size: 11px;\n    color: #028f00;\n}\n.fwpl-item.el-fq3af {\n    font-size: 11px;\n    color: #028f00;\n}\n.fwpl-item.el-xkm49v {\n    font-size: 11px;\n    color: #028f00;\n}\n.fwpl-item.el-e3dlag {\n    text-align: center;\n    font-size: 20px;\n}\n@media (max-width: 480px) { \n    body .facetwp-template .fwpl-layout,  \n    body .facetwp-template-static .fwpl-layout { grid-template-columns: 1fr; } \n} \n\n<\/style>\n<\/div>\n","protected":false},"excerpt":{"rendered":"<h3>CORTA CHAPAS DE METAL Y ACERO DE HASTA 3\/8&#8243; DE ESPESOR<\/h3>\n<p><span style=\"font-weight: 400;\">Estas roedoras de alta resistencia ofrecen cortes r\u00e1pidos y limpios en chapas met\u00e1licas, placas de acero, piezas soldadas y chapas dobles, lo que las hace ideales para aplicaciones de fabricaci\u00f3n, mantenimiento e industriales. Su dise\u00f1o maniobrable permite un corte preciso en curvas, bordes y espacios reducidos, manteniendo un excelente control y calidad de corte. Un cabezal giratorio y matrices opcionales ampl\u00edan a\u00fan m\u00e1s la versatilidad, ayudando a los operarios a trabajar de manera eficiente en una amplia gama de posiciones y entornos.<\/span><\/p>\n<ul class=\"alexcss\">\n<li>Para cortar chapas, chapas de acero, soldaduras, bobinas y chapas dobles<\/li>\n<li>Corta acero de hasta 0,375&#8243; de grosor, acero inoxidable de hasta 0,276&#8243; y aluminio de hasta 0,5&#8243; de grosor<\/li>\n<li>Puede cortar hasta 1,5 metros por minuto<\/li>\n<li>El cabezal se puede girar en cuatro posiciones de 90\u00b0<\/li>\n<li>Corte curvas de m\u00e1s de 90\u00b0 con la matriz opcional<\/li>\n<li>Caja de cambios de dos velocidades (s\u00f3lo en CS-3400 E)<\/li>\n<\/ul>\n","protected":false},"author":2,"featured_media":172552,"parent":172367,"menu_order":0,"comment_status":"closed","ping_status":"closed","template":"","meta":{"footnotes":""},"class_list":["post-172549","page","type-page","status-publish","has-post-thumbnail","hentry"],"yoast_head":"<!-- This site is optimized with the Yoast SEO plugin v27.5 - https:\/\/yoast.com\/product\/yoast-seo-wordpress\/ -->\n<title>Roedoras - CS Unitec<\/title>\n<meta name=\"description\" content=\"Roedoras y cizallas el\u00e9ctricas dise\u00f1adas para un corte r\u00e1pido y limpio de chapas met\u00e1licas, placas de acero, aluminio y acero inoxidable.\" \/>\n<meta name=\"robots\" content=\"index, follow, max-snippet:-1, max-image-preview:large, max-video-preview:-1\" \/>\n<link rel=\"canonical\" href=\"https:\/\/csunitec.com\/es\/productos\/sierras\/roedoras\/\" \/>\n<meta property=\"og:locale\" content=\"es_ES\" \/>\n<meta property=\"og:type\" content=\"article\" \/>\n<meta property=\"og:title\" content=\"Roedoras - CS Unitec\" \/>\n<meta property=\"og:description\" content=\"Roedoras y cizallas el\u00e9ctricas dise\u00f1adas para un corte r\u00e1pido y limpio de chapas met\u00e1licas, placas de acero, aluminio y acero inoxidable.\" \/>\n<meta property=\"og:url\" content=\"https:\/\/csunitec.com\/es\/productos\/sierras\/roedoras\/\" \/>\n<meta property=\"og:site_name\" content=\"CS Unitec\" \/>\n<meta property=\"article:modified_time\" content=\"2026-04-27T23:16:05+00:00\" \/>\n<meta property=\"og:image\" content=\"https:\/\/csunitec.com\/wp-content\/uploads\/2026\/01\/SAWS-NIBBLERS.jpg\" \/>\n\t<meta property=\"og:image:width\" content=\"2000\" \/>\n\t<meta property=\"og:image:height\" content=\"500\" \/>\n\t<meta property=\"og:image:type\" content=\"image\/jpeg\" \/>\n<meta name=\"twitter:card\" content=\"summary_large_image\" \/>\n<meta name=\"twitter:label1\" content=\"Tiempo de lectura\" \/>\n\t<meta name=\"twitter:data1\" content=\"1 minuto\" \/>\n<script type=\"application\/ld+json\" class=\"yoast-schema-graph\">{\"@context\":\"https:\\\/\\\/schema.org\",\"@graph\":[{\"@type\":\"WebPage\",\"@id\":\"https:\\\/\\\/csunitec.com\\\/es\\\/productos\\\/sierras\\\/roedoras\\\/\",\"url\":\"https:\\\/\\\/csunitec.com\\\/es\\\/productos\\\/sierras\\\/roedoras\\\/\",\"name\":\"Roedoras - CS Unitec\",\"isPartOf\":{\"@id\":\"https:\\\/\\\/csunitec.com\\\/es\\\/#website\"},\"primaryImageOfPage\":{\"@id\":\"https:\\\/\\\/csunitec.com\\\/es\\\/productos\\\/sierras\\\/roedoras\\\/#primaryimage\"},\"image\":{\"@id\":\"https:\\\/\\\/csunitec.com\\\/es\\\/productos\\\/sierras\\\/roedoras\\\/#primaryimage\"},\"thumbnailUrl\":\"https:\\\/\\\/csunitec.com\\\/wp-content\\\/uploads\\\/2026\\\/01\\\/SAWS-NIBBLERS.jpg\",\"datePublished\":\"2025-08-31T18:11:03+00:00\",\"dateModified\":\"2026-04-27T23:16:05+00:00\",\"description\":\"Roedoras y cizallas el\u00e9ctricas dise\u00f1adas para un corte r\u00e1pido y limpio de chapas met\u00e1licas, placas de acero, aluminio y acero inoxidable.\",\"breadcrumb\":{\"@id\":\"https:\\\/\\\/csunitec.com\\\/es\\\/productos\\\/sierras\\\/roedoras\\\/#breadcrumb\"},\"inLanguage\":\"es\",\"potentialAction\":[{\"@type\":\"ReadAction\",\"target\":[\"https:\\\/\\\/csunitec.com\\\/es\\\/productos\\\/sierras\\\/roedoras\\\/\"]}]},{\"@type\":\"ImageObject\",\"inLanguage\":\"es\",\"@id\":\"https:\\\/\\\/csunitec.com\\\/es\\\/productos\\\/sierras\\\/roedoras\\\/#primaryimage\",\"url\":\"https:\\\/\\\/csunitec.com\\\/wp-content\\\/uploads\\\/2026\\\/01\\\/SAWS-NIBBLERS.jpg\",\"contentUrl\":\"https:\\\/\\\/csunitec.com\\\/wp-content\\\/uploads\\\/2026\\\/01\\\/SAWS-NIBBLERS.jpg\",\"width\":2000,\"height\":500},{\"@type\":\"BreadcrumbList\",\"@id\":\"https:\\\/\\\/csunitec.com\\\/es\\\/productos\\\/sierras\\\/roedoras\\\/#breadcrumb\",\"itemListElement\":[{\"@type\":\"ListItem\",\"position\":1,\"name\":\"Inicio\",\"item\":\"https:\\\/\\\/csunitec.com\\\/es\\\/\"},{\"@type\":\"ListItem\",\"position\":2,\"name\":\"Productos\",\"item\":\"https:\\\/\\\/csunitec.com\\\/es\\\/productos\\\/\"},{\"@type\":\"ListItem\",\"position\":3,\"name\":\"Sierras\",\"item\":\"https:\\\/\\\/csunitec.com\\\/es\\\/productos\\\/sierras\\\/\"},{\"@type\":\"ListItem\",\"position\":4,\"name\":\"Roedoras\"}]},{\"@type\":\"WebSite\",\"@id\":\"https:\\\/\\\/csunitec.com\\\/es\\\/#website\",\"url\":\"https:\\\/\\\/csunitec.com\\\/es\\\/\",\"name\":\"CS Unitec\",\"description\":\"\",\"potentialAction\":[{\"@type\":\"SearchAction\",\"target\":{\"@type\":\"EntryPoint\",\"urlTemplate\":\"https:\\\/\\\/csunitec.com\\\/es\\\/?s={search_term_string}\"},\"query-input\":{\"@type\":\"PropertyValueSpecification\",\"valueRequired\":true,\"valueName\":\"search_term_string\"}}],\"inLanguage\":\"es\"}]}<\/script>\n<!-- \/ Yoast SEO plugin. -->","yoast_head_json":{"title":"Roedoras - CS Unitec","description":"Roedoras y cizallas el\u00e9ctricas dise\u00f1adas para un corte r\u00e1pido y limpio de chapas met\u00e1licas, placas de acero, aluminio y acero inoxidable.","robots":{"index":"index","follow":"follow","max-snippet":"max-snippet:-1","max-image-preview":"max-image-preview:large","max-video-preview":"max-video-preview:-1"},"canonical":"https:\/\/csunitec.com\/es\/productos\/sierras\/roedoras\/","og_locale":"es_ES","og_type":"article","og_title":"Roedoras - CS Unitec","og_description":"Roedoras y cizallas el\u00e9ctricas dise\u00f1adas para un corte r\u00e1pido y limpio de chapas met\u00e1licas, placas de acero, aluminio y acero inoxidable.","og_url":"https:\/\/csunitec.com\/es\/productos\/sierras\/roedoras\/","og_site_name":"CS Unitec","article_modified_time":"2026-04-27T23:16:05+00:00","og_image":[{"width":2000,"height":500,"url":"https:\/\/csunitec.com\/wp-content\/uploads\/2026\/01\/SAWS-NIBBLERS.jpg","type":"image\/jpeg"}],"twitter_card":"summary_large_image","twitter_misc":{"Tiempo de lectura":"1 minuto"},"schema":{"@context":"https:\/\/schema.org","@graph":[{"@type":"WebPage","@id":"https:\/\/csunitec.com\/es\/productos\/sierras\/roedoras\/","url":"https:\/\/csunitec.com\/es\/productos\/sierras\/roedoras\/","name":"Roedoras - CS Unitec","isPartOf":{"@id":"https:\/\/csunitec.com\/es\/#website"},"primaryImageOfPage":{"@id":"https:\/\/csunitec.com\/es\/productos\/sierras\/roedoras\/#primaryimage"},"image":{"@id":"https:\/\/csunitec.com\/es\/productos\/sierras\/roedoras\/#primaryimage"},"thumbnailUrl":"https:\/\/csunitec.com\/wp-content\/uploads\/2026\/01\/SAWS-NIBBLERS.jpg","datePublished":"2025-08-31T18:11:03+00:00","dateModified":"2026-04-27T23:16:05+00:00","description":"Roedoras y cizallas el\u00e9ctricas dise\u00f1adas para un corte r\u00e1pido y limpio de chapas met\u00e1licas, placas de acero, aluminio y acero inoxidable.","breadcrumb":{"@id":"https:\/\/csunitec.com\/es\/productos\/sierras\/roedoras\/#breadcrumb"},"inLanguage":"es","potentialAction":[{"@type":"ReadAction","target":["https:\/\/csunitec.com\/es\/productos\/sierras\/roedoras\/"]}]},{"@type":"ImageObject","inLanguage":"es","@id":"https:\/\/csunitec.com\/es\/productos\/sierras\/roedoras\/#primaryimage","url":"https:\/\/csunitec.com\/wp-content\/uploads\/2026\/01\/SAWS-NIBBLERS.jpg","contentUrl":"https:\/\/csunitec.com\/wp-content\/uploads\/2026\/01\/SAWS-NIBBLERS.jpg","width":2000,"height":500},{"@type":"BreadcrumbList","@id":"https:\/\/csunitec.com\/es\/productos\/sierras\/roedoras\/#breadcrumb","itemListElement":[{"@type":"ListItem","position":1,"name":"Inicio","item":"https:\/\/csunitec.com\/es\/"},{"@type":"ListItem","position":2,"name":"Productos","item":"https:\/\/csunitec.com\/es\/productos\/"},{"@type":"ListItem","position":3,"name":"Sierras","item":"https:\/\/csunitec.com\/es\/productos\/sierras\/"},{"@type":"ListItem","position":4,"name":"Roedoras"}]},{"@type":"WebSite","@id":"https:\/\/csunitec.com\/es\/#website","url":"https:\/\/csunitec.com\/es\/","name":"CS Unitec","description":"","potentialAction":[{"@type":"SearchAction","target":{"@type":"EntryPoint","urlTemplate":"https:\/\/csunitec.com\/es\/?s={search_term_string}"},"query-input":{"@type":"PropertyValueSpecification","valueRequired":true,"valueName":"search_term_string"}}],"inLanguage":"es"}]}},"_links":{"self":[{"href":"https:\/\/csunitec.com\/es\/wp-json\/wp\/v2\/pages\/172549","targetHints":{"allow":["GET"]}}],"collection":[{"href":"https:\/\/csunitec.com\/es\/wp-json\/wp\/v2\/pages"}],"about":[{"href":"https:\/\/csunitec.com\/es\/wp-json\/wp\/v2\/types\/page"}],"author":[{"embeddable":true,"href":"https:\/\/csunitec.com\/es\/wp-json\/wp\/v2\/users\/2"}],"replies":[{"embeddable":true,"href":"https:\/\/csunitec.com\/es\/wp-json\/wp\/v2\/comments?post=172549"}],"version-history":[{"count":0,"href":"https:\/\/csunitec.com\/es\/wp-json\/wp\/v2\/pages\/172549\/revisions"}],"up":[{"embeddable":true,"href":"https:\/\/csunitec.com\/es\/wp-json\/wp\/v2\/pages\/172367"}],"wp:featuredmedia":[{"embeddable":true,"href":"https:\/\/csunitec.com\/es\/wp-json\/wp\/v2\/media\/172552"}],"wp:attachment":[{"href":"https:\/\/csunitec.com\/es\/wp-json\/wp\/v2\/media?parent=172549"}],"curies":[{"name":"wp","href":"https:\/\/api.w.org\/{rel}","templated":true}]}}