{"id":172581,"date":"2025-08-31T23:51:28","date_gmt":"2025-09-01T03:51:28","guid":{"rendered":"https:\/\/stgcsunitec.wpenginepowered.com\/aspiracion-y-recogida-de-polvo\/aspiradores-neumaticos\/"},"modified":"2026-04-26T18:19:04","modified_gmt":"2026-04-26T22:19:04","slug":"aspiradores-neumaticos","status":"publish","type":"page","link":"https:\/\/csunitec.com\/es\/productos\/aspiracion-y-recogida-de-polvo\/aspiradores-neumaticos\/","title":{"rendered":"Aspiradores neum\u00e1ticos"},"content":{"rendered":"<div class=\"facetwp-template\" data-name=\"products_dust_collection_air_vacuums\"><div class=\"fwpl-layout el-8w2k4\"><div class=\"fwpl-result r1\"><div class=\"fwpl-row el-0feju4\"><div class=\"fwpl-col fwpl-col el-lj7vtd\"><div class=\"fwpl-item el-ldqjo74\"><a href=\"https:\/\/csunitec.com\/es\/producto\/aspirador-neumatico-antiestatico-certificado-atex-para-zonas-ex-humedo-seco\/\"><img decoding=\"async\" width=\"300\" height=\"300\" src=\"https:\/\/csunitec.com\/wp-content\/uploads\/2025\/04\/Air-Vacuum-1-2-1-300x300.png\" class=\"attachment-medium size-medium wp-post-image\" alt=\"\" srcset=\"https:\/\/csunitec.com\/wp-content\/uploads\/2025\/04\/Air-Vacuum-1-2-1-300x300.png 300w, https:\/\/csunitec.com\/wp-content\/uploads\/2025\/04\/Air-Vacuum-1-2-1-150x150.png 150w, https:\/\/csunitec.com\/wp-content\/uploads\/2025\/04\/Air-Vacuum-1-2-1-768x768.png 768w, https:\/\/csunitec.com\/wp-content\/uploads\/2025\/04\/Air-Vacuum-1-2-1-350x350.png 350w, https:\/\/csunitec.com\/wp-content\/uploads\/2025\/04\/Air-Vacuum-1-2-1-348x348.png 348w, https:\/\/csunitec.com\/wp-content\/uploads\/2025\/04\/Air-Vacuum-1-2-1-600x600.png 600w, https:\/\/csunitec.com\/wp-content\/uploads\/2025\/04\/Air-Vacuum-1-2-1-100x100.png 100w, https:\/\/csunitec.com\/wp-content\/uploads\/2025\/04\/Air-Vacuum-1-2-1-uai-720x720.png 720w, https:\/\/csunitec.com\/wp-content\/uploads\/2025\/04\/Air-Vacuum-1-2-1-uai-900x900.png 900w, https:\/\/csunitec.com\/wp-content\/uploads\/2025\/04\/Air-Vacuum-1-2-1.png 1000w\" sizes=\"(max-width: 300px) 100vw, 300px\" loading=\"lazy\" \/><\/a><\/div><div class=\"fwpl-item el-qkky1a listing-cat\"><span class=\"fwpl-term fwpl-term-aire fwpl-tax-power_type\">Aire<\/span> Power<\/div><div class=\"fwpl-item el-fq3af listing-cat is-empty\"><\/div><div class=\"fwpl-item el-xkm49v listing-cat is-empty\"><\/div><div class=\"fwpl-item el-e3dlag\"><a href=\"https:\/\/csunitec.com\/es\/producto\/aspirador-neumatico-antiestatico-certificado-atex-para-zonas-ex-humedo-seco\/\">Aspirador Neum\u00e1tico - Antiest\u00e1tico\/Certificado ATEX para Zonas Ex - H\u00famedo\/Seco<\/a><\/div><div class=\"fwpl-item el-ww0hp9\"><ul>\n \t<li>Potencia: 35 CFM (90 PSI)<\/li>\n \t<li>Caudal de salida: 70 CFM<\/li>\n \t<li>Capacidad: 6,8 gal.<\/li>\n<\/ul><\/div><\/div><\/div><\/div><div class=\"fwpl-result r2\"><div class=\"fwpl-row el-0feju4\"><div class=\"fwpl-col fwpl-col el-lj7vtd\"><div class=\"fwpl-item el-ldqjo74\"><a href=\"https:\/\/csunitec.com\/es\/producto\/kits-de-herramientas-para-aspiradoras-neumaticas\/\"><img decoding=\"async\" width=\"300\" height=\"300\" src=\"https:\/\/csunitec.com\/wp-content\/uploads\/2025\/04\/Tool-Kit-for-Air-Vacuums-1-2-1-300x300.png\" class=\"attachment-medium size-medium wp-post-image\" alt=\"\" srcset=\"https:\/\/csunitec.com\/wp-content\/uploads\/2025\/04\/Tool-Kit-for-Air-Vacuums-1-2-1-300x300.png 300w, https:\/\/csunitec.com\/wp-content\/uploads\/2025\/04\/Tool-Kit-for-Air-Vacuums-1-2-1-150x150.png 150w, https:\/\/csunitec.com\/wp-content\/uploads\/2025\/04\/Tool-Kit-for-Air-Vacuums-1-2-1-768x768.png 768w, https:\/\/csunitec.com\/wp-content\/uploads\/2025\/04\/Tool-Kit-for-Air-Vacuums-1-2-1-350x350.png 350w, https:\/\/csunitec.com\/wp-content\/uploads\/2025\/04\/Tool-Kit-for-Air-Vacuums-1-2-1-348x348.png 348w, https:\/\/csunitec.com\/wp-content\/uploads\/2025\/04\/Tool-Kit-for-Air-Vacuums-1-2-1-600x600.png 600w, https:\/\/csunitec.com\/wp-content\/uploads\/2025\/04\/Tool-Kit-for-Air-Vacuums-1-2-1-100x100.png 100w, https:\/\/csunitec.com\/wp-content\/uploads\/2025\/04\/Tool-Kit-for-Air-Vacuums-1-2-1-uai-720x720.png 720w, https:\/\/csunitec.com\/wp-content\/uploads\/2025\/04\/Tool-Kit-for-Air-Vacuums-1-2-1-uai-900x900.png 900w, https:\/\/csunitec.com\/wp-content\/uploads\/2025\/04\/Tool-Kit-for-Air-Vacuums-1-2-1.png 1000w\" sizes=\"(max-width: 300px) 100vw, 300px\" loading=\"lazy\" \/><\/a><\/div><div class=\"fwpl-item el-qkky1a listing-cat is-empty\"><\/div><div class=\"fwpl-item el-fq3af listing-cat is-empty\"><\/div><div class=\"fwpl-item el-xkm49v listing-cat\"><span class=\"fwpl-term fwpl-term-accesorio fwpl-tax-accessory_type\">Accesorio<\/span><\/div><div class=\"fwpl-item el-e3dlag\"><a href=\"https:\/\/csunitec.com\/es\/producto\/kits-de-herramientas-para-aspiradoras-neumaticas\/\">Kits de herramientas para aspiradoras neum\u00e1ticas<\/a><\/div><div class=\"fwpl-item el-ww0hp9\"><ul>\n \t<li>Kit de herramientas antiest\u00e1ticas de 38 mm con cepillo para quitar el polvo (Para el modelo 303.10KAV30\/D)<\/li>\n \t<li>Kit de herramientas antiest\u00e1ticas de 38 mm (Para el modelo 303.10KAV30\/WD)<\/li>\n<\/ul><\/div><\/div><\/div><\/div><div class=\"fwpl-result r3\"><div class=\"fwpl-row el-0feju4\"><div class=\"fwpl-col fwpl-col el-lj7vtd\"><div class=\"fwpl-item el-ldqjo74\"><a href=\"https:\/\/csunitec.com\/es\/producto\/conjunto-filtro-estandar-antiestatico-para-aspiradores-de-aire\/\"><img decoding=\"async\" width=\"300\" height=\"300\" src=\"https:\/\/csunitec.com\/wp-content\/uploads\/2025\/04\/Filter-for-Air-Vacuums-1-2-1-300x300.png\" class=\"attachment-medium size-medium wp-post-image\" alt=\"\" srcset=\"https:\/\/csunitec.com\/wp-content\/uploads\/2025\/04\/Filter-for-Air-Vacuums-1-2-1-300x300.png 300w, https:\/\/csunitec.com\/wp-content\/uploads\/2025\/04\/Filter-for-Air-Vacuums-1-2-1-150x150.png 150w, https:\/\/csunitec.com\/wp-content\/uploads\/2025\/04\/Filter-for-Air-Vacuums-1-2-1-768x768.png 768w, https:\/\/csunitec.com\/wp-content\/uploads\/2025\/04\/Filter-for-Air-Vacuums-1-2-1-350x350.png 350w, https:\/\/csunitec.com\/wp-content\/uploads\/2025\/04\/Filter-for-Air-Vacuums-1-2-1-348x348.png 348w, https:\/\/csunitec.com\/wp-content\/uploads\/2025\/04\/Filter-for-Air-Vacuums-1-2-1-600x600.png 600w, https:\/\/csunitec.com\/wp-content\/uploads\/2025\/04\/Filter-for-Air-Vacuums-1-2-1-100x100.png 100w, https:\/\/csunitec.com\/wp-content\/uploads\/2025\/04\/Filter-for-Air-Vacuums-1-2-1-uai-720x720.png 720w, https:\/\/csunitec.com\/wp-content\/uploads\/2025\/04\/Filter-for-Air-Vacuums-1-2-1-uai-900x900.png 900w, https:\/\/csunitec.com\/wp-content\/uploads\/2025\/04\/Filter-for-Air-Vacuums-1-2-1.png 1000w\" sizes=\"(max-width: 300px) 100vw, 300px\" loading=\"lazy\" \/><\/a><\/div><div class=\"fwpl-item el-qkky1a listing-cat is-empty\"><\/div><div class=\"fwpl-item el-fq3af listing-cat is-empty\"><\/div><div class=\"fwpl-item el-xkm49v listing-cat\"><span class=\"fwpl-term fwpl-term-accesorio fwpl-tax-accessory_type\">Accesorio<\/span><\/div><div class=\"fwpl-item el-e3dlag\"><a href=\"https:\/\/csunitec.com\/es\/producto\/conjunto-filtro-estandar-antiestatico-para-aspiradores-de-aire\/\">Conjunto Filtro Est\u00e1ndar Antiest\u00e1tico para Aspiradores de Aire<\/a><\/div><div class=\"fwpl-item el-ww0hp9\"><ul>\n \t<li>Uso en seco con filtro de papel o bolsa<\/li>\n<\/ul><\/div><\/div><\/div><\/div><div class=\"fwpl-result r4\"><div class=\"fwpl-row el-0feju4\"><div class=\"fwpl-col fwpl-col el-lj7vtd\"><div class=\"fwpl-item el-ldqjo74\"><a href=\"https:\/\/csunitec.com\/es\/producto\/filtro-permaflow-para-filtracion-secundaria-en-aspiradores-de-aire\/\"><img decoding=\"async\" width=\"300\" height=\"300\" src=\"https:\/\/csunitec.com\/wp-content\/uploads\/2025\/04\/Secondary-Filter-for-Air-Vacuums-1-2-1-300x300.png\" class=\"attachment-medium size-medium wp-post-image\" alt=\"\" srcset=\"https:\/\/csunitec.com\/wp-content\/uploads\/2025\/04\/Secondary-Filter-for-Air-Vacuums-1-2-1-300x300.png 300w, https:\/\/csunitec.com\/wp-content\/uploads\/2025\/04\/Secondary-Filter-for-Air-Vacuums-1-2-1-150x150.png 150w, https:\/\/csunitec.com\/wp-content\/uploads\/2025\/04\/Secondary-Filter-for-Air-Vacuums-1-2-1-768x768.png 768w, https:\/\/csunitec.com\/wp-content\/uploads\/2025\/04\/Secondary-Filter-for-Air-Vacuums-1-2-1-350x350.png 350w, https:\/\/csunitec.com\/wp-content\/uploads\/2025\/04\/Secondary-Filter-for-Air-Vacuums-1-2-1-348x348.png 348w, https:\/\/csunitec.com\/wp-content\/uploads\/2025\/04\/Secondary-Filter-for-Air-Vacuums-1-2-1-600x600.png 600w, https:\/\/csunitec.com\/wp-content\/uploads\/2025\/04\/Secondary-Filter-for-Air-Vacuums-1-2-1-100x100.png 100w, https:\/\/csunitec.com\/wp-content\/uploads\/2025\/04\/Secondary-Filter-for-Air-Vacuums-1-2-1-uai-720x720.png 720w, https:\/\/csunitec.com\/wp-content\/uploads\/2025\/04\/Secondary-Filter-for-Air-Vacuums-1-2-1-uai-900x900.png 900w, https:\/\/csunitec.com\/wp-content\/uploads\/2025\/04\/Secondary-Filter-for-Air-Vacuums-1-2-1.png 1000w\" sizes=\"(max-width: 300px) 100vw, 300px\" loading=\"lazy\" \/><\/a><\/div><div class=\"fwpl-item el-qkky1a listing-cat is-empty\"><\/div><div class=\"fwpl-item el-fq3af listing-cat is-empty\"><\/div><div class=\"fwpl-item el-xkm49v listing-cat\"><span class=\"fwpl-term fwpl-term-accesorio fwpl-tax-accessory_type\">Accesorio<\/span><\/div><div class=\"fwpl-item el-e3dlag\"><a href=\"https:\/\/csunitec.com\/es\/producto\/filtro-permaflow-para-filtracion-secundaria-en-aspiradores-de-aire\/\">Filtro Permaflow para filtraci\u00f3n secundaria en aspiradores de aire<\/a><\/div><div class=\"fwpl-item el-ww0hp9\"><ul>\n \t<li>Proporciona filtraci\u00f3n secundaria<\/li>\n<\/ul><\/div><\/div><\/div><\/div><div class=\"fwpl-result r5\"><div class=\"fwpl-row el-0feju4\"><div class=\"fwpl-col fwpl-col el-lj7vtd\"><div class=\"fwpl-item el-ldqjo74\"><a href=\"https:\/\/csunitec.com\/es\/producto\/conjunto-flotador-antiestatico-para-uso-en-vacio-con-aire-humedo\/\"><img decoding=\"async\" width=\"300\" height=\"300\" src=\"https:\/\/csunitec.com\/wp-content\/uploads\/2025\/04\/Flotation-Devise-1-2-1-300x300.png\" class=\"attachment-medium size-medium wp-post-image\" alt=\"\" srcset=\"https:\/\/csunitec.com\/wp-content\/uploads\/2025\/04\/Flotation-Devise-1-2-1-300x300.png 300w, https:\/\/csunitec.com\/wp-content\/uploads\/2025\/04\/Flotation-Devise-1-2-1-150x150.png 150w, https:\/\/csunitec.com\/wp-content\/uploads\/2025\/04\/Flotation-Devise-1-2-1-768x768.png 768w, https:\/\/csunitec.com\/wp-content\/uploads\/2025\/04\/Flotation-Devise-1-2-1-350x350.png 350w, https:\/\/csunitec.com\/wp-content\/uploads\/2025\/04\/Flotation-Devise-1-2-1-348x348.png 348w, https:\/\/csunitec.com\/wp-content\/uploads\/2025\/04\/Flotation-Devise-1-2-1-600x600.png 600w, https:\/\/csunitec.com\/wp-content\/uploads\/2025\/04\/Flotation-Devise-1-2-1-100x100.png 100w, https:\/\/csunitec.com\/wp-content\/uploads\/2025\/04\/Flotation-Devise-1-2-1-uai-720x720.png 720w, https:\/\/csunitec.com\/wp-content\/uploads\/2025\/04\/Flotation-Devise-1-2-1-uai-900x900.png 900w, https:\/\/csunitec.com\/wp-content\/uploads\/2025\/04\/Flotation-Devise-1-2-1.png 1000w\" sizes=\"(max-width: 300px) 100vw, 300px\" loading=\"lazy\" \/><\/a><\/div><div class=\"fwpl-item el-qkky1a listing-cat is-empty\"><\/div><div class=\"fwpl-item el-fq3af listing-cat is-empty\"><\/div><div class=\"fwpl-item el-xkm49v listing-cat\"><span class=\"fwpl-term fwpl-term-accesorio fwpl-tax-accessory_type\">Accesorio<\/span><\/div><div class=\"fwpl-item el-e3dlag\"><a href=\"https:\/\/csunitec.com\/es\/producto\/conjunto-flotador-antiestatico-para-uso-en-vacio-con-aire-humedo\/\">Conjunto flotador antiest\u00e1tico para uso en vac\u00edo con aire h\u00famedo<\/a><\/div><div class=\"fwpl-item el-ww0hp9\"><ul>\n \t<li>Conjunto de flotador para utilizar s\u00f3lo con el modelo 303.10KAV30\/WD (vac\u00edo de aire h\u00famedo)<\/li>\n<\/ul><\/div><\/div><\/div><\/div><div class=\"fwpl-result r6\"><div class=\"fwpl-row el-0feju4\"><div class=\"fwpl-col fwpl-col el-lj7vtd\"><div class=\"fwpl-item el-ldqjo74\"><a href=\"https:\/\/csunitec.com\/es\/producto\/bolsas-para-aspiradoras-neumaticas\/\"><img decoding=\"async\" width=\"300\" height=\"300\" src=\"https:\/\/csunitec.com\/wp-content\/uploads\/2025\/04\/K4-Filter-Bag-1-2-1-300x300.png\" class=\"attachment-medium size-medium wp-post-image\" alt=\"\" srcset=\"https:\/\/csunitec.com\/wp-content\/uploads\/2025\/04\/K4-Filter-Bag-1-2-1-300x300.png 300w, https:\/\/csunitec.com\/wp-content\/uploads\/2025\/04\/K4-Filter-Bag-1-2-1-150x150.png 150w, https:\/\/csunitec.com\/wp-content\/uploads\/2025\/04\/K4-Filter-Bag-1-2-1-768x768.png 768w, https:\/\/csunitec.com\/wp-content\/uploads\/2025\/04\/K4-Filter-Bag-1-2-1-350x350.png 350w, https:\/\/csunitec.com\/wp-content\/uploads\/2025\/04\/K4-Filter-Bag-1-2-1-348x348.png 348w, https:\/\/csunitec.com\/wp-content\/uploads\/2025\/04\/K4-Filter-Bag-1-2-1-600x600.png 600w, https:\/\/csunitec.com\/wp-content\/uploads\/2025\/04\/K4-Filter-Bag-1-2-1-100x100.png 100w, https:\/\/csunitec.com\/wp-content\/uploads\/2025\/04\/K4-Filter-Bag-1-2-1-uai-720x720.png 720w, https:\/\/csunitec.com\/wp-content\/uploads\/2025\/04\/K4-Filter-Bag-1-2-1-uai-900x900.png 900w, https:\/\/csunitec.com\/wp-content\/uploads\/2025\/04\/K4-Filter-Bag-1-2-1.png 1000w\" sizes=\"(max-width: 300px) 100vw, 300px\" loading=\"lazy\" \/><\/a><\/div><div class=\"fwpl-item el-qkky1a listing-cat is-empty\"><\/div><div class=\"fwpl-item el-fq3af listing-cat is-empty\"><\/div><div class=\"fwpl-item el-xkm49v listing-cat\"><span class=\"fwpl-term fwpl-term-accesorio fwpl-tax-accessory_type\">Accesorio<\/span><\/div><div class=\"fwpl-item el-e3dlag\"><a href=\"https:\/\/csunitec.com\/es\/producto\/bolsas-para-aspiradoras-neumaticas\/\">Bolsas para aspiradoras neum\u00e1ticas<\/a><\/div><div class=\"fwpl-item el-ww0hp9\"><ul>\n \t<li>Bolsas de papel desechables para residuos sellados como polvo peligroso<\/li>\n \t<li>Bolsas de microfibra para aplicaciones de uso en seco<\/li>\n<\/ul><\/div><\/div><\/div><\/div><\/div>\n<style>\n.fwpl-layout, .fwpl-row {\n    display: grid;\n}\n.fwpl-layout.el-8w2k4 {\n    grid-template-columns: repeat(3, 1fr);\n    grid-gap: 10px;\n}\n.fwpl-btn {\n    text-decoration: none;\n}\n.fwpl-row.el-0feju4 {\n    grid-template-columns: 1fr;\n    text-align: center;\n}\n.fwpl-col.el-lj7vtd {\n    text-align: center;\n}\n.fwpl-item.el-ldqjo74 {\n    text-align: center;\n}\n.fwpl-item.el-qkky1a {\n    font-size: 11px;\n    color: #028f00;\n}\n.fwpl-item.el-fq3af {\n    font-size: 11px;\n    color: #028f00;\n}\n.fwpl-item.el-xkm49v {\n    font-size: 11px;\n    color: #028f00;\n}\n.fwpl-item.el-e3dlag {\n    text-align: center;\n    font-size: 20px;\n}\n@media (max-width: 480px) { \n    body .facetwp-template .fwpl-layout,  \n    body .facetwp-template-static .fwpl-layout { grid-template-columns: 1fr; } \n} \n\n<\/style>\n<\/div>\n","protected":false},"excerpt":{"rendered":"<h3>Aspiradores neum\u00e1ticos y antiest\u00e1ticos con certificaci\u00f3n ATEX<\/h3>\n<p><span style=\"font-weight:400;\">El aspirador industrial neum\u00e1tico para recogida de polvo recoge polvo\/residuos secos y l\u00edquidos no inflamables. Ideal para entornos peligrosos, Zonas Ex y para su uso con herramientas el\u00e9ctricas.<\/span><\/p>\n<ul>\n<li>Aspirador antiest\u00e1tico y manguera de suministro de aire<\/li>\n<li>Clasificaci\u00f3n ATEX para uso en Zonas Ex y atm\u00f3sferas peligrosas<\/li>\n<\/ul>\n","protected":false},"author":2,"featured_media":171843,"parent":172358,"menu_order":0,"comment_status":"closed","ping_status":"closed","template":"","meta":{"footnotes":""},"class_list":["post-172581","page","type-page","status-publish","has-post-thumbnail","hentry"],"yoast_head":"<!-- This site is optimized with the Yoast SEO plugin v27.5 - https:\/\/yoast.com\/product\/yoast-seo-wordpress\/ -->\n<title>Aspiradores neum\u00e1ticos - CS Unitec<\/title>\n<meta name=\"robots\" content=\"index, follow, max-snippet:-1, max-image-preview:large, max-video-preview:-1\" \/>\n<link rel=\"canonical\" href=\"https:\/\/csunitec.com\/es\/productos\/aspiracion-y-recogida-de-polvo\/aspiradores-neumaticos\/\" \/>\n<meta property=\"og:locale\" content=\"es_ES\" \/>\n<meta property=\"og:type\" content=\"article\" \/>\n<meta property=\"og:title\" content=\"Aspiradores neum\u00e1ticos - CS Unitec\" \/>\n<meta property=\"og:description\" content=\"Aspiradores neum\u00e1ticos y antiest\u00e1ticos con certificaci\u00f3n ATEX El aspirador industrial neum\u00e1tico para recogida de polvo recoge polvo\/residuos secos y l\u00edquidos no inflamables. Ideal para entornos peligrosos, Zonas Ex y para su uso con herramientas el\u00e9ctricas.    Aspirador antiest\u00e1tico y manguera de suministro de aire   Clasificaci\u00f3n ATEX para uso en Zonas Ex y atm\u00f3sferas peligrosas\" \/>\n<meta property=\"og:url\" content=\"https:\/\/csunitec.com\/es\/productos\/aspiracion-y-recogida-de-polvo\/aspiradores-neumaticos\/\" \/>\n<meta property=\"og:site_name\" content=\"CS Unitec\" \/>\n<meta property=\"article:modified_time\" content=\"2026-04-26T22:19:04+00:00\" \/>\n<meta property=\"og:image\" content=\"https:\/\/csunitec.com\/wp-content\/uploads\/2026\/02\/Dust-Collection-Air-Vacumms.jpg\" \/>\n\t<meta property=\"og:image:width\" content=\"2000\" \/>\n\t<meta property=\"og:image:height\" content=\"500\" \/>\n\t<meta property=\"og:image:type\" content=\"image\/jpeg\" \/>\n<meta name=\"twitter:card\" content=\"summary_large_image\" \/>\n<meta name=\"twitter:label1\" content=\"Tiempo de lectura\" \/>\n\t<meta name=\"twitter:data1\" content=\"1 minuto\" \/>\n<script type=\"application\/ld+json\" class=\"yoast-schema-graph\">{\"@context\":\"https:\\\/\\\/schema.org\",\"@graph\":[{\"@type\":\"WebPage\",\"@id\":\"https:\\\/\\\/csunitec.com\\\/es\\\/productos\\\/aspiracion-y-recogida-de-polvo\\\/aspiradores-neumaticos\\\/\",\"url\":\"https:\\\/\\\/csunitec.com\\\/es\\\/productos\\\/aspiracion-y-recogida-de-polvo\\\/aspiradores-neumaticos\\\/\",\"name\":\"Aspiradores neum\u00e1ticos - CS Unitec\",\"isPartOf\":{\"@id\":\"https:\\\/\\\/csunitec.com\\\/es\\\/#website\"},\"primaryImageOfPage\":{\"@id\":\"https:\\\/\\\/csunitec.com\\\/es\\\/productos\\\/aspiracion-y-recogida-de-polvo\\\/aspiradores-neumaticos\\\/#primaryimage\"},\"image\":{\"@id\":\"https:\\\/\\\/csunitec.com\\\/es\\\/productos\\\/aspiracion-y-recogida-de-polvo\\\/aspiradores-neumaticos\\\/#primaryimage\"},\"thumbnailUrl\":\"https:\\\/\\\/csunitec.com\\\/wp-content\\\/uploads\\\/2026\\\/02\\\/Dust-Collection-Air-Vacumms.jpg\",\"datePublished\":\"2025-09-01T03:51:28+00:00\",\"dateModified\":\"2026-04-26T22:19:04+00:00\",\"breadcrumb\":{\"@id\":\"https:\\\/\\\/csunitec.com\\\/es\\\/productos\\\/aspiracion-y-recogida-de-polvo\\\/aspiradores-neumaticos\\\/#breadcrumb\"},\"inLanguage\":\"es\",\"potentialAction\":[{\"@type\":\"ReadAction\",\"target\":[\"https:\\\/\\\/csunitec.com\\\/es\\\/productos\\\/aspiracion-y-recogida-de-polvo\\\/aspiradores-neumaticos\\\/\"]}]},{\"@type\":\"ImageObject\",\"inLanguage\":\"es\",\"@id\":\"https:\\\/\\\/csunitec.com\\\/es\\\/productos\\\/aspiracion-y-recogida-de-polvo\\\/aspiradores-neumaticos\\\/#primaryimage\",\"url\":\"https:\\\/\\\/csunitec.com\\\/wp-content\\\/uploads\\\/2026\\\/02\\\/Dust-Collection-Air-Vacumms.jpg\",\"contentUrl\":\"https:\\\/\\\/csunitec.com\\\/wp-content\\\/uploads\\\/2026\\\/02\\\/Dust-Collection-Air-Vacumms.jpg\",\"width\":2000,\"height\":500},{\"@type\":\"BreadcrumbList\",\"@id\":\"https:\\\/\\\/csunitec.com\\\/es\\\/productos\\\/aspiracion-y-recogida-de-polvo\\\/aspiradores-neumaticos\\\/#breadcrumb\",\"itemListElement\":[{\"@type\":\"ListItem\",\"position\":1,\"name\":\"Inicio\",\"item\":\"https:\\\/\\\/csunitec.com\\\/es\\\/\"},{\"@type\":\"ListItem\",\"position\":2,\"name\":\"Productos\",\"item\":\"https:\\\/\\\/csunitec.com\\\/es\\\/productos\\\/\"},{\"@type\":\"ListItem\",\"position\":3,\"name\":\"Aspiradores Industriales y Recogida de Polvo\",\"item\":\"https:\\\/\\\/csunitec.com\\\/es\\\/productos\\\/aspiracion-y-recogida-de-polvo\\\/\"},{\"@type\":\"ListItem\",\"position\":4,\"name\":\"Aspiradores neum\u00e1ticos\"}]},{\"@type\":\"WebSite\",\"@id\":\"https:\\\/\\\/csunitec.com\\\/es\\\/#website\",\"url\":\"https:\\\/\\\/csunitec.com\\\/es\\\/\",\"name\":\"CS Unitec\",\"description\":\"\",\"potentialAction\":[{\"@type\":\"SearchAction\",\"target\":{\"@type\":\"EntryPoint\",\"urlTemplate\":\"https:\\\/\\\/csunitec.com\\\/es\\\/?s={search_term_string}\"},\"query-input\":{\"@type\":\"PropertyValueSpecification\",\"valueRequired\":true,\"valueName\":\"search_term_string\"}}],\"inLanguage\":\"es\"}]}<\/script>\n<!-- \/ Yoast SEO plugin. -->","yoast_head_json":{"title":"Aspiradores neum\u00e1ticos - CS Unitec","robots":{"index":"index","follow":"follow","max-snippet":"max-snippet:-1","max-image-preview":"max-image-preview:large","max-video-preview":"max-video-preview:-1"},"canonical":"https:\/\/csunitec.com\/es\/productos\/aspiracion-y-recogida-de-polvo\/aspiradores-neumaticos\/","og_locale":"es_ES","og_type":"article","og_title":"Aspiradores neum\u00e1ticos - CS Unitec","og_description":"Aspiradores neum\u00e1ticos y antiest\u00e1ticos con certificaci\u00f3n ATEX El aspirador industrial neum\u00e1tico para recogida de polvo recoge polvo\/residuos secos y l\u00edquidos no inflamables. Ideal para entornos peligrosos, Zonas Ex y para su uso con herramientas el\u00e9ctricas.    Aspirador antiest\u00e1tico y manguera de suministro de aire   Clasificaci\u00f3n ATEX para uso en Zonas Ex y atm\u00f3sferas peligrosas","og_url":"https:\/\/csunitec.com\/es\/productos\/aspiracion-y-recogida-de-polvo\/aspiradores-neumaticos\/","og_site_name":"CS Unitec","article_modified_time":"2026-04-26T22:19:04+00:00","og_image":[{"width":2000,"height":500,"url":"https:\/\/csunitec.com\/wp-content\/uploads\/2026\/02\/Dust-Collection-Air-Vacumms.jpg","type":"image\/jpeg"}],"twitter_card":"summary_large_image","twitter_misc":{"Tiempo de lectura":"1 minuto"},"schema":{"@context":"https:\/\/schema.org","@graph":[{"@type":"WebPage","@id":"https:\/\/csunitec.com\/es\/productos\/aspiracion-y-recogida-de-polvo\/aspiradores-neumaticos\/","url":"https:\/\/csunitec.com\/es\/productos\/aspiracion-y-recogida-de-polvo\/aspiradores-neumaticos\/","name":"Aspiradores neum\u00e1ticos - CS Unitec","isPartOf":{"@id":"https:\/\/csunitec.com\/es\/#website"},"primaryImageOfPage":{"@id":"https:\/\/csunitec.com\/es\/productos\/aspiracion-y-recogida-de-polvo\/aspiradores-neumaticos\/#primaryimage"},"image":{"@id":"https:\/\/csunitec.com\/es\/productos\/aspiracion-y-recogida-de-polvo\/aspiradores-neumaticos\/#primaryimage"},"thumbnailUrl":"https:\/\/csunitec.com\/wp-content\/uploads\/2026\/02\/Dust-Collection-Air-Vacumms.jpg","datePublished":"2025-09-01T03:51:28+00:00","dateModified":"2026-04-26T22:19:04+00:00","breadcrumb":{"@id":"https:\/\/csunitec.com\/es\/productos\/aspiracion-y-recogida-de-polvo\/aspiradores-neumaticos\/#breadcrumb"},"inLanguage":"es","potentialAction":[{"@type":"ReadAction","target":["https:\/\/csunitec.com\/es\/productos\/aspiracion-y-recogida-de-polvo\/aspiradores-neumaticos\/"]}]},{"@type":"ImageObject","inLanguage":"es","@id":"https:\/\/csunitec.com\/es\/productos\/aspiracion-y-recogida-de-polvo\/aspiradores-neumaticos\/#primaryimage","url":"https:\/\/csunitec.com\/wp-content\/uploads\/2026\/02\/Dust-Collection-Air-Vacumms.jpg","contentUrl":"https:\/\/csunitec.com\/wp-content\/uploads\/2026\/02\/Dust-Collection-Air-Vacumms.jpg","width":2000,"height":500},{"@type":"BreadcrumbList","@id":"https:\/\/csunitec.com\/es\/productos\/aspiracion-y-recogida-de-polvo\/aspiradores-neumaticos\/#breadcrumb","itemListElement":[{"@type":"ListItem","position":1,"name":"Inicio","item":"https:\/\/csunitec.com\/es\/"},{"@type":"ListItem","position":2,"name":"Productos","item":"https:\/\/csunitec.com\/es\/productos\/"},{"@type":"ListItem","position":3,"name":"Aspiradores Industriales y Recogida de Polvo","item":"https:\/\/csunitec.com\/es\/productos\/aspiracion-y-recogida-de-polvo\/"},{"@type":"ListItem","position":4,"name":"Aspiradores neum\u00e1ticos"}]},{"@type":"WebSite","@id":"https:\/\/csunitec.com\/es\/#website","url":"https:\/\/csunitec.com\/es\/","name":"CS Unitec","description":"","potentialAction":[{"@type":"SearchAction","target":{"@type":"EntryPoint","urlTemplate":"https:\/\/csunitec.com\/es\/?s={search_term_string}"},"query-input":{"@type":"PropertyValueSpecification","valueRequired":true,"valueName":"search_term_string"}}],"inLanguage":"es"}]}},"_links":{"self":[{"href":"https:\/\/csunitec.com\/es\/wp-json\/wp\/v2\/pages\/172581","targetHints":{"allow":["GET"]}}],"collection":[{"href":"https:\/\/csunitec.com\/es\/wp-json\/wp\/v2\/pages"}],"about":[{"href":"https:\/\/csunitec.com\/es\/wp-json\/wp\/v2\/types\/page"}],"author":[{"embeddable":true,"href":"https:\/\/csunitec.com\/es\/wp-json\/wp\/v2\/users\/2"}],"replies":[{"embeddable":true,"href":"https:\/\/csunitec.com\/es\/wp-json\/wp\/v2\/comments?post=172581"}],"version-history":[{"count":0,"href":"https:\/\/csunitec.com\/es\/wp-json\/wp\/v2\/pages\/172581\/revisions"}],"up":[{"embeddable":true,"href":"https:\/\/csunitec.com\/es\/wp-json\/wp\/v2\/pages\/172358"}],"wp:featuredmedia":[{"embeddable":true,"href":"https:\/\/csunitec.com\/es\/wp-json\/wp\/v2\/media\/171843"}],"wp:attachment":[{"href":"https:\/\/csunitec.com\/es\/wp-json\/wp\/v2\/media?parent=172581"}],"curies":[{"name":"wp","href":"https:\/\/api.w.org\/{rel}","templated":true}]}}