{"id":172600,"date":"2025-08-31T18:08:16","date_gmt":"2025-08-31T22:08:16","guid":{"rendered":"https:\/\/stgcsunitec.wpenginepowered.com\/acabado-de-superficies-metalicas\/maquinas-biseladoras\/"},"modified":"2026-04-26T18:21:08","modified_gmt":"2026-04-26T22:21:08","slug":"maquinas-biseladoras","status":"publish","type":"page","link":"https:\/\/csunitec.com\/es\/productos\/acabado-de-superficies-metalicas\/maquinas-biseladoras\/","title":{"rendered":"M\u00e1quinas biseladoras"},"content":{"rendered":"<div class=\"facetwp-template\" data-name=\"products_metal_surface_finishing_beveling_machines\"><div class=\"fwpl-layout el-8w2k4\"><div class=\"fwpl-result r1\"><div class=\"fwpl-row el-0feju4\"><div class=\"fwpl-col fwpl-col el-lj7vtd\"><div class=\"fwpl-item el-ldqjo74\"><a href=\"https:\/\/csunitec.com\/es\/producto\/biseladoras-manuales-portatiles\/\"><img decoding=\"async\" width=\"300\" height=\"300\" data-src=\"https:\/\/csunitec.com\/wp-content\/uploads\/2025\/04\/EKF-300-Beveling-Machine-9-2-300x300.png\" class=\"attachment-medium size-medium wp-post-image lazyload\" alt=\"\" data-srcset=\"https:\/\/csunitec.com\/wp-content\/uploads\/2025\/04\/EKF-300-Beveling-Machine-9-2-300x300.png 300w, https:\/\/csunitec.com\/wp-content\/uploads\/2025\/04\/EKF-300-Beveling-Machine-9-2-100x100.png 100w, https:\/\/csunitec.com\/wp-content\/uploads\/2025\/04\/EKF-300-Beveling-Machine-9-2-600x600.png 600w, https:\/\/csunitec.com\/wp-content\/uploads\/2025\/04\/EKF-300-Beveling-Machine-9-2-150x150.png 150w, https:\/\/csunitec.com\/wp-content\/uploads\/2025\/04\/EKF-300-Beveling-Machine-9-2-768x768.png 768w, https:\/\/csunitec.com\/wp-content\/uploads\/2025\/04\/EKF-300-Beveling-Machine-9-2-350x350.png 350w, https:\/\/csunitec.com\/wp-content\/uploads\/2025\/04\/EKF-300-Beveling-Machine-9-2-348x348.png 348w, https:\/\/csunitec.com\/wp-content\/uploads\/2025\/04\/EKF-300-Beveling-Machine-9-2-uai-720x720.png 720w, https:\/\/csunitec.com\/wp-content\/uploads\/2025\/04\/EKF-300-Beveling-Machine-9-2-uai-900x900.png 900w, https:\/\/csunitec.com\/wp-content\/uploads\/2025\/04\/EKF-300-Beveling-Machine-9-2.png 1000w\" data-sizes=\"(max-width: 300px) 100vw, 300px\" src=\"data:image\/svg+xml;base64,PHN2ZyB3aWR0aD0iMSIgaGVpZ2h0PSIxIiB4bWxucz0iaHR0cDovL3d3dy53My5vcmcvMjAwMC9zdmciPjwvc3ZnPg==\" style=\"--smush-placeholder-width: 300px; --smush-placeholder-aspect-ratio: 300\/300;\" \/><\/a><\/div><div class=\"fwpl-item el-qkky1a listing-cat\"><span class=\"fwpl-term fwpl-term-electrico fwpl-tax-power_type\">El\u00e9ctrico<\/span> Power<\/div><div class=\"fwpl-item el-fq3af listing-cat is-empty\"><\/div><div class=\"fwpl-item el-xkm49v listing-cat is-empty\"><\/div><div class=\"fwpl-item el-e3dlag\"><a href=\"https:\/\/csunitec.com\/es\/producto\/biseladoras-manuales-portatiles\/\">Biseladoras manuales port\u00e1tiles<\/a><\/div><div class=\"fwpl-item el-ww0hp9\"><ul>\n \t<li>\u00c1ngulo de biselado: 30\u00b0, 40\u00b0, 2,5 mm<\/li>\n \t<li>Anchura m\u00e1xima del bisel hasta 9\/16<\/li>\n \t<li>Velocidad de corte: Hasta 3000 SFPM<\/li>\n \t<li>Potencia del motor: Hasta 15 Amperios<\/li>\n<\/ul><\/div><\/div><\/div><\/div><div class=\"fwpl-result r2\"><div class=\"fwpl-row el-0feju4\"><div class=\"fwpl-col fwpl-col el-lj7vtd\"><div class=\"fwpl-item el-ldqjo74\"><a href=\"https:\/\/csunitec.com\/es\/producto\/biseladora-portatil-skf-025\/\"><img decoding=\"async\" width=\"300\" height=\"300\" data-src=\"https:\/\/csunitec.com\/wp-content\/uploads\/2025\/04\/SKF-025-Beveling-Machine-1-1-2-1-300x300.png\" class=\"attachment-medium size-medium wp-post-image lazyload\" alt=\"\" data-srcset=\"https:\/\/csunitec.com\/wp-content\/uploads\/2025\/04\/SKF-025-Beveling-Machine-1-1-2-1-300x300.png 300w, https:\/\/csunitec.com\/wp-content\/uploads\/2025\/04\/SKF-025-Beveling-Machine-1-1-2-1-100x100.png 100w, https:\/\/csunitec.com\/wp-content\/uploads\/2025\/04\/SKF-025-Beveling-Machine-1-1-2-1-600x600.png 600w, https:\/\/csunitec.com\/wp-content\/uploads\/2025\/04\/SKF-025-Beveling-Machine-1-1-2-1-150x150.png 150w, https:\/\/csunitec.com\/wp-content\/uploads\/2025\/04\/SKF-025-Beveling-Machine-1-1-2-1-768x768.png 768w, https:\/\/csunitec.com\/wp-content\/uploads\/2025\/04\/SKF-025-Beveling-Machine-1-1-2-1-350x350.png 350w, https:\/\/csunitec.com\/wp-content\/uploads\/2025\/04\/SKF-025-Beveling-Machine-1-1-2-1-348x348.png 348w, https:\/\/csunitec.com\/wp-content\/uploads\/2025\/04\/SKF-025-Beveling-Machine-1-1-2-1-uai-720x720.png 720w, https:\/\/csunitec.com\/wp-content\/uploads\/2025\/04\/SKF-025-Beveling-Machine-1-1-2-1-uai-900x900.png 900w, https:\/\/csunitec.com\/wp-content\/uploads\/2025\/04\/SKF-025-Beveling-Machine-1-1-2-1.png 1000w\" data-sizes=\"(max-width: 300px) 100vw, 300px\" src=\"data:image\/svg+xml;base64,PHN2ZyB3aWR0aD0iMSIgaGVpZ2h0PSIxIiB4bWxucz0iaHR0cDovL3d3dy53My5vcmcvMjAwMC9zdmciPjwvc3ZnPg==\" style=\"--smush-placeholder-width: 300px; --smush-placeholder-aspect-ratio: 300\/300;\" \/><\/a><\/div><div class=\"fwpl-item el-qkky1a listing-cat\"><span class=\"fwpl-term fwpl-term-electrico fwpl-tax-power_type\">El\u00e9ctrico<\/span> Power<\/div><div class=\"fwpl-item el-fq3af listing-cat is-empty\"><\/div><div class=\"fwpl-item el-xkm49v listing-cat is-empty\"><\/div><div class=\"fwpl-item el-e3dlag\"><a href=\"https:\/\/csunitec.com\/es\/producto\/biseladora-portatil-skf-025\/\">Biseladora port\u00e1til SKF 025<\/a><\/div><div class=\"fwpl-item el-ww0hp9\"><ul>\n \t<li>\u00c1ngulo de biselado: 15\u00b0- 60\u00b0, ajustable de forma continua<\/li>\n \t<li>Anchura m\u00e1xima del bisel: 3\/4<\/li>\n \t<li>Velocidad de corte: 2850 min-1<\/li>\n \t<li>Potencia del motor: 10 Amperios<\/li>\n<\/ul><\/div><\/div><\/div><\/div><div class=\"fwpl-result r3\"><div class=\"fwpl-row el-0feju4\"><div class=\"fwpl-col fwpl-col el-lj7vtd\"><div class=\"fwpl-item el-ldqjo74\"><a href=\"https:\/\/csunitec.com\/es\/producto\/insertos-de-corte\/\"><img decoding=\"async\" width=\"300\" height=\"300\" data-src=\"https:\/\/csunitec.com\/wp-content\/uploads\/2025\/04\/Cutting-Inserts-1-2-1-300x300.png\" class=\"attachment-medium size-medium wp-post-image lazyload\" alt=\"\" data-srcset=\"https:\/\/csunitec.com\/wp-content\/uploads\/2025\/04\/Cutting-Inserts-1-2-1-300x300.png 300w, https:\/\/csunitec.com\/wp-content\/uploads\/2025\/04\/Cutting-Inserts-1-2-1-150x150.png 150w, https:\/\/csunitec.com\/wp-content\/uploads\/2025\/04\/Cutting-Inserts-1-2-1-768x768.png 768w, https:\/\/csunitec.com\/wp-content\/uploads\/2025\/04\/Cutting-Inserts-1-2-1-350x350.png 350w, https:\/\/csunitec.com\/wp-content\/uploads\/2025\/04\/Cutting-Inserts-1-2-1-348x348.png 348w, https:\/\/csunitec.com\/wp-content\/uploads\/2025\/04\/Cutting-Inserts-1-2-1-600x600.png 600w, https:\/\/csunitec.com\/wp-content\/uploads\/2025\/04\/Cutting-Inserts-1-2-1-100x100.png 100w, https:\/\/csunitec.com\/wp-content\/uploads\/2025\/04\/Cutting-Inserts-1-2-1-uai-720x720.png 720w, https:\/\/csunitec.com\/wp-content\/uploads\/2025\/04\/Cutting-Inserts-1-2-1-uai-900x900.png 900w, https:\/\/csunitec.com\/wp-content\/uploads\/2025\/04\/Cutting-Inserts-1-2-1.png 1000w\" data-sizes=\"(max-width: 300px) 100vw, 300px\" src=\"data:image\/svg+xml;base64,PHN2ZyB3aWR0aD0iMSIgaGVpZ2h0PSIxIiB4bWxucz0iaHR0cDovL3d3dy53My5vcmcvMjAwMC9zdmciPjwvc3ZnPg==\" style=\"--smush-placeholder-width: 300px; --smush-placeholder-aspect-ratio: 300\/300;\" \/><\/a><\/div><div class=\"fwpl-item el-qkky1a listing-cat is-empty\"><\/div><div class=\"fwpl-item el-fq3af listing-cat is-empty\"><\/div><div class=\"fwpl-item el-xkm49v listing-cat\"><span class=\"fwpl-term fwpl-term-accesorio fwpl-tax-accessory_type\">Accesorio<\/span><\/div><div class=\"fwpl-item el-e3dlag\"><a href=\"https:\/\/csunitec.com\/es\/producto\/insertos-de-corte\/\">Insertos de corte<\/a><\/div><div class=\"fwpl-item el-ww0hp9\"><ul>\n \t<li>Para biseladoras<\/li>\n \t<li>Se venden en paquetes de 10<\/li>\n<\/ul><\/div><\/div><\/div><\/div><div class=\"fwpl-result r4\"><div class=\"fwpl-row el-0feju4\"><div class=\"fwpl-col fwpl-col el-lj7vtd\"><div class=\"fwpl-item el-ldqjo74\"><a href=\"https:\/\/csunitec.com\/es\/producto\/cabezales-fresadores\/\"><img decoding=\"async\" width=\"300\" height=\"300\" data-src=\"https:\/\/csunitec.com\/wp-content\/uploads\/2025\/04\/Milling-Head-ZFR-300-1-2-1-300x300.png\" class=\"attachment-medium size-medium wp-post-image lazyload\" alt=\"\" data-srcset=\"https:\/\/csunitec.com\/wp-content\/uploads\/2025\/04\/Milling-Head-ZFR-300-1-2-1-300x300.png 300w, https:\/\/csunitec.com\/wp-content\/uploads\/2025\/04\/Milling-Head-ZFR-300-1-2-1-150x150.png 150w, https:\/\/csunitec.com\/wp-content\/uploads\/2025\/04\/Milling-Head-ZFR-300-1-2-1-768x768.png 768w, https:\/\/csunitec.com\/wp-content\/uploads\/2025\/04\/Milling-Head-ZFR-300-1-2-1-350x350.png 350w, https:\/\/csunitec.com\/wp-content\/uploads\/2025\/04\/Milling-Head-ZFR-300-1-2-1-348x348.png 348w, https:\/\/csunitec.com\/wp-content\/uploads\/2025\/04\/Milling-Head-ZFR-300-1-2-1-600x600.png 600w, https:\/\/csunitec.com\/wp-content\/uploads\/2025\/04\/Milling-Head-ZFR-300-1-2-1-100x100.png 100w, https:\/\/csunitec.com\/wp-content\/uploads\/2025\/04\/Milling-Head-ZFR-300-1-2-1-uai-720x720.png 720w, https:\/\/csunitec.com\/wp-content\/uploads\/2025\/04\/Milling-Head-ZFR-300-1-2-1-uai-900x900.png 900w, https:\/\/csunitec.com\/wp-content\/uploads\/2025\/04\/Milling-Head-ZFR-300-1-2-1.png 1000w\" data-sizes=\"(max-width: 300px) 100vw, 300px\" src=\"data:image\/svg+xml;base64,PHN2ZyB3aWR0aD0iMSIgaGVpZ2h0PSIxIiB4bWxucz0iaHR0cDovL3d3dy53My5vcmcvMjAwMC9zdmciPjwvc3ZnPg==\" style=\"--smush-placeholder-width: 300px; --smush-placeholder-aspect-ratio: 300\/300;\" \/><\/a><\/div><div class=\"fwpl-item el-qkky1a listing-cat is-empty\"><\/div><div class=\"fwpl-item el-fq3af listing-cat is-empty\"><\/div><div class=\"fwpl-item el-xkm49v listing-cat\"><span class=\"fwpl-term fwpl-term-accesorio fwpl-tax-accessory_type\">Accesorio<\/span><\/div><div class=\"fwpl-item el-e3dlag\"><a href=\"https:\/\/csunitec.com\/es\/producto\/cabezales-fresadores\/\">Cabezales fresadores<\/a><\/div><div class=\"fwpl-item el-ww0hp9\"><ul>\n \t<li>Para biseladoras<\/li>\n \t<li>Fresado para eliminar material<\/li>\n<\/ul><\/div><\/div><\/div><\/div><\/div>\n<style>\n.fwpl-layout, .fwpl-row {\n    display: grid;\n}\n.fwpl-layout.el-8w2k4 {\n    grid-template-columns: repeat(3, 1fr);\n    grid-gap: 10px;\n}\n.fwpl-btn {\n    text-decoration: none;\n}\n.fwpl-row.el-0feju4 {\n    grid-template-columns: 1fr;\n    text-align: center;\n}\n.fwpl-col.el-lj7vtd {\n    text-align: center;\n}\n.fwpl-item.el-ldqjo74 {\n    text-align: center;\n}\n.fwpl-item.el-qkky1a {\n    font-size: 11px;\n    color: #028f00;\n}\n.fwpl-item.el-fq3af {\n    font-size: 11px;\n    color: #028f00;\n}\n.fwpl-item.el-xkm49v {\n    font-size: 11px;\n    color: #028f00;\n}\n.fwpl-item.el-e3dlag {\n    text-align: center;\n    font-size: 20px;\n}\n@media (max-width: 480px) { \n    body .facetwp-template .fwpl-layout,  \n    body .facetwp-template-static .fwpl-layout { grid-template-columns: 1fr; } \n} \n\n<\/style>\n<\/div>\n","protected":false},"excerpt":{"rendered":"<h3>M\u00e1quinas biseladoras de chapa<\/h3>\n<p><span style=\"font-weight:400;\">Una m\u00e1quina biseladora de chapa, o biseladora de chapa, es una m\u00e1quina de corte de bordes rotativos que utiliza insertos de carburo u elementos de corte\/rectificado similares para producir un borde biselado, angular o con radio. La aplicaci\u00f3n m\u00e1s com\u00fan del biselado de metal es la preparaci\u00f3n de soldaduras. El biselado de soldadura aumenta la superficie de la zona de soldadura y da como resultado soldaduras m\u00e1s resistentes capaces de soportar mayor tensi\u00f3n.<\/span><\/p>\n<p><span style=\"font-weight:400;\">Las m\u00e1quinas biseladoras port\u00e1tiles de chapa y tuber\u00eda de grado profesional de CS Unitec ofrecen una amplia gama de soluciones de biselado de metal, desbarbado, achaflanado y acabado de bordes met\u00e1licos. A diferencia del corte t\u00e9rmico o el rectificado, los cabezales de fresado rotativo de corte en fr\u00edo de nuestras biseladoras preparan bordes resistentes y limpios sin zonas afectadas por el calor (ZAC), deformaciones, escoria o polvo. Con una amplia gama de \u00e1ngulos de fresado de 15\u00b0 a 60\u00b0 y biseles con radio, nuestras m\u00e1quinas biseladoras de chapa y tuber\u00eda proporcionan una base s\u00f3lida para cualquier soldadura.<\/span><\/p>\n<ul>\n<li>Mejores relaciones potencia-peso, mayor productividad con menos esfuerzo<\/li>\n<li>Insertos de carburo indexables de larga duraci\u00f3n, hasta 4 veces la vida \u00fatil de los insertos de carburo est\u00e1ndar<\/li>\n<li>\u00c1ngulos de biselado fijos, variables y con radio para adaptarse a una amplia gama de preparaciones de soldadura biselada<\/li>\n<li>Biselado m\u00e1s r\u00e1pido y uniforme en comparaci\u00f3n con el rectificado o la preparaci\u00f3n de soldadura con soplete<\/li>\n<\/ul>\n","protected":false},"author":2,"featured_media":171814,"parent":172291,"menu_order":0,"comment_status":"closed","ping_status":"closed","template":"","meta":{"footnotes":""},"class_list":["post-172600","page","type-page","status-publish","has-post-thumbnail","hentry"],"yoast_head":"<!-- This site is optimized with the Yoast SEO plugin v27.5 - https:\/\/yoast.com\/product\/yoast-seo-wordpress\/ -->\n<title>M\u00e1quinas biseladoras - CS Unitec<\/title>\n<meta name=\"robots\" content=\"index, follow, max-snippet:-1, max-image-preview:large, max-video-preview:-1\" \/>\n<link rel=\"canonical\" href=\"https:\/\/csunitec.com\/es\/productos\/acabado-de-superficies-metalicas\/maquinas-biseladoras\/\" \/>\n<meta property=\"og:locale\" content=\"es_ES\" \/>\n<meta property=\"og:type\" content=\"article\" \/>\n<meta property=\"og:title\" content=\"M\u00e1quinas biseladoras - CS Unitec\" \/>\n<meta property=\"og:description\" content=\"M\u00e1quinas biseladoras de chapa Una m\u00e1quina biseladora de chapa, o biseladora de chapa, es una m\u00e1quina de corte de bordes rotativos que utiliza insertos de carburo u elementos de corte\/rectificado similares para producir un borde biselado, angular o con radio. La aplicaci\u00f3n m\u00e1s com\u00fan del biselado de metal es la preparaci\u00f3n de soldaduras. El biselado de soldadura aumenta la superficie de la zona de soldadura y da como resultado soldaduras m\u00e1s resistentes capaces de soportar mayor tensi\u00f3n.  Las m\u00e1quinas biseladoras port\u00e1tiles de chapa y tuber\u00eda de grado profesional de CS Unitec ofrecen una amplia gama de soluciones de biselado de metal, desbarbado, achaflanado y acabado de bordes met\u00e1licos. A diferencia del corte t\u00e9rmico o el rectificado, los cabezales de fresado rotativo de corte en fr\u00edo de nuestras biseladoras preparan bordes resistentes y limpios sin zonas afectadas por el calor (ZAC), deformaciones, escoria o polvo. Con una amplia gama de \u00e1ngulos de fresado de 15\u00b0 a 60\u00b0 y biseles con radio, nuestras m\u00e1quinas biseladoras de chapa y tuber\u00eda proporcionan una base s\u00f3lida para cualquier soldadura.    Mejores relaciones potencia-peso, mayor productividad con menos esfuerzo   Insertos de carburo indexables de larga duraci\u00f3n, hasta 4 veces la vida \u00fatil de los insertos de carburo est\u00e1ndar   \u00c1ngulos de biselado fijos, variables y con radio para adaptarse a una amplia gama de preparaciones de soldadura biselada   Biselado m\u00e1s r\u00e1pido y uniforme en comparaci\u00f3n con el rectificado o la preparaci\u00f3n de soldadura con soplete\" \/>\n<meta property=\"og:url\" content=\"https:\/\/csunitec.com\/es\/productos\/acabado-de-superficies-metalicas\/maquinas-biseladoras\/\" \/>\n<meta property=\"og:site_name\" content=\"CS Unitec\" \/>\n<meta property=\"article:modified_time\" content=\"2026-04-26T22:21:08+00:00\" \/>\n<meta property=\"og:image\" content=\"https:\/\/csunitec.com\/wp-content\/uploads\/2026\/02\/METAL-Bevelers.jpg\" \/>\n\t<meta property=\"og:image:width\" content=\"2000\" \/>\n\t<meta property=\"og:image:height\" content=\"500\" \/>\n\t<meta property=\"og:image:type\" content=\"image\/jpeg\" \/>\n<meta name=\"twitter:card\" content=\"summary_large_image\" \/>\n<meta name=\"twitter:label1\" content=\"Tiempo de lectura\" \/>\n\t<meta name=\"twitter:data1\" content=\"1 minuto\" \/>\n<script type=\"application\/ld+json\" class=\"yoast-schema-graph\">{\"@context\":\"https:\\\/\\\/schema.org\",\"@graph\":[{\"@type\":\"WebPage\",\"@id\":\"https:\\\/\\\/csunitec.com\\\/es\\\/productos\\\/acabado-de-superficies-metalicas\\\/maquinas-biseladoras\\\/\",\"url\":\"https:\\\/\\\/csunitec.com\\\/es\\\/productos\\\/acabado-de-superficies-metalicas\\\/maquinas-biseladoras\\\/\",\"name\":\"M\u00e1quinas biseladoras - CS Unitec\",\"isPartOf\":{\"@id\":\"https:\\\/\\\/csunitec.com\\\/es\\\/#website\"},\"primaryImageOfPage\":{\"@id\":\"https:\\\/\\\/csunitec.com\\\/es\\\/productos\\\/acabado-de-superficies-metalicas\\\/maquinas-biseladoras\\\/#primaryimage\"},\"image\":{\"@id\":\"https:\\\/\\\/csunitec.com\\\/es\\\/productos\\\/acabado-de-superficies-metalicas\\\/maquinas-biseladoras\\\/#primaryimage\"},\"thumbnailUrl\":\"https:\\\/\\\/csunitec.com\\\/wp-content\\\/uploads\\\/2026\\\/02\\\/METAL-Bevelers.jpg\",\"datePublished\":\"2025-08-31T22:08:16+00:00\",\"dateModified\":\"2026-04-26T22:21:08+00:00\",\"breadcrumb\":{\"@id\":\"https:\\\/\\\/csunitec.com\\\/es\\\/productos\\\/acabado-de-superficies-metalicas\\\/maquinas-biseladoras\\\/#breadcrumb\"},\"inLanguage\":\"es\",\"potentialAction\":[{\"@type\":\"ReadAction\",\"target\":[\"https:\\\/\\\/csunitec.com\\\/es\\\/productos\\\/acabado-de-superficies-metalicas\\\/maquinas-biseladoras\\\/\"]}]},{\"@type\":\"ImageObject\",\"inLanguage\":\"es\",\"@id\":\"https:\\\/\\\/csunitec.com\\\/es\\\/productos\\\/acabado-de-superficies-metalicas\\\/maquinas-biseladoras\\\/#primaryimage\",\"url\":\"https:\\\/\\\/csunitec.com\\\/wp-content\\\/uploads\\\/2026\\\/02\\\/METAL-Bevelers.jpg\",\"contentUrl\":\"https:\\\/\\\/csunitec.com\\\/wp-content\\\/uploads\\\/2026\\\/02\\\/METAL-Bevelers.jpg\",\"width\":2000,\"height\":500},{\"@type\":\"BreadcrumbList\",\"@id\":\"https:\\\/\\\/csunitec.com\\\/es\\\/productos\\\/acabado-de-superficies-metalicas\\\/maquinas-biseladoras\\\/#breadcrumb\",\"itemListElement\":[{\"@type\":\"ListItem\",\"position\":1,\"name\":\"Inicio\",\"item\":\"https:\\\/\\\/csunitec.com\\\/es\\\/\"},{\"@type\":\"ListItem\",\"position\":2,\"name\":\"Productos\",\"item\":\"https:\\\/\\\/csunitec.com\\\/es\\\/productos\\\/\"},{\"@type\":\"ListItem\",\"position\":3,\"name\":\"Acabado de superficies met\u00e1licas\",\"item\":\"https:\\\/\\\/csunitec.com\\\/es\\\/productos\\\/acabado-de-superficies-metalicas\\\/\"},{\"@type\":\"ListItem\",\"position\":4,\"name\":\"M\u00e1quinas biseladoras\"}]},{\"@type\":\"WebSite\",\"@id\":\"https:\\\/\\\/csunitec.com\\\/es\\\/#website\",\"url\":\"https:\\\/\\\/csunitec.com\\\/es\\\/\",\"name\":\"CS Unitec\",\"description\":\"\",\"potentialAction\":[{\"@type\":\"SearchAction\",\"target\":{\"@type\":\"EntryPoint\",\"urlTemplate\":\"https:\\\/\\\/csunitec.com\\\/es\\\/?s={search_term_string}\"},\"query-input\":{\"@type\":\"PropertyValueSpecification\",\"valueRequired\":true,\"valueName\":\"search_term_string\"}}],\"inLanguage\":\"es\"}]}<\/script>\n<!-- \/ Yoast SEO plugin. -->","yoast_head_json":{"title":"M\u00e1quinas biseladoras - CS Unitec","robots":{"index":"index","follow":"follow","max-snippet":"max-snippet:-1","max-image-preview":"max-image-preview:large","max-video-preview":"max-video-preview:-1"},"canonical":"https:\/\/csunitec.com\/es\/productos\/acabado-de-superficies-metalicas\/maquinas-biseladoras\/","og_locale":"es_ES","og_type":"article","og_title":"M\u00e1quinas biseladoras - CS Unitec","og_description":"M\u00e1quinas biseladoras de chapa Una m\u00e1quina biseladora de chapa, o biseladora de chapa, es una m\u00e1quina de corte de bordes rotativos que utiliza insertos de carburo u elementos de corte\/rectificado similares para producir un borde biselado, angular o con radio. La aplicaci\u00f3n m\u00e1s com\u00fan del biselado de metal es la preparaci\u00f3n de soldaduras. El biselado de soldadura aumenta la superficie de la zona de soldadura y da como resultado soldaduras m\u00e1s resistentes capaces de soportar mayor tensi\u00f3n.  Las m\u00e1quinas biseladoras port\u00e1tiles de chapa y tuber\u00eda de grado profesional de CS Unitec ofrecen una amplia gama de soluciones de biselado de metal, desbarbado, achaflanado y acabado de bordes met\u00e1licos. A diferencia del corte t\u00e9rmico o el rectificado, los cabezales de fresado rotativo de corte en fr\u00edo de nuestras biseladoras preparan bordes resistentes y limpios sin zonas afectadas por el calor (ZAC), deformaciones, escoria o polvo. Con una amplia gama de \u00e1ngulos de fresado de 15\u00b0 a 60\u00b0 y biseles con radio, nuestras m\u00e1quinas biseladoras de chapa y tuber\u00eda proporcionan una base s\u00f3lida para cualquier soldadura.    Mejores relaciones potencia-peso, mayor productividad con menos esfuerzo   Insertos de carburo indexables de larga duraci\u00f3n, hasta 4 veces la vida \u00fatil de los insertos de carburo est\u00e1ndar   \u00c1ngulos de biselado fijos, variables y con radio para adaptarse a una amplia gama de preparaciones de soldadura biselada   Biselado m\u00e1s r\u00e1pido y uniforme en comparaci\u00f3n con el rectificado o la preparaci\u00f3n de soldadura con soplete","og_url":"https:\/\/csunitec.com\/es\/productos\/acabado-de-superficies-metalicas\/maquinas-biseladoras\/","og_site_name":"CS Unitec","article_modified_time":"2026-04-26T22:21:08+00:00","og_image":[{"width":2000,"height":500,"url":"https:\/\/csunitec.com\/wp-content\/uploads\/2026\/02\/METAL-Bevelers.jpg","type":"image\/jpeg"}],"twitter_card":"summary_large_image","twitter_misc":{"Tiempo de lectura":"1 minuto"},"schema":{"@context":"https:\/\/schema.org","@graph":[{"@type":"WebPage","@id":"https:\/\/csunitec.com\/es\/productos\/acabado-de-superficies-metalicas\/maquinas-biseladoras\/","url":"https:\/\/csunitec.com\/es\/productos\/acabado-de-superficies-metalicas\/maquinas-biseladoras\/","name":"M\u00e1quinas biseladoras - CS Unitec","isPartOf":{"@id":"https:\/\/csunitec.com\/es\/#website"},"primaryImageOfPage":{"@id":"https:\/\/csunitec.com\/es\/productos\/acabado-de-superficies-metalicas\/maquinas-biseladoras\/#primaryimage"},"image":{"@id":"https:\/\/csunitec.com\/es\/productos\/acabado-de-superficies-metalicas\/maquinas-biseladoras\/#primaryimage"},"thumbnailUrl":"https:\/\/csunitec.com\/wp-content\/uploads\/2026\/02\/METAL-Bevelers.jpg","datePublished":"2025-08-31T22:08:16+00:00","dateModified":"2026-04-26T22:21:08+00:00","breadcrumb":{"@id":"https:\/\/csunitec.com\/es\/productos\/acabado-de-superficies-metalicas\/maquinas-biseladoras\/#breadcrumb"},"inLanguage":"es","potentialAction":[{"@type":"ReadAction","target":["https:\/\/csunitec.com\/es\/productos\/acabado-de-superficies-metalicas\/maquinas-biseladoras\/"]}]},{"@type":"ImageObject","inLanguage":"es","@id":"https:\/\/csunitec.com\/es\/productos\/acabado-de-superficies-metalicas\/maquinas-biseladoras\/#primaryimage","url":"https:\/\/csunitec.com\/wp-content\/uploads\/2026\/02\/METAL-Bevelers.jpg","contentUrl":"https:\/\/csunitec.com\/wp-content\/uploads\/2026\/02\/METAL-Bevelers.jpg","width":2000,"height":500},{"@type":"BreadcrumbList","@id":"https:\/\/csunitec.com\/es\/productos\/acabado-de-superficies-metalicas\/maquinas-biseladoras\/#breadcrumb","itemListElement":[{"@type":"ListItem","position":1,"name":"Inicio","item":"https:\/\/csunitec.com\/es\/"},{"@type":"ListItem","position":2,"name":"Productos","item":"https:\/\/csunitec.com\/es\/productos\/"},{"@type":"ListItem","position":3,"name":"Acabado de superficies met\u00e1licas","item":"https:\/\/csunitec.com\/es\/productos\/acabado-de-superficies-metalicas\/"},{"@type":"ListItem","position":4,"name":"M\u00e1quinas biseladoras"}]},{"@type":"WebSite","@id":"https:\/\/csunitec.com\/es\/#website","url":"https:\/\/csunitec.com\/es\/","name":"CS Unitec","description":"","potentialAction":[{"@type":"SearchAction","target":{"@type":"EntryPoint","urlTemplate":"https:\/\/csunitec.com\/es\/?s={search_term_string}"},"query-input":{"@type":"PropertyValueSpecification","valueRequired":true,"valueName":"search_term_string"}}],"inLanguage":"es"}]}},"_links":{"self":[{"href":"https:\/\/csunitec.com\/es\/wp-json\/wp\/v2\/pages\/172600","targetHints":{"allow":["GET"]}}],"collection":[{"href":"https:\/\/csunitec.com\/es\/wp-json\/wp\/v2\/pages"}],"about":[{"href":"https:\/\/csunitec.com\/es\/wp-json\/wp\/v2\/types\/page"}],"author":[{"embeddable":true,"href":"https:\/\/csunitec.com\/es\/wp-json\/wp\/v2\/users\/2"}],"replies":[{"embeddable":true,"href":"https:\/\/csunitec.com\/es\/wp-json\/wp\/v2\/comments?post=172600"}],"version-history":[{"count":0,"href":"https:\/\/csunitec.com\/es\/wp-json\/wp\/v2\/pages\/172600\/revisions"}],"up":[{"embeddable":true,"href":"https:\/\/csunitec.com\/es\/wp-json\/wp\/v2\/pages\/172291"}],"wp:featuredmedia":[{"embeddable":true,"href":"https:\/\/csunitec.com\/es\/wp-json\/wp\/v2\/media\/171814"}],"wp:attachment":[{"href":"https:\/\/csunitec.com\/es\/wp-json\/wp\/v2\/media?parent=172600"}],"curies":[{"name":"wp","href":"https:\/\/api.w.org\/{rel}","templated":true}]}}