{"id":172607,"date":"2025-08-31T17:11:26","date_gmt":"2025-08-31T21:11:26","guid":{"rendered":"https:\/\/stgcsunitec.wpenginepowered.com\/accionamientos-y-motores\/atornilladores-de-tuercas\/"},"modified":"2026-04-26T18:21:43","modified_gmt":"2026-04-26T22:21:43","slug":"atornilladores-de-tuercas","status":"publish","type":"page","link":"https:\/\/csunitec.com\/es\/productos\/accionamientos-y-motores\/atornilladores-de-tuercas\/","title":{"rendered":"Atornilladores de tuercas"},"content":{"rendered":"<div class=\"facetwp-template\" data-name=\"products_drives_motors_nut_runners\"><div class=\"fwpl-layout el-8w2k4\"><div class=\"fwpl-result r1\"><div class=\"fwpl-row el-0feju4\"><div class=\"fwpl-col fwpl-col el-lj7vtd\"><div class=\"fwpl-item el-ldqjo74\"><a href=\"https:\/\/csunitec.com\/es\/producto\/correderas-de-tuerca-hidraulicas\/\"><img decoding=\"async\" width=\"300\" height=\"300\" src=\"https:\/\/csunitec.com\/wp-content\/uploads\/2025\/04\/Hydraulic-Nut-Runner-1-2-1-300x300.png\" class=\"attachment-medium size-medium wp-post-image\" alt=\"\" srcset=\"https:\/\/csunitec.com\/wp-content\/uploads\/2025\/04\/Hydraulic-Nut-Runner-1-2-1-300x300.png 300w, https:\/\/csunitec.com\/wp-content\/uploads\/2025\/04\/Hydraulic-Nut-Runner-1-2-1-100x100.png 100w, https:\/\/csunitec.com\/wp-content\/uploads\/2025\/04\/Hydraulic-Nut-Runner-1-2-1-600x600.png 600w, https:\/\/csunitec.com\/wp-content\/uploads\/2025\/04\/Hydraulic-Nut-Runner-1-2-1-150x150.png 150w, https:\/\/csunitec.com\/wp-content\/uploads\/2025\/04\/Hydraulic-Nut-Runner-1-2-1-768x768.png 768w, https:\/\/csunitec.com\/wp-content\/uploads\/2025\/04\/Hydraulic-Nut-Runner-1-2-1-350x350.png 350w, https:\/\/csunitec.com\/wp-content\/uploads\/2025\/04\/Hydraulic-Nut-Runner-1-2-1-348x348.png 348w, https:\/\/csunitec.com\/wp-content\/uploads\/2025\/04\/Hydraulic-Nut-Runner-1-2-1-uai-720x720.png 720w, https:\/\/csunitec.com\/wp-content\/uploads\/2025\/04\/Hydraulic-Nut-Runner-1-2-1-uai-900x900.png 900w, https:\/\/csunitec.com\/wp-content\/uploads\/2025\/04\/Hydraulic-Nut-Runner-1-2-1.png 1000w\" sizes=\"(max-width: 300px) 100vw, 300px\" loading=\"lazy\" \/><\/a><\/div><div class=\"fwpl-item el-qkky1a listing-cat\"><span class=\"fwpl-term fwpl-term-hidraulico fwpl-tax-power_type\">Hidr\u00e1ulico<\/span> Power<\/div><div class=\"fwpl-item el-fq3af listing-cat is-empty\"><\/div><div class=\"fwpl-item el-xkm49v listing-cat is-empty\"><\/div><div class=\"fwpl-item el-e3dlag\"><a href=\"https:\/\/csunitec.com\/es\/producto\/correderas-de-tuerca-hidraulicas\/\">Correderas de Tuerca Hidr\u00e1ulicas<\/a><\/div><div class=\"fwpl-item el-ww0hp9\"><ul>\n \t<li>Par de accionamiento: Hasta 369 ft.-lbs.<\/li>\n \t<li>Velocidad de carga: Hasta 95 RPM<\/li>\n \t<li>Caudal de aceite: 4-13 GPM<\/li>\n \t<li>Potencia: 1,6 CV<\/li>\n \t<li>Mangueras flexibles y acoplamientos FF incluidos<\/li>\n<\/ul><\/div><\/div><\/div><\/div><div class=\"fwpl-result r2\"><div class=\"fwpl-row el-0feju4\"><div class=\"fwpl-col fwpl-col el-lj7vtd\"><div class=\"fwpl-item el-ldqjo74\"><a href=\"https:\/\/csunitec.com\/es\/producto\/correderas-de-tuerca-neumaticas\/\"><img decoding=\"async\" width=\"300\" height=\"300\" src=\"https:\/\/csunitec.com\/wp-content\/uploads\/2024\/12\/nut-runner-300x300.jpg\" class=\"attachment-medium size-medium wp-post-image\" alt=\"\" srcset=\"https:\/\/csunitec.com\/wp-content\/uploads\/2024\/12\/nut-runner-300x300.jpg 300w, https:\/\/csunitec.com\/wp-content\/uploads\/2024\/12\/nut-runner-150x150.jpg 150w, https:\/\/csunitec.com\/wp-content\/uploads\/2024\/12\/nut-runner-768x768.jpg 768w, https:\/\/csunitec.com\/wp-content\/uploads\/2024\/12\/nut-runner-350x350.jpg 350w, https:\/\/csunitec.com\/wp-content\/uploads\/2024\/12\/nut-runner-348x348.jpg 348w, https:\/\/csunitec.com\/wp-content\/uploads\/2024\/12\/nut-runner-600x600.jpg 600w, https:\/\/csunitec.com\/wp-content\/uploads\/2024\/12\/nut-runner-100x100.jpg 100w, https:\/\/csunitec.com\/wp-content\/uploads\/2024\/12\/nut-runner-uai-900x900.jpg 900w, https:\/\/csunitec.com\/wp-content\/uploads\/2024\/12\/nut-runner-uai-720x720.jpg 720w, https:\/\/csunitec.com\/wp-content\/uploads\/2024\/12\/nut-runner.jpg 1000w\" sizes=\"(max-width: 300px) 100vw, 300px\" loading=\"lazy\" \/><\/a><\/div><div class=\"fwpl-item el-qkky1a listing-cat\"><span class=\"fwpl-term fwpl-term-aire fwpl-tax-power_type\">Aire<\/span> Power<\/div><div class=\"fwpl-item el-fq3af listing-cat is-empty\"><\/div><div class=\"fwpl-item el-xkm49v listing-cat is-empty\"><\/div><div class=\"fwpl-item el-e3dlag\"><a href=\"https:\/\/csunitec.com\/es\/producto\/correderas-de-tuerca-neumaticas\/\">Correderas de tuerca neum\u00e1ticas<\/a><\/div><div class=\"fwpl-item el-ww0hp9\"><ul>\n \t<li>Par de torsi\u00f3n: Hasta 405 pies-libra.<\/li>\n \t<li>Mandos cuadrados macho: 1\/2\", 3\/4\" y 1\"<\/li>\n \t<li>Torneado y Apriete para V\u00e1lvulas y m\u00e1s<\/li>\n \t<li>Velocidad de carga: Hasta 125 RPM<\/li>\n \t<li>Potencia: 0,9 CV<\/li>\n<\/ul><\/div><\/div><\/div><\/div><div class=\"fwpl-result r3\"><div class=\"fwpl-row el-0feju4\"><div class=\"fwpl-col fwpl-col el-lj7vtd\"><div class=\"fwpl-item el-ldqjo74\"><a href=\"https:\/\/csunitec.com\/es\/producto\/mandos-cuadrados-para-correderas-de-tuerca\/\"><img decoding=\"async\" width=\"300\" height=\"300\" src=\"https:\/\/csunitec.com\/wp-content\/uploads\/2025\/04\/Square-Drive-6-1016-7940-2-2-2-300x300.png\" class=\"attachment-medium size-medium wp-post-image\" alt=\"\" srcset=\"https:\/\/csunitec.com\/wp-content\/uploads\/2025\/04\/Square-Drive-6-1016-7940-2-2-2-300x300.png 300w, https:\/\/csunitec.com\/wp-content\/uploads\/2025\/04\/Square-Drive-6-1016-7940-2-2-2-150x150.png 150w, https:\/\/csunitec.com\/wp-content\/uploads\/2025\/04\/Square-Drive-6-1016-7940-2-2-2-768x768.png 768w, https:\/\/csunitec.com\/wp-content\/uploads\/2025\/04\/Square-Drive-6-1016-7940-2-2-2-350x350.png 350w, https:\/\/csunitec.com\/wp-content\/uploads\/2025\/04\/Square-Drive-6-1016-7940-2-2-2-348x348.png 348w, https:\/\/csunitec.com\/wp-content\/uploads\/2025\/04\/Square-Drive-6-1016-7940-2-2-2-600x600.png 600w, https:\/\/csunitec.com\/wp-content\/uploads\/2025\/04\/Square-Drive-6-1016-7940-2-2-2-100x100.png 100w, https:\/\/csunitec.com\/wp-content\/uploads\/2025\/04\/Square-Drive-6-1016-7940-2-2-2-uai-720x720.png 720w, https:\/\/csunitec.com\/wp-content\/uploads\/2025\/04\/Square-Drive-6-1016-7940-2-2-2-uai-900x900.png 900w, https:\/\/csunitec.com\/wp-content\/uploads\/2025\/04\/Square-Drive-6-1016-7940-2-2-2.png 1000w\" sizes=\"(max-width: 300px) 100vw, 300px\" loading=\"lazy\" \/><\/a><\/div><div class=\"fwpl-item el-qkky1a listing-cat is-empty\"><\/div><div class=\"fwpl-item el-fq3af listing-cat is-empty\"><\/div><div class=\"fwpl-item el-xkm49v listing-cat\"><span class=\"fwpl-term fwpl-term-accesorio fwpl-tax-accessory_type\">Accesorio<\/span><\/div><div class=\"fwpl-item el-e3dlag\"><a href=\"https:\/\/csunitec.com\/es\/producto\/mandos-cuadrados-para-correderas-de-tuerca\/\">Mandos cuadrados para correderas de tuerca<\/a><\/div><div class=\"fwpl-item el-ww0hp9\"><ul>\n \t<li>Varios tama\u00f1os disponibles para las necesidades de la aplicaci\u00f3n<\/li>\n<\/ul><\/div><\/div><\/div><\/div><\/div>\n<style>\n.fwpl-layout, .fwpl-row {\n    display: grid;\n}\n.fwpl-layout.el-8w2k4 {\n    grid-template-columns: repeat(3, 1fr);\n    grid-gap: 10px;\n}\n.fwpl-btn {\n    text-decoration: none;\n}\n.fwpl-row.el-0feju4 {\n    grid-template-columns: 1fr;\n    text-align: center;\n}\n.fwpl-col.el-lj7vtd {\n    text-align: center;\n}\n.fwpl-item.el-ldqjo74 {\n    text-align: center;\n}\n.fwpl-item.el-qkky1a {\n    font-size: 11px;\n    color: #028f00;\n}\n.fwpl-item.el-fq3af {\n    font-size: 11px;\n    color: #028f00;\n}\n.fwpl-item.el-xkm49v {\n    font-size: 11px;\n    color: #028f00;\n}\n.fwpl-item.el-e3dlag {\n    text-align: center;\n    font-size: 20px;\n}\n@media (max-width: 480px) { \n    body .facetwp-template .fwpl-layout,  \n    body .facetwp-template-static .fwpl-layout { grid-template-columns: 1fr; } \n} \n\n<\/style>\n<\/div>\n","protected":false},"excerpt":{"rendered":"<h3>Correderas de Tuerca de Alto Par, Neum\u00e1ticas e Hidr\u00e1ulicas con Mandos Cuadrados<\/h3>\n<p><span style=\"font-weight:400;\">Los atornilladores de tuercas neum\u00e1ticos e hidr\u00e1ulicos ofrecen la potencia, la precisi\u00f3n y la fiabilidad necesarias para trabajos industriales de alta exigencia. Dise\u00f1adas para entornos exigentes, estas herramientas destacan en la operaci\u00f3n de v\u00e1lvulas, el apriete de fijaciones cr\u00edticas y la realizaci\u00f3n de aplicaciones de alto par con total confianza. Tanto si est\u00e1 roscando, escariando, biselando tuber\u00edas, expandiendo o abordando otras tareas de mecanizado de precisi\u00f3n, nuestros atornilladores de tuercas ofrecen un rendimiento constante, un control superior y una durabilidad prolongada para que sus operaciones funcionen sin interrupciones.<\/span><\/p>\n<p><span>Caracter\u00edsticas de la llave de alto par:<\/span><\/p>\n<ul>\n<li>La transmisi\u00f3n por tornillo sin fin proporciona un par de hasta 405 ft.-lbs. <\/li>\n<li>Machos de rosca cuadrada de 1\/2&#8243;, 3\/4&#8243; y 1  <\/li>\n<li>Ligera y reversible<\/li>\n<li>Los cabezales angulares compactos permiten acceder a espacios reducidos<\/li>\n<li>Varios tama\u00f1os disponibles con cuadradillo macho o hembra<\/li>\n<li>Los patines neum\u00e1ticos para tuercas disponen de modelos selectos con certificaci\u00f3n ATEX<\/li>\n<\/ul>\n","protected":false},"author":2,"featured_media":172614,"parent":172314,"menu_order":0,"comment_status":"closed","ping_status":"closed","template":"","meta":{"footnotes":""},"class_list":["post-172607","page","type-page","status-publish","has-post-thumbnail","hentry"],"yoast_head":"<!-- This site is optimized with the Yoast SEO plugin v27.5 - https:\/\/yoast.com\/product\/yoast-seo-wordpress\/ -->\n<title>Atornilladores de tuercas - CS Unitec<\/title>\n<meta name=\"description\" content=\"Corredores de tuerca neum\u00e1ticos e hidr\u00e1ulicos: ideales para girar v\u00e1lvulas, apretar, roscar, escariar, biselar tubos, expandir y mucho m\u00e1s.\" \/>\n<meta name=\"robots\" content=\"index, follow, max-snippet:-1, max-image-preview:large, max-video-preview:-1\" \/>\n<link rel=\"canonical\" href=\"https:\/\/csunitec.com\/es\/productos\/accionamientos-y-motores\/atornilladores-de-tuercas\/\" \/>\n<meta property=\"og:locale\" content=\"es_ES\" \/>\n<meta property=\"og:type\" content=\"article\" \/>\n<meta property=\"og:title\" content=\"Atornilladores de tuercas - CS Unitec\" \/>\n<meta property=\"og:description\" content=\"Corredores de tuerca neum\u00e1ticos e hidr\u00e1ulicos: ideales para girar v\u00e1lvulas, apretar, roscar, escariar, biselar tubos, expandir y mucho m\u00e1s.\" \/>\n<meta property=\"og:url\" content=\"https:\/\/csunitec.com\/es\/productos\/accionamientos-y-motores\/atornilladores-de-tuercas\/\" \/>\n<meta property=\"og:site_name\" content=\"CS Unitec\" \/>\n<meta property=\"article:modified_time\" content=\"2026-04-26T22:21:43+00:00\" \/>\n<meta property=\"og:image\" content=\"https:\/\/csunitec.com\/wp-content\/uploads\/2026\/02\/DRIVES-NutRunners.jpg\" \/>\n\t<meta property=\"og:image:width\" content=\"2000\" \/>\n\t<meta property=\"og:image:height\" content=\"500\" \/>\n\t<meta property=\"og:image:type\" content=\"image\/jpeg\" \/>\n<meta name=\"twitter:card\" content=\"summary_large_image\" \/>\n<meta name=\"twitter:label1\" content=\"Tiempo de lectura\" \/>\n\t<meta name=\"twitter:data1\" content=\"1 minuto\" \/>\n<script type=\"application\/ld+json\" class=\"yoast-schema-graph\">{\"@context\":\"https:\\\/\\\/schema.org\",\"@graph\":[{\"@type\":\"WebPage\",\"@id\":\"https:\\\/\\\/csunitec.com\\\/es\\\/productos\\\/accionamientos-y-motores\\\/atornilladores-de-tuercas\\\/\",\"url\":\"https:\\\/\\\/csunitec.com\\\/es\\\/productos\\\/accionamientos-y-motores\\\/atornilladores-de-tuercas\\\/\",\"name\":\"Atornilladores de tuercas - CS Unitec\",\"isPartOf\":{\"@id\":\"https:\\\/\\\/csunitec.com\\\/es\\\/#website\"},\"primaryImageOfPage\":{\"@id\":\"https:\\\/\\\/csunitec.com\\\/es\\\/productos\\\/accionamientos-y-motores\\\/atornilladores-de-tuercas\\\/#primaryimage\"},\"image\":{\"@id\":\"https:\\\/\\\/csunitec.com\\\/es\\\/productos\\\/accionamientos-y-motores\\\/atornilladores-de-tuercas\\\/#primaryimage\"},\"thumbnailUrl\":\"https:\\\/\\\/csunitec.com\\\/wp-content\\\/uploads\\\/2026\\\/02\\\/DRIVES-NutRunners.jpg\",\"datePublished\":\"2025-08-31T21:11:26+00:00\",\"dateModified\":\"2026-04-26T22:21:43+00:00\",\"description\":\"Corredores de tuerca neum\u00e1ticos e hidr\u00e1ulicos: ideales para girar v\u00e1lvulas, apretar, roscar, escariar, biselar tubos, expandir y mucho m\u00e1s.\",\"breadcrumb\":{\"@id\":\"https:\\\/\\\/csunitec.com\\\/es\\\/productos\\\/accionamientos-y-motores\\\/atornilladores-de-tuercas\\\/#breadcrumb\"},\"inLanguage\":\"es\",\"potentialAction\":[{\"@type\":\"ReadAction\",\"target\":[\"https:\\\/\\\/csunitec.com\\\/es\\\/productos\\\/accionamientos-y-motores\\\/atornilladores-de-tuercas\\\/\"]}]},{\"@type\":\"ImageObject\",\"inLanguage\":\"es\",\"@id\":\"https:\\\/\\\/csunitec.com\\\/es\\\/productos\\\/accionamientos-y-motores\\\/atornilladores-de-tuercas\\\/#primaryimage\",\"url\":\"https:\\\/\\\/csunitec.com\\\/wp-content\\\/uploads\\\/2026\\\/02\\\/DRIVES-NutRunners.jpg\",\"contentUrl\":\"https:\\\/\\\/csunitec.com\\\/wp-content\\\/uploads\\\/2026\\\/02\\\/DRIVES-NutRunners.jpg\",\"width\":2000,\"height\":500},{\"@type\":\"BreadcrumbList\",\"@id\":\"https:\\\/\\\/csunitec.com\\\/es\\\/productos\\\/accionamientos-y-motores\\\/atornilladores-de-tuercas\\\/#breadcrumb\",\"itemListElement\":[{\"@type\":\"ListItem\",\"position\":1,\"name\":\"Inicio\",\"item\":\"https:\\\/\\\/csunitec.com\\\/es\\\/\"},{\"@type\":\"ListItem\",\"position\":2,\"name\":\"Productos\",\"item\":\"https:\\\/\\\/csunitec.com\\\/es\\\/productos\\\/\"},{\"@type\":\"ListItem\",\"position\":3,\"name\":\"Accionamientos y motores\",\"item\":\"https:\\\/\\\/csunitec.com\\\/es\\\/productos\\\/accionamientos-y-motores\\\/\"},{\"@type\":\"ListItem\",\"position\":4,\"name\":\"Atornilladores de tuercas\"}]},{\"@type\":\"WebSite\",\"@id\":\"https:\\\/\\\/csunitec.com\\\/es\\\/#website\",\"url\":\"https:\\\/\\\/csunitec.com\\\/es\\\/\",\"name\":\"CS Unitec\",\"description\":\"\",\"potentialAction\":[{\"@type\":\"SearchAction\",\"target\":{\"@type\":\"EntryPoint\",\"urlTemplate\":\"https:\\\/\\\/csunitec.com\\\/es\\\/?s={search_term_string}\"},\"query-input\":{\"@type\":\"PropertyValueSpecification\",\"valueRequired\":true,\"valueName\":\"search_term_string\"}}],\"inLanguage\":\"es\"}]}<\/script>\n<!-- \/ Yoast SEO plugin. -->","yoast_head_json":{"title":"Atornilladores de tuercas - CS Unitec","description":"Corredores de tuerca neum\u00e1ticos e hidr\u00e1ulicos: ideales para girar v\u00e1lvulas, apretar, roscar, escariar, biselar tubos, expandir y mucho m\u00e1s.","robots":{"index":"index","follow":"follow","max-snippet":"max-snippet:-1","max-image-preview":"max-image-preview:large","max-video-preview":"max-video-preview:-1"},"canonical":"https:\/\/csunitec.com\/es\/productos\/accionamientos-y-motores\/atornilladores-de-tuercas\/","og_locale":"es_ES","og_type":"article","og_title":"Atornilladores de tuercas - CS Unitec","og_description":"Corredores de tuerca neum\u00e1ticos e hidr\u00e1ulicos: ideales para girar v\u00e1lvulas, apretar, roscar, escariar, biselar tubos, expandir y mucho m\u00e1s.","og_url":"https:\/\/csunitec.com\/es\/productos\/accionamientos-y-motores\/atornilladores-de-tuercas\/","og_site_name":"CS Unitec","article_modified_time":"2026-04-26T22:21:43+00:00","og_image":[{"width":2000,"height":500,"url":"https:\/\/csunitec.com\/wp-content\/uploads\/2026\/02\/DRIVES-NutRunners.jpg","type":"image\/jpeg"}],"twitter_card":"summary_large_image","twitter_misc":{"Tiempo de lectura":"1 minuto"},"schema":{"@context":"https:\/\/schema.org","@graph":[{"@type":"WebPage","@id":"https:\/\/csunitec.com\/es\/productos\/accionamientos-y-motores\/atornilladores-de-tuercas\/","url":"https:\/\/csunitec.com\/es\/productos\/accionamientos-y-motores\/atornilladores-de-tuercas\/","name":"Atornilladores de tuercas - CS Unitec","isPartOf":{"@id":"https:\/\/csunitec.com\/es\/#website"},"primaryImageOfPage":{"@id":"https:\/\/csunitec.com\/es\/productos\/accionamientos-y-motores\/atornilladores-de-tuercas\/#primaryimage"},"image":{"@id":"https:\/\/csunitec.com\/es\/productos\/accionamientos-y-motores\/atornilladores-de-tuercas\/#primaryimage"},"thumbnailUrl":"https:\/\/csunitec.com\/wp-content\/uploads\/2026\/02\/DRIVES-NutRunners.jpg","datePublished":"2025-08-31T21:11:26+00:00","dateModified":"2026-04-26T22:21:43+00:00","description":"Corredores de tuerca neum\u00e1ticos e hidr\u00e1ulicos: ideales para girar v\u00e1lvulas, apretar, roscar, escariar, biselar tubos, expandir y mucho m\u00e1s.","breadcrumb":{"@id":"https:\/\/csunitec.com\/es\/productos\/accionamientos-y-motores\/atornilladores-de-tuercas\/#breadcrumb"},"inLanguage":"es","potentialAction":[{"@type":"ReadAction","target":["https:\/\/csunitec.com\/es\/productos\/accionamientos-y-motores\/atornilladores-de-tuercas\/"]}]},{"@type":"ImageObject","inLanguage":"es","@id":"https:\/\/csunitec.com\/es\/productos\/accionamientos-y-motores\/atornilladores-de-tuercas\/#primaryimage","url":"https:\/\/csunitec.com\/wp-content\/uploads\/2026\/02\/DRIVES-NutRunners.jpg","contentUrl":"https:\/\/csunitec.com\/wp-content\/uploads\/2026\/02\/DRIVES-NutRunners.jpg","width":2000,"height":500},{"@type":"BreadcrumbList","@id":"https:\/\/csunitec.com\/es\/productos\/accionamientos-y-motores\/atornilladores-de-tuercas\/#breadcrumb","itemListElement":[{"@type":"ListItem","position":1,"name":"Inicio","item":"https:\/\/csunitec.com\/es\/"},{"@type":"ListItem","position":2,"name":"Productos","item":"https:\/\/csunitec.com\/es\/productos\/"},{"@type":"ListItem","position":3,"name":"Accionamientos y motores","item":"https:\/\/csunitec.com\/es\/productos\/accionamientos-y-motores\/"},{"@type":"ListItem","position":4,"name":"Atornilladores de tuercas"}]},{"@type":"WebSite","@id":"https:\/\/csunitec.com\/es\/#website","url":"https:\/\/csunitec.com\/es\/","name":"CS Unitec","description":"","potentialAction":[{"@type":"SearchAction","target":{"@type":"EntryPoint","urlTemplate":"https:\/\/csunitec.com\/es\/?s={search_term_string}"},"query-input":{"@type":"PropertyValueSpecification","valueRequired":true,"valueName":"search_term_string"}}],"inLanguage":"es"}]}},"_links":{"self":[{"href":"https:\/\/csunitec.com\/es\/wp-json\/wp\/v2\/pages\/172607","targetHints":{"allow":["GET"]}}],"collection":[{"href":"https:\/\/csunitec.com\/es\/wp-json\/wp\/v2\/pages"}],"about":[{"href":"https:\/\/csunitec.com\/es\/wp-json\/wp\/v2\/types\/page"}],"author":[{"embeddable":true,"href":"https:\/\/csunitec.com\/es\/wp-json\/wp\/v2\/users\/2"}],"replies":[{"embeddable":true,"href":"https:\/\/csunitec.com\/es\/wp-json\/wp\/v2\/comments?post=172607"}],"version-history":[{"count":0,"href":"https:\/\/csunitec.com\/es\/wp-json\/wp\/v2\/pages\/172607\/revisions"}],"up":[{"embeddable":true,"href":"https:\/\/csunitec.com\/es\/wp-json\/wp\/v2\/pages\/172314"}],"wp:featuredmedia":[{"embeddable":true,"href":"https:\/\/csunitec.com\/es\/wp-json\/wp\/v2\/media\/172614"}],"wp:attachment":[{"href":"https:\/\/csunitec.com\/es\/wp-json\/wp\/v2\/media?parent=172607"}],"curies":[{"name":"wp","href":"https:\/\/api.w.org\/{rel}","templated":true}]}}