{"id":172623,"date":"2025-08-31T15:25:38","date_gmt":"2025-08-31T15:25:38","guid":{"rendered":"https:\/\/stgcsunitec.wpenginepowered.com\/preparacion-de-superficies\/maquinas-decapadoras\/"},"modified":"2026-04-26T17:05:27","modified_gmt":"2026-04-26T21:05:27","slug":"maquinas-decapadoras","status":"publish","type":"page","link":"https:\/\/csunitec.com\/es\/productos\/preparacion-de-superficies\/maquinas-decapadoras\/","title":{"rendered":"M\u00e1quinas decapadoras"},"content":{"rendered":"<div class=\"facetwp-template\" data-name=\"products_surface_preparation_stripping_machines\"><div class=\"fwpl-layout el-8w2k4\"><div class=\"fwpl-result r1\"><div class=\"fwpl-row el-0feju4\"><div class=\"fwpl-col fwpl-col el-lj7vtd\"><div class=\"fwpl-item el-ldqjo74\"><a href=\"https:\/\/csunitec.com\/es\/producto\/discos-fresadores-para-decapadora-afeitadora\/\"><img decoding=\"async\" width=\"300\" height=\"300\" data-src=\"https:\/\/csunitec.com\/wp-content\/uploads\/2025\/03\/Milling-Disc-for-Wood-2-2-300x300.png\" class=\"attachment-medium size-medium wp-post-image lazyload\" alt=\"\" data-srcset=\"https:\/\/csunitec.com\/wp-content\/uploads\/2025\/03\/Milling-Disc-for-Wood-2-2-300x300.png 300w, https:\/\/csunitec.com\/wp-content\/uploads\/2025\/03\/Milling-Disc-for-Wood-2-2-150x150.png 150w, https:\/\/csunitec.com\/wp-content\/uploads\/2025\/03\/Milling-Disc-for-Wood-2-2-768x768.png 768w, https:\/\/csunitec.com\/wp-content\/uploads\/2025\/03\/Milling-Disc-for-Wood-2-2-350x350.png 350w, https:\/\/csunitec.com\/wp-content\/uploads\/2025\/03\/Milling-Disc-for-Wood-2-2-348x348.png 348w, https:\/\/csunitec.com\/wp-content\/uploads\/2025\/03\/Milling-Disc-for-Wood-2-2-600x600.png 600w, https:\/\/csunitec.com\/wp-content\/uploads\/2025\/03\/Milling-Disc-for-Wood-2-2-100x100.png 100w, https:\/\/csunitec.com\/wp-content\/uploads\/2025\/03\/Milling-Disc-for-Wood-2-2.png 1000w\" data-sizes=\"(max-width: 300px) 100vw, 300px\" src=\"data:image\/svg+xml;base64,PHN2ZyB3aWR0aD0iMSIgaGVpZ2h0PSIxIiB4bWxucz0iaHR0cDovL3d3dy53My5vcmcvMjAwMC9zdmciPjwvc3ZnPg==\" style=\"--smush-placeholder-width: 300px; --smush-placeholder-aspect-ratio: 300\/300;\" \/><\/a><\/div><div class=\"fwpl-item el-qkky1a listing-cat is-empty\"><\/div><div class=\"fwpl-item el-fq3af listing-cat is-empty\"><\/div><div class=\"fwpl-item el-xkm49v listing-cat\"><span class=\"fwpl-term fwpl-term-accesorio fwpl-tax-accessory_type\">Accesorio<\/span><\/div><div class=\"fwpl-item el-e3dlag\"><a href=\"https:\/\/csunitec.com\/es\/producto\/discos-fresadores-para-decapadora-afeitadora\/\">Discos fresadores para decapadora\/afeitadora<\/a><\/div><div class=\"fwpl-item el-ww0hp9\"><ul>\n \t<li>Para superficies de madera<\/li>\n \t<li>Para superficies de hormig\u00f3n<\/li>\n<\/ul><\/div><\/div><\/div><\/div><div class=\"fwpl-result r2\"><div class=\"fwpl-row el-0feju4\"><div class=\"fwpl-col fwpl-col el-lj7vtd\"><div class=\"fwpl-item el-ldqjo74\"><a href=\"https:\/\/csunitec.com\/es\/producto\/maquina-decapadora-afeitadora\/\"><img decoding=\"async\" width=\"300\" height=\"300\" data-src=\"https:\/\/csunitec.com\/wp-content\/uploads\/2025\/03\/Paint-Stripper-Shaver-1-2-300x300.png\" class=\"attachment-medium size-medium wp-post-image lazyload\" alt=\"\" data-srcset=\"https:\/\/csunitec.com\/wp-content\/uploads\/2025\/03\/Paint-Stripper-Shaver-1-2-300x300.png 300w, https:\/\/csunitec.com\/wp-content\/uploads\/2025\/03\/Paint-Stripper-Shaver-1-2-100x100.png 100w, https:\/\/csunitec.com\/wp-content\/uploads\/2025\/03\/Paint-Stripper-Shaver-1-2-600x600.png 600w, https:\/\/csunitec.com\/wp-content\/uploads\/2025\/03\/Paint-Stripper-Shaver-1-2-150x150.png 150w, https:\/\/csunitec.com\/wp-content\/uploads\/2025\/03\/Paint-Stripper-Shaver-1-2-768x768.png 768w, https:\/\/csunitec.com\/wp-content\/uploads\/2025\/03\/Paint-Stripper-Shaver-1-2-350x350.png 350w, https:\/\/csunitec.com\/wp-content\/uploads\/2025\/03\/Paint-Stripper-Shaver-1-2-348x348.png 348w, https:\/\/csunitec.com\/wp-content\/uploads\/2025\/03\/Paint-Stripper-Shaver-1-2-uai-720x720.png 720w, https:\/\/csunitec.com\/wp-content\/uploads\/2025\/03\/Paint-Stripper-Shaver-1-2-uai-900x900.png 900w, https:\/\/csunitec.com\/wp-content\/uploads\/2025\/03\/Paint-Stripper-Shaver-1-2.png 1000w\" data-sizes=\"(max-width: 300px) 100vw, 300px\" src=\"data:image\/svg+xml;base64,PHN2ZyB3aWR0aD0iMSIgaGVpZ2h0PSIxIiB4bWxucz0iaHR0cDovL3d3dy53My5vcmcvMjAwMC9zdmciPjwvc3ZnPg==\" style=\"--smush-placeholder-width: 300px; --smush-placeholder-aspect-ratio: 300\/300;\" \/><\/a><\/div><div class=\"fwpl-item el-qkky1a listing-cat\"><span class=\"fwpl-term fwpl-term-electrico fwpl-tax-power_type\">El\u00e9ctrico<\/span> Power<\/div><div class=\"fwpl-item el-fq3af listing-cat is-empty\"><\/div><div class=\"fwpl-item el-xkm49v listing-cat is-empty\"><\/div><div class=\"fwpl-item el-e3dlag\"><a href=\"https:\/\/csunitec.com\/es\/producto\/maquina-decapadora-afeitadora\/\">M\u00e1quina decapadora\/afeitadora<\/a><\/div><div class=\"fwpl-item el-ww0hp9\"><ul>\n \t<li>Potencia del motor: 9,6 Amperios<\/li>\n \t<li>Velocidad de carga: 10.000 RPM<\/li>\n \t<li>Di\u00e1metro del cabezal de fresado: 4<\/li>\n \t<li>Ajuste de profundidad: 0,1 mm - 1,0 mm<\/li>\n<\/ul><\/div><\/div><\/div><\/div><div class=\"fwpl-result r3\"><div class=\"fwpl-row el-0feju4\"><div class=\"fwpl-col fwpl-col el-lj7vtd\"><div class=\"fwpl-item el-ldqjo74\"><a href=\"https:\/\/csunitec.com\/es\/producto\/nuevo-maquina-rascadora-de-suelos-a-bateria\/\"><img decoding=\"async\" width=\"300\" height=\"300\" data-src=\"https:\/\/csunitec.com\/wp-content\/uploads\/2026\/02\/IMG_TFS230-1-300x300.jpg\" class=\"attachment-medium size-medium wp-post-image lazyload\" alt=\"\" data-srcset=\"https:\/\/csunitec.com\/wp-content\/uploads\/2026\/02\/IMG_TFS230-1-300x300.jpg 300w, https:\/\/csunitec.com\/wp-content\/uploads\/2026\/02\/IMG_TFS230-1-150x150.jpg 150w, https:\/\/csunitec.com\/wp-content\/uploads\/2026\/02\/IMG_TFS230-1-768x768.jpg 768w, https:\/\/csunitec.com\/wp-content\/uploads\/2026\/02\/IMG_TFS230-1-350x350.jpg 350w, https:\/\/csunitec.com\/wp-content\/uploads\/2026\/02\/IMG_TFS230-1-348x348.jpg 348w, https:\/\/csunitec.com\/wp-content\/uploads\/2026\/02\/IMG_TFS230-1-600x600.jpg 600w, https:\/\/csunitec.com\/wp-content\/uploads\/2026\/02\/IMG_TFS230-1-100x100.jpg 100w, https:\/\/csunitec.com\/wp-content\/uploads\/2026\/02\/IMG_TFS230-1-uai-900x900.jpg 900w, https:\/\/csunitec.com\/wp-content\/uploads\/2026\/02\/IMG_TFS230-1-uai-720x720.jpg 720w, https:\/\/csunitec.com\/wp-content\/uploads\/2026\/02\/IMG_TFS230-1.jpg 1000w\" data-sizes=\"(max-width: 300px) 100vw, 300px\" src=\"data:image\/svg+xml;base64,PHN2ZyB3aWR0aD0iMSIgaGVpZ2h0PSIxIiB4bWxucz0iaHR0cDovL3d3dy53My5vcmcvMjAwMC9zdmciPjwvc3ZnPg==\" style=\"--smush-placeholder-width: 300px; --smush-placeholder-aspect-ratio: 300\/300;\" \/><\/a><\/div><div class=\"fwpl-item el-qkky1a listing-cat\"><span class=\"fwpl-term fwpl-term-electrico fwpl-tax-power_type\">El\u00e9ctrico<\/span> Power<\/div><div class=\"fwpl-item el-fq3af listing-cat is-empty\"><\/div><div class=\"fwpl-item el-xkm49v listing-cat is-empty\"><\/div><div class=\"fwpl-item el-e3dlag\"><a href=\"https:\/\/csunitec.com\/es\/producto\/nuevo-maquina-rascadora-de-suelos-a-bateria\/\"><span style=\"color:red; font-weight: 800;\"><em>NUEVO<\/em><\/span> M\u00e1quina rascadora de suelos a bater\u00eda<\/a><\/div><div class=\"fwpl-item el-ww0hp9\"><ul>\n \t<li>Ganador del Premio al Producto Innovador 2026<\/li>\n \t<li>Alimentaci\u00f3n: 1x Bater\u00eda de 82V<\/li>\n \t<li>Anchura de trabajo: 9<\/li>\n \t<li>Velocidad: 1400 RPM<\/li>\n \t<li>Dimensiones: 34\" x 13\" x 28\"<\/li>\n<\/ul><\/div><\/div><\/div><\/div><div class=\"fwpl-result r4\"><div class=\"fwpl-row el-0feju4\"><div class=\"fwpl-col fwpl-col el-lj7vtd\"><div class=\"fwpl-item el-ldqjo74\"><a href=\"https:\/\/csunitec.com\/es\/producto\/cuchillas-rascadoras\/\"><img decoding=\"async\" width=\"300\" height=\"300\" data-src=\"https:\/\/csunitec.com\/wp-content\/uploads\/2025\/03\/Floor-Stripper-Blades-1-2-300x300.png\" class=\"attachment-medium size-medium wp-post-image lazyload\" alt=\"\" data-srcset=\"https:\/\/csunitec.com\/wp-content\/uploads\/2025\/03\/Floor-Stripper-Blades-1-2-300x300.png 300w, https:\/\/csunitec.com\/wp-content\/uploads\/2025\/03\/Floor-Stripper-Blades-1-2-150x150.png 150w, https:\/\/csunitec.com\/wp-content\/uploads\/2025\/03\/Floor-Stripper-Blades-1-2-768x768.png 768w, https:\/\/csunitec.com\/wp-content\/uploads\/2025\/03\/Floor-Stripper-Blades-1-2-350x350.png 350w, https:\/\/csunitec.com\/wp-content\/uploads\/2025\/03\/Floor-Stripper-Blades-1-2-348x348.png 348w, https:\/\/csunitec.com\/wp-content\/uploads\/2025\/03\/Floor-Stripper-Blades-1-2-600x600.png 600w, https:\/\/csunitec.com\/wp-content\/uploads\/2025\/03\/Floor-Stripper-Blades-1-2-100x100.png 100w, https:\/\/csunitec.com\/wp-content\/uploads\/2025\/03\/Floor-Stripper-Blades-1-2.png 1000w\" data-sizes=\"(max-width: 300px) 100vw, 300px\" src=\"data:image\/svg+xml;base64,PHN2ZyB3aWR0aD0iMSIgaGVpZ2h0PSIxIiB4bWxucz0iaHR0cDovL3d3dy53My5vcmcvMjAwMC9zdmciPjwvc3ZnPg==\" style=\"--smush-placeholder-width: 300px; --smush-placeholder-aspect-ratio: 300\/300;\" \/><\/a><\/div><div class=\"fwpl-item el-qkky1a listing-cat is-empty\"><\/div><div class=\"fwpl-item el-fq3af listing-cat is-empty\"><\/div><div class=\"fwpl-item el-xkm49v listing-cat\"><span class=\"fwpl-term fwpl-term-accesorio fwpl-tax-accessory_type\">Accesorio<\/span><\/div><div class=\"fwpl-item el-e3dlag\"><a href=\"https:\/\/csunitec.com\/es\/producto\/cuchillas-rascadoras\/\">Cuchillas rascadoras<\/a><\/div><div class=\"fwpl-item el-ww0hp9\"><ul>\n \t<li>Para eliminar moqueta adherida, vinilo, lin\u00f3leo, corcho, tierra compactada, \u00a1y mucho m\u00e1s!<\/li>\n<\/ul><\/div><\/div><\/div><\/div><div class=\"fwpl-result r5\"><div class=\"fwpl-row el-0feju4\"><div class=\"fwpl-col fwpl-col el-lj7vtd\"><div class=\"fwpl-item el-ldqjo74\"><a href=\"https:\/\/csunitec.com\/es\/producto\/maquina-rascadora-de-suelos\/\"><img decoding=\"async\" width=\"300\" height=\"300\" data-src=\"https:\/\/csunitec.com\/wp-content\/uploads\/2024\/11\/TFS-230-Floor-Stripper-Main-3-1-300x300.png\" class=\"attachment-medium size-medium wp-post-image lazyload\" alt=\"\" data-srcset=\"https:\/\/csunitec.com\/wp-content\/uploads\/2024\/11\/TFS-230-Floor-Stripper-Main-3-1-300x300.png 300w, https:\/\/csunitec.com\/wp-content\/uploads\/2024\/11\/TFS-230-Floor-Stripper-Main-3-1-150x150.png 150w, https:\/\/csunitec.com\/wp-content\/uploads\/2024\/11\/TFS-230-Floor-Stripper-Main-3-1-768x768.png 768w, https:\/\/csunitec.com\/wp-content\/uploads\/2024\/11\/TFS-230-Floor-Stripper-Main-3-1-350x350.png 350w, https:\/\/csunitec.com\/wp-content\/uploads\/2024\/11\/TFS-230-Floor-Stripper-Main-3-1-348x348.png 348w, https:\/\/csunitec.com\/wp-content\/uploads\/2024\/11\/TFS-230-Floor-Stripper-Main-3-1-600x600.png 600w, https:\/\/csunitec.com\/wp-content\/uploads\/2024\/11\/TFS-230-Floor-Stripper-Main-3-1-100x100.png 100w, https:\/\/csunitec.com\/wp-content\/uploads\/2024\/11\/TFS-230-Floor-Stripper-Main-3-1.png 1000w\" data-sizes=\"(max-width: 300px) 100vw, 300px\" src=\"data:image\/svg+xml;base64,PHN2ZyB3aWR0aD0iMSIgaGVpZ2h0PSIxIiB4bWxucz0iaHR0cDovL3d3dy53My5vcmcvMjAwMC9zdmciPjwvc3ZnPg==\" style=\"--smush-placeholder-width: 300px; --smush-placeholder-aspect-ratio: 300\/300;\" \/><\/a><\/div><div class=\"fwpl-item el-qkky1a listing-cat\"><span class=\"fwpl-term fwpl-term-electrico fwpl-tax-power_type\">El\u00e9ctrico<\/span> Power<\/div><div class=\"fwpl-item el-fq3af listing-cat is-empty\"><\/div><div class=\"fwpl-item el-xkm49v listing-cat is-empty\"><\/div><div class=\"fwpl-item el-e3dlag\"><a href=\"https:\/\/csunitec.com\/es\/producto\/maquina-rascadora-de-suelos\/\">M\u00e1quina rascadora de suelos<\/a><\/div><div class=\"fwpl-item el-ww0hp9\"><ul>\n \t<li>Potencia del motor: 14 Amperios<\/li>\n \t<li>Anchura de trabajo: 9<\/li>\n \t<li>Velocidad: 1400 RPM<\/li>\n \t<li>Dimensiones: 34\" x 13\" x 28\"<\/li>\n<\/ul><\/div><\/div><\/div><\/div><\/div>\n<style>\n.fwpl-layout, .fwpl-row {\n    display: grid;\n}\n.fwpl-layout.el-8w2k4 {\n    grid-template-columns: repeat(3, 1fr);\n    grid-gap: 10px;\n}\n.fwpl-btn {\n    text-decoration: none;\n}\n.fwpl-row.el-0feju4 {\n    grid-template-columns: 1fr;\n    text-align: center;\n}\n.fwpl-col.el-lj7vtd {\n    text-align: center;\n}\n.fwpl-item.el-ldqjo74 {\n    text-align: center;\n}\n.fwpl-item.el-qkky1a {\n    font-size: 11px;\n    color: #028f00;\n}\n.fwpl-item.el-fq3af {\n    font-size: 11px;\n    color: #028f00;\n}\n.fwpl-item.el-xkm49v {\n    font-size: 11px;\n    color: #028f00;\n}\n.fwpl-item.el-e3dlag {\n    text-align: center;\n    font-size: 20px;\n}\n@media (max-width: 480px) { \n    body .facetwp-template .fwpl-layout,  \n    body .facetwp-template-static .fwpl-layout { grid-template-columns: 1fr; } \n} \n\n<\/style>\n<\/div>\n","protected":false},"excerpt":{"rendered":"<h3>Decapado de pintura, adhesivos y residuos<\/h3>\n<p><span style=\"font-weight:400;\">CS Unitec ofrece herramientas de lijado y alisado dise\u00f1adas para eliminar con facilidad pintura, adhesivos y residuos de superficies. Ligeras y c\u00f3modas de manejar, estas herramientas cubren grandes \u00e1reas r\u00e1pidamente y minimizan la necesidad de retrabajo. Cuando se combinan con un sistema de extracci\u00f3n de polvo, nuestros discos de lijado sin polvo ayudan a mantener condiciones de trabajo m\u00e1s limpias y seguras al reducir las part\u00edculas en el aire.<\/span><\/p>\n<p><span style=\"font-weight:400;\">Nuestras herramientas de decapado son compatibles con una amplia gama de aplicaciones, incluyendo trabajos de construcci\u00f3n, reparaci\u00f3n, infraestructura, suelos y revestimientos. CS Unitec se centra en proporcionar a los equipos profesionales equipos que ofrecen resultados consistentes y de alta calidad en cada trabajo.<\/span><\/p>\n","protected":false},"author":2,"featured_media":172625,"parent":172303,"menu_order":0,"comment_status":"closed","ping_status":"closed","template":"","meta":{"footnotes":""},"class_list":["post-172623","page","type-page","status-publish","has-post-thumbnail","hentry"],"yoast_head":"<!-- This site is optimized with the Yoast SEO plugin v27.5 - https:\/\/yoast.com\/product\/yoast-seo-wordpress\/ -->\n<title>M\u00e1quinas decapadoras - CS Unitec<\/title>\n<meta name=\"description\" content=\"M\u00e1quinas decapadoras de calidad profesional dise\u00f1adas para la eliminaci\u00f3n r\u00e1pida y eficaz de suelos, revestimientos, adhesivos y pintura.\" \/>\n<meta name=\"robots\" content=\"index, follow, max-snippet:-1, max-image-preview:large, max-video-preview:-1\" \/>\n<link rel=\"canonical\" href=\"https:\/\/csunitec.com\/es\/productos\/preparacion-de-superficies\/maquinas-decapadoras\/\" \/>\n<meta property=\"og:locale\" content=\"es_ES\" \/>\n<meta property=\"og:type\" content=\"article\" \/>\n<meta property=\"og:title\" content=\"M\u00e1quinas decapadoras - CS Unitec\" \/>\n<meta property=\"og:description\" content=\"M\u00e1quinas decapadoras de calidad profesional dise\u00f1adas para la eliminaci\u00f3n r\u00e1pida y eficaz de suelos, revestimientos, adhesivos y pintura.\" \/>\n<meta property=\"og:url\" content=\"https:\/\/csunitec.com\/es\/productos\/preparacion-de-superficies\/maquinas-decapadoras\/\" \/>\n<meta property=\"og:site_name\" content=\"CS Unitec\" \/>\n<meta property=\"article:modified_time\" content=\"2026-04-26T21:05:27+00:00\" \/>\n<meta property=\"og:image\" content=\"https:\/\/csunitec.com\/wp-content\/uploads\/2026\/02\/SURFACE-PREP-STRIPPERS.jpg\" \/>\n\t<meta property=\"og:image:width\" content=\"2000\" \/>\n\t<meta property=\"og:image:height\" content=\"500\" \/>\n\t<meta property=\"og:image:type\" content=\"image\/jpeg\" \/>\n<meta name=\"twitter:card\" content=\"summary_large_image\" \/>\n<script type=\"application\/ld+json\" class=\"yoast-schema-graph\">{\"@context\":\"https:\\\/\\\/schema.org\",\"@graph\":[{\"@type\":\"WebPage\",\"@id\":\"https:\\\/\\\/csunitec.com\\\/es\\\/productos\\\/preparacion-de-superficies\\\/maquinas-decapadoras\\\/\",\"url\":\"https:\\\/\\\/csunitec.com\\\/es\\\/productos\\\/preparacion-de-superficies\\\/maquinas-decapadoras\\\/\",\"name\":\"M\u00e1quinas decapadoras - CS Unitec\",\"isPartOf\":{\"@id\":\"https:\\\/\\\/csunitec.com\\\/es\\\/#website\"},\"primaryImageOfPage\":{\"@id\":\"https:\\\/\\\/csunitec.com\\\/es\\\/productos\\\/preparacion-de-superficies\\\/maquinas-decapadoras\\\/#primaryimage\"},\"image\":{\"@id\":\"https:\\\/\\\/csunitec.com\\\/es\\\/productos\\\/preparacion-de-superficies\\\/maquinas-decapadoras\\\/#primaryimage\"},\"thumbnailUrl\":\"https:\\\/\\\/csunitec.com\\\/wp-content\\\/uploads\\\/2026\\\/02\\\/SURFACE-PREP-STRIPPERS.jpg\",\"datePublished\":\"2025-08-31T15:25:38+00:00\",\"dateModified\":\"2026-04-26T21:05:27+00:00\",\"description\":\"M\u00e1quinas decapadoras de calidad profesional dise\u00f1adas para la eliminaci\u00f3n r\u00e1pida y eficaz de suelos, revestimientos, adhesivos y pintura.\",\"breadcrumb\":{\"@id\":\"https:\\\/\\\/csunitec.com\\\/es\\\/productos\\\/preparacion-de-superficies\\\/maquinas-decapadoras\\\/#breadcrumb\"},\"inLanguage\":\"es\",\"potentialAction\":[{\"@type\":\"ReadAction\",\"target\":[\"https:\\\/\\\/csunitec.com\\\/es\\\/productos\\\/preparacion-de-superficies\\\/maquinas-decapadoras\\\/\"]}]},{\"@type\":\"ImageObject\",\"inLanguage\":\"es\",\"@id\":\"https:\\\/\\\/csunitec.com\\\/es\\\/productos\\\/preparacion-de-superficies\\\/maquinas-decapadoras\\\/#primaryimage\",\"url\":\"https:\\\/\\\/csunitec.com\\\/wp-content\\\/uploads\\\/2026\\\/02\\\/SURFACE-PREP-STRIPPERS.jpg\",\"contentUrl\":\"https:\\\/\\\/csunitec.com\\\/wp-content\\\/uploads\\\/2026\\\/02\\\/SURFACE-PREP-STRIPPERS.jpg\",\"width\":2000,\"height\":500},{\"@type\":\"BreadcrumbList\",\"@id\":\"https:\\\/\\\/csunitec.com\\\/es\\\/productos\\\/preparacion-de-superficies\\\/maquinas-decapadoras\\\/#breadcrumb\",\"itemListElement\":[{\"@type\":\"ListItem\",\"position\":1,\"name\":\"Inicio\",\"item\":\"https:\\\/\\\/csunitec.com\\\/es\\\/\"},{\"@type\":\"ListItem\",\"position\":2,\"name\":\"Productos\",\"item\":\"https:\\\/\\\/csunitec.com\\\/es\\\/productos\\\/\"},{\"@type\":\"ListItem\",\"position\":3,\"name\":\"Preparaci\u00f3n de superficies\",\"item\":\"https:\\\/\\\/csunitec.com\\\/es\\\/productos\\\/preparacion-de-superficies\\\/\"},{\"@type\":\"ListItem\",\"position\":4,\"name\":\"M\u00e1quinas decapadoras\"}]},{\"@type\":\"WebSite\",\"@id\":\"https:\\\/\\\/csunitec.com\\\/es\\\/#website\",\"url\":\"https:\\\/\\\/csunitec.com\\\/es\\\/\",\"name\":\"CS Unitec\",\"description\":\"\",\"potentialAction\":[{\"@type\":\"SearchAction\",\"target\":{\"@type\":\"EntryPoint\",\"urlTemplate\":\"https:\\\/\\\/csunitec.com\\\/es\\\/?s={search_term_string}\"},\"query-input\":{\"@type\":\"PropertyValueSpecification\",\"valueRequired\":true,\"valueName\":\"search_term_string\"}}],\"inLanguage\":\"es\"}]}<\/script>\n<!-- \/ Yoast SEO plugin. -->","yoast_head_json":{"title":"M\u00e1quinas decapadoras - CS Unitec","description":"M\u00e1quinas decapadoras de calidad profesional dise\u00f1adas para la eliminaci\u00f3n r\u00e1pida y eficaz de suelos, revestimientos, adhesivos y pintura.","robots":{"index":"index","follow":"follow","max-snippet":"max-snippet:-1","max-image-preview":"max-image-preview:large","max-video-preview":"max-video-preview:-1"},"canonical":"https:\/\/csunitec.com\/es\/productos\/preparacion-de-superficies\/maquinas-decapadoras\/","og_locale":"es_ES","og_type":"article","og_title":"M\u00e1quinas decapadoras - CS Unitec","og_description":"M\u00e1quinas decapadoras de calidad profesional dise\u00f1adas para la eliminaci\u00f3n r\u00e1pida y eficaz de suelos, revestimientos, adhesivos y pintura.","og_url":"https:\/\/csunitec.com\/es\/productos\/preparacion-de-superficies\/maquinas-decapadoras\/","og_site_name":"CS Unitec","article_modified_time":"2026-04-26T21:05:27+00:00","og_image":[{"width":2000,"height":500,"url":"https:\/\/csunitec.com\/wp-content\/uploads\/2026\/02\/SURFACE-PREP-STRIPPERS.jpg","type":"image\/jpeg"}],"twitter_card":"summary_large_image","schema":{"@context":"https:\/\/schema.org","@graph":[{"@type":"WebPage","@id":"https:\/\/csunitec.com\/es\/productos\/preparacion-de-superficies\/maquinas-decapadoras\/","url":"https:\/\/csunitec.com\/es\/productos\/preparacion-de-superficies\/maquinas-decapadoras\/","name":"M\u00e1quinas decapadoras - CS Unitec","isPartOf":{"@id":"https:\/\/csunitec.com\/es\/#website"},"primaryImageOfPage":{"@id":"https:\/\/csunitec.com\/es\/productos\/preparacion-de-superficies\/maquinas-decapadoras\/#primaryimage"},"image":{"@id":"https:\/\/csunitec.com\/es\/productos\/preparacion-de-superficies\/maquinas-decapadoras\/#primaryimage"},"thumbnailUrl":"https:\/\/csunitec.com\/wp-content\/uploads\/2026\/02\/SURFACE-PREP-STRIPPERS.jpg","datePublished":"2025-08-31T15:25:38+00:00","dateModified":"2026-04-26T21:05:27+00:00","description":"M\u00e1quinas decapadoras de calidad profesional dise\u00f1adas para la eliminaci\u00f3n r\u00e1pida y eficaz de suelos, revestimientos, adhesivos y pintura.","breadcrumb":{"@id":"https:\/\/csunitec.com\/es\/productos\/preparacion-de-superficies\/maquinas-decapadoras\/#breadcrumb"},"inLanguage":"es","potentialAction":[{"@type":"ReadAction","target":["https:\/\/csunitec.com\/es\/productos\/preparacion-de-superficies\/maquinas-decapadoras\/"]}]},{"@type":"ImageObject","inLanguage":"es","@id":"https:\/\/csunitec.com\/es\/productos\/preparacion-de-superficies\/maquinas-decapadoras\/#primaryimage","url":"https:\/\/csunitec.com\/wp-content\/uploads\/2026\/02\/SURFACE-PREP-STRIPPERS.jpg","contentUrl":"https:\/\/csunitec.com\/wp-content\/uploads\/2026\/02\/SURFACE-PREP-STRIPPERS.jpg","width":2000,"height":500},{"@type":"BreadcrumbList","@id":"https:\/\/csunitec.com\/es\/productos\/preparacion-de-superficies\/maquinas-decapadoras\/#breadcrumb","itemListElement":[{"@type":"ListItem","position":1,"name":"Inicio","item":"https:\/\/csunitec.com\/es\/"},{"@type":"ListItem","position":2,"name":"Productos","item":"https:\/\/csunitec.com\/es\/productos\/"},{"@type":"ListItem","position":3,"name":"Preparaci\u00f3n de superficies","item":"https:\/\/csunitec.com\/es\/productos\/preparacion-de-superficies\/"},{"@type":"ListItem","position":4,"name":"M\u00e1quinas decapadoras"}]},{"@type":"WebSite","@id":"https:\/\/csunitec.com\/es\/#website","url":"https:\/\/csunitec.com\/es\/","name":"CS Unitec","description":"","potentialAction":[{"@type":"SearchAction","target":{"@type":"EntryPoint","urlTemplate":"https:\/\/csunitec.com\/es\/?s={search_term_string}"},"query-input":{"@type":"PropertyValueSpecification","valueRequired":true,"valueName":"search_term_string"}}],"inLanguage":"es"}]}},"_links":{"self":[{"href":"https:\/\/csunitec.com\/es\/wp-json\/wp\/v2\/pages\/172623","targetHints":{"allow":["GET"]}}],"collection":[{"href":"https:\/\/csunitec.com\/es\/wp-json\/wp\/v2\/pages"}],"about":[{"href":"https:\/\/csunitec.com\/es\/wp-json\/wp\/v2\/types\/page"}],"author":[{"embeddable":true,"href":"https:\/\/csunitec.com\/es\/wp-json\/wp\/v2\/users\/2"}],"replies":[{"embeddable":true,"href":"https:\/\/csunitec.com\/es\/wp-json\/wp\/v2\/comments?post=172623"}],"version-history":[{"count":0,"href":"https:\/\/csunitec.com\/es\/wp-json\/wp\/v2\/pages\/172623\/revisions"}],"up":[{"embeddable":true,"href":"https:\/\/csunitec.com\/es\/wp-json\/wp\/v2\/pages\/172303"}],"wp:featuredmedia":[{"embeddable":true,"href":"https:\/\/csunitec.com\/es\/wp-json\/wp\/v2\/media\/172625"}],"wp:attachment":[{"href":"https:\/\/csunitec.com\/es\/wp-json\/wp\/v2\/media?parent=172623"}],"curies":[{"name":"wp","href":"https:\/\/api.w.org\/{rel}","templated":true}]}}