{"id":172626,"date":"2025-08-31T15:39:47","date_gmt":"2025-08-31T15:39:47","guid":{"rendered":"https:\/\/stgcsunitec.wpenginepowered.com\/preparacion-de-superficies\/herramientas-de-decapado\/"},"modified":"2026-04-27T19:16:08","modified_gmt":"2026-04-27T23:16:08","slug":"herramientas-de-decapado","status":"publish","type":"page","link":"https:\/\/csunitec.com\/es\/productos\/preparacion-de-superficies\/herramientas-de-decapado\/","title":{"rendered":"Herramientas de decapado"},"content":{"rendered":"<div class=\"facetwp-template\" data-name=\"products_surface_preparation_stripping_tools\"><div class=\"fwpl-layout el-8w2k4\"><\/div>\n<style>\n.fwpl-layout, .fwpl-row {\n    display: grid;\n}\n.fwpl-layout.el-8w2k4 {\n    grid-template-columns: repeat(3, 1fr);\n    grid-gap: 10px;\n}\n.fwpl-btn {\n    text-decoration: none;\n}\n@media (max-width: 480px) { \n    body .facetwp-template .fwpl-layout,  \n    body .facetwp-template-static .fwpl-layout { grid-template-columns: 1fr; } \n} \n\n<\/style>\n<\/div>\n","protected":false},"excerpt":{"rendered":"<h3>Amplia gama de opciones para el corte port\u00e1til de tuber\u00edas, metales, acero estructural, tanques y otros materiales.<\/h3>\n<p>CS Unitec ofrece una variedad de sierras de sable port\u00e1tiles. Con nuestras sierras de corte en fr\u00edo para trabajos pesados, podr\u00e1 cortar tuber\u00edas de hasta 30\u201d de di\u00e1metro exterior, metales, acero estructural, hierro fundido, tanques y otros materiales duros. Nuestras sierras de sable port\u00e1tiles de alto rendimiento est\u00e1n disponibles con accionamiento neum\u00e1tico (aire), hidr\u00e1ulico y el\u00e9ctrico. Estas sierras para corte de tuber\u00edas y acero son ideales para trabajar en espacios peque\u00f1os y reducidos. Con longitudes de carrera de 2-3\/8\u201d y mordazas opcionales para tuber\u00edas con avance manual o autom\u00e1tico, nuestras sierras de sable port\u00e1tiles cortan de forma m\u00e1s r\u00e1pida y precisa.    <\/p>\n","protected":false},"author":2,"featured_media":170257,"parent":172303,"menu_order":0,"comment_status":"closed","ping_status":"closed","template":"","meta":{"footnotes":""},"class_list":["post-172626","page","type-page","status-publish","has-post-thumbnail","hentry"],"yoast_head":"<!-- This site is optimized with the Yoast SEO plugin v27.5 - https:\/\/yoast.com\/product\/yoast-seo-wordpress\/ -->\n<title>Herramientas de decapado - CS Unitec<\/title>\n<meta name=\"robots\" content=\"index, follow, max-snippet:-1, max-image-preview:large, max-video-preview:-1\" \/>\n<link rel=\"canonical\" href=\"https:\/\/csunitec.com\/es\/productos\/preparacion-de-superficies\/herramientas-de-decapado\/\" \/>\n<meta property=\"og:locale\" content=\"es_ES\" \/>\n<meta property=\"og:type\" content=\"article\" \/>\n<meta property=\"og:title\" content=\"Herramientas de decapado - CS Unitec\" \/>\n<meta property=\"og:description\" content=\"Amplia gama de opciones para el corte port\u00e1til de tuber\u00edas, metales, acero estructural, tanques y otros materiales. CS Unitec ofrece una variedad de sierras de sable port\u00e1tiles. Con nuestras sierras de corte en fr\u00edo para trabajos pesados, podr\u00e1 cortar tuber\u00edas de hasta 30\u201d de di\u00e1metro exterior, metales, acero estructural, hierro fundido, tanques y otros materiales duros. Nuestras sierras de sable port\u00e1tiles de alto rendimiento est\u00e1n disponibles con accionamiento neum\u00e1tico (aire), hidr\u00e1ulico y el\u00e9ctrico. Estas sierras para corte de tuber\u00edas y acero son ideales para trabajar en espacios peque\u00f1os y reducidos. Con longitudes de carrera de 2-3\/8\u201d y mordazas opcionales para tuber\u00edas con avance manual o autom\u00e1tico, nuestras sierras de sable port\u00e1tiles cortan de forma m\u00e1s r\u00e1pida y precisa.\" \/>\n<meta property=\"og:url\" content=\"https:\/\/csunitec.com\/es\/productos\/preparacion-de-superficies\/herramientas-de-decapado\/\" \/>\n<meta property=\"og:site_name\" content=\"CS Unitec\" \/>\n<meta property=\"article:modified_time\" content=\"2026-04-27T23:16:08+00:00\" \/>\n<meta property=\"og:image\" content=\"https:\/\/csunitec.com\/wp-content\/uploads\/2025\/07\/products-saws-1.jpg\" \/>\n\t<meta property=\"og:image:width\" content=\"1920\" \/>\n\t<meta property=\"og:image:height\" content=\"1080\" \/>\n\t<meta property=\"og:image:type\" content=\"image\/jpeg\" \/>\n<meta name=\"twitter:card\" content=\"summary_large_image\" \/>\n<script type=\"application\/ld+json\" class=\"yoast-schema-graph\">{\"@context\":\"https:\\\/\\\/schema.org\",\"@graph\":[{\"@type\":\"WebPage\",\"@id\":\"https:\\\/\\\/csunitec.com\\\/es\\\/productos\\\/preparacion-de-superficies\\\/herramientas-de-decapado\\\/\",\"url\":\"https:\\\/\\\/csunitec.com\\\/es\\\/productos\\\/preparacion-de-superficies\\\/herramientas-de-decapado\\\/\",\"name\":\"Herramientas de decapado - CS Unitec\",\"isPartOf\":{\"@id\":\"https:\\\/\\\/csunitec.com\\\/es\\\/#website\"},\"primaryImageOfPage\":{\"@id\":\"https:\\\/\\\/csunitec.com\\\/es\\\/productos\\\/preparacion-de-superficies\\\/herramientas-de-decapado\\\/#primaryimage\"},\"image\":{\"@id\":\"https:\\\/\\\/csunitec.com\\\/es\\\/productos\\\/preparacion-de-superficies\\\/herramientas-de-decapado\\\/#primaryimage\"},\"thumbnailUrl\":\"https:\\\/\\\/csunitec.com\\\/wp-content\\\/uploads\\\/2025\\\/07\\\/products-saws-1.jpg\",\"datePublished\":\"2025-08-31T15:39:47+00:00\",\"dateModified\":\"2026-04-27T23:16:08+00:00\",\"breadcrumb\":{\"@id\":\"https:\\\/\\\/csunitec.com\\\/es\\\/productos\\\/preparacion-de-superficies\\\/herramientas-de-decapado\\\/#breadcrumb\"},\"inLanguage\":\"es\",\"potentialAction\":[{\"@type\":\"ReadAction\",\"target\":[\"https:\\\/\\\/csunitec.com\\\/es\\\/productos\\\/preparacion-de-superficies\\\/herramientas-de-decapado\\\/\"]}]},{\"@type\":\"ImageObject\",\"inLanguage\":\"es\",\"@id\":\"https:\\\/\\\/csunitec.com\\\/es\\\/productos\\\/preparacion-de-superficies\\\/herramientas-de-decapado\\\/#primaryimage\",\"url\":\"https:\\\/\\\/csunitec.com\\\/wp-content\\\/uploads\\\/2025\\\/07\\\/products-saws-1.jpg\",\"contentUrl\":\"https:\\\/\\\/csunitec.com\\\/wp-content\\\/uploads\\\/2025\\\/07\\\/products-saws-1.jpg\",\"width\":1920,\"height\":1080},{\"@type\":\"BreadcrumbList\",\"@id\":\"https:\\\/\\\/csunitec.com\\\/es\\\/productos\\\/preparacion-de-superficies\\\/herramientas-de-decapado\\\/#breadcrumb\",\"itemListElement\":[{\"@type\":\"ListItem\",\"position\":1,\"name\":\"Inicio\",\"item\":\"https:\\\/\\\/csunitec.com\\\/es\\\/\"},{\"@type\":\"ListItem\",\"position\":2,\"name\":\"Productos\",\"item\":\"https:\\\/\\\/csunitec.com\\\/es\\\/productos\\\/\"},{\"@type\":\"ListItem\",\"position\":3,\"name\":\"Preparaci\u00f3n de superficies\",\"item\":\"https:\\\/\\\/csunitec.com\\\/es\\\/productos\\\/preparacion-de-superficies\\\/\"},{\"@type\":\"ListItem\",\"position\":4,\"name\":\"Herramientas de decapado\"}]},{\"@type\":\"WebSite\",\"@id\":\"https:\\\/\\\/csunitec.com\\\/es\\\/#website\",\"url\":\"https:\\\/\\\/csunitec.com\\\/es\\\/\",\"name\":\"CS Unitec\",\"description\":\"\",\"potentialAction\":[{\"@type\":\"SearchAction\",\"target\":{\"@type\":\"EntryPoint\",\"urlTemplate\":\"https:\\\/\\\/csunitec.com\\\/es\\\/?s={search_term_string}\"},\"query-input\":{\"@type\":\"PropertyValueSpecification\",\"valueRequired\":true,\"valueName\":\"search_term_string\"}}],\"inLanguage\":\"es\"}]}<\/script>\n<!-- \/ Yoast SEO plugin. -->","yoast_head_json":{"title":"Herramientas de decapado - CS Unitec","robots":{"index":"index","follow":"follow","max-snippet":"max-snippet:-1","max-image-preview":"max-image-preview:large","max-video-preview":"max-video-preview:-1"},"canonical":"https:\/\/csunitec.com\/es\/productos\/preparacion-de-superficies\/herramientas-de-decapado\/","og_locale":"es_ES","og_type":"article","og_title":"Herramientas de decapado - CS Unitec","og_description":"Amplia gama de opciones para el corte port\u00e1til de tuber\u00edas, metales, acero estructural, tanques y otros materiales. CS Unitec ofrece una variedad de sierras de sable port\u00e1tiles. Con nuestras sierras de corte en fr\u00edo para trabajos pesados, podr\u00e1 cortar tuber\u00edas de hasta 30\u201d de di\u00e1metro exterior, metales, acero estructural, hierro fundido, tanques y otros materiales duros. Nuestras sierras de sable port\u00e1tiles de alto rendimiento est\u00e1n disponibles con accionamiento neum\u00e1tico (aire), hidr\u00e1ulico y el\u00e9ctrico. Estas sierras para corte de tuber\u00edas y acero son ideales para trabajar en espacios peque\u00f1os y reducidos. Con longitudes de carrera de 2-3\/8\u201d y mordazas opcionales para tuber\u00edas con avance manual o autom\u00e1tico, nuestras sierras de sable port\u00e1tiles cortan de forma m\u00e1s r\u00e1pida y precisa.","og_url":"https:\/\/csunitec.com\/es\/productos\/preparacion-de-superficies\/herramientas-de-decapado\/","og_site_name":"CS Unitec","article_modified_time":"2026-04-27T23:16:08+00:00","og_image":[{"width":1920,"height":1080,"url":"https:\/\/csunitec.com\/wp-content\/uploads\/2025\/07\/products-saws-1.jpg","type":"image\/jpeg"}],"twitter_card":"summary_large_image","schema":{"@context":"https:\/\/schema.org","@graph":[{"@type":"WebPage","@id":"https:\/\/csunitec.com\/es\/productos\/preparacion-de-superficies\/herramientas-de-decapado\/","url":"https:\/\/csunitec.com\/es\/productos\/preparacion-de-superficies\/herramientas-de-decapado\/","name":"Herramientas de decapado - CS Unitec","isPartOf":{"@id":"https:\/\/csunitec.com\/es\/#website"},"primaryImageOfPage":{"@id":"https:\/\/csunitec.com\/es\/productos\/preparacion-de-superficies\/herramientas-de-decapado\/#primaryimage"},"image":{"@id":"https:\/\/csunitec.com\/es\/productos\/preparacion-de-superficies\/herramientas-de-decapado\/#primaryimage"},"thumbnailUrl":"https:\/\/csunitec.com\/wp-content\/uploads\/2025\/07\/products-saws-1.jpg","datePublished":"2025-08-31T15:39:47+00:00","dateModified":"2026-04-27T23:16:08+00:00","breadcrumb":{"@id":"https:\/\/csunitec.com\/es\/productos\/preparacion-de-superficies\/herramientas-de-decapado\/#breadcrumb"},"inLanguage":"es","potentialAction":[{"@type":"ReadAction","target":["https:\/\/csunitec.com\/es\/productos\/preparacion-de-superficies\/herramientas-de-decapado\/"]}]},{"@type":"ImageObject","inLanguage":"es","@id":"https:\/\/csunitec.com\/es\/productos\/preparacion-de-superficies\/herramientas-de-decapado\/#primaryimage","url":"https:\/\/csunitec.com\/wp-content\/uploads\/2025\/07\/products-saws-1.jpg","contentUrl":"https:\/\/csunitec.com\/wp-content\/uploads\/2025\/07\/products-saws-1.jpg","width":1920,"height":1080},{"@type":"BreadcrumbList","@id":"https:\/\/csunitec.com\/es\/productos\/preparacion-de-superficies\/herramientas-de-decapado\/#breadcrumb","itemListElement":[{"@type":"ListItem","position":1,"name":"Inicio","item":"https:\/\/csunitec.com\/es\/"},{"@type":"ListItem","position":2,"name":"Productos","item":"https:\/\/csunitec.com\/es\/productos\/"},{"@type":"ListItem","position":3,"name":"Preparaci\u00f3n de superficies","item":"https:\/\/csunitec.com\/es\/productos\/preparacion-de-superficies\/"},{"@type":"ListItem","position":4,"name":"Herramientas de decapado"}]},{"@type":"WebSite","@id":"https:\/\/csunitec.com\/es\/#website","url":"https:\/\/csunitec.com\/es\/","name":"CS Unitec","description":"","potentialAction":[{"@type":"SearchAction","target":{"@type":"EntryPoint","urlTemplate":"https:\/\/csunitec.com\/es\/?s={search_term_string}"},"query-input":{"@type":"PropertyValueSpecification","valueRequired":true,"valueName":"search_term_string"}}],"inLanguage":"es"}]}},"_links":{"self":[{"href":"https:\/\/csunitec.com\/es\/wp-json\/wp\/v2\/pages\/172626","targetHints":{"allow":["GET"]}}],"collection":[{"href":"https:\/\/csunitec.com\/es\/wp-json\/wp\/v2\/pages"}],"about":[{"href":"https:\/\/csunitec.com\/es\/wp-json\/wp\/v2\/types\/page"}],"author":[{"embeddable":true,"href":"https:\/\/csunitec.com\/es\/wp-json\/wp\/v2\/users\/2"}],"replies":[{"embeddable":true,"href":"https:\/\/csunitec.com\/es\/wp-json\/wp\/v2\/comments?post=172626"}],"version-history":[{"count":0,"href":"https:\/\/csunitec.com\/es\/wp-json\/wp\/v2\/pages\/172626\/revisions"}],"up":[{"embeddable":true,"href":"https:\/\/csunitec.com\/es\/wp-json\/wp\/v2\/pages\/172303"}],"wp:featuredmedia":[{"embeddable":true,"href":"https:\/\/csunitec.com\/es\/wp-json\/wp\/v2\/media\/170257"}],"wp:attachment":[{"href":"https:\/\/csunitec.com\/es\/wp-json\/wp\/v2\/media?parent=172626"}],"curies":[{"name":"wp","href":"https:\/\/api.w.org\/{rel}","templated":true}]}}