{"id":172702,"date":"2025-03-31T20:00:12","date_gmt":"2025-03-31T20:00:12","guid":{"rendered":"https:\/\/stgcsunitec.wpenginepowered.com\/recursos\/"},"modified":"2026-04-26T17:07:01","modified_gmt":"2026-04-26T21:07:01","slug":"recursos","status":"publish","type":"page","link":"https:\/\/csunitec.com\/es\/recursos\/","title":{"rendered":"Recursos"},"content":{"rendered":"<div class=\"wpb-content-wrapper\"><p>[vc_row unlock_row_content=\u00bbyes\u00bb row_height_percent=\u00bb0&#8243; override_padding=\u00bbyes\u00bb h_padding=\u00bb3&#8243; top_padding=\u00bb3&#8243; bottom_padding=\u00bb3&#8243; back_color=\u00bbcolor-gyho\u00bb overlay_alpha=\u00bb100&#8243; gutter_size=\u00bb100&#8243; column_width_percent=\u00bb100&#8243; shift_y=\u00bb0&#8243; z_index=\u00bb0&#8243; style=\u00bbinherited\u00bb][vc_column column_width_percent=\u00bb100&#8243; position_horizontal=\u00bbleft\u00bb gutter_size=\u00bb3&#8243; overlay_alpha=\u00bb100&#8243; shift_x=\u00bb0&#8243; shift_y=\u00bb0&#8243; medium_width=\u00bb0&#8243; zoom_width=\u00bb0&#8243; zoom_height=\u00bb0&#8243; width=\u00bb1\/1&#8243;][uncode_index el_id=\u00bbindex-17465098822&#8243; loop=\u00bbsize:15|order_by:date|post_type:post|categories:844,745,753,751,845,843|taxonomy_count:10&#8243; screen_lg=\u00bb1480&#8243; screen_md=\u00bb1000&#8243; screen_sm=\u00bb480&#8243; filtering=\u00bbyes\u00bb filter_style=\u00bbdark\u00bb filter_typography=\u00bbinherit\u00bb filtering_uppercase=\u00bbyes\u00bb filter_back_color=\u00bbcolor-wvjs\u00bb filtering_position=\u00bbcenter\u00bb filter_all_opposite=\u00bbyes\u00bb gutter_size=\u00bb2&#8243; post_items=\u00bbmedia|secondary|onpost|original,title,text|excerpt|140,sep-one|extra,icon|sm,category|nobg|relative|display-icon\u00bb page_items=\u00bbtitle,media,text,category\u00bb product_items=\u00bbtitle,media,text,category,price\u00bb portfolio_items=\u00bbtitle,media,text,category\u00bb pagination=\u00bbyes\u00bb single_width=\u00bb2&#8243; images_size=\u00bbthree-two\u00bb single_back_color=\u00bbcolor-xsdn\u00bb single_overlay_opacity=\u00bb50&#8243; single_text_anim=\u00bbno\u00bb single_image_color_anim=\u00bbyes\u00bb single_padding=\u00bb2&#8243; single_title_dimension=\u00bbh5&#8243; single_border=\u00bbyes\u00bb single_half_padding=\u00bb\u00bb single_title_uppercase=\u00bb\u00bb single_title_bold=\u00bbyes\u00bb single_title_serif=\u00bb\u00bb single_title_divider=\u00bb\u00bb single_no_background=\u00bb\u00bb footer_position=\u00bbleft\u00bb carousel_rtl=\u00bb\u00bb single_icon=\u00bbfa fa-plus2&#8243; items=\u00bbeyIyNDg5X2kiOnsic2luZ2xlX3dpZHRoIjoiNiJ9fQ==\u00bb filtering_transform=\u00bbuppercase\u00bb uncode_shortcode_id=\u00bb112171&#8243; filter_back_color_type=\u00bbuncode-palette\u00bb][\/vc_column][\/vc_row]<\/p>\n<\/div>","protected":false},"excerpt":{"rendered":"<p>[vc_row unlock_row_content=\u00bbyes\u00bb row_height_percent=\u00bb0&#8243; override_padding=\u00bbyes\u00bb h_padding=\u00bb3&#8243; top_padding=\u00bb3&#8243; bottom_padding=\u00bb3&#8243; back_color=\u00bbcolor-gyho\u00bb overlay_alpha=\u00bb100&#8243; gutter_size=\u00bb100&#8243; column_width_percent=\u00bb100&#8243; shift_y=\u00bb0&#8243; z_index=\u00bb0&#8243; style=\u00bbinherited\u00bb][vc_column column_width_percent=\u00bb100&#8243; position_horizontal=\u00bbleft\u00bb gutter_size=\u00bb3&#8243; overlay_alpha=\u00bb100&#8243; shift_x=\u00bb0&#8243; shift_y=\u00bb0&#8243; [&hellip;]<\/p>\n","protected":false},"author":2,"featured_media":172704,"parent":0,"menu_order":0,"comment_status":"closed","ping_status":"closed","template":"","meta":{"footnotes":""},"class_list":["post-172702","page","type-page","status-publish","has-post-thumbnail","hentry"],"yoast_head":"<!-- This site is optimized with the Yoast SEO plugin v27.5 - https:\/\/yoast.com\/product\/yoast-seo-wordpress\/ -->\n<title>Recursos - CS Unitec<\/title>\n<meta name=\"description\" content=\"Accede a los recursos de CS Unitec para obtener manuales, gu\u00edas y mucho m\u00e1s sobre herramientas el\u00e9ctricas industriales que te ayudar\u00e1n a trabajar de forma segura y eficaz.\" \/>\n<meta name=\"robots\" content=\"index, follow, max-snippet:-1, max-image-preview:large, max-video-preview:-1\" \/>\n<link rel=\"canonical\" href=\"https:\/\/csunitec.com\/es\/recursos\/\" \/>\n<meta property=\"og:locale\" content=\"es_ES\" \/>\n<meta property=\"og:type\" content=\"article\" \/>\n<meta property=\"og:title\" content=\"Recursos - CS Unitec\" \/>\n<meta property=\"og:description\" content=\"Accede a los recursos de CS Unitec para obtener manuales, gu\u00edas y mucho m\u00e1s sobre herramientas el\u00e9ctricas industriales que te ayudar\u00e1n a trabajar de forma segura y eficaz.\" \/>\n<meta property=\"og:url\" content=\"https:\/\/csunitec.com\/es\/recursos\/\" \/>\n<meta property=\"og:site_name\" content=\"CS Unitec\" \/>\n<meta property=\"article:modified_time\" content=\"2026-04-26T21:07:01+00:00\" \/>\n<meta property=\"og:image\" content=\"https:\/\/csunitec.com\/wp-content\/uploads\/2025\/04\/Metalworking-header.jpg\" \/>\n\t<meta property=\"og:image:width\" content=\"2000\" \/>\n\t<meta property=\"og:image:height\" content=\"500\" \/>\n\t<meta property=\"og:image:type\" content=\"image\/jpeg\" \/>\n<meta name=\"twitter:card\" content=\"summary_large_image\" \/>\n<meta name=\"twitter:label1\" content=\"Tiempo de lectura\" \/>\n\t<meta name=\"twitter:data1\" content=\"1 minuto\" \/>\n<script type=\"application\/ld+json\" class=\"yoast-schema-graph\">{\"@context\":\"https:\\\/\\\/schema.org\",\"@graph\":[{\"@type\":\"WebPage\",\"@id\":\"https:\\\/\\\/csunitec.com\\\/es\\\/recursos\\\/\",\"url\":\"https:\\\/\\\/csunitec.com\\\/es\\\/recursos\\\/\",\"name\":\"Recursos - CS Unitec\",\"isPartOf\":{\"@id\":\"https:\\\/\\\/csunitec.com\\\/es\\\/#website\"},\"primaryImageOfPage\":{\"@id\":\"https:\\\/\\\/csunitec.com\\\/es\\\/recursos\\\/#primaryimage\"},\"image\":{\"@id\":\"https:\\\/\\\/csunitec.com\\\/es\\\/recursos\\\/#primaryimage\"},\"thumbnailUrl\":\"https:\\\/\\\/csunitec.com\\\/wp-content\\\/uploads\\\/2025\\\/04\\\/Metalworking-header.jpg\",\"datePublished\":\"2025-03-31T20:00:12+00:00\",\"dateModified\":\"2026-04-26T21:07:01+00:00\",\"description\":\"Accede a los recursos de CS Unitec para obtener manuales, gu\u00edas y mucho m\u00e1s sobre herramientas el\u00e9ctricas industriales que te ayudar\u00e1n a trabajar de forma segura y eficaz.\",\"breadcrumb\":{\"@id\":\"https:\\\/\\\/csunitec.com\\\/es\\\/recursos\\\/#breadcrumb\"},\"inLanguage\":\"es\",\"potentialAction\":[{\"@type\":\"ReadAction\",\"target\":[\"https:\\\/\\\/csunitec.com\\\/es\\\/recursos\\\/\"]}]},{\"@type\":\"ImageObject\",\"inLanguage\":\"es\",\"@id\":\"https:\\\/\\\/csunitec.com\\\/es\\\/recursos\\\/#primaryimage\",\"url\":\"https:\\\/\\\/csunitec.com\\\/wp-content\\\/uploads\\\/2025\\\/04\\\/Metalworking-header.jpg\",\"contentUrl\":\"https:\\\/\\\/csunitec.com\\\/wp-content\\\/uploads\\\/2025\\\/04\\\/Metalworking-header.jpg\",\"width\":2000,\"height\":500},{\"@type\":\"BreadcrumbList\",\"@id\":\"https:\\\/\\\/csunitec.com\\\/es\\\/recursos\\\/#breadcrumb\",\"itemListElement\":[{\"@type\":\"ListItem\",\"position\":1,\"name\":\"Inicio\",\"item\":\"https:\\\/\\\/csunitec.com\\\/es\\\/\"},{\"@type\":\"ListItem\",\"position\":2,\"name\":\"Recursos\"}]},{\"@type\":\"WebSite\",\"@id\":\"https:\\\/\\\/csunitec.com\\\/es\\\/#website\",\"url\":\"https:\\\/\\\/csunitec.com\\\/es\\\/\",\"name\":\"CS Unitec\",\"description\":\"\",\"potentialAction\":[{\"@type\":\"SearchAction\",\"target\":{\"@type\":\"EntryPoint\",\"urlTemplate\":\"https:\\\/\\\/csunitec.com\\\/es\\\/?s={search_term_string}\"},\"query-input\":{\"@type\":\"PropertyValueSpecification\",\"valueRequired\":true,\"valueName\":\"search_term_string\"}}],\"inLanguage\":\"es\"}]}<\/script>\n<!-- \/ Yoast SEO plugin. -->","yoast_head_json":{"title":"Recursos - CS Unitec","description":"Accede a los recursos de CS Unitec para obtener manuales, gu\u00edas y mucho m\u00e1s sobre herramientas el\u00e9ctricas industriales que te ayudar\u00e1n a trabajar de forma segura y eficaz.","robots":{"index":"index","follow":"follow","max-snippet":"max-snippet:-1","max-image-preview":"max-image-preview:large","max-video-preview":"max-video-preview:-1"},"canonical":"https:\/\/csunitec.com\/es\/recursos\/","og_locale":"es_ES","og_type":"article","og_title":"Recursos - CS Unitec","og_description":"Accede a los recursos de CS Unitec para obtener manuales, gu\u00edas y mucho m\u00e1s sobre herramientas el\u00e9ctricas industriales que te ayudar\u00e1n a trabajar de forma segura y eficaz.","og_url":"https:\/\/csunitec.com\/es\/recursos\/","og_site_name":"CS Unitec","article_modified_time":"2026-04-26T21:07:01+00:00","og_image":[{"width":2000,"height":500,"url":"https:\/\/csunitec.com\/wp-content\/uploads\/2025\/04\/Metalworking-header.jpg","type":"image\/jpeg"}],"twitter_card":"summary_large_image","twitter_misc":{"Tiempo de lectura":"1 minuto"},"schema":{"@context":"https:\/\/schema.org","@graph":[{"@type":"WebPage","@id":"https:\/\/csunitec.com\/es\/recursos\/","url":"https:\/\/csunitec.com\/es\/recursos\/","name":"Recursos - CS Unitec","isPartOf":{"@id":"https:\/\/csunitec.com\/es\/#website"},"primaryImageOfPage":{"@id":"https:\/\/csunitec.com\/es\/recursos\/#primaryimage"},"image":{"@id":"https:\/\/csunitec.com\/es\/recursos\/#primaryimage"},"thumbnailUrl":"https:\/\/csunitec.com\/wp-content\/uploads\/2025\/04\/Metalworking-header.jpg","datePublished":"2025-03-31T20:00:12+00:00","dateModified":"2026-04-26T21:07:01+00:00","description":"Accede a los recursos de CS Unitec para obtener manuales, gu\u00edas y mucho m\u00e1s sobre herramientas el\u00e9ctricas industriales que te ayudar\u00e1n a trabajar de forma segura y eficaz.","breadcrumb":{"@id":"https:\/\/csunitec.com\/es\/recursos\/#breadcrumb"},"inLanguage":"es","potentialAction":[{"@type":"ReadAction","target":["https:\/\/csunitec.com\/es\/recursos\/"]}]},{"@type":"ImageObject","inLanguage":"es","@id":"https:\/\/csunitec.com\/es\/recursos\/#primaryimage","url":"https:\/\/csunitec.com\/wp-content\/uploads\/2025\/04\/Metalworking-header.jpg","contentUrl":"https:\/\/csunitec.com\/wp-content\/uploads\/2025\/04\/Metalworking-header.jpg","width":2000,"height":500},{"@type":"BreadcrumbList","@id":"https:\/\/csunitec.com\/es\/recursos\/#breadcrumb","itemListElement":[{"@type":"ListItem","position":1,"name":"Inicio","item":"https:\/\/csunitec.com\/es\/"},{"@type":"ListItem","position":2,"name":"Recursos"}]},{"@type":"WebSite","@id":"https:\/\/csunitec.com\/es\/#website","url":"https:\/\/csunitec.com\/es\/","name":"CS Unitec","description":"","potentialAction":[{"@type":"SearchAction","target":{"@type":"EntryPoint","urlTemplate":"https:\/\/csunitec.com\/es\/?s={search_term_string}"},"query-input":{"@type":"PropertyValueSpecification","valueRequired":true,"valueName":"search_term_string"}}],"inLanguage":"es"}]}},"_links":{"self":[{"href":"https:\/\/csunitec.com\/es\/wp-json\/wp\/v2\/pages\/172702","targetHints":{"allow":["GET"]}}],"collection":[{"href":"https:\/\/csunitec.com\/es\/wp-json\/wp\/v2\/pages"}],"about":[{"href":"https:\/\/csunitec.com\/es\/wp-json\/wp\/v2\/types\/page"}],"author":[{"embeddable":true,"href":"https:\/\/csunitec.com\/es\/wp-json\/wp\/v2\/users\/2"}],"replies":[{"embeddable":true,"href":"https:\/\/csunitec.com\/es\/wp-json\/wp\/v2\/comments?post=172702"}],"version-history":[{"count":0,"href":"https:\/\/csunitec.com\/es\/wp-json\/wp\/v2\/pages\/172702\/revisions"}],"wp:featuredmedia":[{"embeddable":true,"href":"https:\/\/csunitec.com\/es\/wp-json\/wp\/v2\/media\/172704"}],"wp:attachment":[{"href":"https:\/\/csunitec.com\/es\/wp-json\/wp\/v2\/media?parent=172702"}],"curies":[{"name":"wp","href":"https:\/\/api.w.org\/{rel}","templated":true}]}}