{"id":172733,"date":"2025-03-31T19:45:44","date_gmt":"2025-03-31T19:45:44","guid":{"rendered":"https:\/\/stgcsunitec.wpenginepowered.com\/fds\/"},"modified":"2026-03-05T17:44:05","modified_gmt":"2026-03-05T17:44:05","slug":"fds","status":"publish","type":"page","link":"https:\/\/csunitec.com\/es\/fds\/","title":{"rendered":"FDS"},"content":{"rendered":"<div class=\"wpb-content-wrapper\">[vc_row][vc_column width=\u00bb2\/3&#8243;][vc_column_text uncode_shortcode_id=\u00bb450765&#8243;]\n<h2>FDS &#8211; Fichas de Datos de Seguridad<\/h2>\n<p><a href=\"https:\/\/csunitec.wpenginepowered.com\/wp-content\/uploads\/2024\/11\/SDS-Zirconium-Belts.pdf\" target=\"_blank\" rel=\"noopener\" type=\"application\/pdf; length=121669\">FDS: Bandas abrasivas de circonio (PDF)<\/a><\/p>\n<p><a href=\"https:\/\/csunitec.wpenginepowered.com\/wp-content\/uploads\/2024\/11\/SDS-Ceramic-Belts.pdf\" target=\"_blank\" rel=\"noopener\" type=\"application\/pdf; length=920384\">FDS: Bandas abrasivas cer\u00e1micas (PDF)<\/a><\/p>\n<p><a href=\"https:\/\/csunitec.wpenginepowered.com\/wp-content\/uploads\/2024\/12\/SDS-Plantex.pdf\" target=\"_blank\" rel=\"noopener\" type=\"application\/pdf; length=571134\">FDS: DISCOS PLANTEX\u00ae (PDF)<\/a><\/p>\n<p><a href=\"https:\/\/csunitec.wpenginepowered.com\/wp-content\/uploads\/2024\/11\/SDS-Poly-Magic-Wheel.pdf\" target=\"_blank\" rel=\"noopener\" type=\"application\/pdf; length=1372646\">FDS: POLY-MAGIC-WHEEL<\/a><\/p>\n<p><a href=\"https:\/\/csunitec.wpenginepowered.com\/wp-content\/uploads\/2024\/11\/SDS-Magnum-Fleece-1.pdf\" target=\"_blank\" rel=\"noopener\" type=\"application\/pdf; length=1015150\">FDS: Discos Magnum Fleece Top<\/a><\/p>\n<p><a href=\"https:\/\/csunitec.wpenginepowered.com\/wp-content\/uploads\/2024\/11\/SDS-Magnum-Clean.pdf\" target=\"_blank\" rel=\"noopener\" type=\"application\/pdf; length=197913\">FDS: MAGNUM\u00ae CLEAN (PDF)<\/a><\/p>\n<p><a href=\"https:\/\/csunitec.wpenginepowered.com\/wp-content\/uploads\/2024\/11\/SDS-Zirconium-Discs.pdf\" target=\"_blank\" rel=\"noopener\" type=\"application\/pdf; length=822361\">FDS: Disco de circonio FIX<\/a><\/p>\n<p><a href=\"https:\/\/csunitec.wpenginepowered.com\/wp-content\/uploads\/2024\/12\/SDS-ZHS-400.pdf\" target=\"_blank\" rel=\"noopener\" type=\"application\/pdf; length=955191\">FDS: ZHS 400 (PDF)<\/a><\/p>\n<p><a href=\"https:\/\/csunitec.wpenginepowered.com\/wp-content\/uploads\/2024\/12\/SDS-Tiger-Shark.pdf\" target=\"_blank\" rel=\"noopener\" type=\"application\/pdf; length=493229\">FDS: Discos de l\u00e1minas TIGER SHARK PLANTEX (PDF)<\/a><\/p>\n<p><a href=\"https:\/\/csunitec.wpenginepowered.com\/wp-content\/uploads\/2024\/12\/SDS-Smart-Fiber-Wheels.pdf\" target=\"_blank\" rel=\"noopener\" type=\"application\/pdf; length=341544\">FDS: Ruedas de fibra POLY-PTX Eco Smart (PDF)<\/a><\/p>\n<p><a href=\"https:\/\/csunitec.wpenginepowered.com\/wp-content\/uploads\/2024\/12\/SDS-Bristle-Wheels.pdf\" target=\"_blank\" rel=\"noopener\" type=\"application\/pdf; length=348384\">FDS: Ruedas de cerdas POLY-PTX Eco Smart (PDF)<\/a><\/p>\n<p><a href=\"https:\/\/csunitec.wpenginepowered.com\/wp-content\/uploads\/2024\/11\/SDS-Wire-Wheels.pdf\" target=\"_blank\" rel=\"noopener\" type=\"application\/pdf; length=2389994\">FDS: Ruedas de alambre trenzado POLY-PTX Eco Smart (PDF)<\/a><\/p>\n<p><a href=\"https:\/\/csunitec.wpenginepowered.com\/wp-content\/uploads\/2024\/11\/SDS-Zirconium-Belts.pdf\" target=\"_blank\" rel=\"noopener\" type=\"application\/pdf; length=100595\">FDS: Banda de lijado de circonio (PDF)<\/a><\/p>\n<p><a href=\"https:\/\/csunitec.wpenginepowered.com\/wp-content\/uploads\/2024\/12\/SDS-Fleece-Wheels.pdf\" target=\"_blank\" rel=\"noopener\" type=\"application\/pdf; length=1946164\">FDS: Rueda POLY-PTX MIX_Rueda de vell\u00f3n_Rueda Fleece Top (PDF)<\/a><\/p>\n<p><a href=\"https:\/\/csunitec.wpenginepowered.com\/wp-content\/uploads\/2024\/12\/SDS-TZ-Pyramid.pdf\" target=\"_blank\" rel=\"noopener\" type=\"application\/pdf; length=125373\">FDS: TZ Pyramid (PDF)<\/a><\/p>\n<p><a href=\"https:\/\/csunitec.wpenginepowered.com\/wp-content\/uploads\/2024\/12\/SDS-Trimtex.pdf\" target=\"_blank\" rel=\"noopener\" type=\"application\/pdf; length=109631\">FDS: Discos de l\u00e1minas TRIMTEX (PDF)<\/a><\/p>\n<p><a href=\"https:\/\/csunitec.wpenginepowered.com\/wp-content\/uploads\/2024\/11\/SDS-SuperPolish.pdf\" target=\"_blank\" rel=\"noopener\" type=\"application\/pdf; length=1367097\">FDS: SuperPolish (PDF)<\/a><\/p>\n<p><a href=\"https:\/\/csunitec.wpenginepowered.com\/wp-content\/uploads\/2024\/12\/SDS-FIX-SC-Fleece.pdf\" target=\"_blank\" rel=\"noopener\" type=\"application\/pdf; length=272415\">FDS: Disco de vell\u00f3n FIX SC_Manguito de vell\u00f3n POLY-PTX_Banda de vell\u00f3n con SC (PDF)<\/a><\/p>\n<p><a href=\"https:\/\/csunitec.wpenginepowered.com\/wp-content\/uploads\/2024\/12\/SDS-FIX-SC-Fleece.pdf\" target=\"_blank\" rel=\"noopener\" type=\"application\/pdf; length=271774\">FDS: Vell\u00f3n FIX SC_Vell\u00f3n POLY-PTX_Banda de vell\u00f3n con Alox (PDF)<\/a><\/p>\n<p><a href=\"https:\/\/csunitec.wpenginepowered.com\/wp-content\/uploads\/2024\/12\/SDS-Poly-White.pdf\" target=\"_blank\" rel=\"noopener\" type=\"application\/pdf; length=1753155\">FDS: Poly-white (PDF)<\/a><\/p>\n<p><a href=\"https:\/\/csunitec.wpenginepowered.com\/wp-content\/uploads\/2024\/11\/SDS-Wire-Wheels.pdf\" target=\"_blank\" rel=\"noopener\" type=\"application\/pdf; length=359208\">FDS: Ruedas de alambre POLY-PTX Eco Smart (PDF)<\/a><\/p>\n<p><a href=\"https:\/\/csunitec.wpenginepowered.com\/wp-content\/uploads\/2024\/12\/SDS-Gum-Wheels.pdf\" target=\"_blank\" rel=\"noopener\" type=\"application\/pdf; length=1598958\">FDS: Rueda de goma POLY-PTX (PDF)<\/a><\/p>\n<p><a href=\"https:\/\/csunitec.wpenginepowered.com\/wp-content\/uploads\/2024\/12\/SDS-Poly-PTX-Grinding-Belt.pdf\" target=\"_blank\" rel=\"noopener\" type=\"application\/pdf; length=60757\">FDS: Banda de lijado POLY-PTX (PDF)<\/a><\/p>\n<p><a href=\"https:\/\/csunitec.wpenginepowered.com\/wp-content\/uploads\/2024\/12\/SDS-Poly-PTX-Flap-Wheel.pdf\" target=\"_blank\" rel=\"noopener\" type=\"application\/pdf; length=1002163\">FDS: Rueda de l\u00e1minas POLY-PTX (PDF)<\/a><\/p>\n<p><a href=\"https:\/\/csunitec.wpenginepowered.com\/wp-content\/uploads\/2024\/12\/SDS-MV4.pdf\" target=\"_blank\" rel=\"noopener\" type=\"application\/pdf; length=87629\">FDS: MV.4 (PDF)<\/a><\/p>\n<p><a href=\"https:\/\/csunitec.wpenginepowered.com\/wp-content\/uploads\/2024\/11\/SDS-Zirconium-Discs.pdf\" target=\"_blank\" rel=\"noopener\" type=\"application\/pdf; length=822361\">FDS: Disco de circonio FIX (PDF)<\/a><\/p>\n<p><a href=\"https:\/\/csunitec.wpenginepowered.com\/wp-content\/uploads\/2024\/12\/SDS-INOX.pdf\" target=\"_blank\" rel=\"noopener\" type=\"application\/pdf; length=1421582\">FDS: INOX Protect (PDF)<\/a><\/p>\n<p><a href=\"https:\/\/csunitec.wpenginepowered.com\/wp-content\/uploads\/2024\/12\/SDS-Microfiber-Cloth.pdf\" target=\"_blank\" rel=\"noopener\" type=\"application\/pdf; length=55212\">FDS: Pa\u00f1o multiusos de microfibra (PDF)<\/a><\/p>\n<p><a href=\"https:\/\/csunitec.wpenginepowered.com\/wp-content\/uploads\/2024\/12\/SDS-Plantex-Flap-Discs.pdf\" target=\"_blank\" rel=\"noopener\" type=\"application\/pdf; length=571134\">FDS: Discos de l\u00e1minas PLANTEX (PDF)<\/a><\/p>\n<p><a href=\"https:\/\/csunitec.wpenginepowered.com\/wp-content\/uploads\/2024\/12\/SDS-Poly-Cream.pdf\" target=\"_blank\" rel=\"noopener\" type=\"application\/pdf; length=2695888\">FDS: Poly-Cream (PDF)<\/a><\/p>\n<p><a href=\"https:\/\/csunitec.wpenginepowered.com\/wp-content\/uploads\/2024\/12\/SDS-Poly-Blue.pdf\" target=\"_blank\" rel=\"noopener\" type=\"application\/pdf; length=1759664\">FDS: Poly-Blue (PDF)<\/a><\/p>\n<p><a href=\"https:\/\/csunitec.wpenginepowered.com\/wp-content\/uploads\/2024\/12\/SDS-Poly-Protection.pdf\" target=\"_blank\" rel=\"noopener\" type=\"application\/pdf; length=185826\">FDS: POLY-PTX Poly Protection (PDF)<\/a><\/p>\n<p><a href=\"https:\/\/csunitec.wpenginepowered.com\/wp-content\/uploads\/2024\/11\/SDS-Magnum-Clean.pdf\" target=\"_blank\" rel=\"noopener\" type=\"application\/pdf; length=197913\">FDS: Magnum Clean-FIX Clean (PDF)<\/a><\/p>\n<p><a href=\"https:\/\/csunitec.wpenginepowered.com\/wp-content\/uploads\/2024\/12\/SDS-Brilliance-Clean.pdf\" target=\"_blank\" rel=\"noopener\" type=\"application\/pdf; length=193840\">FDS: BRILLIANCE Clean (PDF)<\/a><\/p>\n<p><a href=\"https:\/\/csunitec.wpenginepowered.com\/wp-content\/uploads\/2024\/11\/SDS-ROLEI-BE-5.pdf\" target=\"_blank\" rel=\"noopener\" type=\"application\/pdf; length=107350\">FDS: Rueda de l\u00e1minas de repuesto ROLEI BE 5 (PDF)<\/a><\/p>\n<p><a href=\"https:\/\/csunitec.wpenginepowered.com\/wp-content\/uploads\/2024\/12\/SDS-Prolube.pdf\" target=\"_blank\" rel=\"noopener\" type=\"application\/pdf; length=430577\">FDS: ProLube ATL\/AF (PDF)<\/a><\/p>\n<p><a href=\"https:\/\/csunitec.wpenginepowered.com\/wp-content\/uploads\/2024\/12\/SDS-CS-7043-002.pdf\" target=\"_blank\" rel=\"noopener\" type=\"application\/pdf; length=37579\">FDS: CS 7043-002 (PDF)<\/a><\/p>\n<p><a href=\"https:\/\/csunitec.wpenginepowered.com\/wp-content\/uploads\/2024\/12\/SDS-CS-7030-712.pdf\" target=\"_blank\" rel=\"noopener\" type=\"application\/pdf; length=827037\">FDS: CS 7030-712 (PDF)<\/a><\/p>\n<p><a href=\"https:\/\/csunitec.wpenginepowered.com\/wp-content\/uploads\/2024\/12\/CS-7020-000.pdf\" target=\"_blank\" rel=\"noopener\" type=\"application\/pdf; length=872987\">FDS: CS 7020-000 (PDF)<\/a><\/p>\n<p><a href=\"https:\/\/csunitec.wpenginepowered.com\/wp-content\/uploads\/2024\/12\/SDS-CS-7010-504.pdf\" target=\"_blank\" rel=\"noopener\" type=\"application\/pdf; length=1011387\">FDS: CS 7010-504 (PDF)<\/a><\/p>\n<p><a href=\"https:\/\/csunitec.wpenginepowered.com\/wp-content\/uploads\/2024\/12\/SDS-Cengar-MS-Cleaner.pdf\" target=\"_blank\" rel=\"noopener\" type=\"application\/pdf; length=33051\">FDS: Limpiador CENGAR MS (PDF)<\/a><\/p>\n<p><a href=\"https:\/\/csunitec.wpenginepowered.com\/wp-content\/uploads\/2024\/12\/SDS-Cengar-Green-Oil.pdf\" target=\"_blank\" rel=\"noopener\" type=\"application\/pdf; length=37537\">FDS: Aceite CENGAR Green (PDF)<\/a><\/p>\n<p><a href=\"https:\/\/csunitec.wpenginepowered.com\/wp-content\/uploads\/2024\/12\/SDS-ZHB-002.pdf\" target=\"_blank\" rel=\"noopener\" type=\"application\/pdf; length=1364941\">FDS: ZHB 001 (PDF)<\/a><\/p>\n<p><a href=\"https:\/\/csunitec.wpenginepowered.com\/wp-content\/uploads\/2024\/12\/SDS-ZHS-005.pdf\" target=\"_blank\" rel=\"noopener\" type=\"application\/pdf; length=368904\">FDS: ZHS 005 (PDF)<\/a><\/p>\n<p><a href=\"https:\/\/csunitec.wpenginepowered.com\/wp-content\/uploads\/2024\/12\/SDS-ZHS-006.pdf\" target=\"_blank\" rel=\"noopener\" type=\"application\/pdf; length=711120\">FDS: ZHS 006 (PDF)<\/a><\/p>\n<p><a href=\"https:\/\/csunitec.wpenginepowered.com\/wp-content\/uploads\/2024\/10\/SDS-Copper-Beryllium.pdf\" target=\"_blank\" rel=\"noopener\" type=\"application\/pdf; length=131344\">FDS: Cobre-berilio fundido<\/a><\/p>\n<p><a href=\"https:\/\/csunitec.wpenginepowered.com\/wp-content\/uploads\/2024\/10\/SDS-Aluminum-Bronze.pdf\" target=\"_blank\" rel=\"noopener\" type=\"application\/pdf; length=40765\">FDS: Bronce de aluminio fundido<\/a><\/p>\n\u00a0\r\n\r\n<p>[\/vc_column_text][\/vc_column][vc_column width=\u00bb1\/3&#8243;][\/vc_column][\/vc_row]<\/p>\n<\/div>","protected":false},"excerpt":{"rendered":"<p>[vc_row][vc_column width=\u00bb2\/3&#8243;][vc_column_text uncode_shortcode_id=\u00bb450765&#8243;] FDS &#8211; Fichas de Datos de Seguridad FDS: Bandas abrasivas de circonio (PDF) FDS: Bandas abrasivas cer\u00e1micas [&hellip;]<\/p>\n","protected":false},"author":2,"featured_media":0,"parent":0,"menu_order":0,"comment_status":"closed","ping_status":"closed","template":"","meta":{"footnotes":""},"class_list":["post-172733","page","type-page","status-publish","hentry"],"yoast_head":"<!-- This site is optimized with the Yoast SEO plugin v27.5 - https:\/\/yoast.com\/product\/yoast-seo-wordpress\/ -->\n<title>FDS - CS Unitec<\/title>\n<meta name=\"robots\" content=\"index, follow, max-snippet:-1, max-image-preview:large, max-video-preview:-1\" \/>\n<link rel=\"canonical\" href=\"https:\/\/csunitec.com\/es\/fds\/\" \/>\n<meta property=\"og:locale\" content=\"es_ES\" \/>\n<meta property=\"og:type\" content=\"article\" \/>\n<meta property=\"og:title\" content=\"FDS - CS Unitec\" \/>\n<meta property=\"og:description\" content=\"[vc_row][vc_column width=\u00bb2\/3&#8243;][vc_column_text uncode_shortcode_id=\u00bb450765&#8243;] FDS &#8211; Fichas de Datos de Seguridad FDS: Bandas abrasivas de circonio (PDF) FDS: Bandas abrasivas cer\u00e1micas [&hellip;]\" \/>\n<meta property=\"og:url\" content=\"https:\/\/csunitec.com\/es\/fds\/\" \/>\n<meta property=\"og:site_name\" content=\"CS Unitec\" \/>\n<meta property=\"article:modified_time\" content=\"2026-03-05T17:44:05+00:00\" \/>\n<meta property=\"og:image\" content=\"https:\/\/csunitec.com\/wp-content\/uploads\/2025\/04\/Metal-grinder.jpg\" \/>\n\t<meta property=\"og:image:width\" content=\"1000\" \/>\n\t<meta property=\"og:image:height\" content=\"1000\" \/>\n\t<meta property=\"og:image:type\" content=\"image\/jpeg\" \/>\n<meta name=\"twitter:card\" content=\"summary_large_image\" \/>\n<meta name=\"twitter:label1\" content=\"Tiempo de lectura\" \/>\n\t<meta name=\"twitter:data1\" content=\"2 minutos\" \/>\n<script type=\"application\/ld+json\" class=\"yoast-schema-graph\">{\"@context\":\"https:\\\/\\\/schema.org\",\"@graph\":[{\"@type\":\"WebPage\",\"@id\":\"https:\\\/\\\/csunitec.com\\\/es\\\/fds\\\/\",\"url\":\"https:\\\/\\\/csunitec.com\\\/es\\\/fds\\\/\",\"name\":\"FDS - CS Unitec\",\"isPartOf\":{\"@id\":\"https:\\\/\\\/csunitec.com\\\/es\\\/#website\"},\"datePublished\":\"2025-03-31T19:45:44+00:00\",\"dateModified\":\"2026-03-05T17:44:05+00:00\",\"breadcrumb\":{\"@id\":\"https:\\\/\\\/csunitec.com\\\/es\\\/fds\\\/#breadcrumb\"},\"inLanguage\":\"es\",\"potentialAction\":[{\"@type\":\"ReadAction\",\"target\":[\"https:\\\/\\\/csunitec.com\\\/es\\\/fds\\\/\"]}]},{\"@type\":\"BreadcrumbList\",\"@id\":\"https:\\\/\\\/csunitec.com\\\/es\\\/fds\\\/#breadcrumb\",\"itemListElement\":[{\"@type\":\"ListItem\",\"position\":1,\"name\":\"Inicio\",\"item\":\"https:\\\/\\\/csunitec.com\\\/es\\\/\"},{\"@type\":\"ListItem\",\"position\":2,\"name\":\"FDS\"}]},{\"@type\":\"WebSite\",\"@id\":\"https:\\\/\\\/csunitec.com\\\/es\\\/#website\",\"url\":\"https:\\\/\\\/csunitec.com\\\/es\\\/\",\"name\":\"CS Unitec\",\"description\":\"\",\"potentialAction\":[{\"@type\":\"SearchAction\",\"target\":{\"@type\":\"EntryPoint\",\"urlTemplate\":\"https:\\\/\\\/csunitec.com\\\/es\\\/?s={search_term_string}\"},\"query-input\":{\"@type\":\"PropertyValueSpecification\",\"valueRequired\":true,\"valueName\":\"search_term_string\"}}],\"inLanguage\":\"es\"}]}<\/script>\n<!-- \/ Yoast SEO plugin. -->","yoast_head_json":{"title":"FDS - CS Unitec","robots":{"index":"index","follow":"follow","max-snippet":"max-snippet:-1","max-image-preview":"max-image-preview:large","max-video-preview":"max-video-preview:-1"},"canonical":"https:\/\/csunitec.com\/es\/fds\/","og_locale":"es_ES","og_type":"article","og_title":"FDS - CS Unitec","og_description":"[vc_row][vc_column width=\u00bb2\/3&#8243;][vc_column_text uncode_shortcode_id=\u00bb450765&#8243;] FDS &#8211; Fichas de Datos de Seguridad FDS: Bandas abrasivas de circonio (PDF) FDS: Bandas abrasivas cer\u00e1micas [&hellip;]","og_url":"https:\/\/csunitec.com\/es\/fds\/","og_site_name":"CS Unitec","article_modified_time":"2026-03-05T17:44:05+00:00","og_image":[{"width":1000,"height":1000,"url":"https:\/\/csunitec.com\/wp-content\/uploads\/2025\/04\/Metal-grinder.jpg","type":"image\/jpeg"}],"twitter_card":"summary_large_image","twitter_misc":{"Tiempo de lectura":"2 minutos"},"schema":{"@context":"https:\/\/schema.org","@graph":[{"@type":"WebPage","@id":"https:\/\/csunitec.com\/es\/fds\/","url":"https:\/\/csunitec.com\/es\/fds\/","name":"FDS - CS Unitec","isPartOf":{"@id":"https:\/\/csunitec.com\/es\/#website"},"datePublished":"2025-03-31T19:45:44+00:00","dateModified":"2026-03-05T17:44:05+00:00","breadcrumb":{"@id":"https:\/\/csunitec.com\/es\/fds\/#breadcrumb"},"inLanguage":"es","potentialAction":[{"@type":"ReadAction","target":["https:\/\/csunitec.com\/es\/fds\/"]}]},{"@type":"BreadcrumbList","@id":"https:\/\/csunitec.com\/es\/fds\/#breadcrumb","itemListElement":[{"@type":"ListItem","position":1,"name":"Inicio","item":"https:\/\/csunitec.com\/es\/"},{"@type":"ListItem","position":2,"name":"FDS"}]},{"@type":"WebSite","@id":"https:\/\/csunitec.com\/es\/#website","url":"https:\/\/csunitec.com\/es\/","name":"CS Unitec","description":"","potentialAction":[{"@type":"SearchAction","target":{"@type":"EntryPoint","urlTemplate":"https:\/\/csunitec.com\/es\/?s={search_term_string}"},"query-input":{"@type":"PropertyValueSpecification","valueRequired":true,"valueName":"search_term_string"}}],"inLanguage":"es"}]}},"_links":{"self":[{"href":"https:\/\/csunitec.com\/es\/wp-json\/wp\/v2\/pages\/172733","targetHints":{"allow":["GET"]}}],"collection":[{"href":"https:\/\/csunitec.com\/es\/wp-json\/wp\/v2\/pages"}],"about":[{"href":"https:\/\/csunitec.com\/es\/wp-json\/wp\/v2\/types\/page"}],"author":[{"embeddable":true,"href":"https:\/\/csunitec.com\/es\/wp-json\/wp\/v2\/users\/2"}],"replies":[{"embeddable":true,"href":"https:\/\/csunitec.com\/es\/wp-json\/wp\/v2\/comments?post=172733"}],"version-history":[{"count":0,"href":"https:\/\/csunitec.com\/es\/wp-json\/wp\/v2\/pages\/172733\/revisions"}],"wp:attachment":[{"href":"https:\/\/csunitec.com\/es\/wp-json\/wp\/v2\/media?parent=172733"}],"curies":[{"name":"wp","href":"https:\/\/api.w.org\/{rel}","templated":true}]}}