{"id":184854,"date":"2026-04-29T12:39:42","date_gmt":"2026-04-29T16:39:42","guid":{"rendered":"https:\/\/stgcsunitec.wpenginepowered.com\/gracias-formulario-de-contacto\/"},"modified":"2026-04-29T17:18:39","modified_gmt":"2026-04-29T21:18:39","slug":"gracias-formulario-de-contacto","status":"publish","type":"page","link":"https:\/\/csunitec.com\/es\/gracias-formulario-de-contacto\/","title":{"rendered":"Gracias &#8211; Formulario de contacto"},"content":{"rendered":"<div class=\"wpb-content-wrapper\"><p>[vc_row row_height_percent=\u00bb0&#8243; override_padding=\u00bbyes\u00bb h_padding=\u00bb3&#8243; top_padding=\u00bb3&#8243; bottom_padding=\u00bb2&#8243; overlay_alpha=\u00bb100&#8243; gutter_size=\u00bb100&#8243; column_width_percent=\u00bb100&#8243; shift_y=\u00bb0&#8243; z_index=\u00bb0&#8243; content_parallax=\u00bb0&#8243; row_width=\u00bb1000&#8243; block_height=\u00bb0&#8243; back_alpha=\u00bb100&#8243; border_size=\u00bb1&#8243; style=\u00bbinherited\u00bb uncode_shortcode_id=\u00bb183096&#8243; row_height_pixel=\u00bb500&#8243;][vc_column column_width_use_pixel=\u00bbyes\u00bb gutter_size=\u00bb2&#8243; overlay_alpha=\u00bb25&#8243; shift_x=\u00bb0&#8243; shift_y=\u00bb0&#8243; shift_y_down=\u00bb0&#8243; z_index=\u00bb0&#8243; medium_width=\u00bb0&#8243; mobile_width=\u00bb7&#8243; zoom_width=\u00bb0&#8243; zoom_height=\u00bb0&#8243; width=\u00bb1\/2&#8243; max_width=\u00bb100&#8243; align_vertical=\u00bbtop\u00bb back_alpha=\u00bb100&#8243; column_width_pixel=\u00bb900&#8243; uncode_shortcode_id=\u00bb198747&#8243;][vc_custom_heading text_color=\u00bbcolor-901489&#8243; heading_semantic=\u00bbh3&#8243; text_size=\u00bbh3&#8243; text_weight=\u00bb600&#8243; badge_style=\u00bbyes\u00bb text_align=\u00bbtext-left\u00bb text_uppercase=\u00bb\u00bb uncode_shortcode_id=\u00bb158537&#8243; text_color_type=\u00bbuncode-palette\u00bb]Gracias por tu env\u00edo[\/vc_custom_heading][vc_custom_heading heading_semantic=\u00bbh3&#8243; text_size=\u00bbh5&#8243; text_weight=\u00bb400&#8243; badge_style=\u00bbyes\u00bb text_align=\u00bbtext-left\u00bb text_uppercase=\u00bb\u00bb uncode_shortcode_id=\u00bb213239&#8243;]Un miembro de nuestro equipo se pondr\u00e1 en contacto contigo en breve.[\/vc_custom_heading][\/vc_column][vc_column column_width_percent=\u00bb100&#8243; gutter_size=\u00bb2&#8243; overlay_alpha=\u00bb50&#8243; shift_x=\u00bb0&#8243; shift_y=\u00bb0&#8243; shift_y_down=\u00bb0&#8243; z_index=\u00bb0&#8243; medium_width=\u00bb0&#8243; mobile_width=\u00bb7&#8243; width=\u00bb1\/2&#8243; uncode_shortcode_id=\u00bb160915&#8243;][vc_column_text uncode_shortcode_id=\u00bb646503&#8243;]Nuestro equipo de ventas tiene a\u00f1os de experiencia en obras de construcci\u00f3n, instalaciones industriales y marinas, lo que les permite ofrecer tanto recomendaciones espec\u00edficas para cada aplicaci\u00f3n como asesoramiento t\u00e9cnico de ventas. Su profundo conocimiento de las caracter\u00edsticas y capacidades de cada herramienta se traduce en la recomendaci\u00f3n de la herramienta adecuada para tu trabajo.[\/vc_column_text][vc_separator sep_color=\u00bb\u00bb uncode_shortcode_id=\u00bb300418&#8243; el_height=\u00bb35&#8243;][vc_custom_heading heading_semantic=\u00bbh3&#8243; text_size=\u00bbh3&#8243; badge_style=\u00bbyes\u00bb sub_lead=\u00bbsmall\u00bb text_align=\u00bbtext-left\u00bb text_uppercase=\u00bb\u00bb uncode_shortcode_id=\u00bb204697&#8243;]<\/p>\n<h3>Habla con un experto en productos:<\/h3>\n<p>Llamada gratuita: 1-866-480-4077 (EE. UU.\/Canad\u00e1)<br \/>\nInternacional: +1-203-635-0413<\/p>\n<hr>\n<p><span style=\"font-weight: 400; font-size: 14px;\"><em>Nuestro horario de oficina es de lunes a jueves de 8:00 a 17:30 h EST, y los viernes de 8:00 a 17:00 h EST. Las consultas fuera del horario de oficina se responder\u00e1n el siguiente d\u00eda laborable.<\/em><\/span>[\/vc_custom_heading][vc_gallery el_id=\u00bbgallery-4&#8243; medias=\u00bb178004,178005,178006,178007,178008,178009,178010,178011&#8243; gutter_size=\u00bb2&#8243; media_items=\u00bbmedia|lightbox|original,caption\u00bb screen_lg=\u00bb1000&#8243; screen_md=\u00bb600&#8243; screen_sm=\u00bb480&#8243; single_text=\u00bbunder\u00bb single_width=\u00bb1&#8243; images_size=\u00bbthree-four\u00bb single_overlay_coloration=\u00bbbottom_gradient\u00bb single_overlay_opacity=\u00bb26&#8243; single_image_magnetic=\u00bbyes\u00bb single_v_position=\u00bbtop\u00bb single_padding=\u00bb0&#8243; single_text_reduced=\u00bbyes\u00bb single_meta_custom_typo=\u00bbyes\u00bb single_meta_size=\u00bbdefault\u00bb single_meta_weight=\u00bb400&#8243; single_meta_transform=\u00bbuppercase\u00bb single_icon=\u00bbfa fa-plus2&#8243; single_border=\u00bbyes\u00bb single_css_animation=\u00bbbottom-t-top\u00bb single_animation_delay=\u00bb200&#8243; lbox_caption=\u00bbyes\u00bb no_double_tap=\u00bbyes\u00bb carousel_rtl=\u00bb\u00bb single_title_uppercase=\u00bb\u00bb single_title_bold=\u00bbyes\u00bb single_title_serif=\u00bb\u00bb onclick=\u00bblink_image\u00bb custom_links_target=\u00bb_self\u00bb single_half_padding=\u00bbyes\u00bb single_no_background=\u00bbyes\u00bb uncode_shortcode_id=\u00bb162117&#8243; title=\u00bbEquipo de ventas\u00bb items=\u00bbeyIxNzM4NDlfaSI6eyJzaW5nbGVfdGV4dCI6InVuZGVyIn19&#8243;][\/vc_column][\/vc_row]<\/p>\n<\/div>","protected":false},"excerpt":{"rendered":"<p>[vc_row row_height_percent=\u00bb0&#8243; override_padding=\u00bbyes\u00bb h_padding=\u00bb3&#8243; top_padding=\u00bb3&#8243; bottom_padding=\u00bb2&#8243; overlay_alpha=\u00bb100&#8243; gutter_size=\u00bb100&#8243; column_width_percent=\u00bb100&#8243; shift_y=\u00bb0&#8243; z_index=\u00bb0&#8243; content_parallax=\u00bb0&#8243; row_width=\u00bb1000&#8243; block_height=\u00bb0&#8243; back_alpha=\u00bb100&#8243; border_size=\u00bb1&#8243; style=\u00bbinherited\u00bb uncode_shortcode_id=\u00bb183096&#8243; row_height_pixel=\u00bb500&#8243;][vc_column column_width_use_pixel=\u00bbyes\u00bb [&hellip;]<\/p>\n","protected":false},"author":2,"featured_media":0,"parent":0,"menu_order":0,"comment_status":"closed","ping_status":"closed","template":"","meta":{"footnotes":""},"class_list":["post-184854","page","type-page","status-publish","hentry"],"yoast_head":"<!-- This site is optimized with the Yoast SEO plugin v27.5 - https:\/\/yoast.com\/product\/yoast-seo-wordpress\/ -->\n<title>Gracias - Formulario de contacto - CS Unitec<\/title>\n<meta name=\"description\" content=\"Ponte en contacto con nosotros: nuestro equipo de ventas tiene a\u00f1os de experiencia, proporciona recomendaciones espec\u00edficas para cada aplicaci\u00f3n y asesoramiento t\u00e9cnico de ventas.\" \/>\n<meta name=\"robots\" content=\"index, follow, max-snippet:-1, max-image-preview:large, max-video-preview:-1\" \/>\n<link rel=\"canonical\" href=\"https:\/\/csunitec.com\/es\/gracias-formulario-de-contacto\/\" \/>\n<meta property=\"og:locale\" content=\"es_ES\" \/>\n<meta property=\"og:type\" content=\"article\" \/>\n<meta property=\"og:title\" content=\"Gracias - Formulario de contacto - CS Unitec\" \/>\n<meta property=\"og:description\" content=\"Ponte en contacto con nosotros: nuestro equipo de ventas tiene a\u00f1os de experiencia, proporciona recomendaciones espec\u00edficas para cada aplicaci\u00f3n y asesoramiento t\u00e9cnico de ventas.\" \/>\n<meta property=\"og:url\" content=\"https:\/\/csunitec.com\/es\/gracias-formulario-de-contacto\/\" \/>\n<meta property=\"og:site_name\" content=\"CS Unitec\" \/>\n<meta property=\"article:modified_time\" content=\"2026-04-29T21:18:39+00:00\" \/>\n<meta property=\"og:image\" content=\"https:\/\/csunitec.com\/wp-content\/uploads\/2025\/04\/Metal-grinder.jpg\" \/>\n\t<meta property=\"og:image:width\" content=\"1000\" \/>\n\t<meta property=\"og:image:height\" content=\"1000\" \/>\n\t<meta property=\"og:image:type\" content=\"image\/jpeg\" \/>\n<meta name=\"twitter:card\" content=\"summary_large_image\" \/>\n<meta name=\"twitter:label1\" content=\"Tiempo de lectura\" \/>\n\t<meta name=\"twitter:data1\" content=\"2 minutos\" \/>\n<script type=\"application\/ld+json\" class=\"yoast-schema-graph\">{\"@context\":\"https:\\\/\\\/schema.org\",\"@graph\":[{\"@type\":\"WebPage\",\"@id\":\"https:\\\/\\\/csunitec.com\\\/es\\\/gracias-formulario-de-contacto\\\/\",\"url\":\"https:\\\/\\\/csunitec.com\\\/es\\\/gracias-formulario-de-contacto\\\/\",\"name\":\"Gracias - Formulario de contacto - CS Unitec\",\"isPartOf\":{\"@id\":\"https:\\\/\\\/csunitec.com\\\/es\\\/#website\"},\"datePublished\":\"2026-04-29T16:39:42+00:00\",\"dateModified\":\"2026-04-29T21:18:39+00:00\",\"description\":\"Ponte en contacto con nosotros: nuestro equipo de ventas tiene a\u00f1os de experiencia, proporciona recomendaciones espec\u00edficas para cada aplicaci\u00f3n y asesoramiento t\u00e9cnico de ventas.\",\"breadcrumb\":{\"@id\":\"https:\\\/\\\/csunitec.com\\\/es\\\/gracias-formulario-de-contacto\\\/#breadcrumb\"},\"inLanguage\":\"es\",\"potentialAction\":[{\"@type\":\"ReadAction\",\"target\":[\"https:\\\/\\\/csunitec.com\\\/es\\\/gracias-formulario-de-contacto\\\/\"]}]},{\"@type\":\"BreadcrumbList\",\"@id\":\"https:\\\/\\\/csunitec.com\\\/es\\\/gracias-formulario-de-contacto\\\/#breadcrumb\",\"itemListElement\":[{\"@type\":\"ListItem\",\"position\":1,\"name\":\"Inicio\",\"item\":\"https:\\\/\\\/csunitec.com\\\/es\\\/\"},{\"@type\":\"ListItem\",\"position\":2,\"name\":\"Gracias &#8211; Formulario de contacto\"}]},{\"@type\":\"WebSite\",\"@id\":\"https:\\\/\\\/csunitec.com\\\/es\\\/#website\",\"url\":\"https:\\\/\\\/csunitec.com\\\/es\\\/\",\"name\":\"CS Unitec\",\"description\":\"\",\"potentialAction\":[{\"@type\":\"SearchAction\",\"target\":{\"@type\":\"EntryPoint\",\"urlTemplate\":\"https:\\\/\\\/csunitec.com\\\/es\\\/?s={search_term_string}\"},\"query-input\":{\"@type\":\"PropertyValueSpecification\",\"valueRequired\":true,\"valueName\":\"search_term_string\"}}],\"inLanguage\":\"es\"}]}<\/script>\n<!-- \/ Yoast SEO plugin. -->","yoast_head_json":{"title":"Gracias - Formulario de contacto - CS Unitec","description":"Ponte en contacto con nosotros: nuestro equipo de ventas tiene a\u00f1os de experiencia, proporciona recomendaciones espec\u00edficas para cada aplicaci\u00f3n y asesoramiento t\u00e9cnico de ventas.","robots":{"index":"index","follow":"follow","max-snippet":"max-snippet:-1","max-image-preview":"max-image-preview:large","max-video-preview":"max-video-preview:-1"},"canonical":"https:\/\/csunitec.com\/es\/gracias-formulario-de-contacto\/","og_locale":"es_ES","og_type":"article","og_title":"Gracias - Formulario de contacto - CS Unitec","og_description":"Ponte en contacto con nosotros: nuestro equipo de ventas tiene a\u00f1os de experiencia, proporciona recomendaciones espec\u00edficas para cada aplicaci\u00f3n y asesoramiento t\u00e9cnico de ventas.","og_url":"https:\/\/csunitec.com\/es\/gracias-formulario-de-contacto\/","og_site_name":"CS Unitec","article_modified_time":"2026-04-29T21:18:39+00:00","og_image":[{"width":1000,"height":1000,"url":"https:\/\/csunitec.com\/wp-content\/uploads\/2025\/04\/Metal-grinder.jpg","type":"image\/jpeg"}],"twitter_card":"summary_large_image","twitter_misc":{"Tiempo de lectura":"2 minutos"},"schema":{"@context":"https:\/\/schema.org","@graph":[{"@type":"WebPage","@id":"https:\/\/csunitec.com\/es\/gracias-formulario-de-contacto\/","url":"https:\/\/csunitec.com\/es\/gracias-formulario-de-contacto\/","name":"Gracias - Formulario de contacto - CS Unitec","isPartOf":{"@id":"https:\/\/csunitec.com\/es\/#website"},"datePublished":"2026-04-29T16:39:42+00:00","dateModified":"2026-04-29T21:18:39+00:00","description":"Ponte en contacto con nosotros: nuestro equipo de ventas tiene a\u00f1os de experiencia, proporciona recomendaciones espec\u00edficas para cada aplicaci\u00f3n y asesoramiento t\u00e9cnico de ventas.","breadcrumb":{"@id":"https:\/\/csunitec.com\/es\/gracias-formulario-de-contacto\/#breadcrumb"},"inLanguage":"es","potentialAction":[{"@type":"ReadAction","target":["https:\/\/csunitec.com\/es\/gracias-formulario-de-contacto\/"]}]},{"@type":"BreadcrumbList","@id":"https:\/\/csunitec.com\/es\/gracias-formulario-de-contacto\/#breadcrumb","itemListElement":[{"@type":"ListItem","position":1,"name":"Inicio","item":"https:\/\/csunitec.com\/es\/"},{"@type":"ListItem","position":2,"name":"Gracias &#8211; Formulario de contacto"}]},{"@type":"WebSite","@id":"https:\/\/csunitec.com\/es\/#website","url":"https:\/\/csunitec.com\/es\/","name":"CS Unitec","description":"","potentialAction":[{"@type":"SearchAction","target":{"@type":"EntryPoint","urlTemplate":"https:\/\/csunitec.com\/es\/?s={search_term_string}"},"query-input":{"@type":"PropertyValueSpecification","valueRequired":true,"valueName":"search_term_string"}}],"inLanguage":"es"}]}},"_links":{"self":[{"href":"https:\/\/csunitec.com\/es\/wp-json\/wp\/v2\/pages\/184854","targetHints":{"allow":["GET"]}}],"collection":[{"href":"https:\/\/csunitec.com\/es\/wp-json\/wp\/v2\/pages"}],"about":[{"href":"https:\/\/csunitec.com\/es\/wp-json\/wp\/v2\/types\/page"}],"author":[{"embeddable":true,"href":"https:\/\/csunitec.com\/es\/wp-json\/wp\/v2\/users\/2"}],"replies":[{"embeddable":true,"href":"https:\/\/csunitec.com\/es\/wp-json\/wp\/v2\/comments?post=184854"}],"version-history":[{"count":0,"href":"https:\/\/csunitec.com\/es\/wp-json\/wp\/v2\/pages\/184854\/revisions"}],"wp:attachment":[{"href":"https:\/\/csunitec.com\/es\/wp-json\/wp\/v2\/media?parent=184854"}],"curies":[{"name":"wp","href":"https:\/\/api.w.org\/{rel}","templated":true}]}}