{"id":174198,"date":"2026-04-14T13:22:30","date_gmt":"2026-04-14T13:22:30","guid":{"rendered":"https:\/\/stgcsunitec.wpenginepowered.com\/product\/brocas-timber-pro\/"},"modified":"2026-04-26T16:59:08","modified_gmt":"2026-04-26T20:59:08","slug":"brocas-timber-pro","status":"publish","type":"product","link":"https:\/\/csunitec.com\/es\/producto\/brocas-timber-pro\/","title":{"rendered":"Brocas Timber Pro"},"content":{"rendered":"<ul>\n<li>Broca sacan\u00facleos Timber Pro para crear agujeros grandes y precisos en vigas de madera, montantes, madera laminada y madera estructural.<\/li>\n<li>Ideal para carpinteros, ebanistas y constructores de estructuras de madera. Taladra madera, pl\u00e1sticos y materiales de alba\u00f1iler\u00eda (no hormig\u00f3n). <\/li>\n<li>Dise\u00f1ado para perforar clavos, tornillos o varillas roscadas incrustados sin da\u00f1arlos.<\/li>\n<li>La perforaci\u00f3n en seco minimiza las interrupciones y la limpieza, por lo que estas brocas son ideales para trabajos de reacondicionamiento en instalaciones activas.<\/li>\n<\/ul>\n","protected":false},"excerpt":{"rendered":"<ul>\n<li>Brocas en seco multimaterial dise\u00f1adas para cortar madera, pl\u00e1stico y mamposter\u00eda<\/li>\n<li>Corta tornillos y clavos con segmentos de diamante soldados al vac\u00edo<\/li>\n<li>Gran longitud de trabajo y varios di\u00e1metros disponibles para las necesidades de la aplicaci\u00f3n<\/li>\n<\/ul>\n","protected":false},"featured_media":173817,"template":"","meta":[],"product_brand":[],"product_cat":[935],"product_tag":[952,953,954,955],"accessory_type":[927],"application":[928],"hand_tool_type":[],"industry":[931],"material":[],"power_tool_type":[],"power_type":[],"subcategory":[948],"tool_type":[943],"class_list":{"0":"post-174198","1":"product","2":"type-product","3":"status-publish","4":"has-post-thumbnail","6":"product_cat-taladros","7":"product_tag-destacado","8":"product_tag-accesorios-para-perforadoras-sacanucleos","9":"product_tag-brocas-sacanucleos","10":"product_tag-brocas-en-seco","11":"accessory_type-accesorio","12":"application-perforacion","13":"industry-hormigon-y-mamposteria","14":"subcategory-perforadoras-de-corona","15":"tool_type-accesorio","17":"first","18":"instock","19":"shipping-taxable","20":"purchasable","21":"product-type-variable"},"yoast_head":"<!-- This site is optimized with the Yoast SEO plugin v27.5 - https:\/\/yoast.com\/product\/yoast-seo-wordpress\/ -->\n<title>Brocas Timber Pro - CS Unitec<\/title>\n<meta name=\"description\" content=\"Broca para machos Timber Pro Brocas para machos secos multimaterial dise\u00f1adas principalmente para madera, pero tambi\u00e9n capaces de cortar pl\u00e1stico, metal (clavos\/tornillos) y mamposter\u00eda\" \/>\n<meta name=\"robots\" content=\"index, follow, max-snippet:-1, max-image-preview:large, max-video-preview:-1\" \/>\n<link rel=\"canonical\" href=\"https:\/\/csunitec.com\/es\/producto\/brocas-timber-pro\/\" \/>\n<meta property=\"og:locale\" content=\"es_ES\" \/>\n<meta property=\"og:type\" content=\"article\" \/>\n<meta property=\"og:title\" content=\"Brocas Timber Pro - CS Unitec\" \/>\n<meta property=\"og:description\" content=\"Broca para machos Timber Pro Brocas para machos secos multimaterial dise\u00f1adas principalmente para madera, pero tambi\u00e9n capaces de cortar pl\u00e1stico, metal (clavos\/tornillos) y mamposter\u00eda\" \/>\n<meta property=\"og:url\" content=\"https:\/\/csunitec.com\/es\/producto\/brocas-timber-pro\/\" \/>\n<meta property=\"og:site_name\" content=\"CS Unitec\" \/>\n<meta property=\"article:modified_time\" content=\"2026-04-26T20:59:08+00:00\" \/>\n<meta property=\"og:image\" content=\"https:\/\/csunitec.com\/wp-content\/uploads\/2026\/04\/TPM_182-1.jpg\" \/>\n\t<meta property=\"og:image:width\" content=\"2012\" \/>\n\t<meta property=\"og:image:height\" content=\"2012\" \/>\n\t<meta property=\"og:image:type\" content=\"image\/jpeg\" \/>\n<meta name=\"twitter:card\" content=\"summary_large_image\" \/>\n<script type=\"application\/ld+json\" class=\"yoast-schema-graph\">{\"@context\":\"https:\\\/\\\/schema.org\",\"@graph\":[{\"@type\":\"WebPage\",\"@id\":\"https:\\\/\\\/csunitec.com\\\/es\\\/producto\\\/brocas-timber-pro\\\/\",\"url\":\"https:\\\/\\\/csunitec.com\\\/es\\\/producto\\\/brocas-timber-pro\\\/\",\"name\":\"Brocas Timber Pro - CS Unitec\",\"isPartOf\":{\"@id\":\"https:\\\/\\\/csunitec.com\\\/es\\\/#website\"},\"primaryImageOfPage\":{\"@id\":\"https:\\\/\\\/csunitec.com\\\/es\\\/producto\\\/brocas-timber-pro\\\/#primaryimage\"},\"image\":{\"@id\":\"https:\\\/\\\/csunitec.com\\\/es\\\/producto\\\/brocas-timber-pro\\\/#primaryimage\"},\"thumbnailUrl\":\"https:\\\/\\\/csunitec.com\\\/wp-content\\\/uploads\\\/2026\\\/04\\\/TPM_182-1.jpg\",\"datePublished\":\"2026-04-14T13:22:30+00:00\",\"dateModified\":\"2026-04-26T20:59:08+00:00\",\"description\":\"Broca para machos Timber Pro Brocas para machos secos multimaterial dise\u00f1adas principalmente para madera, pero tambi\u00e9n capaces de cortar pl\u00e1stico, metal (clavos\\\/tornillos) y mamposter\u00eda\",\"breadcrumb\":{\"@id\":\"https:\\\/\\\/csunitec.com\\\/es\\\/producto\\\/brocas-timber-pro\\\/#breadcrumb\"},\"inLanguage\":\"es\",\"potentialAction\":[{\"@type\":\"ReadAction\",\"target\":[\"https:\\\/\\\/csunitec.com\\\/es\\\/producto\\\/brocas-timber-pro\\\/\"]}]},{\"@type\":\"ImageObject\",\"inLanguage\":\"es\",\"@id\":\"https:\\\/\\\/csunitec.com\\\/es\\\/producto\\\/brocas-timber-pro\\\/#primaryimage\",\"url\":\"https:\\\/\\\/csunitec.com\\\/wp-content\\\/uploads\\\/2026\\\/04\\\/TPM_182-1.jpg\",\"contentUrl\":\"https:\\\/\\\/csunitec.com\\\/wp-content\\\/uploads\\\/2026\\\/04\\\/TPM_182-1.jpg\",\"width\":2000,\"height\":2000},{\"@type\":\"BreadcrumbList\",\"@id\":\"https:\\\/\\\/csunitec.com\\\/es\\\/producto\\\/brocas-timber-pro\\\/#breadcrumb\",\"itemListElement\":[{\"@type\":\"ListItem\",\"position\":1,\"name\":\"Inicio\",\"item\":\"https:\\\/\\\/csunitec.com\\\/es\\\/\"},{\"@type\":\"ListItem\",\"position\":2,\"name\":\"Tienda\",\"item\":\"https:\\\/\\\/csunitec.com\\\/es\\\/tienda\\\/\"},{\"@type\":\"ListItem\",\"position\":3,\"name\":\"Brocas Timber Pro\"}]},{\"@type\":\"WebSite\",\"@id\":\"https:\\\/\\\/csunitec.com\\\/es\\\/#website\",\"url\":\"https:\\\/\\\/csunitec.com\\\/es\\\/\",\"name\":\"CS Unitec\",\"description\":\"\",\"potentialAction\":[{\"@type\":\"SearchAction\",\"target\":{\"@type\":\"EntryPoint\",\"urlTemplate\":\"https:\\\/\\\/csunitec.com\\\/es\\\/?s={search_term_string}\"},\"query-input\":{\"@type\":\"PropertyValueSpecification\",\"valueRequired\":true,\"valueName\":\"search_term_string\"}}],\"inLanguage\":\"es\"}]}<\/script>\n<!-- \/ Yoast SEO plugin. -->","yoast_head_json":{"title":"Brocas Timber Pro - CS Unitec","description":"Broca para machos Timber Pro Brocas para machos secos multimaterial dise\u00f1adas principalmente para madera, pero tambi\u00e9n capaces de cortar pl\u00e1stico, metal (clavos\/tornillos) y mamposter\u00eda","robots":{"index":"index","follow":"follow","max-snippet":"max-snippet:-1","max-image-preview":"max-image-preview:large","max-video-preview":"max-video-preview:-1"},"canonical":"https:\/\/csunitec.com\/es\/producto\/brocas-timber-pro\/","og_locale":"es_ES","og_type":"article","og_title":"Brocas Timber Pro - CS Unitec","og_description":"Broca para machos Timber Pro Brocas para machos secos multimaterial dise\u00f1adas principalmente para madera, pero tambi\u00e9n capaces de cortar pl\u00e1stico, metal (clavos\/tornillos) y mamposter\u00eda","og_url":"https:\/\/csunitec.com\/es\/producto\/brocas-timber-pro\/","og_site_name":"CS Unitec","article_modified_time":"2026-04-26T20:59:08+00:00","og_image":[{"width":2012,"height":2012,"url":"https:\/\/csunitec.com\/wp-content\/uploads\/2026\/04\/TPM_182-1.jpg","type":"image\/jpeg"}],"twitter_card":"summary_large_image","schema":{"@context":"https:\/\/schema.org","@graph":[{"@type":"WebPage","@id":"https:\/\/csunitec.com\/es\/producto\/brocas-timber-pro\/","url":"https:\/\/csunitec.com\/es\/producto\/brocas-timber-pro\/","name":"Brocas Timber Pro - CS Unitec","isPartOf":{"@id":"https:\/\/csunitec.com\/es\/#website"},"primaryImageOfPage":{"@id":"https:\/\/csunitec.com\/es\/producto\/brocas-timber-pro\/#primaryimage"},"image":{"@id":"https:\/\/csunitec.com\/es\/producto\/brocas-timber-pro\/#primaryimage"},"thumbnailUrl":"https:\/\/csunitec.com\/wp-content\/uploads\/2026\/04\/TPM_182-1.jpg","datePublished":"2026-04-14T13:22:30+00:00","dateModified":"2026-04-26T20:59:08+00:00","description":"Broca para machos Timber Pro Brocas para machos secos multimaterial dise\u00f1adas principalmente para madera, pero tambi\u00e9n capaces de cortar pl\u00e1stico, metal (clavos\/tornillos) y mamposter\u00eda","breadcrumb":{"@id":"https:\/\/csunitec.com\/es\/producto\/brocas-timber-pro\/#breadcrumb"},"inLanguage":"es","potentialAction":[{"@type":"ReadAction","target":["https:\/\/csunitec.com\/es\/producto\/brocas-timber-pro\/"]}]},{"@type":"ImageObject","inLanguage":"es","@id":"https:\/\/csunitec.com\/es\/producto\/brocas-timber-pro\/#primaryimage","url":"https:\/\/csunitec.com\/wp-content\/uploads\/2026\/04\/TPM_182-1.jpg","contentUrl":"https:\/\/csunitec.com\/wp-content\/uploads\/2026\/04\/TPM_182-1.jpg","width":2000,"height":2000},{"@type":"BreadcrumbList","@id":"https:\/\/csunitec.com\/es\/producto\/brocas-timber-pro\/#breadcrumb","itemListElement":[{"@type":"ListItem","position":1,"name":"Inicio","item":"https:\/\/csunitec.com\/es\/"},{"@type":"ListItem","position":2,"name":"Tienda","item":"https:\/\/csunitec.com\/es\/tienda\/"},{"@type":"ListItem","position":3,"name":"Brocas Timber Pro"}]},{"@type":"WebSite","@id":"https:\/\/csunitec.com\/es\/#website","url":"https:\/\/csunitec.com\/es\/","name":"CS Unitec","description":"","potentialAction":[{"@type":"SearchAction","target":{"@type":"EntryPoint","urlTemplate":"https:\/\/csunitec.com\/es\/?s={search_term_string}"},"query-input":{"@type":"PropertyValueSpecification","valueRequired":true,"valueName":"search_term_string"}}],"inLanguage":"es"}]}},"_links":{"self":[{"href":"https:\/\/csunitec.com\/es\/wp-json\/wp\/v2\/product\/174198","targetHints":{"allow":["GET"]}}],"collection":[{"href":"https:\/\/csunitec.com\/es\/wp-json\/wp\/v2\/product"}],"about":[{"href":"https:\/\/csunitec.com\/es\/wp-json\/wp\/v2\/types\/product"}],"wp:featuredmedia":[{"embeddable":true,"href":"https:\/\/csunitec.com\/es\/wp-json\/wp\/v2\/media\/173817"}],"wp:attachment":[{"href":"https:\/\/csunitec.com\/es\/wp-json\/wp\/v2\/media?parent=174198"}],"wp:term":[{"taxonomy":"product_brand","embeddable":true,"href":"https:\/\/csunitec.com\/es\/wp-json\/wp\/v2\/product_brand?post=174198"},{"taxonomy":"product_cat","embeddable":true,"href":"https:\/\/csunitec.com\/es\/wp-json\/wp\/v2\/product_cat?post=174198"},{"taxonomy":"product_tag","embeddable":true,"href":"https:\/\/csunitec.com\/es\/wp-json\/wp\/v2\/product_tag?post=174198"},{"taxonomy":"accessory_type","embeddable":true,"href":"https:\/\/csunitec.com\/es\/wp-json\/wp\/v2\/accessory_type?post=174198"},{"taxonomy":"application","embeddable":true,"href":"https:\/\/csunitec.com\/es\/wp-json\/wp\/v2\/application?post=174198"},{"taxonomy":"hand_tool_type","embeddable":true,"href":"https:\/\/csunitec.com\/es\/wp-json\/wp\/v2\/hand_tool_type?post=174198"},{"taxonomy":"industry","embeddable":true,"href":"https:\/\/csunitec.com\/es\/wp-json\/wp\/v2\/industry?post=174198"},{"taxonomy":"material","embeddable":true,"href":"https:\/\/csunitec.com\/es\/wp-json\/wp\/v2\/material?post=174198"},{"taxonomy":"power_tool_type","embeddable":true,"href":"https:\/\/csunitec.com\/es\/wp-json\/wp\/v2\/power_tool_type?post=174198"},{"taxonomy":"power_type","embeddable":true,"href":"https:\/\/csunitec.com\/es\/wp-json\/wp\/v2\/power_type?post=174198"},{"taxonomy":"subcategory","embeddable":true,"href":"https:\/\/csunitec.com\/es\/wp-json\/wp\/v2\/subcategory?post=174198"},{"taxonomy":"tool_type","embeddable":true,"href":"https:\/\/csunitec.com\/es\/wp-json\/wp\/v2\/tool_type?post=174198"}],"curies":[{"name":"wp","href":"https:\/\/api.w.org\/{rel}","templated":true}]}}