{"id":174226,"date":"2026-01-16T20:53:40","date_gmt":"2026-01-16T20:53:40","guid":{"rendered":"https:\/\/stgcsunitec.wpenginepowered.com\/product\/nuevo-emab-450-a-pilas\/"},"modified":"2026-04-26T16:58:31","modified_gmt":"2026-04-26T20:58:31","slug":"nuevo-emab-450-a-pilas","status":"publish","type":"product","link":"https:\/\/csunitec.com\/es\/producto\/nuevo-emab-450-a-pilas\/","title":{"rendered":"<span style=\"color:red; font-weight: 800;\"><em>NUEVO<\/em><\/span> eMAB 450 &#8211; A pilas"},"content":{"rendered":"<ul>\n<li>La eMAB 450 es una m\u00e1quina alimentada por bater\u00eda para perforar in situ en reparaciones de equipos, adaptaciones y mantenimiento de instalaciones.<\/li>\n<li>\u00datil en plantas, almacenes y edificios industriales.<\/li>\n<li>Taladrar agujeros de montaje para soportes de conductos, bandejas de cables, soportes de climatizaci\u00f3n y sistemas mec\u00e1nicos.<\/li>\n<li>Perforaci\u00f3n vertical y horizontal en vigas en I, canales y estructuras de acero.<\/li>\n<li>Adecuado para instalar escuadras, soportes y uniones atornilladas.<\/li>\n<\/ul>\n","protected":false},"excerpt":{"rendered":"<ul class=\"alexcss\">\n<li>Capacidad de corte: 1-9\/16&#8243; de di\u00e1metro<\/li>\n<li>Capacidad de la broca helicoidal: 7\/8&#8243; de di\u00e1metro<\/li>\n<li>Carrera: 5-5\/16&#8243;<\/li>\n<li>Motor de 5 velocidades<\/li>\n<\/ul>\n<div class=\"alexcss\"><img decoding=\"async\" class=\"producticon\" src=\"https:\/\/csunitec.com\/wp-content\/uploads\/2026\/01\/ICON_eMAB-450.png\" alt=\"\" width=\"400\" height=\"\" loading=\"lazy\"><\/div>\n","protected":false},"featured_media":171706,"template":"","meta":[],"product_brand":[],"product_cat":[935],"product_tag":[941,942,956],"accessory_type":[],"application":[930],"hand_tool_type":[],"industry":[933],"material":[],"power_tool_type":[934],"power_type":[936],"subcategory":[940],"tool_type":[946],"class_list":{"0":"post-174226","1":"product","2":"type-product","3":"status-publish","4":"has-post-thumbnail","6":"product_cat-taladros","7":"product_tag-taladros-magneticos-electricos","8":"product_tag-taladros-magneticos","9":"product_tag-bateria","10":"application-perforacion-y-fijacion-2","11":"industry-metalurgia-2","12":"power_tool_type-taladro-magnetico","13":"power_type-electrico","14":"subcategory-taladros-magneticos","15":"tool_type-herramienta-electrica","17":"first","18":"instock","19":"shipping-taxable","20":"purchasable","21":"product-type-variable"},"yoast_head":"<!-- This site is optimized with the Yoast SEO plugin v27.5 - https:\/\/yoast.com\/product\/yoast-seo-wordpress\/ -->\n<title>NUEVO eMAB 450 - A pilas - CS Unitec<\/title>\n<meta name=\"description\" content=\"La eMAB 450 es una taladradora magn\u00e9tica port\u00e1til de alta velocidad, alimentada por bater\u00eda, para taladrar metales y acero estructural.\" \/>\n<meta name=\"robots\" content=\"index, follow, max-snippet:-1, max-image-preview:large, max-video-preview:-1\" \/>\n<link rel=\"canonical\" href=\"https:\/\/csunitec.com\/es\/producto\/nuevo-emab-450-a-pilas\/\" \/>\n<meta property=\"og:locale\" content=\"es_ES\" \/>\n<meta property=\"og:type\" content=\"article\" \/>\n<meta property=\"og:title\" content=\"NUEVO eMAB 450 - A pilas - CS Unitec\" \/>\n<meta property=\"og:description\" content=\"La eMAB 450 es una taladradora magn\u00e9tica port\u00e1til de alta velocidad, alimentada por bater\u00eda, para taladrar metales y acero estructural.\" \/>\n<meta property=\"og:url\" content=\"https:\/\/csunitec.com\/es\/producto\/nuevo-emab-450-a-pilas\/\" \/>\n<meta property=\"og:site_name\" content=\"CS Unitec\" \/>\n<meta property=\"article:modified_time\" content=\"2026-04-26T20:58:31+00:00\" \/>\n<meta property=\"og:image\" content=\"https:\/\/csunitec.com\/wp-content\/uploads\/2026\/01\/IMG_eMAB-450.jpg\" \/>\n\t<meta property=\"og:image:width\" content=\"1000\" \/>\n\t<meta property=\"og:image:height\" content=\"1000\" \/>\n\t<meta property=\"og:image:type\" content=\"image\/jpeg\" \/>\n<meta name=\"twitter:card\" content=\"summary_large_image\" \/>\n<script type=\"application\/ld+json\" class=\"yoast-schema-graph\">{\"@context\":\"https:\\\/\\\/schema.org\",\"@graph\":[{\"@type\":\"WebPage\",\"@id\":\"https:\\\/\\\/csunitec.com\\\/es\\\/producto\\\/nuevo-emab-450-a-pilas\\\/\",\"url\":\"https:\\\/\\\/csunitec.com\\\/es\\\/producto\\\/nuevo-emab-450-a-pilas\\\/\",\"name\":\"NUEVO eMAB 450 - A pilas - CS Unitec\",\"isPartOf\":{\"@id\":\"https:\\\/\\\/csunitec.com\\\/es\\\/#website\"},\"primaryImageOfPage\":{\"@id\":\"https:\\\/\\\/csunitec.com\\\/es\\\/producto\\\/nuevo-emab-450-a-pilas\\\/#primaryimage\"},\"image\":{\"@id\":\"https:\\\/\\\/csunitec.com\\\/es\\\/producto\\\/nuevo-emab-450-a-pilas\\\/#primaryimage\"},\"thumbnailUrl\":\"https:\\\/\\\/csunitec.com\\\/wp-content\\\/uploads\\\/2026\\\/01\\\/IMG_eMAB-450.jpg\",\"datePublished\":\"2026-01-16T20:53:40+00:00\",\"dateModified\":\"2026-04-26T20:58:31+00:00\",\"description\":\"La eMAB 450 es una taladradora magn\u00e9tica port\u00e1til de alta velocidad, alimentada por bater\u00eda, para taladrar metales y acero estructural.\",\"breadcrumb\":{\"@id\":\"https:\\\/\\\/csunitec.com\\\/es\\\/producto\\\/nuevo-emab-450-a-pilas\\\/#breadcrumb\"},\"inLanguage\":\"es\",\"potentialAction\":[{\"@type\":\"ReadAction\",\"target\":[\"https:\\\/\\\/csunitec.com\\\/es\\\/producto\\\/nuevo-emab-450-a-pilas\\\/\"]}]},{\"@type\":\"ImageObject\",\"inLanguage\":\"es\",\"@id\":\"https:\\\/\\\/csunitec.com\\\/es\\\/producto\\\/nuevo-emab-450-a-pilas\\\/#primaryimage\",\"url\":\"https:\\\/\\\/csunitec.com\\\/wp-content\\\/uploads\\\/2026\\\/01\\\/IMG_eMAB-450.jpg\",\"contentUrl\":\"https:\\\/\\\/csunitec.com\\\/wp-content\\\/uploads\\\/2026\\\/01\\\/IMG_eMAB-450.jpg\",\"width\":1000,\"height\":1000},{\"@type\":\"BreadcrumbList\",\"@id\":\"https:\\\/\\\/csunitec.com\\\/es\\\/producto\\\/nuevo-emab-450-a-pilas\\\/#breadcrumb\",\"itemListElement\":[{\"@type\":\"ListItem\",\"position\":1,\"name\":\"Inicio\",\"item\":\"https:\\\/\\\/csunitec.com\\\/es\\\/\"},{\"@type\":\"ListItem\",\"position\":2,\"name\":\"Tienda\",\"item\":\"https:\\\/\\\/csunitec.com\\\/es\\\/tienda\\\/\"},{\"@type\":\"ListItem\",\"position\":3,\"name\":\"NUEVO eMAB 450 &#8211; A pilas\"}]},{\"@type\":\"WebSite\",\"@id\":\"https:\\\/\\\/csunitec.com\\\/es\\\/#website\",\"url\":\"https:\\\/\\\/csunitec.com\\\/es\\\/\",\"name\":\"CS Unitec\",\"description\":\"\",\"potentialAction\":[{\"@type\":\"SearchAction\",\"target\":{\"@type\":\"EntryPoint\",\"urlTemplate\":\"https:\\\/\\\/csunitec.com\\\/es\\\/?s={search_term_string}\"},\"query-input\":{\"@type\":\"PropertyValueSpecification\",\"valueRequired\":true,\"valueName\":\"search_term_string\"}}],\"inLanguage\":\"es\"}]}<\/script>\n<!-- \/ Yoast SEO plugin. -->","yoast_head_json":{"title":"NUEVO eMAB 450 - A pilas - CS Unitec","description":"La eMAB 450 es una taladradora magn\u00e9tica port\u00e1til de alta velocidad, alimentada por bater\u00eda, para taladrar metales y acero estructural.","robots":{"index":"index","follow":"follow","max-snippet":"max-snippet:-1","max-image-preview":"max-image-preview:large","max-video-preview":"max-video-preview:-1"},"canonical":"https:\/\/csunitec.com\/es\/producto\/nuevo-emab-450-a-pilas\/","og_locale":"es_ES","og_type":"article","og_title":"NUEVO eMAB 450 - A pilas - CS Unitec","og_description":"La eMAB 450 es una taladradora magn\u00e9tica port\u00e1til de alta velocidad, alimentada por bater\u00eda, para taladrar metales y acero estructural.","og_url":"https:\/\/csunitec.com\/es\/producto\/nuevo-emab-450-a-pilas\/","og_site_name":"CS Unitec","article_modified_time":"2026-04-26T20:58:31+00:00","og_image":[{"width":1000,"height":1000,"url":"https:\/\/csunitec.com\/wp-content\/uploads\/2026\/01\/IMG_eMAB-450.jpg","type":"image\/jpeg"}],"twitter_card":"summary_large_image","schema":{"@context":"https:\/\/schema.org","@graph":[{"@type":"WebPage","@id":"https:\/\/csunitec.com\/es\/producto\/nuevo-emab-450-a-pilas\/","url":"https:\/\/csunitec.com\/es\/producto\/nuevo-emab-450-a-pilas\/","name":"NUEVO eMAB 450 - A pilas - CS Unitec","isPartOf":{"@id":"https:\/\/csunitec.com\/es\/#website"},"primaryImageOfPage":{"@id":"https:\/\/csunitec.com\/es\/producto\/nuevo-emab-450-a-pilas\/#primaryimage"},"image":{"@id":"https:\/\/csunitec.com\/es\/producto\/nuevo-emab-450-a-pilas\/#primaryimage"},"thumbnailUrl":"https:\/\/csunitec.com\/wp-content\/uploads\/2026\/01\/IMG_eMAB-450.jpg","datePublished":"2026-01-16T20:53:40+00:00","dateModified":"2026-04-26T20:58:31+00:00","description":"La eMAB 450 es una taladradora magn\u00e9tica port\u00e1til de alta velocidad, alimentada por bater\u00eda, para taladrar metales y acero estructural.","breadcrumb":{"@id":"https:\/\/csunitec.com\/es\/producto\/nuevo-emab-450-a-pilas\/#breadcrumb"},"inLanguage":"es","potentialAction":[{"@type":"ReadAction","target":["https:\/\/csunitec.com\/es\/producto\/nuevo-emab-450-a-pilas\/"]}]},{"@type":"ImageObject","inLanguage":"es","@id":"https:\/\/csunitec.com\/es\/producto\/nuevo-emab-450-a-pilas\/#primaryimage","url":"https:\/\/csunitec.com\/wp-content\/uploads\/2026\/01\/IMG_eMAB-450.jpg","contentUrl":"https:\/\/csunitec.com\/wp-content\/uploads\/2026\/01\/IMG_eMAB-450.jpg","width":1000,"height":1000},{"@type":"BreadcrumbList","@id":"https:\/\/csunitec.com\/es\/producto\/nuevo-emab-450-a-pilas\/#breadcrumb","itemListElement":[{"@type":"ListItem","position":1,"name":"Inicio","item":"https:\/\/csunitec.com\/es\/"},{"@type":"ListItem","position":2,"name":"Tienda","item":"https:\/\/csunitec.com\/es\/tienda\/"},{"@type":"ListItem","position":3,"name":"NUEVO eMAB 450 &#8211; A pilas"}]},{"@type":"WebSite","@id":"https:\/\/csunitec.com\/es\/#website","url":"https:\/\/csunitec.com\/es\/","name":"CS Unitec","description":"","potentialAction":[{"@type":"SearchAction","target":{"@type":"EntryPoint","urlTemplate":"https:\/\/csunitec.com\/es\/?s={search_term_string}"},"query-input":{"@type":"PropertyValueSpecification","valueRequired":true,"valueName":"search_term_string"}}],"inLanguage":"es"}]}},"_links":{"self":[{"href":"https:\/\/csunitec.com\/es\/wp-json\/wp\/v2\/product\/174226","targetHints":{"allow":["GET"]}}],"collection":[{"href":"https:\/\/csunitec.com\/es\/wp-json\/wp\/v2\/product"}],"about":[{"href":"https:\/\/csunitec.com\/es\/wp-json\/wp\/v2\/types\/product"}],"wp:featuredmedia":[{"embeddable":true,"href":"https:\/\/csunitec.com\/es\/wp-json\/wp\/v2\/media\/171706"}],"wp:attachment":[{"href":"https:\/\/csunitec.com\/es\/wp-json\/wp\/v2\/media?parent=174226"}],"wp:term":[{"taxonomy":"product_brand","embeddable":true,"href":"https:\/\/csunitec.com\/es\/wp-json\/wp\/v2\/product_brand?post=174226"},{"taxonomy":"product_cat","embeddable":true,"href":"https:\/\/csunitec.com\/es\/wp-json\/wp\/v2\/product_cat?post=174226"},{"taxonomy":"product_tag","embeddable":true,"href":"https:\/\/csunitec.com\/es\/wp-json\/wp\/v2\/product_tag?post=174226"},{"taxonomy":"accessory_type","embeddable":true,"href":"https:\/\/csunitec.com\/es\/wp-json\/wp\/v2\/accessory_type?post=174226"},{"taxonomy":"application","embeddable":true,"href":"https:\/\/csunitec.com\/es\/wp-json\/wp\/v2\/application?post=174226"},{"taxonomy":"hand_tool_type","embeddable":true,"href":"https:\/\/csunitec.com\/es\/wp-json\/wp\/v2\/hand_tool_type?post=174226"},{"taxonomy":"industry","embeddable":true,"href":"https:\/\/csunitec.com\/es\/wp-json\/wp\/v2\/industry?post=174226"},{"taxonomy":"material","embeddable":true,"href":"https:\/\/csunitec.com\/es\/wp-json\/wp\/v2\/material?post=174226"},{"taxonomy":"power_tool_type","embeddable":true,"href":"https:\/\/csunitec.com\/es\/wp-json\/wp\/v2\/power_tool_type?post=174226"},{"taxonomy":"power_type","embeddable":true,"href":"https:\/\/csunitec.com\/es\/wp-json\/wp\/v2\/power_type?post=174226"},{"taxonomy":"subcategory","embeddable":true,"href":"https:\/\/csunitec.com\/es\/wp-json\/wp\/v2\/subcategory?post=174226"},{"taxonomy":"tool_type","embeddable":true,"href":"https:\/\/csunitec.com\/es\/wp-json\/wp\/v2\/tool_type?post=174226"}],"curies":[{"name":"wp","href":"https:\/\/api.w.org\/{rel}","templated":true}]}}