{"id":174232,"date":"2025-01-21T17:00:31","date_gmt":"2025-01-21T22:00:31","guid":{"rendered":"https:\/\/stgcsunitec.wpenginepowered.com\/product\/cinceles-sds-max\/"},"modified":"2026-05-07T21:16:23","modified_gmt":"2026-05-08T01:16:23","slug":"cinceles-sds-max","status":"publish","type":"product","link":"https:\/\/csunitec.com\/es\/producto\/cinceles-sds-max\/","title":{"rendered":"Cinceles SDS Max"},"content":{"rendered":"<ul>\n<li>Cinceles SDS Max para martillos perforadores de 2<\/li>\n<li>Ideal para romper losas de hormig\u00f3n, cimientos, zapatas, muros y elementos estructurales.<\/li>\n<li>Eficaz para desportillar y romper ladrillos, bloques, piedra y juntas de mortero.<\/li>\n<li>Funciona bien en entornos confinados, h\u00famedos o peligrosos donde se utilizan martillos neum\u00e1ticos o hidr\u00e1ulicos SDS-Max.<\/li>\n<li>\u00datil para la demolici\u00f3n selectiva, eliminando materiales viejos sin da\u00f1ar las estructuras circundantes.<\/li>\n<\/ul>\n","protected":false},"excerpt":{"rendered":"<ul>\n<li>Para martillos perforadores de 2<\/li>\n<li>M\u00e1ximo rendimiento y mayor duraci\u00f3n de la perforaci\u00f3n<\/li>\n<li>Bajo coste por agujero<\/li>\n<li>Cinceles para diversas aplicaciones<\/li>\n<\/ul>\n","protected":false},"featured_media":15535,"template":"","meta":[],"product_brand":[],"product_cat":[935],"product_tag":[957,958],"accessory_type":[927],"application":[930],"hand_tool_type":[],"industry":[933],"material":[],"power_tool_type":[],"power_type":[],"subcategory":[959],"tool_type":[943],"class_list":{"0":"post-174232","1":"product","2":"type-product","3":"status-publish","4":"has-post-thumbnail","6":"product_cat-taladros","7":"product_tag-accesorios-para-martillos-perforadores","8":"product_tag-accesorios-sds-max","9":"accessory_type-accesorio","10":"application-perforacion-y-fijacion-2","11":"industry-metalurgia-2","12":"subcategory-martillos-perforadores-rotativos","13":"tool_type-accesorio","15":"first","16":"instock","17":"shipping-taxable","18":"purchasable","19":"product-type-variable"},"yoast_head":"<!-- This site is optimized with the Yoast SEO plugin v27.5 - https:\/\/yoast.com\/product\/yoast-seo-wordpress\/ -->\n<title>Cinceles SDS Max - CS Unitec<\/title>\n<meta name=\"description\" content=\"Los cinceles SDS Max ofrecen un rendimiento resistente para romper hormig\u00f3n, ladrillo, piedra y asfalto. Dise\u00f1ados para uso continuo.\" \/>\n<meta name=\"robots\" content=\"index, follow, max-snippet:-1, max-image-preview:large, max-video-preview:-1\" \/>\n<link rel=\"canonical\" href=\"https:\/\/csunitec.com\/es\/producto\/cinceles-sds-max\/\" \/>\n<meta property=\"og:locale\" content=\"es_ES\" \/>\n<meta property=\"og:type\" content=\"article\" \/>\n<meta property=\"og:title\" content=\"Cinceles SDS Max - CS Unitec\" \/>\n<meta property=\"og:description\" content=\"Los cinceles SDS Max ofrecen un rendimiento resistente para romper hormig\u00f3n, ladrillo, piedra y asfalto. Dise\u00f1ados para uso continuo.\" \/>\n<meta property=\"og:url\" content=\"https:\/\/csunitec.com\/es\/producto\/cinceles-sds-max\/\" \/>\n<meta property=\"og:site_name\" content=\"CS Unitec\" \/>\n<meta property=\"article:modified_time\" content=\"2026-05-08T01:16:23+00:00\" \/>\n<meta property=\"og:image\" content=\"https:\/\/csunitec.com\/wp-content\/uploads\/2025\/03\/Long-Reach-AlBr-Chisel-7.png\" \/>\n\t<meta property=\"og:image:width\" content=\"1000\" \/>\n\t<meta property=\"og:image:height\" content=\"1000\" \/>\n\t<meta property=\"og:image:type\" content=\"image\/png\" \/>\n<meta name=\"twitter:card\" content=\"summary_large_image\" \/>\n<script type=\"application\/ld+json\" class=\"yoast-schema-graph\">{\"@context\":\"https:\\\/\\\/schema.org\",\"@graph\":[{\"@type\":\"WebPage\",\"@id\":\"https:\\\/\\\/csunitec.com\\\/es\\\/producto\\\/cinceles-sds-max\\\/\",\"url\":\"https:\\\/\\\/csunitec.com\\\/es\\\/producto\\\/cinceles-sds-max\\\/\",\"name\":\"Cinceles SDS Max - CS Unitec\",\"isPartOf\":{\"@id\":\"https:\\\/\\\/csunitec.com\\\/es\\\/#website\"},\"primaryImageOfPage\":{\"@id\":\"https:\\\/\\\/csunitec.com\\\/es\\\/producto\\\/cinceles-sds-max\\\/#primaryimage\"},\"image\":{\"@id\":\"https:\\\/\\\/csunitec.com\\\/es\\\/producto\\\/cinceles-sds-max\\\/#primaryimage\"},\"thumbnailUrl\":\"https:\\\/\\\/csunitec.com\\\/wp-content\\\/uploads\\\/2025\\\/03\\\/Long-Reach-AlBr-Chisel-7.png\",\"datePublished\":\"2025-01-21T22:00:31+00:00\",\"dateModified\":\"2026-05-08T01:16:23+00:00\",\"description\":\"Los cinceles SDS Max ofrecen un rendimiento resistente para romper hormig\u00f3n, ladrillo, piedra y asfalto. Dise\u00f1ados para uso continuo.\",\"breadcrumb\":{\"@id\":\"https:\\\/\\\/csunitec.com\\\/es\\\/producto\\\/cinceles-sds-max\\\/#breadcrumb\"},\"inLanguage\":\"es\",\"potentialAction\":[{\"@type\":\"ReadAction\",\"target\":[\"https:\\\/\\\/csunitec.com\\\/es\\\/producto\\\/cinceles-sds-max\\\/\"]}]},{\"@type\":\"ImageObject\",\"inLanguage\":\"es\",\"@id\":\"https:\\\/\\\/csunitec.com\\\/es\\\/producto\\\/cinceles-sds-max\\\/#primaryimage\",\"url\":\"https:\\\/\\\/csunitec.com\\\/wp-content\\\/uploads\\\/2025\\\/03\\\/Long-Reach-AlBr-Chisel-7.png\",\"contentUrl\":\"https:\\\/\\\/csunitec.com\\\/wp-content\\\/uploads\\\/2025\\\/03\\\/Long-Reach-AlBr-Chisel-7.png\",\"width\":1000,\"height\":1000},{\"@type\":\"BreadcrumbList\",\"@id\":\"https:\\\/\\\/csunitec.com\\\/es\\\/producto\\\/cinceles-sds-max\\\/#breadcrumb\",\"itemListElement\":[{\"@type\":\"ListItem\",\"position\":1,\"name\":\"Inicio\",\"item\":\"https:\\\/\\\/csunitec.com\\\/es\\\/\"},{\"@type\":\"ListItem\",\"position\":2,\"name\":\"Tienda\",\"item\":\"https:\\\/\\\/csunitec.com\\\/es\\\/tienda\\\/\"},{\"@type\":\"ListItem\",\"position\":3,\"name\":\"Cinceles SDS Max\"}]},{\"@type\":\"WebSite\",\"@id\":\"https:\\\/\\\/csunitec.com\\\/es\\\/#website\",\"url\":\"https:\\\/\\\/csunitec.com\\\/es\\\/\",\"name\":\"CS Unitec\",\"description\":\"\",\"potentialAction\":[{\"@type\":\"SearchAction\",\"target\":{\"@type\":\"EntryPoint\",\"urlTemplate\":\"https:\\\/\\\/csunitec.com\\\/es\\\/?s={search_term_string}\"},\"query-input\":{\"@type\":\"PropertyValueSpecification\",\"valueRequired\":true,\"valueName\":\"search_term_string\"}}],\"inLanguage\":\"es\"}]}<\/script>\n<!-- \/ Yoast SEO plugin. -->","yoast_head_json":{"title":"Cinceles SDS Max - CS Unitec","description":"Los cinceles SDS Max ofrecen un rendimiento resistente para romper hormig\u00f3n, ladrillo, piedra y asfalto. Dise\u00f1ados para uso continuo.","robots":{"index":"index","follow":"follow","max-snippet":"max-snippet:-1","max-image-preview":"max-image-preview:large","max-video-preview":"max-video-preview:-1"},"canonical":"https:\/\/csunitec.com\/es\/producto\/cinceles-sds-max\/","og_locale":"es_ES","og_type":"article","og_title":"Cinceles SDS Max - CS Unitec","og_description":"Los cinceles SDS Max ofrecen un rendimiento resistente para romper hormig\u00f3n, ladrillo, piedra y asfalto. Dise\u00f1ados para uso continuo.","og_url":"https:\/\/csunitec.com\/es\/producto\/cinceles-sds-max\/","og_site_name":"CS Unitec","article_modified_time":"2026-05-08T01:16:23+00:00","og_image":[{"width":1000,"height":1000,"url":"https:\/\/csunitec.com\/wp-content\/uploads\/2025\/03\/Long-Reach-AlBr-Chisel-7.png","type":"image\/png"}],"twitter_card":"summary_large_image","schema":{"@context":"https:\/\/schema.org","@graph":[{"@type":"WebPage","@id":"https:\/\/csunitec.com\/es\/producto\/cinceles-sds-max\/","url":"https:\/\/csunitec.com\/es\/producto\/cinceles-sds-max\/","name":"Cinceles SDS Max - CS Unitec","isPartOf":{"@id":"https:\/\/csunitec.com\/es\/#website"},"primaryImageOfPage":{"@id":"https:\/\/csunitec.com\/es\/producto\/cinceles-sds-max\/#primaryimage"},"image":{"@id":"https:\/\/csunitec.com\/es\/producto\/cinceles-sds-max\/#primaryimage"},"thumbnailUrl":"https:\/\/csunitec.com\/wp-content\/uploads\/2025\/03\/Long-Reach-AlBr-Chisel-7.png","datePublished":"2025-01-21T22:00:31+00:00","dateModified":"2026-05-08T01:16:23+00:00","description":"Los cinceles SDS Max ofrecen un rendimiento resistente para romper hormig\u00f3n, ladrillo, piedra y asfalto. Dise\u00f1ados para uso continuo.","breadcrumb":{"@id":"https:\/\/csunitec.com\/es\/producto\/cinceles-sds-max\/#breadcrumb"},"inLanguage":"es","potentialAction":[{"@type":"ReadAction","target":["https:\/\/csunitec.com\/es\/producto\/cinceles-sds-max\/"]}]},{"@type":"ImageObject","inLanguage":"es","@id":"https:\/\/csunitec.com\/es\/producto\/cinceles-sds-max\/#primaryimage","url":"https:\/\/csunitec.com\/wp-content\/uploads\/2025\/03\/Long-Reach-AlBr-Chisel-7.png","contentUrl":"https:\/\/csunitec.com\/wp-content\/uploads\/2025\/03\/Long-Reach-AlBr-Chisel-7.png","width":1000,"height":1000},{"@type":"BreadcrumbList","@id":"https:\/\/csunitec.com\/es\/producto\/cinceles-sds-max\/#breadcrumb","itemListElement":[{"@type":"ListItem","position":1,"name":"Inicio","item":"https:\/\/csunitec.com\/es\/"},{"@type":"ListItem","position":2,"name":"Tienda","item":"https:\/\/csunitec.com\/es\/tienda\/"},{"@type":"ListItem","position":3,"name":"Cinceles SDS Max"}]},{"@type":"WebSite","@id":"https:\/\/csunitec.com\/es\/#website","url":"https:\/\/csunitec.com\/es\/","name":"CS Unitec","description":"","potentialAction":[{"@type":"SearchAction","target":{"@type":"EntryPoint","urlTemplate":"https:\/\/csunitec.com\/es\/?s={search_term_string}"},"query-input":{"@type":"PropertyValueSpecification","valueRequired":true,"valueName":"search_term_string"}}],"inLanguage":"es"}]}},"_links":{"self":[{"href":"https:\/\/csunitec.com\/es\/wp-json\/wp\/v2\/product\/174232","targetHints":{"allow":["GET"]}}],"collection":[{"href":"https:\/\/csunitec.com\/es\/wp-json\/wp\/v2\/product"}],"about":[{"href":"https:\/\/csunitec.com\/es\/wp-json\/wp\/v2\/types\/product"}],"wp:featuredmedia":[{"embeddable":true,"href":"https:\/\/csunitec.com\/es\/wp-json\/wp\/v2\/media\/15535"}],"wp:attachment":[{"href":"https:\/\/csunitec.com\/es\/wp-json\/wp\/v2\/media?parent=174232"}],"wp:term":[{"taxonomy":"product_brand","embeddable":true,"href":"https:\/\/csunitec.com\/es\/wp-json\/wp\/v2\/product_brand?post=174232"},{"taxonomy":"product_cat","embeddable":true,"href":"https:\/\/csunitec.com\/es\/wp-json\/wp\/v2\/product_cat?post=174232"},{"taxonomy":"product_tag","embeddable":true,"href":"https:\/\/csunitec.com\/es\/wp-json\/wp\/v2\/product_tag?post=174232"},{"taxonomy":"accessory_type","embeddable":true,"href":"https:\/\/csunitec.com\/es\/wp-json\/wp\/v2\/accessory_type?post=174232"},{"taxonomy":"application","embeddable":true,"href":"https:\/\/csunitec.com\/es\/wp-json\/wp\/v2\/application?post=174232"},{"taxonomy":"hand_tool_type","embeddable":true,"href":"https:\/\/csunitec.com\/es\/wp-json\/wp\/v2\/hand_tool_type?post=174232"},{"taxonomy":"industry","embeddable":true,"href":"https:\/\/csunitec.com\/es\/wp-json\/wp\/v2\/industry?post=174232"},{"taxonomy":"material","embeddable":true,"href":"https:\/\/csunitec.com\/es\/wp-json\/wp\/v2\/material?post=174232"},{"taxonomy":"power_tool_type","embeddable":true,"href":"https:\/\/csunitec.com\/es\/wp-json\/wp\/v2\/power_tool_type?post=174232"},{"taxonomy":"power_type","embeddable":true,"href":"https:\/\/csunitec.com\/es\/wp-json\/wp\/v2\/power_type?post=174232"},{"taxonomy":"subcategory","embeddable":true,"href":"https:\/\/csunitec.com\/es\/wp-json\/wp\/v2\/subcategory?post=174232"},{"taxonomy":"tool_type","embeddable":true,"href":"https:\/\/csunitec.com\/es\/wp-json\/wp\/v2\/tool_type?post=174232"}],"curies":[{"name":"wp","href":"https:\/\/api.w.org\/{rel}","templated":true}]}}