{"id":174269,"date":"2025-01-21T20:48:33","date_gmt":"2025-01-21T20:48:33","guid":{"rendered":"https:\/\/stgcsunitec.wpenginepowered.com\/product\/brocas-sds-max\/"},"modified":"2026-04-26T16:55:54","modified_gmt":"2026-04-26T20:55:54","slug":"brocas-sds-max","status":"publish","type":"product","link":"https:\/\/csunitec.com\/es\/producto\/brocas-sds-max\/","title":{"rendered":"Brocas SDS Max"},"content":{"rendered":"<ul>\n<li>Brocas SDS Max especialmente dise\u00f1adas y fabricadas para utilizarlas en nuestras taladradoras <a href=\"https:\/\/www.csunitec.com\/drills\/hammer-drills-air-hydraulic\/air-rotary-hammer-drills\/sds-max-pneumatic-rotary-hammer-drill-2-2417-0010\">neum\u00e1ticas de percusi\u00f3n rotatoria<\/a> de <a href=\"https:\/\/www.csunitec.com\/drills\/hammer-drills-air-hydraulic\/hydraulic-rotary-hammer-drills\/sds-max-hydraulic-rotary-hammer-drill-2-2418-0010\">2 \u00bb y nuestras taladradoras hidr\u00e1ulicas de percusi\u00f3n rotatoria de 2&#8243;.<\/a><\/li>\n<li>Dise\u00f1adas con puntas de carburo de alto rendimiento para penetrar r\u00e1pidamente en hormig\u00f3n, mamposter\u00eda y piedra.<\/li>\n<li>Ideal para taladrar agujeros de anclaje, agujeros para tacos, penetraciones y puntos de fijaci\u00f3n en hormig\u00f3n armado, bloques y ladrillos.<\/li>\n<li>Se utiliza en almacenes, plantas, edificios comerciales e instalaciones de hormig\u00f3n estructural.<\/li>\n<li>Adecuado para perforar cubiertas de hormig\u00f3n armado, barreras y elementos estructurales.<\/li>\n<\/ul>\n","protected":false},"excerpt":{"rendered":"<ul>\n<li>Especialmente dise\u00f1ado y fabricado para utilizarlo en nuestros taladros percutores giratorios neum\u00e1ticos de 2&#8243; y en nuestros taladros percutores giratorios hidr\u00e1ulicos de 2&#8243;.<\/li>\n<li>Di\u00e1metros de 1&#8243; &#8211; 1-3\/8&#8243;; longitudes \u00fatiles de 8&#8243; &#8211; 30-3\/4<\/li>\n<li>Mayor duraci\u00f3n de la perforaci\u00f3n<\/li>\n<\/ul>\n","protected":false},"featured_media":15546,"template":"","meta":[],"product_brand":[],"product_cat":[935],"product_tag":[957,958,960],"accessory_type":[927],"application":[930],"hand_tool_type":[],"industry":[933],"material":[],"power_tool_type":[],"power_type":[],"subcategory":[959],"tool_type":[943],"class_list":{"0":"post-174269","1":"product","2":"type-product","3":"status-publish","4":"has-post-thumbnail","6":"product_cat-taladros","7":"product_tag-accesorios-para-martillos-perforadores","8":"product_tag-accesorios-sds-max","9":"product_tag-brocas-para-martillos-perforadores","10":"accessory_type-accesorio","11":"application-perforacion-y-fijacion-2","12":"industry-metalurgia-2","13":"subcategory-martillos-perforadores-rotativos","14":"tool_type-accesorio","16":"first","17":"instock","18":"shipping-taxable","19":"purchasable","20":"product-type-variable"},"yoast_head":"<!-- This site is optimized with the Yoast SEO plugin v27.5 - https:\/\/yoast.com\/product\/yoast-seo-wordpress\/ -->\n<title>Brocas SDS Max - CS Unitec<\/title>\n<meta name=\"description\" content=\"Las brocas SDS Max son brocas con punta de metal duro fabricadas para ofrecer el m\u00e1ximo rendimiento y una vida \u00fatil prolongada, proporcionando un menor coste por trabajo.\" \/>\n<meta name=\"robots\" content=\"index, follow, max-snippet:-1, max-image-preview:large, max-video-preview:-1\" \/>\n<link rel=\"canonical\" href=\"https:\/\/csunitec.com\/es\/producto\/brocas-sds-max\/\" \/>\n<meta property=\"og:locale\" content=\"es_ES\" \/>\n<meta property=\"og:type\" content=\"article\" \/>\n<meta property=\"og:title\" content=\"Brocas SDS Max - CS Unitec\" \/>\n<meta property=\"og:description\" content=\"Las brocas SDS Max son brocas con punta de metal duro fabricadas para ofrecer el m\u00e1ximo rendimiento y una vida \u00fatil prolongada, proporcionando un menor coste por trabajo.\" \/>\n<meta property=\"og:url\" content=\"https:\/\/csunitec.com\/es\/producto\/brocas-sds-max\/\" \/>\n<meta property=\"og:site_name\" content=\"CS Unitec\" \/>\n<meta property=\"article:modified_time\" content=\"2026-04-26T20:55:54+00:00\" \/>\n<meta property=\"og:image\" content=\"https:\/\/csunitec.com\/wp-content\/uploads\/2025\/03\/SDS-Max-Drill-Bit-5.png\" \/>\n\t<meta property=\"og:image:width\" content=\"1000\" \/>\n\t<meta property=\"og:image:height\" content=\"1000\" \/>\n\t<meta property=\"og:image:type\" content=\"image\/png\" \/>\n<meta name=\"twitter:card\" content=\"summary_large_image\" \/>\n<script type=\"application\/ld+json\" class=\"yoast-schema-graph\">{\"@context\":\"https:\\\/\\\/schema.org\",\"@graph\":[{\"@type\":\"WebPage\",\"@id\":\"https:\\\/\\\/csunitec.com\\\/es\\\/producto\\\/brocas-sds-max\\\/\",\"url\":\"https:\\\/\\\/csunitec.com\\\/es\\\/producto\\\/brocas-sds-max\\\/\",\"name\":\"Brocas SDS Max - CS Unitec\",\"isPartOf\":{\"@id\":\"https:\\\/\\\/csunitec.com\\\/es\\\/#website\"},\"primaryImageOfPage\":{\"@id\":\"https:\\\/\\\/csunitec.com\\\/es\\\/producto\\\/brocas-sds-max\\\/#primaryimage\"},\"image\":{\"@id\":\"https:\\\/\\\/csunitec.com\\\/es\\\/producto\\\/brocas-sds-max\\\/#primaryimage\"},\"thumbnailUrl\":\"https:\\\/\\\/csunitec.com\\\/wp-content\\\/uploads\\\/2025\\\/03\\\/SDS-Max-Drill-Bit-5.png\",\"datePublished\":\"2025-01-21T20:48:33+00:00\",\"dateModified\":\"2026-04-26T20:55:54+00:00\",\"description\":\"Las brocas SDS Max son brocas con punta de metal duro fabricadas para ofrecer el m\u00e1ximo rendimiento y una vida \u00fatil prolongada, proporcionando un menor coste por trabajo.\",\"breadcrumb\":{\"@id\":\"https:\\\/\\\/csunitec.com\\\/es\\\/producto\\\/brocas-sds-max\\\/#breadcrumb\"},\"inLanguage\":\"es\",\"potentialAction\":[{\"@type\":\"ReadAction\",\"target\":[\"https:\\\/\\\/csunitec.com\\\/es\\\/producto\\\/brocas-sds-max\\\/\"]}]},{\"@type\":\"ImageObject\",\"inLanguage\":\"es\",\"@id\":\"https:\\\/\\\/csunitec.com\\\/es\\\/producto\\\/brocas-sds-max\\\/#primaryimage\",\"url\":\"https:\\\/\\\/csunitec.com\\\/wp-content\\\/uploads\\\/2025\\\/03\\\/SDS-Max-Drill-Bit-5.png\",\"contentUrl\":\"https:\\\/\\\/csunitec.com\\\/wp-content\\\/uploads\\\/2025\\\/03\\\/SDS-Max-Drill-Bit-5.png\",\"width\":1000,\"height\":1000},{\"@type\":\"BreadcrumbList\",\"@id\":\"https:\\\/\\\/csunitec.com\\\/es\\\/producto\\\/brocas-sds-max\\\/#breadcrumb\",\"itemListElement\":[{\"@type\":\"ListItem\",\"position\":1,\"name\":\"Inicio\",\"item\":\"https:\\\/\\\/csunitec.com\\\/es\\\/\"},{\"@type\":\"ListItem\",\"position\":2,\"name\":\"Tienda\",\"item\":\"https:\\\/\\\/csunitec.com\\\/es\\\/tienda\\\/\"},{\"@type\":\"ListItem\",\"position\":3,\"name\":\"Brocas SDS Max\"}]},{\"@type\":\"WebSite\",\"@id\":\"https:\\\/\\\/csunitec.com\\\/es\\\/#website\",\"url\":\"https:\\\/\\\/csunitec.com\\\/es\\\/\",\"name\":\"CS Unitec\",\"description\":\"\",\"potentialAction\":[{\"@type\":\"SearchAction\",\"target\":{\"@type\":\"EntryPoint\",\"urlTemplate\":\"https:\\\/\\\/csunitec.com\\\/es\\\/?s={search_term_string}\"},\"query-input\":{\"@type\":\"PropertyValueSpecification\",\"valueRequired\":true,\"valueName\":\"search_term_string\"}}],\"inLanguage\":\"es\"}]}<\/script>\n<!-- \/ Yoast SEO plugin. -->","yoast_head_json":{"title":"Brocas SDS Max - CS Unitec","description":"Las brocas SDS Max son brocas con punta de metal duro fabricadas para ofrecer el m\u00e1ximo rendimiento y una vida \u00fatil prolongada, proporcionando un menor coste por trabajo.","robots":{"index":"index","follow":"follow","max-snippet":"max-snippet:-1","max-image-preview":"max-image-preview:large","max-video-preview":"max-video-preview:-1"},"canonical":"https:\/\/csunitec.com\/es\/producto\/brocas-sds-max\/","og_locale":"es_ES","og_type":"article","og_title":"Brocas SDS Max - CS Unitec","og_description":"Las brocas SDS Max son brocas con punta de metal duro fabricadas para ofrecer el m\u00e1ximo rendimiento y una vida \u00fatil prolongada, proporcionando un menor coste por trabajo.","og_url":"https:\/\/csunitec.com\/es\/producto\/brocas-sds-max\/","og_site_name":"CS Unitec","article_modified_time":"2026-04-26T20:55:54+00:00","og_image":[{"width":1000,"height":1000,"url":"https:\/\/csunitec.com\/wp-content\/uploads\/2025\/03\/SDS-Max-Drill-Bit-5.png","type":"image\/png"}],"twitter_card":"summary_large_image","schema":{"@context":"https:\/\/schema.org","@graph":[{"@type":"WebPage","@id":"https:\/\/csunitec.com\/es\/producto\/brocas-sds-max\/","url":"https:\/\/csunitec.com\/es\/producto\/brocas-sds-max\/","name":"Brocas SDS Max - CS Unitec","isPartOf":{"@id":"https:\/\/csunitec.com\/es\/#website"},"primaryImageOfPage":{"@id":"https:\/\/csunitec.com\/es\/producto\/brocas-sds-max\/#primaryimage"},"image":{"@id":"https:\/\/csunitec.com\/es\/producto\/brocas-sds-max\/#primaryimage"},"thumbnailUrl":"https:\/\/csunitec.com\/wp-content\/uploads\/2025\/03\/SDS-Max-Drill-Bit-5.png","datePublished":"2025-01-21T20:48:33+00:00","dateModified":"2026-04-26T20:55:54+00:00","description":"Las brocas SDS Max son brocas con punta de metal duro fabricadas para ofrecer el m\u00e1ximo rendimiento y una vida \u00fatil prolongada, proporcionando un menor coste por trabajo.","breadcrumb":{"@id":"https:\/\/csunitec.com\/es\/producto\/brocas-sds-max\/#breadcrumb"},"inLanguage":"es","potentialAction":[{"@type":"ReadAction","target":["https:\/\/csunitec.com\/es\/producto\/brocas-sds-max\/"]}]},{"@type":"ImageObject","inLanguage":"es","@id":"https:\/\/csunitec.com\/es\/producto\/brocas-sds-max\/#primaryimage","url":"https:\/\/csunitec.com\/wp-content\/uploads\/2025\/03\/SDS-Max-Drill-Bit-5.png","contentUrl":"https:\/\/csunitec.com\/wp-content\/uploads\/2025\/03\/SDS-Max-Drill-Bit-5.png","width":1000,"height":1000},{"@type":"BreadcrumbList","@id":"https:\/\/csunitec.com\/es\/producto\/brocas-sds-max\/#breadcrumb","itemListElement":[{"@type":"ListItem","position":1,"name":"Inicio","item":"https:\/\/csunitec.com\/es\/"},{"@type":"ListItem","position":2,"name":"Tienda","item":"https:\/\/csunitec.com\/es\/tienda\/"},{"@type":"ListItem","position":3,"name":"Brocas SDS Max"}]},{"@type":"WebSite","@id":"https:\/\/csunitec.com\/es\/#website","url":"https:\/\/csunitec.com\/es\/","name":"CS Unitec","description":"","potentialAction":[{"@type":"SearchAction","target":{"@type":"EntryPoint","urlTemplate":"https:\/\/csunitec.com\/es\/?s={search_term_string}"},"query-input":{"@type":"PropertyValueSpecification","valueRequired":true,"valueName":"search_term_string"}}],"inLanguage":"es"}]}},"_links":{"self":[{"href":"https:\/\/csunitec.com\/es\/wp-json\/wp\/v2\/product\/174269","targetHints":{"allow":["GET"]}}],"collection":[{"href":"https:\/\/csunitec.com\/es\/wp-json\/wp\/v2\/product"}],"about":[{"href":"https:\/\/csunitec.com\/es\/wp-json\/wp\/v2\/types\/product"}],"wp:featuredmedia":[{"embeddable":true,"href":"https:\/\/csunitec.com\/es\/wp-json\/wp\/v2\/media\/15546"}],"wp:attachment":[{"href":"https:\/\/csunitec.com\/es\/wp-json\/wp\/v2\/media?parent=174269"}],"wp:term":[{"taxonomy":"product_brand","embeddable":true,"href":"https:\/\/csunitec.com\/es\/wp-json\/wp\/v2\/product_brand?post=174269"},{"taxonomy":"product_cat","embeddable":true,"href":"https:\/\/csunitec.com\/es\/wp-json\/wp\/v2\/product_cat?post=174269"},{"taxonomy":"product_tag","embeddable":true,"href":"https:\/\/csunitec.com\/es\/wp-json\/wp\/v2\/product_tag?post=174269"},{"taxonomy":"accessory_type","embeddable":true,"href":"https:\/\/csunitec.com\/es\/wp-json\/wp\/v2\/accessory_type?post=174269"},{"taxonomy":"application","embeddable":true,"href":"https:\/\/csunitec.com\/es\/wp-json\/wp\/v2\/application?post=174269"},{"taxonomy":"hand_tool_type","embeddable":true,"href":"https:\/\/csunitec.com\/es\/wp-json\/wp\/v2\/hand_tool_type?post=174269"},{"taxonomy":"industry","embeddable":true,"href":"https:\/\/csunitec.com\/es\/wp-json\/wp\/v2\/industry?post=174269"},{"taxonomy":"material","embeddable":true,"href":"https:\/\/csunitec.com\/es\/wp-json\/wp\/v2\/material?post=174269"},{"taxonomy":"power_tool_type","embeddable":true,"href":"https:\/\/csunitec.com\/es\/wp-json\/wp\/v2\/power_tool_type?post=174269"},{"taxonomy":"power_type","embeddable":true,"href":"https:\/\/csunitec.com\/es\/wp-json\/wp\/v2\/power_type?post=174269"},{"taxonomy":"subcategory","embeddable":true,"href":"https:\/\/csunitec.com\/es\/wp-json\/wp\/v2\/subcategory?post=174269"},{"taxonomy":"tool_type","embeddable":true,"href":"https:\/\/csunitec.com\/es\/wp-json\/wp\/v2\/tool_type?post=174269"}],"curies":[{"name":"wp","href":"https:\/\/api.w.org\/{rel}","templated":true}]}}