{"id":174307,"date":"2024-12-02T19:12:00","date_gmt":"2024-12-02T19:12:00","guid":{"rendered":"https:\/\/stgcsunitec.wpenginepowered.com\/product\/portabrocas-magneticos-con-engranaje\/"},"modified":"2026-04-26T17:31:35","modified_gmt":"2026-04-26T21:31:35","slug":"portabrocas-magneticos-con-engranaje","status":"publish","type":"product","link":"https:\/\/csunitec.com\/es\/producto\/portabrocas-magneticos-con-engranaje\/","title":{"rendered":"Portabrocas de engranaje"},"content":{"rendered":"<ul>\n<li>Los portabrocas magn\u00e9ticos tienen una construcci\u00f3n industrial duradera que soporta un uso intensivo en talleres de fabricaci\u00f3n, obras de construcci\u00f3n y entornos de mantenimiento.<\/li>\n<li>Creaci\u00f3n de orificios piloto, orificios de montaje y orificios de fijaci\u00f3n en acero estructural.<\/li>\n<li>Perforaci\u00f3n in situ para reparaci\u00f3n de equipos, adaptaciones y mantenimiento de instalaciones.<\/li>\n<li>Permite a los t\u00e9cnicos utilizar una broca para varios tipos y tama\u00f1os de brocas.<\/li>\n<li>Su rendimiento vers\u00e1til permite taladrar, roscar, escariar y avellanar en acero, aluminio y otros metales.<\/li>\n<\/ul>\n","protected":false},"excerpt":{"rendered":"<ul style=\"text-align: left;\">Amplia gama de mangos adaptadores para todas las brocas magn\u00e9ticas:<\/p>\n<li>Roscas 1\/2&#8243; x 20 NF<\/li>\n<li>3\/4&#8243; Weldon<\/li>\n<li>Conicidad Morse 2 (MT2)<\/li>\n<li>Cono Morse 3 (MT3)<\/li>\n<li>Adaptadores de mandril con engranaje de 1\/2<\/li>\n<li>Adaptadores de mandril de engranaje de 3\/4<\/li>\n<\/ul>\n","protected":false},"featured_media":174328,"template":"","meta":[],"product_brand":[],"product_cat":[935],"product_tag":[937,964,966],"accessory_type":[927],"application":[928],"hand_tool_type":[],"industry":[933],"material":[],"power_tool_type":[],"power_type":[],"subcategory":[940,951],"tool_type":[943],"class_list":{"0":"post-174307","1":"product","2":"type-product","3":"status-publish","4":"has-post-thumbnail","6":"product_cat-taladros","7":"product_tag-accesorios-para-taladros-magneticos","8":"product_tag-taladros-motores-de-alto-par-accesorios","9":"product_tag-portabrocas-magneticos-2","10":"accessory_type-accesorio","11":"application-perforacion","12":"industry-metalurgia-2","13":"subcategory-taladros-magneticos","14":"subcategory-fresas-anulares","15":"tool_type-accesorio","17":"first","18":"instock","19":"shipping-taxable","20":"purchasable","21":"product-type-variable"},"yoast_head":"<!-- This site is optimized with the Yoast SEO plugin v27.5 - https:\/\/yoast.com\/product\/yoast-seo-wordpress\/ -->\n<title>Portabrocas de engranaje - CS Unitec<\/title>\n<meta name=\"description\" content=\"Los portabrocas magn\u00e9ticos permiten utilizar brocas helicoidales est\u00e1ndar y accesorios para trabajar el metal de forma vers\u00e1til. Montaje seguro y engranajes suaves.\" \/>\n<meta name=\"robots\" content=\"index, follow, max-snippet:-1, max-image-preview:large, max-video-preview:-1\" \/>\n<link rel=\"canonical\" href=\"https:\/\/csunitec.com\/es\/producto\/portabrocas-magneticos-con-engranaje\/\" \/>\n<meta property=\"og:locale\" content=\"es_ES\" \/>\n<meta property=\"og:type\" content=\"article\" \/>\n<meta property=\"og:title\" content=\"Portabrocas de engranaje - CS Unitec\" \/>\n<meta property=\"og:description\" content=\"Los portabrocas magn\u00e9ticos permiten utilizar brocas helicoidales est\u00e1ndar y accesorios para trabajar el metal de forma vers\u00e1til. Montaje seguro y engranajes suaves.\" \/>\n<meta property=\"og:url\" content=\"https:\/\/csunitec.com\/es\/producto\/portabrocas-magneticos-con-engranaje\/\" \/>\n<meta property=\"og:site_name\" content=\"CS Unitec\" \/>\n<meta property=\"article:modified_time\" content=\"2026-04-26T21:31:35+00:00\" \/>\n<meta property=\"og:image\" content=\"https:\/\/csunitec.com\/wp-content\/uploads\/2025\/04\/IBC-18-Mag-Drill-Chuck-5-1.png\" \/>\n\t<meta property=\"og:image:width\" content=\"1000\" \/>\n\t<meta property=\"og:image:height\" content=\"1000\" \/>\n\t<meta property=\"og:image:type\" content=\"image\/png\" \/>\n<meta name=\"twitter:card\" content=\"summary_large_image\" \/>\n<script type=\"application\/ld+json\" class=\"yoast-schema-graph\">{\"@context\":\"https:\\\/\\\/schema.org\",\"@graph\":[{\"@type\":\"WebPage\",\"@id\":\"https:\\\/\\\/csunitec.com\\\/es\\\/producto\\\/portabrocas-magneticos-con-engranaje\\\/\",\"url\":\"https:\\\/\\\/csunitec.com\\\/es\\\/producto\\\/portabrocas-magneticos-con-engranaje\\\/\",\"name\":\"Portabrocas de engranaje - CS Unitec\",\"isPartOf\":{\"@id\":\"https:\\\/\\\/csunitec.com\\\/es\\\/#website\"},\"primaryImageOfPage\":{\"@id\":\"https:\\\/\\\/csunitec.com\\\/es\\\/producto\\\/portabrocas-magneticos-con-engranaje\\\/#primaryimage\"},\"image\":{\"@id\":\"https:\\\/\\\/csunitec.com\\\/es\\\/producto\\\/portabrocas-magneticos-con-engranaje\\\/#primaryimage\"},\"thumbnailUrl\":\"https:\\\/\\\/csunitec.com\\\/wp-content\\\/uploads\\\/2025\\\/04\\\/IBC-18-Mag-Drill-Chuck-5-1.png\",\"datePublished\":\"2024-12-02T19:12:00+00:00\",\"dateModified\":\"2026-04-26T21:31:35+00:00\",\"description\":\"Los portabrocas magn\u00e9ticos permiten utilizar brocas helicoidales est\u00e1ndar y accesorios para trabajar el metal de forma vers\u00e1til. Montaje seguro y engranajes suaves.\",\"breadcrumb\":{\"@id\":\"https:\\\/\\\/csunitec.com\\\/es\\\/producto\\\/portabrocas-magneticos-con-engranaje\\\/#breadcrumb\"},\"inLanguage\":\"es\",\"potentialAction\":[{\"@type\":\"ReadAction\",\"target\":[\"https:\\\/\\\/csunitec.com\\\/es\\\/producto\\\/portabrocas-magneticos-con-engranaje\\\/\"]}]},{\"@type\":\"ImageObject\",\"inLanguage\":\"es\",\"@id\":\"https:\\\/\\\/csunitec.com\\\/es\\\/producto\\\/portabrocas-magneticos-con-engranaje\\\/#primaryimage\",\"url\":\"https:\\\/\\\/csunitec.com\\\/wp-content\\\/uploads\\\/2025\\\/04\\\/IBC-18-Mag-Drill-Chuck-5-1.png\",\"contentUrl\":\"https:\\\/\\\/csunitec.com\\\/wp-content\\\/uploads\\\/2025\\\/04\\\/IBC-18-Mag-Drill-Chuck-5-1.png\",\"width\":1000,\"height\":1000},{\"@type\":\"BreadcrumbList\",\"@id\":\"https:\\\/\\\/csunitec.com\\\/es\\\/producto\\\/portabrocas-magneticos-con-engranaje\\\/#breadcrumb\",\"itemListElement\":[{\"@type\":\"ListItem\",\"position\":1,\"name\":\"Inicio\",\"item\":\"https:\\\/\\\/csunitec.com\\\/es\\\/\"},{\"@type\":\"ListItem\",\"position\":2,\"name\":\"Tienda\",\"item\":\"https:\\\/\\\/csunitec.com\\\/es\\\/tienda\\\/\"},{\"@type\":\"ListItem\",\"position\":3,\"name\":\"Portabrocas de engranaje\"}]},{\"@type\":\"WebSite\",\"@id\":\"https:\\\/\\\/csunitec.com\\\/es\\\/#website\",\"url\":\"https:\\\/\\\/csunitec.com\\\/es\\\/\",\"name\":\"CS Unitec\",\"description\":\"\",\"potentialAction\":[{\"@type\":\"SearchAction\",\"target\":{\"@type\":\"EntryPoint\",\"urlTemplate\":\"https:\\\/\\\/csunitec.com\\\/es\\\/?s={search_term_string}\"},\"query-input\":{\"@type\":\"PropertyValueSpecification\",\"valueRequired\":true,\"valueName\":\"search_term_string\"}}],\"inLanguage\":\"es\"}]}<\/script>\n<!-- \/ Yoast SEO plugin. -->","yoast_head_json":{"title":"Portabrocas de engranaje - CS Unitec","description":"Los portabrocas magn\u00e9ticos permiten utilizar brocas helicoidales est\u00e1ndar y accesorios para trabajar el metal de forma vers\u00e1til. Montaje seguro y engranajes suaves.","robots":{"index":"index","follow":"follow","max-snippet":"max-snippet:-1","max-image-preview":"max-image-preview:large","max-video-preview":"max-video-preview:-1"},"canonical":"https:\/\/csunitec.com\/es\/producto\/portabrocas-magneticos-con-engranaje\/","og_locale":"es_ES","og_type":"article","og_title":"Portabrocas de engranaje - CS Unitec","og_description":"Los portabrocas magn\u00e9ticos permiten utilizar brocas helicoidales est\u00e1ndar y accesorios para trabajar el metal de forma vers\u00e1til. Montaje seguro y engranajes suaves.","og_url":"https:\/\/csunitec.com\/es\/producto\/portabrocas-magneticos-con-engranaje\/","og_site_name":"CS Unitec","article_modified_time":"2026-04-26T21:31:35+00:00","og_image":[{"width":1000,"height":1000,"url":"https:\/\/csunitec.com\/wp-content\/uploads\/2025\/04\/IBC-18-Mag-Drill-Chuck-5-1.png","type":"image\/png"}],"twitter_card":"summary_large_image","schema":{"@context":"https:\/\/schema.org","@graph":[{"@type":"WebPage","@id":"https:\/\/csunitec.com\/es\/producto\/portabrocas-magneticos-con-engranaje\/","url":"https:\/\/csunitec.com\/es\/producto\/portabrocas-magneticos-con-engranaje\/","name":"Portabrocas de engranaje - CS Unitec","isPartOf":{"@id":"https:\/\/csunitec.com\/es\/#website"},"primaryImageOfPage":{"@id":"https:\/\/csunitec.com\/es\/producto\/portabrocas-magneticos-con-engranaje\/#primaryimage"},"image":{"@id":"https:\/\/csunitec.com\/es\/producto\/portabrocas-magneticos-con-engranaje\/#primaryimage"},"thumbnailUrl":"https:\/\/csunitec.com\/wp-content\/uploads\/2025\/04\/IBC-18-Mag-Drill-Chuck-5-1.png","datePublished":"2024-12-02T19:12:00+00:00","dateModified":"2026-04-26T21:31:35+00:00","description":"Los portabrocas magn\u00e9ticos permiten utilizar brocas helicoidales est\u00e1ndar y accesorios para trabajar el metal de forma vers\u00e1til. Montaje seguro y engranajes suaves.","breadcrumb":{"@id":"https:\/\/csunitec.com\/es\/producto\/portabrocas-magneticos-con-engranaje\/#breadcrumb"},"inLanguage":"es","potentialAction":[{"@type":"ReadAction","target":["https:\/\/csunitec.com\/es\/producto\/portabrocas-magneticos-con-engranaje\/"]}]},{"@type":"ImageObject","inLanguage":"es","@id":"https:\/\/csunitec.com\/es\/producto\/portabrocas-magneticos-con-engranaje\/#primaryimage","url":"https:\/\/csunitec.com\/wp-content\/uploads\/2025\/04\/IBC-18-Mag-Drill-Chuck-5-1.png","contentUrl":"https:\/\/csunitec.com\/wp-content\/uploads\/2025\/04\/IBC-18-Mag-Drill-Chuck-5-1.png","width":1000,"height":1000},{"@type":"BreadcrumbList","@id":"https:\/\/csunitec.com\/es\/producto\/portabrocas-magneticos-con-engranaje\/#breadcrumb","itemListElement":[{"@type":"ListItem","position":1,"name":"Inicio","item":"https:\/\/csunitec.com\/es\/"},{"@type":"ListItem","position":2,"name":"Tienda","item":"https:\/\/csunitec.com\/es\/tienda\/"},{"@type":"ListItem","position":3,"name":"Portabrocas de engranaje"}]},{"@type":"WebSite","@id":"https:\/\/csunitec.com\/es\/#website","url":"https:\/\/csunitec.com\/es\/","name":"CS Unitec","description":"","potentialAction":[{"@type":"SearchAction","target":{"@type":"EntryPoint","urlTemplate":"https:\/\/csunitec.com\/es\/?s={search_term_string}"},"query-input":{"@type":"PropertyValueSpecification","valueRequired":true,"valueName":"search_term_string"}}],"inLanguage":"es"}]}},"_links":{"self":[{"href":"https:\/\/csunitec.com\/es\/wp-json\/wp\/v2\/product\/174307","targetHints":{"allow":["GET"]}}],"collection":[{"href":"https:\/\/csunitec.com\/es\/wp-json\/wp\/v2\/product"}],"about":[{"href":"https:\/\/csunitec.com\/es\/wp-json\/wp\/v2\/types\/product"}],"wp:featuredmedia":[{"embeddable":true,"href":"https:\/\/csunitec.com\/es\/wp-json\/wp\/v2\/media\/174328"}],"wp:attachment":[{"href":"https:\/\/csunitec.com\/es\/wp-json\/wp\/v2\/media?parent=174307"}],"wp:term":[{"taxonomy":"product_brand","embeddable":true,"href":"https:\/\/csunitec.com\/es\/wp-json\/wp\/v2\/product_brand?post=174307"},{"taxonomy":"product_cat","embeddable":true,"href":"https:\/\/csunitec.com\/es\/wp-json\/wp\/v2\/product_cat?post=174307"},{"taxonomy":"product_tag","embeddable":true,"href":"https:\/\/csunitec.com\/es\/wp-json\/wp\/v2\/product_tag?post=174307"},{"taxonomy":"accessory_type","embeddable":true,"href":"https:\/\/csunitec.com\/es\/wp-json\/wp\/v2\/accessory_type?post=174307"},{"taxonomy":"application","embeddable":true,"href":"https:\/\/csunitec.com\/es\/wp-json\/wp\/v2\/application?post=174307"},{"taxonomy":"hand_tool_type","embeddable":true,"href":"https:\/\/csunitec.com\/es\/wp-json\/wp\/v2\/hand_tool_type?post=174307"},{"taxonomy":"industry","embeddable":true,"href":"https:\/\/csunitec.com\/es\/wp-json\/wp\/v2\/industry?post=174307"},{"taxonomy":"material","embeddable":true,"href":"https:\/\/csunitec.com\/es\/wp-json\/wp\/v2\/material?post=174307"},{"taxonomy":"power_tool_type","embeddable":true,"href":"https:\/\/csunitec.com\/es\/wp-json\/wp\/v2\/power_tool_type?post=174307"},{"taxonomy":"power_type","embeddable":true,"href":"https:\/\/csunitec.com\/es\/wp-json\/wp\/v2\/power_type?post=174307"},{"taxonomy":"subcategory","embeddable":true,"href":"https:\/\/csunitec.com\/es\/wp-json\/wp\/v2\/subcategory?post=174307"},{"taxonomy":"tool_type","embeddable":true,"href":"https:\/\/csunitec.com\/es\/wp-json\/wp\/v2\/tool_type?post=174307"}],"curies":[{"name":"wp","href":"https:\/\/api.w.org\/{rel}","templated":true}]}}