{"id":174454,"date":"2024-11-25T23:07:00","date_gmt":"2024-11-25T23:07:00","guid":{"rendered":"https:\/\/stgcsunitec.wpenginepowered.com\/product\/perforadora-con-corona-humeda-seca-etn-162-3-p\/"},"modified":"2026-04-30T01:58:01","modified_gmt":"2026-04-30T05:58:01","slug":"perforadora-con-corona-humeda-seca-etn-162-3-p","status":"publish","type":"product","link":"https:\/\/csunitec.com\/es\/producto\/perforadora-con-corona-humeda-seca-etn-162-3-p\/","title":{"rendered":"Perforadora con corona h\u00fameda\/seca ETN 162\/3 P"},"content":{"rendered":"<ul>\n<li>Taladro en seco\/h\u00famedo Taladra agujeros de hasta 8&#8243; de di\u00e1metro en seco con la mano en mamposter\u00eda, ladrillo y bloque.<\/li>\n<li>Taladro manual de hasta 3-1\/4&#8243; de di\u00e1metro en hormig\u00f3n y 6-3\/8&#8243; de di\u00e1metro con soporte<\/li>\n<li>Ideal para perforar a trav\u00e9s de losas, muros, vigas y pilares de hormig\u00f3n armado.<\/li>\n<li>Admite la perforaci\u00f3n controlada para aberturas, recortes, penetraciones y demolici\u00f3n selectiva en hormig\u00f3n y mamposter\u00eda.<\/li>\n<li>Adecuado para extraer muestras de testigos de hormig\u00f3n para an\u00e1lisis de ingenier\u00eda, control de calidad y evaluaci\u00f3n estructural.<\/li>\n<\/ul>\n","protected":false},"excerpt":{"rendered":"<ul class=\"alexcss\">\n<li>Di\u00e1metro de perforaci\u00f3n: Hasta 8&#8243; (ladrillo\/bloque &#8211; seco) y 6-3\/8&#8243; (hormig\u00f3n &#8211; h\u00famedo)<\/li>\n<li>Caja de cambios de 3 velocidades: 0-510 \/ 0-1150 \/ 0-2500 RPM<\/li>\n<li>Eje de 1-1\/4&#8243; UNC y adaptador de 5\/8&#8243; UNC<\/li>\n<li>Potencia: 19,5 Amperios<\/li>\n<li class=\"ncircle\">Soporte necesario al taladrar m\u00e1s de 3&#8243; di\u00e1. en Hormig\u00f3n <\/li>\n<\/ul>\n","protected":false},"featured_media":174177,"template":"","meta":[],"product_brand":[],"product_cat":[935],"product_tag":[944,945,947],"accessory_type":[],"application":[928],"hand_tool_type":[],"industry":[931],"material":[],"power_tool_type":[938],"power_type":[936],"subcategory":[948],"tool_type":[946],"class_list":{"0":"post-174454","1":"product","2":"type-product","3":"status-publish","4":"has-post-thumbnail","6":"product_cat-taladros","7":"product_tag-taladros-sacanucleos-manuales","8":"product_tag-perforadoras-en-seco","9":"product_tag-taladros-sacanucleos-electricos","10":"application-perforacion","11":"industry-hormigon-y-mamposteria","12":"power_tool_type-taladro-sacanucleos","13":"power_type-electrico","14":"subcategory-perforadoras-de-corona","15":"tool_type-herramienta-electrica","17":"first","18":"instock","19":"shipping-taxable","20":"purchasable","21":"product-type-variable"},"yoast_head":"<!-- This site is optimized with the Yoast SEO plugin v27.5 - https:\/\/yoast.com\/product\/yoast-seo-wordpress\/ -->\n<title>Perforadora con corona h\u00fameda\/seca ETN 162\/3 P - CS Unitec<\/title>\n<meta name=\"description\" content=\"El taladro sacan\u00facleos seco\/h\u00famedo proporciona una perforaci\u00f3n potente y precisa. Con motor de 19,5 amperios, caja de engranajes de 3 velocidades, protecci\u00f3n contra sobrecarga, se puede usar a mano o montado en el equipo.\" \/>\n<meta name=\"robots\" content=\"index, follow, max-snippet:-1, max-image-preview:large, max-video-preview:-1\" \/>\n<link rel=\"canonical\" href=\"https:\/\/csunitec.com\/es\/producto\/perforadora-con-corona-humeda-seca-etn-162-3-p\/\" \/>\n<meta property=\"og:locale\" content=\"es_ES\" \/>\n<meta property=\"og:type\" content=\"article\" \/>\n<meta property=\"og:title\" content=\"Perforadora con corona h\u00fameda\/seca ETN 162\/3 P - CS Unitec\" \/>\n<meta property=\"og:description\" content=\"El taladro sacan\u00facleos seco\/h\u00famedo proporciona una perforaci\u00f3n potente y precisa. Con motor de 19,5 amperios, caja de engranajes de 3 velocidades, protecci\u00f3n contra sobrecarga, se puede usar a mano o montado en el equipo.\" \/>\n<meta property=\"og:url\" content=\"https:\/\/csunitec.com\/es\/producto\/perforadora-con-corona-humeda-seca-etn-162-3-p\/\" \/>\n<meta property=\"og:site_name\" content=\"CS Unitec\" \/>\n<meta property=\"article:modified_time\" content=\"2026-04-30T05:58:01+00:00\" \/>\n<meta property=\"og:image\" content=\"https:\/\/csunitec.com\/wp-content\/uploads\/2025\/04\/ETN-162-3-P-1-2-1.png\" \/>\n\t<meta property=\"og:image:width\" content=\"1000\" \/>\n\t<meta property=\"og:image:height\" content=\"1000\" \/>\n\t<meta property=\"og:image:type\" content=\"image\/png\" \/>\n<meta name=\"twitter:card\" content=\"summary_large_image\" \/>\n<script type=\"application\/ld+json\" class=\"yoast-schema-graph\">{\"@context\":\"https:\\\/\\\/schema.org\",\"@graph\":[{\"@type\":\"WebPage\",\"@id\":\"https:\\\/\\\/csunitec.com\\\/es\\\/producto\\\/perforadora-con-corona-humeda-seca-etn-162-3-p\\\/\",\"url\":\"https:\\\/\\\/csunitec.com\\\/es\\\/producto\\\/perforadora-con-corona-humeda-seca-etn-162-3-p\\\/\",\"name\":\"Perforadora con corona h\u00fameda\\\/seca ETN 162\\\/3 P - CS Unitec\",\"isPartOf\":{\"@id\":\"https:\\\/\\\/csunitec.com\\\/es\\\/#website\"},\"primaryImageOfPage\":{\"@id\":\"https:\\\/\\\/csunitec.com\\\/es\\\/producto\\\/perforadora-con-corona-humeda-seca-etn-162-3-p\\\/#primaryimage\"},\"image\":{\"@id\":\"https:\\\/\\\/csunitec.com\\\/es\\\/producto\\\/perforadora-con-corona-humeda-seca-etn-162-3-p\\\/#primaryimage\"},\"thumbnailUrl\":\"https:\\\/\\\/csunitec.com\\\/wp-content\\\/uploads\\\/2025\\\/04\\\/ETN-162-3-P-1-2-1.png\",\"datePublished\":\"2024-11-25T23:07:00+00:00\",\"dateModified\":\"2026-04-30T05:58:01+00:00\",\"description\":\"El taladro sacan\u00facleos seco\\\/h\u00famedo proporciona una perforaci\u00f3n potente y precisa. Con motor de 19,5 amperios, caja de engranajes de 3 velocidades, protecci\u00f3n contra sobrecarga, se puede usar a mano o montado en el equipo.\",\"breadcrumb\":{\"@id\":\"https:\\\/\\\/csunitec.com\\\/es\\\/producto\\\/perforadora-con-corona-humeda-seca-etn-162-3-p\\\/#breadcrumb\"},\"inLanguage\":\"es\",\"potentialAction\":[{\"@type\":\"ReadAction\",\"target\":[\"https:\\\/\\\/csunitec.com\\\/es\\\/producto\\\/perforadora-con-corona-humeda-seca-etn-162-3-p\\\/\"]}]},{\"@type\":\"ImageObject\",\"inLanguage\":\"es\",\"@id\":\"https:\\\/\\\/csunitec.com\\\/es\\\/producto\\\/perforadora-con-corona-humeda-seca-etn-162-3-p\\\/#primaryimage\",\"url\":\"https:\\\/\\\/csunitec.com\\\/wp-content\\\/uploads\\\/2025\\\/04\\\/ETN-162-3-P-1-2-1.png\",\"contentUrl\":\"https:\\\/\\\/csunitec.com\\\/wp-content\\\/uploads\\\/2025\\\/04\\\/ETN-162-3-P-1-2-1.png\",\"width\":1000,\"height\":1000},{\"@type\":\"BreadcrumbList\",\"@id\":\"https:\\\/\\\/csunitec.com\\\/es\\\/producto\\\/perforadora-con-corona-humeda-seca-etn-162-3-p\\\/#breadcrumb\",\"itemListElement\":[{\"@type\":\"ListItem\",\"position\":1,\"name\":\"Inicio\",\"item\":\"https:\\\/\\\/csunitec.com\\\/es\\\/\"},{\"@type\":\"ListItem\",\"position\":2,\"name\":\"Tienda\",\"item\":\"https:\\\/\\\/csunitec.com\\\/es\\\/tienda\\\/\"},{\"@type\":\"ListItem\",\"position\":3,\"name\":\"Perforadora con corona h\u00fameda\\\/seca ETN 162\\\/3 P\"}]},{\"@type\":\"WebSite\",\"@id\":\"https:\\\/\\\/csunitec.com\\\/es\\\/#website\",\"url\":\"https:\\\/\\\/csunitec.com\\\/es\\\/\",\"name\":\"CS Unitec\",\"description\":\"\",\"potentialAction\":[{\"@type\":\"SearchAction\",\"target\":{\"@type\":\"EntryPoint\",\"urlTemplate\":\"https:\\\/\\\/csunitec.com\\\/es\\\/?s={search_term_string}\"},\"query-input\":{\"@type\":\"PropertyValueSpecification\",\"valueRequired\":true,\"valueName\":\"search_term_string\"}}],\"inLanguage\":\"es\"}]}<\/script>\n<!-- \/ Yoast SEO plugin. -->","yoast_head_json":{"title":"Perforadora con corona h\u00fameda\/seca ETN 162\/3 P - CS Unitec","description":"El taladro sacan\u00facleos seco\/h\u00famedo proporciona una perforaci\u00f3n potente y precisa. Con motor de 19,5 amperios, caja de engranajes de 3 velocidades, protecci\u00f3n contra sobrecarga, se puede usar a mano o montado en el equipo.","robots":{"index":"index","follow":"follow","max-snippet":"max-snippet:-1","max-image-preview":"max-image-preview:large","max-video-preview":"max-video-preview:-1"},"canonical":"https:\/\/csunitec.com\/es\/producto\/perforadora-con-corona-humeda-seca-etn-162-3-p\/","og_locale":"es_ES","og_type":"article","og_title":"Perforadora con corona h\u00fameda\/seca ETN 162\/3 P - CS Unitec","og_description":"El taladro sacan\u00facleos seco\/h\u00famedo proporciona una perforaci\u00f3n potente y precisa. Con motor de 19,5 amperios, caja de engranajes de 3 velocidades, protecci\u00f3n contra sobrecarga, se puede usar a mano o montado en el equipo.","og_url":"https:\/\/csunitec.com\/es\/producto\/perforadora-con-corona-humeda-seca-etn-162-3-p\/","og_site_name":"CS Unitec","article_modified_time":"2026-04-30T05:58:01+00:00","og_image":[{"width":1000,"height":1000,"url":"https:\/\/csunitec.com\/wp-content\/uploads\/2025\/04\/ETN-162-3-P-1-2-1.png","type":"image\/png"}],"twitter_card":"summary_large_image","schema":{"@context":"https:\/\/schema.org","@graph":[{"@type":"WebPage","@id":"https:\/\/csunitec.com\/es\/producto\/perforadora-con-corona-humeda-seca-etn-162-3-p\/","url":"https:\/\/csunitec.com\/es\/producto\/perforadora-con-corona-humeda-seca-etn-162-3-p\/","name":"Perforadora con corona h\u00fameda\/seca ETN 162\/3 P - CS Unitec","isPartOf":{"@id":"https:\/\/csunitec.com\/es\/#website"},"primaryImageOfPage":{"@id":"https:\/\/csunitec.com\/es\/producto\/perforadora-con-corona-humeda-seca-etn-162-3-p\/#primaryimage"},"image":{"@id":"https:\/\/csunitec.com\/es\/producto\/perforadora-con-corona-humeda-seca-etn-162-3-p\/#primaryimage"},"thumbnailUrl":"https:\/\/csunitec.com\/wp-content\/uploads\/2025\/04\/ETN-162-3-P-1-2-1.png","datePublished":"2024-11-25T23:07:00+00:00","dateModified":"2026-04-30T05:58:01+00:00","description":"El taladro sacan\u00facleos seco\/h\u00famedo proporciona una perforaci\u00f3n potente y precisa. Con motor de 19,5 amperios, caja de engranajes de 3 velocidades, protecci\u00f3n contra sobrecarga, se puede usar a mano o montado en el equipo.","breadcrumb":{"@id":"https:\/\/csunitec.com\/es\/producto\/perforadora-con-corona-humeda-seca-etn-162-3-p\/#breadcrumb"},"inLanguage":"es","potentialAction":[{"@type":"ReadAction","target":["https:\/\/csunitec.com\/es\/producto\/perforadora-con-corona-humeda-seca-etn-162-3-p\/"]}]},{"@type":"ImageObject","inLanguage":"es","@id":"https:\/\/csunitec.com\/es\/producto\/perforadora-con-corona-humeda-seca-etn-162-3-p\/#primaryimage","url":"https:\/\/csunitec.com\/wp-content\/uploads\/2025\/04\/ETN-162-3-P-1-2-1.png","contentUrl":"https:\/\/csunitec.com\/wp-content\/uploads\/2025\/04\/ETN-162-3-P-1-2-1.png","width":1000,"height":1000},{"@type":"BreadcrumbList","@id":"https:\/\/csunitec.com\/es\/producto\/perforadora-con-corona-humeda-seca-etn-162-3-p\/#breadcrumb","itemListElement":[{"@type":"ListItem","position":1,"name":"Inicio","item":"https:\/\/csunitec.com\/es\/"},{"@type":"ListItem","position":2,"name":"Tienda","item":"https:\/\/csunitec.com\/es\/tienda\/"},{"@type":"ListItem","position":3,"name":"Perforadora con corona h\u00fameda\/seca ETN 162\/3 P"}]},{"@type":"WebSite","@id":"https:\/\/csunitec.com\/es\/#website","url":"https:\/\/csunitec.com\/es\/","name":"CS Unitec","description":"","potentialAction":[{"@type":"SearchAction","target":{"@type":"EntryPoint","urlTemplate":"https:\/\/csunitec.com\/es\/?s={search_term_string}"},"query-input":{"@type":"PropertyValueSpecification","valueRequired":true,"valueName":"search_term_string"}}],"inLanguage":"es"}]}},"_links":{"self":[{"href":"https:\/\/csunitec.com\/es\/wp-json\/wp\/v2\/product\/174454","targetHints":{"allow":["GET"]}}],"collection":[{"href":"https:\/\/csunitec.com\/es\/wp-json\/wp\/v2\/product"}],"about":[{"href":"https:\/\/csunitec.com\/es\/wp-json\/wp\/v2\/types\/product"}],"wp:featuredmedia":[{"embeddable":true,"href":"https:\/\/csunitec.com\/es\/wp-json\/wp\/v2\/media\/174177"}],"wp:attachment":[{"href":"https:\/\/csunitec.com\/es\/wp-json\/wp\/v2\/media?parent=174454"}],"wp:term":[{"taxonomy":"product_brand","embeddable":true,"href":"https:\/\/csunitec.com\/es\/wp-json\/wp\/v2\/product_brand?post=174454"},{"taxonomy":"product_cat","embeddable":true,"href":"https:\/\/csunitec.com\/es\/wp-json\/wp\/v2\/product_cat?post=174454"},{"taxonomy":"product_tag","embeddable":true,"href":"https:\/\/csunitec.com\/es\/wp-json\/wp\/v2\/product_tag?post=174454"},{"taxonomy":"accessory_type","embeddable":true,"href":"https:\/\/csunitec.com\/es\/wp-json\/wp\/v2\/accessory_type?post=174454"},{"taxonomy":"application","embeddable":true,"href":"https:\/\/csunitec.com\/es\/wp-json\/wp\/v2\/application?post=174454"},{"taxonomy":"hand_tool_type","embeddable":true,"href":"https:\/\/csunitec.com\/es\/wp-json\/wp\/v2\/hand_tool_type?post=174454"},{"taxonomy":"industry","embeddable":true,"href":"https:\/\/csunitec.com\/es\/wp-json\/wp\/v2\/industry?post=174454"},{"taxonomy":"material","embeddable":true,"href":"https:\/\/csunitec.com\/es\/wp-json\/wp\/v2\/material?post=174454"},{"taxonomy":"power_tool_type","embeddable":true,"href":"https:\/\/csunitec.com\/es\/wp-json\/wp\/v2\/power_tool_type?post=174454"},{"taxonomy":"power_type","embeddable":true,"href":"https:\/\/csunitec.com\/es\/wp-json\/wp\/v2\/power_type?post=174454"},{"taxonomy":"subcategory","embeddable":true,"href":"https:\/\/csunitec.com\/es\/wp-json\/wp\/v2\/subcategory?post=174454"},{"taxonomy":"tool_type","embeddable":true,"href":"https:\/\/csunitec.com\/es\/wp-json\/wp\/v2\/tool_type?post=174454"}],"curies":[{"name":"wp","href":"https:\/\/api.w.org\/{rel}","templated":true}]}}