{"id":174654,"date":"2024-11-25T23:13:00","date_gmt":"2024-11-25T23:13:00","guid":{"rendered":"https:\/\/stgcsunitec.wpenginepowered.com\/product\/perforadora-en-humedo-end-712\/"},"modified":"2026-04-26T17:30:38","modified_gmt":"2026-04-26T21:30:38","slug":"perforadora-en-humedo-end-712","status":"publish","type":"product","link":"https:\/\/csunitec.com\/es\/producto\/perforadora-en-humedo-end-712\/","title":{"rendered":"Perforadora en h\u00famedo END 712"},"content":{"rendered":"<ul>\n<li>Broca hueca END 712 para perforar en h\u00famedo piedra natural, azulejos, cer\u00e1mica, porcelana, gres, vidrio y hormig\u00f3n.<\/li>\n<li>Para tacos, anclajes y agujeros pasantes en baldosas, piedra natural y hormig\u00f3n.<\/li>\n<li>Ideal para perforar agujeros para anclajes postinstalados, pasadores de barras de refuerzo y soportes estructurales.<\/li>\n<li>Corona eficazmente aberturas en bloques CMU, ladrillos de arcilla y bloques ligeros de hormig\u00f3n.<\/li>\n<li>Clavijas, anclajes y agujeros pasantes en baldosas, piedra natural y hormig\u00f3n, incluso en baldosas de cer\u00e1mica dura \u00abgres\u00bb y granito.<\/li>\n<li>Ideal para l\u00e1pidas, encimeras, fontaner\u00eda y otras aplicaciones de alba\u00f1iler\u00eda.<\/li>\n<\/ul>\n","protected":false},"excerpt":{"rendered":"<ul class=\"alexcss\">\n<li>Di\u00e1metro de perforaci\u00f3n: de 5\/32&#8243; a 3\/4&#8243;.<\/li>\n<li>Velocidades de carga: 0-8000 RPM<\/li>\n<li>Potencia: 6,3 Amperios<\/li>\n<li>Perforaci\u00f3n en h\u00famedo<\/li>\n<\/ul>\n","protected":false},"featured_media":174686,"template":"","meta":[],"product_brand":[],"product_cat":[935],"product_tag":[944,947,969],"accessory_type":[],"application":[928],"hand_tool_type":[],"industry":[931],"material":[],"power_tool_type":[938],"power_type":[936],"subcategory":[948],"tool_type":[946],"class_list":{"0":"post-174654","1":"product","2":"type-product","3":"status-publish","4":"has-post-thumbnail","6":"product_cat-taladros","7":"product_tag-taladros-sacanucleos-manuales","8":"product_tag-taladros-sacanucleos-electricos","9":"product_tag-perforadoras-con-corona-humeda","10":"application-perforacion","11":"industry-hormigon-y-mamposteria","12":"power_tool_type-taladro-sacanucleos","13":"power_type-electrico","14":"subcategory-perforadoras-de-corona","15":"tool_type-herramienta-electrica","17":"first","18":"instock","19":"shipping-taxable","20":"purchasable","21":"product-type-variable"},"yoast_head":"<!-- This site is optimized with the Yoast SEO plugin v27.5 - https:\/\/yoast.com\/product\/yoast-seo-wordpress\/ -->\n<title>Perforadora en h\u00famedo END 712 - CS Unitec<\/title>\n<meta name=\"description\" content=\"El taladro sacan\u00facleos en h\u00famedo END 712 ofrece una perforaci\u00f3n manual precisa de hasta 3\/4&quot; de di\u00e1metro en hormig\u00f3n, piedra y mamposter\u00eda. Agujeros pasantes, de anclaje y pasantes en baldosas y piedra.\" \/>\n<meta name=\"robots\" content=\"index, follow, max-snippet:-1, max-image-preview:large, max-video-preview:-1\" \/>\n<link rel=\"canonical\" href=\"https:\/\/csunitec.com\/es\/producto\/perforadora-en-humedo-end-712\/\" \/>\n<meta property=\"og:locale\" content=\"es_ES\" \/>\n<meta property=\"og:type\" content=\"article\" \/>\n<meta property=\"og:title\" content=\"Perforadora en h\u00famedo END 712 - CS Unitec\" \/>\n<meta property=\"og:description\" content=\"El taladro sacan\u00facleos en h\u00famedo END 712 ofrece una perforaci\u00f3n manual precisa de hasta 3\/4&quot; de di\u00e1metro en hormig\u00f3n, piedra y mamposter\u00eda. Agujeros pasantes, de anclaje y pasantes en baldosas y piedra.\" \/>\n<meta property=\"og:url\" content=\"https:\/\/csunitec.com\/es\/producto\/perforadora-en-humedo-end-712\/\" \/>\n<meta property=\"og:site_name\" content=\"CS Unitec\" \/>\n<meta property=\"article:modified_time\" content=\"2026-04-26T21:30:38+00:00\" \/>\n<meta property=\"og:image\" content=\"https:\/\/csunitec.com\/wp-content\/uploads\/2025\/04\/END-712-1-2-1.png\" \/>\n\t<meta property=\"og:image:width\" content=\"1000\" \/>\n\t<meta property=\"og:image:height\" content=\"1000\" \/>\n\t<meta property=\"og:image:type\" content=\"image\/png\" \/>\n<meta name=\"twitter:card\" content=\"summary_large_image\" \/>\n<script type=\"application\/ld+json\" class=\"yoast-schema-graph\">{\"@context\":\"https:\\\/\\\/schema.org\",\"@graph\":[{\"@type\":\"WebPage\",\"@id\":\"https:\\\/\\\/csunitec.com\\\/es\\\/producto\\\/perforadora-en-humedo-end-712\\\/\",\"url\":\"https:\\\/\\\/csunitec.com\\\/es\\\/producto\\\/perforadora-en-humedo-end-712\\\/\",\"name\":\"Perforadora en h\u00famedo END 712 - CS Unitec\",\"isPartOf\":{\"@id\":\"https:\\\/\\\/csunitec.com\\\/es\\\/#website\"},\"primaryImageOfPage\":{\"@id\":\"https:\\\/\\\/csunitec.com\\\/es\\\/producto\\\/perforadora-en-humedo-end-712\\\/#primaryimage\"},\"image\":{\"@id\":\"https:\\\/\\\/csunitec.com\\\/es\\\/producto\\\/perforadora-en-humedo-end-712\\\/#primaryimage\"},\"thumbnailUrl\":\"https:\\\/\\\/csunitec.com\\\/wp-content\\\/uploads\\\/2025\\\/04\\\/END-712-1-2-1.png\",\"datePublished\":\"2024-11-25T23:13:00+00:00\",\"dateModified\":\"2026-04-26T21:30:38+00:00\",\"description\":\"El taladro sacan\u00facleos en h\u00famedo END 712 ofrece una perforaci\u00f3n manual precisa de hasta 3\\\/4\\\" de di\u00e1metro en hormig\u00f3n, piedra y mamposter\u00eda. Agujeros pasantes, de anclaje y pasantes en baldosas y piedra.\",\"breadcrumb\":{\"@id\":\"https:\\\/\\\/csunitec.com\\\/es\\\/producto\\\/perforadora-en-humedo-end-712\\\/#breadcrumb\"},\"inLanguage\":\"es\",\"potentialAction\":[{\"@type\":\"ReadAction\",\"target\":[\"https:\\\/\\\/csunitec.com\\\/es\\\/producto\\\/perforadora-en-humedo-end-712\\\/\"]}]},{\"@type\":\"ImageObject\",\"inLanguage\":\"es\",\"@id\":\"https:\\\/\\\/csunitec.com\\\/es\\\/producto\\\/perforadora-en-humedo-end-712\\\/#primaryimage\",\"url\":\"https:\\\/\\\/csunitec.com\\\/wp-content\\\/uploads\\\/2025\\\/04\\\/END-712-1-2-1.png\",\"contentUrl\":\"https:\\\/\\\/csunitec.com\\\/wp-content\\\/uploads\\\/2025\\\/04\\\/END-712-1-2-1.png\",\"width\":1000,\"height\":1000},{\"@type\":\"BreadcrumbList\",\"@id\":\"https:\\\/\\\/csunitec.com\\\/es\\\/producto\\\/perforadora-en-humedo-end-712\\\/#breadcrumb\",\"itemListElement\":[{\"@type\":\"ListItem\",\"position\":1,\"name\":\"Inicio\",\"item\":\"https:\\\/\\\/csunitec.com\\\/es\\\/\"},{\"@type\":\"ListItem\",\"position\":2,\"name\":\"Tienda\",\"item\":\"https:\\\/\\\/csunitec.com\\\/es\\\/tienda\\\/\"},{\"@type\":\"ListItem\",\"position\":3,\"name\":\"Perforadora en h\u00famedo END 712\"}]},{\"@type\":\"WebSite\",\"@id\":\"https:\\\/\\\/csunitec.com\\\/es\\\/#website\",\"url\":\"https:\\\/\\\/csunitec.com\\\/es\\\/\",\"name\":\"CS Unitec\",\"description\":\"\",\"potentialAction\":[{\"@type\":\"SearchAction\",\"target\":{\"@type\":\"EntryPoint\",\"urlTemplate\":\"https:\\\/\\\/csunitec.com\\\/es\\\/?s={search_term_string}\"},\"query-input\":{\"@type\":\"PropertyValueSpecification\",\"valueRequired\":true,\"valueName\":\"search_term_string\"}}],\"inLanguage\":\"es\"}]}<\/script>\n<!-- \/ Yoast SEO plugin. -->","yoast_head_json":{"title":"Perforadora en h\u00famedo END 712 - CS Unitec","description":"El taladro sacan\u00facleos en h\u00famedo END 712 ofrece una perforaci\u00f3n manual precisa de hasta 3\/4\" de di\u00e1metro en hormig\u00f3n, piedra y mamposter\u00eda. Agujeros pasantes, de anclaje y pasantes en baldosas y piedra.","robots":{"index":"index","follow":"follow","max-snippet":"max-snippet:-1","max-image-preview":"max-image-preview:large","max-video-preview":"max-video-preview:-1"},"canonical":"https:\/\/csunitec.com\/es\/producto\/perforadora-en-humedo-end-712\/","og_locale":"es_ES","og_type":"article","og_title":"Perforadora en h\u00famedo END 712 - CS Unitec","og_description":"El taladro sacan\u00facleos en h\u00famedo END 712 ofrece una perforaci\u00f3n manual precisa de hasta 3\/4\" de di\u00e1metro en hormig\u00f3n, piedra y mamposter\u00eda. Agujeros pasantes, de anclaje y pasantes en baldosas y piedra.","og_url":"https:\/\/csunitec.com\/es\/producto\/perforadora-en-humedo-end-712\/","og_site_name":"CS Unitec","article_modified_time":"2026-04-26T21:30:38+00:00","og_image":[{"width":1000,"height":1000,"url":"https:\/\/csunitec.com\/wp-content\/uploads\/2025\/04\/END-712-1-2-1.png","type":"image\/png"}],"twitter_card":"summary_large_image","schema":{"@context":"https:\/\/schema.org","@graph":[{"@type":"WebPage","@id":"https:\/\/csunitec.com\/es\/producto\/perforadora-en-humedo-end-712\/","url":"https:\/\/csunitec.com\/es\/producto\/perforadora-en-humedo-end-712\/","name":"Perforadora en h\u00famedo END 712 - CS Unitec","isPartOf":{"@id":"https:\/\/csunitec.com\/es\/#website"},"primaryImageOfPage":{"@id":"https:\/\/csunitec.com\/es\/producto\/perforadora-en-humedo-end-712\/#primaryimage"},"image":{"@id":"https:\/\/csunitec.com\/es\/producto\/perforadora-en-humedo-end-712\/#primaryimage"},"thumbnailUrl":"https:\/\/csunitec.com\/wp-content\/uploads\/2025\/04\/END-712-1-2-1.png","datePublished":"2024-11-25T23:13:00+00:00","dateModified":"2026-04-26T21:30:38+00:00","description":"El taladro sacan\u00facleos en h\u00famedo END 712 ofrece una perforaci\u00f3n manual precisa de hasta 3\/4\" de di\u00e1metro en hormig\u00f3n, piedra y mamposter\u00eda. Agujeros pasantes, de anclaje y pasantes en baldosas y piedra.","breadcrumb":{"@id":"https:\/\/csunitec.com\/es\/producto\/perforadora-en-humedo-end-712\/#breadcrumb"},"inLanguage":"es","potentialAction":[{"@type":"ReadAction","target":["https:\/\/csunitec.com\/es\/producto\/perforadora-en-humedo-end-712\/"]}]},{"@type":"ImageObject","inLanguage":"es","@id":"https:\/\/csunitec.com\/es\/producto\/perforadora-en-humedo-end-712\/#primaryimage","url":"https:\/\/csunitec.com\/wp-content\/uploads\/2025\/04\/END-712-1-2-1.png","contentUrl":"https:\/\/csunitec.com\/wp-content\/uploads\/2025\/04\/END-712-1-2-1.png","width":1000,"height":1000},{"@type":"BreadcrumbList","@id":"https:\/\/csunitec.com\/es\/producto\/perforadora-en-humedo-end-712\/#breadcrumb","itemListElement":[{"@type":"ListItem","position":1,"name":"Inicio","item":"https:\/\/csunitec.com\/es\/"},{"@type":"ListItem","position":2,"name":"Tienda","item":"https:\/\/csunitec.com\/es\/tienda\/"},{"@type":"ListItem","position":3,"name":"Perforadora en h\u00famedo END 712"}]},{"@type":"WebSite","@id":"https:\/\/csunitec.com\/es\/#website","url":"https:\/\/csunitec.com\/es\/","name":"CS Unitec","description":"","potentialAction":[{"@type":"SearchAction","target":{"@type":"EntryPoint","urlTemplate":"https:\/\/csunitec.com\/es\/?s={search_term_string}"},"query-input":{"@type":"PropertyValueSpecification","valueRequired":true,"valueName":"search_term_string"}}],"inLanguage":"es"}]}},"_links":{"self":[{"href":"https:\/\/csunitec.com\/es\/wp-json\/wp\/v2\/product\/174654","targetHints":{"allow":["GET"]}}],"collection":[{"href":"https:\/\/csunitec.com\/es\/wp-json\/wp\/v2\/product"}],"about":[{"href":"https:\/\/csunitec.com\/es\/wp-json\/wp\/v2\/types\/product"}],"wp:featuredmedia":[{"embeddable":true,"href":"https:\/\/csunitec.com\/es\/wp-json\/wp\/v2\/media\/174686"}],"wp:attachment":[{"href":"https:\/\/csunitec.com\/es\/wp-json\/wp\/v2\/media?parent=174654"}],"wp:term":[{"taxonomy":"product_brand","embeddable":true,"href":"https:\/\/csunitec.com\/es\/wp-json\/wp\/v2\/product_brand?post=174654"},{"taxonomy":"product_cat","embeddable":true,"href":"https:\/\/csunitec.com\/es\/wp-json\/wp\/v2\/product_cat?post=174654"},{"taxonomy":"product_tag","embeddable":true,"href":"https:\/\/csunitec.com\/es\/wp-json\/wp\/v2\/product_tag?post=174654"},{"taxonomy":"accessory_type","embeddable":true,"href":"https:\/\/csunitec.com\/es\/wp-json\/wp\/v2\/accessory_type?post=174654"},{"taxonomy":"application","embeddable":true,"href":"https:\/\/csunitec.com\/es\/wp-json\/wp\/v2\/application?post=174654"},{"taxonomy":"hand_tool_type","embeddable":true,"href":"https:\/\/csunitec.com\/es\/wp-json\/wp\/v2\/hand_tool_type?post=174654"},{"taxonomy":"industry","embeddable":true,"href":"https:\/\/csunitec.com\/es\/wp-json\/wp\/v2\/industry?post=174654"},{"taxonomy":"material","embeddable":true,"href":"https:\/\/csunitec.com\/es\/wp-json\/wp\/v2\/material?post=174654"},{"taxonomy":"power_tool_type","embeddable":true,"href":"https:\/\/csunitec.com\/es\/wp-json\/wp\/v2\/power_tool_type?post=174654"},{"taxonomy":"power_type","embeddable":true,"href":"https:\/\/csunitec.com\/es\/wp-json\/wp\/v2\/power_type?post=174654"},{"taxonomy":"subcategory","embeddable":true,"href":"https:\/\/csunitec.com\/es\/wp-json\/wp\/v2\/subcategory?post=174654"},{"taxonomy":"tool_type","embeddable":true,"href":"https:\/\/csunitec.com\/es\/wp-json\/wp\/v2\/tool_type?post=174654"}],"curies":[{"name":"wp","href":"https:\/\/api.w.org\/{rel}","templated":true}]}}