{"id":174918,"date":"2024-11-25T23:40:00","date_gmt":"2024-11-26T04:40:00","guid":{"rendered":"https:\/\/stgcsunitec.wpenginepowered.com\/product\/perforacion-con-corona-humeda-seca-etn-2001-p\/"},"modified":"2026-04-30T01:58:04","modified_gmt":"2026-04-30T05:58:04","slug":"perforacion-con-corona-humeda-seca-etn-2001-p","status":"publish","type":"product","link":"https:\/\/csunitec.com\/es\/producto\/perforacion-con-corona-humeda-seca-etn-2001-p\/","title":{"rendered":"Perforaci\u00f3n con corona h\u00fameda\/seca ETN 2001 P"},"content":{"rendered":"<ul>\n<li>Taladro sacan\u00facleos seco\/h\u00famedo ETN 2001 P ideal para perforar a mano ladrillos, bloques, piedra, hormig\u00f3n, hormig\u00f3n armado y asfalto.<\/li>\n<li>Perforaci\u00f3n r\u00e1pida de orificios de anclaje ciegos o pasantes.<\/li>\n<li>Perforaci\u00f3n manual de hasta 3&#8243; de di\u00e1metro, montada en plataforma de hasta 4&#8243; de di\u00e1metro.<\/li>\n<li>Perforaci\u00f3n en seco en ladrillos silicocalc\u00e1reos, mamposter\u00eda, clinker, ladrillo y otros materiales abrasivos.<\/li>\n<li>Perforaci\u00f3n en h\u00famedo en hormig\u00f3n armado, piedra natural y asfalto.<\/li>\n<li>Construcci\u00f3n de fontaner\u00eda, calefacci\u00f3n y ventilaci\u00f3n, ingenier\u00eda civil, construcci\u00f3n paisaj\u00edstica.<\/li>\n<\/ul>\n","protected":false},"excerpt":{"rendered":"<ul class=\"alexcss\">\n<li>Di\u00e1metro de perforaci\u00f3n: Hasta 3-1\/4&#8243; (a mano alzada) o 4&#8243; (plataforma)<\/li>\n<li>Velocidades de carga: 0-800 \/ 0-1570 RPM<\/li>\n<li>Potencia: 15 Amp<\/li>\n<li>Perforaci\u00f3n en h\u00famedo<\/li>\n<li class=\"ncircle\">Se necesita soporte cuando se taladra por encima de 3&#8243; di\u00e1.<\/li>\n<\/ul>\n","protected":false},"featured_media":174919,"template":"","meta":[],"product_brand":[],"product_cat":[935],"product_tag":[969,945,947,944,970],"accessory_type":[],"application":[928],"hand_tool_type":[],"industry":[931],"material":[],"power_tool_type":[938],"power_type":[936],"subcategory":[948],"tool_type":[946],"class_list":{"0":"post-174918","1":"product","2":"type-product","3":"status-publish","4":"has-post-thumbnail","6":"product_cat-taladros","7":"product_tag-perforadoras-con-corona-humeda","8":"product_tag-perforadoras-en-seco","9":"product_tag-taladros-sacanucleos-electricos","10":"product_tag-taladros-sacanucleos-manuales","11":"product_tag-taladros-sacanucleos-montados-en-plataformas","12":"application-perforacion","13":"industry-hormigon-y-mamposteria","14":"power_tool_type-taladro-sacanucleos","15":"power_type-electrico","16":"subcategory-perforadoras-de-corona","17":"tool_type-herramienta-electrica","19":"first","20":"instock","21":"shipping-taxable","22":"purchasable","23":"product-type-variable"},"yoast_head":"<!-- This site is optimized with the Yoast SEO plugin v27.5 - https:\/\/yoast.com\/product\/yoast-seo-wordpress\/ -->\n<title>Perforaci\u00f3n con corona h\u00fameda\/seca ETN 2001 P - CS Unitec<\/title>\n<meta name=\"description\" content=\"La broca sacan\u00facleos en seco\/h\u00famedo ETN 2001 P es una broca sacan\u00facleos de diamante f\u00e1cil de usar para perforar en seco y h\u00famedo agujeros de hasta 10 cm de di\u00e1metro en hormig\u00f3n o piedra.\" \/>\n<meta name=\"robots\" content=\"index, follow, max-snippet:-1, max-image-preview:large, max-video-preview:-1\" \/>\n<link rel=\"canonical\" href=\"https:\/\/csunitec.com\/es\/producto\/perforacion-con-corona-humeda-seca-etn-2001-p\/\" \/>\n<meta property=\"og:locale\" content=\"es_ES\" \/>\n<meta property=\"og:type\" content=\"article\" \/>\n<meta property=\"og:title\" content=\"Perforaci\u00f3n con corona h\u00fameda\/seca ETN 2001 P - CS Unitec\" \/>\n<meta property=\"og:description\" content=\"La broca sacan\u00facleos en seco\/h\u00famedo ETN 2001 P es una broca sacan\u00facleos de diamante f\u00e1cil de usar para perforar en seco y h\u00famedo agujeros de hasta 10 cm de di\u00e1metro en hormig\u00f3n o piedra.\" \/>\n<meta property=\"og:url\" content=\"https:\/\/csunitec.com\/es\/producto\/perforacion-con-corona-humeda-seca-etn-2001-p\/\" \/>\n<meta property=\"og:site_name\" content=\"CS Unitec\" \/>\n<meta property=\"article:modified_time\" content=\"2026-04-30T05:58:04+00:00\" \/>\n<meta property=\"og:image\" content=\"https:\/\/csunitec.com\/wp-content\/uploads\/2025\/04\/ETN-2001-P-1-2-1.png\" \/>\n\t<meta property=\"og:image:width\" content=\"1000\" \/>\n\t<meta property=\"og:image:height\" content=\"1000\" \/>\n\t<meta property=\"og:image:type\" content=\"image\/png\" \/>\n<meta name=\"twitter:card\" content=\"summary_large_image\" \/>\n<script type=\"application\/ld+json\" class=\"yoast-schema-graph\">{\"@context\":\"https:\\\/\\\/schema.org\",\"@graph\":[{\"@type\":\"WebPage\",\"@id\":\"https:\\\/\\\/csunitec.com\\\/es\\\/producto\\\/perforacion-con-corona-humeda-seca-etn-2001-p\\\/\",\"url\":\"https:\\\/\\\/csunitec.com\\\/es\\\/producto\\\/perforacion-con-corona-humeda-seca-etn-2001-p\\\/\",\"name\":\"Perforaci\u00f3n con corona h\u00fameda\\\/seca ETN 2001 P - CS Unitec\",\"isPartOf\":{\"@id\":\"https:\\\/\\\/csunitec.com\\\/es\\\/#website\"},\"primaryImageOfPage\":{\"@id\":\"https:\\\/\\\/csunitec.com\\\/es\\\/producto\\\/perforacion-con-corona-humeda-seca-etn-2001-p\\\/#primaryimage\"},\"image\":{\"@id\":\"https:\\\/\\\/csunitec.com\\\/es\\\/producto\\\/perforacion-con-corona-humeda-seca-etn-2001-p\\\/#primaryimage\"},\"thumbnailUrl\":\"https:\\\/\\\/csunitec.com\\\/wp-content\\\/uploads\\\/2025\\\/04\\\/ETN-2001-P-1-2-1.png\",\"datePublished\":\"2024-11-26T04:40:00+00:00\",\"dateModified\":\"2026-04-30T05:58:04+00:00\",\"description\":\"La broca sacan\u00facleos en seco\\\/h\u00famedo ETN 2001 P es una broca sacan\u00facleos de diamante f\u00e1cil de usar para perforar en seco y h\u00famedo agujeros de hasta 10 cm de di\u00e1metro en hormig\u00f3n o piedra.\",\"breadcrumb\":{\"@id\":\"https:\\\/\\\/csunitec.com\\\/es\\\/producto\\\/perforacion-con-corona-humeda-seca-etn-2001-p\\\/#breadcrumb\"},\"inLanguage\":\"es\",\"potentialAction\":[{\"@type\":\"ReadAction\",\"target\":[\"https:\\\/\\\/csunitec.com\\\/es\\\/producto\\\/perforacion-con-corona-humeda-seca-etn-2001-p\\\/\"]}]},{\"@type\":\"ImageObject\",\"inLanguage\":\"es\",\"@id\":\"https:\\\/\\\/csunitec.com\\\/es\\\/producto\\\/perforacion-con-corona-humeda-seca-etn-2001-p\\\/#primaryimage\",\"url\":\"https:\\\/\\\/csunitec.com\\\/wp-content\\\/uploads\\\/2025\\\/04\\\/ETN-2001-P-1-2-1.png\",\"contentUrl\":\"https:\\\/\\\/csunitec.com\\\/wp-content\\\/uploads\\\/2025\\\/04\\\/ETN-2001-P-1-2-1.png\",\"width\":1000,\"height\":1000},{\"@type\":\"BreadcrumbList\",\"@id\":\"https:\\\/\\\/csunitec.com\\\/es\\\/producto\\\/perforacion-con-corona-humeda-seca-etn-2001-p\\\/#breadcrumb\",\"itemListElement\":[{\"@type\":\"ListItem\",\"position\":1,\"name\":\"Inicio\",\"item\":\"https:\\\/\\\/csunitec.com\\\/es\\\/\"},{\"@type\":\"ListItem\",\"position\":2,\"name\":\"Tienda\",\"item\":\"https:\\\/\\\/csunitec.com\\\/es\\\/tienda\\\/\"},{\"@type\":\"ListItem\",\"position\":3,\"name\":\"Perforaci\u00f3n con corona h\u00fameda\\\/seca ETN 2001 P\"}]},{\"@type\":\"WebSite\",\"@id\":\"https:\\\/\\\/csunitec.com\\\/es\\\/#website\",\"url\":\"https:\\\/\\\/csunitec.com\\\/es\\\/\",\"name\":\"CS Unitec\",\"description\":\"\",\"potentialAction\":[{\"@type\":\"SearchAction\",\"target\":{\"@type\":\"EntryPoint\",\"urlTemplate\":\"https:\\\/\\\/csunitec.com\\\/es\\\/?s={search_term_string}\"},\"query-input\":{\"@type\":\"PropertyValueSpecification\",\"valueRequired\":true,\"valueName\":\"search_term_string\"}}],\"inLanguage\":\"es\"}]}<\/script>\n<!-- \/ Yoast SEO plugin. -->","yoast_head_json":{"title":"Perforaci\u00f3n con corona h\u00fameda\/seca ETN 2001 P - CS Unitec","description":"La broca sacan\u00facleos en seco\/h\u00famedo ETN 2001 P es una broca sacan\u00facleos de diamante f\u00e1cil de usar para perforar en seco y h\u00famedo agujeros de hasta 10 cm de di\u00e1metro en hormig\u00f3n o piedra.","robots":{"index":"index","follow":"follow","max-snippet":"max-snippet:-1","max-image-preview":"max-image-preview:large","max-video-preview":"max-video-preview:-1"},"canonical":"https:\/\/csunitec.com\/es\/producto\/perforacion-con-corona-humeda-seca-etn-2001-p\/","og_locale":"es_ES","og_type":"article","og_title":"Perforaci\u00f3n con corona h\u00fameda\/seca ETN 2001 P - CS Unitec","og_description":"La broca sacan\u00facleos en seco\/h\u00famedo ETN 2001 P es una broca sacan\u00facleos de diamante f\u00e1cil de usar para perforar en seco y h\u00famedo agujeros de hasta 10 cm de di\u00e1metro en hormig\u00f3n o piedra.","og_url":"https:\/\/csunitec.com\/es\/producto\/perforacion-con-corona-humeda-seca-etn-2001-p\/","og_site_name":"CS Unitec","article_modified_time":"2026-04-30T05:58:04+00:00","og_image":[{"width":1000,"height":1000,"url":"https:\/\/csunitec.com\/wp-content\/uploads\/2025\/04\/ETN-2001-P-1-2-1.png","type":"image\/png"}],"twitter_card":"summary_large_image","schema":{"@context":"https:\/\/schema.org","@graph":[{"@type":"WebPage","@id":"https:\/\/csunitec.com\/es\/producto\/perforacion-con-corona-humeda-seca-etn-2001-p\/","url":"https:\/\/csunitec.com\/es\/producto\/perforacion-con-corona-humeda-seca-etn-2001-p\/","name":"Perforaci\u00f3n con corona h\u00fameda\/seca ETN 2001 P - CS Unitec","isPartOf":{"@id":"https:\/\/csunitec.com\/es\/#website"},"primaryImageOfPage":{"@id":"https:\/\/csunitec.com\/es\/producto\/perforacion-con-corona-humeda-seca-etn-2001-p\/#primaryimage"},"image":{"@id":"https:\/\/csunitec.com\/es\/producto\/perforacion-con-corona-humeda-seca-etn-2001-p\/#primaryimage"},"thumbnailUrl":"https:\/\/csunitec.com\/wp-content\/uploads\/2025\/04\/ETN-2001-P-1-2-1.png","datePublished":"2024-11-26T04:40:00+00:00","dateModified":"2026-04-30T05:58:04+00:00","description":"La broca sacan\u00facleos en seco\/h\u00famedo ETN 2001 P es una broca sacan\u00facleos de diamante f\u00e1cil de usar para perforar en seco y h\u00famedo agujeros de hasta 10 cm de di\u00e1metro en hormig\u00f3n o piedra.","breadcrumb":{"@id":"https:\/\/csunitec.com\/es\/producto\/perforacion-con-corona-humeda-seca-etn-2001-p\/#breadcrumb"},"inLanguage":"es","potentialAction":[{"@type":"ReadAction","target":["https:\/\/csunitec.com\/es\/producto\/perforacion-con-corona-humeda-seca-etn-2001-p\/"]}]},{"@type":"ImageObject","inLanguage":"es","@id":"https:\/\/csunitec.com\/es\/producto\/perforacion-con-corona-humeda-seca-etn-2001-p\/#primaryimage","url":"https:\/\/csunitec.com\/wp-content\/uploads\/2025\/04\/ETN-2001-P-1-2-1.png","contentUrl":"https:\/\/csunitec.com\/wp-content\/uploads\/2025\/04\/ETN-2001-P-1-2-1.png","width":1000,"height":1000},{"@type":"BreadcrumbList","@id":"https:\/\/csunitec.com\/es\/producto\/perforacion-con-corona-humeda-seca-etn-2001-p\/#breadcrumb","itemListElement":[{"@type":"ListItem","position":1,"name":"Inicio","item":"https:\/\/csunitec.com\/es\/"},{"@type":"ListItem","position":2,"name":"Tienda","item":"https:\/\/csunitec.com\/es\/tienda\/"},{"@type":"ListItem","position":3,"name":"Perforaci\u00f3n con corona h\u00fameda\/seca ETN 2001 P"}]},{"@type":"WebSite","@id":"https:\/\/csunitec.com\/es\/#website","url":"https:\/\/csunitec.com\/es\/","name":"CS Unitec","description":"","potentialAction":[{"@type":"SearchAction","target":{"@type":"EntryPoint","urlTemplate":"https:\/\/csunitec.com\/es\/?s={search_term_string}"},"query-input":{"@type":"PropertyValueSpecification","valueRequired":true,"valueName":"search_term_string"}}],"inLanguage":"es"}]}},"_links":{"self":[{"href":"https:\/\/csunitec.com\/es\/wp-json\/wp\/v2\/product\/174918","targetHints":{"allow":["GET"]}}],"collection":[{"href":"https:\/\/csunitec.com\/es\/wp-json\/wp\/v2\/product"}],"about":[{"href":"https:\/\/csunitec.com\/es\/wp-json\/wp\/v2\/types\/product"}],"wp:featuredmedia":[{"embeddable":true,"href":"https:\/\/csunitec.com\/es\/wp-json\/wp\/v2\/media\/174919"}],"wp:attachment":[{"href":"https:\/\/csunitec.com\/es\/wp-json\/wp\/v2\/media?parent=174918"}],"wp:term":[{"taxonomy":"product_brand","embeddable":true,"href":"https:\/\/csunitec.com\/es\/wp-json\/wp\/v2\/product_brand?post=174918"},{"taxonomy":"product_cat","embeddable":true,"href":"https:\/\/csunitec.com\/es\/wp-json\/wp\/v2\/product_cat?post=174918"},{"taxonomy":"product_tag","embeddable":true,"href":"https:\/\/csunitec.com\/es\/wp-json\/wp\/v2\/product_tag?post=174918"},{"taxonomy":"accessory_type","embeddable":true,"href":"https:\/\/csunitec.com\/es\/wp-json\/wp\/v2\/accessory_type?post=174918"},{"taxonomy":"application","embeddable":true,"href":"https:\/\/csunitec.com\/es\/wp-json\/wp\/v2\/application?post=174918"},{"taxonomy":"hand_tool_type","embeddable":true,"href":"https:\/\/csunitec.com\/es\/wp-json\/wp\/v2\/hand_tool_type?post=174918"},{"taxonomy":"industry","embeddable":true,"href":"https:\/\/csunitec.com\/es\/wp-json\/wp\/v2\/industry?post=174918"},{"taxonomy":"material","embeddable":true,"href":"https:\/\/csunitec.com\/es\/wp-json\/wp\/v2\/material?post=174918"},{"taxonomy":"power_tool_type","embeddable":true,"href":"https:\/\/csunitec.com\/es\/wp-json\/wp\/v2\/power_tool_type?post=174918"},{"taxonomy":"power_type","embeddable":true,"href":"https:\/\/csunitec.com\/es\/wp-json\/wp\/v2\/power_type?post=174918"},{"taxonomy":"subcategory","embeddable":true,"href":"https:\/\/csunitec.com\/es\/wp-json\/wp\/v2\/subcategory?post=174918"},{"taxonomy":"tool_type","embeddable":true,"href":"https:\/\/csunitec.com\/es\/wp-json\/wp\/v2\/tool_type?post=174918"}],"curies":[{"name":"wp","href":"https:\/\/api.w.org\/{rel}","templated":true}]}}