{"id":174954,"date":"2024-10-10T18:49:00","date_gmt":"2024-10-10T18:49:00","guid":{"rendered":"https:\/\/stgcsunitec.wpenginepowered.com\/product\/taladradoras-diamantadas-hidraulicas\/"},"modified":"2026-04-30T01:57:29","modified_gmt":"2026-04-30T05:57:29","slug":"taladradoras-diamantadas-hidraulicas","status":"publish","type":"product","link":"https:\/\/csunitec.com\/es\/producto\/taladradoras-diamantadas-hidraulicas\/","title":{"rendered":"Taladradoras Diamantadas Hidr\u00e1ulicas"},"content":{"rendered":"<ul>\n<li>Perforadoras de corona de diamante hidr\u00e1ulicas ideales para trabajos pesados de perforaci\u00f3n en h\u00famedo de hasta 12&#8243; de di\u00e1metro en hormig\u00f3n, hormig\u00f3n armado y asfalto. <\/li>\n<li>El motor hidr\u00e1ulico funciona a una presi\u00f3n de aceite de 2000 PSI. El caudal requerido es de 6 GPM. El caudal adicional se desv\u00eda autom\u00e1ticamente al dep\u00f3sito hasta una entrada m\u00e1xima de 13 GPM.  <\/li>\n<li>Potentes brocas huecas de diamante dise\u00f1adas para perforar con rapidez y precisi\u00f3n hormig\u00f3n, hormig\u00f3n armado y otros materiales de alba\u00f1iler\u00eda.<\/li>\n<li>Ideal para contratistas profesionales de perforaci\u00f3n y aplicaciones subacu\u00e1ticas<\/li>\n<li>Ideal para lugares donde las herramientas el\u00e9ctricas entra\u00f1an riesgos, como t\u00faneles, plantas de aguas residuales, instalaciones industriales y trabajos subterr\u00e1neos.<\/li>\n<li>Las perforadoras de corona de diamante hidr\u00e1ulicas se utilizan para perforar agujeros para anclajes postinstalados, pasadores de barras de refuerzo y soportes estructurales.<\/li>\n<li>Admite perforaciones para puentes, t\u00faneles, cimientos, b\u00f3vedas de servicios p\u00fablicos y mejoras de infraestructuras.<\/li>\n<\/ul>\n","protected":false},"excerpt":{"rendered":"<ul class=\"alexcss\">\n<li>Di\u00e1metro de perforaci\u00f3n: Hasta 3&#8243; (a mano) y hasta 12&#8243; (con soporte)<\/li>\n<li>Velocidades de carga: 380 \/ 900 \/ 1800 RPM<\/li>\n<li>Util\u00edzalo con la mano o montado en el aparejo<\/li>\n<li>Perforaci\u00f3n en h\u00famedo<\/li>\n<li>Mangueras flexibles y acoplamientos FF incluidos<\/li>\n<\/ul>\n","protected":false},"featured_media":174955,"template":"","meta":[],"product_brand":[],"product_cat":[935,1048],"product_tag":[944,970,975,977],"accessory_type":[],"application":[930],"hand_tool_type":[],"industry":[931,971],"material":[],"power_tool_type":[938],"power_type":[976],"subcategory":[948,1112],"tool_type":[946],"class_list":{"0":"post-174954","1":"product","2":"type-product","3":"status-publish","4":"has-post-thumbnail","6":"product_cat-taladros","7":"product_cat-herramientas-de-seguridad","8":"product_tag-taladros-sacanucleos-manuales","9":"product_tag-taladros-sacanucleos-montados-en-plataformas","10":"product_tag-perforadoras-de-corona","11":"product_tag-taladros-sacanucleos-hidraulicos","12":"application-perforacion-y-fijacion-2","13":"industry-hormigon-y-mamposteria","14":"industry-submarino","15":"power_tool_type-taladro-sacanucleos","16":"power_type-hidraulico","17":"subcategory-perforadoras-de-corona","18":"subcategory-herramientas-de-seguridad","19":"tool_type-herramienta-electrica","21":"first","22":"instock","23":"shipping-taxable","24":"purchasable","25":"product-type-variable"},"yoast_head":"<!-- This site is optimized with the Yoast SEO plugin v27.5 - https:\/\/yoast.com\/product\/yoast-seo-wordpress\/ -->\n<title>Taladradoras Diamantadas Hidr\u00e1ulicas - CS Unitec<\/title>\n<meta name=\"description\" content=\"Perforadoras sacan\u00facleos de diamante hidr\u00e1ulicas ideales para trabajos pesados de perforaci\u00f3n en hormig\u00f3n armado, mamposter\u00eda, asfalto e incluso aplicaciones subacu\u00e1ticas\" \/>\n<meta name=\"robots\" content=\"index, follow, max-snippet:-1, max-image-preview:large, max-video-preview:-1\" \/>\n<link rel=\"canonical\" href=\"https:\/\/csunitec.com\/es\/producto\/taladradoras-diamantadas-hidraulicas\/\" \/>\n<meta property=\"og:locale\" content=\"es_ES\" \/>\n<meta property=\"og:type\" content=\"article\" \/>\n<meta property=\"og:title\" content=\"Taladradoras Diamantadas Hidr\u00e1ulicas - CS Unitec\" \/>\n<meta property=\"og:description\" content=\"Perforadoras sacan\u00facleos de diamante hidr\u00e1ulicas ideales para trabajos pesados de perforaci\u00f3n en hormig\u00f3n armado, mamposter\u00eda, asfalto e incluso aplicaciones subacu\u00e1ticas\" \/>\n<meta property=\"og:url\" content=\"https:\/\/csunitec.com\/es\/producto\/taladradoras-diamantadas-hidraulicas\/\" \/>\n<meta property=\"og:site_name\" content=\"CS Unitec\" \/>\n<meta property=\"article:modified_time\" content=\"2026-04-30T05:57:29+00:00\" \/>\n<meta property=\"og:image\" content=\"https:\/\/csunitec.com\/wp-content\/uploads\/2025\/04\/2-1317-0030-Core-Drill-5-1.png\" \/>\n\t<meta property=\"og:image:width\" content=\"1000\" \/>\n\t<meta property=\"og:image:height\" content=\"1000\" \/>\n\t<meta property=\"og:image:type\" content=\"image\/png\" \/>\n<meta name=\"twitter:card\" content=\"summary_large_image\" \/>\n<meta name=\"twitter:label1\" content=\"Tiempo de lectura\" \/>\n\t<meta name=\"twitter:data1\" content=\"1 minuto\" \/>\n<script type=\"application\/ld+json\" class=\"yoast-schema-graph\">{\"@context\":\"https:\\\/\\\/schema.org\",\"@graph\":[{\"@type\":\"WebPage\",\"@id\":\"https:\\\/\\\/csunitec.com\\\/es\\\/producto\\\/taladradoras-diamantadas-hidraulicas\\\/\",\"url\":\"https:\\\/\\\/csunitec.com\\\/es\\\/producto\\\/taladradoras-diamantadas-hidraulicas\\\/\",\"name\":\"Taladradoras Diamantadas Hidr\u00e1ulicas - CS Unitec\",\"isPartOf\":{\"@id\":\"https:\\\/\\\/csunitec.com\\\/es\\\/#website\"},\"primaryImageOfPage\":{\"@id\":\"https:\\\/\\\/csunitec.com\\\/es\\\/producto\\\/taladradoras-diamantadas-hidraulicas\\\/#primaryimage\"},\"image\":{\"@id\":\"https:\\\/\\\/csunitec.com\\\/es\\\/producto\\\/taladradoras-diamantadas-hidraulicas\\\/#primaryimage\"},\"thumbnailUrl\":\"https:\\\/\\\/csunitec.com\\\/wp-content\\\/uploads\\\/2025\\\/04\\\/2-1317-0030-Core-Drill-5-1.png\",\"datePublished\":\"2024-10-10T18:49:00+00:00\",\"dateModified\":\"2026-04-30T05:57:29+00:00\",\"description\":\"Perforadoras sacan\u00facleos de diamante hidr\u00e1ulicas ideales para trabajos pesados de perforaci\u00f3n en hormig\u00f3n armado, mamposter\u00eda, asfalto e incluso aplicaciones subacu\u00e1ticas\",\"breadcrumb\":{\"@id\":\"https:\\\/\\\/csunitec.com\\\/es\\\/producto\\\/taladradoras-diamantadas-hidraulicas\\\/#breadcrumb\"},\"inLanguage\":\"es\",\"potentialAction\":[{\"@type\":\"ReadAction\",\"target\":[\"https:\\\/\\\/csunitec.com\\\/es\\\/producto\\\/taladradoras-diamantadas-hidraulicas\\\/\"]}]},{\"@type\":\"ImageObject\",\"inLanguage\":\"es\",\"@id\":\"https:\\\/\\\/csunitec.com\\\/es\\\/producto\\\/taladradoras-diamantadas-hidraulicas\\\/#primaryimage\",\"url\":\"https:\\\/\\\/csunitec.com\\\/wp-content\\\/uploads\\\/2025\\\/04\\\/2-1317-0030-Core-Drill-5-1.png\",\"contentUrl\":\"https:\\\/\\\/csunitec.com\\\/wp-content\\\/uploads\\\/2025\\\/04\\\/2-1317-0030-Core-Drill-5-1.png\",\"width\":1000,\"height\":1000},{\"@type\":\"BreadcrumbList\",\"@id\":\"https:\\\/\\\/csunitec.com\\\/es\\\/producto\\\/taladradoras-diamantadas-hidraulicas\\\/#breadcrumb\",\"itemListElement\":[{\"@type\":\"ListItem\",\"position\":1,\"name\":\"Inicio\",\"item\":\"https:\\\/\\\/csunitec.com\\\/es\\\/\"},{\"@type\":\"ListItem\",\"position\":2,\"name\":\"Tienda\",\"item\":\"https:\\\/\\\/csunitec.com\\\/es\\\/tienda\\\/\"},{\"@type\":\"ListItem\",\"position\":3,\"name\":\"Taladradoras Diamantadas Hidr\u00e1ulicas\"}]},{\"@type\":\"WebSite\",\"@id\":\"https:\\\/\\\/csunitec.com\\\/es\\\/#website\",\"url\":\"https:\\\/\\\/csunitec.com\\\/es\\\/\",\"name\":\"CS Unitec\",\"description\":\"\",\"potentialAction\":[{\"@type\":\"SearchAction\",\"target\":{\"@type\":\"EntryPoint\",\"urlTemplate\":\"https:\\\/\\\/csunitec.com\\\/es\\\/?s={search_term_string}\"},\"query-input\":{\"@type\":\"PropertyValueSpecification\",\"valueRequired\":true,\"valueName\":\"search_term_string\"}}],\"inLanguage\":\"es\"}]}<\/script>\n<!-- \/ Yoast SEO plugin. -->","yoast_head_json":{"title":"Taladradoras Diamantadas Hidr\u00e1ulicas - CS Unitec","description":"Perforadoras sacan\u00facleos de diamante hidr\u00e1ulicas ideales para trabajos pesados de perforaci\u00f3n en hormig\u00f3n armado, mamposter\u00eda, asfalto e incluso aplicaciones subacu\u00e1ticas","robots":{"index":"index","follow":"follow","max-snippet":"max-snippet:-1","max-image-preview":"max-image-preview:large","max-video-preview":"max-video-preview:-1"},"canonical":"https:\/\/csunitec.com\/es\/producto\/taladradoras-diamantadas-hidraulicas\/","og_locale":"es_ES","og_type":"article","og_title":"Taladradoras Diamantadas Hidr\u00e1ulicas - CS Unitec","og_description":"Perforadoras sacan\u00facleos de diamante hidr\u00e1ulicas ideales para trabajos pesados de perforaci\u00f3n en hormig\u00f3n armado, mamposter\u00eda, asfalto e incluso aplicaciones subacu\u00e1ticas","og_url":"https:\/\/csunitec.com\/es\/producto\/taladradoras-diamantadas-hidraulicas\/","og_site_name":"CS Unitec","article_modified_time":"2026-04-30T05:57:29+00:00","og_image":[{"width":1000,"height":1000,"url":"https:\/\/csunitec.com\/wp-content\/uploads\/2025\/04\/2-1317-0030-Core-Drill-5-1.png","type":"image\/png"}],"twitter_card":"summary_large_image","twitter_misc":{"Tiempo de lectura":"1 minuto"},"schema":{"@context":"https:\/\/schema.org","@graph":[{"@type":"WebPage","@id":"https:\/\/csunitec.com\/es\/producto\/taladradoras-diamantadas-hidraulicas\/","url":"https:\/\/csunitec.com\/es\/producto\/taladradoras-diamantadas-hidraulicas\/","name":"Taladradoras Diamantadas Hidr\u00e1ulicas - CS Unitec","isPartOf":{"@id":"https:\/\/csunitec.com\/es\/#website"},"primaryImageOfPage":{"@id":"https:\/\/csunitec.com\/es\/producto\/taladradoras-diamantadas-hidraulicas\/#primaryimage"},"image":{"@id":"https:\/\/csunitec.com\/es\/producto\/taladradoras-diamantadas-hidraulicas\/#primaryimage"},"thumbnailUrl":"https:\/\/csunitec.com\/wp-content\/uploads\/2025\/04\/2-1317-0030-Core-Drill-5-1.png","datePublished":"2024-10-10T18:49:00+00:00","dateModified":"2026-04-30T05:57:29+00:00","description":"Perforadoras sacan\u00facleos de diamante hidr\u00e1ulicas ideales para trabajos pesados de perforaci\u00f3n en hormig\u00f3n armado, mamposter\u00eda, asfalto e incluso aplicaciones subacu\u00e1ticas","breadcrumb":{"@id":"https:\/\/csunitec.com\/es\/producto\/taladradoras-diamantadas-hidraulicas\/#breadcrumb"},"inLanguage":"es","potentialAction":[{"@type":"ReadAction","target":["https:\/\/csunitec.com\/es\/producto\/taladradoras-diamantadas-hidraulicas\/"]}]},{"@type":"ImageObject","inLanguage":"es","@id":"https:\/\/csunitec.com\/es\/producto\/taladradoras-diamantadas-hidraulicas\/#primaryimage","url":"https:\/\/csunitec.com\/wp-content\/uploads\/2025\/04\/2-1317-0030-Core-Drill-5-1.png","contentUrl":"https:\/\/csunitec.com\/wp-content\/uploads\/2025\/04\/2-1317-0030-Core-Drill-5-1.png","width":1000,"height":1000},{"@type":"BreadcrumbList","@id":"https:\/\/csunitec.com\/es\/producto\/taladradoras-diamantadas-hidraulicas\/#breadcrumb","itemListElement":[{"@type":"ListItem","position":1,"name":"Inicio","item":"https:\/\/csunitec.com\/es\/"},{"@type":"ListItem","position":2,"name":"Tienda","item":"https:\/\/csunitec.com\/es\/tienda\/"},{"@type":"ListItem","position":3,"name":"Taladradoras Diamantadas Hidr\u00e1ulicas"}]},{"@type":"WebSite","@id":"https:\/\/csunitec.com\/es\/#website","url":"https:\/\/csunitec.com\/es\/","name":"CS Unitec","description":"","potentialAction":[{"@type":"SearchAction","target":{"@type":"EntryPoint","urlTemplate":"https:\/\/csunitec.com\/es\/?s={search_term_string}"},"query-input":{"@type":"PropertyValueSpecification","valueRequired":true,"valueName":"search_term_string"}}],"inLanguage":"es"}]}},"_links":{"self":[{"href":"https:\/\/csunitec.com\/es\/wp-json\/wp\/v2\/product\/174954","targetHints":{"allow":["GET"]}}],"collection":[{"href":"https:\/\/csunitec.com\/es\/wp-json\/wp\/v2\/product"}],"about":[{"href":"https:\/\/csunitec.com\/es\/wp-json\/wp\/v2\/types\/product"}],"wp:featuredmedia":[{"embeddable":true,"href":"https:\/\/csunitec.com\/es\/wp-json\/wp\/v2\/media\/174955"}],"wp:attachment":[{"href":"https:\/\/csunitec.com\/es\/wp-json\/wp\/v2\/media?parent=174954"}],"wp:term":[{"taxonomy":"product_brand","embeddable":true,"href":"https:\/\/csunitec.com\/es\/wp-json\/wp\/v2\/product_brand?post=174954"},{"taxonomy":"product_cat","embeddable":true,"href":"https:\/\/csunitec.com\/es\/wp-json\/wp\/v2\/product_cat?post=174954"},{"taxonomy":"product_tag","embeddable":true,"href":"https:\/\/csunitec.com\/es\/wp-json\/wp\/v2\/product_tag?post=174954"},{"taxonomy":"accessory_type","embeddable":true,"href":"https:\/\/csunitec.com\/es\/wp-json\/wp\/v2\/accessory_type?post=174954"},{"taxonomy":"application","embeddable":true,"href":"https:\/\/csunitec.com\/es\/wp-json\/wp\/v2\/application?post=174954"},{"taxonomy":"hand_tool_type","embeddable":true,"href":"https:\/\/csunitec.com\/es\/wp-json\/wp\/v2\/hand_tool_type?post=174954"},{"taxonomy":"industry","embeddable":true,"href":"https:\/\/csunitec.com\/es\/wp-json\/wp\/v2\/industry?post=174954"},{"taxonomy":"material","embeddable":true,"href":"https:\/\/csunitec.com\/es\/wp-json\/wp\/v2\/material?post=174954"},{"taxonomy":"power_tool_type","embeddable":true,"href":"https:\/\/csunitec.com\/es\/wp-json\/wp\/v2\/power_tool_type?post=174954"},{"taxonomy":"power_type","embeddable":true,"href":"https:\/\/csunitec.com\/es\/wp-json\/wp\/v2\/power_type?post=174954"},{"taxonomy":"subcategory","embeddable":true,"href":"https:\/\/csunitec.com\/es\/wp-json\/wp\/v2\/subcategory?post=174954"},{"taxonomy":"tool_type","embeddable":true,"href":"https:\/\/csunitec.com\/es\/wp-json\/wp\/v2\/tool_type?post=174954"}],"curies":[{"name":"wp","href":"https:\/\/api.w.org\/{rel}","templated":true}]}}