{"id":175469,"date":"2024-11-26T15:59:00","date_gmt":"2024-11-26T15:59:00","guid":{"rendered":"https:\/\/stgcsunitec.wpenginepowered.com\/product\/perforadora-con-corona-de-diamante-dbe-201\/"},"modified":"2026-04-26T17:30:58","modified_gmt":"2026-04-26T21:30:58","slug":"perforadora-con-corona-de-diamante-dbe-201","status":"publish","type":"product","link":"https:\/\/csunitec.com\/es\/producto\/perforadora-con-corona-de-diamante-dbe-201\/","title":{"rendered":"Perforadora con corona de diamante DBE 201"},"content":{"rendered":"<ul>\n<li>Equipo de perforaci\u00f3n con corona de diamante para perforar en h\u00famedo hasta 8&#8243; de di\u00e1metro en hormig\u00f3n armado, hormig\u00f3n, piedra natural y asfalto. <\/li>\n<li>Ideal para fontaner\u00eda, construcci\u00f3n mec\u00e1nica y el\u00e9ctrica, as\u00ed como para ingenier\u00eda civil y paisajismo.<\/li>\n<li>Para taladrar en suelos, paredes y techos.<\/li>\n<li>Su dise\u00f1o ligero y aerodin\u00e1mico lo hace extremadamente port\u00e1til y f\u00e1cil de maniobrar para cualquier aplicaci\u00f3n de perforaci\u00f3n de hormig\u00f3n.<\/li>\n<li>Taladra agujeros precisos para entradas de servicio, bancos de conductos, bandejas de cables y penetraciones de servicios p\u00fablicos.<\/li>\n<li>Adecuado para extraer grandes muestras de testigos de hormig\u00f3n para an\u00e1lisis de ingenier\u00eda, control de calidad y evaluaci\u00f3n estructural.<\/li>\n<li>Admite perforaciones para puentes, t\u00faneles, cimentaciones, b\u00f3vedas de servicios p\u00fablicos y proyectos de infraestructuras.<\/li>\n<\/ul>\n","protected":false},"excerpt":{"rendered":"<ul class=\"alexcss\">\n<li>Di\u00e1metro de perforaci\u00f3n: Hasta 8<\/li>\n<li>Velocidades de carga: 450 RPM<\/li>\n<li>Potencia: 18 amperios<\/li>\n<li>Perforaci\u00f3n en h\u00famedo<\/li>\n<\/ul>\n","protected":false},"featured_media":175476,"template":"","meta":[],"product_brand":[],"product_cat":[935],"product_tag":[969,947,970,979],"accessory_type":[],"application":[928],"hand_tool_type":[],"industry":[931],"material":[],"power_tool_type":[938],"power_type":[936],"subcategory":[948],"tool_type":[946],"class_list":{"0":"post-175469","1":"product","2":"type-product","3":"status-publish","4":"has-post-thumbnail","6":"product_cat-taladros","7":"product_tag-perforadoras-con-corona-humeda","8":"product_tag-taladros-sacanucleos-electricos","9":"product_tag-taladros-sacanucleos-montados-en-plataformas","10":"product_tag-destaca","11":"application-perforacion","12":"industry-hormigon-y-mamposteria","13":"power_tool_type-taladro-sacanucleos","14":"power_type-electrico","15":"subcategory-perforadoras-de-corona","16":"tool_type-herramienta-electrica","18":"first","19":"instock","20":"shipping-taxable","21":"purchasable","22":"product-type-simple"},"yoast_head":"<!-- This site is optimized with the Yoast SEO plugin v27.5 - https:\/\/yoast.com\/product\/yoast-seo-wordpress\/ -->\n<title>Perforadora con corona de diamante DBE 201 - CS Unitec<\/title>\n<meta name=\"description\" content=\"La perforadora sacan\u00facleos de diamante DBE 201 es una m\u00e1quina perforadora sacan\u00facleos de hormig\u00f3n de calidad profesional para perforar hasta 8&quot; de di\u00e1metro en hormig\u00f3n y piedra.\" \/>\n<meta name=\"robots\" content=\"index, follow, max-snippet:-1, max-image-preview:large, max-video-preview:-1\" \/>\n<link rel=\"canonical\" href=\"https:\/\/csunitec.com\/es\/producto\/perforadora-con-corona-de-diamante-dbe-201\/\" \/>\n<meta property=\"og:locale\" content=\"es_ES\" \/>\n<meta property=\"og:type\" content=\"article\" \/>\n<meta property=\"og:title\" content=\"Perforadora con corona de diamante DBE 201 - CS Unitec\" \/>\n<meta property=\"og:description\" content=\"La perforadora sacan\u00facleos de diamante DBE 201 es una m\u00e1quina perforadora sacan\u00facleos de hormig\u00f3n de calidad profesional para perforar hasta 8&quot; de di\u00e1metro en hormig\u00f3n y piedra.\" \/>\n<meta property=\"og:url\" content=\"https:\/\/csunitec.com\/es\/producto\/perforadora-con-corona-de-diamante-dbe-201\/\" \/>\n<meta property=\"og:site_name\" content=\"CS Unitec\" \/>\n<meta property=\"article:modified_time\" content=\"2026-04-26T21:30:58+00:00\" \/>\n<meta property=\"og:image\" content=\"https:\/\/csunitec.com\/wp-content\/uploads\/2024\/11\/DBE-201-1-2-1.png\" \/>\n\t<meta property=\"og:image:width\" content=\"1000\" \/>\n\t<meta property=\"og:image:height\" content=\"1000\" \/>\n\t<meta property=\"og:image:type\" content=\"image\/png\" \/>\n<meta name=\"twitter:card\" content=\"summary_large_image\" \/>\n<meta name=\"twitter:label1\" content=\"Tiempo de lectura\" \/>\n\t<meta name=\"twitter:data1\" content=\"1 minuto\" \/>\n<script type=\"application\/ld+json\" class=\"yoast-schema-graph\">{\"@context\":\"https:\\\/\\\/schema.org\",\"@graph\":[{\"@type\":\"WebPage\",\"@id\":\"https:\\\/\\\/csunitec.com\\\/es\\\/producto\\\/perforadora-con-corona-de-diamante-dbe-201\\\/\",\"url\":\"https:\\\/\\\/csunitec.com\\\/es\\\/producto\\\/perforadora-con-corona-de-diamante-dbe-201\\\/\",\"name\":\"Perforadora con corona de diamante DBE 201 - CS Unitec\",\"isPartOf\":{\"@id\":\"https:\\\/\\\/csunitec.com\\\/es\\\/#website\"},\"primaryImageOfPage\":{\"@id\":\"https:\\\/\\\/csunitec.com\\\/es\\\/producto\\\/perforadora-con-corona-de-diamante-dbe-201\\\/#primaryimage\"},\"image\":{\"@id\":\"https:\\\/\\\/csunitec.com\\\/es\\\/producto\\\/perforadora-con-corona-de-diamante-dbe-201\\\/#primaryimage\"},\"thumbnailUrl\":\"https:\\\/\\\/csunitec.com\\\/wp-content\\\/uploads\\\/2024\\\/11\\\/DBE-201-1-2-1.png\",\"datePublished\":\"2024-11-26T15:59:00+00:00\",\"dateModified\":\"2026-04-26T21:30:58+00:00\",\"description\":\"La perforadora sacan\u00facleos de diamante DBE 201 es una m\u00e1quina perforadora sacan\u00facleos de hormig\u00f3n de calidad profesional para perforar hasta 8\\\" de di\u00e1metro en hormig\u00f3n y piedra.\",\"breadcrumb\":{\"@id\":\"https:\\\/\\\/csunitec.com\\\/es\\\/producto\\\/perforadora-con-corona-de-diamante-dbe-201\\\/#breadcrumb\"},\"inLanguage\":\"es\",\"potentialAction\":[{\"@type\":\"ReadAction\",\"target\":[\"https:\\\/\\\/csunitec.com\\\/es\\\/producto\\\/perforadora-con-corona-de-diamante-dbe-201\\\/\"]}]},{\"@type\":\"ImageObject\",\"inLanguage\":\"es\",\"@id\":\"https:\\\/\\\/csunitec.com\\\/es\\\/producto\\\/perforadora-con-corona-de-diamante-dbe-201\\\/#primaryimage\",\"url\":\"https:\\\/\\\/csunitec.com\\\/wp-content\\\/uploads\\\/2024\\\/11\\\/DBE-201-1-2-1.png\",\"contentUrl\":\"https:\\\/\\\/csunitec.com\\\/wp-content\\\/uploads\\\/2024\\\/11\\\/DBE-201-1-2-1.png\",\"width\":1000,\"height\":1000},{\"@type\":\"BreadcrumbList\",\"@id\":\"https:\\\/\\\/csunitec.com\\\/es\\\/producto\\\/perforadora-con-corona-de-diamante-dbe-201\\\/#breadcrumb\",\"itemListElement\":[{\"@type\":\"ListItem\",\"position\":1,\"name\":\"Inicio\",\"item\":\"https:\\\/\\\/csunitec.com\\\/es\\\/\"},{\"@type\":\"ListItem\",\"position\":2,\"name\":\"Tienda\",\"item\":\"https:\\\/\\\/csunitec.com\\\/es\\\/tienda\\\/\"},{\"@type\":\"ListItem\",\"position\":3,\"name\":\"Perforadora con corona de diamante DBE 201\"}]},{\"@type\":\"WebSite\",\"@id\":\"https:\\\/\\\/csunitec.com\\\/es\\\/#website\",\"url\":\"https:\\\/\\\/csunitec.com\\\/es\\\/\",\"name\":\"CS Unitec\",\"description\":\"\",\"potentialAction\":[{\"@type\":\"SearchAction\",\"target\":{\"@type\":\"EntryPoint\",\"urlTemplate\":\"https:\\\/\\\/csunitec.com\\\/es\\\/?s={search_term_string}\"},\"query-input\":{\"@type\":\"PropertyValueSpecification\",\"valueRequired\":true,\"valueName\":\"search_term_string\"}}],\"inLanguage\":\"es\"}]}<\/script>\n<!-- \/ Yoast SEO plugin. -->","yoast_head_json":{"title":"Perforadora con corona de diamante DBE 201 - CS Unitec","description":"La perforadora sacan\u00facleos de diamante DBE 201 es una m\u00e1quina perforadora sacan\u00facleos de hormig\u00f3n de calidad profesional para perforar hasta 8\" de di\u00e1metro en hormig\u00f3n y piedra.","robots":{"index":"index","follow":"follow","max-snippet":"max-snippet:-1","max-image-preview":"max-image-preview:large","max-video-preview":"max-video-preview:-1"},"canonical":"https:\/\/csunitec.com\/es\/producto\/perforadora-con-corona-de-diamante-dbe-201\/","og_locale":"es_ES","og_type":"article","og_title":"Perforadora con corona de diamante DBE 201 - CS Unitec","og_description":"La perforadora sacan\u00facleos de diamante DBE 201 es una m\u00e1quina perforadora sacan\u00facleos de hormig\u00f3n de calidad profesional para perforar hasta 8\" de di\u00e1metro en hormig\u00f3n y piedra.","og_url":"https:\/\/csunitec.com\/es\/producto\/perforadora-con-corona-de-diamante-dbe-201\/","og_site_name":"CS Unitec","article_modified_time":"2026-04-26T21:30:58+00:00","og_image":[{"width":1000,"height":1000,"url":"https:\/\/csunitec.com\/wp-content\/uploads\/2024\/11\/DBE-201-1-2-1.png","type":"image\/png"}],"twitter_card":"summary_large_image","twitter_misc":{"Tiempo de lectura":"1 minuto"},"schema":{"@context":"https:\/\/schema.org","@graph":[{"@type":"WebPage","@id":"https:\/\/csunitec.com\/es\/producto\/perforadora-con-corona-de-diamante-dbe-201\/","url":"https:\/\/csunitec.com\/es\/producto\/perforadora-con-corona-de-diamante-dbe-201\/","name":"Perforadora con corona de diamante DBE 201 - CS Unitec","isPartOf":{"@id":"https:\/\/csunitec.com\/es\/#website"},"primaryImageOfPage":{"@id":"https:\/\/csunitec.com\/es\/producto\/perforadora-con-corona-de-diamante-dbe-201\/#primaryimage"},"image":{"@id":"https:\/\/csunitec.com\/es\/producto\/perforadora-con-corona-de-diamante-dbe-201\/#primaryimage"},"thumbnailUrl":"https:\/\/csunitec.com\/wp-content\/uploads\/2024\/11\/DBE-201-1-2-1.png","datePublished":"2024-11-26T15:59:00+00:00","dateModified":"2026-04-26T21:30:58+00:00","description":"La perforadora sacan\u00facleos de diamante DBE 201 es una m\u00e1quina perforadora sacan\u00facleos de hormig\u00f3n de calidad profesional para perforar hasta 8\" de di\u00e1metro en hormig\u00f3n y piedra.","breadcrumb":{"@id":"https:\/\/csunitec.com\/es\/producto\/perforadora-con-corona-de-diamante-dbe-201\/#breadcrumb"},"inLanguage":"es","potentialAction":[{"@type":"ReadAction","target":["https:\/\/csunitec.com\/es\/producto\/perforadora-con-corona-de-diamante-dbe-201\/"]}]},{"@type":"ImageObject","inLanguage":"es","@id":"https:\/\/csunitec.com\/es\/producto\/perforadora-con-corona-de-diamante-dbe-201\/#primaryimage","url":"https:\/\/csunitec.com\/wp-content\/uploads\/2024\/11\/DBE-201-1-2-1.png","contentUrl":"https:\/\/csunitec.com\/wp-content\/uploads\/2024\/11\/DBE-201-1-2-1.png","width":1000,"height":1000},{"@type":"BreadcrumbList","@id":"https:\/\/csunitec.com\/es\/producto\/perforadora-con-corona-de-diamante-dbe-201\/#breadcrumb","itemListElement":[{"@type":"ListItem","position":1,"name":"Inicio","item":"https:\/\/csunitec.com\/es\/"},{"@type":"ListItem","position":2,"name":"Tienda","item":"https:\/\/csunitec.com\/es\/tienda\/"},{"@type":"ListItem","position":3,"name":"Perforadora con corona de diamante DBE 201"}]},{"@type":"WebSite","@id":"https:\/\/csunitec.com\/es\/#website","url":"https:\/\/csunitec.com\/es\/","name":"CS Unitec","description":"","potentialAction":[{"@type":"SearchAction","target":{"@type":"EntryPoint","urlTemplate":"https:\/\/csunitec.com\/es\/?s={search_term_string}"},"query-input":{"@type":"PropertyValueSpecification","valueRequired":true,"valueName":"search_term_string"}}],"inLanguage":"es"}]}},"_links":{"self":[{"href":"https:\/\/csunitec.com\/es\/wp-json\/wp\/v2\/product\/175469","targetHints":{"allow":["GET"]}}],"collection":[{"href":"https:\/\/csunitec.com\/es\/wp-json\/wp\/v2\/product"}],"about":[{"href":"https:\/\/csunitec.com\/es\/wp-json\/wp\/v2\/types\/product"}],"wp:featuredmedia":[{"embeddable":true,"href":"https:\/\/csunitec.com\/es\/wp-json\/wp\/v2\/media\/175476"}],"wp:attachment":[{"href":"https:\/\/csunitec.com\/es\/wp-json\/wp\/v2\/media?parent=175469"}],"wp:term":[{"taxonomy":"product_brand","embeddable":true,"href":"https:\/\/csunitec.com\/es\/wp-json\/wp\/v2\/product_brand?post=175469"},{"taxonomy":"product_cat","embeddable":true,"href":"https:\/\/csunitec.com\/es\/wp-json\/wp\/v2\/product_cat?post=175469"},{"taxonomy":"product_tag","embeddable":true,"href":"https:\/\/csunitec.com\/es\/wp-json\/wp\/v2\/product_tag?post=175469"},{"taxonomy":"accessory_type","embeddable":true,"href":"https:\/\/csunitec.com\/es\/wp-json\/wp\/v2\/accessory_type?post=175469"},{"taxonomy":"application","embeddable":true,"href":"https:\/\/csunitec.com\/es\/wp-json\/wp\/v2\/application?post=175469"},{"taxonomy":"hand_tool_type","embeddable":true,"href":"https:\/\/csunitec.com\/es\/wp-json\/wp\/v2\/hand_tool_type?post=175469"},{"taxonomy":"industry","embeddable":true,"href":"https:\/\/csunitec.com\/es\/wp-json\/wp\/v2\/industry?post=175469"},{"taxonomy":"material","embeddable":true,"href":"https:\/\/csunitec.com\/es\/wp-json\/wp\/v2\/material?post=175469"},{"taxonomy":"power_tool_type","embeddable":true,"href":"https:\/\/csunitec.com\/es\/wp-json\/wp\/v2\/power_tool_type?post=175469"},{"taxonomy":"power_type","embeddable":true,"href":"https:\/\/csunitec.com\/es\/wp-json\/wp\/v2\/power_type?post=175469"},{"taxonomy":"subcategory","embeddable":true,"href":"https:\/\/csunitec.com\/es\/wp-json\/wp\/v2\/subcategory?post=175469"},{"taxonomy":"tool_type","embeddable":true,"href":"https:\/\/csunitec.com\/es\/wp-json\/wp\/v2\/tool_type?post=175469"}],"curies":[{"name":"wp","href":"https:\/\/api.w.org\/{rel}","templated":true}]}}