{"id":175513,"date":"2024-11-27T19:01:00","date_gmt":"2024-11-27T19:01:00","guid":{"rendered":"https:\/\/stgcsunitec.wpenginepowered.com\/product\/brocas-helicoidales-con-mango-weldon\/"},"modified":"2026-04-26T17:31:03","modified_gmt":"2026-04-26T21:31:03","slug":"brocas-helicoidales-con-mango-weldon","status":"publish","type":"product","link":"https:\/\/csunitec.com\/es\/producto\/brocas-helicoidales-con-mango-weldon\/","title":{"rendered":"Brocas helicoidales con mango Weldon"},"content":{"rendered":"<ul>\n<li>Las brocas helicoidales de v\u00e1stago soldable tienen el v\u00e1stago soldable est\u00e1ndar del sector de 3\/4&#8243; (19,05 mm) para una fijaci\u00f3n r\u00e1pida y fiable a las brocas magn\u00e9ticas<\/li>\n<li>Fabricada en acero r\u00e1pido M2 (HSS) para una mayor durabilidad<\/li>\n<li>Bordes de corte afilados para taladrar r\u00e1pidamente en una amplia gama de metales<\/li>\n<li>Dise\u00f1o en \u00e1ngulo de 118\u00b0 con zonas de descarga dise\u00f1adas para un flujo \u00f3ptimo de las virutas<\/li>\n<li>Perforaci\u00f3n r\u00e1pida y precisa de agujeros de hasta 7\/16&#8243; de di\u00e1metro<\/li>\n<\/ul>\n","protected":false},"excerpt":{"rendered":"<ul class=\"alexcss\">\n<li>Di\u00e1metro: Hasta 7\/16&#8243;<\/li>\n<li>Profundidad de perforaci\u00f3n: 2<\/li>\n<li>De M2 HSS<\/li>\n<\/ul>\n","protected":false},"featured_media":165714,"template":"","meta":[],"product_brand":[],"product_cat":[935],"product_tag":[937,952,982],"accessory_type":[927],"application":[928],"hand_tool_type":[],"industry":[933],"material":[],"power_tool_type":[],"power_type":[],"subcategory":[951],"tool_type":[943],"class_list":{"0":"post-175513","1":"product","2":"type-product","3":"status-publish","4":"has-post-thumbnail","6":"product_cat-taladros","7":"product_tag-accesorios-para-taladros-magneticos","8":"product_tag-destacado","9":"product_tag-brocas-helicoidales","10":"accessory_type-accesorio","11":"application-perforacion","12":"industry-metalurgia-2","13":"subcategory-fresas-anulares","14":"tool_type-accesorio","16":"first","17":"instock","18":"shipping-taxable","19":"purchasable","20":"product-type-variable"},"yoast_head":"<!-- This site is optimized with the Yoast SEO plugin v27.5 - https:\/\/yoast.com\/product\/yoast-seo-wordpress\/ -->\n<title>Brocas helicoidales con mango Weldon - CS Unitec<\/title>\n<meta name=\"description\" content=\"Las brocas helicoidales con mango Weldon tienen aristas de corte afiladas y cambios r\u00e1pidos de broca para una m\u00e1xima durabilidad y rendimiento en aplicaciones metal\u00fargicas.\" \/>\n<meta name=\"robots\" content=\"index, follow, max-snippet:-1, max-image-preview:large, max-video-preview:-1\" \/>\n<link rel=\"canonical\" href=\"https:\/\/csunitec.com\/es\/producto\/brocas-helicoidales-con-mango-weldon\/\" \/>\n<meta property=\"og:locale\" content=\"es_ES\" \/>\n<meta property=\"og:type\" content=\"article\" \/>\n<meta property=\"og:title\" content=\"Brocas helicoidales con mango Weldon - CS Unitec\" \/>\n<meta property=\"og:description\" content=\"Las brocas helicoidales con mango Weldon tienen aristas de corte afiladas y cambios r\u00e1pidos de broca para una m\u00e1xima durabilidad y rendimiento en aplicaciones metal\u00fargicas.\" \/>\n<meta property=\"og:url\" content=\"https:\/\/csunitec.com\/es\/producto\/brocas-helicoidales-con-mango-weldon\/\" \/>\n<meta property=\"og:site_name\" content=\"CS Unitec\" \/>\n<meta property=\"article:modified_time\" content=\"2026-04-26T21:31:03+00:00\" \/>\n<meta property=\"og:image\" content=\"https:\/\/csunitec.com\/wp-content\/uploads\/2025\/04\/Weldon-Shank-Twist-Drill-Bit-3-1.png\" \/>\n\t<meta property=\"og:image:width\" content=\"1000\" \/>\n\t<meta property=\"og:image:height\" content=\"1000\" \/>\n\t<meta property=\"og:image:type\" content=\"image\/png\" \/>\n<meta name=\"twitter:card\" content=\"summary_large_image\" \/>\n<script type=\"application\/ld+json\" class=\"yoast-schema-graph\">{\"@context\":\"https:\\\/\\\/schema.org\",\"@graph\":[{\"@type\":\"WebPage\",\"@id\":\"https:\\\/\\\/csunitec.com\\\/es\\\/producto\\\/brocas-helicoidales-con-mango-weldon\\\/\",\"url\":\"https:\\\/\\\/csunitec.com\\\/es\\\/producto\\\/brocas-helicoidales-con-mango-weldon\\\/\",\"name\":\"Brocas helicoidales con mango Weldon - CS Unitec\",\"isPartOf\":{\"@id\":\"https:\\\/\\\/csunitec.com\\\/es\\\/#website\"},\"primaryImageOfPage\":{\"@id\":\"https:\\\/\\\/csunitec.com\\\/es\\\/producto\\\/brocas-helicoidales-con-mango-weldon\\\/#primaryimage\"},\"image\":{\"@id\":\"https:\\\/\\\/csunitec.com\\\/es\\\/producto\\\/brocas-helicoidales-con-mango-weldon\\\/#primaryimage\"},\"thumbnailUrl\":\"https:\\\/\\\/csunitec.com\\\/wp-content\\\/uploads\\\/2025\\\/04\\\/Weldon-Shank-Twist-Drill-Bit-3-1.png\",\"datePublished\":\"2024-11-27T19:01:00+00:00\",\"dateModified\":\"2026-04-26T21:31:03+00:00\",\"description\":\"Las brocas helicoidales con mango Weldon tienen aristas de corte afiladas y cambios r\u00e1pidos de broca para una m\u00e1xima durabilidad y rendimiento en aplicaciones metal\u00fargicas.\",\"breadcrumb\":{\"@id\":\"https:\\\/\\\/csunitec.com\\\/es\\\/producto\\\/brocas-helicoidales-con-mango-weldon\\\/#breadcrumb\"},\"inLanguage\":\"es\",\"potentialAction\":[{\"@type\":\"ReadAction\",\"target\":[\"https:\\\/\\\/csunitec.com\\\/es\\\/producto\\\/brocas-helicoidales-con-mango-weldon\\\/\"]}]},{\"@type\":\"ImageObject\",\"inLanguage\":\"es\",\"@id\":\"https:\\\/\\\/csunitec.com\\\/es\\\/producto\\\/brocas-helicoidales-con-mango-weldon\\\/#primaryimage\",\"url\":\"https:\\\/\\\/csunitec.com\\\/wp-content\\\/uploads\\\/2025\\\/04\\\/Weldon-Shank-Twist-Drill-Bit-3-1.png\",\"contentUrl\":\"https:\\\/\\\/csunitec.com\\\/wp-content\\\/uploads\\\/2025\\\/04\\\/Weldon-Shank-Twist-Drill-Bit-3-1.png\",\"width\":1000,\"height\":1000},{\"@type\":\"BreadcrumbList\",\"@id\":\"https:\\\/\\\/csunitec.com\\\/es\\\/producto\\\/brocas-helicoidales-con-mango-weldon\\\/#breadcrumb\",\"itemListElement\":[{\"@type\":\"ListItem\",\"position\":1,\"name\":\"Inicio\",\"item\":\"https:\\\/\\\/csunitec.com\\\/es\\\/\"},{\"@type\":\"ListItem\",\"position\":2,\"name\":\"Tienda\",\"item\":\"https:\\\/\\\/csunitec.com\\\/es\\\/tienda\\\/\"},{\"@type\":\"ListItem\",\"position\":3,\"name\":\"Brocas helicoidales con mango Weldon\"}]},{\"@type\":\"WebSite\",\"@id\":\"https:\\\/\\\/csunitec.com\\\/es\\\/#website\",\"url\":\"https:\\\/\\\/csunitec.com\\\/es\\\/\",\"name\":\"CS Unitec\",\"description\":\"\",\"potentialAction\":[{\"@type\":\"SearchAction\",\"target\":{\"@type\":\"EntryPoint\",\"urlTemplate\":\"https:\\\/\\\/csunitec.com\\\/es\\\/?s={search_term_string}\"},\"query-input\":{\"@type\":\"PropertyValueSpecification\",\"valueRequired\":true,\"valueName\":\"search_term_string\"}}],\"inLanguage\":\"es\"}]}<\/script>\n<!-- \/ Yoast SEO plugin. -->","yoast_head_json":{"title":"Brocas helicoidales con mango Weldon - CS Unitec","description":"Las brocas helicoidales con mango Weldon tienen aristas de corte afiladas y cambios r\u00e1pidos de broca para una m\u00e1xima durabilidad y rendimiento en aplicaciones metal\u00fargicas.","robots":{"index":"index","follow":"follow","max-snippet":"max-snippet:-1","max-image-preview":"max-image-preview:large","max-video-preview":"max-video-preview:-1"},"canonical":"https:\/\/csunitec.com\/es\/producto\/brocas-helicoidales-con-mango-weldon\/","og_locale":"es_ES","og_type":"article","og_title":"Brocas helicoidales con mango Weldon - CS Unitec","og_description":"Las brocas helicoidales con mango Weldon tienen aristas de corte afiladas y cambios r\u00e1pidos de broca para una m\u00e1xima durabilidad y rendimiento en aplicaciones metal\u00fargicas.","og_url":"https:\/\/csunitec.com\/es\/producto\/brocas-helicoidales-con-mango-weldon\/","og_site_name":"CS Unitec","article_modified_time":"2026-04-26T21:31:03+00:00","og_image":[{"width":1000,"height":1000,"url":"https:\/\/csunitec.com\/wp-content\/uploads\/2025\/04\/Weldon-Shank-Twist-Drill-Bit-3-1.png","type":"image\/png"}],"twitter_card":"summary_large_image","schema":{"@context":"https:\/\/schema.org","@graph":[{"@type":"WebPage","@id":"https:\/\/csunitec.com\/es\/producto\/brocas-helicoidales-con-mango-weldon\/","url":"https:\/\/csunitec.com\/es\/producto\/brocas-helicoidales-con-mango-weldon\/","name":"Brocas helicoidales con mango Weldon - CS Unitec","isPartOf":{"@id":"https:\/\/csunitec.com\/es\/#website"},"primaryImageOfPage":{"@id":"https:\/\/csunitec.com\/es\/producto\/brocas-helicoidales-con-mango-weldon\/#primaryimage"},"image":{"@id":"https:\/\/csunitec.com\/es\/producto\/brocas-helicoidales-con-mango-weldon\/#primaryimage"},"thumbnailUrl":"https:\/\/csunitec.com\/wp-content\/uploads\/2025\/04\/Weldon-Shank-Twist-Drill-Bit-3-1.png","datePublished":"2024-11-27T19:01:00+00:00","dateModified":"2026-04-26T21:31:03+00:00","description":"Las brocas helicoidales con mango Weldon tienen aristas de corte afiladas y cambios r\u00e1pidos de broca para una m\u00e1xima durabilidad y rendimiento en aplicaciones metal\u00fargicas.","breadcrumb":{"@id":"https:\/\/csunitec.com\/es\/producto\/brocas-helicoidales-con-mango-weldon\/#breadcrumb"},"inLanguage":"es","potentialAction":[{"@type":"ReadAction","target":["https:\/\/csunitec.com\/es\/producto\/brocas-helicoidales-con-mango-weldon\/"]}]},{"@type":"ImageObject","inLanguage":"es","@id":"https:\/\/csunitec.com\/es\/producto\/brocas-helicoidales-con-mango-weldon\/#primaryimage","url":"https:\/\/csunitec.com\/wp-content\/uploads\/2025\/04\/Weldon-Shank-Twist-Drill-Bit-3-1.png","contentUrl":"https:\/\/csunitec.com\/wp-content\/uploads\/2025\/04\/Weldon-Shank-Twist-Drill-Bit-3-1.png","width":1000,"height":1000},{"@type":"BreadcrumbList","@id":"https:\/\/csunitec.com\/es\/producto\/brocas-helicoidales-con-mango-weldon\/#breadcrumb","itemListElement":[{"@type":"ListItem","position":1,"name":"Inicio","item":"https:\/\/csunitec.com\/es\/"},{"@type":"ListItem","position":2,"name":"Tienda","item":"https:\/\/csunitec.com\/es\/tienda\/"},{"@type":"ListItem","position":3,"name":"Brocas helicoidales con mango Weldon"}]},{"@type":"WebSite","@id":"https:\/\/csunitec.com\/es\/#website","url":"https:\/\/csunitec.com\/es\/","name":"CS Unitec","description":"","potentialAction":[{"@type":"SearchAction","target":{"@type":"EntryPoint","urlTemplate":"https:\/\/csunitec.com\/es\/?s={search_term_string}"},"query-input":{"@type":"PropertyValueSpecification","valueRequired":true,"valueName":"search_term_string"}}],"inLanguage":"es"}]}},"_links":{"self":[{"href":"https:\/\/csunitec.com\/es\/wp-json\/wp\/v2\/product\/175513","targetHints":{"allow":["GET"]}}],"collection":[{"href":"https:\/\/csunitec.com\/es\/wp-json\/wp\/v2\/product"}],"about":[{"href":"https:\/\/csunitec.com\/es\/wp-json\/wp\/v2\/types\/product"}],"wp:featuredmedia":[{"embeddable":true,"href":"https:\/\/csunitec.com\/es\/wp-json\/wp\/v2\/media\/165714"}],"wp:attachment":[{"href":"https:\/\/csunitec.com\/es\/wp-json\/wp\/v2\/media?parent=175513"}],"wp:term":[{"taxonomy":"product_brand","embeddable":true,"href":"https:\/\/csunitec.com\/es\/wp-json\/wp\/v2\/product_brand?post=175513"},{"taxonomy":"product_cat","embeddable":true,"href":"https:\/\/csunitec.com\/es\/wp-json\/wp\/v2\/product_cat?post=175513"},{"taxonomy":"product_tag","embeddable":true,"href":"https:\/\/csunitec.com\/es\/wp-json\/wp\/v2\/product_tag?post=175513"},{"taxonomy":"accessory_type","embeddable":true,"href":"https:\/\/csunitec.com\/es\/wp-json\/wp\/v2\/accessory_type?post=175513"},{"taxonomy":"application","embeddable":true,"href":"https:\/\/csunitec.com\/es\/wp-json\/wp\/v2\/application?post=175513"},{"taxonomy":"hand_tool_type","embeddable":true,"href":"https:\/\/csunitec.com\/es\/wp-json\/wp\/v2\/hand_tool_type?post=175513"},{"taxonomy":"industry","embeddable":true,"href":"https:\/\/csunitec.com\/es\/wp-json\/wp\/v2\/industry?post=175513"},{"taxonomy":"material","embeddable":true,"href":"https:\/\/csunitec.com\/es\/wp-json\/wp\/v2\/material?post=175513"},{"taxonomy":"power_tool_type","embeddable":true,"href":"https:\/\/csunitec.com\/es\/wp-json\/wp\/v2\/power_tool_type?post=175513"},{"taxonomy":"power_type","embeddable":true,"href":"https:\/\/csunitec.com\/es\/wp-json\/wp\/v2\/power_type?post=175513"},{"taxonomy":"subcategory","embeddable":true,"href":"https:\/\/csunitec.com\/es\/wp-json\/wp\/v2\/subcategory?post=175513"},{"taxonomy":"tool_type","embeddable":true,"href":"https:\/\/csunitec.com\/es\/wp-json\/wp\/v2\/tool_type?post=175513"}],"curies":[{"name":"wp","href":"https:\/\/api.w.org\/{rel}","templated":true}]}}