{"id":175677,"date":"2024-11-27T21:15:00","date_gmt":"2024-11-27T21:15:00","guid":{"rendered":"https:\/\/stgcsunitec.wpenginepowered.com\/product\/fresa-de-metal-duro-serie-1\/"},"modified":"2026-04-26T17:31:09","modified_gmt":"2026-04-26T21:31:09","slug":"fresa-de-metal-duro-serie-1","status":"publish","type":"product","link":"https:\/\/csunitec.com\/es\/producto\/fresa-de-metal-duro-serie-1\/","title":{"rendered":"Fresa de metal duro Serie 1"},"content":{"rendered":"<ul>\n<li>Fresa con punta de carburo dise\u00f1ada para su uso con taladradoras manuales &#8211; las taladradoras recomendadas incluyen nuestra serie EHB 16 u otras taladradoras manuales con embrague deslizante.<\/li>\n<li>Para crear orificios precisos en chapa de acero, acero inoxidable y materiales para conductos.<\/li>\n<li>Se utiliza en la fabricaci\u00f3n de autom\u00f3viles para cortar aberturas limpias en paneles de carrocer\u00eda, bastidores, soportes y componentes estructurales.<\/li>\n<li>Realizaci\u00f3n de agujeros r\u00e1pida y fiable para la reparaci\u00f3n de equipos, el mantenimiento de instalaciones y las operaciones de servicio sobre el terreno.<\/li>\n<li>Perfecta para realizar agujeros repetitivos en acero dulce, acero inoxidable, aluminio y metales no f\u00e9rreos.<\/li>\n<\/ul>\n","protected":false},"excerpt":{"rendered":"<ul>\n<li>Corta agujeros limpios y precisos en chapa de acero con taladros manuales<\/li>\n<li>Di\u00e1metros de 9\/16&#8243; a 4-1\/2&#8243;<\/li>\n<li>Longitud efectiva de 28 mm<\/li>\n<\/ul>\n","protected":false},"featured_media":165743,"template":"","meta":[],"product_brand":[],"product_cat":[935],"product_tag":[964,984],"accessory_type":[927],"application":[928],"hand_tool_type":[],"industry":[933],"material":[],"power_tool_type":[],"power_type":[],"subcategory":[951,985],"tool_type":[943],"class_list":{"0":"post-175677","1":"product","2":"type-product","3":"status-publish","4":"has-post-thumbnail","6":"product_cat-taladros","7":"product_tag-taladros-motores-de-alto-par-accesorios","8":"product_tag-taladros","9":"accessory_type-accesorio","10":"application-perforacion","11":"industry-metalurgia-2","12":"subcategory-fresas-anulares","13":"subcategory-taladros-de-alto-par","14":"tool_type-accesorio","16":"first","17":"instock","18":"shipping-taxable","19":"purchasable","20":"product-type-variable"},"yoast_head":"<!-- This site is optimized with the Yoast SEO plugin v27.5 - https:\/\/yoast.com\/product\/yoast-seo-wordpress\/ -->\n<title>Fresa de metal duro Serie 1 - CS Unitec<\/title>\n<meta name=\"description\" content=\"La fresa de metal duro corta agujeros limpios y precisos en chapa de acero con taladros manuales. Construcci\u00f3n de una sola pieza, piloto central y tope de seguridad en el cuello.\" \/>\n<meta name=\"robots\" content=\"index, follow, max-snippet:-1, max-image-preview:large, max-video-preview:-1\" \/>\n<link rel=\"canonical\" href=\"https:\/\/csunitec.com\/es\/producto\/fresa-de-metal-duro-serie-1\/\" \/>\n<meta property=\"og:locale\" content=\"es_ES\" \/>\n<meta property=\"og:type\" content=\"article\" \/>\n<meta property=\"og:title\" content=\"Fresa de metal duro Serie 1 - CS Unitec\" \/>\n<meta property=\"og:description\" content=\"La fresa de metal duro corta agujeros limpios y precisos en chapa de acero con taladros manuales. Construcci\u00f3n de una sola pieza, piloto central y tope de seguridad en el cuello.\" \/>\n<meta property=\"og:url\" content=\"https:\/\/csunitec.com\/es\/producto\/fresa-de-metal-duro-serie-1\/\" \/>\n<meta property=\"og:site_name\" content=\"CS Unitec\" \/>\n<meta property=\"article:modified_time\" content=\"2026-04-26T21:31:09+00:00\" \/>\n<meta property=\"og:image\" content=\"https:\/\/csunitec.com\/wp-content\/uploads\/2025\/04\/1-Series-Hole-Saw-3-1.png\" \/>\n\t<meta property=\"og:image:width\" content=\"1000\" \/>\n\t<meta property=\"og:image:height\" content=\"1000\" \/>\n\t<meta property=\"og:image:type\" content=\"image\/png\" \/>\n<meta name=\"twitter:card\" content=\"summary_large_image\" \/>\n<meta name=\"twitter:label1\" content=\"Tiempo de lectura\" \/>\n\t<meta name=\"twitter:data1\" content=\"1 minuto\" \/>\n<script type=\"application\/ld+json\" class=\"yoast-schema-graph\">{\"@context\":\"https:\\\/\\\/schema.org\",\"@graph\":[{\"@type\":\"WebPage\",\"@id\":\"https:\\\/\\\/csunitec.com\\\/es\\\/producto\\\/fresa-de-metal-duro-serie-1\\\/\",\"url\":\"https:\\\/\\\/csunitec.com\\\/es\\\/producto\\\/fresa-de-metal-duro-serie-1\\\/\",\"name\":\"Fresa de metal duro Serie 1 - CS Unitec\",\"isPartOf\":{\"@id\":\"https:\\\/\\\/csunitec.com\\\/es\\\/#website\"},\"primaryImageOfPage\":{\"@id\":\"https:\\\/\\\/csunitec.com\\\/es\\\/producto\\\/fresa-de-metal-duro-serie-1\\\/#primaryimage\"},\"image\":{\"@id\":\"https:\\\/\\\/csunitec.com\\\/es\\\/producto\\\/fresa-de-metal-duro-serie-1\\\/#primaryimage\"},\"thumbnailUrl\":\"https:\\\/\\\/csunitec.com\\\/wp-content\\\/uploads\\\/2025\\\/04\\\/1-Series-Hole-Saw-3-1.png\",\"datePublished\":\"2024-11-27T21:15:00+00:00\",\"dateModified\":\"2026-04-26T21:31:09+00:00\",\"description\":\"La fresa de metal duro corta agujeros limpios y precisos en chapa de acero con taladros manuales. Construcci\u00f3n de una sola pieza, piloto central y tope de seguridad en el cuello.\",\"breadcrumb\":{\"@id\":\"https:\\\/\\\/csunitec.com\\\/es\\\/producto\\\/fresa-de-metal-duro-serie-1\\\/#breadcrumb\"},\"inLanguage\":\"es\",\"potentialAction\":[{\"@type\":\"ReadAction\",\"target\":[\"https:\\\/\\\/csunitec.com\\\/es\\\/producto\\\/fresa-de-metal-duro-serie-1\\\/\"]}]},{\"@type\":\"ImageObject\",\"inLanguage\":\"es\",\"@id\":\"https:\\\/\\\/csunitec.com\\\/es\\\/producto\\\/fresa-de-metal-duro-serie-1\\\/#primaryimage\",\"url\":\"https:\\\/\\\/csunitec.com\\\/wp-content\\\/uploads\\\/2025\\\/04\\\/1-Series-Hole-Saw-3-1.png\",\"contentUrl\":\"https:\\\/\\\/csunitec.com\\\/wp-content\\\/uploads\\\/2025\\\/04\\\/1-Series-Hole-Saw-3-1.png\",\"width\":1000,\"height\":1000},{\"@type\":\"BreadcrumbList\",\"@id\":\"https:\\\/\\\/csunitec.com\\\/es\\\/producto\\\/fresa-de-metal-duro-serie-1\\\/#breadcrumb\",\"itemListElement\":[{\"@type\":\"ListItem\",\"position\":1,\"name\":\"Inicio\",\"item\":\"https:\\\/\\\/csunitec.com\\\/es\\\/\"},{\"@type\":\"ListItem\",\"position\":2,\"name\":\"Tienda\",\"item\":\"https:\\\/\\\/csunitec.com\\\/es\\\/tienda\\\/\"},{\"@type\":\"ListItem\",\"position\":3,\"name\":\"Fresa de metal duro Serie 1\"}]},{\"@type\":\"WebSite\",\"@id\":\"https:\\\/\\\/csunitec.com\\\/es\\\/#website\",\"url\":\"https:\\\/\\\/csunitec.com\\\/es\\\/\",\"name\":\"CS Unitec\",\"description\":\"\",\"potentialAction\":[{\"@type\":\"SearchAction\",\"target\":{\"@type\":\"EntryPoint\",\"urlTemplate\":\"https:\\\/\\\/csunitec.com\\\/es\\\/?s={search_term_string}\"},\"query-input\":{\"@type\":\"PropertyValueSpecification\",\"valueRequired\":true,\"valueName\":\"search_term_string\"}}],\"inLanguage\":\"es\"}]}<\/script>\n<!-- \/ Yoast SEO plugin. -->","yoast_head_json":{"title":"Fresa de metal duro Serie 1 - CS Unitec","description":"La fresa de metal duro corta agujeros limpios y precisos en chapa de acero con taladros manuales. Construcci\u00f3n de una sola pieza, piloto central y tope de seguridad en el cuello.","robots":{"index":"index","follow":"follow","max-snippet":"max-snippet:-1","max-image-preview":"max-image-preview:large","max-video-preview":"max-video-preview:-1"},"canonical":"https:\/\/csunitec.com\/es\/producto\/fresa-de-metal-duro-serie-1\/","og_locale":"es_ES","og_type":"article","og_title":"Fresa de metal duro Serie 1 - CS Unitec","og_description":"La fresa de metal duro corta agujeros limpios y precisos en chapa de acero con taladros manuales. Construcci\u00f3n de una sola pieza, piloto central y tope de seguridad en el cuello.","og_url":"https:\/\/csunitec.com\/es\/producto\/fresa-de-metal-duro-serie-1\/","og_site_name":"CS Unitec","article_modified_time":"2026-04-26T21:31:09+00:00","og_image":[{"width":1000,"height":1000,"url":"https:\/\/csunitec.com\/wp-content\/uploads\/2025\/04\/1-Series-Hole-Saw-3-1.png","type":"image\/png"}],"twitter_card":"summary_large_image","twitter_misc":{"Tiempo de lectura":"1 minuto"},"schema":{"@context":"https:\/\/schema.org","@graph":[{"@type":"WebPage","@id":"https:\/\/csunitec.com\/es\/producto\/fresa-de-metal-duro-serie-1\/","url":"https:\/\/csunitec.com\/es\/producto\/fresa-de-metal-duro-serie-1\/","name":"Fresa de metal duro Serie 1 - CS Unitec","isPartOf":{"@id":"https:\/\/csunitec.com\/es\/#website"},"primaryImageOfPage":{"@id":"https:\/\/csunitec.com\/es\/producto\/fresa-de-metal-duro-serie-1\/#primaryimage"},"image":{"@id":"https:\/\/csunitec.com\/es\/producto\/fresa-de-metal-duro-serie-1\/#primaryimage"},"thumbnailUrl":"https:\/\/csunitec.com\/wp-content\/uploads\/2025\/04\/1-Series-Hole-Saw-3-1.png","datePublished":"2024-11-27T21:15:00+00:00","dateModified":"2026-04-26T21:31:09+00:00","description":"La fresa de metal duro corta agujeros limpios y precisos en chapa de acero con taladros manuales. Construcci\u00f3n de una sola pieza, piloto central y tope de seguridad en el cuello.","breadcrumb":{"@id":"https:\/\/csunitec.com\/es\/producto\/fresa-de-metal-duro-serie-1\/#breadcrumb"},"inLanguage":"es","potentialAction":[{"@type":"ReadAction","target":["https:\/\/csunitec.com\/es\/producto\/fresa-de-metal-duro-serie-1\/"]}]},{"@type":"ImageObject","inLanguage":"es","@id":"https:\/\/csunitec.com\/es\/producto\/fresa-de-metal-duro-serie-1\/#primaryimage","url":"https:\/\/csunitec.com\/wp-content\/uploads\/2025\/04\/1-Series-Hole-Saw-3-1.png","contentUrl":"https:\/\/csunitec.com\/wp-content\/uploads\/2025\/04\/1-Series-Hole-Saw-3-1.png","width":1000,"height":1000},{"@type":"BreadcrumbList","@id":"https:\/\/csunitec.com\/es\/producto\/fresa-de-metal-duro-serie-1\/#breadcrumb","itemListElement":[{"@type":"ListItem","position":1,"name":"Inicio","item":"https:\/\/csunitec.com\/es\/"},{"@type":"ListItem","position":2,"name":"Tienda","item":"https:\/\/csunitec.com\/es\/tienda\/"},{"@type":"ListItem","position":3,"name":"Fresa de metal duro Serie 1"}]},{"@type":"WebSite","@id":"https:\/\/csunitec.com\/es\/#website","url":"https:\/\/csunitec.com\/es\/","name":"CS Unitec","description":"","potentialAction":[{"@type":"SearchAction","target":{"@type":"EntryPoint","urlTemplate":"https:\/\/csunitec.com\/es\/?s={search_term_string}"},"query-input":{"@type":"PropertyValueSpecification","valueRequired":true,"valueName":"search_term_string"}}],"inLanguage":"es"}]}},"_links":{"self":[{"href":"https:\/\/csunitec.com\/es\/wp-json\/wp\/v2\/product\/175677","targetHints":{"allow":["GET"]}}],"collection":[{"href":"https:\/\/csunitec.com\/es\/wp-json\/wp\/v2\/product"}],"about":[{"href":"https:\/\/csunitec.com\/es\/wp-json\/wp\/v2\/types\/product"}],"wp:featuredmedia":[{"embeddable":true,"href":"https:\/\/csunitec.com\/es\/wp-json\/wp\/v2\/media\/165743"}],"wp:attachment":[{"href":"https:\/\/csunitec.com\/es\/wp-json\/wp\/v2\/media?parent=175677"}],"wp:term":[{"taxonomy":"product_brand","embeddable":true,"href":"https:\/\/csunitec.com\/es\/wp-json\/wp\/v2\/product_brand?post=175677"},{"taxonomy":"product_cat","embeddable":true,"href":"https:\/\/csunitec.com\/es\/wp-json\/wp\/v2\/product_cat?post=175677"},{"taxonomy":"product_tag","embeddable":true,"href":"https:\/\/csunitec.com\/es\/wp-json\/wp\/v2\/product_tag?post=175677"},{"taxonomy":"accessory_type","embeddable":true,"href":"https:\/\/csunitec.com\/es\/wp-json\/wp\/v2\/accessory_type?post=175677"},{"taxonomy":"application","embeddable":true,"href":"https:\/\/csunitec.com\/es\/wp-json\/wp\/v2\/application?post=175677"},{"taxonomy":"hand_tool_type","embeddable":true,"href":"https:\/\/csunitec.com\/es\/wp-json\/wp\/v2\/hand_tool_type?post=175677"},{"taxonomy":"industry","embeddable":true,"href":"https:\/\/csunitec.com\/es\/wp-json\/wp\/v2\/industry?post=175677"},{"taxonomy":"material","embeddable":true,"href":"https:\/\/csunitec.com\/es\/wp-json\/wp\/v2\/material?post=175677"},{"taxonomy":"power_tool_type","embeddable":true,"href":"https:\/\/csunitec.com\/es\/wp-json\/wp\/v2\/power_tool_type?post=175677"},{"taxonomy":"power_type","embeddable":true,"href":"https:\/\/csunitec.com\/es\/wp-json\/wp\/v2\/power_type?post=175677"},{"taxonomy":"subcategory","embeddable":true,"href":"https:\/\/csunitec.com\/es\/wp-json\/wp\/v2\/subcategory?post=175677"},{"taxonomy":"tool_type","embeddable":true,"href":"https:\/\/csunitec.com\/es\/wp-json\/wp\/v2\/tool_type?post=175677"}],"curies":[{"name":"wp","href":"https:\/\/api.w.org\/{rel}","templated":true}]}}