{"id":175981,"date":"2024-12-02T20:07:00","date_gmt":"2024-12-02T20:07:00","guid":{"rendered":"https:\/\/stgcsunitec.wpenginepowered.com\/product\/placas-de-vacio-para-taladros-magneticos\/"},"modified":"2026-04-26T17:31:54","modified_gmt":"2026-04-26T21:31:54","slug":"placas-de-vacio-para-taladros-magneticos","status":"publish","type":"product","link":"https:\/\/csunitec.com\/es\/producto\/placas-de-vacio-para-taladros-magneticos\/","title":{"rendered":"Placas de vac\u00edo para taladros magn\u00e9ticos"},"content":{"rendered":"<ul>\n<li>Las Placas de Vac\u00edo son para aplicaciones en las que la broca sola no se adhiere a la superficie.<\/li>\n<li>\u00datil en talleres de fabricaci\u00f3n que trabajen con materiales mixtos o metales especiales.<\/li>\n<li>Admite taladros de precisi\u00f3n en placas lisas o acanaladas.<\/li>\n<li>Especialmente valioso cuando se trabaja en altura o en superficies donde la adherencia magn\u00e9tica es imposible.<\/li>\n<\/ul>\n","protected":false},"excerpt":{"rendered":"<ul>\n<li>Placa de vac\u00edo para placas acanaladas<\/li>\n<li>Placa de vac\u00edo para superficies lisas<\/li>\n<\/ul>\n","protected":false},"featured_media":166182,"template":"","meta":[],"product_brand":[],"product_cat":[935],"product_tag":[937,987],"accessory_type":[927],"application":[928],"hand_tool_type":[],"industry":[933],"material":[],"power_tool_type":[],"power_type":[],"subcategory":[940],"tool_type":[943],"class_list":{"0":"post-175981","1":"product","2":"type-product","3":"status-publish","4":"has-post-thumbnail","6":"product_cat-taladros","7":"product_tag-accesorios-para-taladros-magneticos","8":"product_tag-placas-de-vacio","9":"pa_surface-channeled","10":"pa_surface-smooth","11":"accessory_type-accesorio","12":"application-perforacion","13":"industry-metalurgia-2","14":"subcategory-taladros-magneticos","15":"tool_type-accesorio","17":"first","18":"instock","19":"shipping-taxable","20":"purchasable","21":"product-type-variable"},"yoast_head":"<!-- This site is optimized with the Yoast SEO plugin v27.5 - https:\/\/yoast.com\/product\/yoast-seo-wordpress\/ -->\n<title>Placas de vac\u00edo para taladros magn\u00e9ticos - CS Unitec<\/title>\n<meta name=\"description\" content=\"Las placas de vac\u00edo crean una superficie de montaje segura y estable para las brocas magn\u00e9ticas en materiales no magn\u00e9ticos, finos o curvados. Permite una perforaci\u00f3n segura y precisa\" \/>\n<meta name=\"robots\" content=\"index, follow, max-snippet:-1, max-image-preview:large, max-video-preview:-1\" \/>\n<link rel=\"canonical\" href=\"https:\/\/csunitec.com\/es\/producto\/placas-de-vacio-para-taladros-magneticos\/\" \/>\n<meta property=\"og:locale\" content=\"es_ES\" \/>\n<meta property=\"og:type\" content=\"article\" \/>\n<meta property=\"og:title\" content=\"Placas de vac\u00edo para taladros magn\u00e9ticos - CS Unitec\" \/>\n<meta property=\"og:description\" content=\"Las placas de vac\u00edo crean una superficie de montaje segura y estable para las brocas magn\u00e9ticas en materiales no magn\u00e9ticos, finos o curvados. Permite una perforaci\u00f3n segura y precisa\" \/>\n<meta property=\"og:url\" content=\"https:\/\/csunitec.com\/es\/producto\/placas-de-vacio-para-taladros-magneticos\/\" \/>\n<meta property=\"og:site_name\" content=\"CS Unitec\" \/>\n<meta property=\"article:modified_time\" content=\"2026-04-26T21:31:54+00:00\" \/>\n<meta property=\"og:image\" content=\"https:\/\/csunitec.com\/wp-content\/uploads\/2025\/04\/Vacuum-Plate-for-Channeled-Plates-7-2.png\" \/>\n\t<meta property=\"og:image:width\" content=\"1000\" \/>\n\t<meta property=\"og:image:height\" content=\"1000\" \/>\n\t<meta property=\"og:image:type\" content=\"image\/png\" \/>\n<meta name=\"twitter:card\" content=\"summary_large_image\" \/>\n<script type=\"application\/ld+json\" class=\"yoast-schema-graph\">{\"@context\":\"https:\\\/\\\/schema.org\",\"@graph\":[{\"@type\":\"WebPage\",\"@id\":\"https:\\\/\\\/csunitec.com\\\/es\\\/producto\\\/placas-de-vacio-para-taladros-magneticos\\\/\",\"url\":\"https:\\\/\\\/csunitec.com\\\/es\\\/producto\\\/placas-de-vacio-para-taladros-magneticos\\\/\",\"name\":\"Placas de vac\u00edo para taladros magn\u00e9ticos - CS Unitec\",\"isPartOf\":{\"@id\":\"https:\\\/\\\/csunitec.com\\\/es\\\/#website\"},\"primaryImageOfPage\":{\"@id\":\"https:\\\/\\\/csunitec.com\\\/es\\\/producto\\\/placas-de-vacio-para-taladros-magneticos\\\/#primaryimage\"},\"image\":{\"@id\":\"https:\\\/\\\/csunitec.com\\\/es\\\/producto\\\/placas-de-vacio-para-taladros-magneticos\\\/#primaryimage\"},\"thumbnailUrl\":\"https:\\\/\\\/csunitec.com\\\/wp-content\\\/uploads\\\/2025\\\/04\\\/Vacuum-Plate-for-Channeled-Plates-7-2.png\",\"datePublished\":\"2024-12-02T20:07:00+00:00\",\"dateModified\":\"2026-04-26T21:31:54+00:00\",\"description\":\"Las placas de vac\u00edo crean una superficie de montaje segura y estable para las brocas magn\u00e9ticas en materiales no magn\u00e9ticos, finos o curvados. Permite una perforaci\u00f3n segura y precisa\",\"breadcrumb\":{\"@id\":\"https:\\\/\\\/csunitec.com\\\/es\\\/producto\\\/placas-de-vacio-para-taladros-magneticos\\\/#breadcrumb\"},\"inLanguage\":\"es\",\"potentialAction\":[{\"@type\":\"ReadAction\",\"target\":[\"https:\\\/\\\/csunitec.com\\\/es\\\/producto\\\/placas-de-vacio-para-taladros-magneticos\\\/\"]}]},{\"@type\":\"ImageObject\",\"inLanguage\":\"es\",\"@id\":\"https:\\\/\\\/csunitec.com\\\/es\\\/producto\\\/placas-de-vacio-para-taladros-magneticos\\\/#primaryimage\",\"url\":\"https:\\\/\\\/csunitec.com\\\/wp-content\\\/uploads\\\/2025\\\/04\\\/Vacuum-Plate-for-Channeled-Plates-7-2.png\",\"contentUrl\":\"https:\\\/\\\/csunitec.com\\\/wp-content\\\/uploads\\\/2025\\\/04\\\/Vacuum-Plate-for-Channeled-Plates-7-2.png\",\"width\":1000,\"height\":1000},{\"@type\":\"BreadcrumbList\",\"@id\":\"https:\\\/\\\/csunitec.com\\\/es\\\/producto\\\/placas-de-vacio-para-taladros-magneticos\\\/#breadcrumb\",\"itemListElement\":[{\"@type\":\"ListItem\",\"position\":1,\"name\":\"Inicio\",\"item\":\"https:\\\/\\\/csunitec.com\\\/es\\\/\"},{\"@type\":\"ListItem\",\"position\":2,\"name\":\"Tienda\",\"item\":\"https:\\\/\\\/csunitec.com\\\/es\\\/tienda\\\/\"},{\"@type\":\"ListItem\",\"position\":3,\"name\":\"Placas de vac\u00edo para taladros magn\u00e9ticos\"}]},{\"@type\":\"WebSite\",\"@id\":\"https:\\\/\\\/csunitec.com\\\/es\\\/#website\",\"url\":\"https:\\\/\\\/csunitec.com\\\/es\\\/\",\"name\":\"CS Unitec\",\"description\":\"\",\"potentialAction\":[{\"@type\":\"SearchAction\",\"target\":{\"@type\":\"EntryPoint\",\"urlTemplate\":\"https:\\\/\\\/csunitec.com\\\/es\\\/?s={search_term_string}\"},\"query-input\":{\"@type\":\"PropertyValueSpecification\",\"valueRequired\":true,\"valueName\":\"search_term_string\"}}],\"inLanguage\":\"es\"}]}<\/script>\n<!-- \/ Yoast SEO plugin. -->","yoast_head_json":{"title":"Placas de vac\u00edo para taladros magn\u00e9ticos - CS Unitec","description":"Las placas de vac\u00edo crean una superficie de montaje segura y estable para las brocas magn\u00e9ticas en materiales no magn\u00e9ticos, finos o curvados. Permite una perforaci\u00f3n segura y precisa","robots":{"index":"index","follow":"follow","max-snippet":"max-snippet:-1","max-image-preview":"max-image-preview:large","max-video-preview":"max-video-preview:-1"},"canonical":"https:\/\/csunitec.com\/es\/producto\/placas-de-vacio-para-taladros-magneticos\/","og_locale":"es_ES","og_type":"article","og_title":"Placas de vac\u00edo para taladros magn\u00e9ticos - CS Unitec","og_description":"Las placas de vac\u00edo crean una superficie de montaje segura y estable para las brocas magn\u00e9ticas en materiales no magn\u00e9ticos, finos o curvados. Permite una perforaci\u00f3n segura y precisa","og_url":"https:\/\/csunitec.com\/es\/producto\/placas-de-vacio-para-taladros-magneticos\/","og_site_name":"CS Unitec","article_modified_time":"2026-04-26T21:31:54+00:00","og_image":[{"width":1000,"height":1000,"url":"https:\/\/csunitec.com\/wp-content\/uploads\/2025\/04\/Vacuum-Plate-for-Channeled-Plates-7-2.png","type":"image\/png"}],"twitter_card":"summary_large_image","schema":{"@context":"https:\/\/schema.org","@graph":[{"@type":"WebPage","@id":"https:\/\/csunitec.com\/es\/producto\/placas-de-vacio-para-taladros-magneticos\/","url":"https:\/\/csunitec.com\/es\/producto\/placas-de-vacio-para-taladros-magneticos\/","name":"Placas de vac\u00edo para taladros magn\u00e9ticos - CS Unitec","isPartOf":{"@id":"https:\/\/csunitec.com\/es\/#website"},"primaryImageOfPage":{"@id":"https:\/\/csunitec.com\/es\/producto\/placas-de-vacio-para-taladros-magneticos\/#primaryimage"},"image":{"@id":"https:\/\/csunitec.com\/es\/producto\/placas-de-vacio-para-taladros-magneticos\/#primaryimage"},"thumbnailUrl":"https:\/\/csunitec.com\/wp-content\/uploads\/2025\/04\/Vacuum-Plate-for-Channeled-Plates-7-2.png","datePublished":"2024-12-02T20:07:00+00:00","dateModified":"2026-04-26T21:31:54+00:00","description":"Las placas de vac\u00edo crean una superficie de montaje segura y estable para las brocas magn\u00e9ticas en materiales no magn\u00e9ticos, finos o curvados. Permite una perforaci\u00f3n segura y precisa","breadcrumb":{"@id":"https:\/\/csunitec.com\/es\/producto\/placas-de-vacio-para-taladros-magneticos\/#breadcrumb"},"inLanguage":"es","potentialAction":[{"@type":"ReadAction","target":["https:\/\/csunitec.com\/es\/producto\/placas-de-vacio-para-taladros-magneticos\/"]}]},{"@type":"ImageObject","inLanguage":"es","@id":"https:\/\/csunitec.com\/es\/producto\/placas-de-vacio-para-taladros-magneticos\/#primaryimage","url":"https:\/\/csunitec.com\/wp-content\/uploads\/2025\/04\/Vacuum-Plate-for-Channeled-Plates-7-2.png","contentUrl":"https:\/\/csunitec.com\/wp-content\/uploads\/2025\/04\/Vacuum-Plate-for-Channeled-Plates-7-2.png","width":1000,"height":1000},{"@type":"BreadcrumbList","@id":"https:\/\/csunitec.com\/es\/producto\/placas-de-vacio-para-taladros-magneticos\/#breadcrumb","itemListElement":[{"@type":"ListItem","position":1,"name":"Inicio","item":"https:\/\/csunitec.com\/es\/"},{"@type":"ListItem","position":2,"name":"Tienda","item":"https:\/\/csunitec.com\/es\/tienda\/"},{"@type":"ListItem","position":3,"name":"Placas de vac\u00edo para taladros magn\u00e9ticos"}]},{"@type":"WebSite","@id":"https:\/\/csunitec.com\/es\/#website","url":"https:\/\/csunitec.com\/es\/","name":"CS Unitec","description":"","potentialAction":[{"@type":"SearchAction","target":{"@type":"EntryPoint","urlTemplate":"https:\/\/csunitec.com\/es\/?s={search_term_string}"},"query-input":{"@type":"PropertyValueSpecification","valueRequired":true,"valueName":"search_term_string"}}],"inLanguage":"es"}]}},"_links":{"self":[{"href":"https:\/\/csunitec.com\/es\/wp-json\/wp\/v2\/product\/175981","targetHints":{"allow":["GET"]}}],"collection":[{"href":"https:\/\/csunitec.com\/es\/wp-json\/wp\/v2\/product"}],"about":[{"href":"https:\/\/csunitec.com\/es\/wp-json\/wp\/v2\/types\/product"}],"wp:featuredmedia":[{"embeddable":true,"href":"https:\/\/csunitec.com\/es\/wp-json\/wp\/v2\/media\/166182"}],"wp:attachment":[{"href":"https:\/\/csunitec.com\/es\/wp-json\/wp\/v2\/media?parent=175981"}],"wp:term":[{"taxonomy":"product_brand","embeddable":true,"href":"https:\/\/csunitec.com\/es\/wp-json\/wp\/v2\/product_brand?post=175981"},{"taxonomy":"product_cat","embeddable":true,"href":"https:\/\/csunitec.com\/es\/wp-json\/wp\/v2\/product_cat?post=175981"},{"taxonomy":"product_tag","embeddable":true,"href":"https:\/\/csunitec.com\/es\/wp-json\/wp\/v2\/product_tag?post=175981"},{"taxonomy":"accessory_type","embeddable":true,"href":"https:\/\/csunitec.com\/es\/wp-json\/wp\/v2\/accessory_type?post=175981"},{"taxonomy":"application","embeddable":true,"href":"https:\/\/csunitec.com\/es\/wp-json\/wp\/v2\/application?post=175981"},{"taxonomy":"hand_tool_type","embeddable":true,"href":"https:\/\/csunitec.com\/es\/wp-json\/wp\/v2\/hand_tool_type?post=175981"},{"taxonomy":"industry","embeddable":true,"href":"https:\/\/csunitec.com\/es\/wp-json\/wp\/v2\/industry?post=175981"},{"taxonomy":"material","embeddable":true,"href":"https:\/\/csunitec.com\/es\/wp-json\/wp\/v2\/material?post=175981"},{"taxonomy":"power_tool_type","embeddable":true,"href":"https:\/\/csunitec.com\/es\/wp-json\/wp\/v2\/power_tool_type?post=175981"},{"taxonomy":"power_type","embeddable":true,"href":"https:\/\/csunitec.com\/es\/wp-json\/wp\/v2\/power_type?post=175981"},{"taxonomy":"subcategory","embeddable":true,"href":"https:\/\/csunitec.com\/es\/wp-json\/wp\/v2\/subcategory?post=175981"},{"taxonomy":"tool_type","embeddable":true,"href":"https:\/\/csunitec.com\/es\/wp-json\/wp\/v2\/tool_type?post=175981"}],"curies":[{"name":"wp","href":"https:\/\/api.w.org\/{rel}","templated":true}]}}