{"id":176006,"date":"2024-12-02T15:44:00","date_gmt":"2024-12-02T15:44:00","guid":{"rendered":"https:\/\/stgcsunitec.wpenginepowered.com\/product\/aceite-de-corte-soluble-en-agua-para-cortadoras-de-la-serie-9\/"},"modified":"2026-04-26T17:31:35","modified_gmt":"2026-04-26T21:31:35","slug":"aceite-de-corte-soluble-en-agua-para-cortadoras-de-la-serie-9","status":"publish","type":"product","link":"https:\/\/csunitec.com\/es\/producto\/aceite-de-corte-soluble-en-agua-para-cortadoras-de-la-serie-9\/","title":{"rendered":"Aceite de corte soluble en agua para cortadoras de la serie 9"},"content":{"rendered":"<ul>\n<li>El aceite de corte soluble en agua optimiza la vida \u00fatil de la fresa hasta un 50<\/li>\n<li>L\u00edquidos para una refrigeraci\u00f3n \u00f3ptima en sistemas de alimentaci\u00f3n por gravedad y a presi\u00f3n<\/li>\n<li>Pastas para brocas helicoidales, aterrajar, escariar, avellanar, verticales y a\u00e9reas<\/li>\n<li>M\u00faltiples tipos de aceite de corte disponibles para una amplia gama de aplicaciones<\/li>\n<\/ul>\n","protected":false},"excerpt":{"rendered":"<ul>\n<li>Ideal para uso general con fresas anulares con punta de carburo de tungsteno (TCT)<\/li>\n<\/ul>\n","protected":false},"featured_media":165776,"template":"","meta":[],"product_brand":[],"product_cat":[935],"product_tag":[937,949,961,978],"accessory_type":[927],"application":[928],"hand_tool_type":[],"industry":[933],"material":[],"power_tool_type":[],"power_type":[],"subcategory":[951],"tool_type":[943],"class_list":{"0":"post-176006","1":"product","2":"type-product","3":"status-publish","4":"has-post-thumbnail","6":"product_cat-taladros","7":"product_tag-accesorios-para-taladros-magneticos","8":"product_tag-accesorios-para-fresas-anulares","9":"product_tag-lubricantes","10":"product_tag-9-series","11":"accessory_type-accesorio","12":"application-perforacion","13":"industry-metalurgia-2","14":"subcategory-fresas-anulares","15":"tool_type-accesorio","17":"first","18":"instock","19":"shipping-taxable","20":"purchasable","21":"product-type-simple"},"yoast_head":"<!-- This site is optimized with the Yoast SEO plugin v27.5 - https:\/\/yoast.com\/product\/yoast-seo-wordpress\/ -->\n<title>Aceite de corte soluble en agua para cortadoras de la serie 9 - CS Unitec<\/title>\n<meta name=\"description\" content=\"Aceite de corte soluble en agua, ideal para uso general con fresas anulares con punta de carburo de tungsteno (TCT) de la serie 9. El lubricante de alta calidad prolonga la vida \u00fatil de la herramienta.\" \/>\n<meta name=\"robots\" content=\"index, follow, max-snippet:-1, max-image-preview:large, max-video-preview:-1\" \/>\n<link rel=\"canonical\" href=\"https:\/\/csunitec.com\/es\/producto\/aceite-de-corte-soluble-en-agua-para-cortadoras-de-la-serie-9\/\" \/>\n<meta property=\"og:locale\" content=\"es_ES\" \/>\n<meta property=\"og:type\" content=\"article\" \/>\n<meta property=\"og:title\" content=\"Aceite de corte soluble en agua para cortadoras de la serie 9 - CS Unitec\" \/>\n<meta property=\"og:description\" content=\"Aceite de corte soluble en agua, ideal para uso general con fresas anulares con punta de carburo de tungsteno (TCT) de la serie 9. El lubricante de alta calidad prolonga la vida \u00fatil de la herramienta.\" \/>\n<meta property=\"og:url\" content=\"https:\/\/csunitec.com\/es\/producto\/aceite-de-corte-soluble-en-agua-para-cortadoras-de-la-serie-9\/\" \/>\n<meta property=\"og:site_name\" content=\"CS Unitec\" \/>\n<meta property=\"article:modified_time\" content=\"2026-04-26T21:31:35+00:00\" \/>\n<meta property=\"og:image\" content=\"https:\/\/csunitec.com\/wp-content\/uploads\/2025\/04\/Cutting-Oil-for-9-Series-Cutters-1-2-1.png\" \/>\n\t<meta property=\"og:image:width\" content=\"1000\" \/>\n\t<meta property=\"og:image:height\" content=\"1000\" \/>\n\t<meta property=\"og:image:type\" content=\"image\/png\" \/>\n<meta name=\"twitter:card\" content=\"summary_large_image\" \/>\n<script type=\"application\/ld+json\" class=\"yoast-schema-graph\">{\"@context\":\"https:\\\/\\\/schema.org\",\"@graph\":[{\"@type\":\"WebPage\",\"@id\":\"https:\\\/\\\/csunitec.com\\\/es\\\/producto\\\/aceite-de-corte-soluble-en-agua-para-cortadoras-de-la-serie-9\\\/\",\"url\":\"https:\\\/\\\/csunitec.com\\\/es\\\/producto\\\/aceite-de-corte-soluble-en-agua-para-cortadoras-de-la-serie-9\\\/\",\"name\":\"Aceite de corte soluble en agua para cortadoras de la serie 9 - CS Unitec\",\"isPartOf\":{\"@id\":\"https:\\\/\\\/csunitec.com\\\/es\\\/#website\"},\"primaryImageOfPage\":{\"@id\":\"https:\\\/\\\/csunitec.com\\\/es\\\/producto\\\/aceite-de-corte-soluble-en-agua-para-cortadoras-de-la-serie-9\\\/#primaryimage\"},\"image\":{\"@id\":\"https:\\\/\\\/csunitec.com\\\/es\\\/producto\\\/aceite-de-corte-soluble-en-agua-para-cortadoras-de-la-serie-9\\\/#primaryimage\"},\"thumbnailUrl\":\"https:\\\/\\\/csunitec.com\\\/wp-content\\\/uploads\\\/2025\\\/04\\\/Cutting-Oil-for-9-Series-Cutters-1-2-1.png\",\"datePublished\":\"2024-12-02T15:44:00+00:00\",\"dateModified\":\"2026-04-26T21:31:35+00:00\",\"description\":\"Aceite de corte soluble en agua, ideal para uso general con fresas anulares con punta de carburo de tungsteno (TCT) de la serie 9. El lubricante de alta calidad prolonga la vida \u00fatil de la herramienta.\",\"breadcrumb\":{\"@id\":\"https:\\\/\\\/csunitec.com\\\/es\\\/producto\\\/aceite-de-corte-soluble-en-agua-para-cortadoras-de-la-serie-9\\\/#breadcrumb\"},\"inLanguage\":\"es\",\"potentialAction\":[{\"@type\":\"ReadAction\",\"target\":[\"https:\\\/\\\/csunitec.com\\\/es\\\/producto\\\/aceite-de-corte-soluble-en-agua-para-cortadoras-de-la-serie-9\\\/\"]}]},{\"@type\":\"ImageObject\",\"inLanguage\":\"es\",\"@id\":\"https:\\\/\\\/csunitec.com\\\/es\\\/producto\\\/aceite-de-corte-soluble-en-agua-para-cortadoras-de-la-serie-9\\\/#primaryimage\",\"url\":\"https:\\\/\\\/csunitec.com\\\/wp-content\\\/uploads\\\/2025\\\/04\\\/Cutting-Oil-for-9-Series-Cutters-1-2-1.png\",\"contentUrl\":\"https:\\\/\\\/csunitec.com\\\/wp-content\\\/uploads\\\/2025\\\/04\\\/Cutting-Oil-for-9-Series-Cutters-1-2-1.png\",\"width\":1000,\"height\":1000},{\"@type\":\"BreadcrumbList\",\"@id\":\"https:\\\/\\\/csunitec.com\\\/es\\\/producto\\\/aceite-de-corte-soluble-en-agua-para-cortadoras-de-la-serie-9\\\/#breadcrumb\",\"itemListElement\":[{\"@type\":\"ListItem\",\"position\":1,\"name\":\"Inicio\",\"item\":\"https:\\\/\\\/csunitec.com\\\/es\\\/\"},{\"@type\":\"ListItem\",\"position\":2,\"name\":\"Tienda\",\"item\":\"https:\\\/\\\/csunitec.com\\\/es\\\/tienda\\\/\"},{\"@type\":\"ListItem\",\"position\":3,\"name\":\"Aceite de corte soluble en agua para cortadoras de la serie 9\"}]},{\"@type\":\"WebSite\",\"@id\":\"https:\\\/\\\/csunitec.com\\\/es\\\/#website\",\"url\":\"https:\\\/\\\/csunitec.com\\\/es\\\/\",\"name\":\"CS Unitec\",\"description\":\"\",\"potentialAction\":[{\"@type\":\"SearchAction\",\"target\":{\"@type\":\"EntryPoint\",\"urlTemplate\":\"https:\\\/\\\/csunitec.com\\\/es\\\/?s={search_term_string}\"},\"query-input\":{\"@type\":\"PropertyValueSpecification\",\"valueRequired\":true,\"valueName\":\"search_term_string\"}}],\"inLanguage\":\"es\"}]}<\/script>\n<!-- \/ Yoast SEO plugin. -->","yoast_head_json":{"title":"Aceite de corte soluble en agua para cortadoras de la serie 9 - CS Unitec","description":"Aceite de corte soluble en agua, ideal para uso general con fresas anulares con punta de carburo de tungsteno (TCT) de la serie 9. El lubricante de alta calidad prolonga la vida \u00fatil de la herramienta.","robots":{"index":"index","follow":"follow","max-snippet":"max-snippet:-1","max-image-preview":"max-image-preview:large","max-video-preview":"max-video-preview:-1"},"canonical":"https:\/\/csunitec.com\/es\/producto\/aceite-de-corte-soluble-en-agua-para-cortadoras-de-la-serie-9\/","og_locale":"es_ES","og_type":"article","og_title":"Aceite de corte soluble en agua para cortadoras de la serie 9 - CS Unitec","og_description":"Aceite de corte soluble en agua, ideal para uso general con fresas anulares con punta de carburo de tungsteno (TCT) de la serie 9. El lubricante de alta calidad prolonga la vida \u00fatil de la herramienta.","og_url":"https:\/\/csunitec.com\/es\/producto\/aceite-de-corte-soluble-en-agua-para-cortadoras-de-la-serie-9\/","og_site_name":"CS Unitec","article_modified_time":"2026-04-26T21:31:35+00:00","og_image":[{"width":1000,"height":1000,"url":"https:\/\/csunitec.com\/wp-content\/uploads\/2025\/04\/Cutting-Oil-for-9-Series-Cutters-1-2-1.png","type":"image\/png"}],"twitter_card":"summary_large_image","schema":{"@context":"https:\/\/schema.org","@graph":[{"@type":"WebPage","@id":"https:\/\/csunitec.com\/es\/producto\/aceite-de-corte-soluble-en-agua-para-cortadoras-de-la-serie-9\/","url":"https:\/\/csunitec.com\/es\/producto\/aceite-de-corte-soluble-en-agua-para-cortadoras-de-la-serie-9\/","name":"Aceite de corte soluble en agua para cortadoras de la serie 9 - CS Unitec","isPartOf":{"@id":"https:\/\/csunitec.com\/es\/#website"},"primaryImageOfPage":{"@id":"https:\/\/csunitec.com\/es\/producto\/aceite-de-corte-soluble-en-agua-para-cortadoras-de-la-serie-9\/#primaryimage"},"image":{"@id":"https:\/\/csunitec.com\/es\/producto\/aceite-de-corte-soluble-en-agua-para-cortadoras-de-la-serie-9\/#primaryimage"},"thumbnailUrl":"https:\/\/csunitec.com\/wp-content\/uploads\/2025\/04\/Cutting-Oil-for-9-Series-Cutters-1-2-1.png","datePublished":"2024-12-02T15:44:00+00:00","dateModified":"2026-04-26T21:31:35+00:00","description":"Aceite de corte soluble en agua, ideal para uso general con fresas anulares con punta de carburo de tungsteno (TCT) de la serie 9. El lubricante de alta calidad prolonga la vida \u00fatil de la herramienta.","breadcrumb":{"@id":"https:\/\/csunitec.com\/es\/producto\/aceite-de-corte-soluble-en-agua-para-cortadoras-de-la-serie-9\/#breadcrumb"},"inLanguage":"es","potentialAction":[{"@type":"ReadAction","target":["https:\/\/csunitec.com\/es\/producto\/aceite-de-corte-soluble-en-agua-para-cortadoras-de-la-serie-9\/"]}]},{"@type":"ImageObject","inLanguage":"es","@id":"https:\/\/csunitec.com\/es\/producto\/aceite-de-corte-soluble-en-agua-para-cortadoras-de-la-serie-9\/#primaryimage","url":"https:\/\/csunitec.com\/wp-content\/uploads\/2025\/04\/Cutting-Oil-for-9-Series-Cutters-1-2-1.png","contentUrl":"https:\/\/csunitec.com\/wp-content\/uploads\/2025\/04\/Cutting-Oil-for-9-Series-Cutters-1-2-1.png","width":1000,"height":1000},{"@type":"BreadcrumbList","@id":"https:\/\/csunitec.com\/es\/producto\/aceite-de-corte-soluble-en-agua-para-cortadoras-de-la-serie-9\/#breadcrumb","itemListElement":[{"@type":"ListItem","position":1,"name":"Inicio","item":"https:\/\/csunitec.com\/es\/"},{"@type":"ListItem","position":2,"name":"Tienda","item":"https:\/\/csunitec.com\/es\/tienda\/"},{"@type":"ListItem","position":3,"name":"Aceite de corte soluble en agua para cortadoras de la serie 9"}]},{"@type":"WebSite","@id":"https:\/\/csunitec.com\/es\/#website","url":"https:\/\/csunitec.com\/es\/","name":"CS Unitec","description":"","potentialAction":[{"@type":"SearchAction","target":{"@type":"EntryPoint","urlTemplate":"https:\/\/csunitec.com\/es\/?s={search_term_string}"},"query-input":{"@type":"PropertyValueSpecification","valueRequired":true,"valueName":"search_term_string"}}],"inLanguage":"es"}]}},"_links":{"self":[{"href":"https:\/\/csunitec.com\/es\/wp-json\/wp\/v2\/product\/176006","targetHints":{"allow":["GET"]}}],"collection":[{"href":"https:\/\/csunitec.com\/es\/wp-json\/wp\/v2\/product"}],"about":[{"href":"https:\/\/csunitec.com\/es\/wp-json\/wp\/v2\/types\/product"}],"wp:featuredmedia":[{"embeddable":true,"href":"https:\/\/csunitec.com\/es\/wp-json\/wp\/v2\/media\/165776"}],"wp:attachment":[{"href":"https:\/\/csunitec.com\/es\/wp-json\/wp\/v2\/media?parent=176006"}],"wp:term":[{"taxonomy":"product_brand","embeddable":true,"href":"https:\/\/csunitec.com\/es\/wp-json\/wp\/v2\/product_brand?post=176006"},{"taxonomy":"product_cat","embeddable":true,"href":"https:\/\/csunitec.com\/es\/wp-json\/wp\/v2\/product_cat?post=176006"},{"taxonomy":"product_tag","embeddable":true,"href":"https:\/\/csunitec.com\/es\/wp-json\/wp\/v2\/product_tag?post=176006"},{"taxonomy":"accessory_type","embeddable":true,"href":"https:\/\/csunitec.com\/es\/wp-json\/wp\/v2\/accessory_type?post=176006"},{"taxonomy":"application","embeddable":true,"href":"https:\/\/csunitec.com\/es\/wp-json\/wp\/v2\/application?post=176006"},{"taxonomy":"hand_tool_type","embeddable":true,"href":"https:\/\/csunitec.com\/es\/wp-json\/wp\/v2\/hand_tool_type?post=176006"},{"taxonomy":"industry","embeddable":true,"href":"https:\/\/csunitec.com\/es\/wp-json\/wp\/v2\/industry?post=176006"},{"taxonomy":"material","embeddable":true,"href":"https:\/\/csunitec.com\/es\/wp-json\/wp\/v2\/material?post=176006"},{"taxonomy":"power_tool_type","embeddable":true,"href":"https:\/\/csunitec.com\/es\/wp-json\/wp\/v2\/power_tool_type?post=176006"},{"taxonomy":"power_type","embeddable":true,"href":"https:\/\/csunitec.com\/es\/wp-json\/wp\/v2\/power_type?post=176006"},{"taxonomy":"subcategory","embeddable":true,"href":"https:\/\/csunitec.com\/es\/wp-json\/wp\/v2\/subcategory?post=176006"},{"taxonomy":"tool_type","embeddable":true,"href":"https:\/\/csunitec.com\/es\/wp-json\/wp\/v2\/tool_type?post=176006"}],"curies":[{"name":"wp","href":"https:\/\/api.w.org\/{rel}","templated":true}]}}