{"id":176114,"date":"2024-12-04T21:58:00","date_gmt":"2024-12-04T21:58:00","guid":{"rendered":"https:\/\/stgcsunitec.wpenginepowered.com\/product\/broca-para-perforacion-en-seco-segmentada\/"},"modified":"2026-04-26T17:32:55","modified_gmt":"2026-04-26T21:32:55","slug":"broca-para-perforacion-en-seco-segmentada","status":"publish","type":"product","link":"https:\/\/csunitec.com\/es\/producto\/broca-para-perforacion-en-seco-segmentada\/","title":{"rendered":"Broca para perforaci\u00f3n en seco segmentada"},"content":{"rendered":"<ul>\n<li>Broca de perforaci\u00f3n en seco segmentada brocas de diamante Ideal para perforar en espacios acabados, interiores comerciales, hospitales, escuelas, oficinas y edificios residenciales donde es esencial perforar en seco.<\/li>\n<li>Adecuado para taladrar agujeros para tuber\u00edas de di\u00e1metro peque\u00f1o a medio, instalaciones y accesorios en muros de hormig\u00f3n o bloque.<\/li>\n<li>La perforaci\u00f3n en seco minimiza las molestias y la limpieza, por lo que es ideal para trabajos de reacondicionamiento en instalaciones activas.<\/li>\n<li>Aplicaciones manuales, se requiere menos presi\u00f3n de alimentaci\u00f3n gracias a los segmentos.<\/li>\n<li>\u00datil en plantas, almacenes e instalaciones de producci\u00f3n donde no se puede utilizar agua cerca de equipos o sistemas el\u00e9ctricos.<\/li>\n<\/ul>\n","protected":false},"excerpt":{"rendered":"<ul>\n<li>Profundidad de perforaci\u00f3n: 9<\/li>\n<li>Altura del segmento: 7 mm<\/li>\n<li>Rosca: 5\/8&#8243; x 11 hembra<\/li>\n<li>Los segmentos de diamante ofrecen una penetraci\u00f3n m\u00e1s r\u00e1pida y una mayor duraci\u00f3n<\/li>\n<li>Taladra r\u00e1pidamente bloques y ladrillos sin agua<\/li>\n<\/ul>\n","protected":false},"featured_media":166476,"template":"","meta":[],"product_brand":[],"product_cat":[935],"product_tag":[953,954,955],"accessory_type":[927],"application":[928],"hand_tool_type":[],"industry":[931],"material":[],"power_tool_type":[],"power_type":[],"subcategory":[948],"tool_type":[943],"class_list":{"0":"post-176114","1":"product","2":"type-product","3":"status-publish","4":"has-post-thumbnail","6":"product_cat-taladros","7":"product_tag-accesorios-para-perforadoras-sacanucleos","8":"product_tag-brocas-sacanucleos","9":"product_tag-brocas-en-seco","10":"accessory_type-accesorio","11":"application-perforacion","12":"industry-hormigon-y-mamposteria","13":"subcategory-perforadoras-de-corona","14":"tool_type-accesorio","16":"first","17":"instock","18":"shipping-taxable","19":"purchasable","20":"product-type-variable"},"yoast_head":"<!-- This site is optimized with the Yoast SEO plugin v27.5 - https:\/\/yoast.com\/product\/yoast-seo-wordpress\/ -->\n<title>Broca para perforaci\u00f3n en seco segmentada - CS Unitec<\/title>\n<meta name=\"description\" content=\"La broca en seco segmentada proporciona una perforaci\u00f3n r\u00e1pida y eficaz en mamposter\u00eda, bloques, ladrillos y otros materiales abrasivos sin utilizar agua.\" \/>\n<meta name=\"robots\" content=\"index, follow, max-snippet:-1, max-image-preview:large, max-video-preview:-1\" \/>\n<link rel=\"canonical\" href=\"https:\/\/csunitec.com\/es\/producto\/broca-para-perforacion-en-seco-segmentada\/\" \/>\n<meta property=\"og:locale\" content=\"es_ES\" \/>\n<meta property=\"og:type\" content=\"article\" \/>\n<meta property=\"og:title\" content=\"Broca para perforaci\u00f3n en seco segmentada - CS Unitec\" \/>\n<meta property=\"og:description\" content=\"La broca en seco segmentada proporciona una perforaci\u00f3n r\u00e1pida y eficaz en mamposter\u00eda, bloques, ladrillos y otros materiales abrasivos sin utilizar agua.\" \/>\n<meta property=\"og:url\" content=\"https:\/\/csunitec.com\/es\/producto\/broca-para-perforacion-en-seco-segmentada\/\" \/>\n<meta property=\"og:site_name\" content=\"CS Unitec\" \/>\n<meta property=\"article:modified_time\" content=\"2026-04-26T21:32:55+00:00\" \/>\n<meta property=\"og:image\" content=\"https:\/\/csunitec.com\/wp-content\/uploads\/2025\/04\/Dry-Segmented-Core-Bit-1-2-1.png\" \/>\n\t<meta property=\"og:image:width\" content=\"1000\" \/>\n\t<meta property=\"og:image:height\" content=\"1000\" \/>\n\t<meta property=\"og:image:type\" content=\"image\/png\" \/>\n<meta name=\"twitter:card\" content=\"summary_large_image\" \/>\n<meta name=\"twitter:label1\" content=\"Tiempo de lectura\" \/>\n\t<meta name=\"twitter:data1\" content=\"1 minuto\" \/>\n<script type=\"application\/ld+json\" class=\"yoast-schema-graph\">{\"@context\":\"https:\\\/\\\/schema.org\",\"@graph\":[{\"@type\":\"WebPage\",\"@id\":\"https:\\\/\\\/csunitec.com\\\/es\\\/producto\\\/broca-para-perforacion-en-seco-segmentada\\\/\",\"url\":\"https:\\\/\\\/csunitec.com\\\/es\\\/producto\\\/broca-para-perforacion-en-seco-segmentada\\\/\",\"name\":\"Broca para perforaci\u00f3n en seco segmentada - CS Unitec\",\"isPartOf\":{\"@id\":\"https:\\\/\\\/csunitec.com\\\/es\\\/#website\"},\"primaryImageOfPage\":{\"@id\":\"https:\\\/\\\/csunitec.com\\\/es\\\/producto\\\/broca-para-perforacion-en-seco-segmentada\\\/#primaryimage\"},\"image\":{\"@id\":\"https:\\\/\\\/csunitec.com\\\/es\\\/producto\\\/broca-para-perforacion-en-seco-segmentada\\\/#primaryimage\"},\"thumbnailUrl\":\"https:\\\/\\\/csunitec.com\\\/wp-content\\\/uploads\\\/2025\\\/04\\\/Dry-Segmented-Core-Bit-1-2-1.png\",\"datePublished\":\"2024-12-04T21:58:00+00:00\",\"dateModified\":\"2026-04-26T21:32:55+00:00\",\"description\":\"La broca en seco segmentada proporciona una perforaci\u00f3n r\u00e1pida y eficaz en mamposter\u00eda, bloques, ladrillos y otros materiales abrasivos sin utilizar agua.\",\"breadcrumb\":{\"@id\":\"https:\\\/\\\/csunitec.com\\\/es\\\/producto\\\/broca-para-perforacion-en-seco-segmentada\\\/#breadcrumb\"},\"inLanguage\":\"es\",\"potentialAction\":[{\"@type\":\"ReadAction\",\"target\":[\"https:\\\/\\\/csunitec.com\\\/es\\\/producto\\\/broca-para-perforacion-en-seco-segmentada\\\/\"]}]},{\"@type\":\"ImageObject\",\"inLanguage\":\"es\",\"@id\":\"https:\\\/\\\/csunitec.com\\\/es\\\/producto\\\/broca-para-perforacion-en-seco-segmentada\\\/#primaryimage\",\"url\":\"https:\\\/\\\/csunitec.com\\\/wp-content\\\/uploads\\\/2025\\\/04\\\/Dry-Segmented-Core-Bit-1-2-1.png\",\"contentUrl\":\"https:\\\/\\\/csunitec.com\\\/wp-content\\\/uploads\\\/2025\\\/04\\\/Dry-Segmented-Core-Bit-1-2-1.png\",\"width\":1000,\"height\":1000},{\"@type\":\"BreadcrumbList\",\"@id\":\"https:\\\/\\\/csunitec.com\\\/es\\\/producto\\\/broca-para-perforacion-en-seco-segmentada\\\/#breadcrumb\",\"itemListElement\":[{\"@type\":\"ListItem\",\"position\":1,\"name\":\"Inicio\",\"item\":\"https:\\\/\\\/csunitec.com\\\/es\\\/\"},{\"@type\":\"ListItem\",\"position\":2,\"name\":\"Tienda\",\"item\":\"https:\\\/\\\/csunitec.com\\\/es\\\/tienda\\\/\"},{\"@type\":\"ListItem\",\"position\":3,\"name\":\"Broca para perforaci\u00f3n en seco segmentada\"}]},{\"@type\":\"WebSite\",\"@id\":\"https:\\\/\\\/csunitec.com\\\/es\\\/#website\",\"url\":\"https:\\\/\\\/csunitec.com\\\/es\\\/\",\"name\":\"CS Unitec\",\"description\":\"\",\"potentialAction\":[{\"@type\":\"SearchAction\",\"target\":{\"@type\":\"EntryPoint\",\"urlTemplate\":\"https:\\\/\\\/csunitec.com\\\/es\\\/?s={search_term_string}\"},\"query-input\":{\"@type\":\"PropertyValueSpecification\",\"valueRequired\":true,\"valueName\":\"search_term_string\"}}],\"inLanguage\":\"es\"}]}<\/script>\n<!-- \/ Yoast SEO plugin. -->","yoast_head_json":{"title":"Broca para perforaci\u00f3n en seco segmentada - CS Unitec","description":"La broca en seco segmentada proporciona una perforaci\u00f3n r\u00e1pida y eficaz en mamposter\u00eda, bloques, ladrillos y otros materiales abrasivos sin utilizar agua.","robots":{"index":"index","follow":"follow","max-snippet":"max-snippet:-1","max-image-preview":"max-image-preview:large","max-video-preview":"max-video-preview:-1"},"canonical":"https:\/\/csunitec.com\/es\/producto\/broca-para-perforacion-en-seco-segmentada\/","og_locale":"es_ES","og_type":"article","og_title":"Broca para perforaci\u00f3n en seco segmentada - CS Unitec","og_description":"La broca en seco segmentada proporciona una perforaci\u00f3n r\u00e1pida y eficaz en mamposter\u00eda, bloques, ladrillos y otros materiales abrasivos sin utilizar agua.","og_url":"https:\/\/csunitec.com\/es\/producto\/broca-para-perforacion-en-seco-segmentada\/","og_site_name":"CS Unitec","article_modified_time":"2026-04-26T21:32:55+00:00","og_image":[{"width":1000,"height":1000,"url":"https:\/\/csunitec.com\/wp-content\/uploads\/2025\/04\/Dry-Segmented-Core-Bit-1-2-1.png","type":"image\/png"}],"twitter_card":"summary_large_image","twitter_misc":{"Tiempo de lectura":"1 minuto"},"schema":{"@context":"https:\/\/schema.org","@graph":[{"@type":"WebPage","@id":"https:\/\/csunitec.com\/es\/producto\/broca-para-perforacion-en-seco-segmentada\/","url":"https:\/\/csunitec.com\/es\/producto\/broca-para-perforacion-en-seco-segmentada\/","name":"Broca para perforaci\u00f3n en seco segmentada - CS Unitec","isPartOf":{"@id":"https:\/\/csunitec.com\/es\/#website"},"primaryImageOfPage":{"@id":"https:\/\/csunitec.com\/es\/producto\/broca-para-perforacion-en-seco-segmentada\/#primaryimage"},"image":{"@id":"https:\/\/csunitec.com\/es\/producto\/broca-para-perforacion-en-seco-segmentada\/#primaryimage"},"thumbnailUrl":"https:\/\/csunitec.com\/wp-content\/uploads\/2025\/04\/Dry-Segmented-Core-Bit-1-2-1.png","datePublished":"2024-12-04T21:58:00+00:00","dateModified":"2026-04-26T21:32:55+00:00","description":"La broca en seco segmentada proporciona una perforaci\u00f3n r\u00e1pida y eficaz en mamposter\u00eda, bloques, ladrillos y otros materiales abrasivos sin utilizar agua.","breadcrumb":{"@id":"https:\/\/csunitec.com\/es\/producto\/broca-para-perforacion-en-seco-segmentada\/#breadcrumb"},"inLanguage":"es","potentialAction":[{"@type":"ReadAction","target":["https:\/\/csunitec.com\/es\/producto\/broca-para-perforacion-en-seco-segmentada\/"]}]},{"@type":"ImageObject","inLanguage":"es","@id":"https:\/\/csunitec.com\/es\/producto\/broca-para-perforacion-en-seco-segmentada\/#primaryimage","url":"https:\/\/csunitec.com\/wp-content\/uploads\/2025\/04\/Dry-Segmented-Core-Bit-1-2-1.png","contentUrl":"https:\/\/csunitec.com\/wp-content\/uploads\/2025\/04\/Dry-Segmented-Core-Bit-1-2-1.png","width":1000,"height":1000},{"@type":"BreadcrumbList","@id":"https:\/\/csunitec.com\/es\/producto\/broca-para-perforacion-en-seco-segmentada\/#breadcrumb","itemListElement":[{"@type":"ListItem","position":1,"name":"Inicio","item":"https:\/\/csunitec.com\/es\/"},{"@type":"ListItem","position":2,"name":"Tienda","item":"https:\/\/csunitec.com\/es\/tienda\/"},{"@type":"ListItem","position":3,"name":"Broca para perforaci\u00f3n en seco segmentada"}]},{"@type":"WebSite","@id":"https:\/\/csunitec.com\/es\/#website","url":"https:\/\/csunitec.com\/es\/","name":"CS Unitec","description":"","potentialAction":[{"@type":"SearchAction","target":{"@type":"EntryPoint","urlTemplate":"https:\/\/csunitec.com\/es\/?s={search_term_string}"},"query-input":{"@type":"PropertyValueSpecification","valueRequired":true,"valueName":"search_term_string"}}],"inLanguage":"es"}]}},"_links":{"self":[{"href":"https:\/\/csunitec.com\/es\/wp-json\/wp\/v2\/product\/176114","targetHints":{"allow":["GET"]}}],"collection":[{"href":"https:\/\/csunitec.com\/es\/wp-json\/wp\/v2\/product"}],"about":[{"href":"https:\/\/csunitec.com\/es\/wp-json\/wp\/v2\/types\/product"}],"wp:featuredmedia":[{"embeddable":true,"href":"https:\/\/csunitec.com\/es\/wp-json\/wp\/v2\/media\/166476"}],"wp:attachment":[{"href":"https:\/\/csunitec.com\/es\/wp-json\/wp\/v2\/media?parent=176114"}],"wp:term":[{"taxonomy":"product_brand","embeddable":true,"href":"https:\/\/csunitec.com\/es\/wp-json\/wp\/v2\/product_brand?post=176114"},{"taxonomy":"product_cat","embeddable":true,"href":"https:\/\/csunitec.com\/es\/wp-json\/wp\/v2\/product_cat?post=176114"},{"taxonomy":"product_tag","embeddable":true,"href":"https:\/\/csunitec.com\/es\/wp-json\/wp\/v2\/product_tag?post=176114"},{"taxonomy":"accessory_type","embeddable":true,"href":"https:\/\/csunitec.com\/es\/wp-json\/wp\/v2\/accessory_type?post=176114"},{"taxonomy":"application","embeddable":true,"href":"https:\/\/csunitec.com\/es\/wp-json\/wp\/v2\/application?post=176114"},{"taxonomy":"hand_tool_type","embeddable":true,"href":"https:\/\/csunitec.com\/es\/wp-json\/wp\/v2\/hand_tool_type?post=176114"},{"taxonomy":"industry","embeddable":true,"href":"https:\/\/csunitec.com\/es\/wp-json\/wp\/v2\/industry?post=176114"},{"taxonomy":"material","embeddable":true,"href":"https:\/\/csunitec.com\/es\/wp-json\/wp\/v2\/material?post=176114"},{"taxonomy":"power_tool_type","embeddable":true,"href":"https:\/\/csunitec.com\/es\/wp-json\/wp\/v2\/power_tool_type?post=176114"},{"taxonomy":"power_type","embeddable":true,"href":"https:\/\/csunitec.com\/es\/wp-json\/wp\/v2\/power_type?post=176114"},{"taxonomy":"subcategory","embeddable":true,"href":"https:\/\/csunitec.com\/es\/wp-json\/wp\/v2\/subcategory?post=176114"},{"taxonomy":"tool_type","embeddable":true,"href":"https:\/\/csunitec.com\/es\/wp-json\/wp\/v2\/tool_type?post=176114"}],"curies":[{"name":"wp","href":"https:\/\/api.w.org\/{rel}","templated":true}]}}