{"id":176177,"date":"2024-12-04T22:11:00","date_gmt":"2024-12-04T22:11:00","guid":{"rendered":"https:\/\/stgcsunitec.wpenginepowered.com\/product\/varilla-centradora-para-brocas-de-percusion-blanda-en-seco\/"},"modified":"2026-04-26T17:33:01","modified_gmt":"2026-04-26T21:33:01","slug":"varilla-centradora-para-brocas-de-percusion-blanda-en-seco","status":"publish","type":"product","link":"https:\/\/csunitec.com\/es\/producto\/varilla-centradora-para-brocas-de-percusion-blanda-en-seco\/","title":{"rendered":"Varilla centradora para brocas de percusi\u00f3n blanda en seco"},"content":{"rendered":"<ul>\n<li>La varilla de centrado facilita el arranque a mano alzada.<\/li>\n<li>Empieza a hacer agujeros sin taladrar de m\u00e1s ni marcar de m\u00e1s.<\/li>\n<li>Desliza la varilla en el portaherramientas incorporado en el eje de perforaci\u00f3n de las brocas huecas ESD 162 o ETN 162 y alinea la broca con el centro de la ubicaci\u00f3n de tu orificio.<\/li>\n<li>Una vez iniciado el agujero, la varilla de centrado puede retirarse f\u00e1cilmente del centro del taladro.<\/li>\n<li>Debe utilizarse en modo de perforaci\u00f3n est\u00e1ndar en los modelos de perforadoras de corona de impacto blando.<\/li>\n<\/ul>\n","protected":false},"excerpt":{"rendered":"<ul>\n<li>\u00a1Ahorra tiempo y esfuerzo!<\/li>\n<li>Alineaci\u00f3n r\u00e1pida y precisa de los orificios<\/li>\n<li>Empieza los agujeros sin taladrar de m\u00e1s ni marcar de m\u00e1s<\/li>\n<\/ul>\n","protected":false},"featured_media":166496,"template":"","meta":[],"product_brand":[],"product_cat":[935],"product_tag":[953,955],"accessory_type":[927],"application":[928],"hand_tool_type":[],"industry":[931],"material":[],"power_tool_type":[],"power_type":[],"subcategory":[948],"tool_type":[943],"class_list":{"0":"post-176177","1":"product","2":"type-product","3":"status-publish","4":"has-post-thumbnail","6":"product_cat-taladros","7":"product_tag-accesorios-para-perforadoras-sacanucleos","8":"product_tag-brocas-en-seco","9":"accessory_type-accesorio","10":"application-perforacion","11":"industry-hormigon-y-mamposteria","12":"subcategory-perforadoras-de-corona","13":"tool_type-accesorio","15":"first","16":"instock","17":"shipping-taxable","18":"purchasable","19":"product-type-simple"},"yoast_head":"<!-- This site is optimized with the Yoast SEO plugin v27.5 - https:\/\/yoast.com\/product\/yoast-seo-wordpress\/ -->\n<title>Varilla centradora para brocas de percusi\u00f3n blanda en seco - CS Unitec<\/title>\n<meta name=\"description\" content=\"La varilla de centrado ahorra tiempo y esfuerzo al operario con una alineaci\u00f3n r\u00e1pida y precisa de los agujeros. Empieza los agujeros sin taladrar de m\u00e1s ni marcar de m\u00e1s.\" \/>\n<meta name=\"robots\" content=\"index, follow, max-snippet:-1, max-image-preview:large, max-video-preview:-1\" \/>\n<link rel=\"canonical\" href=\"https:\/\/csunitec.com\/es\/producto\/varilla-centradora-para-brocas-de-percusion-blanda-en-seco\/\" \/>\n<meta property=\"og:locale\" content=\"es_ES\" \/>\n<meta property=\"og:type\" content=\"article\" \/>\n<meta property=\"og:title\" content=\"Varilla centradora para brocas de percusi\u00f3n blanda en seco - CS Unitec\" \/>\n<meta property=\"og:description\" content=\"La varilla de centrado ahorra tiempo y esfuerzo al operario con una alineaci\u00f3n r\u00e1pida y precisa de los agujeros. Empieza los agujeros sin taladrar de m\u00e1s ni marcar de m\u00e1s.\" \/>\n<meta property=\"og:url\" content=\"https:\/\/csunitec.com\/es\/producto\/varilla-centradora-para-brocas-de-percusion-blanda-en-seco\/\" \/>\n<meta property=\"og:site_name\" content=\"CS Unitec\" \/>\n<meta property=\"article:modified_time\" content=\"2026-04-26T21:33:01+00:00\" \/>\n<meta property=\"og:image\" content=\"https:\/\/csunitec.com\/wp-content\/uploads\/2025\/04\/Centering-Rod-for-PB-Bits-1-2-1.png\" \/>\n\t<meta property=\"og:image:width\" content=\"1000\" \/>\n\t<meta property=\"og:image:height\" content=\"1000\" \/>\n\t<meta property=\"og:image:type\" content=\"image\/png\" \/>\n<meta name=\"twitter:card\" content=\"summary_large_image\" \/>\n<script type=\"application\/ld+json\" class=\"yoast-schema-graph\">{\"@context\":\"https:\\\/\\\/schema.org\",\"@graph\":[{\"@type\":\"WebPage\",\"@id\":\"https:\\\/\\\/csunitec.com\\\/es\\\/producto\\\/varilla-centradora-para-brocas-de-percusion-blanda-en-seco\\\/\",\"url\":\"https:\\\/\\\/csunitec.com\\\/es\\\/producto\\\/varilla-centradora-para-brocas-de-percusion-blanda-en-seco\\\/\",\"name\":\"Varilla centradora para brocas de percusi\u00f3n blanda en seco - CS Unitec\",\"isPartOf\":{\"@id\":\"https:\\\/\\\/csunitec.com\\\/es\\\/#website\"},\"primaryImageOfPage\":{\"@id\":\"https:\\\/\\\/csunitec.com\\\/es\\\/producto\\\/varilla-centradora-para-brocas-de-percusion-blanda-en-seco\\\/#primaryimage\"},\"image\":{\"@id\":\"https:\\\/\\\/csunitec.com\\\/es\\\/producto\\\/varilla-centradora-para-brocas-de-percusion-blanda-en-seco\\\/#primaryimage\"},\"thumbnailUrl\":\"https:\\\/\\\/csunitec.com\\\/wp-content\\\/uploads\\\/2025\\\/04\\\/Centering-Rod-for-PB-Bits-1-2-1.png\",\"datePublished\":\"2024-12-04T22:11:00+00:00\",\"dateModified\":\"2026-04-26T21:33:01+00:00\",\"description\":\"La varilla de centrado ahorra tiempo y esfuerzo al operario con una alineaci\u00f3n r\u00e1pida y precisa de los agujeros. Empieza los agujeros sin taladrar de m\u00e1s ni marcar de m\u00e1s.\",\"breadcrumb\":{\"@id\":\"https:\\\/\\\/csunitec.com\\\/es\\\/producto\\\/varilla-centradora-para-brocas-de-percusion-blanda-en-seco\\\/#breadcrumb\"},\"inLanguage\":\"es\",\"potentialAction\":[{\"@type\":\"ReadAction\",\"target\":[\"https:\\\/\\\/csunitec.com\\\/es\\\/producto\\\/varilla-centradora-para-brocas-de-percusion-blanda-en-seco\\\/\"]}]},{\"@type\":\"ImageObject\",\"inLanguage\":\"es\",\"@id\":\"https:\\\/\\\/csunitec.com\\\/es\\\/producto\\\/varilla-centradora-para-brocas-de-percusion-blanda-en-seco\\\/#primaryimage\",\"url\":\"https:\\\/\\\/csunitec.com\\\/wp-content\\\/uploads\\\/2025\\\/04\\\/Centering-Rod-for-PB-Bits-1-2-1.png\",\"contentUrl\":\"https:\\\/\\\/csunitec.com\\\/wp-content\\\/uploads\\\/2025\\\/04\\\/Centering-Rod-for-PB-Bits-1-2-1.png\",\"width\":1000,\"height\":1000},{\"@type\":\"BreadcrumbList\",\"@id\":\"https:\\\/\\\/csunitec.com\\\/es\\\/producto\\\/varilla-centradora-para-brocas-de-percusion-blanda-en-seco\\\/#breadcrumb\",\"itemListElement\":[{\"@type\":\"ListItem\",\"position\":1,\"name\":\"Inicio\",\"item\":\"https:\\\/\\\/csunitec.com\\\/es\\\/\"},{\"@type\":\"ListItem\",\"position\":2,\"name\":\"Tienda\",\"item\":\"https:\\\/\\\/csunitec.com\\\/es\\\/tienda\\\/\"},{\"@type\":\"ListItem\",\"position\":3,\"name\":\"Varilla centradora para brocas de percusi\u00f3n blanda en seco\"}]},{\"@type\":\"WebSite\",\"@id\":\"https:\\\/\\\/csunitec.com\\\/es\\\/#website\",\"url\":\"https:\\\/\\\/csunitec.com\\\/es\\\/\",\"name\":\"CS Unitec\",\"description\":\"\",\"potentialAction\":[{\"@type\":\"SearchAction\",\"target\":{\"@type\":\"EntryPoint\",\"urlTemplate\":\"https:\\\/\\\/csunitec.com\\\/es\\\/?s={search_term_string}\"},\"query-input\":{\"@type\":\"PropertyValueSpecification\",\"valueRequired\":true,\"valueName\":\"search_term_string\"}}],\"inLanguage\":\"es\"}]}<\/script>\n<!-- \/ Yoast SEO plugin. -->","yoast_head_json":{"title":"Varilla centradora para brocas de percusi\u00f3n blanda en seco - CS Unitec","description":"La varilla de centrado ahorra tiempo y esfuerzo al operario con una alineaci\u00f3n r\u00e1pida y precisa de los agujeros. Empieza los agujeros sin taladrar de m\u00e1s ni marcar de m\u00e1s.","robots":{"index":"index","follow":"follow","max-snippet":"max-snippet:-1","max-image-preview":"max-image-preview:large","max-video-preview":"max-video-preview:-1"},"canonical":"https:\/\/csunitec.com\/es\/producto\/varilla-centradora-para-brocas-de-percusion-blanda-en-seco\/","og_locale":"es_ES","og_type":"article","og_title":"Varilla centradora para brocas de percusi\u00f3n blanda en seco - CS Unitec","og_description":"La varilla de centrado ahorra tiempo y esfuerzo al operario con una alineaci\u00f3n r\u00e1pida y precisa de los agujeros. Empieza los agujeros sin taladrar de m\u00e1s ni marcar de m\u00e1s.","og_url":"https:\/\/csunitec.com\/es\/producto\/varilla-centradora-para-brocas-de-percusion-blanda-en-seco\/","og_site_name":"CS Unitec","article_modified_time":"2026-04-26T21:33:01+00:00","og_image":[{"width":1000,"height":1000,"url":"https:\/\/csunitec.com\/wp-content\/uploads\/2025\/04\/Centering-Rod-for-PB-Bits-1-2-1.png","type":"image\/png"}],"twitter_card":"summary_large_image","schema":{"@context":"https:\/\/schema.org","@graph":[{"@type":"WebPage","@id":"https:\/\/csunitec.com\/es\/producto\/varilla-centradora-para-brocas-de-percusion-blanda-en-seco\/","url":"https:\/\/csunitec.com\/es\/producto\/varilla-centradora-para-brocas-de-percusion-blanda-en-seco\/","name":"Varilla centradora para brocas de percusi\u00f3n blanda en seco - CS Unitec","isPartOf":{"@id":"https:\/\/csunitec.com\/es\/#website"},"primaryImageOfPage":{"@id":"https:\/\/csunitec.com\/es\/producto\/varilla-centradora-para-brocas-de-percusion-blanda-en-seco\/#primaryimage"},"image":{"@id":"https:\/\/csunitec.com\/es\/producto\/varilla-centradora-para-brocas-de-percusion-blanda-en-seco\/#primaryimage"},"thumbnailUrl":"https:\/\/csunitec.com\/wp-content\/uploads\/2025\/04\/Centering-Rod-for-PB-Bits-1-2-1.png","datePublished":"2024-12-04T22:11:00+00:00","dateModified":"2026-04-26T21:33:01+00:00","description":"La varilla de centrado ahorra tiempo y esfuerzo al operario con una alineaci\u00f3n r\u00e1pida y precisa de los agujeros. Empieza los agujeros sin taladrar de m\u00e1s ni marcar de m\u00e1s.","breadcrumb":{"@id":"https:\/\/csunitec.com\/es\/producto\/varilla-centradora-para-brocas-de-percusion-blanda-en-seco\/#breadcrumb"},"inLanguage":"es","potentialAction":[{"@type":"ReadAction","target":["https:\/\/csunitec.com\/es\/producto\/varilla-centradora-para-brocas-de-percusion-blanda-en-seco\/"]}]},{"@type":"ImageObject","inLanguage":"es","@id":"https:\/\/csunitec.com\/es\/producto\/varilla-centradora-para-brocas-de-percusion-blanda-en-seco\/#primaryimage","url":"https:\/\/csunitec.com\/wp-content\/uploads\/2025\/04\/Centering-Rod-for-PB-Bits-1-2-1.png","contentUrl":"https:\/\/csunitec.com\/wp-content\/uploads\/2025\/04\/Centering-Rod-for-PB-Bits-1-2-1.png","width":1000,"height":1000},{"@type":"BreadcrumbList","@id":"https:\/\/csunitec.com\/es\/producto\/varilla-centradora-para-brocas-de-percusion-blanda-en-seco\/#breadcrumb","itemListElement":[{"@type":"ListItem","position":1,"name":"Inicio","item":"https:\/\/csunitec.com\/es\/"},{"@type":"ListItem","position":2,"name":"Tienda","item":"https:\/\/csunitec.com\/es\/tienda\/"},{"@type":"ListItem","position":3,"name":"Varilla centradora para brocas de percusi\u00f3n blanda en seco"}]},{"@type":"WebSite","@id":"https:\/\/csunitec.com\/es\/#website","url":"https:\/\/csunitec.com\/es\/","name":"CS Unitec","description":"","potentialAction":[{"@type":"SearchAction","target":{"@type":"EntryPoint","urlTemplate":"https:\/\/csunitec.com\/es\/?s={search_term_string}"},"query-input":{"@type":"PropertyValueSpecification","valueRequired":true,"valueName":"search_term_string"}}],"inLanguage":"es"}]}},"_links":{"self":[{"href":"https:\/\/csunitec.com\/es\/wp-json\/wp\/v2\/product\/176177","targetHints":{"allow":["GET"]}}],"collection":[{"href":"https:\/\/csunitec.com\/es\/wp-json\/wp\/v2\/product"}],"about":[{"href":"https:\/\/csunitec.com\/es\/wp-json\/wp\/v2\/types\/product"}],"wp:featuredmedia":[{"embeddable":true,"href":"https:\/\/csunitec.com\/es\/wp-json\/wp\/v2\/media\/166496"}],"wp:attachment":[{"href":"https:\/\/csunitec.com\/es\/wp-json\/wp\/v2\/media?parent=176177"}],"wp:term":[{"taxonomy":"product_brand","embeddable":true,"href":"https:\/\/csunitec.com\/es\/wp-json\/wp\/v2\/product_brand?post=176177"},{"taxonomy":"product_cat","embeddable":true,"href":"https:\/\/csunitec.com\/es\/wp-json\/wp\/v2\/product_cat?post=176177"},{"taxonomy":"product_tag","embeddable":true,"href":"https:\/\/csunitec.com\/es\/wp-json\/wp\/v2\/product_tag?post=176177"},{"taxonomy":"accessory_type","embeddable":true,"href":"https:\/\/csunitec.com\/es\/wp-json\/wp\/v2\/accessory_type?post=176177"},{"taxonomy":"application","embeddable":true,"href":"https:\/\/csunitec.com\/es\/wp-json\/wp\/v2\/application?post=176177"},{"taxonomy":"hand_tool_type","embeddable":true,"href":"https:\/\/csunitec.com\/es\/wp-json\/wp\/v2\/hand_tool_type?post=176177"},{"taxonomy":"industry","embeddable":true,"href":"https:\/\/csunitec.com\/es\/wp-json\/wp\/v2\/industry?post=176177"},{"taxonomy":"material","embeddable":true,"href":"https:\/\/csunitec.com\/es\/wp-json\/wp\/v2\/material?post=176177"},{"taxonomy":"power_tool_type","embeddable":true,"href":"https:\/\/csunitec.com\/es\/wp-json\/wp\/v2\/power_tool_type?post=176177"},{"taxonomy":"power_type","embeddable":true,"href":"https:\/\/csunitec.com\/es\/wp-json\/wp\/v2\/power_type?post=176177"},{"taxonomy":"subcategory","embeddable":true,"href":"https:\/\/csunitec.com\/es\/wp-json\/wp\/v2\/subcategory?post=176177"},{"taxonomy":"tool_type","embeddable":true,"href":"https:\/\/csunitec.com\/es\/wp-json\/wp\/v2\/tool_type?post=176177"}],"curies":[{"name":"wp","href":"https:\/\/api.w.org\/{rel}","templated":true}]}}