{"id":176178,"date":"2024-12-04T21:22:00","date_gmt":"2024-12-04T21:22:00","guid":{"rendered":"https:\/\/stgcsunitec.wpenginepowered.com\/product\/barriles-y-brocas-diamantadas-roscadas\/"},"modified":"2026-04-26T17:32:35","modified_gmt":"2026-04-26T21:32:35","slug":"barriles-y-brocas-diamantadas-roscadas","status":"publish","type":"product","link":"https:\/\/csunitec.com\/es\/producto\/barriles-y-brocas-diamantadas-roscadas\/","title":{"rendered":"Barriles y Brocas Diamantadas Roscadas"},"content":{"rendered":"<ul>\n<li>Barriles perforadores de diamante roscados perfectos para perforar penetraciones profundas en muros, forjados, vigas y pilares de hormig\u00f3n armado.<\/li>\n<li>Trabaja con sistemas de perforaci\u00f3n con corona el\u00e9ctricos, hidr\u00e1ulicos y neum\u00e1ticos.<\/li>\n<li>De uso com\u00fan en puentes, t\u00faneles, cimientos, b\u00f3vedas de servicios p\u00fablicos e instalaciones de plantas.<\/li>\n<li>Adecuado para extraer muestras de testigos profundos de hormig\u00f3n para an\u00e1lisis de ingenier\u00eda y evaluaci\u00f3n estructural.<\/li>\n<li>Esencial para la rehabilitaci\u00f3n de edificios altos y comerciales.<\/li>\n<\/ul>\n<p><em> <\/em><br \/>\nTambi\u00e9n disponible: Matriz de diamante configurada a medida para corresponder a tu aplicaci\u00f3n &#8211; <a href=\"https:\/\/www.csunitec.com\/contact-us\">\u00a1cont\u00e1ctanos<\/a> para m\u00e1s detalles!<\/p>\n","protected":false},"excerpt":{"rendered":"<ul>\n<li>Dise\u00f1ado para perforaciones profundas en hormig\u00f3n armado y mamposter\u00eda<\/li>\n<li>Ca\u00f1ones roscados de 12&#8243; a 48&#8243; de longitud<\/li>\n<li>Di\u00e1metro de 1&#8243; a 6-1\/2&#8243;. las brocas roscadas tienen un segmento de 0,187<\/li>\n<li>Di\u00e1metro de 7&#8243; a 10&#8243;. las brocas roscadas tienen un segmento de 0,250<\/li>\n<\/ul>\n","protected":false},"featured_media":166436,"template":"","meta":[],"product_brand":[],"product_cat":[935],"product_tag":[953,954,998],"accessory_type":[927],"application":[928],"hand_tool_type":[],"industry":[931],"material":[],"power_tool_type":[],"power_type":[],"subcategory":[948],"tool_type":[943],"class_list":{"0":"post-176178","1":"product","2":"type-product","3":"status-publish","4":"has-post-thumbnail","6":"product_cat-taladros","7":"product_tag-accesorios-para-perforadoras-sacanucleos","8":"product_tag-brocas-sacanucleos","9":"product_tag-brocas-huecas","10":"accessory_type-accesorio","11":"application-perforacion","12":"industry-hormigon-y-mamposteria","13":"subcategory-perforadoras-de-corona","14":"tool_type-accesorio","16":"first","17":"instock","18":"shipping-taxable","19":"purchasable","20":"product-type-variable"},"yoast_head":"<!-- This site is optimized with the Yoast SEO plugin v27.5 - https:\/\/yoast.com\/product\/yoast-seo-wordpress\/ -->\n<title>Barriles y Brocas Diamantadas Roscadas - CS Unitec<\/title>\n<meta name=\"description\" content=\"Los barriles sacatestigos diamantados roscados est\u00e1n dise\u00f1ados para perforar en profundidad hormig\u00f3n armado y mamposter\u00eda. Ca\u00f1ones roscados de 12&quot; a 48&quot; de longitud.\" \/>\n<meta name=\"robots\" content=\"index, follow, max-snippet:-1, max-image-preview:large, max-video-preview:-1\" \/>\n<link rel=\"canonical\" href=\"https:\/\/csunitec.com\/es\/producto\/barriles-y-brocas-diamantadas-roscadas\/\" \/>\n<meta property=\"og:locale\" content=\"es_ES\" \/>\n<meta property=\"og:type\" content=\"article\" \/>\n<meta property=\"og:title\" content=\"Barriles y Brocas Diamantadas Roscadas - CS Unitec\" \/>\n<meta property=\"og:description\" content=\"Los barriles sacatestigos diamantados roscados est\u00e1n dise\u00f1ados para perforar en profundidad hormig\u00f3n armado y mamposter\u00eda. Ca\u00f1ones roscados de 12&quot; a 48&quot; de longitud.\" \/>\n<meta property=\"og:url\" content=\"https:\/\/csunitec.com\/es\/producto\/barriles-y-brocas-diamantadas-roscadas\/\" \/>\n<meta property=\"og:site_name\" content=\"CS Unitec\" \/>\n<meta property=\"article:modified_time\" content=\"2026-04-26T21:32:35+00:00\" \/>\n<meta property=\"og:image\" content=\"https:\/\/csunitec.com\/wp-content\/uploads\/2025\/04\/Threaded-Diamond-Core-Barrel-and-Bits-1-2-1.png\" \/>\n\t<meta property=\"og:image:width\" content=\"1000\" \/>\n\t<meta property=\"og:image:height\" content=\"1000\" \/>\n\t<meta property=\"og:image:type\" content=\"image\/png\" \/>\n<meta name=\"twitter:card\" content=\"summary_large_image\" \/>\n<meta name=\"twitter:label1\" content=\"Tiempo de lectura\" \/>\n\t<meta name=\"twitter:data1\" content=\"1 minuto\" \/>\n<script type=\"application\/ld+json\" class=\"yoast-schema-graph\">{\"@context\":\"https:\\\/\\\/schema.org\",\"@graph\":[{\"@type\":\"WebPage\",\"@id\":\"https:\\\/\\\/csunitec.com\\\/es\\\/producto\\\/barriles-y-brocas-diamantadas-roscadas\\\/\",\"url\":\"https:\\\/\\\/csunitec.com\\\/es\\\/producto\\\/barriles-y-brocas-diamantadas-roscadas\\\/\",\"name\":\"Barriles y Brocas Diamantadas Roscadas - CS Unitec\",\"isPartOf\":{\"@id\":\"https:\\\/\\\/csunitec.com\\\/es\\\/#website\"},\"primaryImageOfPage\":{\"@id\":\"https:\\\/\\\/csunitec.com\\\/es\\\/producto\\\/barriles-y-brocas-diamantadas-roscadas\\\/#primaryimage\"},\"image\":{\"@id\":\"https:\\\/\\\/csunitec.com\\\/es\\\/producto\\\/barriles-y-brocas-diamantadas-roscadas\\\/#primaryimage\"},\"thumbnailUrl\":\"https:\\\/\\\/csunitec.com\\\/wp-content\\\/uploads\\\/2025\\\/04\\\/Threaded-Diamond-Core-Barrel-and-Bits-1-2-1.png\",\"datePublished\":\"2024-12-04T21:22:00+00:00\",\"dateModified\":\"2026-04-26T21:32:35+00:00\",\"description\":\"Los barriles sacatestigos diamantados roscados est\u00e1n dise\u00f1ados para perforar en profundidad hormig\u00f3n armado y mamposter\u00eda. Ca\u00f1ones roscados de 12\\\" a 48\\\" de longitud.\",\"breadcrumb\":{\"@id\":\"https:\\\/\\\/csunitec.com\\\/es\\\/producto\\\/barriles-y-brocas-diamantadas-roscadas\\\/#breadcrumb\"},\"inLanguage\":\"es\",\"potentialAction\":[{\"@type\":\"ReadAction\",\"target\":[\"https:\\\/\\\/csunitec.com\\\/es\\\/producto\\\/barriles-y-brocas-diamantadas-roscadas\\\/\"]}]},{\"@type\":\"ImageObject\",\"inLanguage\":\"es\",\"@id\":\"https:\\\/\\\/csunitec.com\\\/es\\\/producto\\\/barriles-y-brocas-diamantadas-roscadas\\\/#primaryimage\",\"url\":\"https:\\\/\\\/csunitec.com\\\/wp-content\\\/uploads\\\/2025\\\/04\\\/Threaded-Diamond-Core-Barrel-and-Bits-1-2-1.png\",\"contentUrl\":\"https:\\\/\\\/csunitec.com\\\/wp-content\\\/uploads\\\/2025\\\/04\\\/Threaded-Diamond-Core-Barrel-and-Bits-1-2-1.png\",\"width\":1000,\"height\":1000},{\"@type\":\"BreadcrumbList\",\"@id\":\"https:\\\/\\\/csunitec.com\\\/es\\\/producto\\\/barriles-y-brocas-diamantadas-roscadas\\\/#breadcrumb\",\"itemListElement\":[{\"@type\":\"ListItem\",\"position\":1,\"name\":\"Inicio\",\"item\":\"https:\\\/\\\/csunitec.com\\\/es\\\/\"},{\"@type\":\"ListItem\",\"position\":2,\"name\":\"Tienda\",\"item\":\"https:\\\/\\\/csunitec.com\\\/es\\\/tienda\\\/\"},{\"@type\":\"ListItem\",\"position\":3,\"name\":\"Barriles y Brocas Diamantadas Roscadas\"}]},{\"@type\":\"WebSite\",\"@id\":\"https:\\\/\\\/csunitec.com\\\/es\\\/#website\",\"url\":\"https:\\\/\\\/csunitec.com\\\/es\\\/\",\"name\":\"CS Unitec\",\"description\":\"\",\"potentialAction\":[{\"@type\":\"SearchAction\",\"target\":{\"@type\":\"EntryPoint\",\"urlTemplate\":\"https:\\\/\\\/csunitec.com\\\/es\\\/?s={search_term_string}\"},\"query-input\":{\"@type\":\"PropertyValueSpecification\",\"valueRequired\":true,\"valueName\":\"search_term_string\"}}],\"inLanguage\":\"es\"}]}<\/script>\n<!-- \/ Yoast SEO plugin. -->","yoast_head_json":{"title":"Barriles y Brocas Diamantadas Roscadas - CS Unitec","description":"Los barriles sacatestigos diamantados roscados est\u00e1n dise\u00f1ados para perforar en profundidad hormig\u00f3n armado y mamposter\u00eda. Ca\u00f1ones roscados de 12\" a 48\" de longitud.","robots":{"index":"index","follow":"follow","max-snippet":"max-snippet:-1","max-image-preview":"max-image-preview:large","max-video-preview":"max-video-preview:-1"},"canonical":"https:\/\/csunitec.com\/es\/producto\/barriles-y-brocas-diamantadas-roscadas\/","og_locale":"es_ES","og_type":"article","og_title":"Barriles y Brocas Diamantadas Roscadas - CS Unitec","og_description":"Los barriles sacatestigos diamantados roscados est\u00e1n dise\u00f1ados para perforar en profundidad hormig\u00f3n armado y mamposter\u00eda. Ca\u00f1ones roscados de 12\" a 48\" de longitud.","og_url":"https:\/\/csunitec.com\/es\/producto\/barriles-y-brocas-diamantadas-roscadas\/","og_site_name":"CS Unitec","article_modified_time":"2026-04-26T21:32:35+00:00","og_image":[{"width":1000,"height":1000,"url":"https:\/\/csunitec.com\/wp-content\/uploads\/2025\/04\/Threaded-Diamond-Core-Barrel-and-Bits-1-2-1.png","type":"image\/png"}],"twitter_card":"summary_large_image","twitter_misc":{"Tiempo de lectura":"1 minuto"},"schema":{"@context":"https:\/\/schema.org","@graph":[{"@type":"WebPage","@id":"https:\/\/csunitec.com\/es\/producto\/barriles-y-brocas-diamantadas-roscadas\/","url":"https:\/\/csunitec.com\/es\/producto\/barriles-y-brocas-diamantadas-roscadas\/","name":"Barriles y Brocas Diamantadas Roscadas - CS Unitec","isPartOf":{"@id":"https:\/\/csunitec.com\/es\/#website"},"primaryImageOfPage":{"@id":"https:\/\/csunitec.com\/es\/producto\/barriles-y-brocas-diamantadas-roscadas\/#primaryimage"},"image":{"@id":"https:\/\/csunitec.com\/es\/producto\/barriles-y-brocas-diamantadas-roscadas\/#primaryimage"},"thumbnailUrl":"https:\/\/csunitec.com\/wp-content\/uploads\/2025\/04\/Threaded-Diamond-Core-Barrel-and-Bits-1-2-1.png","datePublished":"2024-12-04T21:22:00+00:00","dateModified":"2026-04-26T21:32:35+00:00","description":"Los barriles sacatestigos diamantados roscados est\u00e1n dise\u00f1ados para perforar en profundidad hormig\u00f3n armado y mamposter\u00eda. Ca\u00f1ones roscados de 12\" a 48\" de longitud.","breadcrumb":{"@id":"https:\/\/csunitec.com\/es\/producto\/barriles-y-brocas-diamantadas-roscadas\/#breadcrumb"},"inLanguage":"es","potentialAction":[{"@type":"ReadAction","target":["https:\/\/csunitec.com\/es\/producto\/barriles-y-brocas-diamantadas-roscadas\/"]}]},{"@type":"ImageObject","inLanguage":"es","@id":"https:\/\/csunitec.com\/es\/producto\/barriles-y-brocas-diamantadas-roscadas\/#primaryimage","url":"https:\/\/csunitec.com\/wp-content\/uploads\/2025\/04\/Threaded-Diamond-Core-Barrel-and-Bits-1-2-1.png","contentUrl":"https:\/\/csunitec.com\/wp-content\/uploads\/2025\/04\/Threaded-Diamond-Core-Barrel-and-Bits-1-2-1.png","width":1000,"height":1000},{"@type":"BreadcrumbList","@id":"https:\/\/csunitec.com\/es\/producto\/barriles-y-brocas-diamantadas-roscadas\/#breadcrumb","itemListElement":[{"@type":"ListItem","position":1,"name":"Inicio","item":"https:\/\/csunitec.com\/es\/"},{"@type":"ListItem","position":2,"name":"Tienda","item":"https:\/\/csunitec.com\/es\/tienda\/"},{"@type":"ListItem","position":3,"name":"Barriles y Brocas Diamantadas Roscadas"}]},{"@type":"WebSite","@id":"https:\/\/csunitec.com\/es\/#website","url":"https:\/\/csunitec.com\/es\/","name":"CS Unitec","description":"","potentialAction":[{"@type":"SearchAction","target":{"@type":"EntryPoint","urlTemplate":"https:\/\/csunitec.com\/es\/?s={search_term_string}"},"query-input":{"@type":"PropertyValueSpecification","valueRequired":true,"valueName":"search_term_string"}}],"inLanguage":"es"}]}},"_links":{"self":[{"href":"https:\/\/csunitec.com\/es\/wp-json\/wp\/v2\/product\/176178","targetHints":{"allow":["GET"]}}],"collection":[{"href":"https:\/\/csunitec.com\/es\/wp-json\/wp\/v2\/product"}],"about":[{"href":"https:\/\/csunitec.com\/es\/wp-json\/wp\/v2\/types\/product"}],"wp:featuredmedia":[{"embeddable":true,"href":"https:\/\/csunitec.com\/es\/wp-json\/wp\/v2\/media\/166436"}],"wp:attachment":[{"href":"https:\/\/csunitec.com\/es\/wp-json\/wp\/v2\/media?parent=176178"}],"wp:term":[{"taxonomy":"product_brand","embeddable":true,"href":"https:\/\/csunitec.com\/es\/wp-json\/wp\/v2\/product_brand?post=176178"},{"taxonomy":"product_cat","embeddable":true,"href":"https:\/\/csunitec.com\/es\/wp-json\/wp\/v2\/product_cat?post=176178"},{"taxonomy":"product_tag","embeddable":true,"href":"https:\/\/csunitec.com\/es\/wp-json\/wp\/v2\/product_tag?post=176178"},{"taxonomy":"accessory_type","embeddable":true,"href":"https:\/\/csunitec.com\/es\/wp-json\/wp\/v2\/accessory_type?post=176178"},{"taxonomy":"application","embeddable":true,"href":"https:\/\/csunitec.com\/es\/wp-json\/wp\/v2\/application?post=176178"},{"taxonomy":"hand_tool_type","embeddable":true,"href":"https:\/\/csunitec.com\/es\/wp-json\/wp\/v2\/hand_tool_type?post=176178"},{"taxonomy":"industry","embeddable":true,"href":"https:\/\/csunitec.com\/es\/wp-json\/wp\/v2\/industry?post=176178"},{"taxonomy":"material","embeddable":true,"href":"https:\/\/csunitec.com\/es\/wp-json\/wp\/v2\/material?post=176178"},{"taxonomy":"power_tool_type","embeddable":true,"href":"https:\/\/csunitec.com\/es\/wp-json\/wp\/v2\/power_tool_type?post=176178"},{"taxonomy":"power_type","embeddable":true,"href":"https:\/\/csunitec.com\/es\/wp-json\/wp\/v2\/power_type?post=176178"},{"taxonomy":"subcategory","embeddable":true,"href":"https:\/\/csunitec.com\/es\/wp-json\/wp\/v2\/subcategory?post=176178"},{"taxonomy":"tool_type","embeddable":true,"href":"https:\/\/csunitec.com\/es\/wp-json\/wp\/v2\/tool_type?post=176178"}],"curies":[{"name":"wp","href":"https:\/\/api.w.org\/{rel}","templated":true}]}}