{"id":176341,"date":"2024-12-04T23:28:00","date_gmt":"2024-12-04T23:28:00","guid":{"rendered":"https:\/\/stgcsunitec.wpenginepowered.com\/product\/anillo-de-cobre-para-perforadoras-sacanucleos\/"},"modified":"2026-04-26T17:32:54","modified_gmt":"2026-04-26T21:32:54","slug":"anillo-de-cobre-para-perforadoras-sacanucleos","status":"publish","type":"product","link":"https:\/\/csunitec.com\/es\/producto\/anillo-de-cobre-para-perforadoras-sacanucleos\/","title":{"rendered":"Anillo de cobre para perforadoras sacan\u00facleos"},"content":{"rendered":"<ul>\n<li>Anillo de cobre ideal para mantener el flujo de agua y el sellado adecuados al perforar hormig\u00f3n armado, mamposter\u00eda y piedra.<\/li>\n<li>Garantiza cambios de broca suaves y un sellado fiable al perforar aberturas para conductos de agua, chimeneas de desag\u00fce, ventilaci\u00f3n y conductos mec\u00e1nicos.<\/li>\n<li>Garantiza una perforaci\u00f3n limpia y controlada al extraer testigos de hormig\u00f3n para an\u00e1lisis de ingenier\u00eda.<\/li>\n<li>Admite perforaciones precisas y estables para tendidos de conductos, entradas de servicio y penetraciones de cables.<\/li>\n<\/ul>\n","protected":false},"excerpt":{"rendered":"<ul>\n<li>N\u00ba de pieza 35450000<\/li>\n<li>Anillo de cobre de 1-1\/4<\/li>\n<li>Para extraer f\u00e1cilmente la broca<\/li>\n<\/ul>\n","protected":false},"featured_media":166526,"template":"","meta":[],"product_brand":[],"product_cat":[935],"product_tag":[953],"accessory_type":[927],"application":[928],"hand_tool_type":[],"industry":[931],"material":[],"power_tool_type":[],"power_type":[],"subcategory":[948],"tool_type":[943],"class_list":{"0":"post-176341","1":"product","2":"type-product","3":"status-publish","4":"has-post-thumbnail","6":"product_cat-taladros","7":"product_tag-accesorios-para-perforadoras-sacanucleos","8":"accessory_type-accesorio","9":"application-perforacion","10":"industry-hormigon-y-mamposteria","11":"subcategory-perforadoras-de-corona","12":"tool_type-accesorio","14":"first","15":"instock","16":"shipping-taxable","17":"purchasable","18":"product-type-simple"},"yoast_head":"<!-- This site is optimized with the Yoast SEO plugin v27.5 - https:\/\/yoast.com\/product\/yoast-seo-wordpress\/ -->\n<title>Anillo de cobre para perforadoras sacan\u00facleos - CS Unitec<\/title>\n<meta name=\"description\" content=\"El anillo de cobre proporciona un sellado fiable y conexiones seguras para los sistemas de perforaci\u00f3n con corona de diamante. Compatible con una gama de brocas y adaptadores.\" \/>\n<meta name=\"robots\" content=\"index, follow, max-snippet:-1, max-image-preview:large, max-video-preview:-1\" \/>\n<link rel=\"canonical\" href=\"https:\/\/csunitec.com\/es\/producto\/anillo-de-cobre-para-perforadoras-sacanucleos\/\" \/>\n<meta property=\"og:locale\" content=\"es_ES\" \/>\n<meta property=\"og:type\" content=\"article\" \/>\n<meta property=\"og:title\" content=\"Anillo de cobre para perforadoras sacan\u00facleos - CS Unitec\" \/>\n<meta property=\"og:description\" content=\"El anillo de cobre proporciona un sellado fiable y conexiones seguras para los sistemas de perforaci\u00f3n con corona de diamante. Compatible con una gama de brocas y adaptadores.\" \/>\n<meta property=\"og:url\" content=\"https:\/\/csunitec.com\/es\/producto\/anillo-de-cobre-para-perforadoras-sacanucleos\/\" \/>\n<meta property=\"og:site_name\" content=\"CS Unitec\" \/>\n<meta property=\"article:modified_time\" content=\"2026-04-26T21:32:54+00:00\" \/>\n<meta property=\"og:image\" content=\"https:\/\/csunitec.com\/wp-content\/uploads\/2025\/04\/Copper-Ring-1-2-1.png\" \/>\n\t<meta property=\"og:image:width\" content=\"1000\" \/>\n\t<meta property=\"og:image:height\" content=\"1000\" \/>\n\t<meta property=\"og:image:type\" content=\"image\/png\" \/>\n<meta name=\"twitter:card\" content=\"summary_large_image\" \/>\n<script type=\"application\/ld+json\" class=\"yoast-schema-graph\">{\"@context\":\"https:\\\/\\\/schema.org\",\"@graph\":[{\"@type\":\"WebPage\",\"@id\":\"https:\\\/\\\/csunitec.com\\\/es\\\/producto\\\/anillo-de-cobre-para-perforadoras-sacanucleos\\\/\",\"url\":\"https:\\\/\\\/csunitec.com\\\/es\\\/producto\\\/anillo-de-cobre-para-perforadoras-sacanucleos\\\/\",\"name\":\"Anillo de cobre para perforadoras sacan\u00facleos - CS Unitec\",\"isPartOf\":{\"@id\":\"https:\\\/\\\/csunitec.com\\\/es\\\/#website\"},\"primaryImageOfPage\":{\"@id\":\"https:\\\/\\\/csunitec.com\\\/es\\\/producto\\\/anillo-de-cobre-para-perforadoras-sacanucleos\\\/#primaryimage\"},\"image\":{\"@id\":\"https:\\\/\\\/csunitec.com\\\/es\\\/producto\\\/anillo-de-cobre-para-perforadoras-sacanucleos\\\/#primaryimage\"},\"thumbnailUrl\":\"https:\\\/\\\/csunitec.com\\\/wp-content\\\/uploads\\\/2025\\\/04\\\/Copper-Ring-1-2-1.png\",\"datePublished\":\"2024-12-04T23:28:00+00:00\",\"dateModified\":\"2026-04-26T21:32:54+00:00\",\"description\":\"El anillo de cobre proporciona un sellado fiable y conexiones seguras para los sistemas de perforaci\u00f3n con corona de diamante. Compatible con una gama de brocas y adaptadores.\",\"breadcrumb\":{\"@id\":\"https:\\\/\\\/csunitec.com\\\/es\\\/producto\\\/anillo-de-cobre-para-perforadoras-sacanucleos\\\/#breadcrumb\"},\"inLanguage\":\"es\",\"potentialAction\":[{\"@type\":\"ReadAction\",\"target\":[\"https:\\\/\\\/csunitec.com\\\/es\\\/producto\\\/anillo-de-cobre-para-perforadoras-sacanucleos\\\/\"]}]},{\"@type\":\"ImageObject\",\"inLanguage\":\"es\",\"@id\":\"https:\\\/\\\/csunitec.com\\\/es\\\/producto\\\/anillo-de-cobre-para-perforadoras-sacanucleos\\\/#primaryimage\",\"url\":\"https:\\\/\\\/csunitec.com\\\/wp-content\\\/uploads\\\/2025\\\/04\\\/Copper-Ring-1-2-1.png\",\"contentUrl\":\"https:\\\/\\\/csunitec.com\\\/wp-content\\\/uploads\\\/2025\\\/04\\\/Copper-Ring-1-2-1.png\",\"width\":1000,\"height\":1000},{\"@type\":\"BreadcrumbList\",\"@id\":\"https:\\\/\\\/csunitec.com\\\/es\\\/producto\\\/anillo-de-cobre-para-perforadoras-sacanucleos\\\/#breadcrumb\",\"itemListElement\":[{\"@type\":\"ListItem\",\"position\":1,\"name\":\"Inicio\",\"item\":\"https:\\\/\\\/csunitec.com\\\/es\\\/\"},{\"@type\":\"ListItem\",\"position\":2,\"name\":\"Tienda\",\"item\":\"https:\\\/\\\/csunitec.com\\\/es\\\/tienda\\\/\"},{\"@type\":\"ListItem\",\"position\":3,\"name\":\"Anillo de cobre para perforadoras sacan\u00facleos\"}]},{\"@type\":\"WebSite\",\"@id\":\"https:\\\/\\\/csunitec.com\\\/es\\\/#website\",\"url\":\"https:\\\/\\\/csunitec.com\\\/es\\\/\",\"name\":\"CS Unitec\",\"description\":\"\",\"potentialAction\":[{\"@type\":\"SearchAction\",\"target\":{\"@type\":\"EntryPoint\",\"urlTemplate\":\"https:\\\/\\\/csunitec.com\\\/es\\\/?s={search_term_string}\"},\"query-input\":{\"@type\":\"PropertyValueSpecification\",\"valueRequired\":true,\"valueName\":\"search_term_string\"}}],\"inLanguage\":\"es\"}]}<\/script>\n<!-- \/ Yoast SEO plugin. -->","yoast_head_json":{"title":"Anillo de cobre para perforadoras sacan\u00facleos - CS Unitec","description":"El anillo de cobre proporciona un sellado fiable y conexiones seguras para los sistemas de perforaci\u00f3n con corona de diamante. Compatible con una gama de brocas y adaptadores.","robots":{"index":"index","follow":"follow","max-snippet":"max-snippet:-1","max-image-preview":"max-image-preview:large","max-video-preview":"max-video-preview:-1"},"canonical":"https:\/\/csunitec.com\/es\/producto\/anillo-de-cobre-para-perforadoras-sacanucleos\/","og_locale":"es_ES","og_type":"article","og_title":"Anillo de cobre para perforadoras sacan\u00facleos - CS Unitec","og_description":"El anillo de cobre proporciona un sellado fiable y conexiones seguras para los sistemas de perforaci\u00f3n con corona de diamante. Compatible con una gama de brocas y adaptadores.","og_url":"https:\/\/csunitec.com\/es\/producto\/anillo-de-cobre-para-perforadoras-sacanucleos\/","og_site_name":"CS Unitec","article_modified_time":"2026-04-26T21:32:54+00:00","og_image":[{"width":1000,"height":1000,"url":"https:\/\/csunitec.com\/wp-content\/uploads\/2025\/04\/Copper-Ring-1-2-1.png","type":"image\/png"}],"twitter_card":"summary_large_image","schema":{"@context":"https:\/\/schema.org","@graph":[{"@type":"WebPage","@id":"https:\/\/csunitec.com\/es\/producto\/anillo-de-cobre-para-perforadoras-sacanucleos\/","url":"https:\/\/csunitec.com\/es\/producto\/anillo-de-cobre-para-perforadoras-sacanucleos\/","name":"Anillo de cobre para perforadoras sacan\u00facleos - CS Unitec","isPartOf":{"@id":"https:\/\/csunitec.com\/es\/#website"},"primaryImageOfPage":{"@id":"https:\/\/csunitec.com\/es\/producto\/anillo-de-cobre-para-perforadoras-sacanucleos\/#primaryimage"},"image":{"@id":"https:\/\/csunitec.com\/es\/producto\/anillo-de-cobre-para-perforadoras-sacanucleos\/#primaryimage"},"thumbnailUrl":"https:\/\/csunitec.com\/wp-content\/uploads\/2025\/04\/Copper-Ring-1-2-1.png","datePublished":"2024-12-04T23:28:00+00:00","dateModified":"2026-04-26T21:32:54+00:00","description":"El anillo de cobre proporciona un sellado fiable y conexiones seguras para los sistemas de perforaci\u00f3n con corona de diamante. Compatible con una gama de brocas y adaptadores.","breadcrumb":{"@id":"https:\/\/csunitec.com\/es\/producto\/anillo-de-cobre-para-perforadoras-sacanucleos\/#breadcrumb"},"inLanguage":"es","potentialAction":[{"@type":"ReadAction","target":["https:\/\/csunitec.com\/es\/producto\/anillo-de-cobre-para-perforadoras-sacanucleos\/"]}]},{"@type":"ImageObject","inLanguage":"es","@id":"https:\/\/csunitec.com\/es\/producto\/anillo-de-cobre-para-perforadoras-sacanucleos\/#primaryimage","url":"https:\/\/csunitec.com\/wp-content\/uploads\/2025\/04\/Copper-Ring-1-2-1.png","contentUrl":"https:\/\/csunitec.com\/wp-content\/uploads\/2025\/04\/Copper-Ring-1-2-1.png","width":1000,"height":1000},{"@type":"BreadcrumbList","@id":"https:\/\/csunitec.com\/es\/producto\/anillo-de-cobre-para-perforadoras-sacanucleos\/#breadcrumb","itemListElement":[{"@type":"ListItem","position":1,"name":"Inicio","item":"https:\/\/csunitec.com\/es\/"},{"@type":"ListItem","position":2,"name":"Tienda","item":"https:\/\/csunitec.com\/es\/tienda\/"},{"@type":"ListItem","position":3,"name":"Anillo de cobre para perforadoras sacan\u00facleos"}]},{"@type":"WebSite","@id":"https:\/\/csunitec.com\/es\/#website","url":"https:\/\/csunitec.com\/es\/","name":"CS Unitec","description":"","potentialAction":[{"@type":"SearchAction","target":{"@type":"EntryPoint","urlTemplate":"https:\/\/csunitec.com\/es\/?s={search_term_string}"},"query-input":{"@type":"PropertyValueSpecification","valueRequired":true,"valueName":"search_term_string"}}],"inLanguage":"es"}]}},"_links":{"self":[{"href":"https:\/\/csunitec.com\/es\/wp-json\/wp\/v2\/product\/176341","targetHints":{"allow":["GET"]}}],"collection":[{"href":"https:\/\/csunitec.com\/es\/wp-json\/wp\/v2\/product"}],"about":[{"href":"https:\/\/csunitec.com\/es\/wp-json\/wp\/v2\/types\/product"}],"wp:featuredmedia":[{"embeddable":true,"href":"https:\/\/csunitec.com\/es\/wp-json\/wp\/v2\/media\/166526"}],"wp:attachment":[{"href":"https:\/\/csunitec.com\/es\/wp-json\/wp\/v2\/media?parent=176341"}],"wp:term":[{"taxonomy":"product_brand","embeddable":true,"href":"https:\/\/csunitec.com\/es\/wp-json\/wp\/v2\/product_brand?post=176341"},{"taxonomy":"product_cat","embeddable":true,"href":"https:\/\/csunitec.com\/es\/wp-json\/wp\/v2\/product_cat?post=176341"},{"taxonomy":"product_tag","embeddable":true,"href":"https:\/\/csunitec.com\/es\/wp-json\/wp\/v2\/product_tag?post=176341"},{"taxonomy":"accessory_type","embeddable":true,"href":"https:\/\/csunitec.com\/es\/wp-json\/wp\/v2\/accessory_type?post=176341"},{"taxonomy":"application","embeddable":true,"href":"https:\/\/csunitec.com\/es\/wp-json\/wp\/v2\/application?post=176341"},{"taxonomy":"hand_tool_type","embeddable":true,"href":"https:\/\/csunitec.com\/es\/wp-json\/wp\/v2\/hand_tool_type?post=176341"},{"taxonomy":"industry","embeddable":true,"href":"https:\/\/csunitec.com\/es\/wp-json\/wp\/v2\/industry?post=176341"},{"taxonomy":"material","embeddable":true,"href":"https:\/\/csunitec.com\/es\/wp-json\/wp\/v2\/material?post=176341"},{"taxonomy":"power_tool_type","embeddable":true,"href":"https:\/\/csunitec.com\/es\/wp-json\/wp\/v2\/power_tool_type?post=176341"},{"taxonomy":"power_type","embeddable":true,"href":"https:\/\/csunitec.com\/es\/wp-json\/wp\/v2\/power_type?post=176341"},{"taxonomy":"subcategory","embeddable":true,"href":"https:\/\/csunitec.com\/es\/wp-json\/wp\/v2\/subcategory?post=176341"},{"taxonomy":"tool_type","embeddable":true,"href":"https:\/\/csunitec.com\/es\/wp-json\/wp\/v2\/tool_type?post=176341"}],"curies":[{"name":"wp","href":"https:\/\/api.w.org\/{rel}","templated":true}]}}