{"id":176344,"date":"2024-12-04T23:50:00","date_gmt":"2024-12-04T23:50:00","guid":{"rendered":"https:\/\/stgcsunitec.wpenginepowered.com\/product\/alargadera-y-mandril-para-brocas-huecas\/"},"modified":"2026-04-26T17:32:59","modified_gmt":"2026-04-26T21:32:59","slug":"alargadera-y-mandril-para-brocas-huecas","status":"publish","type":"product","link":"https:\/\/csunitec.com\/es\/producto\/alargadera-y-mandril-para-brocas-huecas\/","title":{"rendered":"Alargadera y mandril para brocas huecas"},"content":{"rendered":"<ul>\n<li>Alargador de broca ideal para perforar a trav\u00e9s de muros gruesos de hormig\u00f3n, forjados, cimientos y elementos estructurales donde las longitudes de broca est\u00e1ndar son insuficientes.<\/li>\n<li>Admite perforaciones de largo alcance para tendidos de conductos, entradas de servicio, pasos de cables y penetraciones de telecomunicaciones.<\/li>\n<li>Se utiliza habitualmente en puentes, t\u00faneles, b\u00f3vedas de servicios p\u00fablicos e instalaciones industriales donde se requieren penetraciones profundas.<\/li>\n<li>Las barras de extensi\u00f3n permiten a los operarios mantener la posici\u00f3n correcta de la broca mientras alcanzan lugares de perforaci\u00f3n empotrados, obstruidos o desplazados.<\/li>\n<\/ul>\n","protected":false},"excerpt":{"rendered":"<ul>\n<li>Alargadores y portabrocas para brocas huecas<\/li>\n<\/ul>\n","protected":false},"featured_media":166536,"template":"","meta":[],"product_brand":[],"product_cat":[935],"product_tag":[953,1004],"accessory_type":[927],"application":[928],"hand_tool_type":[],"industry":[931],"material":[],"power_tool_type":[],"power_type":[],"subcategory":[948],"tool_type":[943],"class_list":{"0":"post-176344","1":"product","2":"type-product","3":"status-publish","4":"has-post-thumbnail","6":"product_cat-taladros","7":"product_tag-accesorios-para-perforadoras-sacanucleos","8":"product_tag-chucks","9":"accessory_type-accesorio","10":"application-perforacion","11":"industry-hormigon-y-mamposteria","12":"subcategory-perforadoras-de-corona","13":"tool_type-accesorio","15":"first","16":"instock","17":"shipping-taxable","18":"purchasable","19":"product-type-variable"},"yoast_head":"<!-- This site is optimized with the Yoast SEO plugin v27.5 - https:\/\/yoast.com\/product\/yoast-seo-wordpress\/ -->\n<title>Alargadera y mandril para brocas huecas - CS Unitec<\/title>\n<meta name=\"description\" content=\"El alargador de broca aumenta el alcance y la versatilidad de perforaci\u00f3n de las brocas de diamante. Construido para durar y alinearse con precisi\u00f3n.\" \/>\n<meta name=\"robots\" content=\"index, follow, max-snippet:-1, max-image-preview:large, max-video-preview:-1\" \/>\n<link rel=\"canonical\" href=\"https:\/\/csunitec.com\/es\/producto\/alargadera-y-mandril-para-brocas-huecas\/\" \/>\n<meta property=\"og:locale\" content=\"es_ES\" \/>\n<meta property=\"og:type\" content=\"article\" \/>\n<meta property=\"og:title\" content=\"Alargadera y mandril para brocas huecas - CS Unitec\" \/>\n<meta property=\"og:description\" content=\"El alargador de broca aumenta el alcance y la versatilidad de perforaci\u00f3n de las brocas de diamante. Construido para durar y alinearse con precisi\u00f3n.\" \/>\n<meta property=\"og:url\" content=\"https:\/\/csunitec.com\/es\/producto\/alargadera-y-mandril-para-brocas-huecas\/\" \/>\n<meta property=\"og:site_name\" content=\"CS Unitec\" \/>\n<meta property=\"article:modified_time\" content=\"2026-04-26T21:32:59+00:00\" \/>\n<meta property=\"og:image\" content=\"https:\/\/csunitec.com\/wp-content\/uploads\/2025\/04\/Core-Bit-Extension-Rods-and-Chucks-1-2-1.png\" \/>\n\t<meta property=\"og:image:width\" content=\"1000\" \/>\n\t<meta property=\"og:image:height\" content=\"1000\" \/>\n\t<meta property=\"og:image:type\" content=\"image\/png\" \/>\n<meta name=\"twitter:card\" content=\"summary_large_image\" \/>\n<script type=\"application\/ld+json\" class=\"yoast-schema-graph\">{\"@context\":\"https:\\\/\\\/schema.org\",\"@graph\":[{\"@type\":\"WebPage\",\"@id\":\"https:\\\/\\\/csunitec.com\\\/es\\\/producto\\\/alargadera-y-mandril-para-brocas-huecas\\\/\",\"url\":\"https:\\\/\\\/csunitec.com\\\/es\\\/producto\\\/alargadera-y-mandril-para-brocas-huecas\\\/\",\"name\":\"Alargadera y mandril para brocas huecas - CS Unitec\",\"isPartOf\":{\"@id\":\"https:\\\/\\\/csunitec.com\\\/es\\\/#website\"},\"primaryImageOfPage\":{\"@id\":\"https:\\\/\\\/csunitec.com\\\/es\\\/producto\\\/alargadera-y-mandril-para-brocas-huecas\\\/#primaryimage\"},\"image\":{\"@id\":\"https:\\\/\\\/csunitec.com\\\/es\\\/producto\\\/alargadera-y-mandril-para-brocas-huecas\\\/#primaryimage\"},\"thumbnailUrl\":\"https:\\\/\\\/csunitec.com\\\/wp-content\\\/uploads\\\/2025\\\/04\\\/Core-Bit-Extension-Rods-and-Chucks-1-2-1.png\",\"datePublished\":\"2024-12-04T23:50:00+00:00\",\"dateModified\":\"2026-04-26T21:32:59+00:00\",\"description\":\"El alargador de broca aumenta el alcance y la versatilidad de perforaci\u00f3n de las brocas de diamante. Construido para durar y alinearse con precisi\u00f3n.\",\"breadcrumb\":{\"@id\":\"https:\\\/\\\/csunitec.com\\\/es\\\/producto\\\/alargadera-y-mandril-para-brocas-huecas\\\/#breadcrumb\"},\"inLanguage\":\"es\",\"potentialAction\":[{\"@type\":\"ReadAction\",\"target\":[\"https:\\\/\\\/csunitec.com\\\/es\\\/producto\\\/alargadera-y-mandril-para-brocas-huecas\\\/\"]}]},{\"@type\":\"ImageObject\",\"inLanguage\":\"es\",\"@id\":\"https:\\\/\\\/csunitec.com\\\/es\\\/producto\\\/alargadera-y-mandril-para-brocas-huecas\\\/#primaryimage\",\"url\":\"https:\\\/\\\/csunitec.com\\\/wp-content\\\/uploads\\\/2025\\\/04\\\/Core-Bit-Extension-Rods-and-Chucks-1-2-1.png\",\"contentUrl\":\"https:\\\/\\\/csunitec.com\\\/wp-content\\\/uploads\\\/2025\\\/04\\\/Core-Bit-Extension-Rods-and-Chucks-1-2-1.png\",\"width\":1000,\"height\":1000},{\"@type\":\"BreadcrumbList\",\"@id\":\"https:\\\/\\\/csunitec.com\\\/es\\\/producto\\\/alargadera-y-mandril-para-brocas-huecas\\\/#breadcrumb\",\"itemListElement\":[{\"@type\":\"ListItem\",\"position\":1,\"name\":\"Inicio\",\"item\":\"https:\\\/\\\/csunitec.com\\\/es\\\/\"},{\"@type\":\"ListItem\",\"position\":2,\"name\":\"Tienda\",\"item\":\"https:\\\/\\\/csunitec.com\\\/es\\\/tienda\\\/\"},{\"@type\":\"ListItem\",\"position\":3,\"name\":\"Alargadera y mandril para brocas huecas\"}]},{\"@type\":\"WebSite\",\"@id\":\"https:\\\/\\\/csunitec.com\\\/es\\\/#website\",\"url\":\"https:\\\/\\\/csunitec.com\\\/es\\\/\",\"name\":\"CS Unitec\",\"description\":\"\",\"potentialAction\":[{\"@type\":\"SearchAction\",\"target\":{\"@type\":\"EntryPoint\",\"urlTemplate\":\"https:\\\/\\\/csunitec.com\\\/es\\\/?s={search_term_string}\"},\"query-input\":{\"@type\":\"PropertyValueSpecification\",\"valueRequired\":true,\"valueName\":\"search_term_string\"}}],\"inLanguage\":\"es\"}]}<\/script>\n<!-- \/ Yoast SEO plugin. -->","yoast_head_json":{"title":"Alargadera y mandril para brocas huecas - CS Unitec","description":"El alargador de broca aumenta el alcance y la versatilidad de perforaci\u00f3n de las brocas de diamante. Construido para durar y alinearse con precisi\u00f3n.","robots":{"index":"index","follow":"follow","max-snippet":"max-snippet:-1","max-image-preview":"max-image-preview:large","max-video-preview":"max-video-preview:-1"},"canonical":"https:\/\/csunitec.com\/es\/producto\/alargadera-y-mandril-para-brocas-huecas\/","og_locale":"es_ES","og_type":"article","og_title":"Alargadera y mandril para brocas huecas - CS Unitec","og_description":"El alargador de broca aumenta el alcance y la versatilidad de perforaci\u00f3n de las brocas de diamante. Construido para durar y alinearse con precisi\u00f3n.","og_url":"https:\/\/csunitec.com\/es\/producto\/alargadera-y-mandril-para-brocas-huecas\/","og_site_name":"CS Unitec","article_modified_time":"2026-04-26T21:32:59+00:00","og_image":[{"width":1000,"height":1000,"url":"https:\/\/csunitec.com\/wp-content\/uploads\/2025\/04\/Core-Bit-Extension-Rods-and-Chucks-1-2-1.png","type":"image\/png"}],"twitter_card":"summary_large_image","schema":{"@context":"https:\/\/schema.org","@graph":[{"@type":"WebPage","@id":"https:\/\/csunitec.com\/es\/producto\/alargadera-y-mandril-para-brocas-huecas\/","url":"https:\/\/csunitec.com\/es\/producto\/alargadera-y-mandril-para-brocas-huecas\/","name":"Alargadera y mandril para brocas huecas - CS Unitec","isPartOf":{"@id":"https:\/\/csunitec.com\/es\/#website"},"primaryImageOfPage":{"@id":"https:\/\/csunitec.com\/es\/producto\/alargadera-y-mandril-para-brocas-huecas\/#primaryimage"},"image":{"@id":"https:\/\/csunitec.com\/es\/producto\/alargadera-y-mandril-para-brocas-huecas\/#primaryimage"},"thumbnailUrl":"https:\/\/csunitec.com\/wp-content\/uploads\/2025\/04\/Core-Bit-Extension-Rods-and-Chucks-1-2-1.png","datePublished":"2024-12-04T23:50:00+00:00","dateModified":"2026-04-26T21:32:59+00:00","description":"El alargador de broca aumenta el alcance y la versatilidad de perforaci\u00f3n de las brocas de diamante. Construido para durar y alinearse con precisi\u00f3n.","breadcrumb":{"@id":"https:\/\/csunitec.com\/es\/producto\/alargadera-y-mandril-para-brocas-huecas\/#breadcrumb"},"inLanguage":"es","potentialAction":[{"@type":"ReadAction","target":["https:\/\/csunitec.com\/es\/producto\/alargadera-y-mandril-para-brocas-huecas\/"]}]},{"@type":"ImageObject","inLanguage":"es","@id":"https:\/\/csunitec.com\/es\/producto\/alargadera-y-mandril-para-brocas-huecas\/#primaryimage","url":"https:\/\/csunitec.com\/wp-content\/uploads\/2025\/04\/Core-Bit-Extension-Rods-and-Chucks-1-2-1.png","contentUrl":"https:\/\/csunitec.com\/wp-content\/uploads\/2025\/04\/Core-Bit-Extension-Rods-and-Chucks-1-2-1.png","width":1000,"height":1000},{"@type":"BreadcrumbList","@id":"https:\/\/csunitec.com\/es\/producto\/alargadera-y-mandril-para-brocas-huecas\/#breadcrumb","itemListElement":[{"@type":"ListItem","position":1,"name":"Inicio","item":"https:\/\/csunitec.com\/es\/"},{"@type":"ListItem","position":2,"name":"Tienda","item":"https:\/\/csunitec.com\/es\/tienda\/"},{"@type":"ListItem","position":3,"name":"Alargadera y mandril para brocas huecas"}]},{"@type":"WebSite","@id":"https:\/\/csunitec.com\/es\/#website","url":"https:\/\/csunitec.com\/es\/","name":"CS Unitec","description":"","potentialAction":[{"@type":"SearchAction","target":{"@type":"EntryPoint","urlTemplate":"https:\/\/csunitec.com\/es\/?s={search_term_string}"},"query-input":{"@type":"PropertyValueSpecification","valueRequired":true,"valueName":"search_term_string"}}],"inLanguage":"es"}]}},"_links":{"self":[{"href":"https:\/\/csunitec.com\/es\/wp-json\/wp\/v2\/product\/176344","targetHints":{"allow":["GET"]}}],"collection":[{"href":"https:\/\/csunitec.com\/es\/wp-json\/wp\/v2\/product"}],"about":[{"href":"https:\/\/csunitec.com\/es\/wp-json\/wp\/v2\/types\/product"}],"wp:featuredmedia":[{"embeddable":true,"href":"https:\/\/csunitec.com\/es\/wp-json\/wp\/v2\/media\/166536"}],"wp:attachment":[{"href":"https:\/\/csunitec.com\/es\/wp-json\/wp\/v2\/media?parent=176344"}],"wp:term":[{"taxonomy":"product_brand","embeddable":true,"href":"https:\/\/csunitec.com\/es\/wp-json\/wp\/v2\/product_brand?post=176344"},{"taxonomy":"product_cat","embeddable":true,"href":"https:\/\/csunitec.com\/es\/wp-json\/wp\/v2\/product_cat?post=176344"},{"taxonomy":"product_tag","embeddable":true,"href":"https:\/\/csunitec.com\/es\/wp-json\/wp\/v2\/product_tag?post=176344"},{"taxonomy":"accessory_type","embeddable":true,"href":"https:\/\/csunitec.com\/es\/wp-json\/wp\/v2\/accessory_type?post=176344"},{"taxonomy":"application","embeddable":true,"href":"https:\/\/csunitec.com\/es\/wp-json\/wp\/v2\/application?post=176344"},{"taxonomy":"hand_tool_type","embeddable":true,"href":"https:\/\/csunitec.com\/es\/wp-json\/wp\/v2\/hand_tool_type?post=176344"},{"taxonomy":"industry","embeddable":true,"href":"https:\/\/csunitec.com\/es\/wp-json\/wp\/v2\/industry?post=176344"},{"taxonomy":"material","embeddable":true,"href":"https:\/\/csunitec.com\/es\/wp-json\/wp\/v2\/material?post=176344"},{"taxonomy":"power_tool_type","embeddable":true,"href":"https:\/\/csunitec.com\/es\/wp-json\/wp\/v2\/power_tool_type?post=176344"},{"taxonomy":"power_type","embeddable":true,"href":"https:\/\/csunitec.com\/es\/wp-json\/wp\/v2\/power_type?post=176344"},{"taxonomy":"subcategory","embeddable":true,"href":"https:\/\/csunitec.com\/es\/wp-json\/wp\/v2\/subcategory?post=176344"},{"taxonomy":"tool_type","embeddable":true,"href":"https:\/\/csunitec.com\/es\/wp-json\/wp\/v2\/tool_type?post=176344"}],"curies":[{"name":"wp","href":"https:\/\/api.w.org\/{rel}","templated":true}]}}