{"id":176416,"date":"2024-12-06T00:52:00","date_gmt":"2024-12-06T00:52:00","guid":{"rendered":"https:\/\/stgcsunitec.wpenginepowered.com\/product\/unidad-de-accionamiento-hidraulico\/"},"modified":"2026-04-30T01:58:41","modified_gmt":"2026-04-30T05:58:41","slug":"unidad-de-accionamiento-hidraulico","status":"publish","type":"product","link":"https:\/\/csunitec.com\/es\/producto\/unidad-de-accionamiento-hidraulico\/","title":{"rendered":"Unidad de accionamiento hidr\u00e1ulico"},"content":{"rendered":"<ul>\n<li>Unidad de accionamiento hidr\u00e1ulico ideal para aplicaciones especiales de hincado y roscado, incluido el roscado de tubos en caliente.<\/li>\n<li>Accionamiento de herramientas de taladrado y escariado para agujeros en vigas, viguetas y ensamblajes pesados de acero.<\/li>\n<li>Rendimiento fiable en entornos h\u00famedos, corrosivos o confinados, donde las herramientas el\u00e9ctricas son poco pr\u00e1cticas.<\/li>\n<li>Accionamiento de taladradoras y escariadoras de alta resistencia a trav\u00e9s de metales gruesos y de alta resistencia utilizados en plataformas y maquinaria minera.<\/li>\n<li>Adecuado para alimentar sistemas de perforaci\u00f3n port\u00e1tiles, herramientas de roscado y equipos de corte especializados.<\/li>\n<\/ul>\n","protected":false},"excerpt":{"rendered":"<ul>\n<li>Velocidad de carga: hasta 20 RPM<\/li>\n<li>Par de bloqueo: Hasta 1550 ft-lbs. (a 90 PSI)<\/li>\n<li>Potencia del motor: Hasta 3,5 CV<\/li>\n<li>Mangueras flexibles y acoplamientos FF incluidos<\/li>\n<\/ul>\n","protected":false},"featured_media":176417,"template":"","meta":[],"product_brand":[],"product_cat":[935],"product_tag":[1008],"accessory_type":[],"application":[930],"hand_tool_type":[],"industry":[933],"material":[],"power_tool_type":[1000],"power_type":[976],"subcategory":[985],"tool_type":[946],"class_list":{"0":"post-176416","1":"product","2":"type-product","3":"status-publish","4":"has-post-thumbnail","6":"product_cat-taladros","7":"product_tag-taladros-hidraulicos","8":"application-perforacion-y-fijacion-2","9":"industry-metalurgia-2","10":"power_tool_type-taladro-motor","11":"power_type-hidraulico","12":"subcategory-taladros-de-alto-par","13":"tool_type-herramienta-electrica","15":"first","16":"instock","17":"shipping-taxable","18":"purchasable","19":"product-type-variable"},"yoast_head":"<!-- This site is optimized with the Yoast SEO plugin v27.5 - https:\/\/yoast.com\/product\/yoast-seo-wordpress\/ -->\n<title>Unidad de accionamiento hidr\u00e1ulico - CS Unitec<\/title>\n<meta name=\"description\" content=\"La Unidad de Accionamiento Hidr\u00e1ulico es de alto par y baja velocidad para aplicaciones especiales de accionamiento y roscado, incluido el roscado de tubos en caliente.\" \/>\n<meta name=\"robots\" content=\"index, follow, max-snippet:-1, max-image-preview:large, max-video-preview:-1\" \/>\n<link rel=\"canonical\" href=\"https:\/\/csunitec.com\/es\/producto\/unidad-de-accionamiento-hidraulico\/\" \/>\n<meta property=\"og:locale\" content=\"es_ES\" \/>\n<meta property=\"og:type\" content=\"article\" \/>\n<meta property=\"og:title\" content=\"Unidad de accionamiento hidr\u00e1ulico - CS Unitec\" \/>\n<meta property=\"og:description\" content=\"La Unidad de Accionamiento Hidr\u00e1ulico es de alto par y baja velocidad para aplicaciones especiales de accionamiento y roscado, incluido el roscado de tubos en caliente.\" \/>\n<meta property=\"og:url\" content=\"https:\/\/csunitec.com\/es\/producto\/unidad-de-accionamiento-hidraulico\/\" \/>\n<meta property=\"og:site_name\" content=\"CS Unitec\" \/>\n<meta property=\"article:modified_time\" content=\"2026-04-30T05:58:41+00:00\" \/>\n<meta property=\"og:image\" content=\"https:\/\/csunitec.com\/wp-content\/uploads\/2025\/04\/Hydraulic-Drive-Unit-1-2-1.png\" \/>\n\t<meta property=\"og:image:width\" content=\"1000\" \/>\n\t<meta property=\"og:image:height\" content=\"1000\" \/>\n\t<meta property=\"og:image:type\" content=\"image\/png\" \/>\n<meta name=\"twitter:card\" content=\"summary_large_image\" \/>\n<script type=\"application\/ld+json\" class=\"yoast-schema-graph\">{\"@context\":\"https:\\\/\\\/schema.org\",\"@graph\":[{\"@type\":\"WebPage\",\"@id\":\"https:\\\/\\\/csunitec.com\\\/es\\\/producto\\\/unidad-de-accionamiento-hidraulico\\\/\",\"url\":\"https:\\\/\\\/csunitec.com\\\/es\\\/producto\\\/unidad-de-accionamiento-hidraulico\\\/\",\"name\":\"Unidad de accionamiento hidr\u00e1ulico - CS Unitec\",\"isPartOf\":{\"@id\":\"https:\\\/\\\/csunitec.com\\\/es\\\/#website\"},\"primaryImageOfPage\":{\"@id\":\"https:\\\/\\\/csunitec.com\\\/es\\\/producto\\\/unidad-de-accionamiento-hidraulico\\\/#primaryimage\"},\"image\":{\"@id\":\"https:\\\/\\\/csunitec.com\\\/es\\\/producto\\\/unidad-de-accionamiento-hidraulico\\\/#primaryimage\"},\"thumbnailUrl\":\"https:\\\/\\\/csunitec.com\\\/wp-content\\\/uploads\\\/2025\\\/04\\\/Hydraulic-Drive-Unit-1-2-1.png\",\"datePublished\":\"2024-12-06T00:52:00+00:00\",\"dateModified\":\"2026-04-30T05:58:41+00:00\",\"description\":\"La Unidad de Accionamiento Hidr\u00e1ulico es de alto par y baja velocidad para aplicaciones especiales de accionamiento y roscado, incluido el roscado de tubos en caliente.\",\"breadcrumb\":{\"@id\":\"https:\\\/\\\/csunitec.com\\\/es\\\/producto\\\/unidad-de-accionamiento-hidraulico\\\/#breadcrumb\"},\"inLanguage\":\"es\",\"potentialAction\":[{\"@type\":\"ReadAction\",\"target\":[\"https:\\\/\\\/csunitec.com\\\/es\\\/producto\\\/unidad-de-accionamiento-hidraulico\\\/\"]}]},{\"@type\":\"ImageObject\",\"inLanguage\":\"es\",\"@id\":\"https:\\\/\\\/csunitec.com\\\/es\\\/producto\\\/unidad-de-accionamiento-hidraulico\\\/#primaryimage\",\"url\":\"https:\\\/\\\/csunitec.com\\\/wp-content\\\/uploads\\\/2025\\\/04\\\/Hydraulic-Drive-Unit-1-2-1.png\",\"contentUrl\":\"https:\\\/\\\/csunitec.com\\\/wp-content\\\/uploads\\\/2025\\\/04\\\/Hydraulic-Drive-Unit-1-2-1.png\",\"width\":1000,\"height\":1000},{\"@type\":\"BreadcrumbList\",\"@id\":\"https:\\\/\\\/csunitec.com\\\/es\\\/producto\\\/unidad-de-accionamiento-hidraulico\\\/#breadcrumb\",\"itemListElement\":[{\"@type\":\"ListItem\",\"position\":1,\"name\":\"Inicio\",\"item\":\"https:\\\/\\\/csunitec.com\\\/es\\\/\"},{\"@type\":\"ListItem\",\"position\":2,\"name\":\"Tienda\",\"item\":\"https:\\\/\\\/csunitec.com\\\/es\\\/tienda\\\/\"},{\"@type\":\"ListItem\",\"position\":3,\"name\":\"Unidad de accionamiento hidr\u00e1ulico\"}]},{\"@type\":\"WebSite\",\"@id\":\"https:\\\/\\\/csunitec.com\\\/es\\\/#website\",\"url\":\"https:\\\/\\\/csunitec.com\\\/es\\\/\",\"name\":\"CS Unitec\",\"description\":\"\",\"potentialAction\":[{\"@type\":\"SearchAction\",\"target\":{\"@type\":\"EntryPoint\",\"urlTemplate\":\"https:\\\/\\\/csunitec.com\\\/es\\\/?s={search_term_string}\"},\"query-input\":{\"@type\":\"PropertyValueSpecification\",\"valueRequired\":true,\"valueName\":\"search_term_string\"}}],\"inLanguage\":\"es\"}]}<\/script>\n<!-- \/ Yoast SEO plugin. -->","yoast_head_json":{"title":"Unidad de accionamiento hidr\u00e1ulico - CS Unitec","description":"La Unidad de Accionamiento Hidr\u00e1ulico es de alto par y baja velocidad para aplicaciones especiales de accionamiento y roscado, incluido el roscado de tubos en caliente.","robots":{"index":"index","follow":"follow","max-snippet":"max-snippet:-1","max-image-preview":"max-image-preview:large","max-video-preview":"max-video-preview:-1"},"canonical":"https:\/\/csunitec.com\/es\/producto\/unidad-de-accionamiento-hidraulico\/","og_locale":"es_ES","og_type":"article","og_title":"Unidad de accionamiento hidr\u00e1ulico - CS Unitec","og_description":"La Unidad de Accionamiento Hidr\u00e1ulico es de alto par y baja velocidad para aplicaciones especiales de accionamiento y roscado, incluido el roscado de tubos en caliente.","og_url":"https:\/\/csunitec.com\/es\/producto\/unidad-de-accionamiento-hidraulico\/","og_site_name":"CS Unitec","article_modified_time":"2026-04-30T05:58:41+00:00","og_image":[{"width":1000,"height":1000,"url":"https:\/\/csunitec.com\/wp-content\/uploads\/2025\/04\/Hydraulic-Drive-Unit-1-2-1.png","type":"image\/png"}],"twitter_card":"summary_large_image","schema":{"@context":"https:\/\/schema.org","@graph":[{"@type":"WebPage","@id":"https:\/\/csunitec.com\/es\/producto\/unidad-de-accionamiento-hidraulico\/","url":"https:\/\/csunitec.com\/es\/producto\/unidad-de-accionamiento-hidraulico\/","name":"Unidad de accionamiento hidr\u00e1ulico - CS Unitec","isPartOf":{"@id":"https:\/\/csunitec.com\/es\/#website"},"primaryImageOfPage":{"@id":"https:\/\/csunitec.com\/es\/producto\/unidad-de-accionamiento-hidraulico\/#primaryimage"},"image":{"@id":"https:\/\/csunitec.com\/es\/producto\/unidad-de-accionamiento-hidraulico\/#primaryimage"},"thumbnailUrl":"https:\/\/csunitec.com\/wp-content\/uploads\/2025\/04\/Hydraulic-Drive-Unit-1-2-1.png","datePublished":"2024-12-06T00:52:00+00:00","dateModified":"2026-04-30T05:58:41+00:00","description":"La Unidad de Accionamiento Hidr\u00e1ulico es de alto par y baja velocidad para aplicaciones especiales de accionamiento y roscado, incluido el roscado de tubos en caliente.","breadcrumb":{"@id":"https:\/\/csunitec.com\/es\/producto\/unidad-de-accionamiento-hidraulico\/#breadcrumb"},"inLanguage":"es","potentialAction":[{"@type":"ReadAction","target":["https:\/\/csunitec.com\/es\/producto\/unidad-de-accionamiento-hidraulico\/"]}]},{"@type":"ImageObject","inLanguage":"es","@id":"https:\/\/csunitec.com\/es\/producto\/unidad-de-accionamiento-hidraulico\/#primaryimage","url":"https:\/\/csunitec.com\/wp-content\/uploads\/2025\/04\/Hydraulic-Drive-Unit-1-2-1.png","contentUrl":"https:\/\/csunitec.com\/wp-content\/uploads\/2025\/04\/Hydraulic-Drive-Unit-1-2-1.png","width":1000,"height":1000},{"@type":"BreadcrumbList","@id":"https:\/\/csunitec.com\/es\/producto\/unidad-de-accionamiento-hidraulico\/#breadcrumb","itemListElement":[{"@type":"ListItem","position":1,"name":"Inicio","item":"https:\/\/csunitec.com\/es\/"},{"@type":"ListItem","position":2,"name":"Tienda","item":"https:\/\/csunitec.com\/es\/tienda\/"},{"@type":"ListItem","position":3,"name":"Unidad de accionamiento hidr\u00e1ulico"}]},{"@type":"WebSite","@id":"https:\/\/csunitec.com\/es\/#website","url":"https:\/\/csunitec.com\/es\/","name":"CS Unitec","description":"","potentialAction":[{"@type":"SearchAction","target":{"@type":"EntryPoint","urlTemplate":"https:\/\/csunitec.com\/es\/?s={search_term_string}"},"query-input":{"@type":"PropertyValueSpecification","valueRequired":true,"valueName":"search_term_string"}}],"inLanguage":"es"}]}},"_links":{"self":[{"href":"https:\/\/csunitec.com\/es\/wp-json\/wp\/v2\/product\/176416","targetHints":{"allow":["GET"]}}],"collection":[{"href":"https:\/\/csunitec.com\/es\/wp-json\/wp\/v2\/product"}],"about":[{"href":"https:\/\/csunitec.com\/es\/wp-json\/wp\/v2\/types\/product"}],"wp:featuredmedia":[{"embeddable":true,"href":"https:\/\/csunitec.com\/es\/wp-json\/wp\/v2\/media\/176417"}],"wp:attachment":[{"href":"https:\/\/csunitec.com\/es\/wp-json\/wp\/v2\/media?parent=176416"}],"wp:term":[{"taxonomy":"product_brand","embeddable":true,"href":"https:\/\/csunitec.com\/es\/wp-json\/wp\/v2\/product_brand?post=176416"},{"taxonomy":"product_cat","embeddable":true,"href":"https:\/\/csunitec.com\/es\/wp-json\/wp\/v2\/product_cat?post=176416"},{"taxonomy":"product_tag","embeddable":true,"href":"https:\/\/csunitec.com\/es\/wp-json\/wp\/v2\/product_tag?post=176416"},{"taxonomy":"accessory_type","embeddable":true,"href":"https:\/\/csunitec.com\/es\/wp-json\/wp\/v2\/accessory_type?post=176416"},{"taxonomy":"application","embeddable":true,"href":"https:\/\/csunitec.com\/es\/wp-json\/wp\/v2\/application?post=176416"},{"taxonomy":"hand_tool_type","embeddable":true,"href":"https:\/\/csunitec.com\/es\/wp-json\/wp\/v2\/hand_tool_type?post=176416"},{"taxonomy":"industry","embeddable":true,"href":"https:\/\/csunitec.com\/es\/wp-json\/wp\/v2\/industry?post=176416"},{"taxonomy":"material","embeddable":true,"href":"https:\/\/csunitec.com\/es\/wp-json\/wp\/v2\/material?post=176416"},{"taxonomy":"power_tool_type","embeddable":true,"href":"https:\/\/csunitec.com\/es\/wp-json\/wp\/v2\/power_tool_type?post=176416"},{"taxonomy":"power_type","embeddable":true,"href":"https:\/\/csunitec.com\/es\/wp-json\/wp\/v2\/power_type?post=176416"},{"taxonomy":"subcategory","embeddable":true,"href":"https:\/\/csunitec.com\/es\/wp-json\/wp\/v2\/subcategory?post=176416"},{"taxonomy":"tool_type","embeddable":true,"href":"https:\/\/csunitec.com\/es\/wp-json\/wp\/v2\/tool_type?post=176416"}],"curies":[{"name":"wp","href":"https:\/\/api.w.org\/{rel}","templated":true}]}}