{"id":176426,"date":"2024-12-06T21:31:00","date_gmt":"2024-12-06T21:31:00","guid":{"rendered":"https:\/\/stgcsunitec.wpenginepowered.com\/product\/soporte-para-perforacion-con-corona-invertida-182-usd\/"},"modified":"2026-04-26T17:23:14","modified_gmt":"2026-04-26T21:23:14","slug":"soporte-para-perforacion-con-corona-invertida-182-usd","status":"publish","type":"product","link":"https:\/\/csunitec.com\/es\/producto\/soporte-para-perforacion-con-corona-invertida-182-usd\/","title":{"rendered":"Soporte para perforaci\u00f3n con corona invertida 182 USD"},"content":{"rendered":"<ul>\n<li>El soporte para perforaci\u00f3n con corona boca abajo proporciona un apoyo estable para perforar con corona de diamante en seco y en h\u00famedo hormig\u00f3n, mamposter\u00eda y piedra.<\/li>\n<li>Perforaci\u00f3n de precisi\u00f3n para aberturas de climatizaci\u00f3n, penetraciones de fontaner\u00eda, orificios de conductos el\u00e9ctricos e instalaciones de anclajes.<\/li>\n<li>Ideal para trabajos de construcci\u00f3n, renovaci\u00f3n e instalaci\u00f3n que requieran una colocaci\u00f3n precisa de los orificios.<\/li>\n<li>Admite brocas para tareas de perforaci\u00f3n profunda o ancha.<\/li>\n<li>Proporciona una perforaci\u00f3n controlada para crear agujeros verticales, horizontales y en \u00e1ngulo.<\/li>\n<li>Para brocas huecas de diamante y otras brocas con cuello de sujeci\u00f3n de hasta 60 mm (2-9\/25&#8243;).<\/li>\n<\/ul>\n","protected":false},"excerpt":{"rendered":"<ul>\n<li>Sin da\u00f1os de montaje en la pared, sin tacos<\/li>\n<li>Para brocas huecas de diamante y otras brocas con cuello de sujeci\u00f3n de hasta 60 mm (2-9\/25&#8243;)<\/li>\n<\/ul>\n","protected":false},"featured_media":167116,"template":"","meta":[],"product_brand":[],"product_cat":[935],"product_tag":[993],"accessory_type":[],"application":[928],"hand_tool_type":[],"industry":[931],"material":[],"power_tool_type":[],"power_type":[],"subcategory":[948],"tool_type":[],"class_list":{"0":"post-176426","1":"product","2":"type-product","3":"status-publish","4":"has-post-thumbnail","6":"product_cat-taladros","7":"product_tag-soportes-para-perforadoras-sacanucleos","8":"application-perforacion","9":"industry-hormigon-y-mamposteria","10":"subcategory-perforadoras-de-corona","12":"first","13":"instock","14":"shipping-taxable","15":"purchasable","16":"product-type-simple"},"yoast_head":"<!-- This site is optimized with the Yoast SEO plugin v27.5 - https:\/\/yoast.com\/product\/yoast-seo-wordpress\/ -->\n<title>Soporte para perforaci\u00f3n con corona invertida 182 USD - CS Unitec<\/title>\n<meta name=\"description\" content=\"El soporte de perforaci\u00f3n con corona invertida proporciona un apoyo estable y preciso para perforar con corona de diamante en seco y en h\u00famedo hormig\u00f3n, mamposter\u00eda y piedra.\" \/>\n<meta name=\"robots\" content=\"index, follow, max-snippet:-1, max-image-preview:large, max-video-preview:-1\" \/>\n<link rel=\"canonical\" href=\"https:\/\/csunitec.com\/es\/producto\/soporte-para-perforacion-con-corona-invertida-182-usd\/\" \/>\n<meta property=\"og:locale\" content=\"es_ES\" \/>\n<meta property=\"og:type\" content=\"article\" \/>\n<meta property=\"og:title\" content=\"Soporte para perforaci\u00f3n con corona invertida 182 USD - CS Unitec\" \/>\n<meta property=\"og:description\" content=\"El soporte de perforaci\u00f3n con corona invertida proporciona un apoyo estable y preciso para perforar con corona de diamante en seco y en h\u00famedo hormig\u00f3n, mamposter\u00eda y piedra.\" \/>\n<meta property=\"og:url\" content=\"https:\/\/csunitec.com\/es\/producto\/soporte-para-perforacion-con-corona-invertida-182-usd\/\" \/>\n<meta property=\"og:site_name\" content=\"CS Unitec\" \/>\n<meta property=\"article:modified_time\" content=\"2026-04-26T21:23:14+00:00\" \/>\n<meta property=\"og:image\" content=\"https:\/\/csunitec.com\/wp-content\/uploads\/2025\/04\/USD-182-Core-Drill-Stand-1-2-1.png\" \/>\n\t<meta property=\"og:image:width\" content=\"1000\" \/>\n\t<meta property=\"og:image:height\" content=\"1000\" \/>\n\t<meta property=\"og:image:type\" content=\"image\/png\" \/>\n<meta name=\"twitter:card\" content=\"summary_large_image\" \/>\n<meta name=\"twitter:label1\" content=\"Tiempo de lectura\" \/>\n\t<meta name=\"twitter:data1\" content=\"1 minuto\" \/>\n<script type=\"application\/ld+json\" class=\"yoast-schema-graph\">{\"@context\":\"https:\\\/\\\/schema.org\",\"@graph\":[{\"@type\":\"WebPage\",\"@id\":\"https:\\\/\\\/csunitec.com\\\/es\\\/producto\\\/soporte-para-perforacion-con-corona-invertida-182-usd\\\/\",\"url\":\"https:\\\/\\\/csunitec.com\\\/es\\\/producto\\\/soporte-para-perforacion-con-corona-invertida-182-usd\\\/\",\"name\":\"Soporte para perforaci\u00f3n con corona invertida 182 USD - CS Unitec\",\"isPartOf\":{\"@id\":\"https:\\\/\\\/csunitec.com\\\/es\\\/#website\"},\"primaryImageOfPage\":{\"@id\":\"https:\\\/\\\/csunitec.com\\\/es\\\/producto\\\/soporte-para-perforacion-con-corona-invertida-182-usd\\\/#primaryimage\"},\"image\":{\"@id\":\"https:\\\/\\\/csunitec.com\\\/es\\\/producto\\\/soporte-para-perforacion-con-corona-invertida-182-usd\\\/#primaryimage\"},\"thumbnailUrl\":\"https:\\\/\\\/csunitec.com\\\/wp-content\\\/uploads\\\/2025\\\/04\\\/USD-182-Core-Drill-Stand-1-2-1.png\",\"datePublished\":\"2024-12-06T21:31:00+00:00\",\"dateModified\":\"2026-04-26T21:23:14+00:00\",\"description\":\"El soporte de perforaci\u00f3n con corona invertida proporciona un apoyo estable y preciso para perforar con corona de diamante en seco y en h\u00famedo hormig\u00f3n, mamposter\u00eda y piedra.\",\"breadcrumb\":{\"@id\":\"https:\\\/\\\/csunitec.com\\\/es\\\/producto\\\/soporte-para-perforacion-con-corona-invertida-182-usd\\\/#breadcrumb\"},\"inLanguage\":\"es\",\"potentialAction\":[{\"@type\":\"ReadAction\",\"target\":[\"https:\\\/\\\/csunitec.com\\\/es\\\/producto\\\/soporte-para-perforacion-con-corona-invertida-182-usd\\\/\"]}]},{\"@type\":\"ImageObject\",\"inLanguage\":\"es\",\"@id\":\"https:\\\/\\\/csunitec.com\\\/es\\\/producto\\\/soporte-para-perforacion-con-corona-invertida-182-usd\\\/#primaryimage\",\"url\":\"https:\\\/\\\/csunitec.com\\\/wp-content\\\/uploads\\\/2025\\\/04\\\/USD-182-Core-Drill-Stand-1-2-1.png\",\"contentUrl\":\"https:\\\/\\\/csunitec.com\\\/wp-content\\\/uploads\\\/2025\\\/04\\\/USD-182-Core-Drill-Stand-1-2-1.png\",\"width\":1000,\"height\":1000},{\"@type\":\"BreadcrumbList\",\"@id\":\"https:\\\/\\\/csunitec.com\\\/es\\\/producto\\\/soporte-para-perforacion-con-corona-invertida-182-usd\\\/#breadcrumb\",\"itemListElement\":[{\"@type\":\"ListItem\",\"position\":1,\"name\":\"Inicio\",\"item\":\"https:\\\/\\\/csunitec.com\\\/es\\\/\"},{\"@type\":\"ListItem\",\"position\":2,\"name\":\"Tienda\",\"item\":\"https:\\\/\\\/csunitec.com\\\/es\\\/tienda\\\/\"},{\"@type\":\"ListItem\",\"position\":3,\"name\":\"Soporte para perforaci\u00f3n con corona invertida 182 USD\"}]},{\"@type\":\"WebSite\",\"@id\":\"https:\\\/\\\/csunitec.com\\\/es\\\/#website\",\"url\":\"https:\\\/\\\/csunitec.com\\\/es\\\/\",\"name\":\"CS Unitec\",\"description\":\"\",\"potentialAction\":[{\"@type\":\"SearchAction\",\"target\":{\"@type\":\"EntryPoint\",\"urlTemplate\":\"https:\\\/\\\/csunitec.com\\\/es\\\/?s={search_term_string}\"},\"query-input\":{\"@type\":\"PropertyValueSpecification\",\"valueRequired\":true,\"valueName\":\"search_term_string\"}}],\"inLanguage\":\"es\"}]}<\/script>\n<!-- \/ Yoast SEO plugin. -->","yoast_head_json":{"title":"Soporte para perforaci\u00f3n con corona invertida 182 USD - CS Unitec","description":"El soporte de perforaci\u00f3n con corona invertida proporciona un apoyo estable y preciso para perforar con corona de diamante en seco y en h\u00famedo hormig\u00f3n, mamposter\u00eda y piedra.","robots":{"index":"index","follow":"follow","max-snippet":"max-snippet:-1","max-image-preview":"max-image-preview:large","max-video-preview":"max-video-preview:-1"},"canonical":"https:\/\/csunitec.com\/es\/producto\/soporte-para-perforacion-con-corona-invertida-182-usd\/","og_locale":"es_ES","og_type":"article","og_title":"Soporte para perforaci\u00f3n con corona invertida 182 USD - CS Unitec","og_description":"El soporte de perforaci\u00f3n con corona invertida proporciona un apoyo estable y preciso para perforar con corona de diamante en seco y en h\u00famedo hormig\u00f3n, mamposter\u00eda y piedra.","og_url":"https:\/\/csunitec.com\/es\/producto\/soporte-para-perforacion-con-corona-invertida-182-usd\/","og_site_name":"CS Unitec","article_modified_time":"2026-04-26T21:23:14+00:00","og_image":[{"width":1000,"height":1000,"url":"https:\/\/csunitec.com\/wp-content\/uploads\/2025\/04\/USD-182-Core-Drill-Stand-1-2-1.png","type":"image\/png"}],"twitter_card":"summary_large_image","twitter_misc":{"Tiempo de lectura":"1 minuto"},"schema":{"@context":"https:\/\/schema.org","@graph":[{"@type":"WebPage","@id":"https:\/\/csunitec.com\/es\/producto\/soporte-para-perforacion-con-corona-invertida-182-usd\/","url":"https:\/\/csunitec.com\/es\/producto\/soporte-para-perforacion-con-corona-invertida-182-usd\/","name":"Soporte para perforaci\u00f3n con corona invertida 182 USD - CS Unitec","isPartOf":{"@id":"https:\/\/csunitec.com\/es\/#website"},"primaryImageOfPage":{"@id":"https:\/\/csunitec.com\/es\/producto\/soporte-para-perforacion-con-corona-invertida-182-usd\/#primaryimage"},"image":{"@id":"https:\/\/csunitec.com\/es\/producto\/soporte-para-perforacion-con-corona-invertida-182-usd\/#primaryimage"},"thumbnailUrl":"https:\/\/csunitec.com\/wp-content\/uploads\/2025\/04\/USD-182-Core-Drill-Stand-1-2-1.png","datePublished":"2024-12-06T21:31:00+00:00","dateModified":"2026-04-26T21:23:14+00:00","description":"El soporte de perforaci\u00f3n con corona invertida proporciona un apoyo estable y preciso para perforar con corona de diamante en seco y en h\u00famedo hormig\u00f3n, mamposter\u00eda y piedra.","breadcrumb":{"@id":"https:\/\/csunitec.com\/es\/producto\/soporte-para-perforacion-con-corona-invertida-182-usd\/#breadcrumb"},"inLanguage":"es","potentialAction":[{"@type":"ReadAction","target":["https:\/\/csunitec.com\/es\/producto\/soporte-para-perforacion-con-corona-invertida-182-usd\/"]}]},{"@type":"ImageObject","inLanguage":"es","@id":"https:\/\/csunitec.com\/es\/producto\/soporte-para-perforacion-con-corona-invertida-182-usd\/#primaryimage","url":"https:\/\/csunitec.com\/wp-content\/uploads\/2025\/04\/USD-182-Core-Drill-Stand-1-2-1.png","contentUrl":"https:\/\/csunitec.com\/wp-content\/uploads\/2025\/04\/USD-182-Core-Drill-Stand-1-2-1.png","width":1000,"height":1000},{"@type":"BreadcrumbList","@id":"https:\/\/csunitec.com\/es\/producto\/soporte-para-perforacion-con-corona-invertida-182-usd\/#breadcrumb","itemListElement":[{"@type":"ListItem","position":1,"name":"Inicio","item":"https:\/\/csunitec.com\/es\/"},{"@type":"ListItem","position":2,"name":"Tienda","item":"https:\/\/csunitec.com\/es\/tienda\/"},{"@type":"ListItem","position":3,"name":"Soporte para perforaci\u00f3n con corona invertida 182 USD"}]},{"@type":"WebSite","@id":"https:\/\/csunitec.com\/es\/#website","url":"https:\/\/csunitec.com\/es\/","name":"CS Unitec","description":"","potentialAction":[{"@type":"SearchAction","target":{"@type":"EntryPoint","urlTemplate":"https:\/\/csunitec.com\/es\/?s={search_term_string}"},"query-input":{"@type":"PropertyValueSpecification","valueRequired":true,"valueName":"search_term_string"}}],"inLanguage":"es"}]}},"_links":{"self":[{"href":"https:\/\/csunitec.com\/es\/wp-json\/wp\/v2\/product\/176426","targetHints":{"allow":["GET"]}}],"collection":[{"href":"https:\/\/csunitec.com\/es\/wp-json\/wp\/v2\/product"}],"about":[{"href":"https:\/\/csunitec.com\/es\/wp-json\/wp\/v2\/types\/product"}],"wp:featuredmedia":[{"embeddable":true,"href":"https:\/\/csunitec.com\/es\/wp-json\/wp\/v2\/media\/167116"}],"wp:attachment":[{"href":"https:\/\/csunitec.com\/es\/wp-json\/wp\/v2\/media?parent=176426"}],"wp:term":[{"taxonomy":"product_brand","embeddable":true,"href":"https:\/\/csunitec.com\/es\/wp-json\/wp\/v2\/product_brand?post=176426"},{"taxonomy":"product_cat","embeddable":true,"href":"https:\/\/csunitec.com\/es\/wp-json\/wp\/v2\/product_cat?post=176426"},{"taxonomy":"product_tag","embeddable":true,"href":"https:\/\/csunitec.com\/es\/wp-json\/wp\/v2\/product_tag?post=176426"},{"taxonomy":"accessory_type","embeddable":true,"href":"https:\/\/csunitec.com\/es\/wp-json\/wp\/v2\/accessory_type?post=176426"},{"taxonomy":"application","embeddable":true,"href":"https:\/\/csunitec.com\/es\/wp-json\/wp\/v2\/application?post=176426"},{"taxonomy":"hand_tool_type","embeddable":true,"href":"https:\/\/csunitec.com\/es\/wp-json\/wp\/v2\/hand_tool_type?post=176426"},{"taxonomy":"industry","embeddable":true,"href":"https:\/\/csunitec.com\/es\/wp-json\/wp\/v2\/industry?post=176426"},{"taxonomy":"material","embeddable":true,"href":"https:\/\/csunitec.com\/es\/wp-json\/wp\/v2\/material?post=176426"},{"taxonomy":"power_tool_type","embeddable":true,"href":"https:\/\/csunitec.com\/es\/wp-json\/wp\/v2\/power_tool_type?post=176426"},{"taxonomy":"power_type","embeddable":true,"href":"https:\/\/csunitec.com\/es\/wp-json\/wp\/v2\/power_type?post=176426"},{"taxonomy":"subcategory","embeddable":true,"href":"https:\/\/csunitec.com\/es\/wp-json\/wp\/v2\/subcategory?post=176426"},{"taxonomy":"tool_type","embeddable":true,"href":"https:\/\/csunitec.com\/es\/wp-json\/wp\/v2\/tool_type?post=176426"}],"curies":[{"name":"wp","href":"https:\/\/api.w.org\/{rel}","templated":true}]}}