{"id":176430,"date":"2025-01-08T22:01:04","date_gmt":"2025-01-08T22:01:04","guid":{"rendered":"https:\/\/stgcsunitec.wpenginepowered.com\/product\/portamachos-de-alta-resistencia\/"},"modified":"2026-04-26T16:55:50","modified_gmt":"2026-04-26T20:55:50","slug":"portamachos-de-alta-resistencia","status":"publish","type":"product","link":"https:\/\/csunitec.com\/es\/producto\/portamachos-de-alta-resistencia\/","title":{"rendered":"Portamachos de alta resistencia"},"content":{"rendered":"<ul>\n<li>Portamachos de alta resistencia para taladradoras: <a href=\"https:\/\/www.csunitec.com\/drills\/portable-magnetic-drills-and-drilling-machines\/mab-series-electric\/mab-1300-portable-magnetic-drill\"><u>MAB 1300<\/u><\/a>, <a href=\"https:\/\/www.csunitec.com\/drills\/portable-magnetic-drills-and-drilling-machines\/mab-series-electric\/mab-825-mab-845-portable-magnetic-drills\"><u>MAB 825<\/u><\/a>, <a href=\"https:\/\/www.csunitec.com\/drills\/portable-magnetic-drills-and-drilling-machines\/mab-series-electric\/mab-825-mab-845-portable-magnetic-drills\"><u>MAB 845<\/u><\/a><\/li>\n<li>Ideal para roscar agujeros en vigas, pilares y chapas gruesas utilizadas en la construcci\u00f3n y la siderurgia industrial.<\/li>\n<li>Dise\u00f1ado espec\u00edficamente para su uso con taladros magn\u00e9ticos cuando sea necesario roscar in situ o en el taller.<\/li>\n<li>\u00datil en la producci\u00f3n de maquinaria, la fabricaci\u00f3n de metales y las cadenas de montaje en las que se requiere un roscado repetido.<\/li>\n<li>Permite a los t\u00e9cnicos crear o restaurar orificios roscados en bastidores, carcasas y componentes estructurales de equipos.<\/li>\n<\/ul>\n","protected":false},"excerpt":{"rendered":"<ul>\n<li>Accionamiento positivo y preciso de los machos de mayor tama\u00f1o<\/li>\n<li>Sin deslizamientos ni da\u00f1os en el grifo<\/li>\n<li>El cuadrado del v\u00e1stago del macho de roscar encaja con la toma de cuadradillo<\/li>\n<\/ul>\n","protected":false},"featured_media":176904,"template":"","meta":[],"product_brand":[],"product_cat":[935],"product_tag":[937,1010],"accessory_type":[927],"application":[930],"hand_tool_type":[],"industry":[933],"material":[],"power_tool_type":[],"power_type":[],"subcategory":[940],"tool_type":[943],"class_list":{"0":"post-176430","1":"product","2":"type-product","3":"status-publish","4":"has-post-thumbnail","6":"product_cat-taladros","7":"product_tag-accesorios-para-taladros-magneticos","8":"product_tag-porta-grifos","9":"accessory_type-accesorio","10":"application-perforacion-y-fijacion-2","11":"industry-metalurgia-2","12":"subcategory-taladros-magneticos","13":"tool_type-accesorio","15":"first","16":"instock","17":"shipping-taxable","18":"purchasable","19":"product-type-variable"},"yoast_head":"<!-- This site is optimized with the Yoast SEO plugin v27.5 - https:\/\/yoast.com\/product\/yoast-seo-wordpress\/ -->\n<title>Portamachos de alta resistencia - CS Unitec<\/title>\n<meta name=\"description\" content=\"Los portamachos de alta resistencia proporcionan una sujeci\u00f3n segura y de alto par de la herramienta para un roscado preciso en acero y metales estructurales. Para MAB 1300, MAB 825 y MAB 845.\" \/>\n<meta name=\"robots\" content=\"index, follow, max-snippet:-1, max-image-preview:large, max-video-preview:-1\" \/>\n<link rel=\"canonical\" href=\"https:\/\/csunitec.com\/es\/producto\/portamachos-de-alta-resistencia\/\" \/>\n<meta property=\"og:locale\" content=\"es_ES\" \/>\n<meta property=\"og:type\" content=\"article\" \/>\n<meta property=\"og:title\" content=\"Portamachos de alta resistencia - CS Unitec\" \/>\n<meta property=\"og:description\" content=\"Los portamachos de alta resistencia proporcionan una sujeci\u00f3n segura y de alto par de la herramienta para un roscado preciso en acero y metales estructurales. Para MAB 1300, MAB 825 y MAB 845.\" \/>\n<meta property=\"og:url\" content=\"https:\/\/csunitec.com\/es\/producto\/portamachos-de-alta-resistencia\/\" \/>\n<meta property=\"og:site_name\" content=\"CS Unitec\" \/>\n<meta property=\"article:modified_time\" content=\"2026-04-26T20:55:50+00:00\" \/>\n<meta property=\"og:image\" content=\"https:\/\/csunitec.com\/wp-content\/uploads\/2025\/01\/IMG_Tap-Holder-1.jpg\" \/>\n\t<meta property=\"og:image:width\" content=\"1000\" \/>\n\t<meta property=\"og:image:height\" content=\"1000\" \/>\n\t<meta property=\"og:image:type\" content=\"image\/jpeg\" \/>\n<meta name=\"twitter:card\" content=\"summary_large_image\" \/>\n<script type=\"application\/ld+json\" class=\"yoast-schema-graph\">{\"@context\":\"https:\\\/\\\/schema.org\",\"@graph\":[{\"@type\":\"WebPage\",\"@id\":\"https:\\\/\\\/csunitec.com\\\/es\\\/producto\\\/portamachos-de-alta-resistencia\\\/\",\"url\":\"https:\\\/\\\/csunitec.com\\\/es\\\/producto\\\/portamachos-de-alta-resistencia\\\/\",\"name\":\"Portamachos de alta resistencia - CS Unitec\",\"isPartOf\":{\"@id\":\"https:\\\/\\\/csunitec.com\\\/es\\\/#website\"},\"primaryImageOfPage\":{\"@id\":\"https:\\\/\\\/csunitec.com\\\/es\\\/producto\\\/portamachos-de-alta-resistencia\\\/#primaryimage\"},\"image\":{\"@id\":\"https:\\\/\\\/csunitec.com\\\/es\\\/producto\\\/portamachos-de-alta-resistencia\\\/#primaryimage\"},\"thumbnailUrl\":\"https:\\\/\\\/csunitec.com\\\/wp-content\\\/uploads\\\/2025\\\/01\\\/IMG_Tap-Holder-1.jpg\",\"datePublished\":\"2025-01-08T22:01:04+00:00\",\"dateModified\":\"2026-04-26T20:55:50+00:00\",\"description\":\"Los portamachos de alta resistencia proporcionan una sujeci\u00f3n segura y de alto par de la herramienta para un roscado preciso en acero y metales estructurales. Para MAB 1300, MAB 825 y MAB 845.\",\"breadcrumb\":{\"@id\":\"https:\\\/\\\/csunitec.com\\\/es\\\/producto\\\/portamachos-de-alta-resistencia\\\/#breadcrumb\"},\"inLanguage\":\"es\",\"potentialAction\":[{\"@type\":\"ReadAction\",\"target\":[\"https:\\\/\\\/csunitec.com\\\/es\\\/producto\\\/portamachos-de-alta-resistencia\\\/\"]}]},{\"@type\":\"ImageObject\",\"inLanguage\":\"es\",\"@id\":\"https:\\\/\\\/csunitec.com\\\/es\\\/producto\\\/portamachos-de-alta-resistencia\\\/#primaryimage\",\"url\":\"https:\\\/\\\/csunitec.com\\\/wp-content\\\/uploads\\\/2025\\\/01\\\/IMG_Tap-Holder-1.jpg\",\"contentUrl\":\"https:\\\/\\\/csunitec.com\\\/wp-content\\\/uploads\\\/2025\\\/01\\\/IMG_Tap-Holder-1.jpg\",\"width\":1000,\"height\":1000,\"caption\":\"C\u00c1MARA DIGITAL OLYMPUS\"},{\"@type\":\"BreadcrumbList\",\"@id\":\"https:\\\/\\\/csunitec.com\\\/es\\\/producto\\\/portamachos-de-alta-resistencia\\\/#breadcrumb\",\"itemListElement\":[{\"@type\":\"ListItem\",\"position\":1,\"name\":\"Inicio\",\"item\":\"https:\\\/\\\/csunitec.com\\\/es\\\/\"},{\"@type\":\"ListItem\",\"position\":2,\"name\":\"Tienda\",\"item\":\"https:\\\/\\\/csunitec.com\\\/es\\\/tienda\\\/\"},{\"@type\":\"ListItem\",\"position\":3,\"name\":\"Portamachos de alta resistencia\"}]},{\"@type\":\"WebSite\",\"@id\":\"https:\\\/\\\/csunitec.com\\\/es\\\/#website\",\"url\":\"https:\\\/\\\/csunitec.com\\\/es\\\/\",\"name\":\"CS Unitec\",\"description\":\"\",\"potentialAction\":[{\"@type\":\"SearchAction\",\"target\":{\"@type\":\"EntryPoint\",\"urlTemplate\":\"https:\\\/\\\/csunitec.com\\\/es\\\/?s={search_term_string}\"},\"query-input\":{\"@type\":\"PropertyValueSpecification\",\"valueRequired\":true,\"valueName\":\"search_term_string\"}}],\"inLanguage\":\"es\"}]}<\/script>\n<!-- \/ Yoast SEO plugin. -->","yoast_head_json":{"title":"Portamachos de alta resistencia - CS Unitec","description":"Los portamachos de alta resistencia proporcionan una sujeci\u00f3n segura y de alto par de la herramienta para un roscado preciso en acero y metales estructurales. Para MAB 1300, MAB 825 y MAB 845.","robots":{"index":"index","follow":"follow","max-snippet":"max-snippet:-1","max-image-preview":"max-image-preview:large","max-video-preview":"max-video-preview:-1"},"canonical":"https:\/\/csunitec.com\/es\/producto\/portamachos-de-alta-resistencia\/","og_locale":"es_ES","og_type":"article","og_title":"Portamachos de alta resistencia - CS Unitec","og_description":"Los portamachos de alta resistencia proporcionan una sujeci\u00f3n segura y de alto par de la herramienta para un roscado preciso en acero y metales estructurales. Para MAB 1300, MAB 825 y MAB 845.","og_url":"https:\/\/csunitec.com\/es\/producto\/portamachos-de-alta-resistencia\/","og_site_name":"CS Unitec","article_modified_time":"2026-04-26T20:55:50+00:00","og_image":[{"width":1000,"height":1000,"url":"https:\/\/csunitec.com\/wp-content\/uploads\/2025\/01\/IMG_Tap-Holder-1.jpg","type":"image\/jpeg"}],"twitter_card":"summary_large_image","schema":{"@context":"https:\/\/schema.org","@graph":[{"@type":"WebPage","@id":"https:\/\/csunitec.com\/es\/producto\/portamachos-de-alta-resistencia\/","url":"https:\/\/csunitec.com\/es\/producto\/portamachos-de-alta-resistencia\/","name":"Portamachos de alta resistencia - CS Unitec","isPartOf":{"@id":"https:\/\/csunitec.com\/es\/#website"},"primaryImageOfPage":{"@id":"https:\/\/csunitec.com\/es\/producto\/portamachos-de-alta-resistencia\/#primaryimage"},"image":{"@id":"https:\/\/csunitec.com\/es\/producto\/portamachos-de-alta-resistencia\/#primaryimage"},"thumbnailUrl":"https:\/\/csunitec.com\/wp-content\/uploads\/2025\/01\/IMG_Tap-Holder-1.jpg","datePublished":"2025-01-08T22:01:04+00:00","dateModified":"2026-04-26T20:55:50+00:00","description":"Los portamachos de alta resistencia proporcionan una sujeci\u00f3n segura y de alto par de la herramienta para un roscado preciso en acero y metales estructurales. Para MAB 1300, MAB 825 y MAB 845.","breadcrumb":{"@id":"https:\/\/csunitec.com\/es\/producto\/portamachos-de-alta-resistencia\/#breadcrumb"},"inLanguage":"es","potentialAction":[{"@type":"ReadAction","target":["https:\/\/csunitec.com\/es\/producto\/portamachos-de-alta-resistencia\/"]}]},{"@type":"ImageObject","inLanguage":"es","@id":"https:\/\/csunitec.com\/es\/producto\/portamachos-de-alta-resistencia\/#primaryimage","url":"https:\/\/csunitec.com\/wp-content\/uploads\/2025\/01\/IMG_Tap-Holder-1.jpg","contentUrl":"https:\/\/csunitec.com\/wp-content\/uploads\/2025\/01\/IMG_Tap-Holder-1.jpg","width":1000,"height":1000,"caption":"C\u00c1MARA DIGITAL OLYMPUS"},{"@type":"BreadcrumbList","@id":"https:\/\/csunitec.com\/es\/producto\/portamachos-de-alta-resistencia\/#breadcrumb","itemListElement":[{"@type":"ListItem","position":1,"name":"Inicio","item":"https:\/\/csunitec.com\/es\/"},{"@type":"ListItem","position":2,"name":"Tienda","item":"https:\/\/csunitec.com\/es\/tienda\/"},{"@type":"ListItem","position":3,"name":"Portamachos de alta resistencia"}]},{"@type":"WebSite","@id":"https:\/\/csunitec.com\/es\/#website","url":"https:\/\/csunitec.com\/es\/","name":"CS Unitec","description":"","potentialAction":[{"@type":"SearchAction","target":{"@type":"EntryPoint","urlTemplate":"https:\/\/csunitec.com\/es\/?s={search_term_string}"},"query-input":{"@type":"PropertyValueSpecification","valueRequired":true,"valueName":"search_term_string"}}],"inLanguage":"es"}]}},"_links":{"self":[{"href":"https:\/\/csunitec.com\/es\/wp-json\/wp\/v2\/product\/176430","targetHints":{"allow":["GET"]}}],"collection":[{"href":"https:\/\/csunitec.com\/es\/wp-json\/wp\/v2\/product"}],"about":[{"href":"https:\/\/csunitec.com\/es\/wp-json\/wp\/v2\/types\/product"}],"wp:featuredmedia":[{"embeddable":true,"href":"https:\/\/csunitec.com\/es\/wp-json\/wp\/v2\/media\/176904"}],"wp:attachment":[{"href":"https:\/\/csunitec.com\/es\/wp-json\/wp\/v2\/media?parent=176430"}],"wp:term":[{"taxonomy":"product_brand","embeddable":true,"href":"https:\/\/csunitec.com\/es\/wp-json\/wp\/v2\/product_brand?post=176430"},{"taxonomy":"product_cat","embeddable":true,"href":"https:\/\/csunitec.com\/es\/wp-json\/wp\/v2\/product_cat?post=176430"},{"taxonomy":"product_tag","embeddable":true,"href":"https:\/\/csunitec.com\/es\/wp-json\/wp\/v2\/product_tag?post=176430"},{"taxonomy":"accessory_type","embeddable":true,"href":"https:\/\/csunitec.com\/es\/wp-json\/wp\/v2\/accessory_type?post=176430"},{"taxonomy":"application","embeddable":true,"href":"https:\/\/csunitec.com\/es\/wp-json\/wp\/v2\/application?post=176430"},{"taxonomy":"hand_tool_type","embeddable":true,"href":"https:\/\/csunitec.com\/es\/wp-json\/wp\/v2\/hand_tool_type?post=176430"},{"taxonomy":"industry","embeddable":true,"href":"https:\/\/csunitec.com\/es\/wp-json\/wp\/v2\/industry?post=176430"},{"taxonomy":"material","embeddable":true,"href":"https:\/\/csunitec.com\/es\/wp-json\/wp\/v2\/material?post=176430"},{"taxonomy":"power_tool_type","embeddable":true,"href":"https:\/\/csunitec.com\/es\/wp-json\/wp\/v2\/power_tool_type?post=176430"},{"taxonomy":"power_type","embeddable":true,"href":"https:\/\/csunitec.com\/es\/wp-json\/wp\/v2\/power_type?post=176430"},{"taxonomy":"subcategory","embeddable":true,"href":"https:\/\/csunitec.com\/es\/wp-json\/wp\/v2\/subcategory?post=176430"},{"taxonomy":"tool_type","embeddable":true,"href":"https:\/\/csunitec.com\/es\/wp-json\/wp\/v2\/tool_type?post=176430"}],"curies":[{"name":"wp","href":"https:\/\/api.w.org\/{rel}","templated":true}]}}