{"id":176480,"date":"2024-12-10T17:33:00","date_gmt":"2024-12-10T22:33:00","guid":{"rendered":"https:\/\/stgcsunitec.wpenginepowered.com\/product\/martillo-perforador-neumatico-sds-plus-y-sds-max\/"},"modified":"2026-05-07T21:14:41","modified_gmt":"2026-05-08T01:14:41","slug":"martillo-perforador-neumatico-sds-plus-y-sds-max","status":"publish","type":"product","link":"https:\/\/csunitec.com\/es\/producto\/martillo-perforador-neumatico-sds-plus-y-sds-max\/","title":{"rendered":"Martillo perforador neum\u00e1tico SDS Plus y SDS Max"},"content":{"rendered":"<ul>\n<li>Martillo perforador neum\u00e1tico para taladrar agujeros de anclaje, agujeros para tacos y penetraciones en hormig\u00f3n, bloques y mamposter\u00eda.<\/li>\n<li>Seguro para su uso en entornos peligrosos, inflamables o ricos en vapores, donde las herramientas el\u00e9ctricas suponen un riesgo.<\/li>\n<li>Ideal para perforar en espacios reducidos, mal ventilados o con mucha humedad.<\/li>\n<li>Fiable en condiciones h\u00famedas, corrosivas y expuestas a la sal, donde fallan las herramientas el\u00e9ctricas.<\/li>\n<li>El modelo 2 1266 0010 con portabrocas de engranaje de 1\/2&#8243; es ideal para uso subacu\u00e1tico, y puede utilizarse para taladrar con percusi\u00f3n, pero se convierte en taladro recto para madera y acero.<\/li>\n<li>Todos los dem\u00e1s modelos incluyen modos de perforaci\u00f3n con martillo para ladrillo y mamposter\u00eda, y modos de perforaci\u00f3n rotatoria para acero y madera.<\/li>\n<\/ul>\n","protected":false},"excerpt":{"rendered":"<ul>\n<li>Certificado ATEX para entornos peligrosos<\/li>\n<li>Capacidad de perforaci\u00f3n de hormig\u00f3n: Hasta 2&#8243; (broca maciza &#8211; hormig\u00f3n), Hasta 6&#8243; (broca hueca)<\/li>\n<li>Capacidad para taladrar madera: Hasta 1-1\/4&#8243; (broca espiral)<\/li>\n<li>Velocidad de la broca: Opciones de velocidad variable<\/li>\n<li>Potencia: 0,7 CV (SDS Plus) y 1,6 CV (SDS Max) (a 90 PSI)<\/li>\n<li>Dise\u00f1o subacu\u00e1tico en determinados modelos<\/li>\n<li>El embrague deslizante de seguridad evita la sobrecarga<\/li>\n<\/ul>\n","protected":false},"featured_media":176484,"template":"","meta":[],"product_brand":[],"product_cat":[935,1048],"product_tag":[973,1012,1017],"accessory_type":[],"application":[930],"hand_tool_type":[],"industry":[933,971],"material":[],"power_tool_type":[1011],"power_type":[972],"subcategory":[959,1112],"tool_type":[946],"class_list":{"0":"post-176480","1":"product","2":"type-product","3":"status-publish","4":"has-post-thumbnail","6":"product_cat-taladros","7":"product_cat-herramientas-de-seguridad","8":"product_tag-atex","9":"product_tag-martillos-perforadores-rotativos","10":"product_tag-martillos-perforadores-neumaticos","11":"application-perforacion-y-fijacion-2","12":"industry-metalurgia-2","13":"industry-submarino","14":"power_tool_type-martillo-perforador","15":"power_type-aire","16":"subcategory-martillos-perforadores-rotativos","17":"subcategory-herramientas-de-seguridad","18":"tool_type-herramienta-electrica","20":"first","21":"instock","22":"shipping-taxable","23":"purchasable","24":"product-type-variable"},"yoast_head":"<!-- This site is optimized with the Yoast SEO plugin v27.5 - https:\/\/yoast.com\/product\/yoast-seo-wordpress\/ -->\n<title>Martillo perforador neum\u00e1tico SDS Plus y SDS Max - CS Unitec<\/title>\n<meta name=\"description\" content=\"El martillo perforador neum\u00e1tico proporciona una perforaci\u00f3n neum\u00e1tica potente para hormig\u00f3n, mamposter\u00eda y ladrillo. Dise\u00f1ado para entornos peligrosos y subacu\u00e1ticos.\" \/>\n<meta name=\"robots\" content=\"index, follow, max-snippet:-1, max-image-preview:large, max-video-preview:-1\" \/>\n<link rel=\"canonical\" href=\"https:\/\/csunitec.com\/es\/producto\/martillo-perforador-neumatico-sds-plus-y-sds-max\/\" \/>\n<meta property=\"og:locale\" content=\"es_ES\" \/>\n<meta property=\"og:type\" content=\"article\" \/>\n<meta property=\"og:title\" content=\"Martillo perforador neum\u00e1tico SDS Plus y SDS Max - CS Unitec\" \/>\n<meta property=\"og:description\" content=\"El martillo perforador neum\u00e1tico proporciona una perforaci\u00f3n neum\u00e1tica potente para hormig\u00f3n, mamposter\u00eda y ladrillo. Dise\u00f1ado para entornos peligrosos y subacu\u00e1ticos.\" \/>\n<meta property=\"og:url\" content=\"https:\/\/csunitec.com\/es\/producto\/martillo-perforador-neumatico-sds-plus-y-sds-max\/\" \/>\n<meta property=\"og:site_name\" content=\"CS Unitec\" \/>\n<meta property=\"article:modified_time\" content=\"2026-05-08T01:14:41+00:00\" \/>\n<meta property=\"og:image\" content=\"https:\/\/csunitec.com\/wp-content\/uploads\/2025\/04\/2-2404-0010-Rotary-Hammer-Drill-1-1-2-1.png\" \/>\n\t<meta property=\"og:image:width\" content=\"1000\" \/>\n\t<meta property=\"og:image:height\" content=\"1000\" \/>\n\t<meta property=\"og:image:type\" content=\"image\/png\" \/>\n<meta name=\"twitter:card\" content=\"summary_large_image\" \/>\n<meta name=\"twitter:label1\" content=\"Tiempo de lectura\" \/>\n\t<meta name=\"twitter:data1\" content=\"1 minuto\" \/>\n<script type=\"application\/ld+json\" class=\"yoast-schema-graph\">{\"@context\":\"https:\\\/\\\/schema.org\",\"@graph\":[{\"@type\":\"WebPage\",\"@id\":\"https:\\\/\\\/csunitec.com\\\/es\\\/producto\\\/martillo-perforador-neumatico-sds-plus-y-sds-max\\\/\",\"url\":\"https:\\\/\\\/csunitec.com\\\/es\\\/producto\\\/martillo-perforador-neumatico-sds-plus-y-sds-max\\\/\",\"name\":\"Martillo perforador neum\u00e1tico SDS Plus y SDS Max - CS Unitec\",\"isPartOf\":{\"@id\":\"https:\\\/\\\/csunitec.com\\\/es\\\/#website\"},\"primaryImageOfPage\":{\"@id\":\"https:\\\/\\\/csunitec.com\\\/es\\\/producto\\\/martillo-perforador-neumatico-sds-plus-y-sds-max\\\/#primaryimage\"},\"image\":{\"@id\":\"https:\\\/\\\/csunitec.com\\\/es\\\/producto\\\/martillo-perforador-neumatico-sds-plus-y-sds-max\\\/#primaryimage\"},\"thumbnailUrl\":\"https:\\\/\\\/csunitec.com\\\/wp-content\\\/uploads\\\/2025\\\/04\\\/2-2404-0010-Rotary-Hammer-Drill-1-1-2-1.png\",\"datePublished\":\"2024-12-10T22:33:00+00:00\",\"dateModified\":\"2026-05-08T01:14:41+00:00\",\"description\":\"El martillo perforador neum\u00e1tico proporciona una perforaci\u00f3n neum\u00e1tica potente para hormig\u00f3n, mamposter\u00eda y ladrillo. Dise\u00f1ado para entornos peligrosos y subacu\u00e1ticos.\",\"breadcrumb\":{\"@id\":\"https:\\\/\\\/csunitec.com\\\/es\\\/producto\\\/martillo-perforador-neumatico-sds-plus-y-sds-max\\\/#breadcrumb\"},\"inLanguage\":\"es\",\"potentialAction\":[{\"@type\":\"ReadAction\",\"target\":[\"https:\\\/\\\/csunitec.com\\\/es\\\/producto\\\/martillo-perforador-neumatico-sds-plus-y-sds-max\\\/\"]}]},{\"@type\":\"ImageObject\",\"inLanguage\":\"es\",\"@id\":\"https:\\\/\\\/csunitec.com\\\/es\\\/producto\\\/martillo-perforador-neumatico-sds-plus-y-sds-max\\\/#primaryimage\",\"url\":\"https:\\\/\\\/csunitec.com\\\/wp-content\\\/uploads\\\/2025\\\/04\\\/2-2404-0010-Rotary-Hammer-Drill-1-1-2-1.png\",\"contentUrl\":\"https:\\\/\\\/csunitec.com\\\/wp-content\\\/uploads\\\/2025\\\/04\\\/2-2404-0010-Rotary-Hammer-Drill-1-1-2-1.png\",\"width\":1000,\"height\":1000},{\"@type\":\"BreadcrumbList\",\"@id\":\"https:\\\/\\\/csunitec.com\\\/es\\\/producto\\\/martillo-perforador-neumatico-sds-plus-y-sds-max\\\/#breadcrumb\",\"itemListElement\":[{\"@type\":\"ListItem\",\"position\":1,\"name\":\"Inicio\",\"item\":\"https:\\\/\\\/csunitec.com\\\/es\\\/\"},{\"@type\":\"ListItem\",\"position\":2,\"name\":\"Tienda\",\"item\":\"https:\\\/\\\/csunitec.com\\\/es\\\/tienda\\\/\"},{\"@type\":\"ListItem\",\"position\":3,\"name\":\"Martillo perforador neum\u00e1tico SDS Plus y SDS Max\"}]},{\"@type\":\"WebSite\",\"@id\":\"https:\\\/\\\/csunitec.com\\\/es\\\/#website\",\"url\":\"https:\\\/\\\/csunitec.com\\\/es\\\/\",\"name\":\"CS Unitec\",\"description\":\"\",\"potentialAction\":[{\"@type\":\"SearchAction\",\"target\":{\"@type\":\"EntryPoint\",\"urlTemplate\":\"https:\\\/\\\/csunitec.com\\\/es\\\/?s={search_term_string}\"},\"query-input\":{\"@type\":\"PropertyValueSpecification\",\"valueRequired\":true,\"valueName\":\"search_term_string\"}}],\"inLanguage\":\"es\"}]}<\/script>\n<!-- \/ Yoast SEO plugin. -->","yoast_head_json":{"title":"Martillo perforador neum\u00e1tico SDS Plus y SDS Max - CS Unitec","description":"El martillo perforador neum\u00e1tico proporciona una perforaci\u00f3n neum\u00e1tica potente para hormig\u00f3n, mamposter\u00eda y ladrillo. Dise\u00f1ado para entornos peligrosos y subacu\u00e1ticos.","robots":{"index":"index","follow":"follow","max-snippet":"max-snippet:-1","max-image-preview":"max-image-preview:large","max-video-preview":"max-video-preview:-1"},"canonical":"https:\/\/csunitec.com\/es\/producto\/martillo-perforador-neumatico-sds-plus-y-sds-max\/","og_locale":"es_ES","og_type":"article","og_title":"Martillo perforador neum\u00e1tico SDS Plus y SDS Max - CS Unitec","og_description":"El martillo perforador neum\u00e1tico proporciona una perforaci\u00f3n neum\u00e1tica potente para hormig\u00f3n, mamposter\u00eda y ladrillo. Dise\u00f1ado para entornos peligrosos y subacu\u00e1ticos.","og_url":"https:\/\/csunitec.com\/es\/producto\/martillo-perforador-neumatico-sds-plus-y-sds-max\/","og_site_name":"CS Unitec","article_modified_time":"2026-05-08T01:14:41+00:00","og_image":[{"width":1000,"height":1000,"url":"https:\/\/csunitec.com\/wp-content\/uploads\/2025\/04\/2-2404-0010-Rotary-Hammer-Drill-1-1-2-1.png","type":"image\/png"}],"twitter_card":"summary_large_image","twitter_misc":{"Tiempo de lectura":"1 minuto"},"schema":{"@context":"https:\/\/schema.org","@graph":[{"@type":"WebPage","@id":"https:\/\/csunitec.com\/es\/producto\/martillo-perforador-neumatico-sds-plus-y-sds-max\/","url":"https:\/\/csunitec.com\/es\/producto\/martillo-perforador-neumatico-sds-plus-y-sds-max\/","name":"Martillo perforador neum\u00e1tico SDS Plus y SDS Max - CS Unitec","isPartOf":{"@id":"https:\/\/csunitec.com\/es\/#website"},"primaryImageOfPage":{"@id":"https:\/\/csunitec.com\/es\/producto\/martillo-perforador-neumatico-sds-plus-y-sds-max\/#primaryimage"},"image":{"@id":"https:\/\/csunitec.com\/es\/producto\/martillo-perforador-neumatico-sds-plus-y-sds-max\/#primaryimage"},"thumbnailUrl":"https:\/\/csunitec.com\/wp-content\/uploads\/2025\/04\/2-2404-0010-Rotary-Hammer-Drill-1-1-2-1.png","datePublished":"2024-12-10T22:33:00+00:00","dateModified":"2026-05-08T01:14:41+00:00","description":"El martillo perforador neum\u00e1tico proporciona una perforaci\u00f3n neum\u00e1tica potente para hormig\u00f3n, mamposter\u00eda y ladrillo. Dise\u00f1ado para entornos peligrosos y subacu\u00e1ticos.","breadcrumb":{"@id":"https:\/\/csunitec.com\/es\/producto\/martillo-perforador-neumatico-sds-plus-y-sds-max\/#breadcrumb"},"inLanguage":"es","potentialAction":[{"@type":"ReadAction","target":["https:\/\/csunitec.com\/es\/producto\/martillo-perforador-neumatico-sds-plus-y-sds-max\/"]}]},{"@type":"ImageObject","inLanguage":"es","@id":"https:\/\/csunitec.com\/es\/producto\/martillo-perforador-neumatico-sds-plus-y-sds-max\/#primaryimage","url":"https:\/\/csunitec.com\/wp-content\/uploads\/2025\/04\/2-2404-0010-Rotary-Hammer-Drill-1-1-2-1.png","contentUrl":"https:\/\/csunitec.com\/wp-content\/uploads\/2025\/04\/2-2404-0010-Rotary-Hammer-Drill-1-1-2-1.png","width":1000,"height":1000},{"@type":"BreadcrumbList","@id":"https:\/\/csunitec.com\/es\/producto\/martillo-perforador-neumatico-sds-plus-y-sds-max\/#breadcrumb","itemListElement":[{"@type":"ListItem","position":1,"name":"Inicio","item":"https:\/\/csunitec.com\/es\/"},{"@type":"ListItem","position":2,"name":"Tienda","item":"https:\/\/csunitec.com\/es\/tienda\/"},{"@type":"ListItem","position":3,"name":"Martillo perforador neum\u00e1tico SDS Plus y SDS Max"}]},{"@type":"WebSite","@id":"https:\/\/csunitec.com\/es\/#website","url":"https:\/\/csunitec.com\/es\/","name":"CS Unitec","description":"","potentialAction":[{"@type":"SearchAction","target":{"@type":"EntryPoint","urlTemplate":"https:\/\/csunitec.com\/es\/?s={search_term_string}"},"query-input":{"@type":"PropertyValueSpecification","valueRequired":true,"valueName":"search_term_string"}}],"inLanguage":"es"}]}},"_links":{"self":[{"href":"https:\/\/csunitec.com\/es\/wp-json\/wp\/v2\/product\/176480","targetHints":{"allow":["GET"]}}],"collection":[{"href":"https:\/\/csunitec.com\/es\/wp-json\/wp\/v2\/product"}],"about":[{"href":"https:\/\/csunitec.com\/es\/wp-json\/wp\/v2\/types\/product"}],"wp:featuredmedia":[{"embeddable":true,"href":"https:\/\/csunitec.com\/es\/wp-json\/wp\/v2\/media\/176484"}],"wp:attachment":[{"href":"https:\/\/csunitec.com\/es\/wp-json\/wp\/v2\/media?parent=176480"}],"wp:term":[{"taxonomy":"product_brand","embeddable":true,"href":"https:\/\/csunitec.com\/es\/wp-json\/wp\/v2\/product_brand?post=176480"},{"taxonomy":"product_cat","embeddable":true,"href":"https:\/\/csunitec.com\/es\/wp-json\/wp\/v2\/product_cat?post=176480"},{"taxonomy":"product_tag","embeddable":true,"href":"https:\/\/csunitec.com\/es\/wp-json\/wp\/v2\/product_tag?post=176480"},{"taxonomy":"accessory_type","embeddable":true,"href":"https:\/\/csunitec.com\/es\/wp-json\/wp\/v2\/accessory_type?post=176480"},{"taxonomy":"application","embeddable":true,"href":"https:\/\/csunitec.com\/es\/wp-json\/wp\/v2\/application?post=176480"},{"taxonomy":"hand_tool_type","embeddable":true,"href":"https:\/\/csunitec.com\/es\/wp-json\/wp\/v2\/hand_tool_type?post=176480"},{"taxonomy":"industry","embeddable":true,"href":"https:\/\/csunitec.com\/es\/wp-json\/wp\/v2\/industry?post=176480"},{"taxonomy":"material","embeddable":true,"href":"https:\/\/csunitec.com\/es\/wp-json\/wp\/v2\/material?post=176480"},{"taxonomy":"power_tool_type","embeddable":true,"href":"https:\/\/csunitec.com\/es\/wp-json\/wp\/v2\/power_tool_type?post=176480"},{"taxonomy":"power_type","embeddable":true,"href":"https:\/\/csunitec.com\/es\/wp-json\/wp\/v2\/power_type?post=176480"},{"taxonomy":"subcategory","embeddable":true,"href":"https:\/\/csunitec.com\/es\/wp-json\/wp\/v2\/subcategory?post=176480"},{"taxonomy":"tool_type","embeddable":true,"href":"https:\/\/csunitec.com\/es\/wp-json\/wp\/v2\/tool_type?post=176480"}],"curies":[{"name":"wp","href":"https:\/\/api.w.org\/{rel}","templated":true}]}}