{"id":176518,"date":"2025-01-07T16:55:26","date_gmt":"2025-01-07T16:55:26","guid":{"rendered":"https:\/\/stgcsunitec.wpenginepowered.com\/product\/machos-de-perforacion-2-en-1\/"},"modified":"2026-04-26T16:52:09","modified_gmt":"2026-04-26T20:52:09","slug":"machos-de-perforacion-2-en-1","status":"publish","type":"product","link":"https:\/\/csunitec.com\/es\/producto\/machos-de-perforacion-2-en-1\/","title":{"rendered":"Machos de perforaci\u00f3n 2 en 1"},"content":{"rendered":"<ul>\n<li>Los Machos de Taladrar 2 en 1 son ideales para usar con taladros magn\u00e9ticos port\u00e1tiles, permitiendo a los operarios taladrar y roscar agujeros r\u00e1pidamente en vigas de acero, placas y componentes estructurales.<\/li>\n<li>Admite tareas de taladrado y roscado en entornos exigentes donde la velocidad y la precisi\u00f3n son esenciales.<\/li>\n<li>\u00datil para los t\u00e9cnicos que necesitan crear o restaurar orificios roscados en equipos o estructuras existentes.<\/li>\n<li>Ideal para crear agujeros roscados en vigas en I, canales, placas y ensamblajes estructurales.<\/li>\n<li>De uso com\u00fan en la construcci\u00f3n, la construcci\u00f3n de puentes y el montaje de acero.<\/li>\n<\/ul>\n","protected":false},"excerpt":{"rendered":"<ul>\n<li>Taladra y rosca agujeros en una sola operaci\u00f3n r\u00e1pida y eficaz<\/li>\n<li>Produce roscas UNC limpias y precisas en una sola pasada<\/li>\n<li>Dise\u00f1ado para taladros magn\u00e9ticos y aplicaciones de acero estructural<\/li>\n<li>Reduce el tiempo de cambio de herramientas y aumenta la productividad in situ<\/li>\n<\/ul>\n","protected":false},"featured_media":15497,"template":"","meta":[],"product_brand":[],"product_cat":[935],"product_tag":[937,1018],"accessory_type":[927],"application":[930],"hand_tool_type":[],"industry":[933],"material":[],"power_tool_type":[],"power_type":[],"subcategory":[940],"tool_type":[943],"class_list":{"0":"post-176518","1":"product","2":"type-product","3":"status-publish","4":"has-post-thumbnail","6":"product_cat-taladros","7":"product_tag-accesorios-para-taladros-magneticos","8":"product_tag-machos-de-taladrar-magneticos","9":"accessory_type-accesorio","10":"application-perforacion-y-fijacion-2","11":"industry-metalurgia-2","12":"subcategory-taladros-magneticos","13":"tool_type-accesorio","15":"first","16":"instock","17":"shipping-taxable","18":"purchasable","19":"product-type-variable"},"yoast_head":"<!-- This site is optimized with the Yoast SEO plugin v27.5 - https:\/\/yoast.com\/product\/yoast-seo-wordpress\/ -->\n<title>Machos de perforaci\u00f3n 2 en 1 - CS Unitec<\/title>\n<meta name=\"description\" content=\"Los machos de roscar 2 en 1 combinan el taladrado y el roscado en una sola operaci\u00f3n eficaz para un roscado m\u00e1s r\u00e1pido y preciso en acero y metales estructurales.\" \/>\n<meta name=\"robots\" content=\"index, follow, max-snippet:-1, max-image-preview:large, max-video-preview:-1\" \/>\n<link rel=\"canonical\" href=\"https:\/\/csunitec.com\/es\/producto\/machos-de-perforacion-2-en-1\/\" \/>\n<meta property=\"og:locale\" content=\"es_ES\" \/>\n<meta property=\"og:type\" content=\"article\" \/>\n<meta property=\"og:title\" content=\"Machos de perforaci\u00f3n 2 en 1 - CS Unitec\" \/>\n<meta property=\"og:description\" content=\"Los machos de roscar 2 en 1 combinan el taladrado y el roscado en una sola operaci\u00f3n eficaz para un roscado m\u00e1s r\u00e1pido y preciso en acero y metales estructurales.\" \/>\n<meta property=\"og:url\" content=\"https:\/\/csunitec.com\/es\/producto\/machos-de-perforacion-2-en-1\/\" \/>\n<meta property=\"og:site_name\" content=\"CS Unitec\" \/>\n<meta property=\"article:modified_time\" content=\"2026-04-26T20:52:09+00:00\" \/>\n<meta property=\"og:image\" content=\"https:\/\/csunitec.com\/wp-content\/uploads\/2025\/03\/2-in-1-Drill-Taps-1-2.png\" \/>\n\t<meta property=\"og:image:width\" content=\"1000\" \/>\n\t<meta property=\"og:image:height\" content=\"1000\" \/>\n\t<meta property=\"og:image:type\" content=\"image\/png\" \/>\n<meta name=\"twitter:card\" content=\"summary_large_image\" \/>\n<meta name=\"twitter:label1\" content=\"Tiempo de lectura\" \/>\n\t<meta name=\"twitter:data1\" content=\"1 minuto\" \/>\n<script type=\"application\/ld+json\" class=\"yoast-schema-graph\">{\"@context\":\"https:\\\/\\\/schema.org\",\"@graph\":[{\"@type\":\"WebPage\",\"@id\":\"https:\\\/\\\/csunitec.com\\\/es\\\/producto\\\/machos-de-perforacion-2-en-1\\\/\",\"url\":\"https:\\\/\\\/csunitec.com\\\/es\\\/producto\\\/machos-de-perforacion-2-en-1\\\/\",\"name\":\"Machos de perforaci\u00f3n 2 en 1 - CS Unitec\",\"isPartOf\":{\"@id\":\"https:\\\/\\\/csunitec.com\\\/es\\\/#website\"},\"primaryImageOfPage\":{\"@id\":\"https:\\\/\\\/csunitec.com\\\/es\\\/producto\\\/machos-de-perforacion-2-en-1\\\/#primaryimage\"},\"image\":{\"@id\":\"https:\\\/\\\/csunitec.com\\\/es\\\/producto\\\/machos-de-perforacion-2-en-1\\\/#primaryimage\"},\"thumbnailUrl\":\"https:\\\/\\\/csunitec.com\\\/wp-content\\\/uploads\\\/2025\\\/03\\\/2-in-1-Drill-Taps-1-2.png\",\"datePublished\":\"2025-01-07T16:55:26+00:00\",\"dateModified\":\"2026-04-26T20:52:09+00:00\",\"description\":\"Los machos de roscar 2 en 1 combinan el taladrado y el roscado en una sola operaci\u00f3n eficaz para un roscado m\u00e1s r\u00e1pido y preciso en acero y metales estructurales.\",\"breadcrumb\":{\"@id\":\"https:\\\/\\\/csunitec.com\\\/es\\\/producto\\\/machos-de-perforacion-2-en-1\\\/#breadcrumb\"},\"inLanguage\":\"es\",\"potentialAction\":[{\"@type\":\"ReadAction\",\"target\":[\"https:\\\/\\\/csunitec.com\\\/es\\\/producto\\\/machos-de-perforacion-2-en-1\\\/\"]}]},{\"@type\":\"ImageObject\",\"inLanguage\":\"es\",\"@id\":\"https:\\\/\\\/csunitec.com\\\/es\\\/producto\\\/machos-de-perforacion-2-en-1\\\/#primaryimage\",\"url\":\"https:\\\/\\\/csunitec.com\\\/wp-content\\\/uploads\\\/2025\\\/03\\\/2-in-1-Drill-Taps-1-2.png\",\"contentUrl\":\"https:\\\/\\\/csunitec.com\\\/wp-content\\\/uploads\\\/2025\\\/03\\\/2-in-1-Drill-Taps-1-2.png\",\"width\":1000,\"height\":1000},{\"@type\":\"BreadcrumbList\",\"@id\":\"https:\\\/\\\/csunitec.com\\\/es\\\/producto\\\/machos-de-perforacion-2-en-1\\\/#breadcrumb\",\"itemListElement\":[{\"@type\":\"ListItem\",\"position\":1,\"name\":\"Inicio\",\"item\":\"https:\\\/\\\/csunitec.com\\\/es\\\/\"},{\"@type\":\"ListItem\",\"position\":2,\"name\":\"Tienda\",\"item\":\"https:\\\/\\\/csunitec.com\\\/es\\\/tienda\\\/\"},{\"@type\":\"ListItem\",\"position\":3,\"name\":\"Machos de perforaci\u00f3n 2 en 1\"}]},{\"@type\":\"WebSite\",\"@id\":\"https:\\\/\\\/csunitec.com\\\/es\\\/#website\",\"url\":\"https:\\\/\\\/csunitec.com\\\/es\\\/\",\"name\":\"CS Unitec\",\"description\":\"\",\"potentialAction\":[{\"@type\":\"SearchAction\",\"target\":{\"@type\":\"EntryPoint\",\"urlTemplate\":\"https:\\\/\\\/csunitec.com\\\/es\\\/?s={search_term_string}\"},\"query-input\":{\"@type\":\"PropertyValueSpecification\",\"valueRequired\":true,\"valueName\":\"search_term_string\"}}],\"inLanguage\":\"es\"}]}<\/script>\n<!-- \/ Yoast SEO plugin. -->","yoast_head_json":{"title":"Machos de perforaci\u00f3n 2 en 1 - CS Unitec","description":"Los machos de roscar 2 en 1 combinan el taladrado y el roscado en una sola operaci\u00f3n eficaz para un roscado m\u00e1s r\u00e1pido y preciso en acero y metales estructurales.","robots":{"index":"index","follow":"follow","max-snippet":"max-snippet:-1","max-image-preview":"max-image-preview:large","max-video-preview":"max-video-preview:-1"},"canonical":"https:\/\/csunitec.com\/es\/producto\/machos-de-perforacion-2-en-1\/","og_locale":"es_ES","og_type":"article","og_title":"Machos de perforaci\u00f3n 2 en 1 - CS Unitec","og_description":"Los machos de roscar 2 en 1 combinan el taladrado y el roscado en una sola operaci\u00f3n eficaz para un roscado m\u00e1s r\u00e1pido y preciso en acero y metales estructurales.","og_url":"https:\/\/csunitec.com\/es\/producto\/machos-de-perforacion-2-en-1\/","og_site_name":"CS Unitec","article_modified_time":"2026-04-26T20:52:09+00:00","og_image":[{"width":1000,"height":1000,"url":"https:\/\/csunitec.com\/wp-content\/uploads\/2025\/03\/2-in-1-Drill-Taps-1-2.png","type":"image\/png"}],"twitter_card":"summary_large_image","twitter_misc":{"Tiempo de lectura":"1 minuto"},"schema":{"@context":"https:\/\/schema.org","@graph":[{"@type":"WebPage","@id":"https:\/\/csunitec.com\/es\/producto\/machos-de-perforacion-2-en-1\/","url":"https:\/\/csunitec.com\/es\/producto\/machos-de-perforacion-2-en-1\/","name":"Machos de perforaci\u00f3n 2 en 1 - CS Unitec","isPartOf":{"@id":"https:\/\/csunitec.com\/es\/#website"},"primaryImageOfPage":{"@id":"https:\/\/csunitec.com\/es\/producto\/machos-de-perforacion-2-en-1\/#primaryimage"},"image":{"@id":"https:\/\/csunitec.com\/es\/producto\/machos-de-perforacion-2-en-1\/#primaryimage"},"thumbnailUrl":"https:\/\/csunitec.com\/wp-content\/uploads\/2025\/03\/2-in-1-Drill-Taps-1-2.png","datePublished":"2025-01-07T16:55:26+00:00","dateModified":"2026-04-26T20:52:09+00:00","description":"Los machos de roscar 2 en 1 combinan el taladrado y el roscado en una sola operaci\u00f3n eficaz para un roscado m\u00e1s r\u00e1pido y preciso en acero y metales estructurales.","breadcrumb":{"@id":"https:\/\/csunitec.com\/es\/producto\/machos-de-perforacion-2-en-1\/#breadcrumb"},"inLanguage":"es","potentialAction":[{"@type":"ReadAction","target":["https:\/\/csunitec.com\/es\/producto\/machos-de-perforacion-2-en-1\/"]}]},{"@type":"ImageObject","inLanguage":"es","@id":"https:\/\/csunitec.com\/es\/producto\/machos-de-perforacion-2-en-1\/#primaryimage","url":"https:\/\/csunitec.com\/wp-content\/uploads\/2025\/03\/2-in-1-Drill-Taps-1-2.png","contentUrl":"https:\/\/csunitec.com\/wp-content\/uploads\/2025\/03\/2-in-1-Drill-Taps-1-2.png","width":1000,"height":1000},{"@type":"BreadcrumbList","@id":"https:\/\/csunitec.com\/es\/producto\/machos-de-perforacion-2-en-1\/#breadcrumb","itemListElement":[{"@type":"ListItem","position":1,"name":"Inicio","item":"https:\/\/csunitec.com\/es\/"},{"@type":"ListItem","position":2,"name":"Tienda","item":"https:\/\/csunitec.com\/es\/tienda\/"},{"@type":"ListItem","position":3,"name":"Machos de perforaci\u00f3n 2 en 1"}]},{"@type":"WebSite","@id":"https:\/\/csunitec.com\/es\/#website","url":"https:\/\/csunitec.com\/es\/","name":"CS Unitec","description":"","potentialAction":[{"@type":"SearchAction","target":{"@type":"EntryPoint","urlTemplate":"https:\/\/csunitec.com\/es\/?s={search_term_string}"},"query-input":{"@type":"PropertyValueSpecification","valueRequired":true,"valueName":"search_term_string"}}],"inLanguage":"es"}]}},"_links":{"self":[{"href":"https:\/\/csunitec.com\/es\/wp-json\/wp\/v2\/product\/176518","targetHints":{"allow":["GET"]}}],"collection":[{"href":"https:\/\/csunitec.com\/es\/wp-json\/wp\/v2\/product"}],"about":[{"href":"https:\/\/csunitec.com\/es\/wp-json\/wp\/v2\/types\/product"}],"wp:featuredmedia":[{"embeddable":true,"href":"https:\/\/csunitec.com\/es\/wp-json\/wp\/v2\/media\/15497"}],"wp:attachment":[{"href":"https:\/\/csunitec.com\/es\/wp-json\/wp\/v2\/media?parent=176518"}],"wp:term":[{"taxonomy":"product_brand","embeddable":true,"href":"https:\/\/csunitec.com\/es\/wp-json\/wp\/v2\/product_brand?post=176518"},{"taxonomy":"product_cat","embeddable":true,"href":"https:\/\/csunitec.com\/es\/wp-json\/wp\/v2\/product_cat?post=176518"},{"taxonomy":"product_tag","embeddable":true,"href":"https:\/\/csunitec.com\/es\/wp-json\/wp\/v2\/product_tag?post=176518"},{"taxonomy":"accessory_type","embeddable":true,"href":"https:\/\/csunitec.com\/es\/wp-json\/wp\/v2\/accessory_type?post=176518"},{"taxonomy":"application","embeddable":true,"href":"https:\/\/csunitec.com\/es\/wp-json\/wp\/v2\/application?post=176518"},{"taxonomy":"hand_tool_type","embeddable":true,"href":"https:\/\/csunitec.com\/es\/wp-json\/wp\/v2\/hand_tool_type?post=176518"},{"taxonomy":"industry","embeddable":true,"href":"https:\/\/csunitec.com\/es\/wp-json\/wp\/v2\/industry?post=176518"},{"taxonomy":"material","embeddable":true,"href":"https:\/\/csunitec.com\/es\/wp-json\/wp\/v2\/material?post=176518"},{"taxonomy":"power_tool_type","embeddable":true,"href":"https:\/\/csunitec.com\/es\/wp-json\/wp\/v2\/power_tool_type?post=176518"},{"taxonomy":"power_type","embeddable":true,"href":"https:\/\/csunitec.com\/es\/wp-json\/wp\/v2\/power_type?post=176518"},{"taxonomy":"subcategory","embeddable":true,"href":"https:\/\/csunitec.com\/es\/wp-json\/wp\/v2\/subcategory?post=176518"},{"taxonomy":"tool_type","embeddable":true,"href":"https:\/\/csunitec.com\/es\/wp-json\/wp\/v2\/tool_type?post=176518"}],"curies":[{"name":"wp","href":"https:\/\/api.w.org\/{rel}","templated":true}]}}