{"id":176526,"date":"2025-01-07T18:02:16","date_gmt":"2025-01-07T18:02:16","guid":{"rendered":"https:\/\/stgcsunitec.wpenginepowered.com\/product\/dispositivos-magneticos-de-sujecion-de-brocas\/"},"modified":"2026-04-26T16:56:10","modified_gmt":"2026-04-26T20:56:10","slug":"dispositivos-magneticos-de-sujecion-de-brocas","status":"publish","type":"product","link":"https:\/\/csunitec.com\/es\/producto\/dispositivos-magneticos-de-sujecion-de-brocas\/","title":{"rendered":"Dispositivos magn\u00e9ticos de sujeci\u00f3n de brocas"},"content":{"rendered":"<ul>\n<li>Dispositivos de Sujeci\u00f3n de Taladradoras Magn\u00e9ticas: El nuevo sistema de sujeci\u00f3n MOBIL CLAMP permite convertir una taladradora magn\u00e9tica en una taladradora de banco.<\/li>\n<li>Ampl\u00eda las aplicaciones que puede realizar el taladro magn\u00e9tico port\u00e1til. Ideal para piezas que antes s\u00f3lo se pod\u00edan taladrar en el taller, ahora se pueden mecanizar in situ.<\/li>\n<li>MOBIL CLAMP permite taladrar, avellanar, escariar o roscar piezas peque\u00f1as, ya que \u00e9stas se pueden montar en los dispositivos magn\u00e9ticos de sujeci\u00f3n r\u00e1pida de brocas.<\/li>\n<\/ul>\n<p><strong>Soportes y tornillos de banco para taladradoras manuales<\/strong><\/p>\n<ul>\n<li>Pilares de perforaci\u00f3n industriales para taladradoras manuales comerciales con di\u00e1metro del gorr\u00f3n del portabrocas de 43 mm.<\/li>\n<li>\u00d3ptima estabilidad gracias a la placa base de fundici\u00f3n combinada con un pilar superior de la serie MAB, creando una usabilidad vers\u00e1til mediante un tornillo de banco para taladrar con una anchura de mordaza de 100 mm (4&#8243;) (accesorios especiales).\n<ul>\n<li>Hay tornillos para ranuras disponibles para mayor seguridad bajo cargas m\u00e1s elevadas (accesorios especiales).<\/li>\n<\/ul>\n<\/li>\n<li>Carrera de trabajo 7&#8243; (180 mm)<\/li>\n<\/ul>\n","protected":false},"excerpt":{"rendered":"<ul>\n<li>Un verdadero avance en la tecnolog\u00eda de taladrado magn\u00e9tico: El nuevo sistema de sujeci\u00f3n MOBIL CLAMP permite convertir una taladradora magn\u00e9tica en una taladradora de banco.<\/li>\n<li>Soportes y pilares de perforaci\u00f3n tambi\u00e9n disponibles<\/li>\n<\/ul>\n","protected":false},"featured_media":15502,"template":"","meta":[],"product_brand":[],"product_cat":[935],"product_tag":[937,1019],"accessory_type":[927],"application":[930],"hand_tool_type":[],"industry":[933],"material":[],"power_tool_type":[],"power_type":[],"subcategory":[940],"tool_type":[943],"class_list":{"0":"post-176526","1":"product","2":"type-product","3":"status-publish","4":"has-post-thumbnail","6":"product_cat-taladros","7":"product_tag-accesorios-para-taladros-magneticos","8":"product_tag-mordazas-magneticas","9":"accessory_type-accesorio","10":"application-perforacion-y-fijacion-2","11":"industry-metalurgia-2","12":"subcategory-taladros-magneticos","13":"tool_type-accesorio","15":"first","16":"instock","17":"shipping-taxable","18":"purchasable","19":"product-type-variable"},"yoast_head":"<!-- This site is optimized with the Yoast SEO plugin v27.5 - https:\/\/yoast.com\/product\/yoast-seo-wordpress\/ -->\n<title>Dispositivos magn\u00e9ticos de sujeci\u00f3n de brocas - CS Unitec<\/title>\n<meta name=\"description\" content=\"Los dispositivos magn\u00e9ticos de sujeci\u00f3n de brocas proporcionan una sujeci\u00f3n segura y estable de las piezas de trabajo y el equipo de taladrado para garantizar operaciones de mecanizado de metales precisas y seguras.\" \/>\n<meta name=\"robots\" content=\"index, follow, max-snippet:-1, max-image-preview:large, max-video-preview:-1\" \/>\n<link rel=\"canonical\" href=\"https:\/\/csunitec.com\/es\/producto\/dispositivos-magneticos-de-sujecion-de-brocas\/\" \/>\n<meta property=\"og:locale\" content=\"es_ES\" \/>\n<meta property=\"og:type\" content=\"article\" \/>\n<meta property=\"og:title\" content=\"Dispositivos magn\u00e9ticos de sujeci\u00f3n de brocas - CS Unitec\" \/>\n<meta property=\"og:description\" content=\"Los dispositivos magn\u00e9ticos de sujeci\u00f3n de brocas proporcionan una sujeci\u00f3n segura y estable de las piezas de trabajo y el equipo de taladrado para garantizar operaciones de mecanizado de metales precisas y seguras.\" \/>\n<meta property=\"og:url\" content=\"https:\/\/csunitec.com\/es\/producto\/dispositivos-magneticos-de-sujecion-de-brocas\/\" \/>\n<meta property=\"og:site_name\" content=\"CS Unitec\" \/>\n<meta property=\"article:modified_time\" content=\"2026-04-26T20:56:10+00:00\" \/>\n<meta property=\"og:image\" content=\"https:\/\/csunitec.com\/wp-content\/uploads\/2025\/03\/Mobil-Clamp-3.png\" \/>\n\t<meta property=\"og:image:width\" content=\"1000\" \/>\n\t<meta property=\"og:image:height\" content=\"1000\" \/>\n\t<meta property=\"og:image:type\" content=\"image\/png\" \/>\n<meta name=\"twitter:card\" content=\"summary_large_image\" \/>\n<meta name=\"twitter:label1\" content=\"Tiempo de lectura\" \/>\n\t<meta name=\"twitter:data1\" content=\"1 minuto\" \/>\n<script type=\"application\/ld+json\" class=\"yoast-schema-graph\">{\"@context\":\"https:\\\/\\\/schema.org\",\"@graph\":[{\"@type\":\"WebPage\",\"@id\":\"https:\\\/\\\/csunitec.com\\\/es\\\/producto\\\/dispositivos-magneticos-de-sujecion-de-brocas\\\/\",\"url\":\"https:\\\/\\\/csunitec.com\\\/es\\\/producto\\\/dispositivos-magneticos-de-sujecion-de-brocas\\\/\",\"name\":\"Dispositivos magn\u00e9ticos de sujeci\u00f3n de brocas - CS Unitec\",\"isPartOf\":{\"@id\":\"https:\\\/\\\/csunitec.com\\\/es\\\/#website\"},\"primaryImageOfPage\":{\"@id\":\"https:\\\/\\\/csunitec.com\\\/es\\\/producto\\\/dispositivos-magneticos-de-sujecion-de-brocas\\\/#primaryimage\"},\"image\":{\"@id\":\"https:\\\/\\\/csunitec.com\\\/es\\\/producto\\\/dispositivos-magneticos-de-sujecion-de-brocas\\\/#primaryimage\"},\"thumbnailUrl\":\"https:\\\/\\\/csunitec.com\\\/wp-content\\\/uploads\\\/2025\\\/03\\\/Mobil-Clamp-3.png\",\"datePublished\":\"2025-01-07T18:02:16+00:00\",\"dateModified\":\"2026-04-26T20:56:10+00:00\",\"description\":\"Los dispositivos magn\u00e9ticos de sujeci\u00f3n de brocas proporcionan una sujeci\u00f3n segura y estable de las piezas de trabajo y el equipo de taladrado para garantizar operaciones de mecanizado de metales precisas y seguras.\",\"breadcrumb\":{\"@id\":\"https:\\\/\\\/csunitec.com\\\/es\\\/producto\\\/dispositivos-magneticos-de-sujecion-de-brocas\\\/#breadcrumb\"},\"inLanguage\":\"es\",\"potentialAction\":[{\"@type\":\"ReadAction\",\"target\":[\"https:\\\/\\\/csunitec.com\\\/es\\\/producto\\\/dispositivos-magneticos-de-sujecion-de-brocas\\\/\"]}]},{\"@type\":\"ImageObject\",\"inLanguage\":\"es\",\"@id\":\"https:\\\/\\\/csunitec.com\\\/es\\\/producto\\\/dispositivos-magneticos-de-sujecion-de-brocas\\\/#primaryimage\",\"url\":\"https:\\\/\\\/csunitec.com\\\/wp-content\\\/uploads\\\/2025\\\/03\\\/Mobil-Clamp-3.png\",\"contentUrl\":\"https:\\\/\\\/csunitec.com\\\/wp-content\\\/uploads\\\/2025\\\/03\\\/Mobil-Clamp-3.png\",\"width\":1000,\"height\":1000},{\"@type\":\"BreadcrumbList\",\"@id\":\"https:\\\/\\\/csunitec.com\\\/es\\\/producto\\\/dispositivos-magneticos-de-sujecion-de-brocas\\\/#breadcrumb\",\"itemListElement\":[{\"@type\":\"ListItem\",\"position\":1,\"name\":\"Inicio\",\"item\":\"https:\\\/\\\/csunitec.com\\\/es\\\/\"},{\"@type\":\"ListItem\",\"position\":2,\"name\":\"Tienda\",\"item\":\"https:\\\/\\\/csunitec.com\\\/es\\\/tienda\\\/\"},{\"@type\":\"ListItem\",\"position\":3,\"name\":\"Dispositivos magn\u00e9ticos de sujeci\u00f3n de brocas\"}]},{\"@type\":\"WebSite\",\"@id\":\"https:\\\/\\\/csunitec.com\\\/es\\\/#website\",\"url\":\"https:\\\/\\\/csunitec.com\\\/es\\\/\",\"name\":\"CS Unitec\",\"description\":\"\",\"potentialAction\":[{\"@type\":\"SearchAction\",\"target\":{\"@type\":\"EntryPoint\",\"urlTemplate\":\"https:\\\/\\\/csunitec.com\\\/es\\\/?s={search_term_string}\"},\"query-input\":{\"@type\":\"PropertyValueSpecification\",\"valueRequired\":true,\"valueName\":\"search_term_string\"}}],\"inLanguage\":\"es\"}]}<\/script>\n<!-- \/ Yoast SEO plugin. -->","yoast_head_json":{"title":"Dispositivos magn\u00e9ticos de sujeci\u00f3n de brocas - CS Unitec","description":"Los dispositivos magn\u00e9ticos de sujeci\u00f3n de brocas proporcionan una sujeci\u00f3n segura y estable de las piezas de trabajo y el equipo de taladrado para garantizar operaciones de mecanizado de metales precisas y seguras.","robots":{"index":"index","follow":"follow","max-snippet":"max-snippet:-1","max-image-preview":"max-image-preview:large","max-video-preview":"max-video-preview:-1"},"canonical":"https:\/\/csunitec.com\/es\/producto\/dispositivos-magneticos-de-sujecion-de-brocas\/","og_locale":"es_ES","og_type":"article","og_title":"Dispositivos magn\u00e9ticos de sujeci\u00f3n de brocas - CS Unitec","og_description":"Los dispositivos magn\u00e9ticos de sujeci\u00f3n de brocas proporcionan una sujeci\u00f3n segura y estable de las piezas de trabajo y el equipo de taladrado para garantizar operaciones de mecanizado de metales precisas y seguras.","og_url":"https:\/\/csunitec.com\/es\/producto\/dispositivos-magneticos-de-sujecion-de-brocas\/","og_site_name":"CS Unitec","article_modified_time":"2026-04-26T20:56:10+00:00","og_image":[{"width":1000,"height":1000,"url":"https:\/\/csunitec.com\/wp-content\/uploads\/2025\/03\/Mobil-Clamp-3.png","type":"image\/png"}],"twitter_card":"summary_large_image","twitter_misc":{"Tiempo de lectura":"1 minuto"},"schema":{"@context":"https:\/\/schema.org","@graph":[{"@type":"WebPage","@id":"https:\/\/csunitec.com\/es\/producto\/dispositivos-magneticos-de-sujecion-de-brocas\/","url":"https:\/\/csunitec.com\/es\/producto\/dispositivos-magneticos-de-sujecion-de-brocas\/","name":"Dispositivos magn\u00e9ticos de sujeci\u00f3n de brocas - CS Unitec","isPartOf":{"@id":"https:\/\/csunitec.com\/es\/#website"},"primaryImageOfPage":{"@id":"https:\/\/csunitec.com\/es\/producto\/dispositivos-magneticos-de-sujecion-de-brocas\/#primaryimage"},"image":{"@id":"https:\/\/csunitec.com\/es\/producto\/dispositivos-magneticos-de-sujecion-de-brocas\/#primaryimage"},"thumbnailUrl":"https:\/\/csunitec.com\/wp-content\/uploads\/2025\/03\/Mobil-Clamp-3.png","datePublished":"2025-01-07T18:02:16+00:00","dateModified":"2026-04-26T20:56:10+00:00","description":"Los dispositivos magn\u00e9ticos de sujeci\u00f3n de brocas proporcionan una sujeci\u00f3n segura y estable de las piezas de trabajo y el equipo de taladrado para garantizar operaciones de mecanizado de metales precisas y seguras.","breadcrumb":{"@id":"https:\/\/csunitec.com\/es\/producto\/dispositivos-magneticos-de-sujecion-de-brocas\/#breadcrumb"},"inLanguage":"es","potentialAction":[{"@type":"ReadAction","target":["https:\/\/csunitec.com\/es\/producto\/dispositivos-magneticos-de-sujecion-de-brocas\/"]}]},{"@type":"ImageObject","inLanguage":"es","@id":"https:\/\/csunitec.com\/es\/producto\/dispositivos-magneticos-de-sujecion-de-brocas\/#primaryimage","url":"https:\/\/csunitec.com\/wp-content\/uploads\/2025\/03\/Mobil-Clamp-3.png","contentUrl":"https:\/\/csunitec.com\/wp-content\/uploads\/2025\/03\/Mobil-Clamp-3.png","width":1000,"height":1000},{"@type":"BreadcrumbList","@id":"https:\/\/csunitec.com\/es\/producto\/dispositivos-magneticos-de-sujecion-de-brocas\/#breadcrumb","itemListElement":[{"@type":"ListItem","position":1,"name":"Inicio","item":"https:\/\/csunitec.com\/es\/"},{"@type":"ListItem","position":2,"name":"Tienda","item":"https:\/\/csunitec.com\/es\/tienda\/"},{"@type":"ListItem","position":3,"name":"Dispositivos magn\u00e9ticos de sujeci\u00f3n de brocas"}]},{"@type":"WebSite","@id":"https:\/\/csunitec.com\/es\/#website","url":"https:\/\/csunitec.com\/es\/","name":"CS Unitec","description":"","potentialAction":[{"@type":"SearchAction","target":{"@type":"EntryPoint","urlTemplate":"https:\/\/csunitec.com\/es\/?s={search_term_string}"},"query-input":{"@type":"PropertyValueSpecification","valueRequired":true,"valueName":"search_term_string"}}],"inLanguage":"es"}]}},"_links":{"self":[{"href":"https:\/\/csunitec.com\/es\/wp-json\/wp\/v2\/product\/176526","targetHints":{"allow":["GET"]}}],"collection":[{"href":"https:\/\/csunitec.com\/es\/wp-json\/wp\/v2\/product"}],"about":[{"href":"https:\/\/csunitec.com\/es\/wp-json\/wp\/v2\/types\/product"}],"wp:featuredmedia":[{"embeddable":true,"href":"https:\/\/csunitec.com\/es\/wp-json\/wp\/v2\/media\/15502"}],"wp:attachment":[{"href":"https:\/\/csunitec.com\/es\/wp-json\/wp\/v2\/media?parent=176526"}],"wp:term":[{"taxonomy":"product_brand","embeddable":true,"href":"https:\/\/csunitec.com\/es\/wp-json\/wp\/v2\/product_brand?post=176526"},{"taxonomy":"product_cat","embeddable":true,"href":"https:\/\/csunitec.com\/es\/wp-json\/wp\/v2\/product_cat?post=176526"},{"taxonomy":"product_tag","embeddable":true,"href":"https:\/\/csunitec.com\/es\/wp-json\/wp\/v2\/product_tag?post=176526"},{"taxonomy":"accessory_type","embeddable":true,"href":"https:\/\/csunitec.com\/es\/wp-json\/wp\/v2\/accessory_type?post=176526"},{"taxonomy":"application","embeddable":true,"href":"https:\/\/csunitec.com\/es\/wp-json\/wp\/v2\/application?post=176526"},{"taxonomy":"hand_tool_type","embeddable":true,"href":"https:\/\/csunitec.com\/es\/wp-json\/wp\/v2\/hand_tool_type?post=176526"},{"taxonomy":"industry","embeddable":true,"href":"https:\/\/csunitec.com\/es\/wp-json\/wp\/v2\/industry?post=176526"},{"taxonomy":"material","embeddable":true,"href":"https:\/\/csunitec.com\/es\/wp-json\/wp\/v2\/material?post=176526"},{"taxonomy":"power_tool_type","embeddable":true,"href":"https:\/\/csunitec.com\/es\/wp-json\/wp\/v2\/power_tool_type?post=176526"},{"taxonomy":"power_type","embeddable":true,"href":"https:\/\/csunitec.com\/es\/wp-json\/wp\/v2\/power_type?post=176526"},{"taxonomy":"subcategory","embeddable":true,"href":"https:\/\/csunitec.com\/es\/wp-json\/wp\/v2\/subcategory?post=176526"},{"taxonomy":"tool_type","embeddable":true,"href":"https:\/\/csunitec.com\/es\/wp-json\/wp\/v2\/tool_type?post=176526"}],"curies":[{"name":"wp","href":"https:\/\/api.w.org\/{rel}","templated":true}]}}