{"id":176574,"date":"2025-01-23T16:23:13","date_gmt":"2025-01-23T16:23:13","guid":{"rendered":"https:\/\/stgcsunitec.wpenginepowered.com\/product\/brocas-sds-plus\/"},"modified":"2026-04-26T16:51:58","modified_gmt":"2026-04-26T20:51:58","slug":"brocas-sds-plus","status":"publish","type":"product","link":"https:\/\/csunitec.com\/es\/producto\/brocas-sds-plus\/","title":{"rendered":"Brocas SDS Plus"},"content":{"rendered":"<ul>\n<li>Brocas SDS Plus ideales para taladrar agujeros de anclaje, agujeros para tacos, penetraciones y puntos de fijaci\u00f3n en hormig\u00f3n, bloques y ladrillos.<\/li>\n<li>Se utiliza en almacenes, plantas, edificios comerciales e instalaciones de hormig\u00f3n estructural.<\/li>\n<li>Perforaci\u00f3n para el tendido de cables, penetraciones de servicios p\u00fablicos y puntos de anclaje en puentes, t\u00faneles y b\u00f3vedas de servicios p\u00fablicos.<\/li>\n<li>Crear orificios de montaje para maquinaria, soportes y fijaciones estructurales.<\/li>\n<\/ul>\n","protected":false},"excerpt":{"rendered":"<ul>\n<li>Para utilizar en nuestros martillos perforadores neum\u00e1ticos e hidr\u00e1ulicos<\/li>\n<li>Mayor duraci\u00f3n de la perforaci\u00f3n<\/li>\n<li>Menor coste por agujero<\/li>\n<\/ul>\n","protected":false},"featured_media":15551,"template":"","meta":[],"product_brand":[],"product_cat":[935],"product_tag":[957,960,1021],"accessory_type":[927],"application":[930],"hand_tool_type":[],"industry":[933],"material":[],"power_tool_type":[],"power_type":[],"subcategory":[959],"tool_type":[943],"class_list":{"0":"post-176574","1":"product","2":"type-product","3":"status-publish","4":"has-post-thumbnail","6":"product_cat-taladros","7":"product_tag-accesorios-para-martillos-perforadores","8":"product_tag-brocas-para-martillos-perforadores","9":"product_tag-accesorios-sds-plus","10":"accessory_type-accesorio","11":"application-perforacion-y-fijacion-2","12":"industry-metalurgia-2","13":"subcategory-martillos-perforadores-rotativos","14":"tool_type-accesorio","16":"first","17":"instock","18":"shipping-taxable","19":"purchasable","20":"product-type-variable"},"yoast_head":"<!-- This site is optimized with the Yoast SEO plugin v27.5 - https:\/\/yoast.com\/product\/yoast-seo-wordpress\/ -->\n<title>Brocas SDS Plus - CS Unitec<\/title>\n<meta name=\"description\" content=\"Las brocas SDS Plus son brocas con punta de carburo para obtener el m\u00e1ximo rendimiento. Ligeras, dise\u00f1o de pared delgada, menor resistencia en hormig\u00f3n y mamposter\u00eda.\" \/>\n<meta name=\"robots\" content=\"index, follow, max-snippet:-1, max-image-preview:large, max-video-preview:-1\" \/>\n<link rel=\"canonical\" href=\"https:\/\/csunitec.com\/es\/producto\/brocas-sds-plus\/\" \/>\n<meta property=\"og:locale\" content=\"es_ES\" \/>\n<meta property=\"og:type\" content=\"article\" \/>\n<meta property=\"og:title\" content=\"Brocas SDS Plus - CS Unitec\" \/>\n<meta property=\"og:description\" content=\"Las brocas SDS Plus son brocas con punta de carburo para obtener el m\u00e1ximo rendimiento. Ligeras, dise\u00f1o de pared delgada, menor resistencia en hormig\u00f3n y mamposter\u00eda.\" \/>\n<meta property=\"og:url\" content=\"https:\/\/csunitec.com\/es\/producto\/brocas-sds-plus\/\" \/>\n<meta property=\"og:site_name\" content=\"CS Unitec\" \/>\n<meta property=\"article:modified_time\" content=\"2026-04-26T20:51:58+00:00\" \/>\n<meta property=\"og:image\" content=\"https:\/\/csunitec.com\/wp-content\/uploads\/2025\/03\/SDS-Plus-Drill-Bit-1-2.png\" \/>\n\t<meta property=\"og:image:width\" content=\"1000\" \/>\n\t<meta property=\"og:image:height\" content=\"1000\" \/>\n\t<meta property=\"og:image:type\" content=\"image\/png\" \/>\n<meta name=\"twitter:card\" content=\"summary_large_image\" \/>\n<script type=\"application\/ld+json\" class=\"yoast-schema-graph\">{\"@context\":\"https:\\\/\\\/schema.org\",\"@graph\":[{\"@type\":\"WebPage\",\"@id\":\"https:\\\/\\\/csunitec.com\\\/es\\\/producto\\\/brocas-sds-plus\\\/\",\"url\":\"https:\\\/\\\/csunitec.com\\\/es\\\/producto\\\/brocas-sds-plus\\\/\",\"name\":\"Brocas SDS Plus - CS Unitec\",\"isPartOf\":{\"@id\":\"https:\\\/\\\/csunitec.com\\\/es\\\/#website\"},\"primaryImageOfPage\":{\"@id\":\"https:\\\/\\\/csunitec.com\\\/es\\\/producto\\\/brocas-sds-plus\\\/#primaryimage\"},\"image\":{\"@id\":\"https:\\\/\\\/csunitec.com\\\/es\\\/producto\\\/brocas-sds-plus\\\/#primaryimage\"},\"thumbnailUrl\":\"https:\\\/\\\/csunitec.com\\\/wp-content\\\/uploads\\\/2025\\\/03\\\/SDS-Plus-Drill-Bit-1-2.png\",\"datePublished\":\"2025-01-23T16:23:13+00:00\",\"dateModified\":\"2026-04-26T20:51:58+00:00\",\"description\":\"Las brocas SDS Plus son brocas con punta de carburo para obtener el m\u00e1ximo rendimiento. Ligeras, dise\u00f1o de pared delgada, menor resistencia en hormig\u00f3n y mamposter\u00eda.\",\"breadcrumb\":{\"@id\":\"https:\\\/\\\/csunitec.com\\\/es\\\/producto\\\/brocas-sds-plus\\\/#breadcrumb\"},\"inLanguage\":\"es\",\"potentialAction\":[{\"@type\":\"ReadAction\",\"target\":[\"https:\\\/\\\/csunitec.com\\\/es\\\/producto\\\/brocas-sds-plus\\\/\"]}]},{\"@type\":\"ImageObject\",\"inLanguage\":\"es\",\"@id\":\"https:\\\/\\\/csunitec.com\\\/es\\\/producto\\\/brocas-sds-plus\\\/#primaryimage\",\"url\":\"https:\\\/\\\/csunitec.com\\\/wp-content\\\/uploads\\\/2025\\\/03\\\/SDS-Plus-Drill-Bit-1-2.png\",\"contentUrl\":\"https:\\\/\\\/csunitec.com\\\/wp-content\\\/uploads\\\/2025\\\/03\\\/SDS-Plus-Drill-Bit-1-2.png\",\"width\":1000,\"height\":1000},{\"@type\":\"BreadcrumbList\",\"@id\":\"https:\\\/\\\/csunitec.com\\\/es\\\/producto\\\/brocas-sds-plus\\\/#breadcrumb\",\"itemListElement\":[{\"@type\":\"ListItem\",\"position\":1,\"name\":\"Inicio\",\"item\":\"https:\\\/\\\/csunitec.com\\\/es\\\/\"},{\"@type\":\"ListItem\",\"position\":2,\"name\":\"Tienda\",\"item\":\"https:\\\/\\\/csunitec.com\\\/es\\\/tienda\\\/\"},{\"@type\":\"ListItem\",\"position\":3,\"name\":\"Brocas SDS Plus\"}]},{\"@type\":\"WebSite\",\"@id\":\"https:\\\/\\\/csunitec.com\\\/es\\\/#website\",\"url\":\"https:\\\/\\\/csunitec.com\\\/es\\\/\",\"name\":\"CS Unitec\",\"description\":\"\",\"potentialAction\":[{\"@type\":\"SearchAction\",\"target\":{\"@type\":\"EntryPoint\",\"urlTemplate\":\"https:\\\/\\\/csunitec.com\\\/es\\\/?s={search_term_string}\"},\"query-input\":{\"@type\":\"PropertyValueSpecification\",\"valueRequired\":true,\"valueName\":\"search_term_string\"}}],\"inLanguage\":\"es\"}]}<\/script>\n<!-- \/ Yoast SEO plugin. -->","yoast_head_json":{"title":"Brocas SDS Plus - CS Unitec","description":"Las brocas SDS Plus son brocas con punta de carburo para obtener el m\u00e1ximo rendimiento. Ligeras, dise\u00f1o de pared delgada, menor resistencia en hormig\u00f3n y mamposter\u00eda.","robots":{"index":"index","follow":"follow","max-snippet":"max-snippet:-1","max-image-preview":"max-image-preview:large","max-video-preview":"max-video-preview:-1"},"canonical":"https:\/\/csunitec.com\/es\/producto\/brocas-sds-plus\/","og_locale":"es_ES","og_type":"article","og_title":"Brocas SDS Plus - CS Unitec","og_description":"Las brocas SDS Plus son brocas con punta de carburo para obtener el m\u00e1ximo rendimiento. Ligeras, dise\u00f1o de pared delgada, menor resistencia en hormig\u00f3n y mamposter\u00eda.","og_url":"https:\/\/csunitec.com\/es\/producto\/brocas-sds-plus\/","og_site_name":"CS Unitec","article_modified_time":"2026-04-26T20:51:58+00:00","og_image":[{"width":1000,"height":1000,"url":"https:\/\/csunitec.com\/wp-content\/uploads\/2025\/03\/SDS-Plus-Drill-Bit-1-2.png","type":"image\/png"}],"twitter_card":"summary_large_image","schema":{"@context":"https:\/\/schema.org","@graph":[{"@type":"WebPage","@id":"https:\/\/csunitec.com\/es\/producto\/brocas-sds-plus\/","url":"https:\/\/csunitec.com\/es\/producto\/brocas-sds-plus\/","name":"Brocas SDS Plus - CS Unitec","isPartOf":{"@id":"https:\/\/csunitec.com\/es\/#website"},"primaryImageOfPage":{"@id":"https:\/\/csunitec.com\/es\/producto\/brocas-sds-plus\/#primaryimage"},"image":{"@id":"https:\/\/csunitec.com\/es\/producto\/brocas-sds-plus\/#primaryimage"},"thumbnailUrl":"https:\/\/csunitec.com\/wp-content\/uploads\/2025\/03\/SDS-Plus-Drill-Bit-1-2.png","datePublished":"2025-01-23T16:23:13+00:00","dateModified":"2026-04-26T20:51:58+00:00","description":"Las brocas SDS Plus son brocas con punta de carburo para obtener el m\u00e1ximo rendimiento. Ligeras, dise\u00f1o de pared delgada, menor resistencia en hormig\u00f3n y mamposter\u00eda.","breadcrumb":{"@id":"https:\/\/csunitec.com\/es\/producto\/brocas-sds-plus\/#breadcrumb"},"inLanguage":"es","potentialAction":[{"@type":"ReadAction","target":["https:\/\/csunitec.com\/es\/producto\/brocas-sds-plus\/"]}]},{"@type":"ImageObject","inLanguage":"es","@id":"https:\/\/csunitec.com\/es\/producto\/brocas-sds-plus\/#primaryimage","url":"https:\/\/csunitec.com\/wp-content\/uploads\/2025\/03\/SDS-Plus-Drill-Bit-1-2.png","contentUrl":"https:\/\/csunitec.com\/wp-content\/uploads\/2025\/03\/SDS-Plus-Drill-Bit-1-2.png","width":1000,"height":1000},{"@type":"BreadcrumbList","@id":"https:\/\/csunitec.com\/es\/producto\/brocas-sds-plus\/#breadcrumb","itemListElement":[{"@type":"ListItem","position":1,"name":"Inicio","item":"https:\/\/csunitec.com\/es\/"},{"@type":"ListItem","position":2,"name":"Tienda","item":"https:\/\/csunitec.com\/es\/tienda\/"},{"@type":"ListItem","position":3,"name":"Brocas SDS Plus"}]},{"@type":"WebSite","@id":"https:\/\/csunitec.com\/es\/#website","url":"https:\/\/csunitec.com\/es\/","name":"CS Unitec","description":"","potentialAction":[{"@type":"SearchAction","target":{"@type":"EntryPoint","urlTemplate":"https:\/\/csunitec.com\/es\/?s={search_term_string}"},"query-input":{"@type":"PropertyValueSpecification","valueRequired":true,"valueName":"search_term_string"}}],"inLanguage":"es"}]}},"_links":{"self":[{"href":"https:\/\/csunitec.com\/es\/wp-json\/wp\/v2\/product\/176574","targetHints":{"allow":["GET"]}}],"collection":[{"href":"https:\/\/csunitec.com\/es\/wp-json\/wp\/v2\/product"}],"about":[{"href":"https:\/\/csunitec.com\/es\/wp-json\/wp\/v2\/types\/product"}],"wp:featuredmedia":[{"embeddable":true,"href":"https:\/\/csunitec.com\/es\/wp-json\/wp\/v2\/media\/15551"}],"wp:attachment":[{"href":"https:\/\/csunitec.com\/es\/wp-json\/wp\/v2\/media?parent=176574"}],"wp:term":[{"taxonomy":"product_brand","embeddable":true,"href":"https:\/\/csunitec.com\/es\/wp-json\/wp\/v2\/product_brand?post=176574"},{"taxonomy":"product_cat","embeddable":true,"href":"https:\/\/csunitec.com\/es\/wp-json\/wp\/v2\/product_cat?post=176574"},{"taxonomy":"product_tag","embeddable":true,"href":"https:\/\/csunitec.com\/es\/wp-json\/wp\/v2\/product_tag?post=176574"},{"taxonomy":"accessory_type","embeddable":true,"href":"https:\/\/csunitec.com\/es\/wp-json\/wp\/v2\/accessory_type?post=176574"},{"taxonomy":"application","embeddable":true,"href":"https:\/\/csunitec.com\/es\/wp-json\/wp\/v2\/application?post=176574"},{"taxonomy":"hand_tool_type","embeddable":true,"href":"https:\/\/csunitec.com\/es\/wp-json\/wp\/v2\/hand_tool_type?post=176574"},{"taxonomy":"industry","embeddable":true,"href":"https:\/\/csunitec.com\/es\/wp-json\/wp\/v2\/industry?post=176574"},{"taxonomy":"material","embeddable":true,"href":"https:\/\/csunitec.com\/es\/wp-json\/wp\/v2\/material?post=176574"},{"taxonomy":"power_tool_type","embeddable":true,"href":"https:\/\/csunitec.com\/es\/wp-json\/wp\/v2\/power_tool_type?post=176574"},{"taxonomy":"power_type","embeddable":true,"href":"https:\/\/csunitec.com\/es\/wp-json\/wp\/v2\/power_type?post=176574"},{"taxonomy":"subcategory","embeddable":true,"href":"https:\/\/csunitec.com\/es\/wp-json\/wp\/v2\/subcategory?post=176574"},{"taxonomy":"tool_type","embeddable":true,"href":"https:\/\/csunitec.com\/es\/wp-json\/wp\/v2\/tool_type?post=176574"}],"curies":[{"name":"wp","href":"https:\/\/api.w.org\/{rel}","templated":true}]}}