{"id":176646,"date":"2024-12-05T22:20:00","date_gmt":"2024-12-05T22:20:00","guid":{"rendered":"https:\/\/stgcsunitec.wpenginepowered.com\/product\/taladro-angular-neumatico-y-escariador-de-puente\/"},"modified":"2026-04-30T01:58:32","modified_gmt":"2026-04-30T05:58:32","slug":"taladro-angular-neumatico-y-escariador-de-puente","status":"publish","type":"product","link":"https:\/\/csunitec.com\/es\/producto\/taladro-angular-neumatico-y-escariador-de-puente\/","title":{"rendered":"Taladro angular neum\u00e1tico y escariador de puente"},"content":{"rendered":"<ul>\n<li>El dise\u00f1o compacto en \u00e1ngulo recto del taladro angular neum\u00e1tico permite a los operarios taladrar y escariar en espacios reducidos donde no caben los taladros est\u00e1ndar.<\/li>\n<li>Ideal para acero estructural, trabajos en puentes y entornos de fabricaci\u00f3n.<\/li>\n<li>La potencia neum\u00e1tica y la certificaci\u00f3n ATEX hacen que estas herramientas sean adecuadas para atm\u00f3sferas h\u00famedas, polvorientas o explosivas.<\/li>\n<li>Ideal para taladrar y escariar en compartimentos estancos, estructuras del casco y entornos marinos confinados.<\/li>\n<li>Escariar y alinear agujeros de pernos en vigas, j\u00e1cenas, placas y conexiones estructurales.<\/li>\n<\/ul>\n","protected":false},"excerpt":{"rendered":"<ul>\n<li>Capacidad de perforaci\u00f3n: Hasta 1-1\/4&#8243; (acero)<\/li>\n<li>Capacidad de escariado: Hasta 1&#8243; (acero)<\/li>\n<li>Potencia del motor: Hasta 2,6 CV<\/li>\n<\/ul>\n","protected":false},"featured_media":176647,"template":"","meta":[],"product_brand":[],"product_cat":[935,1048],"product_tag":[973,1006,1022],"accessory_type":[],"application":[930],"hand_tool_type":[],"industry":[933],"material":[],"power_tool_type":[1000],"power_type":[972],"subcategory":[1007,1112],"tool_type":[946],"class_list":{"0":"post-176646","1":"product","2":"type-product","3":"status-publish","4":"has-post-thumbnail","6":"product_cat-taladros","7":"product_cat-herramientas-de-seguridad","8":"product_tag-atex","9":"product_tag-taladros-neumaticos-2","10":"product_tag-taladros-de-esquina","11":"application-perforacion-y-fijacion-2","12":"industry-metalurgia-2","13":"power_tool_type-taladro-motor","14":"power_type-aire","15":"subcategory-taladros-neumaticos","16":"subcategory-herramientas-de-seguridad","17":"tool_type-herramienta-electrica","19":"first","20":"instock","21":"shipping-taxable","22":"purchasable","23":"product-type-variable"},"yoast_head":"<!-- This site is optimized with the Yoast SEO plugin v27.5 - https:\/\/yoast.com\/product\/yoast-seo-wordpress\/ -->\n<title>Taladro angular neum\u00e1tico y escariador de puente - CS Unitec<\/title>\n<meta name=\"description\" content=\"El taladro angular neum\u00e1tico y el escariador de puente proporcionan un alto par de taladrado, escariado y clavado. Dise\u00f1ados para entornos compactos y espacios reducidos.\" \/>\n<meta name=\"robots\" content=\"index, follow, max-snippet:-1, max-image-preview:large, max-video-preview:-1\" \/>\n<link rel=\"canonical\" href=\"https:\/\/csunitec.com\/es\/producto\/taladro-angular-neumatico-y-escariador-de-puente\/\" \/>\n<meta property=\"og:locale\" content=\"es_ES\" \/>\n<meta property=\"og:type\" content=\"article\" \/>\n<meta property=\"og:title\" content=\"Taladro angular neum\u00e1tico y escariador de puente - CS Unitec\" \/>\n<meta property=\"og:description\" content=\"El taladro angular neum\u00e1tico y el escariador de puente proporcionan un alto par de taladrado, escariado y clavado. Dise\u00f1ados para entornos compactos y espacios reducidos.\" \/>\n<meta property=\"og:url\" content=\"https:\/\/csunitec.com\/es\/producto\/taladro-angular-neumatico-y-escariador-de-puente\/\" \/>\n<meta property=\"og:site_name\" content=\"CS Unitec\" \/>\n<meta property=\"article:modified_time\" content=\"2026-04-30T05:58:32+00:00\" \/>\n<meta property=\"og:image\" content=\"https:\/\/csunitec.com\/wp-content\/uploads\/2025\/04\/Air-Corner-Drill-1-2-1.png\" \/>\n\t<meta property=\"og:image:width\" content=\"1000\" \/>\n\t<meta property=\"og:image:height\" content=\"1000\" \/>\n\t<meta property=\"og:image:type\" content=\"image\/png\" \/>\n<meta name=\"twitter:card\" content=\"summary_large_image\" \/>\n<script type=\"application\/ld+json\" class=\"yoast-schema-graph\">{\"@context\":\"https:\\\/\\\/schema.org\",\"@graph\":[{\"@type\":\"WebPage\",\"@id\":\"https:\\\/\\\/csunitec.com\\\/es\\\/producto\\\/taladro-angular-neumatico-y-escariador-de-puente\\\/\",\"url\":\"https:\\\/\\\/csunitec.com\\\/es\\\/producto\\\/taladro-angular-neumatico-y-escariador-de-puente\\\/\",\"name\":\"Taladro angular neum\u00e1tico y escariador de puente - CS Unitec\",\"isPartOf\":{\"@id\":\"https:\\\/\\\/csunitec.com\\\/es\\\/#website\"},\"primaryImageOfPage\":{\"@id\":\"https:\\\/\\\/csunitec.com\\\/es\\\/producto\\\/taladro-angular-neumatico-y-escariador-de-puente\\\/#primaryimage\"},\"image\":{\"@id\":\"https:\\\/\\\/csunitec.com\\\/es\\\/producto\\\/taladro-angular-neumatico-y-escariador-de-puente\\\/#primaryimage\"},\"thumbnailUrl\":\"https:\\\/\\\/csunitec.com\\\/wp-content\\\/uploads\\\/2025\\\/04\\\/Air-Corner-Drill-1-2-1.png\",\"datePublished\":\"2024-12-05T22:20:00+00:00\",\"dateModified\":\"2026-04-30T05:58:32+00:00\",\"description\":\"El taladro angular neum\u00e1tico y el escariador de puente proporcionan un alto par de taladrado, escariado y clavado. Dise\u00f1ados para entornos compactos y espacios reducidos.\",\"breadcrumb\":{\"@id\":\"https:\\\/\\\/csunitec.com\\\/es\\\/producto\\\/taladro-angular-neumatico-y-escariador-de-puente\\\/#breadcrumb\"},\"inLanguage\":\"es\",\"potentialAction\":[{\"@type\":\"ReadAction\",\"target\":[\"https:\\\/\\\/csunitec.com\\\/es\\\/producto\\\/taladro-angular-neumatico-y-escariador-de-puente\\\/\"]}]},{\"@type\":\"ImageObject\",\"inLanguage\":\"es\",\"@id\":\"https:\\\/\\\/csunitec.com\\\/es\\\/producto\\\/taladro-angular-neumatico-y-escariador-de-puente\\\/#primaryimage\",\"url\":\"https:\\\/\\\/csunitec.com\\\/wp-content\\\/uploads\\\/2025\\\/04\\\/Air-Corner-Drill-1-2-1.png\",\"contentUrl\":\"https:\\\/\\\/csunitec.com\\\/wp-content\\\/uploads\\\/2025\\\/04\\\/Air-Corner-Drill-1-2-1.png\",\"width\":1000,\"height\":1000},{\"@type\":\"BreadcrumbList\",\"@id\":\"https:\\\/\\\/csunitec.com\\\/es\\\/producto\\\/taladro-angular-neumatico-y-escariador-de-puente\\\/#breadcrumb\",\"itemListElement\":[{\"@type\":\"ListItem\",\"position\":1,\"name\":\"Inicio\",\"item\":\"https:\\\/\\\/csunitec.com\\\/es\\\/\"},{\"@type\":\"ListItem\",\"position\":2,\"name\":\"Tienda\",\"item\":\"https:\\\/\\\/csunitec.com\\\/es\\\/tienda\\\/\"},{\"@type\":\"ListItem\",\"position\":3,\"name\":\"Taladro angular neum\u00e1tico y escariador de puente\"}]},{\"@type\":\"WebSite\",\"@id\":\"https:\\\/\\\/csunitec.com\\\/es\\\/#website\",\"url\":\"https:\\\/\\\/csunitec.com\\\/es\\\/\",\"name\":\"CS Unitec\",\"description\":\"\",\"potentialAction\":[{\"@type\":\"SearchAction\",\"target\":{\"@type\":\"EntryPoint\",\"urlTemplate\":\"https:\\\/\\\/csunitec.com\\\/es\\\/?s={search_term_string}\"},\"query-input\":{\"@type\":\"PropertyValueSpecification\",\"valueRequired\":true,\"valueName\":\"search_term_string\"}}],\"inLanguage\":\"es\"}]}<\/script>\n<!-- \/ Yoast SEO plugin. -->","yoast_head_json":{"title":"Taladro angular neum\u00e1tico y escariador de puente - CS Unitec","description":"El taladro angular neum\u00e1tico y el escariador de puente proporcionan un alto par de taladrado, escariado y clavado. Dise\u00f1ados para entornos compactos y espacios reducidos.","robots":{"index":"index","follow":"follow","max-snippet":"max-snippet:-1","max-image-preview":"max-image-preview:large","max-video-preview":"max-video-preview:-1"},"canonical":"https:\/\/csunitec.com\/es\/producto\/taladro-angular-neumatico-y-escariador-de-puente\/","og_locale":"es_ES","og_type":"article","og_title":"Taladro angular neum\u00e1tico y escariador de puente - CS Unitec","og_description":"El taladro angular neum\u00e1tico y el escariador de puente proporcionan un alto par de taladrado, escariado y clavado. Dise\u00f1ados para entornos compactos y espacios reducidos.","og_url":"https:\/\/csunitec.com\/es\/producto\/taladro-angular-neumatico-y-escariador-de-puente\/","og_site_name":"CS Unitec","article_modified_time":"2026-04-30T05:58:32+00:00","og_image":[{"width":1000,"height":1000,"url":"https:\/\/csunitec.com\/wp-content\/uploads\/2025\/04\/Air-Corner-Drill-1-2-1.png","type":"image\/png"}],"twitter_card":"summary_large_image","schema":{"@context":"https:\/\/schema.org","@graph":[{"@type":"WebPage","@id":"https:\/\/csunitec.com\/es\/producto\/taladro-angular-neumatico-y-escariador-de-puente\/","url":"https:\/\/csunitec.com\/es\/producto\/taladro-angular-neumatico-y-escariador-de-puente\/","name":"Taladro angular neum\u00e1tico y escariador de puente - CS Unitec","isPartOf":{"@id":"https:\/\/csunitec.com\/es\/#website"},"primaryImageOfPage":{"@id":"https:\/\/csunitec.com\/es\/producto\/taladro-angular-neumatico-y-escariador-de-puente\/#primaryimage"},"image":{"@id":"https:\/\/csunitec.com\/es\/producto\/taladro-angular-neumatico-y-escariador-de-puente\/#primaryimage"},"thumbnailUrl":"https:\/\/csunitec.com\/wp-content\/uploads\/2025\/04\/Air-Corner-Drill-1-2-1.png","datePublished":"2024-12-05T22:20:00+00:00","dateModified":"2026-04-30T05:58:32+00:00","description":"El taladro angular neum\u00e1tico y el escariador de puente proporcionan un alto par de taladrado, escariado y clavado. Dise\u00f1ados para entornos compactos y espacios reducidos.","breadcrumb":{"@id":"https:\/\/csunitec.com\/es\/producto\/taladro-angular-neumatico-y-escariador-de-puente\/#breadcrumb"},"inLanguage":"es","potentialAction":[{"@type":"ReadAction","target":["https:\/\/csunitec.com\/es\/producto\/taladro-angular-neumatico-y-escariador-de-puente\/"]}]},{"@type":"ImageObject","inLanguage":"es","@id":"https:\/\/csunitec.com\/es\/producto\/taladro-angular-neumatico-y-escariador-de-puente\/#primaryimage","url":"https:\/\/csunitec.com\/wp-content\/uploads\/2025\/04\/Air-Corner-Drill-1-2-1.png","contentUrl":"https:\/\/csunitec.com\/wp-content\/uploads\/2025\/04\/Air-Corner-Drill-1-2-1.png","width":1000,"height":1000},{"@type":"BreadcrumbList","@id":"https:\/\/csunitec.com\/es\/producto\/taladro-angular-neumatico-y-escariador-de-puente\/#breadcrumb","itemListElement":[{"@type":"ListItem","position":1,"name":"Inicio","item":"https:\/\/csunitec.com\/es\/"},{"@type":"ListItem","position":2,"name":"Tienda","item":"https:\/\/csunitec.com\/es\/tienda\/"},{"@type":"ListItem","position":3,"name":"Taladro angular neum\u00e1tico y escariador de puente"}]},{"@type":"WebSite","@id":"https:\/\/csunitec.com\/es\/#website","url":"https:\/\/csunitec.com\/es\/","name":"CS Unitec","description":"","potentialAction":[{"@type":"SearchAction","target":{"@type":"EntryPoint","urlTemplate":"https:\/\/csunitec.com\/es\/?s={search_term_string}"},"query-input":{"@type":"PropertyValueSpecification","valueRequired":true,"valueName":"search_term_string"}}],"inLanguage":"es"}]}},"_links":{"self":[{"href":"https:\/\/csunitec.com\/es\/wp-json\/wp\/v2\/product\/176646","targetHints":{"allow":["GET"]}}],"collection":[{"href":"https:\/\/csunitec.com\/es\/wp-json\/wp\/v2\/product"}],"about":[{"href":"https:\/\/csunitec.com\/es\/wp-json\/wp\/v2\/types\/product"}],"wp:featuredmedia":[{"embeddable":true,"href":"https:\/\/csunitec.com\/es\/wp-json\/wp\/v2\/media\/176647"}],"wp:attachment":[{"href":"https:\/\/csunitec.com\/es\/wp-json\/wp\/v2\/media?parent=176646"}],"wp:term":[{"taxonomy":"product_brand","embeddable":true,"href":"https:\/\/csunitec.com\/es\/wp-json\/wp\/v2\/product_brand?post=176646"},{"taxonomy":"product_cat","embeddable":true,"href":"https:\/\/csunitec.com\/es\/wp-json\/wp\/v2\/product_cat?post=176646"},{"taxonomy":"product_tag","embeddable":true,"href":"https:\/\/csunitec.com\/es\/wp-json\/wp\/v2\/product_tag?post=176646"},{"taxonomy":"accessory_type","embeddable":true,"href":"https:\/\/csunitec.com\/es\/wp-json\/wp\/v2\/accessory_type?post=176646"},{"taxonomy":"application","embeddable":true,"href":"https:\/\/csunitec.com\/es\/wp-json\/wp\/v2\/application?post=176646"},{"taxonomy":"hand_tool_type","embeddable":true,"href":"https:\/\/csunitec.com\/es\/wp-json\/wp\/v2\/hand_tool_type?post=176646"},{"taxonomy":"industry","embeddable":true,"href":"https:\/\/csunitec.com\/es\/wp-json\/wp\/v2\/industry?post=176646"},{"taxonomy":"material","embeddable":true,"href":"https:\/\/csunitec.com\/es\/wp-json\/wp\/v2\/material?post=176646"},{"taxonomy":"power_tool_type","embeddable":true,"href":"https:\/\/csunitec.com\/es\/wp-json\/wp\/v2\/power_tool_type?post=176646"},{"taxonomy":"power_type","embeddable":true,"href":"https:\/\/csunitec.com\/es\/wp-json\/wp\/v2\/power_type?post=176646"},{"taxonomy":"subcategory","embeddable":true,"href":"https:\/\/csunitec.com\/es\/wp-json\/wp\/v2\/subcategory?post=176646"},{"taxonomy":"tool_type","embeddable":true,"href":"https:\/\/csunitec.com\/es\/wp-json\/wp\/v2\/tool_type?post=176646"}],"curies":[{"name":"wp","href":"https:\/\/api.w.org\/{rel}","templated":true}]}}