{"id":176651,"date":"2024-12-05T22:37:00","date_gmt":"2024-12-05T22:37:00","guid":{"rendered":"https:\/\/stgcsunitec.wpenginepowered.com\/product\/broca-conica-morse-con-husillo-de-avance\/"},"modified":"2026-04-26T17:25:57","modified_gmt":"2026-04-26T21:25:57","slug":"broca-conica-morse-con-husillo-de-avance","status":"publish","type":"product","link":"https:\/\/csunitec.com\/es\/producto\/broca-conica-morse-con-husillo-de-avance\/","title":{"rendered":"Broca c\u00f3nica Morse con husillo de avance"},"content":{"rendered":"<ul>\n<li>Broca c\u00f3nica Morse dise\u00f1ada para proporcionar un par de apriete y una estabilidad excepcionales para taladrar, taladrar reversiblemente, roscar y aterrajar agujeros de gran di\u00e1metro en metal, chapa de acero y materiales estructurales.<\/li>\n<li>Ideal para taladrar, escariar, laminar tubos, expandir tubos y roscar.<\/li>\n<li>Util\u00edzalo para aplicaciones especiales, como fresadoras, husillos, correderas, controladores, roscado de tubos, torneado de v\u00e1lvulas y mucho m\u00e1s.<\/li>\n<li>Apoya a los equipos de mantenimiento de instalaciones que trabajan en bases de equipos, bastidores de m\u00e1quinas y estructuras de acero.<\/li>\n<li>Se utiliza para taladrar y escariar con precisi\u00f3n en talleres de fabricaci\u00f3n, l\u00edneas de producci\u00f3n y fabricaci\u00f3n de maquinaria pesada.<\/li>\n<\/ul>\n","protected":false},"excerpt":{"rendered":"<ul>\n<li>Capacidad de perforaci\u00f3n: Hasta 2&#8243; (acero)<\/li>\n<li>Velocidad de carga: Hasta 250 RPM<\/li>\n<li>Potencia del motor: Hasta 2,5 CV<\/li>\n<\/ul>\n","protected":false},"featured_media":166728,"template":"","meta":[],"product_brand":[],"product_cat":[935],"product_tag":[1006],"accessory_type":[],"application":[930],"hand_tool_type":[],"industry":[933],"material":[],"power_tool_type":[1000],"power_type":[972],"subcategory":[1007],"tool_type":[946],"class_list":{"0":"post-176651","1":"product","2":"type-product","3":"status-publish","4":"has-post-thumbnail","6":"product_cat-taladros","7":"product_tag-taladros-neumaticos-2","8":"application-perforacion-y-fijacion-2","9":"industry-metalurgia-2","10":"power_tool_type-taladro-motor","11":"power_type-aire","12":"subcategory-taladros-neumaticos","13":"tool_type-herramienta-electrica","15":"first","16":"instock","17":"shipping-taxable","18":"purchasable","19":"product-type-variable"},"yoast_head":"<!-- This site is optimized with the Yoast SEO plugin v27.5 - https:\/\/yoast.com\/product\/yoast-seo-wordpress\/ -->\n<title>Broca c\u00f3nica Morse con husillo de avance - CS Unitec<\/title>\n<meta name=\"description\" content=\"La broca c\u00f3nica Morse con husillo de avance proporciona un rendimiento reversible de alto par para taladrar, roscar, escariar y laminar tubos. Construido para un uso intensivo.\" \/>\n<meta name=\"robots\" content=\"index, follow, max-snippet:-1, max-image-preview:large, max-video-preview:-1\" \/>\n<link rel=\"canonical\" href=\"https:\/\/csunitec.com\/es\/producto\/broca-conica-morse-con-husillo-de-avance\/\" \/>\n<meta property=\"og:locale\" content=\"es_ES\" \/>\n<meta property=\"og:type\" content=\"article\" \/>\n<meta property=\"og:title\" content=\"Broca c\u00f3nica Morse con husillo de avance - CS Unitec\" \/>\n<meta property=\"og:description\" content=\"La broca c\u00f3nica Morse con husillo de avance proporciona un rendimiento reversible de alto par para taladrar, roscar, escariar y laminar tubos. Construido para un uso intensivo.\" \/>\n<meta property=\"og:url\" content=\"https:\/\/csunitec.com\/es\/producto\/broca-conica-morse-con-husillo-de-avance\/\" \/>\n<meta property=\"og:site_name\" content=\"CS Unitec\" \/>\n<meta property=\"article:modified_time\" content=\"2026-04-26T21:25:57+00:00\" \/>\n<meta property=\"og:image\" content=\"https:\/\/csunitec.com\/wp-content\/uploads\/2025\/04\/Morse-Taper-Drill-1-2-1.png\" \/>\n\t<meta property=\"og:image:width\" content=\"1000\" \/>\n\t<meta property=\"og:image:height\" content=\"1000\" \/>\n\t<meta property=\"og:image:type\" content=\"image\/png\" \/>\n<meta name=\"twitter:card\" content=\"summary_large_image\" \/>\n<meta name=\"twitter:label1\" content=\"Tiempo de lectura\" \/>\n\t<meta name=\"twitter:data1\" content=\"1 minuto\" \/>\n<script type=\"application\/ld+json\" class=\"yoast-schema-graph\">{\"@context\":\"https:\\\/\\\/schema.org\",\"@graph\":[{\"@type\":\"WebPage\",\"@id\":\"https:\\\/\\\/csunitec.com\\\/es\\\/producto\\\/broca-conica-morse-con-husillo-de-avance\\\/\",\"url\":\"https:\\\/\\\/csunitec.com\\\/es\\\/producto\\\/broca-conica-morse-con-husillo-de-avance\\\/\",\"name\":\"Broca c\u00f3nica Morse con husillo de avance - CS Unitec\",\"isPartOf\":{\"@id\":\"https:\\\/\\\/csunitec.com\\\/es\\\/#website\"},\"primaryImageOfPage\":{\"@id\":\"https:\\\/\\\/csunitec.com\\\/es\\\/producto\\\/broca-conica-morse-con-husillo-de-avance\\\/#primaryimage\"},\"image\":{\"@id\":\"https:\\\/\\\/csunitec.com\\\/es\\\/producto\\\/broca-conica-morse-con-husillo-de-avance\\\/#primaryimage\"},\"thumbnailUrl\":\"https:\\\/\\\/csunitec.com\\\/wp-content\\\/uploads\\\/2025\\\/04\\\/Morse-Taper-Drill-1-2-1.png\",\"datePublished\":\"2024-12-05T22:37:00+00:00\",\"dateModified\":\"2026-04-26T21:25:57+00:00\",\"description\":\"La broca c\u00f3nica Morse con husillo de avance proporciona un rendimiento reversible de alto par para taladrar, roscar, escariar y laminar tubos. Construido para un uso intensivo.\",\"breadcrumb\":{\"@id\":\"https:\\\/\\\/csunitec.com\\\/es\\\/producto\\\/broca-conica-morse-con-husillo-de-avance\\\/#breadcrumb\"},\"inLanguage\":\"es\",\"potentialAction\":[{\"@type\":\"ReadAction\",\"target\":[\"https:\\\/\\\/csunitec.com\\\/es\\\/producto\\\/broca-conica-morse-con-husillo-de-avance\\\/\"]}]},{\"@type\":\"ImageObject\",\"inLanguage\":\"es\",\"@id\":\"https:\\\/\\\/csunitec.com\\\/es\\\/producto\\\/broca-conica-morse-con-husillo-de-avance\\\/#primaryimage\",\"url\":\"https:\\\/\\\/csunitec.com\\\/wp-content\\\/uploads\\\/2025\\\/04\\\/Morse-Taper-Drill-1-2-1.png\",\"contentUrl\":\"https:\\\/\\\/csunitec.com\\\/wp-content\\\/uploads\\\/2025\\\/04\\\/Morse-Taper-Drill-1-2-1.png\",\"width\":1000,\"height\":1000},{\"@type\":\"BreadcrumbList\",\"@id\":\"https:\\\/\\\/csunitec.com\\\/es\\\/producto\\\/broca-conica-morse-con-husillo-de-avance\\\/#breadcrumb\",\"itemListElement\":[{\"@type\":\"ListItem\",\"position\":1,\"name\":\"Inicio\",\"item\":\"https:\\\/\\\/csunitec.com\\\/es\\\/\"},{\"@type\":\"ListItem\",\"position\":2,\"name\":\"Tienda\",\"item\":\"https:\\\/\\\/csunitec.com\\\/es\\\/tienda\\\/\"},{\"@type\":\"ListItem\",\"position\":3,\"name\":\"Broca c\u00f3nica Morse con husillo de avance\"}]},{\"@type\":\"WebSite\",\"@id\":\"https:\\\/\\\/csunitec.com\\\/es\\\/#website\",\"url\":\"https:\\\/\\\/csunitec.com\\\/es\\\/\",\"name\":\"CS Unitec\",\"description\":\"\",\"potentialAction\":[{\"@type\":\"SearchAction\",\"target\":{\"@type\":\"EntryPoint\",\"urlTemplate\":\"https:\\\/\\\/csunitec.com\\\/es\\\/?s={search_term_string}\"},\"query-input\":{\"@type\":\"PropertyValueSpecification\",\"valueRequired\":true,\"valueName\":\"search_term_string\"}}],\"inLanguage\":\"es\"}]}<\/script>\n<!-- \/ Yoast SEO plugin. -->","yoast_head_json":{"title":"Broca c\u00f3nica Morse con husillo de avance - CS Unitec","description":"La broca c\u00f3nica Morse con husillo de avance proporciona un rendimiento reversible de alto par para taladrar, roscar, escariar y laminar tubos. Construido para un uso intensivo.","robots":{"index":"index","follow":"follow","max-snippet":"max-snippet:-1","max-image-preview":"max-image-preview:large","max-video-preview":"max-video-preview:-1"},"canonical":"https:\/\/csunitec.com\/es\/producto\/broca-conica-morse-con-husillo-de-avance\/","og_locale":"es_ES","og_type":"article","og_title":"Broca c\u00f3nica Morse con husillo de avance - CS Unitec","og_description":"La broca c\u00f3nica Morse con husillo de avance proporciona un rendimiento reversible de alto par para taladrar, roscar, escariar y laminar tubos. Construido para un uso intensivo.","og_url":"https:\/\/csunitec.com\/es\/producto\/broca-conica-morse-con-husillo-de-avance\/","og_site_name":"CS Unitec","article_modified_time":"2026-04-26T21:25:57+00:00","og_image":[{"width":1000,"height":1000,"url":"https:\/\/csunitec.com\/wp-content\/uploads\/2025\/04\/Morse-Taper-Drill-1-2-1.png","type":"image\/png"}],"twitter_card":"summary_large_image","twitter_misc":{"Tiempo de lectura":"1 minuto"},"schema":{"@context":"https:\/\/schema.org","@graph":[{"@type":"WebPage","@id":"https:\/\/csunitec.com\/es\/producto\/broca-conica-morse-con-husillo-de-avance\/","url":"https:\/\/csunitec.com\/es\/producto\/broca-conica-morse-con-husillo-de-avance\/","name":"Broca c\u00f3nica Morse con husillo de avance - CS Unitec","isPartOf":{"@id":"https:\/\/csunitec.com\/es\/#website"},"primaryImageOfPage":{"@id":"https:\/\/csunitec.com\/es\/producto\/broca-conica-morse-con-husillo-de-avance\/#primaryimage"},"image":{"@id":"https:\/\/csunitec.com\/es\/producto\/broca-conica-morse-con-husillo-de-avance\/#primaryimage"},"thumbnailUrl":"https:\/\/csunitec.com\/wp-content\/uploads\/2025\/04\/Morse-Taper-Drill-1-2-1.png","datePublished":"2024-12-05T22:37:00+00:00","dateModified":"2026-04-26T21:25:57+00:00","description":"La broca c\u00f3nica Morse con husillo de avance proporciona un rendimiento reversible de alto par para taladrar, roscar, escariar y laminar tubos. Construido para un uso intensivo.","breadcrumb":{"@id":"https:\/\/csunitec.com\/es\/producto\/broca-conica-morse-con-husillo-de-avance\/#breadcrumb"},"inLanguage":"es","potentialAction":[{"@type":"ReadAction","target":["https:\/\/csunitec.com\/es\/producto\/broca-conica-morse-con-husillo-de-avance\/"]}]},{"@type":"ImageObject","inLanguage":"es","@id":"https:\/\/csunitec.com\/es\/producto\/broca-conica-morse-con-husillo-de-avance\/#primaryimage","url":"https:\/\/csunitec.com\/wp-content\/uploads\/2025\/04\/Morse-Taper-Drill-1-2-1.png","contentUrl":"https:\/\/csunitec.com\/wp-content\/uploads\/2025\/04\/Morse-Taper-Drill-1-2-1.png","width":1000,"height":1000},{"@type":"BreadcrumbList","@id":"https:\/\/csunitec.com\/es\/producto\/broca-conica-morse-con-husillo-de-avance\/#breadcrumb","itemListElement":[{"@type":"ListItem","position":1,"name":"Inicio","item":"https:\/\/csunitec.com\/es\/"},{"@type":"ListItem","position":2,"name":"Tienda","item":"https:\/\/csunitec.com\/es\/tienda\/"},{"@type":"ListItem","position":3,"name":"Broca c\u00f3nica Morse con husillo de avance"}]},{"@type":"WebSite","@id":"https:\/\/csunitec.com\/es\/#website","url":"https:\/\/csunitec.com\/es\/","name":"CS Unitec","description":"","potentialAction":[{"@type":"SearchAction","target":{"@type":"EntryPoint","urlTemplate":"https:\/\/csunitec.com\/es\/?s={search_term_string}"},"query-input":{"@type":"PropertyValueSpecification","valueRequired":true,"valueName":"search_term_string"}}],"inLanguage":"es"}]}},"_links":{"self":[{"href":"https:\/\/csunitec.com\/es\/wp-json\/wp\/v2\/product\/176651","targetHints":{"allow":["GET"]}}],"collection":[{"href":"https:\/\/csunitec.com\/es\/wp-json\/wp\/v2\/product"}],"about":[{"href":"https:\/\/csunitec.com\/es\/wp-json\/wp\/v2\/types\/product"}],"wp:featuredmedia":[{"embeddable":true,"href":"https:\/\/csunitec.com\/es\/wp-json\/wp\/v2\/media\/166728"}],"wp:attachment":[{"href":"https:\/\/csunitec.com\/es\/wp-json\/wp\/v2\/media?parent=176651"}],"wp:term":[{"taxonomy":"product_brand","embeddable":true,"href":"https:\/\/csunitec.com\/es\/wp-json\/wp\/v2\/product_brand?post=176651"},{"taxonomy":"product_cat","embeddable":true,"href":"https:\/\/csunitec.com\/es\/wp-json\/wp\/v2\/product_cat?post=176651"},{"taxonomy":"product_tag","embeddable":true,"href":"https:\/\/csunitec.com\/es\/wp-json\/wp\/v2\/product_tag?post=176651"},{"taxonomy":"accessory_type","embeddable":true,"href":"https:\/\/csunitec.com\/es\/wp-json\/wp\/v2\/accessory_type?post=176651"},{"taxonomy":"application","embeddable":true,"href":"https:\/\/csunitec.com\/es\/wp-json\/wp\/v2\/application?post=176651"},{"taxonomy":"hand_tool_type","embeddable":true,"href":"https:\/\/csunitec.com\/es\/wp-json\/wp\/v2\/hand_tool_type?post=176651"},{"taxonomy":"industry","embeddable":true,"href":"https:\/\/csunitec.com\/es\/wp-json\/wp\/v2\/industry?post=176651"},{"taxonomy":"material","embeddable":true,"href":"https:\/\/csunitec.com\/es\/wp-json\/wp\/v2\/material?post=176651"},{"taxonomy":"power_tool_type","embeddable":true,"href":"https:\/\/csunitec.com\/es\/wp-json\/wp\/v2\/power_tool_type?post=176651"},{"taxonomy":"power_type","embeddable":true,"href":"https:\/\/csunitec.com\/es\/wp-json\/wp\/v2\/power_type?post=176651"},{"taxonomy":"subcategory","embeddable":true,"href":"https:\/\/csunitec.com\/es\/wp-json\/wp\/v2\/subcategory?post=176651"},{"taxonomy":"tool_type","embeddable":true,"href":"https:\/\/csunitec.com\/es\/wp-json\/wp\/v2\/tool_type?post=176651"}],"curies":[{"name":"wp","href":"https:\/\/api.w.org\/{rel}","templated":true}]}}