{"id":176742,"date":"2024-10-03T15:56:00","date_gmt":"2024-10-03T15:56:00","guid":{"rendered":"https:\/\/stgcsunitec.wpenginepowered.com\/product\/mab-825-kts\/"},"modified":"2026-04-27T19:17:17","modified_gmt":"2026-04-27T23:17:17","slug":"mab-825-kts","status":"publish","type":"product","link":"https:\/\/csunitec.com\/es\/producto\/mab-825-kts\/","title":{"rendered":"MAB 825 KTS"},"content":{"rendered":"<ul>\n<li>El MAB 825 KTS es el ganador del Premio Red Dot 2021 al Dise\u00f1o de Producto<\/li>\n<li>Broca magn\u00e9tica ideal para fresar y taladrar<\/li>\n<li>Taladra agujeros de hasta 3-1\/8&#8243; de di\u00e1metro <\/li>\n<li>Mesa port\u00e1til de ejes x, y para taladrar, ranurar y fresar con precisi\u00f3n<\/li>\n<li>4-3\/8&#8243; (110 mm) en el eje x, 4-3\/4&#8243; (120 mm) en el eje y<\/li>\n<li>Motor reversible &#8211; rosca de hasta 1-3\/16&#8243; de di\u00e1.<\/li>\n<li>Lubricaci\u00f3n interna para aumentar la vida \u00fatil de la herramienta de corte<\/li>\n<li>Velocidad y par variables<\/li>\n<li>Protecci\u00f3n contra sobrecalentamiento<\/li>\n<\/ul>\n","protected":false},"excerpt":{"rendered":"<ul class=\"alexcss\">\n<li>Precisi\u00f3n, fresado, ranurado y taladrado<\/li>\n<li>Capacidad de corte: 3-1\/8&#8243; de di\u00e1metro<\/li>\n<li>Capacidad de la broca helicoidal: 1-1\/4&#8243; de di\u00e1metro<\/li>\n<li>Carrera: 10&#8243;<\/li>\n<li>Cono Morse: MT3<\/li>\n<li>Fuerza magn\u00e9tica: 6600 lbs.<\/li>\n<li>Ejes X e Y para una localizaci\u00f3n precisa<\/li>\n<li>Motor reversible para roscar (hasta 1-3\/16&#8243;) y escariar (hasta 1-3\/16&#8243;)<\/li>\n<li>4 Motor de velocidad variable<\/li>\n<li>Equipado con sensor electr\u00f3nico de desconexi\u00f3n de seguridad<\/li>\n<li>Ganador del Premio Red Dot 2021 al Dise\u00f1o de Producto<\/li>\n<\/ul>\n<div class=\"alexcss\"><img decoding=\"async\" class=\"producticon\" src=\"https:\/\/csunitec.com\/wp-content\/uploads\/2024\/10\/ICON_MAB825KTS-scaled.png\" alt=\"\" width=\"1100\" height=\"297\" loading=\"lazy\"><\/div>\n","protected":false},"featured_media":176747,"template":"","meta":[],"product_brand":[],"product_cat":[935],"product_tag":[941,942,979,1023],"accessory_type":[],"application":[930],"hand_tool_type":[],"industry":[933],"material":[],"power_tool_type":[934],"power_type":[936],"subcategory":[940],"tool_type":[946],"class_list":{"0":"post-176742","1":"product","2":"type-product","3":"status-publish","4":"has-post-thumbnail","6":"product_cat-taladros","7":"product_tag-taladros-magneticos-electricos","8":"product_tag-taladros-magneticos","9":"product_tag-destaca","10":"product_tag-base-giratoria","11":"application-perforacion-y-fijacion-2","12":"industry-metalurgia-2","13":"power_tool_type-taladro-magnetico","14":"power_type-electrico","15":"subcategory-taladros-magneticos","16":"tool_type-herramienta-electrica","18":"first","19":"instock","20":"shipping-taxable","21":"purchasable","22":"product-type-simple"},"yoast_head":"<!-- This site is optimized with the Yoast SEO plugin v27.5 - https:\/\/yoast.com\/product\/yoast-seo-wordpress\/ -->\n<title>MAB 825 KTS - CS Unitec<\/title>\n<meta name=\"description\" content=\"El MAB 825 KTS es un taladro fresador magn\u00e9tico port\u00e1til de alta resistencia dise\u00f1ado para fresar, taladrar, ranurar y mecanizar metales in situ.\" \/>\n<meta name=\"robots\" content=\"index, follow, max-snippet:-1, max-image-preview:large, max-video-preview:-1\" \/>\n<link rel=\"canonical\" href=\"https:\/\/csunitec.com\/es\/producto\/mab-825-kts\/\" \/>\n<meta property=\"og:locale\" content=\"es_ES\" \/>\n<meta property=\"og:type\" content=\"article\" \/>\n<meta property=\"og:title\" content=\"MAB 825 KTS - CS Unitec\" \/>\n<meta property=\"og:description\" content=\"El MAB 825 KTS es un taladro fresador magn\u00e9tico port\u00e1til de alta resistencia dise\u00f1ado para fresar, taladrar, ranurar y mecanizar metales in situ.\" \/>\n<meta property=\"og:url\" content=\"https:\/\/csunitec.com\/es\/producto\/mab-825-kts\/\" \/>\n<meta property=\"og:site_name\" content=\"CS Unitec\" \/>\n<meta property=\"article:modified_time\" content=\"2026-04-27T23:17:17+00:00\" \/>\n<meta property=\"og:image\" content=\"https:\/\/csunitec.com\/wp-content\/uploads\/2025\/04\/MAB-825-KTS-1-2-1.png\" \/>\n\t<meta property=\"og:image:width\" content=\"1000\" \/>\n\t<meta property=\"og:image:height\" content=\"1000\" \/>\n\t<meta property=\"og:image:type\" content=\"image\/png\" \/>\n<meta name=\"twitter:card\" content=\"summary_large_image\" \/>\n<script type=\"application\/ld+json\" class=\"yoast-schema-graph\">{\"@context\":\"https:\\\/\\\/schema.org\",\"@graph\":[{\"@type\":\"WebPage\",\"@id\":\"https:\\\/\\\/csunitec.com\\\/es\\\/producto\\\/mab-825-kts\\\/\",\"url\":\"https:\\\/\\\/csunitec.com\\\/es\\\/producto\\\/mab-825-kts\\\/\",\"name\":\"MAB 825 KTS - CS Unitec\",\"isPartOf\":{\"@id\":\"https:\\\/\\\/csunitec.com\\\/es\\\/#website\"},\"primaryImageOfPage\":{\"@id\":\"https:\\\/\\\/csunitec.com\\\/es\\\/producto\\\/mab-825-kts\\\/#primaryimage\"},\"image\":{\"@id\":\"https:\\\/\\\/csunitec.com\\\/es\\\/producto\\\/mab-825-kts\\\/#primaryimage\"},\"thumbnailUrl\":\"https:\\\/\\\/csunitec.com\\\/wp-content\\\/uploads\\\/2025\\\/04\\\/MAB-825-KTS-1-2-1.png\",\"datePublished\":\"2024-10-03T15:56:00+00:00\",\"dateModified\":\"2026-04-27T23:17:17+00:00\",\"description\":\"El MAB 825 KTS es un taladro fresador magn\u00e9tico port\u00e1til de alta resistencia dise\u00f1ado para fresar, taladrar, ranurar y mecanizar metales in situ.\",\"breadcrumb\":{\"@id\":\"https:\\\/\\\/csunitec.com\\\/es\\\/producto\\\/mab-825-kts\\\/#breadcrumb\"},\"inLanguage\":\"es\",\"potentialAction\":[{\"@type\":\"ReadAction\",\"target\":[\"https:\\\/\\\/csunitec.com\\\/es\\\/producto\\\/mab-825-kts\\\/\"]}]},{\"@type\":\"ImageObject\",\"inLanguage\":\"es\",\"@id\":\"https:\\\/\\\/csunitec.com\\\/es\\\/producto\\\/mab-825-kts\\\/#primaryimage\",\"url\":\"https:\\\/\\\/csunitec.com\\\/wp-content\\\/uploads\\\/2025\\\/04\\\/MAB-825-KTS-1-2-1.png\",\"contentUrl\":\"https:\\\/\\\/csunitec.com\\\/wp-content\\\/uploads\\\/2025\\\/04\\\/MAB-825-KTS-1-2-1.png\",\"width\":1000,\"height\":1000},{\"@type\":\"BreadcrumbList\",\"@id\":\"https:\\\/\\\/csunitec.com\\\/es\\\/producto\\\/mab-825-kts\\\/#breadcrumb\",\"itemListElement\":[{\"@type\":\"ListItem\",\"position\":1,\"name\":\"Inicio\",\"item\":\"https:\\\/\\\/csunitec.com\\\/es\\\/\"},{\"@type\":\"ListItem\",\"position\":2,\"name\":\"Tienda\",\"item\":\"https:\\\/\\\/csunitec.com\\\/es\\\/tienda\\\/\"},{\"@type\":\"ListItem\",\"position\":3,\"name\":\"MAB 825 KTS\"}]},{\"@type\":\"WebSite\",\"@id\":\"https:\\\/\\\/csunitec.com\\\/es\\\/#website\",\"url\":\"https:\\\/\\\/csunitec.com\\\/es\\\/\",\"name\":\"CS Unitec\",\"description\":\"\",\"potentialAction\":[{\"@type\":\"SearchAction\",\"target\":{\"@type\":\"EntryPoint\",\"urlTemplate\":\"https:\\\/\\\/csunitec.com\\\/es\\\/?s={search_term_string}\"},\"query-input\":{\"@type\":\"PropertyValueSpecification\",\"valueRequired\":true,\"valueName\":\"search_term_string\"}}],\"inLanguage\":\"es\"}]}<\/script>\n<!-- \/ Yoast SEO plugin. -->","yoast_head_json":{"title":"MAB 825 KTS - CS Unitec","description":"El MAB 825 KTS es un taladro fresador magn\u00e9tico port\u00e1til de alta resistencia dise\u00f1ado para fresar, taladrar, ranurar y mecanizar metales in situ.","robots":{"index":"index","follow":"follow","max-snippet":"max-snippet:-1","max-image-preview":"max-image-preview:large","max-video-preview":"max-video-preview:-1"},"canonical":"https:\/\/csunitec.com\/es\/producto\/mab-825-kts\/","og_locale":"es_ES","og_type":"article","og_title":"MAB 825 KTS - CS Unitec","og_description":"El MAB 825 KTS es un taladro fresador magn\u00e9tico port\u00e1til de alta resistencia dise\u00f1ado para fresar, taladrar, ranurar y mecanizar metales in situ.","og_url":"https:\/\/csunitec.com\/es\/producto\/mab-825-kts\/","og_site_name":"CS Unitec","article_modified_time":"2026-04-27T23:17:17+00:00","og_image":[{"width":1000,"height":1000,"url":"https:\/\/csunitec.com\/wp-content\/uploads\/2025\/04\/MAB-825-KTS-1-2-1.png","type":"image\/png"}],"twitter_card":"summary_large_image","schema":{"@context":"https:\/\/schema.org","@graph":[{"@type":"WebPage","@id":"https:\/\/csunitec.com\/es\/producto\/mab-825-kts\/","url":"https:\/\/csunitec.com\/es\/producto\/mab-825-kts\/","name":"MAB 825 KTS - CS Unitec","isPartOf":{"@id":"https:\/\/csunitec.com\/es\/#website"},"primaryImageOfPage":{"@id":"https:\/\/csunitec.com\/es\/producto\/mab-825-kts\/#primaryimage"},"image":{"@id":"https:\/\/csunitec.com\/es\/producto\/mab-825-kts\/#primaryimage"},"thumbnailUrl":"https:\/\/csunitec.com\/wp-content\/uploads\/2025\/04\/MAB-825-KTS-1-2-1.png","datePublished":"2024-10-03T15:56:00+00:00","dateModified":"2026-04-27T23:17:17+00:00","description":"El MAB 825 KTS es un taladro fresador magn\u00e9tico port\u00e1til de alta resistencia dise\u00f1ado para fresar, taladrar, ranurar y mecanizar metales in situ.","breadcrumb":{"@id":"https:\/\/csunitec.com\/es\/producto\/mab-825-kts\/#breadcrumb"},"inLanguage":"es","potentialAction":[{"@type":"ReadAction","target":["https:\/\/csunitec.com\/es\/producto\/mab-825-kts\/"]}]},{"@type":"ImageObject","inLanguage":"es","@id":"https:\/\/csunitec.com\/es\/producto\/mab-825-kts\/#primaryimage","url":"https:\/\/csunitec.com\/wp-content\/uploads\/2025\/04\/MAB-825-KTS-1-2-1.png","contentUrl":"https:\/\/csunitec.com\/wp-content\/uploads\/2025\/04\/MAB-825-KTS-1-2-1.png","width":1000,"height":1000},{"@type":"BreadcrumbList","@id":"https:\/\/csunitec.com\/es\/producto\/mab-825-kts\/#breadcrumb","itemListElement":[{"@type":"ListItem","position":1,"name":"Inicio","item":"https:\/\/csunitec.com\/es\/"},{"@type":"ListItem","position":2,"name":"Tienda","item":"https:\/\/csunitec.com\/es\/tienda\/"},{"@type":"ListItem","position":3,"name":"MAB 825 KTS"}]},{"@type":"WebSite","@id":"https:\/\/csunitec.com\/es\/#website","url":"https:\/\/csunitec.com\/es\/","name":"CS Unitec","description":"","potentialAction":[{"@type":"SearchAction","target":{"@type":"EntryPoint","urlTemplate":"https:\/\/csunitec.com\/es\/?s={search_term_string}"},"query-input":{"@type":"PropertyValueSpecification","valueRequired":true,"valueName":"search_term_string"}}],"inLanguage":"es"}]}},"_links":{"self":[{"href":"https:\/\/csunitec.com\/es\/wp-json\/wp\/v2\/product\/176742","targetHints":{"allow":["GET"]}}],"collection":[{"href":"https:\/\/csunitec.com\/es\/wp-json\/wp\/v2\/product"}],"about":[{"href":"https:\/\/csunitec.com\/es\/wp-json\/wp\/v2\/types\/product"}],"wp:featuredmedia":[{"embeddable":true,"href":"https:\/\/csunitec.com\/es\/wp-json\/wp\/v2\/media\/176747"}],"wp:attachment":[{"href":"https:\/\/csunitec.com\/es\/wp-json\/wp\/v2\/media?parent=176742"}],"wp:term":[{"taxonomy":"product_brand","embeddable":true,"href":"https:\/\/csunitec.com\/es\/wp-json\/wp\/v2\/product_brand?post=176742"},{"taxonomy":"product_cat","embeddable":true,"href":"https:\/\/csunitec.com\/es\/wp-json\/wp\/v2\/product_cat?post=176742"},{"taxonomy":"product_tag","embeddable":true,"href":"https:\/\/csunitec.com\/es\/wp-json\/wp\/v2\/product_tag?post=176742"},{"taxonomy":"accessory_type","embeddable":true,"href":"https:\/\/csunitec.com\/es\/wp-json\/wp\/v2\/accessory_type?post=176742"},{"taxonomy":"application","embeddable":true,"href":"https:\/\/csunitec.com\/es\/wp-json\/wp\/v2\/application?post=176742"},{"taxonomy":"hand_tool_type","embeddable":true,"href":"https:\/\/csunitec.com\/es\/wp-json\/wp\/v2\/hand_tool_type?post=176742"},{"taxonomy":"industry","embeddable":true,"href":"https:\/\/csunitec.com\/es\/wp-json\/wp\/v2\/industry?post=176742"},{"taxonomy":"material","embeddable":true,"href":"https:\/\/csunitec.com\/es\/wp-json\/wp\/v2\/material?post=176742"},{"taxonomy":"power_tool_type","embeddable":true,"href":"https:\/\/csunitec.com\/es\/wp-json\/wp\/v2\/power_tool_type?post=176742"},{"taxonomy":"power_type","embeddable":true,"href":"https:\/\/csunitec.com\/es\/wp-json\/wp\/v2\/power_type?post=176742"},{"taxonomy":"subcategory","embeddable":true,"href":"https:\/\/csunitec.com\/es\/wp-json\/wp\/v2\/subcategory?post=176742"},{"taxonomy":"tool_type","embeddable":true,"href":"https:\/\/csunitec.com\/es\/wp-json\/wp\/v2\/tool_type?post=176742"}],"curies":[{"name":"wp","href":"https:\/\/api.w.org\/{rel}","templated":true}]}}