{"id":176767,"date":"2024-10-03T18:26:00","date_gmt":"2024-10-03T18:26:00","guid":{"rendered":"https:\/\/stgcsunitec.wpenginepowered.com\/product\/mab-1300-y-mab-1300-v\/"},"modified":"2026-04-27T19:17:22","modified_gmt":"2026-04-27T23:17:22","slug":"mab-1300-y-mab-1300-v","status":"publish","type":"product","link":"https:\/\/csunitec.com\/es\/producto\/mab-1300-y-mab-1300-v\/","title":{"rendered":"MAB 1300 Y MAB 1300 V"},"content":{"rendered":"<ul>\n<li>El MAB 1300 sirve para taladrar agujeros de gran di\u00e1metro en acero estructural grueso, chapas, vigas y ensamblajes pesados.<\/li>\n<li>Ideal para talleres de fabricaci\u00f3n que requieren un par m\u00e1ximo, precisi\u00f3n y control de varias velocidades.<\/li>\n<li>Admite fresas anulares, brocas helicoidales, escariadores, avellanadores y herramientas de gran di\u00e1metro.<\/li>\n<li>Dise\u00f1ado para perforar secciones de acero extremadamente gruesas utilizadas en puentes, barcos, plataformas marinas y estructuras marinas.<\/li>\n<li>Para perforaciones verticales, horizontales y a\u00e9reas en grandes vigas en I, pilares y estructuras de acero.<\/li>\n<li>Taladrar agujeros de montaje para grandes sistemas de tuber\u00edas, soportes de conductos, equipos de climatizaci\u00f3n e instalaciones mec\u00e1nicas.<\/li>\n<\/ul>\n","protected":false},"excerpt":{"rendered":"<ul class=\"alexcss\">\n<li>Capacidad de corte*: Di\u00e1metro de 6&#8243; &#8211; La mayor capacidad de corte de la industria<\/li>\n<li>Capacidad de la broca helicoidal: 1-3\/4&#8243; de di\u00e1metro<\/li>\n<li>Motor reversible para roscar (hasta 1-5\/8&#8243;) y escariar (hasta 2&#8243;)<\/li>\n<li>Carrera 12&#8243; sin retenedor<\/li>\n<li>Cono Morse: MT4<\/li>\n<li>Fuerza magn\u00e9tica: 23600 lbs.<\/li>\n<li>Control de par infinitamente variable y electr\u00f3nica de control de onda completa<\/li>\n<li>Caja de cambios de 4 velocidades en ba\u00f1o de aceite<\/li>\n<li>Equipado con sensor electr\u00f3nico de desconexi\u00f3n de seguridad<\/li>\n<li class=\"ncircle\"><em>Alimentaci\u00f3n autom\u00e1tica Modelo: MAB 1300 V<\/em><\/li>\n<\/ul>\n<div class=\"alexcss\"><img decoding=\"async\" class=\"producticon\" src=\"https:\/\/csunitec.com\/wp-content\/uploads\/2026\/04\/ICON_MAB1300.png\" alt=\"\" width=\"1100\" height=\"297\" loading=\"lazy\"><\/div>\n","protected":false},"featured_media":176771,"template":"","meta":[],"product_brand":[],"product_cat":[935],"product_tag":[941,942,1024],"accessory_type":[],"application":[930],"hand_tool_type":[],"industry":[933],"material":[],"power_tool_type":[934],"power_type":[936],"subcategory":[940],"tool_type":[946],"class_list":{"0":"post-176767","1":"product","2":"type-product","3":"status-publish","4":"has-post-thumbnail","6":"product_cat-taladros","7":"product_tag-taladros-magneticos-electricos","8":"product_tag-taladros-magneticos","9":"product_tag-alimentacion-automatica","10":"application-perforacion-y-fijacion-2","11":"industry-metalurgia-2","12":"power_tool_type-taladro-magnetico","13":"power_type-electrico","14":"subcategory-taladros-magneticos","15":"tool_type-herramienta-electrica","17":"first","18":"instock","19":"shipping-taxable","20":"purchasable","21":"product-type-variable"},"yoast_head":"<!-- This site is optimized with the Yoast SEO plugin v27.5 - https:\/\/yoast.com\/product\/yoast-seo-wordpress\/ -->\n<title>MAB 1300 Y MAB 1300 V - CS Unitec<\/title>\n<meta name=\"description\" content=\"El MAB 1300 es un taladro magn\u00e9tico port\u00e1til ultrapesado dise\u00f1ado para obtener la m\u00e1xima capacidad de perforaci\u00f3n en acero, acero inoxidable y metales estructurales.\" \/>\n<meta name=\"robots\" content=\"index, follow, max-snippet:-1, max-image-preview:large, max-video-preview:-1\" \/>\n<link rel=\"canonical\" href=\"https:\/\/csunitec.com\/es\/producto\/mab-1300-y-mab-1300-v\/\" \/>\n<meta property=\"og:locale\" content=\"es_ES\" \/>\n<meta property=\"og:type\" content=\"article\" \/>\n<meta property=\"og:title\" content=\"MAB 1300 Y MAB 1300 V - CS Unitec\" \/>\n<meta property=\"og:description\" content=\"El MAB 1300 es un taladro magn\u00e9tico port\u00e1til ultrapesado dise\u00f1ado para obtener la m\u00e1xima capacidad de perforaci\u00f3n en acero, acero inoxidable y metales estructurales.\" \/>\n<meta property=\"og:url\" content=\"https:\/\/csunitec.com\/es\/producto\/mab-1300-y-mab-1300-v\/\" \/>\n<meta property=\"og:site_name\" content=\"CS Unitec\" \/>\n<meta property=\"article:modified_time\" content=\"2026-04-27T23:17:22+00:00\" \/>\n<meta property=\"og:image\" content=\"https:\/\/csunitec.com\/wp-content\/uploads\/2025\/04\/MAB-1300-7-2.png\" \/>\n\t<meta property=\"og:image:width\" content=\"1000\" \/>\n\t<meta property=\"og:image:height\" content=\"1000\" \/>\n\t<meta property=\"og:image:type\" content=\"image\/png\" \/>\n<meta name=\"twitter:card\" content=\"summary_large_image\" \/>\n<meta name=\"twitter:label1\" content=\"Tiempo de lectura\" \/>\n\t<meta name=\"twitter:data1\" content=\"1 minuto\" \/>\n<script type=\"application\/ld+json\" class=\"yoast-schema-graph\">{\"@context\":\"https:\\\/\\\/schema.org\",\"@graph\":[{\"@type\":\"WebPage\",\"@id\":\"https:\\\/\\\/csunitec.com\\\/es\\\/producto\\\/mab-1300-y-mab-1300-v\\\/\",\"url\":\"https:\\\/\\\/csunitec.com\\\/es\\\/producto\\\/mab-1300-y-mab-1300-v\\\/\",\"name\":\"MAB 1300 Y MAB 1300 V - CS Unitec\",\"isPartOf\":{\"@id\":\"https:\\\/\\\/csunitec.com\\\/es\\\/#website\"},\"primaryImageOfPage\":{\"@id\":\"https:\\\/\\\/csunitec.com\\\/es\\\/producto\\\/mab-1300-y-mab-1300-v\\\/#primaryimage\"},\"image\":{\"@id\":\"https:\\\/\\\/csunitec.com\\\/es\\\/producto\\\/mab-1300-y-mab-1300-v\\\/#primaryimage\"},\"thumbnailUrl\":\"https:\\\/\\\/csunitec.com\\\/wp-content\\\/uploads\\\/2025\\\/04\\\/MAB-1300-7-2.png\",\"datePublished\":\"2024-10-03T18:26:00+00:00\",\"dateModified\":\"2026-04-27T23:17:22+00:00\",\"description\":\"El MAB 1300 es un taladro magn\u00e9tico port\u00e1til ultrapesado dise\u00f1ado para obtener la m\u00e1xima capacidad de perforaci\u00f3n en acero, acero inoxidable y metales estructurales.\",\"breadcrumb\":{\"@id\":\"https:\\\/\\\/csunitec.com\\\/es\\\/producto\\\/mab-1300-y-mab-1300-v\\\/#breadcrumb\"},\"inLanguage\":\"es\",\"potentialAction\":[{\"@type\":\"ReadAction\",\"target\":[\"https:\\\/\\\/csunitec.com\\\/es\\\/producto\\\/mab-1300-y-mab-1300-v\\\/\"]}]},{\"@type\":\"ImageObject\",\"inLanguage\":\"es\",\"@id\":\"https:\\\/\\\/csunitec.com\\\/es\\\/producto\\\/mab-1300-y-mab-1300-v\\\/#primaryimage\",\"url\":\"https:\\\/\\\/csunitec.com\\\/wp-content\\\/uploads\\\/2025\\\/04\\\/MAB-1300-7-2.png\",\"contentUrl\":\"https:\\\/\\\/csunitec.com\\\/wp-content\\\/uploads\\\/2025\\\/04\\\/MAB-1300-7-2.png\",\"width\":1000,\"height\":1000},{\"@type\":\"BreadcrumbList\",\"@id\":\"https:\\\/\\\/csunitec.com\\\/es\\\/producto\\\/mab-1300-y-mab-1300-v\\\/#breadcrumb\",\"itemListElement\":[{\"@type\":\"ListItem\",\"position\":1,\"name\":\"Inicio\",\"item\":\"https:\\\/\\\/csunitec.com\\\/es\\\/\"},{\"@type\":\"ListItem\",\"position\":2,\"name\":\"Tienda\",\"item\":\"https:\\\/\\\/csunitec.com\\\/es\\\/tienda\\\/\"},{\"@type\":\"ListItem\",\"position\":3,\"name\":\"MAB 1300 Y MAB 1300 V\"}]},{\"@type\":\"WebSite\",\"@id\":\"https:\\\/\\\/csunitec.com\\\/es\\\/#website\",\"url\":\"https:\\\/\\\/csunitec.com\\\/es\\\/\",\"name\":\"CS Unitec\",\"description\":\"\",\"potentialAction\":[{\"@type\":\"SearchAction\",\"target\":{\"@type\":\"EntryPoint\",\"urlTemplate\":\"https:\\\/\\\/csunitec.com\\\/es\\\/?s={search_term_string}\"},\"query-input\":{\"@type\":\"PropertyValueSpecification\",\"valueRequired\":true,\"valueName\":\"search_term_string\"}}],\"inLanguage\":\"es\"}]}<\/script>\n<!-- \/ Yoast SEO plugin. -->","yoast_head_json":{"title":"MAB 1300 Y MAB 1300 V - CS Unitec","description":"El MAB 1300 es un taladro magn\u00e9tico port\u00e1til ultrapesado dise\u00f1ado para obtener la m\u00e1xima capacidad de perforaci\u00f3n en acero, acero inoxidable y metales estructurales.","robots":{"index":"index","follow":"follow","max-snippet":"max-snippet:-1","max-image-preview":"max-image-preview:large","max-video-preview":"max-video-preview:-1"},"canonical":"https:\/\/csunitec.com\/es\/producto\/mab-1300-y-mab-1300-v\/","og_locale":"es_ES","og_type":"article","og_title":"MAB 1300 Y MAB 1300 V - CS Unitec","og_description":"El MAB 1300 es un taladro magn\u00e9tico port\u00e1til ultrapesado dise\u00f1ado para obtener la m\u00e1xima capacidad de perforaci\u00f3n en acero, acero inoxidable y metales estructurales.","og_url":"https:\/\/csunitec.com\/es\/producto\/mab-1300-y-mab-1300-v\/","og_site_name":"CS Unitec","article_modified_time":"2026-04-27T23:17:22+00:00","og_image":[{"width":1000,"height":1000,"url":"https:\/\/csunitec.com\/wp-content\/uploads\/2025\/04\/MAB-1300-7-2.png","type":"image\/png"}],"twitter_card":"summary_large_image","twitter_misc":{"Tiempo de lectura":"1 minuto"},"schema":{"@context":"https:\/\/schema.org","@graph":[{"@type":"WebPage","@id":"https:\/\/csunitec.com\/es\/producto\/mab-1300-y-mab-1300-v\/","url":"https:\/\/csunitec.com\/es\/producto\/mab-1300-y-mab-1300-v\/","name":"MAB 1300 Y MAB 1300 V - CS Unitec","isPartOf":{"@id":"https:\/\/csunitec.com\/es\/#website"},"primaryImageOfPage":{"@id":"https:\/\/csunitec.com\/es\/producto\/mab-1300-y-mab-1300-v\/#primaryimage"},"image":{"@id":"https:\/\/csunitec.com\/es\/producto\/mab-1300-y-mab-1300-v\/#primaryimage"},"thumbnailUrl":"https:\/\/csunitec.com\/wp-content\/uploads\/2025\/04\/MAB-1300-7-2.png","datePublished":"2024-10-03T18:26:00+00:00","dateModified":"2026-04-27T23:17:22+00:00","description":"El MAB 1300 es un taladro magn\u00e9tico port\u00e1til ultrapesado dise\u00f1ado para obtener la m\u00e1xima capacidad de perforaci\u00f3n en acero, acero inoxidable y metales estructurales.","breadcrumb":{"@id":"https:\/\/csunitec.com\/es\/producto\/mab-1300-y-mab-1300-v\/#breadcrumb"},"inLanguage":"es","potentialAction":[{"@type":"ReadAction","target":["https:\/\/csunitec.com\/es\/producto\/mab-1300-y-mab-1300-v\/"]}]},{"@type":"ImageObject","inLanguage":"es","@id":"https:\/\/csunitec.com\/es\/producto\/mab-1300-y-mab-1300-v\/#primaryimage","url":"https:\/\/csunitec.com\/wp-content\/uploads\/2025\/04\/MAB-1300-7-2.png","contentUrl":"https:\/\/csunitec.com\/wp-content\/uploads\/2025\/04\/MAB-1300-7-2.png","width":1000,"height":1000},{"@type":"BreadcrumbList","@id":"https:\/\/csunitec.com\/es\/producto\/mab-1300-y-mab-1300-v\/#breadcrumb","itemListElement":[{"@type":"ListItem","position":1,"name":"Inicio","item":"https:\/\/csunitec.com\/es\/"},{"@type":"ListItem","position":2,"name":"Tienda","item":"https:\/\/csunitec.com\/es\/tienda\/"},{"@type":"ListItem","position":3,"name":"MAB 1300 Y MAB 1300 V"}]},{"@type":"WebSite","@id":"https:\/\/csunitec.com\/es\/#website","url":"https:\/\/csunitec.com\/es\/","name":"CS Unitec","description":"","potentialAction":[{"@type":"SearchAction","target":{"@type":"EntryPoint","urlTemplate":"https:\/\/csunitec.com\/es\/?s={search_term_string}"},"query-input":{"@type":"PropertyValueSpecification","valueRequired":true,"valueName":"search_term_string"}}],"inLanguage":"es"}]}},"_links":{"self":[{"href":"https:\/\/csunitec.com\/es\/wp-json\/wp\/v2\/product\/176767","targetHints":{"allow":["GET"]}}],"collection":[{"href":"https:\/\/csunitec.com\/es\/wp-json\/wp\/v2\/product"}],"about":[{"href":"https:\/\/csunitec.com\/es\/wp-json\/wp\/v2\/types\/product"}],"wp:featuredmedia":[{"embeddable":true,"href":"https:\/\/csunitec.com\/es\/wp-json\/wp\/v2\/media\/176771"}],"wp:attachment":[{"href":"https:\/\/csunitec.com\/es\/wp-json\/wp\/v2\/media?parent=176767"}],"wp:term":[{"taxonomy":"product_brand","embeddable":true,"href":"https:\/\/csunitec.com\/es\/wp-json\/wp\/v2\/product_brand?post=176767"},{"taxonomy":"product_cat","embeddable":true,"href":"https:\/\/csunitec.com\/es\/wp-json\/wp\/v2\/product_cat?post=176767"},{"taxonomy":"product_tag","embeddable":true,"href":"https:\/\/csunitec.com\/es\/wp-json\/wp\/v2\/product_tag?post=176767"},{"taxonomy":"accessory_type","embeddable":true,"href":"https:\/\/csunitec.com\/es\/wp-json\/wp\/v2\/accessory_type?post=176767"},{"taxonomy":"application","embeddable":true,"href":"https:\/\/csunitec.com\/es\/wp-json\/wp\/v2\/application?post=176767"},{"taxonomy":"hand_tool_type","embeddable":true,"href":"https:\/\/csunitec.com\/es\/wp-json\/wp\/v2\/hand_tool_type?post=176767"},{"taxonomy":"industry","embeddable":true,"href":"https:\/\/csunitec.com\/es\/wp-json\/wp\/v2\/industry?post=176767"},{"taxonomy":"material","embeddable":true,"href":"https:\/\/csunitec.com\/es\/wp-json\/wp\/v2\/material?post=176767"},{"taxonomy":"power_tool_type","embeddable":true,"href":"https:\/\/csunitec.com\/es\/wp-json\/wp\/v2\/power_tool_type?post=176767"},{"taxonomy":"power_type","embeddable":true,"href":"https:\/\/csunitec.com\/es\/wp-json\/wp\/v2\/power_type?post=176767"},{"taxonomy":"subcategory","embeddable":true,"href":"https:\/\/csunitec.com\/es\/wp-json\/wp\/v2\/subcategory?post=176767"},{"taxonomy":"tool_type","embeddable":true,"href":"https:\/\/csunitec.com\/es\/wp-json\/wp\/v2\/tool_type?post=176767"}],"curies":[{"name":"wp","href":"https:\/\/api.w.org\/{rel}","templated":true}]}}