{"id":176839,"date":"2024-10-07T14:20:00","date_gmt":"2024-10-07T14:20:00","guid":{"rendered":"https:\/\/stgcsunitec.wpenginepowered.com\/product\/taladros-magneticos-hidraulicos\/"},"modified":"2026-04-30T01:57:23","modified_gmt":"2026-04-30T05:57:23","slug":"taladros-magneticos-hidraulicos","status":"publish","type":"product","link":"https:\/\/csunitec.com\/es\/producto\/taladros-magneticos-hidraulicos\/","title":{"rendered":"Taladros magn\u00e9ticos hidr\u00e1ulicos"},"content":{"rendered":"<ul>\n<li>Las perforadoras magn\u00e9ticas hidr\u00e1ulicas son ideales para aplicaciones submarinas, de construcci\u00f3n industrial, marinas y mineras.<\/li>\n<li>Perforan el acero estructural y otros metales, incluso bajo el agua.<\/li>\n<li>Ideal para trabajos en tuber\u00edas, fabricaci\u00f3n de tanques, mantenimiento de refiner\u00edas y modificaciones estructurales.<\/li>\n<li>\u00datil para instalar soportes, m\u00e9nsulas y sistemas mec\u00e1nicos en entornos subterr\u00e1neos o confinados.<\/li>\n<li>Perforaciones verticales, horizontales y a\u00e9reas en grandes vigas en I, pilares y estructuras de acero.<\/li>\n<li>Hay modelos ATEX disponibles.<\/li>\n<\/ul>\n","protected":false},"excerpt":{"rendered":"<ul class=\"alexcss\">\n<li>Capacidad de corte: Hasta 4&#8243; de di\u00e1metro<\/li>\n<li>Capacidad de la broca helicoidal: 1-1\/4&#8243; de di\u00e1metro<\/li>\n<li>Reversible para roscar: hasta 1-1\/8&#8243; di\u00e1.<\/li>\n<li>Ideal para aplicaciones subacu\u00e1ticas<\/li>\n<li>Carrera: Hasta 12<\/li>\n<li>Fuerza magn\u00e9tica: 1300 lbs.<\/li>\n<li>Cono Morse: MT3<\/li>\n<li>Velocidad: Velocidad variable hasta 630 RPM<\/li>\n<li>Mangueras flexibles y acoplamientos FF incluidos<\/li>\n<\/ul>\n","protected":false},"featured_media":176851,"template":"","meta":[],"product_brand":[],"product_cat":[935,1048],"product_tag":[942,973,1027],"accessory_type":[],"application":[930],"hand_tool_type":[],"industry":[933,971],"material":[],"power_tool_type":[934],"power_type":[976],"subcategory":[940,1112],"tool_type":[946],"class_list":{"0":"post-176839","1":"product","2":"type-product","3":"status-publish","4":"has-post-thumbnail","6":"product_cat-taladros","7":"product_cat-herramientas-de-seguridad","8":"product_tag-taladros-magneticos","9":"product_tag-atex","10":"product_tag-taladros-magneticos-hidraulicos","11":"application-perforacion-y-fijacion-2","12":"industry-metalurgia-2","13":"industry-submarino","14":"power_tool_type-taladro-magnetico","15":"power_type-hidraulico","16":"subcategory-taladros-magneticos","17":"subcategory-herramientas-de-seguridad","18":"tool_type-herramienta-electrica","20":"first","21":"instock","22":"shipping-taxable","23":"purchasable","24":"product-type-variable"},"yoast_head":"<!-- This site is optimized with the Yoast SEO plugin v27.5 - https:\/\/yoast.com\/product\/yoast-seo-wordpress\/ -->\n<title>Taladros magn\u00e9ticos hidr\u00e1ulicos - CS Unitec<\/title>\n<meta name=\"description\" content=\"Las brocas magn\u00e9ticas hidr\u00e1ulicas ofrecen un taladrado potente y estable para acero pesado y metales estructurales en entornos exigentes.\" \/>\n<meta name=\"robots\" content=\"index, follow, max-snippet:-1, max-image-preview:large, max-video-preview:-1\" \/>\n<link rel=\"canonical\" href=\"https:\/\/csunitec.com\/es\/producto\/taladros-magneticos-hidraulicos\/\" \/>\n<meta property=\"og:locale\" content=\"es_ES\" \/>\n<meta property=\"og:type\" content=\"article\" \/>\n<meta property=\"og:title\" content=\"Taladros magn\u00e9ticos hidr\u00e1ulicos - CS Unitec\" \/>\n<meta property=\"og:description\" content=\"Las brocas magn\u00e9ticas hidr\u00e1ulicas ofrecen un taladrado potente y estable para acero pesado y metales estructurales en entornos exigentes.\" \/>\n<meta property=\"og:url\" content=\"https:\/\/csunitec.com\/es\/producto\/taladros-magneticos-hidraulicos\/\" \/>\n<meta property=\"og:site_name\" content=\"CS Unitec\" \/>\n<meta property=\"article:modified_time\" content=\"2026-04-30T05:57:23+00:00\" \/>\n<meta property=\"og:image\" content=\"https:\/\/csunitec.com\/wp-content\/uploads\/2025\/04\/2-1345-Hydraulic-Magnetic-Drill-5-1.png\" \/>\n\t<meta property=\"og:image:width\" content=\"1000\" \/>\n\t<meta property=\"og:image:height\" content=\"1000\" \/>\n\t<meta property=\"og:image:type\" content=\"image\/png\" \/>\n<meta name=\"twitter:card\" content=\"summary_large_image\" \/>\n<script type=\"application\/ld+json\" class=\"yoast-schema-graph\">{\"@context\":\"https:\\\/\\\/schema.org\",\"@graph\":[{\"@type\":\"WebPage\",\"@id\":\"https:\\\/\\\/csunitec.com\\\/es\\\/producto\\\/taladros-magneticos-hidraulicos\\\/\",\"url\":\"https:\\\/\\\/csunitec.com\\\/es\\\/producto\\\/taladros-magneticos-hidraulicos\\\/\",\"name\":\"Taladros magn\u00e9ticos hidr\u00e1ulicos - CS Unitec\",\"isPartOf\":{\"@id\":\"https:\\\/\\\/csunitec.com\\\/es\\\/#website\"},\"primaryImageOfPage\":{\"@id\":\"https:\\\/\\\/csunitec.com\\\/es\\\/producto\\\/taladros-magneticos-hidraulicos\\\/#primaryimage\"},\"image\":{\"@id\":\"https:\\\/\\\/csunitec.com\\\/es\\\/producto\\\/taladros-magneticos-hidraulicos\\\/#primaryimage\"},\"thumbnailUrl\":\"https:\\\/\\\/csunitec.com\\\/wp-content\\\/uploads\\\/2025\\\/04\\\/2-1345-Hydraulic-Magnetic-Drill-5-1.png\",\"datePublished\":\"2024-10-07T14:20:00+00:00\",\"dateModified\":\"2026-04-30T05:57:23+00:00\",\"description\":\"Las brocas magn\u00e9ticas hidr\u00e1ulicas ofrecen un taladrado potente y estable para acero pesado y metales estructurales en entornos exigentes.\",\"breadcrumb\":{\"@id\":\"https:\\\/\\\/csunitec.com\\\/es\\\/producto\\\/taladros-magneticos-hidraulicos\\\/#breadcrumb\"},\"inLanguage\":\"es\",\"potentialAction\":[{\"@type\":\"ReadAction\",\"target\":[\"https:\\\/\\\/csunitec.com\\\/es\\\/producto\\\/taladros-magneticos-hidraulicos\\\/\"]}]},{\"@type\":\"ImageObject\",\"inLanguage\":\"es\",\"@id\":\"https:\\\/\\\/csunitec.com\\\/es\\\/producto\\\/taladros-magneticos-hidraulicos\\\/#primaryimage\",\"url\":\"https:\\\/\\\/csunitec.com\\\/wp-content\\\/uploads\\\/2025\\\/04\\\/2-1345-Hydraulic-Magnetic-Drill-5-1.png\",\"contentUrl\":\"https:\\\/\\\/csunitec.com\\\/wp-content\\\/uploads\\\/2025\\\/04\\\/2-1345-Hydraulic-Magnetic-Drill-5-1.png\",\"width\":1000,\"height\":1000},{\"@type\":\"BreadcrumbList\",\"@id\":\"https:\\\/\\\/csunitec.com\\\/es\\\/producto\\\/taladros-magneticos-hidraulicos\\\/#breadcrumb\",\"itemListElement\":[{\"@type\":\"ListItem\",\"position\":1,\"name\":\"Inicio\",\"item\":\"https:\\\/\\\/csunitec.com\\\/es\\\/\"},{\"@type\":\"ListItem\",\"position\":2,\"name\":\"Tienda\",\"item\":\"https:\\\/\\\/csunitec.com\\\/es\\\/tienda\\\/\"},{\"@type\":\"ListItem\",\"position\":3,\"name\":\"Taladros magn\u00e9ticos hidr\u00e1ulicos\"}]},{\"@type\":\"WebSite\",\"@id\":\"https:\\\/\\\/csunitec.com\\\/es\\\/#website\",\"url\":\"https:\\\/\\\/csunitec.com\\\/es\\\/\",\"name\":\"CS Unitec\",\"description\":\"\",\"potentialAction\":[{\"@type\":\"SearchAction\",\"target\":{\"@type\":\"EntryPoint\",\"urlTemplate\":\"https:\\\/\\\/csunitec.com\\\/es\\\/?s={search_term_string}\"},\"query-input\":{\"@type\":\"PropertyValueSpecification\",\"valueRequired\":true,\"valueName\":\"search_term_string\"}}],\"inLanguage\":\"es\"}]}<\/script>\n<!-- \/ Yoast SEO plugin. -->","yoast_head_json":{"title":"Taladros magn\u00e9ticos hidr\u00e1ulicos - CS Unitec","description":"Las brocas magn\u00e9ticas hidr\u00e1ulicas ofrecen un taladrado potente y estable para acero pesado y metales estructurales en entornos exigentes.","robots":{"index":"index","follow":"follow","max-snippet":"max-snippet:-1","max-image-preview":"max-image-preview:large","max-video-preview":"max-video-preview:-1"},"canonical":"https:\/\/csunitec.com\/es\/producto\/taladros-magneticos-hidraulicos\/","og_locale":"es_ES","og_type":"article","og_title":"Taladros magn\u00e9ticos hidr\u00e1ulicos - CS Unitec","og_description":"Las brocas magn\u00e9ticas hidr\u00e1ulicas ofrecen un taladrado potente y estable para acero pesado y metales estructurales en entornos exigentes.","og_url":"https:\/\/csunitec.com\/es\/producto\/taladros-magneticos-hidraulicos\/","og_site_name":"CS Unitec","article_modified_time":"2026-04-30T05:57:23+00:00","og_image":[{"width":1000,"height":1000,"url":"https:\/\/csunitec.com\/wp-content\/uploads\/2025\/04\/2-1345-Hydraulic-Magnetic-Drill-5-1.png","type":"image\/png"}],"twitter_card":"summary_large_image","schema":{"@context":"https:\/\/schema.org","@graph":[{"@type":"WebPage","@id":"https:\/\/csunitec.com\/es\/producto\/taladros-magneticos-hidraulicos\/","url":"https:\/\/csunitec.com\/es\/producto\/taladros-magneticos-hidraulicos\/","name":"Taladros magn\u00e9ticos hidr\u00e1ulicos - CS Unitec","isPartOf":{"@id":"https:\/\/csunitec.com\/es\/#website"},"primaryImageOfPage":{"@id":"https:\/\/csunitec.com\/es\/producto\/taladros-magneticos-hidraulicos\/#primaryimage"},"image":{"@id":"https:\/\/csunitec.com\/es\/producto\/taladros-magneticos-hidraulicos\/#primaryimage"},"thumbnailUrl":"https:\/\/csunitec.com\/wp-content\/uploads\/2025\/04\/2-1345-Hydraulic-Magnetic-Drill-5-1.png","datePublished":"2024-10-07T14:20:00+00:00","dateModified":"2026-04-30T05:57:23+00:00","description":"Las brocas magn\u00e9ticas hidr\u00e1ulicas ofrecen un taladrado potente y estable para acero pesado y metales estructurales en entornos exigentes.","breadcrumb":{"@id":"https:\/\/csunitec.com\/es\/producto\/taladros-magneticos-hidraulicos\/#breadcrumb"},"inLanguage":"es","potentialAction":[{"@type":"ReadAction","target":["https:\/\/csunitec.com\/es\/producto\/taladros-magneticos-hidraulicos\/"]}]},{"@type":"ImageObject","inLanguage":"es","@id":"https:\/\/csunitec.com\/es\/producto\/taladros-magneticos-hidraulicos\/#primaryimage","url":"https:\/\/csunitec.com\/wp-content\/uploads\/2025\/04\/2-1345-Hydraulic-Magnetic-Drill-5-1.png","contentUrl":"https:\/\/csunitec.com\/wp-content\/uploads\/2025\/04\/2-1345-Hydraulic-Magnetic-Drill-5-1.png","width":1000,"height":1000},{"@type":"BreadcrumbList","@id":"https:\/\/csunitec.com\/es\/producto\/taladros-magneticos-hidraulicos\/#breadcrumb","itemListElement":[{"@type":"ListItem","position":1,"name":"Inicio","item":"https:\/\/csunitec.com\/es\/"},{"@type":"ListItem","position":2,"name":"Tienda","item":"https:\/\/csunitec.com\/es\/tienda\/"},{"@type":"ListItem","position":3,"name":"Taladros magn\u00e9ticos hidr\u00e1ulicos"}]},{"@type":"WebSite","@id":"https:\/\/csunitec.com\/es\/#website","url":"https:\/\/csunitec.com\/es\/","name":"CS Unitec","description":"","potentialAction":[{"@type":"SearchAction","target":{"@type":"EntryPoint","urlTemplate":"https:\/\/csunitec.com\/es\/?s={search_term_string}"},"query-input":{"@type":"PropertyValueSpecification","valueRequired":true,"valueName":"search_term_string"}}],"inLanguage":"es"}]}},"_links":{"self":[{"href":"https:\/\/csunitec.com\/es\/wp-json\/wp\/v2\/product\/176839","targetHints":{"allow":["GET"]}}],"collection":[{"href":"https:\/\/csunitec.com\/es\/wp-json\/wp\/v2\/product"}],"about":[{"href":"https:\/\/csunitec.com\/es\/wp-json\/wp\/v2\/types\/product"}],"wp:featuredmedia":[{"embeddable":true,"href":"https:\/\/csunitec.com\/es\/wp-json\/wp\/v2\/media\/176851"}],"wp:attachment":[{"href":"https:\/\/csunitec.com\/es\/wp-json\/wp\/v2\/media?parent=176839"}],"wp:term":[{"taxonomy":"product_brand","embeddable":true,"href":"https:\/\/csunitec.com\/es\/wp-json\/wp\/v2\/product_brand?post=176839"},{"taxonomy":"product_cat","embeddable":true,"href":"https:\/\/csunitec.com\/es\/wp-json\/wp\/v2\/product_cat?post=176839"},{"taxonomy":"product_tag","embeddable":true,"href":"https:\/\/csunitec.com\/es\/wp-json\/wp\/v2\/product_tag?post=176839"},{"taxonomy":"accessory_type","embeddable":true,"href":"https:\/\/csunitec.com\/es\/wp-json\/wp\/v2\/accessory_type?post=176839"},{"taxonomy":"application","embeddable":true,"href":"https:\/\/csunitec.com\/es\/wp-json\/wp\/v2\/application?post=176839"},{"taxonomy":"hand_tool_type","embeddable":true,"href":"https:\/\/csunitec.com\/es\/wp-json\/wp\/v2\/hand_tool_type?post=176839"},{"taxonomy":"industry","embeddable":true,"href":"https:\/\/csunitec.com\/es\/wp-json\/wp\/v2\/industry?post=176839"},{"taxonomy":"material","embeddable":true,"href":"https:\/\/csunitec.com\/es\/wp-json\/wp\/v2\/material?post=176839"},{"taxonomy":"power_tool_type","embeddable":true,"href":"https:\/\/csunitec.com\/es\/wp-json\/wp\/v2\/power_tool_type?post=176839"},{"taxonomy":"power_type","embeddable":true,"href":"https:\/\/csunitec.com\/es\/wp-json\/wp\/v2\/power_type?post=176839"},{"taxonomy":"subcategory","embeddable":true,"href":"https:\/\/csunitec.com\/es\/wp-json\/wp\/v2\/subcategory?post=176839"},{"taxonomy":"tool_type","embeddable":true,"href":"https:\/\/csunitec.com\/es\/wp-json\/wp\/v2\/tool_type?post=176839"}],"curies":[{"name":"wp","href":"https:\/\/api.w.org\/{rel}","templated":true}]}}