{"id":176858,"date":"2024-09-20T19:12:00","date_gmt":"2024-09-20T19:12:00","guid":{"rendered":"https:\/\/stgcsunitec.wpenginepowered.com\/product\/mab-155pro\/"},"modified":"2026-04-30T01:57:09","modified_gmt":"2026-04-30T05:57:09","slug":"mab-155pro","status":"publish","type":"product","link":"https:\/\/csunitec.com\/es\/producto\/mab-155pro\/","title":{"rendered":"MAB 155PRO"},"content":{"rendered":"<ul>\n<li>El MAB 155PRO admite fresas con un v\u00e1stago soldable de 3\/4&#8243; y una profundidad m\u00e1xima de corte de 1-1\/2&#8243;.<\/li>\n<li>Taladrar agujeros en acero estructural, chapas, vigas y conjuntos fabricados.<\/li>\n<li>Ideal para fabricaci\u00f3n en taller o en campo que requiera una perforaci\u00f3n r\u00e1pida y precisa.<\/li>\n<li>Perforaci\u00f3n a\u00e9rea, vertical y en espacios reducidos en vigas en I, pilares y estructuras de acero.<\/li>\n<li>Perfecto para instalar escuadras, soportes y uniones atornilladas.<\/li>\n<li>Perforaci\u00f3n in situ para reparaci\u00f3n de equipos, modernizaci\u00f3n y mantenimiento de plantas.<\/li>\n<li>\u00datil en lugares confinados o elevados donde las brocas m\u00e1s grandes son poco pr\u00e1cticas.<\/li>\n<li>Su dise\u00f1o ligero lo hace ideal para los t\u00e9cnicos que necesitan un taladro magn\u00e9tico compacto para trabajar a distancia o en varios sitios.<\/li>\n<\/ul>\n","protected":false},"excerpt":{"rendered":"<ul class=\"alexcss\">\n<li>Capacidad de corte: Di\u00e1metro 1-1\/2<\/li>\n<li>Carrera: 1-1\/2&#8243;<\/li>\n<li>Altura compacta: 7-1\/8<\/li>\n<li>Velocidad (RPM): 460<\/li>\n<li>Fuerza magn\u00e9tica: 2640 lbs.<\/li>\n<li>Luz LED para aumentar la visibilidad<\/li>\n<li>Utiliza fresas anulares est\u00e1ndar de v\u00e1stago plano de 3\/4&#8243; 2<\/li>\n<li>Equipado con sensor electr\u00f3nico de desconexi\u00f3n de seguridad<\/li>\n<\/ul>\n<div class=\"alexcss\"><img decoding=\"async\" class=\"producticon lazyload\" data-src=\"https:\/\/csunitec.com\/wp-content\/uploads\/2024\/09\/ICON_155Pro-300x199.png\" alt=\"\" width=\"268\" height=\"177\" src=\"data:image\/svg+xml;base64,PHN2ZyB3aWR0aD0iMSIgaGVpZ2h0PSIxIiB4bWxucz0iaHR0cDovL3d3dy53My5vcmcvMjAwMC9zdmciPjwvc3ZnPg==\" style=\"--smush-placeholder-width: 268px; --smush-placeholder-aspect-ratio: 268\/177;\"><\/div>\n","protected":false},"featured_media":176859,"template":"","meta":[],"product_brand":[],"product_cat":[935],"product_tag":[941,942,952],"accessory_type":[],"application":[930],"hand_tool_type":[],"industry":[933],"material":[],"power_tool_type":[934],"power_type":[936],"subcategory":[940],"tool_type":[946],"class_list":{"0":"post-176858","1":"product","2":"type-product","3":"status-publish","4":"has-post-thumbnail","6":"product_cat-taladros","7":"product_tag-taladros-magneticos-electricos","8":"product_tag-taladros-magneticos","9":"product_tag-destacado","10":"application-perforacion-y-fijacion-2","11":"industry-metalurgia-2","12":"power_tool_type-taladro-magnetico","13":"power_type-electrico","14":"subcategory-taladros-magneticos","15":"tool_type-herramienta-electrica","17":"first","18":"instock","19":"shipping-taxable","20":"purchasable","21":"product-type-simple"},"yoast_head":"<!-- This site is optimized with the Yoast SEO plugin v27.5 - https:\/\/yoast.com\/product\/yoast-seo-wordpress\/ -->\n<title>MAB 155PRO - CS Unitec<\/title>\n<meta name=\"description\" content=\"El MAB 155PRO es un taladro magn\u00e9tico port\u00e1til ultracompacto dise\u00f1ado para taladrar con precisi\u00f3n en espacios reducidos, por encima de la cabeza y de dif\u00edcil acceso. Incluye luz LED.\" \/>\n<meta name=\"robots\" content=\"index, follow, max-snippet:-1, max-image-preview:large, max-video-preview:-1\" \/>\n<link rel=\"canonical\" href=\"https:\/\/csunitec.com\/es\/producto\/mab-155pro\/\" \/>\n<meta property=\"og:locale\" content=\"es_ES\" \/>\n<meta property=\"og:type\" content=\"article\" \/>\n<meta property=\"og:title\" content=\"MAB 155PRO - CS Unitec\" \/>\n<meta property=\"og:description\" content=\"El MAB 155PRO es un taladro magn\u00e9tico port\u00e1til ultracompacto dise\u00f1ado para taladrar con precisi\u00f3n en espacios reducidos, por encima de la cabeza y de dif\u00edcil acceso. Incluye luz LED.\" \/>\n<meta property=\"og:url\" content=\"https:\/\/csunitec.com\/es\/producto\/mab-155pro\/\" \/>\n<meta property=\"og:site_name\" content=\"CS Unitec\" \/>\n<meta property=\"article:modified_time\" content=\"2026-04-30T05:57:09+00:00\" \/>\n<meta property=\"og:image\" content=\"https:\/\/csunitec.com\/wp-content\/uploads\/2025\/04\/MAB-155PRO-1-1-1.png\" \/>\n\t<meta property=\"og:image:width\" content=\"1000\" \/>\n\t<meta property=\"og:image:height\" content=\"1000\" \/>\n\t<meta property=\"og:image:type\" content=\"image\/png\" \/>\n<meta name=\"twitter:card\" content=\"summary_large_image\" \/>\n<meta name=\"twitter:label1\" content=\"Tiempo de lectura\" \/>\n\t<meta name=\"twitter:data1\" content=\"1 minuto\" \/>\n<script type=\"application\/ld+json\" class=\"yoast-schema-graph\">{\"@context\":\"https:\\\/\\\/schema.org\",\"@graph\":[{\"@type\":\"WebPage\",\"@id\":\"https:\\\/\\\/csunitec.com\\\/es\\\/producto\\\/mab-155pro\\\/\",\"url\":\"https:\\\/\\\/csunitec.com\\\/es\\\/producto\\\/mab-155pro\\\/\",\"name\":\"MAB 155PRO - CS Unitec\",\"isPartOf\":{\"@id\":\"https:\\\/\\\/csunitec.com\\\/es\\\/#website\"},\"primaryImageOfPage\":{\"@id\":\"https:\\\/\\\/csunitec.com\\\/es\\\/producto\\\/mab-155pro\\\/#primaryimage\"},\"image\":{\"@id\":\"https:\\\/\\\/csunitec.com\\\/es\\\/producto\\\/mab-155pro\\\/#primaryimage\"},\"thumbnailUrl\":\"https:\\\/\\\/csunitec.com\\\/wp-content\\\/uploads\\\/2025\\\/04\\\/MAB-155PRO-1-1-1.png\",\"datePublished\":\"2024-09-20T19:12:00+00:00\",\"dateModified\":\"2026-04-30T05:57:09+00:00\",\"description\":\"El MAB 155PRO es un taladro magn\u00e9tico port\u00e1til ultracompacto dise\u00f1ado para taladrar con precisi\u00f3n en espacios reducidos, por encima de la cabeza y de dif\u00edcil acceso. Incluye luz LED.\",\"breadcrumb\":{\"@id\":\"https:\\\/\\\/csunitec.com\\\/es\\\/producto\\\/mab-155pro\\\/#breadcrumb\"},\"inLanguage\":\"es\",\"potentialAction\":[{\"@type\":\"ReadAction\",\"target\":[\"https:\\\/\\\/csunitec.com\\\/es\\\/producto\\\/mab-155pro\\\/\"]}]},{\"@type\":\"ImageObject\",\"inLanguage\":\"es\",\"@id\":\"https:\\\/\\\/csunitec.com\\\/es\\\/producto\\\/mab-155pro\\\/#primaryimage\",\"url\":\"https:\\\/\\\/csunitec.com\\\/wp-content\\\/uploads\\\/2025\\\/04\\\/MAB-155PRO-1-1-1.png\",\"contentUrl\":\"https:\\\/\\\/csunitec.com\\\/wp-content\\\/uploads\\\/2025\\\/04\\\/MAB-155PRO-1-1-1.png\",\"width\":1000,\"height\":1000},{\"@type\":\"BreadcrumbList\",\"@id\":\"https:\\\/\\\/csunitec.com\\\/es\\\/producto\\\/mab-155pro\\\/#breadcrumb\",\"itemListElement\":[{\"@type\":\"ListItem\",\"position\":1,\"name\":\"Inicio\",\"item\":\"https:\\\/\\\/csunitec.com\\\/es\\\/\"},{\"@type\":\"ListItem\",\"position\":2,\"name\":\"Tienda\",\"item\":\"https:\\\/\\\/csunitec.com\\\/es\\\/tienda\\\/\"},{\"@type\":\"ListItem\",\"position\":3,\"name\":\"MAB 155PRO\"}]},{\"@type\":\"WebSite\",\"@id\":\"https:\\\/\\\/csunitec.com\\\/es\\\/#website\",\"url\":\"https:\\\/\\\/csunitec.com\\\/es\\\/\",\"name\":\"CS Unitec\",\"description\":\"\",\"potentialAction\":[{\"@type\":\"SearchAction\",\"target\":{\"@type\":\"EntryPoint\",\"urlTemplate\":\"https:\\\/\\\/csunitec.com\\\/es\\\/?s={search_term_string}\"},\"query-input\":{\"@type\":\"PropertyValueSpecification\",\"valueRequired\":true,\"valueName\":\"search_term_string\"}}],\"inLanguage\":\"es\"}]}<\/script>\n<!-- \/ Yoast SEO plugin. -->","yoast_head_json":{"title":"MAB 155PRO - CS Unitec","description":"El MAB 155PRO es un taladro magn\u00e9tico port\u00e1til ultracompacto dise\u00f1ado para taladrar con precisi\u00f3n en espacios reducidos, por encima de la cabeza y de dif\u00edcil acceso. Incluye luz LED.","robots":{"index":"index","follow":"follow","max-snippet":"max-snippet:-1","max-image-preview":"max-image-preview:large","max-video-preview":"max-video-preview:-1"},"canonical":"https:\/\/csunitec.com\/es\/producto\/mab-155pro\/","og_locale":"es_ES","og_type":"article","og_title":"MAB 155PRO - CS Unitec","og_description":"El MAB 155PRO es un taladro magn\u00e9tico port\u00e1til ultracompacto dise\u00f1ado para taladrar con precisi\u00f3n en espacios reducidos, por encima de la cabeza y de dif\u00edcil acceso. Incluye luz LED.","og_url":"https:\/\/csunitec.com\/es\/producto\/mab-155pro\/","og_site_name":"CS Unitec","article_modified_time":"2026-04-30T05:57:09+00:00","og_image":[{"width":1000,"height":1000,"url":"https:\/\/csunitec.com\/wp-content\/uploads\/2025\/04\/MAB-155PRO-1-1-1.png","type":"image\/png"}],"twitter_card":"summary_large_image","twitter_misc":{"Tiempo de lectura":"1 minuto"},"schema":{"@context":"https:\/\/schema.org","@graph":[{"@type":"WebPage","@id":"https:\/\/csunitec.com\/es\/producto\/mab-155pro\/","url":"https:\/\/csunitec.com\/es\/producto\/mab-155pro\/","name":"MAB 155PRO - CS Unitec","isPartOf":{"@id":"https:\/\/csunitec.com\/es\/#website"},"primaryImageOfPage":{"@id":"https:\/\/csunitec.com\/es\/producto\/mab-155pro\/#primaryimage"},"image":{"@id":"https:\/\/csunitec.com\/es\/producto\/mab-155pro\/#primaryimage"},"thumbnailUrl":"https:\/\/csunitec.com\/wp-content\/uploads\/2025\/04\/MAB-155PRO-1-1-1.png","datePublished":"2024-09-20T19:12:00+00:00","dateModified":"2026-04-30T05:57:09+00:00","description":"El MAB 155PRO es un taladro magn\u00e9tico port\u00e1til ultracompacto dise\u00f1ado para taladrar con precisi\u00f3n en espacios reducidos, por encima de la cabeza y de dif\u00edcil acceso. Incluye luz LED.","breadcrumb":{"@id":"https:\/\/csunitec.com\/es\/producto\/mab-155pro\/#breadcrumb"},"inLanguage":"es","potentialAction":[{"@type":"ReadAction","target":["https:\/\/csunitec.com\/es\/producto\/mab-155pro\/"]}]},{"@type":"ImageObject","inLanguage":"es","@id":"https:\/\/csunitec.com\/es\/producto\/mab-155pro\/#primaryimage","url":"https:\/\/csunitec.com\/wp-content\/uploads\/2025\/04\/MAB-155PRO-1-1-1.png","contentUrl":"https:\/\/csunitec.com\/wp-content\/uploads\/2025\/04\/MAB-155PRO-1-1-1.png","width":1000,"height":1000},{"@type":"BreadcrumbList","@id":"https:\/\/csunitec.com\/es\/producto\/mab-155pro\/#breadcrumb","itemListElement":[{"@type":"ListItem","position":1,"name":"Inicio","item":"https:\/\/csunitec.com\/es\/"},{"@type":"ListItem","position":2,"name":"Tienda","item":"https:\/\/csunitec.com\/es\/tienda\/"},{"@type":"ListItem","position":3,"name":"MAB 155PRO"}]},{"@type":"WebSite","@id":"https:\/\/csunitec.com\/es\/#website","url":"https:\/\/csunitec.com\/es\/","name":"CS Unitec","description":"","potentialAction":[{"@type":"SearchAction","target":{"@type":"EntryPoint","urlTemplate":"https:\/\/csunitec.com\/es\/?s={search_term_string}"},"query-input":{"@type":"PropertyValueSpecification","valueRequired":true,"valueName":"search_term_string"}}],"inLanguage":"es"}]}},"_links":{"self":[{"href":"https:\/\/csunitec.com\/es\/wp-json\/wp\/v2\/product\/176858","targetHints":{"allow":["GET"]}}],"collection":[{"href":"https:\/\/csunitec.com\/es\/wp-json\/wp\/v2\/product"}],"about":[{"href":"https:\/\/csunitec.com\/es\/wp-json\/wp\/v2\/types\/product"}],"wp:featuredmedia":[{"embeddable":true,"href":"https:\/\/csunitec.com\/es\/wp-json\/wp\/v2\/media\/176859"}],"wp:attachment":[{"href":"https:\/\/csunitec.com\/es\/wp-json\/wp\/v2\/media?parent=176858"}],"wp:term":[{"taxonomy":"product_brand","embeddable":true,"href":"https:\/\/csunitec.com\/es\/wp-json\/wp\/v2\/product_brand?post=176858"},{"taxonomy":"product_cat","embeddable":true,"href":"https:\/\/csunitec.com\/es\/wp-json\/wp\/v2\/product_cat?post=176858"},{"taxonomy":"product_tag","embeddable":true,"href":"https:\/\/csunitec.com\/es\/wp-json\/wp\/v2\/product_tag?post=176858"},{"taxonomy":"accessory_type","embeddable":true,"href":"https:\/\/csunitec.com\/es\/wp-json\/wp\/v2\/accessory_type?post=176858"},{"taxonomy":"application","embeddable":true,"href":"https:\/\/csunitec.com\/es\/wp-json\/wp\/v2\/application?post=176858"},{"taxonomy":"hand_tool_type","embeddable":true,"href":"https:\/\/csunitec.com\/es\/wp-json\/wp\/v2\/hand_tool_type?post=176858"},{"taxonomy":"industry","embeddable":true,"href":"https:\/\/csunitec.com\/es\/wp-json\/wp\/v2\/industry?post=176858"},{"taxonomy":"material","embeddable":true,"href":"https:\/\/csunitec.com\/es\/wp-json\/wp\/v2\/material?post=176858"},{"taxonomy":"power_tool_type","embeddable":true,"href":"https:\/\/csunitec.com\/es\/wp-json\/wp\/v2\/power_tool_type?post=176858"},{"taxonomy":"power_type","embeddable":true,"href":"https:\/\/csunitec.com\/es\/wp-json\/wp\/v2\/power_type?post=176858"},{"taxonomy":"subcategory","embeddable":true,"href":"https:\/\/csunitec.com\/es\/wp-json\/wp\/v2\/subcategory?post=176858"},{"taxonomy":"tool_type","embeddable":true,"href":"https:\/\/csunitec.com\/es\/wp-json\/wp\/v2\/tool_type?post=176858"}],"curies":[{"name":"wp","href":"https:\/\/api.w.org\/{rel}","templated":true}]}}