{"id":176886,"date":"2024-10-03T19:31:00","date_gmt":"2024-10-03T19:31:00","guid":{"rendered":"https:\/\/stgcsunitec.wpenginepowered.com\/product\/mabasic-400\/"},"modified":"2026-04-27T19:17:25","modified_gmt":"2026-04-27T23:17:25","slug":"mabasic-400","status":"publish","type":"product","link":"https:\/\/csunitec.com\/es\/producto\/mabasic-400\/","title":{"rendered":"MABasic 400"},"content":{"rendered":"<ul>\n<li>MABasic 400 para taladrar agujeros en acero estructural, chapas, vigas y ensamblajes met\u00e1licos.<\/li>\n<li>Ideal para talleres de fabricaci\u00f3n peque\u00f1os y medianos y tareas rutinarias de perforaci\u00f3n.<\/li>\n<li>Perforaci\u00f3n vertical y horizontal en vigas en I, canales y estructuras de acero.<\/li>\n<li>Su dise\u00f1o ligero y port\u00e1til facilita su transporte entre obras o zonas de trabajo elevadas.<\/li>\n<li>Perforaci\u00f3n in situ para reparaci\u00f3n de equipos, modernizaci\u00f3n y mantenimiento de instalaciones.<\/li>\n<li>\u00datil en plantas, almacenes y edificios industriales.<\/li>\n<\/ul>\n","protected":false},"excerpt":{"rendered":"<ul class=\"alexcss\">\n<li>Capacidad de corte: 1-5\/8&#8243; de di\u00e1metro<\/li>\n<li>Capacidad de la broca helicoidal: 5\/8&#8243; de di\u00e1metro<\/li>\n<li>Carrera: 6-1\/3&#8243;, 3-1\/3&#8243; con portabrocas de engranajes<\/li>\n<li>Velocidad: 430\/760 RPM (2 marchas)<\/li>\n<li>Fuerza magn\u00e9tica: 3080 lbs.<\/li>\n<li>Equipado con sensor electr\u00f3nico de desconexi\u00f3n de seguridad<\/li>\n<\/ul>\n<div class=\"alexcss\"><img decoding=\"async\" class=\"producticon lazyload\" data-src=\"https:\/\/csunitec.com\/wp-content\/uploads\/2024\/10\/ICON_MABasic-400.png\" alt=\"\" width=\"349\" height=\"173\" src=\"data:image\/svg+xml;base64,PHN2ZyB3aWR0aD0iMSIgaGVpZ2h0PSIxIiB4bWxucz0iaHR0cDovL3d3dy53My5vcmcvMjAwMC9zdmciPjwvc3ZnPg==\" style=\"--smush-placeholder-width: 349px; --smush-placeholder-aspect-ratio: 349\/173;\"><\/div>\n","protected":false},"featured_media":176887,"template":"","meta":[],"product_brand":[],"product_cat":[935],"product_tag":[941,942],"accessory_type":[],"application":[930],"hand_tool_type":[],"industry":[933],"material":[],"power_tool_type":[934],"power_type":[936],"subcategory":[940],"tool_type":[946],"class_list":{"0":"post-176886","1":"product","2":"type-product","3":"status-publish","4":"has-post-thumbnail","6":"product_cat-taladros","7":"product_tag-taladros-magneticos-electricos","8":"product_tag-taladros-magneticos","9":"application-perforacion-y-fijacion-2","10":"industry-metalurgia-2","11":"power_tool_type-taladro-magnetico","12":"power_type-electrico","13":"subcategory-taladros-magneticos","14":"tool_type-herramienta-electrica","16":"first","17":"instock","18":"shipping-taxable","19":"purchasable","20":"product-type-simple"},"yoast_head":"<!-- This site is optimized with the Yoast SEO plugin v27.5 - https:\/\/yoast.com\/product\/yoast-seo-wordpress\/ -->\n<title>MABasic 400 - CS Unitec<\/title>\n<meta name=\"description\" content=\"El MABasic 400 es un taladro magn\u00e9tico port\u00e1til duradero de dos velocidades dise\u00f1ado para taladrar con precisi\u00f3n en acero y metales estructurales.\" \/>\n<meta name=\"robots\" content=\"index, follow, max-snippet:-1, max-image-preview:large, max-video-preview:-1\" \/>\n<link rel=\"canonical\" href=\"https:\/\/csunitec.com\/es\/producto\/mabasic-400\/\" \/>\n<meta property=\"og:locale\" content=\"es_ES\" \/>\n<meta property=\"og:type\" content=\"article\" \/>\n<meta property=\"og:title\" content=\"MABasic 400 - CS Unitec\" \/>\n<meta property=\"og:description\" content=\"El MABasic 400 es un taladro magn\u00e9tico port\u00e1til duradero de dos velocidades dise\u00f1ado para taladrar con precisi\u00f3n en acero y metales estructurales.\" \/>\n<meta property=\"og:url\" content=\"https:\/\/csunitec.com\/es\/producto\/mabasic-400\/\" \/>\n<meta property=\"og:site_name\" content=\"CS Unitec\" \/>\n<meta property=\"article:modified_time\" content=\"2026-04-27T23:17:25+00:00\" \/>\n<meta property=\"og:image\" content=\"https:\/\/csunitec.com\/wp-content\/uploads\/2025\/04\/MABasic-400-1-2-1.png\" \/>\n\t<meta property=\"og:image:width\" content=\"1000\" \/>\n\t<meta property=\"og:image:height\" content=\"1000\" \/>\n\t<meta property=\"og:image:type\" content=\"image\/png\" \/>\n<meta name=\"twitter:card\" content=\"summary_large_image\" \/>\n<script type=\"application\/ld+json\" class=\"yoast-schema-graph\">{\"@context\":\"https:\\\/\\\/schema.org\",\"@graph\":[{\"@type\":\"WebPage\",\"@id\":\"https:\\\/\\\/csunitec.com\\\/es\\\/producto\\\/mabasic-400\\\/\",\"url\":\"https:\\\/\\\/csunitec.com\\\/es\\\/producto\\\/mabasic-400\\\/\",\"name\":\"MABasic 400 - CS Unitec\",\"isPartOf\":{\"@id\":\"https:\\\/\\\/csunitec.com\\\/es\\\/#website\"},\"primaryImageOfPage\":{\"@id\":\"https:\\\/\\\/csunitec.com\\\/es\\\/producto\\\/mabasic-400\\\/#primaryimage\"},\"image\":{\"@id\":\"https:\\\/\\\/csunitec.com\\\/es\\\/producto\\\/mabasic-400\\\/#primaryimage\"},\"thumbnailUrl\":\"https:\\\/\\\/csunitec.com\\\/wp-content\\\/uploads\\\/2025\\\/04\\\/MABasic-400-1-2-1.png\",\"datePublished\":\"2024-10-03T19:31:00+00:00\",\"dateModified\":\"2026-04-27T23:17:25+00:00\",\"description\":\"El MABasic 400 es un taladro magn\u00e9tico port\u00e1til duradero de dos velocidades dise\u00f1ado para taladrar con precisi\u00f3n en acero y metales estructurales.\",\"breadcrumb\":{\"@id\":\"https:\\\/\\\/csunitec.com\\\/es\\\/producto\\\/mabasic-400\\\/#breadcrumb\"},\"inLanguage\":\"es\",\"potentialAction\":[{\"@type\":\"ReadAction\",\"target\":[\"https:\\\/\\\/csunitec.com\\\/es\\\/producto\\\/mabasic-400\\\/\"]}]},{\"@type\":\"ImageObject\",\"inLanguage\":\"es\",\"@id\":\"https:\\\/\\\/csunitec.com\\\/es\\\/producto\\\/mabasic-400\\\/#primaryimage\",\"url\":\"https:\\\/\\\/csunitec.com\\\/wp-content\\\/uploads\\\/2025\\\/04\\\/MABasic-400-1-2-1.png\",\"contentUrl\":\"https:\\\/\\\/csunitec.com\\\/wp-content\\\/uploads\\\/2025\\\/04\\\/MABasic-400-1-2-1.png\",\"width\":1000,\"height\":1000},{\"@type\":\"BreadcrumbList\",\"@id\":\"https:\\\/\\\/csunitec.com\\\/es\\\/producto\\\/mabasic-400\\\/#breadcrumb\",\"itemListElement\":[{\"@type\":\"ListItem\",\"position\":1,\"name\":\"Inicio\",\"item\":\"https:\\\/\\\/csunitec.com\\\/es\\\/\"},{\"@type\":\"ListItem\",\"position\":2,\"name\":\"Tienda\",\"item\":\"https:\\\/\\\/csunitec.com\\\/es\\\/tienda\\\/\"},{\"@type\":\"ListItem\",\"position\":3,\"name\":\"MABasic 400\"}]},{\"@type\":\"WebSite\",\"@id\":\"https:\\\/\\\/csunitec.com\\\/es\\\/#website\",\"url\":\"https:\\\/\\\/csunitec.com\\\/es\\\/\",\"name\":\"CS Unitec\",\"description\":\"\",\"potentialAction\":[{\"@type\":\"SearchAction\",\"target\":{\"@type\":\"EntryPoint\",\"urlTemplate\":\"https:\\\/\\\/csunitec.com\\\/es\\\/?s={search_term_string}\"},\"query-input\":{\"@type\":\"PropertyValueSpecification\",\"valueRequired\":true,\"valueName\":\"search_term_string\"}}],\"inLanguage\":\"es\"}]}<\/script>\n<!-- \/ Yoast SEO plugin. -->","yoast_head_json":{"title":"MABasic 400 - CS Unitec","description":"El MABasic 400 es un taladro magn\u00e9tico port\u00e1til duradero de dos velocidades dise\u00f1ado para taladrar con precisi\u00f3n en acero y metales estructurales.","robots":{"index":"index","follow":"follow","max-snippet":"max-snippet:-1","max-image-preview":"max-image-preview:large","max-video-preview":"max-video-preview:-1"},"canonical":"https:\/\/csunitec.com\/es\/producto\/mabasic-400\/","og_locale":"es_ES","og_type":"article","og_title":"MABasic 400 - CS Unitec","og_description":"El MABasic 400 es un taladro magn\u00e9tico port\u00e1til duradero de dos velocidades dise\u00f1ado para taladrar con precisi\u00f3n en acero y metales estructurales.","og_url":"https:\/\/csunitec.com\/es\/producto\/mabasic-400\/","og_site_name":"CS Unitec","article_modified_time":"2026-04-27T23:17:25+00:00","og_image":[{"width":1000,"height":1000,"url":"https:\/\/csunitec.com\/wp-content\/uploads\/2025\/04\/MABasic-400-1-2-1.png","type":"image\/png"}],"twitter_card":"summary_large_image","schema":{"@context":"https:\/\/schema.org","@graph":[{"@type":"WebPage","@id":"https:\/\/csunitec.com\/es\/producto\/mabasic-400\/","url":"https:\/\/csunitec.com\/es\/producto\/mabasic-400\/","name":"MABasic 400 - CS Unitec","isPartOf":{"@id":"https:\/\/csunitec.com\/es\/#website"},"primaryImageOfPage":{"@id":"https:\/\/csunitec.com\/es\/producto\/mabasic-400\/#primaryimage"},"image":{"@id":"https:\/\/csunitec.com\/es\/producto\/mabasic-400\/#primaryimage"},"thumbnailUrl":"https:\/\/csunitec.com\/wp-content\/uploads\/2025\/04\/MABasic-400-1-2-1.png","datePublished":"2024-10-03T19:31:00+00:00","dateModified":"2026-04-27T23:17:25+00:00","description":"El MABasic 400 es un taladro magn\u00e9tico port\u00e1til duradero de dos velocidades dise\u00f1ado para taladrar con precisi\u00f3n en acero y metales estructurales.","breadcrumb":{"@id":"https:\/\/csunitec.com\/es\/producto\/mabasic-400\/#breadcrumb"},"inLanguage":"es","potentialAction":[{"@type":"ReadAction","target":["https:\/\/csunitec.com\/es\/producto\/mabasic-400\/"]}]},{"@type":"ImageObject","inLanguage":"es","@id":"https:\/\/csunitec.com\/es\/producto\/mabasic-400\/#primaryimage","url":"https:\/\/csunitec.com\/wp-content\/uploads\/2025\/04\/MABasic-400-1-2-1.png","contentUrl":"https:\/\/csunitec.com\/wp-content\/uploads\/2025\/04\/MABasic-400-1-2-1.png","width":1000,"height":1000},{"@type":"BreadcrumbList","@id":"https:\/\/csunitec.com\/es\/producto\/mabasic-400\/#breadcrumb","itemListElement":[{"@type":"ListItem","position":1,"name":"Inicio","item":"https:\/\/csunitec.com\/es\/"},{"@type":"ListItem","position":2,"name":"Tienda","item":"https:\/\/csunitec.com\/es\/tienda\/"},{"@type":"ListItem","position":3,"name":"MABasic 400"}]},{"@type":"WebSite","@id":"https:\/\/csunitec.com\/es\/#website","url":"https:\/\/csunitec.com\/es\/","name":"CS Unitec","description":"","potentialAction":[{"@type":"SearchAction","target":{"@type":"EntryPoint","urlTemplate":"https:\/\/csunitec.com\/es\/?s={search_term_string}"},"query-input":{"@type":"PropertyValueSpecification","valueRequired":true,"valueName":"search_term_string"}}],"inLanguage":"es"}]}},"_links":{"self":[{"href":"https:\/\/csunitec.com\/es\/wp-json\/wp\/v2\/product\/176886","targetHints":{"allow":["GET"]}}],"collection":[{"href":"https:\/\/csunitec.com\/es\/wp-json\/wp\/v2\/product"}],"about":[{"href":"https:\/\/csunitec.com\/es\/wp-json\/wp\/v2\/types\/product"}],"wp:featuredmedia":[{"embeddable":true,"href":"https:\/\/csunitec.com\/es\/wp-json\/wp\/v2\/media\/176887"}],"wp:attachment":[{"href":"https:\/\/csunitec.com\/es\/wp-json\/wp\/v2\/media?parent=176886"}],"wp:term":[{"taxonomy":"product_brand","embeddable":true,"href":"https:\/\/csunitec.com\/es\/wp-json\/wp\/v2\/product_brand?post=176886"},{"taxonomy":"product_cat","embeddable":true,"href":"https:\/\/csunitec.com\/es\/wp-json\/wp\/v2\/product_cat?post=176886"},{"taxonomy":"product_tag","embeddable":true,"href":"https:\/\/csunitec.com\/es\/wp-json\/wp\/v2\/product_tag?post=176886"},{"taxonomy":"accessory_type","embeddable":true,"href":"https:\/\/csunitec.com\/es\/wp-json\/wp\/v2\/accessory_type?post=176886"},{"taxonomy":"application","embeddable":true,"href":"https:\/\/csunitec.com\/es\/wp-json\/wp\/v2\/application?post=176886"},{"taxonomy":"hand_tool_type","embeddable":true,"href":"https:\/\/csunitec.com\/es\/wp-json\/wp\/v2\/hand_tool_type?post=176886"},{"taxonomy":"industry","embeddable":true,"href":"https:\/\/csunitec.com\/es\/wp-json\/wp\/v2\/industry?post=176886"},{"taxonomy":"material","embeddable":true,"href":"https:\/\/csunitec.com\/es\/wp-json\/wp\/v2\/material?post=176886"},{"taxonomy":"power_tool_type","embeddable":true,"href":"https:\/\/csunitec.com\/es\/wp-json\/wp\/v2\/power_tool_type?post=176886"},{"taxonomy":"power_type","embeddable":true,"href":"https:\/\/csunitec.com\/es\/wp-json\/wp\/v2\/power_type?post=176886"},{"taxonomy":"subcategory","embeddable":true,"href":"https:\/\/csunitec.com\/es\/wp-json\/wp\/v2\/subcategory?post=176886"},{"taxonomy":"tool_type","embeddable":true,"href":"https:\/\/csunitec.com\/es\/wp-json\/wp\/v2\/tool_type?post=176886"}],"curies":[{"name":"wp","href":"https:\/\/api.w.org\/{rel}","templated":true}]}}